{"id":11639,"date":"2019-04-30T10:36:58","date_gmt":"2019-04-30T10:36:58","guid":{"rendered":"https:\/\/experiencekrk.com\/pustolovsko-potovanje\/ronilacki-centri\/"},"modified":"2020-03-31T11:44:09","modified_gmt":"2020-03-31T11:44:09","slug":"potapljaski-centri","status":"publish","type":"page","link":"https:\/\/experiencekrk.com\/sl\/pustolovsko-potovanje\/potapljaski-centri\/","title":{"rendered":"Potaplja\u0161ki centri"},"content":{"rendered":"<p>[vc_row][vc_column]<div class=\"mkdf-section-title-holder\">\n\t<h1 class=\"mkdf-section-title mkdf-section-title-medium\" >\n\tPotaplja\u0161ki center v mestu Krk<\/h1>\n<\/div>[vc_column_text css=&#8221;.vc_custom_1585654560423{padding-bottom: 20px !important;}&#8221;]Kristalno \u010disto morje okoli otoka Krk je polno rib, morskega \u017eivljenja, skritih zalivov in potopljenih ladijskih razbitin. Izku\u0161eni potaplja\u010di vas bodo odpeljali na pot v raziskovanje tega \u010dudovitega podvodnega sveta in na\u0161li potopljene ladijske razbitine, kot je gr\u0161ka ladja Peltastis, ki je v 1860-ih potonila blizu \u0160ila. \u010ce niste izku\u0161en potaplja\u010d, si lahko rezervirate lekcije potapljanja v enem od razli\u010dnih potaplja\u0161kih centrov na otoku.[\/vc_column_text][vc_row_inner][vc_column_inner width=&#8221;1\/2&#8243;][vc_column_text css=&#8221;.vc_custom_1585654787856{padding-bottom: 10px !important;}&#8221;]<b>Potaplja\u0161ki klubi<\/b>[\/vc_column_text][vc_column_text]<strong><b>Potaplja\u0161ki klub<\/b> BIOS<\/strong><br \/>\nMob: <a href=\"tel:+385915053391\">+385 91 505 3391<\/a><br \/>\nNaslov: Senjska bb, 51500 Krk<\/p>\n<p><strong><b>Potaplja\u0161ki klub<\/b> PINE DIVER<\/strong><br \/>\nTel: <a href=\"tel:+38551863039\">+385 51 863 039<\/a><br \/>\nMob: <a href=\"tel:+38598408175\">+385 98 408 175<\/a><br \/>\nE-mail: <a href=\"mailto:pine_diver@yahoo.com\">pine_diver@yahoo.com<\/a><br \/>\nNaslov: Vr\u0161ak 66, Pinezi\u0107, 51500 Krk[\/vc_column_text][\/vc_column_inner][vc_column_inner width=&#8221;1\/2&#8243;][vc_single_image image=&#8221;4149&#8243; img_size=&#8221;full&#8221;][\/vc_column_inner][\/vc_row_inner][vc_empty_space][\/vc_column][\/vc_row][vc_row][vc_column offset=&#8221;vc_hidden-sm vc_hidden-xs&#8221;][vc_column_text css=&#8221;.vc_custom_1585654835527{padding-bottom: 10px !important;}&#8221;]<\/p>\n<h4><strong>Potaplja\u0161ki centri<\/strong><\/h4>\n<p>[\/vc_column_text][vc_row_inner][vc_column_inner width=&#8221;1\/2&#8243;][vc_single_image image=&#8221;6094&#8243; img_size=&#8221;full&#8221;][\/vc_column_inner][vc_column_inner width=&#8221;1\/2&#8243;][vc_column_text]<strong>Diver Krk<\/strong><br \/>\nTel: <a href=\"tel:+38551222390\">+385 51 222 390<\/a><br \/>\nMob: <a href=\"tel:+385912222390\">+385 91 2222 390<\/a><br \/>\nNaslov: Bra\u0107e Juras 9, 51500 Krk<br \/>\nE-mail:\u00a0<a href=\"mailto:info@diver-krk.hr\">info@diver-krk.hr<\/a><br \/>\n<a href=\"http:\/\/www.diver-krk.hr\/\" target=\"_blank\" rel=\"noopener noreferrer\">www.diver-krk.hr<\/a><\/p>\n<p><strong><br \/>\nFun Diving Krk<\/strong><br \/>\nTel: <a href=\"tel:+38551222563\">+385 51 222 563<\/a><br \/>\nNaslov: Bra\u0107e Juras 3, 51500 Krk<br \/>\nE-mail:\u00a0<a href=\"mailto:info@fundivingkrk.de\">info@fundivingkrk.de<\/a><br \/>\n<a href=\"http:\/\/www.fun-diving.com\/\" target=\"_blank\" rel=\"noopener noreferrer\">www.fun-diving.com<\/a>[\/vc_column_text][\/vc_column_inner][\/vc_row_inner][vc_empty_space][\/vc_column][\/vc_row][vc_row][vc_column offset=&#8221;vc_hidden-lg vc_hidden-md&#8221;][vc_row_inner][vc_column_inner width=&#8221;1\/2&#8243;][vc_column_text]<strong>Diver Krk<\/strong><br \/>\nTel: <a href=\"tel:+38551222390\">+385 51 222 390<\/a><br \/>\nMob: <a href=\"tel:+385912222390\">+385 91 2222 390<\/a><br \/>\nNaslov: Bra\u0107e Juras 9, 51500 Krk<br \/>\nE-mail:\u00a0<a href=\"mailto:info@diver-krk.hr\">info@diver-krk.hr<\/a><br \/>\n<a href=\"http:\/\/www.diver-krk.hr\/\" target=\"_blank\" rel=\"noopener noreferrer\">www.diver-krk.hr<\/a><\/p>\n<p><strong><br \/>\nFun Diving Krk<\/strong><br \/>\nTel: <a href=\"tel:+38551222563\">+385 51 222 563<\/a><br \/>\nNaslov: Bra\u0107e Juras 3, 51500 Krk<br \/>\nE-mail:\u00a0<a href=\"mailto:info@fundivingkrk.de\">info@fundivingkrk.de<\/a><br \/>\n<a href=\"http:\/\/www.fun-diving.com\/\" target=\"_blank\" rel=\"noopener noreferrer\">www.fun-diving.com<\/a>[\/vc_column_text][\/vc_column_inner][vc_column_inner width=&#8221;1\/2&#8243;][vc_single_image image=&#8221;5881&#8243; img_size=&#8221;full&#8221;][\/vc_column_inner][\/vc_row_inner][vc_empty_space][\/vc_column][\/vc_row][vc_row][vc_column][vc_row_inner][vc_column_inner width=&#8221;1\/2&#8243;][vc_column_text]<strong>Correct Diving Krk<\/strong><br \/>\nTel: <a href=\"tel:+38551862148\">+385 51 862 148<\/a><br \/>\nMob: <a href=\"tel:+385917964656\">+385 91 796 4656<\/a><br \/>\nNaslov: Brzac 33, 51500 Krk<br \/>\nE-mail:\u00a0<a href=\"mailto:kontakt@correct-diving.com\">kontakt@correct-diving.com<\/a><br \/>\n<a href=\"http:\/\/www.correct-diving.com\/\" target=\"_blank\" rel=\"noopener noreferrer\">www.correct-diving.com<\/a><\/p>\n<p><strong>Riba T<\/strong><br \/>\nTel: <a href=\"tel:+38551863222\">+385 51 863 222<\/a><br \/>\nMob: <a href=\"tel: +385915301692\">+385 91 530 16 92<\/a><br \/>\nNaslov: Put sv. Fuske 19, Pinezi\u0107, 51500 Krk<br \/>\nE-mail:\u00a0<a href=\"mailto:anton.zuzic1@ri.t-com.hr\">anton.zuzic1@ri.t-com.hr<\/a><br \/>\n<a href=\"http:\/\/www.diving-zuzic.com\/\" target=\"_blank\" rel=\"noopener noreferrer\">www.diving-zuzic.com<\/a>[\/vc_column_text][\/vc_column_inner][vc_column_inner width=&#8221;1\/2&#8243;][vc_single_image image=&#8221;5880&#8243; img_size=&#8221;full&#8221;][\/vc_column_inner][\/vc_row_inner][vc_empty_space][\/vc_column][\/vc_row][vc_row][vc_column offset=&#8221;vc_hidden-sm vc_hidden-xs&#8221;][vc_row_inner][vc_column_inner width=&#8221;1\/2&#8243;][vc_single_image image=&#8221;6093&#8243; img_size=&#8221;full&#8221;][\/vc_column_inner][vc_column_inner width=&#8221;1\/2&#8243;][vc_column_text]<strong>Potaplja\u0161ki center Brodogradili\u0161te Krk\u00a0<\/strong><br \/>\nTel: <a href=\"tel:+38551221045\">+385 51 221 045\u00a0<\/a><br \/>\nMob: <a href=\"tel:+385919334837\">+385 91 933 4837<\/a>, \u00a0<a href=\"tel:+385995638036\">+385 99 563 8036<\/a><br \/>\nE-mail:\u00a0 <a href=\"mailto:dariodminic@yahoo.com\">dariodminic@yahoo.com<\/a>; <a href=\"mailto:diving.kozic@gmail.com\">diving.kozic@gmail.com<\/a><br \/>\nWeb: <a href=\"http:\/\/www.brodogradiliste-krk.hr\" target=\"_blank\" rel=\"noopener noreferrer\">www.brodogradiliste-krk.hr<\/a><br \/>\nNaslov: Lukobran 10, 51500 Krk<\/p>\n<p><strong>Potaplja\u0161ki center Krk<\/strong><br \/>\nTel: <a href=\"tel:+38551867303\">+385 51 867 303\u00a0<\/a><br \/>\nMob: <a href=\"tel:+385989059476\">+385 98 905 9476<\/a><br \/>\nE-mail: <a href=\"mailto:info\u00a9dive-center-krk.de\">info\u00a9dive-center-krk.de<\/a><br \/>\nWeb: <a href=\"http:\/\/www.dive-center-krk.de\" target=\"_blank\" rel=\"noopener noreferrer\">www.dive-center-krk.de<\/a><br \/>\nNaslov: Dunat 50, 51517 Korni\u0107[\/vc_column_text][\/vc_column_inner][\/vc_row_inner][vc_empty_space][\/vc_column][\/vc_row][vc_row][vc_column offset=&#8221;vc_hidden-lg vc_hidden-md&#8221;][vc_row_inner][vc_column_inner width=&#8221;1\/2&#8243;][vc_column_text]<strong>Potaplja\u0161ki center Brodogradili\u0161te Krk\u00a0<\/strong><br \/>\nTel: <a href=\"tel:+38551221045\">+385 51 221 045\u00a0<\/a><br \/>\nMob: <a href=\"tel:+385919334837\">+385 91 933 4837<\/a>, \u00a0<a href=\"tel:+385995638036\">+385 99 563 8036<\/a><br \/>\nE-mail:\u00a0 <a href=\"mailto:dariodminic@yahoo.com\">dariodminic@yahoo.com<\/a>; <a href=\"mailto:diving.kozic@gmail.com\">diving.kozic@gmail.com<\/a><br \/>\nWeb: <a href=\"http:\/\/www.brodogradiliste-krk.hr\" target=\"_blank\" rel=\"noopener noreferrer\">www.brodogradiliste-krk.hr<\/a><br \/>\nNaslov: Lukobran 10, 51500 Krk<\/p>\n<p><strong>Potaplja\u0161ki center Krk<\/strong><br \/>\nTel: <a href=\"tel:+38551867303\">+385 51 867 303\u00a0<\/a><br \/>\nMob: <a href=\"tel:+385989059476\">+385 98 905 9476<\/a><br \/>\nE-mail: <a href=\"mailto:info\u00a9dive-center-krk.de\">info\u00a9dive-center-krk.de<\/a><br \/>\nWeb: <a href=\"http:\/\/www.dive-center-krk.de\" target=\"_blank\" rel=\"noopener noreferrer\">www.dive-center-krk.de<\/a><br \/>\nNaslov: Dunat 50, 51517 Korni\u0107[\/vc_column_text][\/vc_column_inner][vc_column_inner width=&#8221;1\/2&#8243;][vc_single_image image=&#8221;6093&#8243; img_size=&#8221;full&#8221;][\/vc_column_inner][\/vc_row_inner][vc_empty_space][\/vc_column][\/vc_row][vc_row][vc_column][vc_row_inner][vc_column_inner width=&#8221;1\/2&#8243;][vc_column_text]<strong>Morski mjehuri\u0107<\/strong><br \/>\nMob: <a href=\"tel:+385915208003\">+385 91 520 8003<\/a><br \/>\nTel: <a href=\"tel:+36209343396\">+362 09 343 396<\/a><br \/>\nE-mail:<a href=\"mailto:buborek@buborek.hu\"> buborek@buborek.hu<\/a>; <a href=\"mailto:gezabububorek@gmail.com\">gezabububorek@gmail.com<\/a><br \/>\nWeb: <a href=\"http:\/\/www.buborek.hu\" target=\"_blank\" rel=\"noopener noreferrer\">www.buborek.hu<\/a><br \/>\nNaslov: Bra\u0107e Linardi\u0107a 6, 51500 Krk<\/p>\n<p><strong>Styria-guenisdiving-center<br \/>\n<\/strong>Tel: <a href=\"tel:+38551221945\">+385 51 221 945<\/a><strong><br \/>\n<\/strong>Mob: <a href=\"tel:+385989152109\">+385 98 91 52 109 <\/a>\u00a0(Austria): <a href=\"tel:+436643116004\">+43 664 311 6004<\/a><br \/>\nE-mail: <a href=\"mailto:info@styria-guenisdiving-group.com\">info@styria-guenisdiving-group.com<\/a><br \/>\nWeb: <a href=\"http:\/\/www.styria-guenisdiving-center.com\" target=\"_blank\" rel=\"noopener noreferrer\">www.styria-guenisdiving-center.com<\/a><br \/>\nNaslov: Dubrova\u010dka 10, 51500 Krk[\/vc_column_text][\/vc_column_inner][vc_column_inner width=&#8221;1\/2&#8243;][vc_single_image image=&#8221;6091&#8243; img_size=&#8221;full&#8221;][\/vc_column_inner][\/vc_row_inner][vc_empty_space][\/vc_column][\/vc_row]<\/p>\n","protected":false},"excerpt":{"rendered":"<p>[vc_row][vc_column][vc_column_text css=&#8221;.vc_custom_1585654560423{padding-bottom: 20px !important;}&#8221;]Kristalno \u010disto morje okoli otoka Krk je polno rib, morskega \u017eivljenja, skritih zalivov in potopljenih ladijskih razbitin. Izku\u0161eni potaplja\u010di vas bodo odpeljali na pot v raziskovanje tega \u010dudovitega podvodnega sveta in na\u0161li potopljene ladijske razbitine, kot je gr\u0161ka ladja Peltastis, ki je v 1860-ih potonila blizu \u0160ila. \u010ce niste izku\u0161en potaplja\u010d, si lahko rezervirate lekcije potapljanja v enem od razli\u010dnih potaplja\u0161kih centrov na otoku.[\/vc_column_text][vc_row_inner][vc_column_inner width=&#8221;1\/2&#8243;][vc_column_text css=&#8221;.vc_custom_1585654787856{padding-bottom: 10px !important;}&#8221;]Potaplja\u0161ki klubi[\/vc_column_text][vc_column_text]Potaplja\u0161ki klub BIOS Mob: +385 91 505 3391 Naslov: Senjska bb, 51500 Krk Potaplja\u0161ki klub PINE DIVER Tel: +385&#8230;<\/p>\n","protected":false},"author":1,"featured_media":0,"parent":10965,"menu_order":0,"comment_status":"closed","ping_status":"closed","template":"","meta":[],"yoast_head":"<!-- This site is optimized with the Yoast SEO plugin v16.0.1 - https:\/\/yoast.com\/wordpress\/plugins\/seo\/ -->\n<title>Potaplja\u0161ki centri - Experience Krk<\/title>\n<link rel=\"canonical\" href=\"https:\/\/experiencekrk.com\/sl\/pustolovsko-potovanje\/potapljaski-centri\/\" \/>\n<meta property=\"og:locale\" content=\"sl_SI\" \/>\n<meta property=\"og:type\" content=\"article\" \/>\n<meta property=\"og:title\" content=\"Potaplja\u0161ki centri - Experience Krk\" \/>\n<meta property=\"og:description\" content=\"[vc_row][vc_column][vc_column_text css=&#8221;.vc_custom_1585654560423{padding-bottom: 20px !important;}&#8221;]Kristalno \u010disto morje okoli otoka Krk je polno rib, morskega \u017eivljenja, skritih zalivov in potopljenih ladijskih razbitin. Izku\u0161eni potaplja\u010di vas bodo odpeljali na pot v raziskovanje tega \u010dudovitega podvodnega sveta in na\u0161li potopljene ladijske razbitine, kot je gr\u0161ka ladja Peltastis, ki je v 1860-ih potonila blizu \u0160ila. \u010ce niste izku\u0161en potaplja\u010d, si lahko rezervirate lekcije potapljanja v enem od razli\u010dnih potaplja\u0161kih centrov na otoku.[\/vc_column_text][vc_row_inner][vc_column_inner width=&#8221;1\/2&#8243;][vc_column_text css=&#8221;.vc_custom_1585654787856{padding-bottom: 10px !important;}&#8221;]Potaplja\u0161ki klubi[\/vc_column_text][vc_column_text]Potaplja\u0161ki klub BIOS Mob: +385 91 505 3391 Naslov: Senjska bb, 51500 Krk Potaplja\u0161ki klub PINE DIVER Tel: +385...\" \/>\n<meta property=\"og:url\" content=\"https:\/\/experiencekrk.com\/sl\/pustolovsko-potovanje\/potapljaski-centri\/\" \/>\n<meta property=\"og:site_name\" content=\"Experience Krk\" \/>\n<meta property=\"article:modified_time\" content=\"2020-03-31T11:44:09+00:00\" \/>\n<meta name=\"twitter:card\" content=\"summary_large_image\" \/>\n<meta name=\"twitter:label1\" content=\"Est. reading time\">\n\t<meta name=\"twitter:data1\" content=\"4 minute\">\n<script type=\"application\/ld+json\" class=\"yoast-schema-graph\">{\"@context\":\"https:\/\/schema.org\",\"@graph\":[{\"@type\":\"WebSite\",\"@id\":\"https:\/\/experiencekrk.com\/#website\",\"url\":\"https:\/\/experiencekrk.com\/\",\"name\":\"Experience Krk\",\"description\":\"Cultural Tours, Food &amp; Wine and more\",\"potentialAction\":[{\"@type\":\"SearchAction\",\"target\":\"https:\/\/experiencekrk.com\/?s={search_term_string}\",\"query-input\":\"required name=search_term_string\"}],\"inLanguage\":\"sl-SI\"},{\"@type\":\"WebPage\",\"@id\":\"https:\/\/experiencekrk.com\/sl\/pustolovsko-potovanje\/potapljaski-centri\/#webpage\",\"url\":\"https:\/\/experiencekrk.com\/sl\/pustolovsko-potovanje\/potapljaski-centri\/\",\"name\":\"Potaplja\\u0161ki centri - Experience Krk\",\"isPartOf\":{\"@id\":\"https:\/\/experiencekrk.com\/#website\"},\"datePublished\":\"2019-04-30T10:36:58+00:00\",\"dateModified\":\"2020-03-31T11:44:09+00:00\",\"breadcrumb\":{\"@id\":\"https:\/\/experiencekrk.com\/sl\/pustolovsko-potovanje\/potapljaski-centri\/#breadcrumb\"},\"inLanguage\":\"sl-SI\",\"potentialAction\":[{\"@type\":\"ReadAction\",\"target\":[\"https:\/\/experiencekrk.com\/sl\/pustolovsko-potovanje\/potapljaski-centri\/\"]}]},{\"@type\":\"BreadcrumbList\",\"@id\":\"https:\/\/experiencekrk.com\/sl\/pustolovsko-potovanje\/potapljaski-centri\/#breadcrumb\",\"itemListElement\":[{\"@type\":\"ListItem\",\"position\":1,\"item\":{\"@type\":\"WebPage\",\"@id\":\"https:\/\/experiencekrk.com\/sl\/\",\"url\":\"https:\/\/experiencekrk.com\/sl\/\",\"name\":\"Home\"}},{\"@type\":\"ListItem\",\"position\":2,\"item\":{\"@type\":\"WebPage\",\"@id\":\"https:\/\/experiencekrk.com\/sl\/pustolovsko-potovanje\/\",\"url\":\"https:\/\/experiencekrk.com\/sl\/pustolovsko-potovanje\/\",\"name\":\"Pustolovsko potovanje\"}},{\"@type\":\"ListItem\",\"position\":3,\"item\":{\"@type\":\"WebPage\",\"@id\":\"https:\/\/experiencekrk.com\/sl\/pustolovsko-potovanje\/potapljaski-centri\/\",\"url\":\"https:\/\/experiencekrk.com\/sl\/pustolovsko-potovanje\/potapljaski-centri\/\",\"name\":\"Potaplja\\u0161ki centri\"}}]}]}<\/script>\n<!-- \/ Yoast SEO plugin. -->","_links":{"self":[{"href":"https:\/\/experiencekrk.com\/sl\/wp-json\/wp\/v2\/pages\/11639"}],"collection":[{"href":"https:\/\/experiencekrk.com\/sl\/wp-json\/wp\/v2\/pages"}],"about":[{"href":"https:\/\/experiencekrk.com\/sl\/wp-json\/wp\/v2\/types\/page"}],"author":[{"embeddable":true,"href":"https:\/\/experiencekrk.com\/sl\/wp-json\/wp\/v2\/users\/1"}],"replies":[{"embeddable":true,"href":"https:\/\/experiencekrk.com\/sl\/wp-json\/wp\/v2\/comments?post=11639"}],"version-history":[{"count":2,"href":"https:\/\/experiencekrk.com\/sl\/wp-json\/wp\/v2\/pages\/11639\/revisions"}],"predecessor-version":[{"id":11648,"href":"https:\/\/experiencekrk.com\/sl\/wp-json\/wp\/v2\/pages\/11639\/revisions\/11648"}],"up":[{"embeddable":true,"href":"https:\/\/experiencekrk.com\/sl\/wp-json\/wp\/v2\/pages\/10965"}],"wp:attachment":[{"href":"https:\/\/experiencekrk.com\/sl\/wp-json\/wp\/v2\/media?parent=11639"}],"curies":[{"name":"wp","href":"https:\/\/api.w.org\/{rel}","templated":true}]}}