{"id":11631,"date":"2019-04-15T17:30:08","date_gmt":"2019-04-15T17:30:08","guid":{"rendered":"https:\/\/experiencekrk.com\/zgodovina-kultura\/temple-of-venus\/"},"modified":"2020-03-31T11:38:54","modified_gmt":"2020-03-31T11:38:54","slug":"temple-of-venus","status":"publish","type":"page","link":"https:\/\/experiencekrk.com\/sl\/zgodovina-kultura\/temple-of-venus\/","title":{"rendered":"Tempelj Venere"},"content":{"rendered":"<p>[vc_row][vc_column]<div class=\"mkdf-section-title-holder\">\n\t<h1 class=\"mkdf-section-title mkdf-section-title-medium\" >\n\tTempelj Venere<\/h1>\n<\/div>[vc_column_text]<span style=\"font-weight: 400;\">Ostanke starodavnega templja Venere lahko vidite v trgovini Memento, v starem mestnem jedru Krka. Ostanke templja je mogo\u010de videti skozi stekleno dno v trgovini.<\/span><\/p>\n<p><span style=\"font-weight: 400;\">Venera je bila rimska boginja ljubezni, lepote in poroke. V rimskem cesarstvu je bilo \u0161tevilo templjev, ki so bili posve\u010deni Veneri, znatno manj\u0161e v primerjavi s \u0161tevilom templjev, ki so bili zgrajeni v \u010dast drugim rimskim bogovom. Zato je ta tempelj, ki izvira iz 1. stoletja pred na\u0161im \u0161tetjem, edini tempelj, posve\u010den boginji Veneri na vzhodni strani Jadrana (od Gr\u010dije do Italije), kar mu daje \u0161e ve\u010djo spektakularnost.<\/span>[\/vc_column_text][vc_empty_space]<div class=\"mkdf-image-gallery\">\n    <div class=\"mkdf-image-gallery-grid mkdf-gallery-columns-2 \">\n                    <div class=\"mkdf-gallery-image\">\n                <div class=\"mkdf-hover-holder\">\n                \t\n                                                                        <img src=\"https:\/\/experiencekrk.com\/wp-content\/uploads\/2019\/04\/City-of-Krk-Temple-of-Venus-600x400.jpg\" alt=\"\" width=\"600\" height=\"400\" \/>                        \t\t\t\t\t                <\/div>\n            <\/div>\n                    <div class=\"mkdf-gallery-image\">\n                <div class=\"mkdf-hover-holder\">\n                \t\n                                                                        <img src=\"https:\/\/experiencekrk.com\/wp-content\/uploads\/2019\/04\/City-of-Krk-ancient-altar-at-caffe-bar-Volsonis-600x400.jpg\" alt=\"the historical tours of Krk and its rich historical heritage from the ancient Europe times\" width=\"600\" height=\"400\" \/>                        \t\t\t\t\t                <\/div>\n            <\/div>\n            <\/div>\n<\/div>[vc_column_text][\/vc_column_text][\/vc_column][\/vc_row][vc_row][vc_column][vc_empty_space]<div class=\"mkdf-separator-holder clearfix  mkdf-separator-center mkdf-separator-full-width\">\n\t<div class=\"mkdf-separator\" style=\"border-color: #ebebeb;border-style: solid;border-bottom-width: 1px;margin-top: 20px;margin-bottom: 45px\"><\/div>\n<\/div>\n<div class=\"mkdf-section-title-holder\">\n\t<h1 class=\"mkdf-section-title mkdf-section-title-small\" >\n\tKontakt<\/h1>\n<\/div>[vc_row_inner][vc_column_inner width=&#8221;1\/4&#8243;][vc_column_text]<strong>Tempelj Venere<br \/>\n<\/strong>(znotraj trgovine Memento)<\/p>\n<p>Telefon: <a href=\"tel:+38551520662\">+385 51 520 662<\/a><br \/>\nE-posta: <a href=\"mailto:info@memento-venerem.com\">info@memento-venerem.com<\/a><br \/>\nNaslov: A. Mahni\u0107a 3, 51500 Krk[\/vc_column_text][\/vc_column_inner][vc_column_inner width=&#8221;3\/4&#8243;][vc_raw_html]JTNDaWZyYW1lJTIwc3JjJTNEJTIyaHR0cHMlM0ElMkYlMkZ3d3cuZ29vZ2xlLmNvbSUyRm1hcHMlMkZlbWJlZCUzRnBiJTNEJTIxMW0xOCUyMTFtMTIlMjExbTMlMjExZDEwMzQzLjk3NDIzMTczMzQ3MSUyMTJkMTQuNTY5MTAwNzkzODMzMTc4JTIxM2Q0NS4wMjM5OTY5NzQ1NzYxJTIxMm0zJTIxMWYwJTIxMmYwJTIxM2YwJTIxM20yJTIxMWkxMDI0JTIxMmk3NjglMjE0ZjEzLjElMjEzbTMlMjExbTIlMjExczB4MCUyNTNBMHhlOGJhOGQ1MTdlMDRkYTcwJTIxMnNULk8uJTJCTWVtZW50byUyMTVlMCUyMTNtMiUyMTFzZW4lMjEyc2hyJTIxNHYxNTU1MzQ5NjE0ODQ0JTIxNW0yJTIxMXNlbiUyMTJzaHIlMjIlMjB3aWR0aCUzRCUyMjk4MCUyMiUyMGhlaWdodCUzRCUyMjM1MCUyMiUyMGZyYW1lYm9yZGVyJTNEJTIyMCUyMiUyMHN0eWxlJTNEJTIyYm9yZGVyJTNBMCUyMiUyMGFsbG93ZnVsbHNjcmVlbiUzRSUzQyUyRmlmcmFtZSUzRQ==[\/vc_raw_html][\/vc_column_inner][\/vc_row_inner][\/vc_column][\/vc_row]<\/p>\n","protected":false},"excerpt":{"rendered":"<p>[vc_row][vc_column][vc_column_text]Ostanke starodavnega templja Venere lahko vidite v trgovini Memento, v starem mestnem jedru Krka. Ostanke templja je mogo\u010de videti skozi stekleno dno v trgovini. Venera je bila rimska boginja ljubezni, lepote in poroke. V rimskem cesarstvu je bilo \u0161tevilo templjev, ki so bili posve\u010deni Veneri, znatno manj\u0161e v primerjavi s \u0161tevilom templjev, ki so bili zgrajeni v \u010dast drugim rimskim bogovom. Zato je ta tempelj, ki izvira iz 1. stoletja pred na\u0161im \u0161tetjem, edini tempelj, posve\u010den boginji Veneri na vzhodni strani Jadrana (od Gr\u010dije do Italije), kar mu daje \u0161e&#8230;<\/p>\n","protected":false},"author":1,"featured_media":0,"parent":10758,"menu_order":0,"comment_status":"closed","ping_status":"closed","template":"","meta":[],"yoast_head":"<!-- This site is optimized with the Yoast SEO plugin v16.0.1 - https:\/\/yoast.com\/wordpress\/plugins\/seo\/ -->\n<title>Tempelj Venere - Experience Krk<\/title>\n<link rel=\"canonical\" href=\"https:\/\/experiencekrk.com\/sl\/zgodovina-kultura\/temple-of-venus\/\" \/>\n<meta property=\"og:locale\" content=\"sl_SI\" \/>\n<meta property=\"og:type\" content=\"article\" \/>\n<meta property=\"og:title\" content=\"Tempelj Venere - Experience Krk\" \/>\n<meta property=\"og:description\" content=\"[vc_row][vc_column][vc_column_text]Ostanke starodavnega templja Venere lahko vidite v trgovini Memento, v starem mestnem jedru Krka. Ostanke templja je mogo\u010de videti skozi stekleno dno v trgovini. Venera je bila rimska boginja ljubezni, lepote in poroke. V rimskem cesarstvu je bilo \u0161tevilo templjev, ki so bili posve\u010deni Veneri, znatno manj\u0161e v primerjavi s \u0161tevilom templjev, ki so bili zgrajeni v \u010dast drugim rimskim bogovom. Zato je ta tempelj, ki izvira iz 1. stoletja pred na\u0161im \u0161tetjem, edini tempelj, posve\u010den boginji Veneri na vzhodni strani Jadrana (od Gr\u010dije do Italije), kar mu daje \u0161e...\" \/>\n<meta property=\"og:url\" content=\"https:\/\/experiencekrk.com\/sl\/zgodovina-kultura\/temple-of-venus\/\" \/>\n<meta property=\"og:site_name\" content=\"Experience Krk\" \/>\n<meta property=\"article:modified_time\" content=\"2020-03-31T11:38:54+00:00\" \/>\n<meta name=\"twitter:card\" content=\"summary_large_image\" \/>\n<meta name=\"twitter:label1\" content=\"Est. reading time\">\n\t<meta name=\"twitter:data1\" content=\"1 minuta\">\n<script type=\"application\/ld+json\" class=\"yoast-schema-graph\">{\"@context\":\"https:\/\/schema.org\",\"@graph\":[{\"@type\":\"WebSite\",\"@id\":\"https:\/\/experiencekrk.com\/#website\",\"url\":\"https:\/\/experiencekrk.com\/\",\"name\":\"Experience Krk\",\"description\":\"Cultural Tours, Food &amp; Wine and more\",\"potentialAction\":[{\"@type\":\"SearchAction\",\"target\":\"https:\/\/experiencekrk.com\/?s={search_term_string}\",\"query-input\":\"required name=search_term_string\"}],\"inLanguage\":\"sl-SI\"},{\"@type\":\"WebPage\",\"@id\":\"https:\/\/experiencekrk.com\/sl\/zgodovina-kultura\/temple-of-venus\/#webpage\",\"url\":\"https:\/\/experiencekrk.com\/sl\/zgodovina-kultura\/temple-of-venus\/\",\"name\":\"Tempelj Venere - Experience Krk\",\"isPartOf\":{\"@id\":\"https:\/\/experiencekrk.com\/#website\"},\"datePublished\":\"2019-04-15T17:30:08+00:00\",\"dateModified\":\"2020-03-31T11:38:54+00:00\",\"breadcrumb\":{\"@id\":\"https:\/\/experiencekrk.com\/sl\/zgodovina-kultura\/temple-of-venus\/#breadcrumb\"},\"inLanguage\":\"sl-SI\",\"potentialAction\":[{\"@type\":\"ReadAction\",\"target\":[\"https:\/\/experiencekrk.com\/sl\/zgodovina-kultura\/temple-of-venus\/\"]}]},{\"@type\":\"BreadcrumbList\",\"@id\":\"https:\/\/experiencekrk.com\/sl\/zgodovina-kultura\/temple-of-venus\/#breadcrumb\",\"itemListElement\":[{\"@type\":\"ListItem\",\"position\":1,\"item\":{\"@type\":\"WebPage\",\"@id\":\"https:\/\/experiencekrk.com\/sl\/\",\"url\":\"https:\/\/experiencekrk.com\/sl\/\",\"name\":\"Home\"}},{\"@type\":\"ListItem\",\"position\":2,\"item\":{\"@type\":\"WebPage\",\"@id\":\"https:\/\/experiencekrk.com\/sl\/zgodovina-kultura\/\",\"url\":\"https:\/\/experiencekrk.com\/sl\/zgodovina-kultura\/\",\"name\":\"Zgodovina &#038; Kultura\"}},{\"@type\":\"ListItem\",\"position\":3,\"item\":{\"@type\":\"WebPage\",\"@id\":\"https:\/\/experiencekrk.com\/sl\/zgodovina-kultura\/temple-of-venus\/\",\"url\":\"https:\/\/experiencekrk.com\/sl\/zgodovina-kultura\/temple-of-venus\/\",\"name\":\"Tempelj Venere\"}}]}]}<\/script>\n<!-- \/ Yoast SEO plugin. -->","_links":{"self":[{"href":"https:\/\/experiencekrk.com\/sl\/wp-json\/wp\/v2\/pages\/11631"}],"collection":[{"href":"https:\/\/experiencekrk.com\/sl\/wp-json\/wp\/v2\/pages"}],"about":[{"href":"https:\/\/experiencekrk.com\/sl\/wp-json\/wp\/v2\/types\/page"}],"author":[{"embeddable":true,"href":"https:\/\/experiencekrk.com\/sl\/wp-json\/wp\/v2\/users\/1"}],"replies":[{"embeddable":true,"href":"https:\/\/experiencekrk.com\/sl\/wp-json\/wp\/v2\/comments?post=11631"}],"version-history":[{"count":2,"href":"https:\/\/experiencekrk.com\/sl\/wp-json\/wp\/v2\/pages\/11631\/revisions"}],"predecessor-version":[{"id":11647,"href":"https:\/\/experiencekrk.com\/sl\/wp-json\/wp\/v2\/pages\/11631\/revisions\/11647"}],"up":[{"embeddable":true,"href":"https:\/\/experiencekrk.com\/sl\/wp-json\/wp\/v2\/pages\/10758"}],"wp:attachment":[{"href":"https:\/\/experiencekrk.com\/sl\/wp-json\/wp\/v2\/media?parent=11631"}],"curies":[{"name":"wp","href":"https:\/\/api.w.org\/{rel}","templated":true}]}}