{"id":11588,"date":"2019-04-16T06:53:48","date_gmt":"2019-04-16T06:53:48","guid":{"rendered":"https:\/\/experiencekrk.com\/romanje\/the-shrine-of-the-blessed-virgin-mary-in-trsat\/"},"modified":"2020-03-30T18:55:22","modified_gmt":"2020-03-30T18:55:22","slug":"svetisce-blazene-device-marije-na-trsatu","status":"publish","type":"page","link":"https:\/\/experiencekrk.com\/sl\/romanje\/svetisce-blazene-device-marije-na-trsatu\/","title":{"rendered":"Sveti\u0161\u010de Bla\u017eene Device Marije na Trsatu"},"content":{"rendered":"<p>[vc_row][vc_column]<div class=\"mkdf-section-title-holder\">\n\t<h1 class=\"mkdf-section-title mkdf-section-title-medium\" >\n\tSveti\u0161\u010de Bla\u017eene Device Marije na Trsatu<\/h1>\n<\/div>[vc_column_text]Le 45 km stran od mesta Krk na Trsatu stoji sveti\u0161\u010de Bla\u017eene Device Marije. Majhno hi\u0161o, v kateri se je rodila bla\u017eena Devica Marija, so angeli prenesli iz Nazareta v Loreto, kjer jo je mogo\u010de videti \u0161e danes. Med tem prenosom na poti iz Nazareta se je hi\u0161a za nekaj no\u010di ustavila na Trsatu. Je eno najbolj znanih romarskih sveti\u0161\u010d na Hrva\u0161kem.[\/vc_column_text][vc_empty_space]<div class=\"mkdf-image-gallery\">\n    <div class=\"mkdf-image-gallery-grid mkdf-gallery-columns-2 \">\n                    <div class=\"mkdf-gallery-image\">\n                <div class=\"mkdf-hover-holder\">\n                \t\n                                                                        <img src=\"https:\/\/experiencekrk.com\/wp-content\/uploads\/2019\/04\/City-of-Krk-Shrine-Of-The-Blessed-Virgin-Mary-In-Trsat-600x400.jpg\" alt=\"\" width=\"600\" height=\"400\" \/>                        \t\t\t\t\t                <\/div>\n            <\/div>\n                    <div class=\"mkdf-gallery-image\">\n                <div class=\"mkdf-hover-holder\">\n                \t\n                                                                        <img src=\"https:\/\/experiencekrk.com\/wp-content\/uploads\/2019\/04\/City-of-Krk-Church-and-Castle-in-Trsat-600x400.jpg\" alt=\"\" width=\"600\" height=\"400\" \/>                        \t\t\t\t\t                <\/div>\n            <\/div>\n            <\/div>\n<\/div>[vc_column_text][\/vc_column_text][\/vc_column][\/vc_row][vc_row][vc_column][vc_empty_space]<div class=\"mkdf-separator-holder clearfix  mkdf-separator-center mkdf-separator-full-width\">\n\t<div class=\"mkdf-separator\" style=\"border-color: #ebebeb;border-style: solid;border-bottom-width: 1px;margin-top: 20px;margin-bottom: 45px\"><\/div>\n<\/div>\n<div class=\"mkdf-section-title-holder\">\n\t<h1 class=\"mkdf-section-title mkdf-section-title-small\" >\n\tKontakt i lokacija<\/h1>\n<\/div>[vc_row_inner][vc_column_inner width=&#8221;1\/4&#8243;][vc_column_text]<strong>Sveti\u0161\u010de na Trsatu<\/strong><\/p>\n<p><strong>Sveta ma\u0161a:<\/strong><\/p>\n<p>Pon-sobota: 7:00, 8:30 in 18:30<\/p>\n<p>Ned: 7:00, 8:00, 9:00, 10:00, 11:30 in 18:30<\/p>\n<p>Prazniki: 7:00, 8:30, 10:00 in 18:30<\/p>\n<p>&nbsp;<\/p>\n<p>Tel: <a href=\"tel:+38551452900\">+385 51 452 900<\/a><br \/>\nNaslov: Ul. Frankopanski Trg 12, 51000 Rijeka[\/vc_column_text][\/vc_column_inner][vc_column_inner width=&#8221;3\/4&#8243;][vc_raw_html]JTNDaWZyYW1lJTIwc3JjJTNEJTIyaHR0cHMlM0ElMkYlMkZ3d3cuZ29vZ2xlLmNvbSUyRm1hcHMlMkZlbWJlZCUzRnBiJTNEJTIxMW0xOCUyMTFtMTIlMjExbTMlMjExZDQ0MDc4MC4yOTA5MzU1ODg1JTIxMmQxNC40Mzg1Mjk2NjY0MjI4MjclMjEzZDQ1LjE1Nzc1NzIzMDg1MDUxNCUyMTJtMyUyMTFmMCUyMTJmMCUyMTNmMCUyMTNtMiUyMTFpMTAyNCUyMTJpNzY4JTIxNGYxMy4xJTIxM20zJTIxMW0yJTIxMXMweDQ3NjRhMTA2YWRkM2Y0NGQlMjUzQTB4ZTQ3ODBhOTIyYTI1MWM4NyUyMTJzT3VyJTJCTGFkeSUyQm9mJTJCVHJzYXQlMjE1ZTAlMjEzbTIlMjExc2VuJTIxMnNociUyMTR2MTU1NTM5Nzk2MTgyMCUyMTVtMiUyMTFzZW4lMjEyc2hyJTIyJTIwd2lkdGglM0QlMjI5MDAlMjIlMjBoZWlnaHQlM0QlMjIzNTAlMjIlMjBmcmFtZWJvcmRlciUzRCUyMjAlMjIlMjBzdHlsZSUzRCUyMmJvcmRlciUzQTAlMjIlMjBhbGxvd2Z1bGxzY3JlZW4lM0UlM0MlMkZpZnJhbWUlM0U=[\/vc_raw_html][\/vc_column_inner][\/vc_row_inner][\/vc_column][\/vc_row]<\/p>\n","protected":false},"excerpt":{"rendered":"<p>[vc_row][vc_column][vc_column_text]Le 45 km stran od mesta Krk na Trsatu stoji sveti\u0161\u010de Bla\u017eene Device Marije. Majhno hi\u0161o, v kateri se je rodila bla\u017eena Devica Marija, so angeli prenesli iz Nazareta v Loreto, kjer jo je mogo\u010de videti \u0161e danes. Med tem prenosom na poti iz Nazareta se je hi\u0161a za nekaj no\u010di ustavila na Trsatu. Je eno najbolj znanih romarskih sveti\u0161\u010d na Hrva\u0161kem.[\/vc_column_text][vc_empty_space][vc_column_text][\/vc_column_text][\/vc_column][\/vc_row][vc_row][vc_column][vc_empty_space][vc_row_inner][vc_column_inner width=&#8221;1\/4&#8243;][vc_column_text]Sveti\u0161\u010de na Trsatu Sveta ma\u0161a: Pon-sobota: 7:00, 8:30 in 18:30 Ned: 7:00, 8:00, 9:00, 10:00, 11:30 in 18:30 Prazniki: 7:00, 8:30, 10:00 in 18:30 &nbsp; Tel: +385 51&#8230;<\/p>\n","protected":false},"author":1,"featured_media":0,"parent":10899,"menu_order":0,"comment_status":"closed","ping_status":"closed","template":"","meta":[],"yoast_head":"<!-- This site is optimized with the Yoast SEO plugin v16.0.1 - https:\/\/yoast.com\/wordpress\/plugins\/seo\/ -->\n<title>Sveti\u0161\u010de Bla\u017eene Device Marije na Trsatu - Experience Krk<\/title>\n<link rel=\"canonical\" href=\"https:\/\/experiencekrk.com\/sl\/romanje\/svetisce-blazene-device-marije-na-trsatu\/\" \/>\n<meta property=\"og:locale\" content=\"sl_SI\" \/>\n<meta property=\"og:type\" content=\"article\" \/>\n<meta property=\"og:title\" content=\"Sveti\u0161\u010de Bla\u017eene Device Marije na Trsatu - Experience Krk\" \/>\n<meta property=\"og:description\" content=\"[vc_row][vc_column][vc_column_text]Le 45 km stran od mesta Krk na Trsatu stoji sveti\u0161\u010de Bla\u017eene Device Marije. Majhno hi\u0161o, v kateri se je rodila bla\u017eena Devica Marija, so angeli prenesli iz Nazareta v Loreto, kjer jo je mogo\u010de videti \u0161e danes. Med tem prenosom na poti iz Nazareta se je hi\u0161a za nekaj no\u010di ustavila na Trsatu. Je eno najbolj znanih romarskih sveti\u0161\u010d na Hrva\u0161kem.[\/vc_column_text][vc_empty_space][vc_column_text][\/vc_column_text][\/vc_column][\/vc_row][vc_row][vc_column][vc_empty_space][vc_row_inner][vc_column_inner width=&#8221;1\/4&#8243;][vc_column_text]Sveti\u0161\u010de na Trsatu Sveta ma\u0161a: Pon-sobota: 7:00, 8:30 in 18:30 Ned: 7:00, 8:00, 9:00, 10:00, 11:30 in 18:30 Prazniki: 7:00, 8:30, 10:00 in 18:30 &nbsp; Tel: +385 51...\" \/>\n<meta property=\"og:url\" content=\"https:\/\/experiencekrk.com\/sl\/romanje\/svetisce-blazene-device-marije-na-trsatu\/\" \/>\n<meta property=\"og:site_name\" content=\"Experience Krk\" \/>\n<meta property=\"article:modified_time\" content=\"2020-03-30T18:55:22+00:00\" \/>\n<meta name=\"twitter:card\" content=\"summary_large_image\" \/>\n<meta name=\"twitter:label1\" content=\"Est. reading time\">\n\t<meta name=\"twitter:data1\" content=\"1 minuta\">\n<script type=\"application\/ld+json\" class=\"yoast-schema-graph\">{\"@context\":\"https:\/\/schema.org\",\"@graph\":[{\"@type\":\"WebSite\",\"@id\":\"https:\/\/experiencekrk.com\/#website\",\"url\":\"https:\/\/experiencekrk.com\/\",\"name\":\"Experience Krk\",\"description\":\"Cultural Tours, Food &amp; Wine and more\",\"potentialAction\":[{\"@type\":\"SearchAction\",\"target\":\"https:\/\/experiencekrk.com\/?s={search_term_string}\",\"query-input\":\"required name=search_term_string\"}],\"inLanguage\":\"sl-SI\"},{\"@type\":\"WebPage\",\"@id\":\"https:\/\/experiencekrk.com\/sl\/romanje\/svetisce-blazene-device-marije-na-trsatu\/#webpage\",\"url\":\"https:\/\/experiencekrk.com\/sl\/romanje\/svetisce-blazene-device-marije-na-trsatu\/\",\"name\":\"Sveti\\u0161\\u010de Bla\\u017eene Device Marije na Trsatu - Experience Krk\",\"isPartOf\":{\"@id\":\"https:\/\/experiencekrk.com\/#website\"},\"datePublished\":\"2019-04-16T06:53:48+00:00\",\"dateModified\":\"2020-03-30T18:55:22+00:00\",\"breadcrumb\":{\"@id\":\"https:\/\/experiencekrk.com\/sl\/romanje\/svetisce-blazene-device-marije-na-trsatu\/#breadcrumb\"},\"inLanguage\":\"sl-SI\",\"potentialAction\":[{\"@type\":\"ReadAction\",\"target\":[\"https:\/\/experiencekrk.com\/sl\/romanje\/svetisce-blazene-device-marije-na-trsatu\/\"]}]},{\"@type\":\"BreadcrumbList\",\"@id\":\"https:\/\/experiencekrk.com\/sl\/romanje\/svetisce-blazene-device-marije-na-trsatu\/#breadcrumb\",\"itemListElement\":[{\"@type\":\"ListItem\",\"position\":1,\"item\":{\"@type\":\"WebPage\",\"@id\":\"https:\/\/experiencekrk.com\/sl\/\",\"url\":\"https:\/\/experiencekrk.com\/sl\/\",\"name\":\"Home\"}},{\"@type\":\"ListItem\",\"position\":2,\"item\":{\"@type\":\"WebPage\",\"@id\":\"https:\/\/experiencekrk.com\/sl\/romanje\/\",\"url\":\"https:\/\/experiencekrk.com\/sl\/romanje\/\",\"name\":\"Romanje\"}},{\"@type\":\"ListItem\",\"position\":3,\"item\":{\"@type\":\"WebPage\",\"@id\":\"https:\/\/experiencekrk.com\/sl\/romanje\/svetisce-blazene-device-marije-na-trsatu\/\",\"url\":\"https:\/\/experiencekrk.com\/sl\/romanje\/svetisce-blazene-device-marije-na-trsatu\/\",\"name\":\"Sveti\\u0161\\u010de Bla\\u017eene Device Marije na Trsatu\"}}]}]}<\/script>\n<!-- \/ Yoast SEO plugin. -->","_links":{"self":[{"href":"https:\/\/experiencekrk.com\/sl\/wp-json\/wp\/v2\/pages\/11588"}],"collection":[{"href":"https:\/\/experiencekrk.com\/sl\/wp-json\/wp\/v2\/pages"}],"about":[{"href":"https:\/\/experiencekrk.com\/sl\/wp-json\/wp\/v2\/types\/page"}],"author":[{"embeddable":true,"href":"https:\/\/experiencekrk.com\/sl\/wp-json\/wp\/v2\/users\/1"}],"replies":[{"embeddable":true,"href":"https:\/\/experiencekrk.com\/sl\/wp-json\/wp\/v2\/comments?post=11588"}],"version-history":[{"count":2,"href":"https:\/\/experiencekrk.com\/sl\/wp-json\/wp\/v2\/pages\/11588\/revisions"}],"predecessor-version":[{"id":11594,"href":"https:\/\/experiencekrk.com\/sl\/wp-json\/wp\/v2\/pages\/11588\/revisions\/11594"}],"up":[{"embeddable":true,"href":"https:\/\/experiencekrk.com\/sl\/wp-json\/wp\/v2\/pages\/10899"}],"wp:attachment":[{"href":"https:\/\/experiencekrk.com\/sl\/wp-json\/wp\/v2\/media?parent=11588"}],"curies":[{"name":"wp","href":"https:\/\/api.w.org\/{rel}","templated":true}]}}