{"id":11585,"date":"2019-04-16T06:44:27","date_gmt":"2019-04-16T06:44:27","guid":{"rendered":"https:\/\/experiencekrk.com\/romanje\/church-of-st-quirinus\/"},"modified":"2020-03-30T18:53:32","modified_gmt":"2020-03-30T18:53:32","slug":"cerkev-sv-kvirina","status":"publish","type":"page","link":"https:\/\/experiencekrk.com\/sl\/romanje\/cerkev-sv-kvirina\/","title":{"rendered":"Cerkev sv. Kvirina"},"content":{"rendered":"<p>[vc_row][vc_column]<div class=\"mkdf-section-title-holder\">\n\t<h1 class=\"mkdf-section-title mkdf-section-title-medium\" >\n\tCerkev sv. Kvirina<\/h1>\n<\/div>[vc_column_text]Cerkev svetega Kvirina je posve\u010dena za\u0161\u010ditniku mesta Krk in ima dragoceno sakralno zbirko. Zgrajena je bila iz lokalnega belega kamna in je zaradi svojega nenavadnega na\u010dina gradnje lep primer rimske arhitekture iz 12. stoletja. Danes je del katedralnega kompleksa.[\/vc_column_text][vc_empty_space]<div class=\"mkdf-image-gallery\">\n    <div class=\"mkdf-image-gallery-grid mkdf-gallery-columns-2 \">\n                    <div class=\"mkdf-gallery-image\">\n                <div class=\"mkdf-hover-holder\">\n                \t\n                                                                        <img src=\"https:\/\/experiencekrk.com\/wp-content\/uploads\/2019\/04\/City-of-Krk-inside-the-Church-of-St.-Quirinus-600x400.jpg\" alt=\"\" width=\"600\" height=\"400\" \/>                        \t\t\t\t\t                <\/div>\n            <\/div>\n                    <div class=\"mkdf-gallery-image\">\n                <div class=\"mkdf-hover-holder\">\n                \t\n                                                                        <img src=\"https:\/\/experiencekrk.com\/wp-content\/uploads\/2019\/04\/City-of-Krk-outside-the-Church-of-St.-Quirinus-600x400.jpg\" alt=\"\" width=\"600\" height=\"400\" \/>                        \t\t\t\t\t                <\/div>\n            <\/div>\n            <\/div>\n<\/div>[vc_column_text][\/vc_column_text][\/vc_column][\/vc_row][vc_row][vc_column][vc_empty_space]<div class=\"mkdf-separator-holder clearfix  mkdf-separator-center mkdf-separator-full-width\">\n\t<div class=\"mkdf-separator\" style=\"border-color: #ebebeb;border-style: solid;border-bottom-width: 1px;margin-top: 20px;margin-bottom: 45px\"><\/div>\n<\/div>\n<div class=\"mkdf-section-title-holder\">\n\t<h1 class=\"mkdf-section-title mkdf-section-title-small\" >\n\tLokacija<\/h1>\n<\/div>[vc_row_inner][vc_column_inner width=&#8221;1\/4&#8243;][vc_column_text]<strong>Cerkev sv. Kvirina<\/strong><\/p>\n<p>Naslov: Ul. Antuna Mahni\u0107a, 51500 Krk[\/vc_column_text][\/vc_column_inner][vc_column_inner width=&#8221;3\/4&#8243;][vc_raw_html]JTNDaWZyYW1lJTIwc3JjJTNEJTIyaHR0cHMlM0ElMkYlMkZ3d3cuZ29vZ2xlLmNvbSUyRm1hcHMlMkZlbWJlZCUzRnBiJTNEJTIxMW0xOCUyMTFtMTIlMjExbTMlMjExZDE4MTc0Ljk2OTE2NTk5ODA3JTIxMmQxNC41ODA1NDU3OTA0MTY3MSUyMTNkNDUuMDI1MjQwODk0OTI5MDg0JTIxMm0zJTIxMWYwJTIxMmYwJTIxM2YwJTIxM20yJTIxMWkxMDI0JTIxMmk3NjglMjE0ZjEzLjElMjEzbTMlMjExbTIlMjExczB4NDc2MzcyMTJlY2YwYWNmMyUyNTNBMHhiNjViZGYzNTQwM2UzOWM1JTIxMnNTdmV0aSUyQkt2aXJpbiUyMTVlMCUyMTNtMiUyMTFzZW4lMjEyc2hyJTIxNHYxNTU1Mzk3MjA1NjkzJTIxNW0yJTIxMXNlbiUyMTJzaHIlMjIlMjB3aWR0aCUzRCUyMjk4MCUyMiUyMGhlaWdodCUzRCUyMjM1MCUyMiUyMGZyYW1lYm9yZGVyJTNEJTIyMCUyMiUyMHN0eWxlJTNEJTIyYm9yZGVyJTNBMCUyMiUyMGFsbG93ZnVsbHNjcmVlbiUzRSUzQyUyRmlmcmFtZSUzRQ==[\/vc_raw_html][\/vc_column_inner][\/vc_row_inner][\/vc_column][\/vc_row]<\/p>\n","protected":false},"excerpt":{"rendered":"<p>[vc_row][vc_column][vc_column_text]Cerkev svetega Kvirina je posve\u010dena za\u0161\u010ditniku mesta Krk in ima dragoceno sakralno zbirko. Zgrajena je bila iz lokalnega belega kamna in je zaradi svojega nenavadnega na\u010dina gradnje lep primer rimske arhitekture iz 12. stoletja. Danes je del katedralnega kompleksa.[\/vc_column_text][vc_empty_space][vc_column_text][\/vc_column_text][\/vc_column][\/vc_row][vc_row][vc_column][vc_empty_space][vc_row_inner][vc_column_inner width=&#8221;1\/4&#8243;][vc_column_text]Cerkev sv. Kvirina Naslov: Ul. Antuna Mahni\u0107a, 51500 Krk[\/vc_column_text][\/vc_column_inner][vc_column_inner width=&#8221;3\/4&#8243;][vc_raw_html]JTNDaWZyYW1lJTIwc3JjJTNEJTIyaHR0cHMlM0ElMkYlMkZ3d3cuZ29vZ2xlLmNvbSUyRm1hcHMlMkZlbWJlZCUzRnBiJTNEJTIxMW0xOCUyMTFtMTIlMjExbTMlMjExZDE4MTc0Ljk2OTE2NTk5ODA3JTIxMmQxNC41ODA1NDU3OTA0MTY3MSUyMTNkNDUuMDI1MjQwODk0OTI5MDg0JTIxMm0zJTIxMWYwJTIxMmYwJTIxM2YwJTIxM20yJTIxMWkxMDI0JTIxMmk3NjglMjE0ZjEzLjElMjEzbTMlMjExbTIlMjExczB4NDc2MzcyMTJlY2YwYWNmMyUyNTNBMHhiNjViZGYzNTQwM2UzOWM1JTIxMnNTdmV0aSUyQkt2aXJpbiUyMTVlMCUyMTNtMiUyMTFzZW4lMjEyc2hyJTIxNHYxNTU1Mzk3MjA1NjkzJTIxNW0yJTIxMXNlbiUyMTJzaHIlMjIlMjB3aWR0aCUzRCUyMjk4MCUyMiUyMGhlaWdodCUzRCUyMjM1MCUyMiUyMGZyYW1lYm9yZGVyJTNEJTIyMCUyMiUyMHN0eWxlJTNEJTIyYm9yZGVyJTNBMCUyMiUyMGFsbG93ZnVsbHNjcmVlbiUzRSUzQyUyRmlmcmFtZSUzRQ==[\/vc_raw_html][\/vc_column_inner][\/vc_row_inner][\/vc_column][\/vc_row]<\/p>\n","protected":false},"author":1,"featured_media":0,"parent":10899,"menu_order":0,"comment_status":"closed","ping_status":"closed","template":"","meta":[],"yoast_head":"<!-- This site is optimized with the Yoast SEO plugin v16.0.1 - https:\/\/yoast.com\/wordpress\/plugins\/seo\/ -->\n<title>Cerkev sv. Kvirina - Experience Krk<\/title>\n<link rel=\"canonical\" href=\"https:\/\/experiencekrk.com\/sl\/romanje\/cerkev-sv-kvirina\/\" \/>\n<meta property=\"og:locale\" content=\"sl_SI\" \/>\n<meta property=\"og:type\" content=\"article\" \/>\n<meta property=\"og:title\" content=\"Cerkev sv. Kvirina - Experience Krk\" \/>\n<meta property=\"og:description\" content=\"[vc_row][vc_column][vc_column_text]Cerkev svetega Kvirina je posve\u010dena za\u0161\u010ditniku mesta Krk in ima dragoceno sakralno zbirko. Zgrajena je bila iz lokalnega belega kamna in je zaradi svojega nenavadnega na\u010dina gradnje lep primer rimske arhitekture iz 12. stoletja. Danes je del katedralnega kompleksa.[\/vc_column_text][vc_empty_space][vc_column_text][\/vc_column_text][\/vc_column][\/vc_row][vc_row][vc_column][vc_empty_space][vc_row_inner][vc_column_inner width=&#8221;1\/4&#8243;][vc_column_text]Cerkev sv. Kvirina Naslov: Ul. Antuna Mahni\u0107a, 51500 Krk[\/vc_column_text][\/vc_column_inner][vc_column_inner width=&#8221;3\/4&#8243;][vc_raw_html]JTNDaWZyYW1lJTIwc3JjJTNEJTIyaHR0cHMlM0ElMkYlMkZ3d3cuZ29vZ2xlLmNvbSUyRm1hcHMlMkZlbWJlZCUzRnBiJTNEJTIxMW0xOCUyMTFtMTIlMjExbTMlMjExZDE4MTc0Ljk2OTE2NTk5ODA3JTIxMmQxNC41ODA1NDU3OTA0MTY3MSUyMTNkNDUuMDI1MjQwODk0OTI5MDg0JTIxMm0zJTIxMWYwJTIxMmYwJTIxM2YwJTIxM20yJTIxMWkxMDI0JTIxMmk3NjglMjE0ZjEzLjElMjEzbTMlMjExbTIlMjExczB4NDc2MzcyMTJlY2YwYWNmMyUyNTNBMHhiNjViZGYzNTQwM2UzOWM1JTIxMnNTdmV0aSUyQkt2aXJpbiUyMTVlMCUyMTNtMiUyMTFzZW4lMjEyc2hyJTIxNHYxNTU1Mzk3MjA1NjkzJTIxNW0yJTIxMXNlbiUyMTJzaHIlMjIlMjB3aWR0aCUzRCUyMjk4MCUyMiUyMGhlaWdodCUzRCUyMjM1MCUyMiUyMGZyYW1lYm9yZGVyJTNEJTIyMCUyMiUyMHN0eWxlJTNEJTIyYm9yZGVyJTNBMCUyMiUyMGFsbG93ZnVsbHNjcmVlbiUzRSUzQyUyRmlmcmFtZSUzRQ==[\/vc_raw_html][\/vc_column_inner][\/vc_row_inner][\/vc_column][\/vc_row]\" \/>\n<meta property=\"og:url\" content=\"https:\/\/experiencekrk.com\/sl\/romanje\/cerkev-sv-kvirina\/\" \/>\n<meta property=\"og:site_name\" content=\"Experience Krk\" \/>\n<meta property=\"article:modified_time\" content=\"2020-03-30T18:53:32+00:00\" \/>\n<meta name=\"twitter:card\" content=\"summary_large_image\" \/>\n<meta name=\"twitter:label1\" content=\"Est. reading time\">\n\t<meta name=\"twitter:data1\" content=\"1 minuta\">\n<script type=\"application\/ld+json\" class=\"yoast-schema-graph\">{\"@context\":\"https:\/\/schema.org\",\"@graph\":[{\"@type\":\"WebSite\",\"@id\":\"https:\/\/experiencekrk.com\/#website\",\"url\":\"https:\/\/experiencekrk.com\/\",\"name\":\"Experience Krk\",\"description\":\"Cultural Tours, Food &amp; Wine and more\",\"potentialAction\":[{\"@type\":\"SearchAction\",\"target\":\"https:\/\/experiencekrk.com\/?s={search_term_string}\",\"query-input\":\"required name=search_term_string\"}],\"inLanguage\":\"sl-SI\"},{\"@type\":\"WebPage\",\"@id\":\"https:\/\/experiencekrk.com\/sl\/romanje\/cerkev-sv-kvirina\/#webpage\",\"url\":\"https:\/\/experiencekrk.com\/sl\/romanje\/cerkev-sv-kvirina\/\",\"name\":\"Cerkev sv. Kvirina - Experience Krk\",\"isPartOf\":{\"@id\":\"https:\/\/experiencekrk.com\/#website\"},\"datePublished\":\"2019-04-16T06:44:27+00:00\",\"dateModified\":\"2020-03-30T18:53:32+00:00\",\"breadcrumb\":{\"@id\":\"https:\/\/experiencekrk.com\/sl\/romanje\/cerkev-sv-kvirina\/#breadcrumb\"},\"inLanguage\":\"sl-SI\",\"potentialAction\":[{\"@type\":\"ReadAction\",\"target\":[\"https:\/\/experiencekrk.com\/sl\/romanje\/cerkev-sv-kvirina\/\"]}]},{\"@type\":\"BreadcrumbList\",\"@id\":\"https:\/\/experiencekrk.com\/sl\/romanje\/cerkev-sv-kvirina\/#breadcrumb\",\"itemListElement\":[{\"@type\":\"ListItem\",\"position\":1,\"item\":{\"@type\":\"WebPage\",\"@id\":\"https:\/\/experiencekrk.com\/sl\/\",\"url\":\"https:\/\/experiencekrk.com\/sl\/\",\"name\":\"Home\"}},{\"@type\":\"ListItem\",\"position\":2,\"item\":{\"@type\":\"WebPage\",\"@id\":\"https:\/\/experiencekrk.com\/sl\/romanje\/\",\"url\":\"https:\/\/experiencekrk.com\/sl\/romanje\/\",\"name\":\"Romanje\"}},{\"@type\":\"ListItem\",\"position\":3,\"item\":{\"@type\":\"WebPage\",\"@id\":\"https:\/\/experiencekrk.com\/sl\/romanje\/cerkev-sv-kvirina\/\",\"url\":\"https:\/\/experiencekrk.com\/sl\/romanje\/cerkev-sv-kvirina\/\",\"name\":\"Cerkev sv. Kvirina\"}}]}]}<\/script>\n<!-- \/ Yoast SEO plugin. -->","_links":{"self":[{"href":"https:\/\/experiencekrk.com\/sl\/wp-json\/wp\/v2\/pages\/11585"}],"collection":[{"href":"https:\/\/experiencekrk.com\/sl\/wp-json\/wp\/v2\/pages"}],"about":[{"href":"https:\/\/experiencekrk.com\/sl\/wp-json\/wp\/v2\/types\/page"}],"author":[{"embeddable":true,"href":"https:\/\/experiencekrk.com\/sl\/wp-json\/wp\/v2\/users\/1"}],"replies":[{"embeddable":true,"href":"https:\/\/experiencekrk.com\/sl\/wp-json\/wp\/v2\/comments?post=11585"}],"version-history":[{"count":2,"href":"https:\/\/experiencekrk.com\/sl\/wp-json\/wp\/v2\/pages\/11585\/revisions"}],"predecessor-version":[{"id":11593,"href":"https:\/\/experiencekrk.com\/sl\/wp-json\/wp\/v2\/pages\/11585\/revisions\/11593"}],"up":[{"embeddable":true,"href":"https:\/\/experiencekrk.com\/sl\/wp-json\/wp\/v2\/pages\/10899"}],"wp:attachment":[{"href":"https:\/\/experiencekrk.com\/sl\/wp-json\/wp\/v2\/media?parent=11585"}],"curies":[{"name":"wp","href":"https:\/\/api.w.org\/{rel}","templated":true}]}}