{"id":11572,"date":"2019-06-06T12:56:40","date_gmt":"2019-06-06T12:56:40","guid":{"rendered":"https:\/\/experiencekrk.com\/pohodnistvo\/recreational-trail-kornic\/"},"modified":"2020-03-30T18:25:03","modified_gmt":"2020-03-30T18:25:03","slug":"rekreacijska-pot-kornic","status":"publish","type":"page","link":"https:\/\/experiencekrk.com\/sl\/pohodnistvo\/rekreacijska-pot-kornic\/","title":{"rendered":"Rekreacijska pot Korni\u0107"},"content":{"rendered":"<p>[vc_row][vc_column]<div class=\"mkdf-section-title-holder\">\n\t<h1 class=\"mkdf-section-title mkdf-section-title-medium\" >\n\tRekreacijska pot Korni\u0107<\/h1>\n<\/div>[\/vc_column][\/vc_row][vc_row][vc_column width=&#8221;1\/2&#8243; css=&#8221;.vc_custom_1559125178706{padding-top: 0px !important;}&#8221;][vc_column_text css=&#8221;.vc_custom_1585592675763{border-top-width: 0px !important;padding-top: 0px !important;}&#8221;]Bodite aktivni in razi\u0161\u010dite naravne lepote majhne vasice Korni\u0107, ki se nahaja blizu mesta Krk. Sprehodite se po pode\u017eelju, raziskujte naravne lepote majhne vasice in u\u017eivajte na sve\u017eem zraku ter se malo razgibajte.<\/p>\n<p>Med bivanjem v Korni\u0107u vam priporo\u010damo obisk <a href=\"https:\/\/experiencekrk.com\/sl\/zgodovina-kultura\/etno-dediscina\/\">Korni\u0107eve etnografske zbirke<\/a> in si ogledate, kako so ljudje \u017eiveli v starih \u010dasih.<\/p>\n<p>Ta rekreacijska pot je dolga ve\u010d kot 3 km, za to pa boste potrebovali pribli\u017eno 1 uro in pol.[\/vc_column_text][\/vc_column][vc_column width=&#8221;1\/2&#8243; css=&#8221;.vc_custom_1559125192021{border-top-width: 0px !important;padding-top: 10px !important;}&#8221;]<div class=\"mkdf-image-gallery\">\n\t<div class=\"mkdf-image-gallery-slider \" data-autoplay=\"5\" data-animation=\"slide\" data-navigation=\"yes\" data-pagination=\"yes\">\n\t\t\t\t\t\t\t\t\t<img width=\"600\" height=\"400\" src=\"https:\/\/experiencekrk.com\/wp-content\/uploads\/2019\/06\/City-of-Krk-krk-bike-story-4.jpg\" class=\"attachment-full size-full\" alt=\"\" loading=\"lazy\" srcset=\"https:\/\/experiencekrk.com\/wp-content\/uploads\/2019\/06\/City-of-Krk-krk-bike-story-4.jpg 600w, https:\/\/experiencekrk.com\/wp-content\/uploads\/2019\/06\/City-of-Krk-krk-bike-story-4-300x200.jpg 300w\" sizes=\"(max-width: 600px) 100vw, 600px\" \/>\t\t\t\t\t\t\t\t\t\t\t\t\t<img width=\"600\" height=\"400\" src=\"https:\/\/experiencekrk.com\/wp-content\/uploads\/2019\/06\/City-of-Krk-hiking-and-jogging.jpg\" class=\"attachment-full size-full\" alt=\"\" loading=\"lazy\" srcset=\"https:\/\/experiencekrk.com\/wp-content\/uploads\/2019\/06\/City-of-Krk-hiking-and-jogging.jpg 600w, https:\/\/experiencekrk.com\/wp-content\/uploads\/2019\/06\/City-of-Krk-hiking-and-jogging-300x200.jpg 300w\" sizes=\"(max-width: 600px) 100vw, 600px\" \/>\t\t\t\t\t\t\t<\/div>\n<\/div>[\/vc_column][\/vc_row][vc_row][vc_column][vc_empty_space height=&#8221;10px&#8221;]<div class=\"mkdf-section-title-holder\">\n\t<h1 class=\"mkdf-section-title mkdf-section-title-small\" >\n\tRekreacijska pot Korni\u0107<\/h1>\n<\/div>[vc_raw_html]JTNDaWZyYW1lJTIwc3JjJTNEJTIyaHR0cHMlM0ElMkYlMkZ3d3cuZ29vZ2xlLmNvbSUyRm1hcHMlMkZkJTJGdSUyRjAlMkZlbWJlZCUzRm1pZCUzRDFIbUg5T1lLRHNFbGw5QXZNQkJNMWlScGJnMHpYbmpaYSUyMiUyMHdpZHRoJTNEJTIyOTgwJTIyJTIwaGVpZ2h0JTNEJTIyMzUwJTIyJTNFJTNDJTJGaWZyYW1lJTNF[\/vc_raw_html]<div class=\"mkdf-separator-holder clearfix  mkdf-separator-center mkdf-separator-full-width\">\n\t<div class=\"mkdf-separator\" style=\"border-color: #ebebeb;border-style: solid;border-bottom-width: 1px;margin-top: 20px;margin-bottom: 45px\"><\/div>\n<\/div>\n[\/vc_column][\/vc_row]<\/p>\n","protected":false},"excerpt":{"rendered":"<p>[vc_row][vc_column][\/vc_column][\/vc_row][vc_row][vc_column width=&#8221;1\/2&#8243; css=&#8221;.vc_custom_1559125178706{padding-top: 0px !important;}&#8221;][vc_column_text css=&#8221;.vc_custom_1585592675763{border-top-width: 0px !important;padding-top: 0px !important;}&#8221;]Bodite aktivni in razi\u0161\u010dite naravne lepote majhne vasice Korni\u0107, ki se nahaja blizu mesta Krk. Sprehodite se po pode\u017eelju, raziskujte naravne lepote majhne vasice in u\u017eivajte na sve\u017eem zraku ter se malo razgibajte. Med bivanjem v Korni\u0107u vam priporo\u010damo obisk Korni\u0107eve etnografske zbirke in si ogledate, kako so ljudje \u017eiveli v starih \u010dasih. Ta rekreacijska pot je dolga ve\u010d kot 3 km, za to pa boste potrebovali pribli\u017eno 1 uro in pol.[\/vc_column_text][\/vc_column][vc_column width=&#8221;1\/2&#8243; css=&#8221;.vc_custom_1559125192021{border-top-width: 0px !important;padding-top: 10px !important;}&#8221;][\/vc_column][\/vc_row][vc_row][vc_column][vc_empty_space height=&#8221;10px&#8221;][vc_raw_html]JTNDaWZyYW1lJTIwc3JjJTNEJTIyaHR0cHMlM0ElMkYlMkZ3d3cuZ29vZ2xlLmNvbSUyRm1hcHMlMkZkJTJGdSUyRjAlMkZlbWJlZCUzRm1pZCUzRDFIbUg5T1lLRHNFbGw5QXZNQkJNMWlScGJnMHpYbmpaYSUyMiUyMHdpZHRoJTNEJTIyOTgwJTIyJTIwaGVpZ2h0JTNEJTIyMzUwJTIyJTNFJTNDJTJGaWZyYW1lJTNF[\/vc_raw_html][\/vc_column][\/vc_row]<\/p>\n","protected":false},"author":1,"featured_media":0,"parent":10905,"menu_order":0,"comment_status":"closed","ping_status":"closed","template":"","meta":[],"yoast_head":"<!-- This site is optimized with the Yoast SEO plugin v16.0.1 - https:\/\/yoast.com\/wordpress\/plugins\/seo\/ -->\n<title>Rekreacijska pot Korni\u0107 - Experience Krk<\/title>\n<link rel=\"canonical\" href=\"https:\/\/experiencekrk.com\/sl\/pohodnistvo\/rekreacijska-pot-kornic\/\" \/>\n<meta property=\"og:locale\" content=\"sl_SI\" \/>\n<meta property=\"og:type\" content=\"article\" \/>\n<meta property=\"og:title\" content=\"Rekreacijska pot Korni\u0107 - Experience Krk\" \/>\n<meta property=\"og:description\" content=\"[vc_row][vc_column][\/vc_column][\/vc_row][vc_row][vc_column width=&#8221;1\/2&#8243; css=&#8221;.vc_custom_1559125178706{padding-top: 0px !important;}&#8221;][vc_column_text css=&#8221;.vc_custom_1585592675763{border-top-width: 0px !important;padding-top: 0px !important;}&#8221;]Bodite aktivni in razi\u0161\u010dite naravne lepote majhne vasice Korni\u0107, ki se nahaja blizu mesta Krk. Sprehodite se po pode\u017eelju, raziskujte naravne lepote majhne vasice in u\u017eivajte na sve\u017eem zraku ter se malo razgibajte. Med bivanjem v Korni\u0107u vam priporo\u010damo obisk Korni\u0107eve etnografske zbirke in si ogledate, kako so ljudje \u017eiveli v starih \u010dasih. Ta rekreacijska pot je dolga ve\u010d kot 3 km, za to pa boste potrebovali pribli\u017eno 1 uro in pol.[\/vc_column_text][\/vc_column][vc_column width=&#8221;1\/2&#8243; css=&#8221;.vc_custom_1559125192021{border-top-width: 0px !important;padding-top: 10px !important;}&#8221;][\/vc_column][\/vc_row][vc_row][vc_column][vc_empty_space height=&#8221;10px&#8221;][vc_raw_html]JTNDaWZyYW1lJTIwc3JjJTNEJTIyaHR0cHMlM0ElMkYlMkZ3d3cuZ29vZ2xlLmNvbSUyRm1hcHMlMkZkJTJGdSUyRjAlMkZlbWJlZCUzRm1pZCUzRDFIbUg5T1lLRHNFbGw5QXZNQkJNMWlScGJnMHpYbmpaYSUyMiUyMHdpZHRoJTNEJTIyOTgwJTIyJTIwaGVpZ2h0JTNEJTIyMzUwJTIyJTNFJTNDJTJGaWZyYW1lJTNF[\/vc_raw_html][\/vc_column][\/vc_row]\" \/>\n<meta property=\"og:url\" content=\"https:\/\/experiencekrk.com\/sl\/pohodnistvo\/rekreacijska-pot-kornic\/\" \/>\n<meta property=\"og:site_name\" content=\"Experience Krk\" \/>\n<meta property=\"article:modified_time\" content=\"2020-03-30T18:25:03+00:00\" \/>\n<meta name=\"twitter:card\" content=\"summary_large_image\" \/>\n<meta name=\"twitter:label1\" content=\"Est. reading time\">\n\t<meta name=\"twitter:data1\" content=\"1 minuta\">\n<script type=\"application\/ld+json\" class=\"yoast-schema-graph\">{\"@context\":\"https:\/\/schema.org\",\"@graph\":[{\"@type\":\"WebSite\",\"@id\":\"https:\/\/experiencekrk.com\/#website\",\"url\":\"https:\/\/experiencekrk.com\/\",\"name\":\"Experience Krk\",\"description\":\"Cultural Tours, Food &amp; Wine and more\",\"potentialAction\":[{\"@type\":\"SearchAction\",\"target\":\"https:\/\/experiencekrk.com\/?s={search_term_string}\",\"query-input\":\"required name=search_term_string\"}],\"inLanguage\":\"sl-SI\"},{\"@type\":\"WebPage\",\"@id\":\"https:\/\/experiencekrk.com\/sl\/pohodnistvo\/rekreacijska-pot-kornic\/#webpage\",\"url\":\"https:\/\/experiencekrk.com\/sl\/pohodnistvo\/rekreacijska-pot-kornic\/\",\"name\":\"Rekreacijska pot Korni\\u0107 - Experience Krk\",\"isPartOf\":{\"@id\":\"https:\/\/experiencekrk.com\/#website\"},\"datePublished\":\"2019-06-06T12:56:40+00:00\",\"dateModified\":\"2020-03-30T18:25:03+00:00\",\"breadcrumb\":{\"@id\":\"https:\/\/experiencekrk.com\/sl\/pohodnistvo\/rekreacijska-pot-kornic\/#breadcrumb\"},\"inLanguage\":\"sl-SI\",\"potentialAction\":[{\"@type\":\"ReadAction\",\"target\":[\"https:\/\/experiencekrk.com\/sl\/pohodnistvo\/rekreacijska-pot-kornic\/\"]}]},{\"@type\":\"BreadcrumbList\",\"@id\":\"https:\/\/experiencekrk.com\/sl\/pohodnistvo\/rekreacijska-pot-kornic\/#breadcrumb\",\"itemListElement\":[{\"@type\":\"ListItem\",\"position\":1,\"item\":{\"@type\":\"WebPage\",\"@id\":\"https:\/\/experiencekrk.com\/sl\/\",\"url\":\"https:\/\/experiencekrk.com\/sl\/\",\"name\":\"Home\"}},{\"@type\":\"ListItem\",\"position\":2,\"item\":{\"@type\":\"WebPage\",\"@id\":\"https:\/\/experiencekrk.com\/sl\/pohodnistvo\/\",\"url\":\"https:\/\/experiencekrk.com\/sl\/pohodnistvo\/\",\"name\":\"Pohodni\\u0161tvo\"}},{\"@type\":\"ListItem\",\"position\":3,\"item\":{\"@type\":\"WebPage\",\"@id\":\"https:\/\/experiencekrk.com\/sl\/pohodnistvo\/rekreacijska-pot-kornic\/\",\"url\":\"https:\/\/experiencekrk.com\/sl\/pohodnistvo\/rekreacijska-pot-kornic\/\",\"name\":\"Rekreacijska pot Korni\\u0107\"}}]}]}<\/script>\n<!-- \/ Yoast SEO plugin. -->","_links":{"self":[{"href":"https:\/\/experiencekrk.com\/sl\/wp-json\/wp\/v2\/pages\/11572"}],"collection":[{"href":"https:\/\/experiencekrk.com\/sl\/wp-json\/wp\/v2\/pages"}],"about":[{"href":"https:\/\/experiencekrk.com\/sl\/wp-json\/wp\/v2\/types\/page"}],"author":[{"embeddable":true,"href":"https:\/\/experiencekrk.com\/sl\/wp-json\/wp\/v2\/users\/1"}],"replies":[{"embeddable":true,"href":"https:\/\/experiencekrk.com\/sl\/wp-json\/wp\/v2\/comments?post=11572"}],"version-history":[{"count":2,"href":"https:\/\/experiencekrk.com\/sl\/wp-json\/wp\/v2\/pages\/11572\/revisions"}],"predecessor-version":[{"id":11576,"href":"https:\/\/experiencekrk.com\/sl\/wp-json\/wp\/v2\/pages\/11572\/revisions\/11576"}],"up":[{"embeddable":true,"href":"https:\/\/experiencekrk.com\/sl\/wp-json\/wp\/v2\/pages\/10905"}],"wp:attachment":[{"href":"https:\/\/experiencekrk.com\/sl\/wp-json\/wp\/v2\/media?parent=11572"}],"curies":[{"name":"wp","href":"https:\/\/api.w.org\/{rel}","templated":true}]}}