{"id":11188,"date":"2019-06-05T09:46:44","date_gmt":"2019-06-05T09:46:44","guid":{"rendered":"https:\/\/experiencekrk.com\/druzinski-dopust\/active-family-vacation\/"},"modified":"2020-03-29T17:31:15","modified_gmt":"2020-03-29T17:31:15","slug":"active-family-vacation","status":"publish","type":"page","link":"https:\/\/experiencekrk.com\/sl\/druzinski-dopust\/active-family-vacation\/","title":{"rendered":"Aktivne dru\u017einske po\u010ditnice"},"content":{"rendered":"<p>[vc_row][vc_column]<div class=\"mkdf-section-title-holder\">\n\t<h1 class=\"mkdf-section-title mkdf-section-title-medium\" >\n\tActive family vacation<\/h1>\n<\/div>[\/vc_column][\/vc_row][vc_row][vc_column width=&#8221;1\/2&#8243; css=&#8221;.vc_custom_1559125178706{padding-top: 0px !important;}&#8221;][vc_column_text css=&#8221;.vc_custom_1585502987403{border-top-width: 0px !important;padding-top: 0px !important;}&#8221;]<span style=\"font-weight: 400;\">Mesto Krk ima obse\u017eno ponudbo za tiste dru\u017eine, ki i\u0161\u010dejo aktivne po\u010ditnice skozi vse leto. Obstaja ve\u010d kolesarskih stez, ki so primerne za vo\u017enjo z otroki. Ena od njih je kolesarski zemljevid, ki poteka okoli polotoka Prinba &#8211; <\/span><a href=\"https:\/\/www.bikemap.net\/en\/r\/4945274\/\"><span style=\"font-weight: 400;\">ogled zemljevida<\/span><\/a><span style=\"font-weight: 400;\">. Na <\/span><a href=\"https:\/\/experiencekrk.com\/sl\/pustolovsko-potovanje\/wakeboard-cable-krk\/\"><span style=\"font-weight: 400;\">Wakeboard cable Krk<\/span><\/a><span style=\"font-weight: 400;\"> se lahko pridru\u017eite \u0161oli wakeboardanja za otroke.<\/span><\/p>\n<p><span style=\"font-weight: 400;\">Na lokaciji pla\u017ee Dra\u017eice in znotraj igri\u0161\u010da Kamp Krk se nahajajo razli\u010dni \u0161portni rekreacijski objekti, kot so teni\u0161ko igri\u0161\u010de, igri\u0161\u010de za odbojko in ko\u0161arko, igri\u0161\u010de za mini golf, namizni tenis, igri\u0161\u010de za badminton \/ speedminton\u2026 V poletnih mesecih na pla\u017ei Dra\u017eice najmlaj\u0161i lahko u\u017eivajo na toboganih in vodnem trampolinu.<\/span>[\/vc_column_text][vc_column_text][\/vc_column_text][\/vc_column][vc_column width=&#8221;1\/2&#8243; css=&#8221;.vc_custom_1559125192021{border-top-width: 0px !important;padding-top: 10px !important;}&#8221;]<div class=\"mkdf-image-gallery\">\n\t<div class=\"mkdf-image-gallery-slider \" data-autoplay=\"5\" data-animation=\"slide\" data-navigation=\"yes\" data-pagination=\"yes\">\n\t\t\t\t\t\t\t\t\t<img width=\"600\" height=\"400\" src=\"https:\/\/experiencekrk.com\/wp-content\/uploads\/2019\/06\/City-of-Krk-water-trampolin.jpg\" class=\"attachment-full size-full\" alt=\"\" loading=\"lazy\" srcset=\"https:\/\/experiencekrk.com\/wp-content\/uploads\/2019\/06\/City-of-Krk-water-trampolin.jpg 600w, https:\/\/experiencekrk.com\/wp-content\/uploads\/2019\/06\/City-of-Krk-water-trampolin-300x200.jpg 300w\" sizes=\"(max-width: 600px) 100vw, 600px\" \/>\t\t\t\t\t\t\t\t\t\t\t\t\t<img width=\"600\" height=\"400\" src=\"https:\/\/experiencekrk.com\/wp-content\/uploads\/2019\/06\/City-of-Krk-water-trampolin-at-beach-Drazice.jpg\" class=\"attachment-full size-full\" alt=\"\" loading=\"lazy\" srcset=\"https:\/\/experiencekrk.com\/wp-content\/uploads\/2019\/06\/City-of-Krk-water-trampolin-at-beach-Drazice.jpg 600w, https:\/\/experiencekrk.com\/wp-content\/uploads\/2019\/06\/City-of-Krk-water-trampolin-at-beach-Drazice-300x200.jpg 300w\" sizes=\"(max-width: 600px) 100vw, 600px\" \/>\t\t\t\t\t\t\t\t\t\t\t\t\t<img width=\"600\" height=\"400\" src=\"https:\/\/experiencekrk.com\/wp-content\/uploads\/2019\/06\/City-of-Krk-beach-Drazice-and-water-trampolin.jpg\" class=\"attachment-full size-full\" alt=\"\" loading=\"lazy\" srcset=\"https:\/\/experiencekrk.com\/wp-content\/uploads\/2019\/06\/City-of-Krk-beach-Drazice-and-water-trampolin.jpg 600w, https:\/\/experiencekrk.com\/wp-content\/uploads\/2019\/06\/City-of-Krk-beach-Drazice-and-water-trampolin-300x200.jpg 300w\" sizes=\"(max-width: 600px) 100vw, 600px\" \/>\t\t\t\t\t\t\t\t\t\t\t\t\t<img width=\"600\" height=\"400\" src=\"https:\/\/experiencekrk.com\/wp-content\/uploads\/2019\/06\/City-of-Krk-bay-at-beach-Drazice.jpg\" class=\"attachment-full size-full\" alt=\"\" loading=\"lazy\" srcset=\"https:\/\/experiencekrk.com\/wp-content\/uploads\/2019\/06\/City-of-Krk-bay-at-beach-Drazice.jpg 600w, https:\/\/experiencekrk.com\/wp-content\/uploads\/2019\/06\/City-of-Krk-bay-at-beach-Drazice-300x200.jpg 300w\" sizes=\"(max-width: 600px) 100vw, 600px\" \/>\t\t\t\t\t\t\t\t\t\t\t\t\t<img width=\"600\" height=\"400\" src=\"https:\/\/experiencekrk.com\/wp-content\/uploads\/2019\/06\/City-of-Krk-water-sports-at-beach-Drazice.jpg\" class=\"attachment-full size-full\" alt=\"\" loading=\"lazy\" srcset=\"https:\/\/experiencekrk.com\/wp-content\/uploads\/2019\/06\/City-of-Krk-water-sports-at-beach-Drazice.jpg 600w, https:\/\/experiencekrk.com\/wp-content\/uploads\/2019\/06\/City-of-Krk-water-sports-at-beach-Drazice-300x200.jpg 300w\" sizes=\"(max-width: 600px) 100vw, 600px\" \/>\t\t\t\t\t\t\t<\/div>\n<\/div>[\/vc_column][\/vc_row][vc_row][vc_column]<div class=\"mkdf-section-title-holder\">\n\t<h1 class=\"mkdf-section-title mkdf-section-title-small\" >\n\tLokacija<\/h1>\n<\/div>[vc_raw_html]JTNDaWZyYW1lJTIwc3JjJTNEJTIyaHR0cHMlM0ElMkYlMkZ3d3cuZ29vZ2xlLmNvbSUyRm1hcHMlMkZlbWJlZCUzRnBiJTNEJTIxMW0xOCUyMTFtMTIlMjExbTMlMjExZDQyMjg0LjU1MjUxMjY2MTgxJTIxMmQxNC41NjAyMzY1NDQ3MjgxOTElMjEzZDQ1LjAyMDQwOTg1NDUwNzElMjEybTMlMjExZjAlMjEyZjAlMjEzZjAlMjEzbTIlMjExaTEwMjQlMjEyaTc2OCUyMTRmMTMuMSUyMTNtMyUyMTFtMiUyMTFzMHg0NzYzNzIxNGU1MjJlMTFkJTI1M0EweGM1MjU2MWJlNThkNTA1ZTAlMjEyelVHeGh4YjVoSUVSeVljVy1hV05oJTIxNWUwJTIxM20yJTIxMXNlbiUyMTJzaHIlMjE0djE1NTk3Mzc0OTIxMDUlMjE1bTIlMjExc2VuJTIxMnNociUyMiUyMHdpZHRoJTNEJTIyOTgwJTIyJTIwaGVpZ2h0JTNEJTIyMzUwJTIyJTIwZnJhbWVib3JkZXIlM0QlMjIwJTIyJTIwc3R5bGUlM0QlMjJib3JkZXIlM0EwJTIyJTIwYWxsb3dmdWxsc2NyZWVuJTNFJTNDJTJGaWZyYW1lJTNF[\/vc_raw_html]<div class=\"mkdf-separator-holder clearfix  mkdf-separator-center mkdf-separator-full-width\">\n\t<div class=\"mkdf-separator\" style=\"border-color: #ebebeb;border-style: solid;border-bottom-width: 1px;margin-top: 20px;margin-bottom: 45px\"><\/div>\n<\/div>\n[vc_empty_space height=&#8221;40px&#8221;][\/vc_column][\/vc_row][vc_row][vc_column width=&#8221;1\/2&#8243; css=&#8221;.vc_custom_1559123188863{padding-top: 15px !important;}&#8221;]<div class=\"mkdf-section-title-holder\">\n\t<h1 class=\"mkdf-section-title mkdf-section-title-medium\" >\n\tCenter aktivnosti Krk<\/h1>\n<\/div>[vc_column_text css=&#8221;.vc_custom_1585503047254{border-top-width: 0px !important;padding-top: 0px !important;}&#8221;]<span style=\"font-weight: 400;\">Center aktivnosti Krk je uli\u010dni vadbeni kompleks, ki se nahaja v senci borovega gozda s pogledom na morje. Kompleks je zasnovan po vadbenih standardih, ponuja pa tudi mo\u017enost na\u010drtovanja individualnega ali skupinskega treninga za razli\u010dne programe vadbe (osnovni fitness, crossfit elementi, parkour te\u010daji, osnovna koordinacija\u2026).<\/span><\/p>\n<p><span style=\"font-weight: 400;\">Ve\u010d informacij o organiziranem usposabljanju najdete na Facebook strani: <\/span><a href=\"https:\/\/www.facebook.com\/activitycenterkrk\/\"><span style=\"font-weight: 400;\">Center aktivnosti Krk<\/span><\/a><\/p>\n<p><span style=\"font-weight: 400;\">ali pa jim pi\u0161ite na <\/span><a href=\"mailto:activitieskrk@gmail.com\"><span style=\"font-weight: 400;\">activitieskrk@gmail.com<\/span><\/a><span style=\"font-weight: 400;\">.<\/span><\/p>\n<p>[\/vc_column_text][vc_column_text][\/vc_column_text][\/vc_column][vc_column width=&#8221;1\/2&#8243; css=&#8221;.vc_custom_1559125093053{border-top-width: 0px !important;padding-top: 25px !important;}&#8221;]<div class=\"mkdf-image-gallery\">\n\t<div class=\"mkdf-image-gallery-slider \" data-autoplay=\"5\" data-animation=\"slide\" data-navigation=\"yes\" data-pagination=\"yes\">\n\t\t\t\t\t\t\t\t\t<img width=\"600\" height=\"400\" src=\"https:\/\/experiencekrk.com\/wp-content\/uploads\/2019\/06\/City-of-Krk-active-center-krk-2.jpg\" class=\"attachment-full size-full\" alt=\"\" loading=\"lazy\" srcset=\"https:\/\/experiencekrk.com\/wp-content\/uploads\/2019\/06\/City-of-Krk-active-center-krk-2.jpg 600w, https:\/\/experiencekrk.com\/wp-content\/uploads\/2019\/06\/City-of-Krk-active-center-krk-2-300x200.jpg 300w\" sizes=\"(max-width: 600px) 100vw, 600px\" \/>\t\t\t\t\t\t\t\t\t\t\t\t\t<img width=\"600\" height=\"400\" src=\"https:\/\/experiencekrk.com\/wp-content\/uploads\/2019\/06\/City-of-Krk-active-center-krk.jpg\" class=\"attachment-full size-full\" alt=\"\" loading=\"lazy\" srcset=\"https:\/\/experiencekrk.com\/wp-content\/uploads\/2019\/06\/City-of-Krk-active-center-krk.jpg 600w, https:\/\/experiencekrk.com\/wp-content\/uploads\/2019\/06\/City-of-Krk-active-center-krk-300x200.jpg 300w\" sizes=\"(max-width: 600px) 100vw, 600px\" \/>\t\t\t\t\t\t\t\t\t\t\t\t\t<img width=\"600\" height=\"400\" src=\"https:\/\/experiencekrk.com\/wp-content\/uploads\/2019\/06\/City-of-Krk-active-center-krk-4.jpg\" class=\"attachment-full size-full\" alt=\"\" loading=\"lazy\" srcset=\"https:\/\/experiencekrk.com\/wp-content\/uploads\/2019\/06\/City-of-Krk-active-center-krk-4.jpg 600w, https:\/\/experiencekrk.com\/wp-content\/uploads\/2019\/06\/City-of-Krk-active-center-krk-4-300x200.jpg 300w\" sizes=\"(max-width: 600px) 100vw, 600px\" \/>\t\t\t\t\t\t\t\t\t\t\t\t\t<img width=\"600\" height=\"400\" src=\"https:\/\/experiencekrk.com\/wp-content\/uploads\/2019\/06\/City-of-Krk-active-center-krk-7.jpg\" class=\"attachment-full size-full\" alt=\"\" loading=\"lazy\" srcset=\"https:\/\/experiencekrk.com\/wp-content\/uploads\/2019\/06\/City-of-Krk-active-center-krk-7.jpg 600w, https:\/\/experiencekrk.com\/wp-content\/uploads\/2019\/06\/City-of-Krk-active-center-krk-7-300x200.jpg 300w\" sizes=\"(max-width: 600px) 100vw, 600px\" \/>\t\t\t\t\t\t\t\t\t\t\t\t\t<img width=\"600\" height=\"400\" src=\"https:\/\/experiencekrk.com\/wp-content\/uploads\/2019\/06\/City-of-Krk-active-center-krk-6.jpg\" class=\"attachment-full size-full\" alt=\"\" loading=\"lazy\" srcset=\"https:\/\/experiencekrk.com\/wp-content\/uploads\/2019\/06\/City-of-Krk-active-center-krk-6.jpg 600w, https:\/\/experiencekrk.com\/wp-content\/uploads\/2019\/06\/City-of-Krk-active-center-krk-6-300x200.jpg 300w\" sizes=\"(max-width: 600px) 100vw, 600px\" \/>\t\t\t\t\t\t\t\t\t\t\t\t\t<img width=\"600\" height=\"400\" src=\"https:\/\/experiencekrk.com\/wp-content\/uploads\/2019\/06\/City-of-Krk-active-center-krk-5.jpg\" class=\"attachment-full size-full\" alt=\"\" loading=\"lazy\" srcset=\"https:\/\/experiencekrk.com\/wp-content\/uploads\/2019\/06\/City-of-Krk-active-center-krk-5.jpg 600w, https:\/\/experiencekrk.com\/wp-content\/uploads\/2019\/06\/City-of-Krk-active-center-krk-5-300x200.jpg 300w\" sizes=\"(max-width: 600px) 100vw, 600px\" \/>\t\t\t\t\t\t\t\t\t\t\t\t\t<img width=\"600\" height=\"400\" src=\"https:\/\/experiencekrk.com\/wp-content\/uploads\/2019\/06\/City-of-Krk-active-center-krk-3.jpg\" class=\"attachment-full size-full\" alt=\"\" loading=\"lazy\" srcset=\"https:\/\/experiencekrk.com\/wp-content\/uploads\/2019\/06\/City-of-Krk-active-center-krk-3.jpg 600w, https:\/\/experiencekrk.com\/wp-content\/uploads\/2019\/06\/City-of-Krk-active-center-krk-3-300x200.jpg 300w\" sizes=\"(max-width: 600px) 100vw, 600px\" \/>\t\t\t\t\t\t\t<\/div>\n<\/div>[\/vc_column][\/vc_row][vc_row][vc_column]<div class=\"mkdf-section-title-holder\">\n\t<h1 class=\"mkdf-section-title mkdf-section-title-small\" >\n\tLokacija<\/h1>\n<\/div>[vc_raw_html]JTNDaWZyYW1lJTIwc3JjJTNEJTIyaHR0cHMlM0ElMkYlMkZ3d3cuZ29vZ2xlLmNvbSUyRm1hcHMlMkZlbWJlZCUzRnBiJTNEJTIxMW0xOCUyMTFtMTIlMjExbTMlMjExZDk5NzYuOTMwMTAzODExMjQlMjEyZDE0LjU3NDgzODgwNTE2Njk3MyUyMTNkNDUuMDI1NTUyMTA3Njg0MzElMjEybTMlMjExZjAlMjEyZjAlMjEzZjAlMjEzbTIlMjExaTEwMjQlMjEyaTc2OCUyMTRmMTMuMSUyMTNtMyUyMTFtMiUyMTFzMHg0NzYzNzIxNTFhNGY4OTk1JTI1M0EweDkyZTM3MGIzN2IwOGU5MWUlMjEyc0FjdGl2aXR5JTJCY2VudGVyJTJCS3JrJTIxNWUwJTIxM20yJTIxMXNlbiUyMTJzaHIlMjE0djE1NTk3Mzc3MzEzMjAlMjE1bTIlMjExc2VuJTIxMnNociUyMiUyMHdpZHRoJTNEJTIyOTgwJTIyJTIwaGVpZ2h0JTNEJTIyMzUwJTIyJTIwZnJhbWVib3JkZXIlM0QlMjIwJTIyJTIwc3R5bGUlM0QlMjJib3JkZXIlM0EwJTIyJTIwYWxsb3dmdWxsc2NyZWVuJTNFJTNDJTJGaWZyYW1lJTNF[\/vc_raw_html][vc_empty_space height=&#8221;40px&#8221;][\/vc_column][\/vc_row]<\/p>\n","protected":false},"excerpt":{"rendered":"<p>[vc_row][vc_column][\/vc_column][\/vc_row][vc_row][vc_column width=&#8221;1\/2&#8243; css=&#8221;.vc_custom_1559125178706{padding-top: 0px !important;}&#8221;][vc_column_text css=&#8221;.vc_custom_1585502987403{border-top-width: 0px !important;padding-top: 0px !important;}&#8221;]Mesto Krk ima obse\u017eno ponudbo za tiste dru\u017eine, ki i\u0161\u010dejo aktivne po\u010ditnice skozi vse leto. Obstaja ve\u010d kolesarskih stez, ki so primerne za vo\u017enjo z otroki. Ena od njih je kolesarski zemljevid, ki poteka okoli polotoka Prinba &#8211; ogled zemljevida. Na Wakeboard cable Krk se lahko pridru\u017eite \u0161oli wakeboardanja za otroke. Na lokaciji pla\u017ee Dra\u017eice in znotraj igri\u0161\u010da Kamp Krk se nahajajo razli\u010dni \u0161portni rekreacijski objekti, kot so teni\u0161ko igri\u0161\u010de, igri\u0161\u010de za odbojko in ko\u0161arko, igri\u0161\u010de za mini golf, namizni tenis,&#8230;<\/p>\n","protected":false},"author":1,"featured_media":0,"parent":10656,"menu_order":0,"comment_status":"closed","ping_status":"closed","template":"","meta":[],"yoast_head":"<!-- This site is optimized with the Yoast SEO plugin v16.0.1 - https:\/\/yoast.com\/wordpress\/plugins\/seo\/ -->\n<title>Aktivne dru\u017einske po\u010ditnice - Experience Krk<\/title>\n<link rel=\"canonical\" href=\"https:\/\/experiencekrk.com\/sl\/druzinski-dopust\/active-family-vacation\/\" \/>\n<meta property=\"og:locale\" content=\"sl_SI\" \/>\n<meta property=\"og:type\" content=\"article\" \/>\n<meta property=\"og:title\" content=\"Aktivne dru\u017einske po\u010ditnice - Experience Krk\" \/>\n<meta property=\"og:description\" content=\"[vc_row][vc_column][\/vc_column][\/vc_row][vc_row][vc_column width=&#8221;1\/2&#8243; css=&#8221;.vc_custom_1559125178706{padding-top: 0px !important;}&#8221;][vc_column_text css=&#8221;.vc_custom_1585502987403{border-top-width: 0px !important;padding-top: 0px !important;}&#8221;]Mesto Krk ima obse\u017eno ponudbo za tiste dru\u017eine, ki i\u0161\u010dejo aktivne po\u010ditnice skozi vse leto. Obstaja ve\u010d kolesarskih stez, ki so primerne za vo\u017enjo z otroki. Ena od njih je kolesarski zemljevid, ki poteka okoli polotoka Prinba &#8211; ogled zemljevida. Na Wakeboard cable Krk se lahko pridru\u017eite \u0161oli wakeboardanja za otroke. Na lokaciji pla\u017ee Dra\u017eice in znotraj igri\u0161\u010da Kamp Krk se nahajajo razli\u010dni \u0161portni rekreacijski objekti, kot so teni\u0161ko igri\u0161\u010de, igri\u0161\u010de za odbojko in ko\u0161arko, igri\u0161\u010de za mini golf, namizni tenis,...\" \/>\n<meta property=\"og:url\" content=\"https:\/\/experiencekrk.com\/sl\/druzinski-dopust\/active-family-vacation\/\" \/>\n<meta property=\"og:site_name\" content=\"Experience Krk\" \/>\n<meta property=\"article:modified_time\" content=\"2020-03-29T17:31:15+00:00\" \/>\n<meta name=\"twitter:card\" content=\"summary_large_image\" \/>\n<meta name=\"twitter:label1\" content=\"Est. reading time\">\n\t<meta name=\"twitter:data1\" content=\"3 minute\">\n<script type=\"application\/ld+json\" class=\"yoast-schema-graph\">{\"@context\":\"https:\/\/schema.org\",\"@graph\":[{\"@type\":\"WebSite\",\"@id\":\"https:\/\/experiencekrk.com\/#website\",\"url\":\"https:\/\/experiencekrk.com\/\",\"name\":\"Experience Krk\",\"description\":\"Cultural Tours, Food &amp; Wine and more\",\"potentialAction\":[{\"@type\":\"SearchAction\",\"target\":\"https:\/\/experiencekrk.com\/?s={search_term_string}\",\"query-input\":\"required name=search_term_string\"}],\"inLanguage\":\"sl-SI\"},{\"@type\":\"WebPage\",\"@id\":\"https:\/\/experiencekrk.com\/sl\/druzinski-dopust\/active-family-vacation\/#webpage\",\"url\":\"https:\/\/experiencekrk.com\/sl\/druzinski-dopust\/active-family-vacation\/\",\"name\":\"Aktivne dru\\u017einske po\\u010ditnice - Experience Krk\",\"isPartOf\":{\"@id\":\"https:\/\/experiencekrk.com\/#website\"},\"datePublished\":\"2019-06-05T09:46:44+00:00\",\"dateModified\":\"2020-03-29T17:31:15+00:00\",\"breadcrumb\":{\"@id\":\"https:\/\/experiencekrk.com\/sl\/druzinski-dopust\/active-family-vacation\/#breadcrumb\"},\"inLanguage\":\"sl-SI\",\"potentialAction\":[{\"@type\":\"ReadAction\",\"target\":[\"https:\/\/experiencekrk.com\/sl\/druzinski-dopust\/active-family-vacation\/\"]}]},{\"@type\":\"BreadcrumbList\",\"@id\":\"https:\/\/experiencekrk.com\/sl\/druzinski-dopust\/active-family-vacation\/#breadcrumb\",\"itemListElement\":[{\"@type\":\"ListItem\",\"position\":1,\"item\":{\"@type\":\"WebPage\",\"@id\":\"https:\/\/experiencekrk.com\/sl\/\",\"url\":\"https:\/\/experiencekrk.com\/sl\/\",\"name\":\"Home\"}},{\"@type\":\"ListItem\",\"position\":2,\"item\":{\"@type\":\"WebPage\",\"@id\":\"https:\/\/experiencekrk.com\/sl\/druzinski-dopust\/\",\"url\":\"https:\/\/experiencekrk.com\/sl\/druzinski-dopust\/\",\"name\":\"Dru\\u017einski dopust\"}},{\"@type\":\"ListItem\",\"position\":3,\"item\":{\"@type\":\"WebPage\",\"@id\":\"https:\/\/experiencekrk.com\/sl\/druzinski-dopust\/active-family-vacation\/\",\"url\":\"https:\/\/experiencekrk.com\/sl\/druzinski-dopust\/active-family-vacation\/\",\"name\":\"Aktivne dru\\u017einske po\\u010ditnice\"}}]}]}<\/script>\n<!-- \/ Yoast SEO plugin. -->","_links":{"self":[{"href":"https:\/\/experiencekrk.com\/sl\/wp-json\/wp\/v2\/pages\/11188"}],"collection":[{"href":"https:\/\/experiencekrk.com\/sl\/wp-json\/wp\/v2\/pages"}],"about":[{"href":"https:\/\/experiencekrk.com\/sl\/wp-json\/wp\/v2\/types\/page"}],"author":[{"embeddable":true,"href":"https:\/\/experiencekrk.com\/sl\/wp-json\/wp\/v2\/users\/1"}],"replies":[{"embeddable":true,"href":"https:\/\/experiencekrk.com\/sl\/wp-json\/wp\/v2\/comments?post=11188"}],"version-history":[{"count":4,"href":"https:\/\/experiencekrk.com\/sl\/wp-json\/wp\/v2\/pages\/11188\/revisions"}],"predecessor-version":[{"id":11193,"href":"https:\/\/experiencekrk.com\/sl\/wp-json\/wp\/v2\/pages\/11188\/revisions\/11193"}],"up":[{"embeddable":true,"href":"https:\/\/experiencekrk.com\/sl\/wp-json\/wp\/v2\/pages\/10656"}],"wp:attachment":[{"href":"https:\/\/experiencekrk.com\/sl\/wp-json\/wp\/v2\/media?parent=11188"}],"curies":[{"name":"wp","href":"https:\/\/api.w.org\/{rel}","templated":true}]}}