{"id":11184,"date":"2019-08-30T08:59:14","date_gmt":"2019-08-30T08:59:14","guid":{"rendered":"https:\/\/experiencekrk.com\/dogodki-festivali\/krk-sails\/"},"modified":"2020-03-29T17:27:44","modified_gmt":"2020-03-29T17:27:44","slug":"krk-sails","status":"publish","type":"page","link":"https:\/\/experiencekrk.com\/sl\/dogodki-festivali\/krk-sails\/","title":{"rendered":"Kr\u0161ka Jadra"},"content":{"rendered":"<p>[vc_row][vc_column]<div class=\"mkdf-section-title-holder\">\n\t<h1 class=\"mkdf-section-title mkdf-section-title-medium\" >\n\tKr\u0161ka Jadra - tradicionalna regata<\/h1>\n<\/div>[vc_row_inner][vc_column_inner width=&#8221;1\/2&#8243;][vc_column_text css=&#8221;.vc_custom_1585502854121{border-top-width: 0px !important;padding-top: 0px !important;}&#8221;]<span style=\"font-weight: 400;\">Od leta 1998 vsako leto 15. avgusta mesto Krk gosti prireditev Krk\u010dka jedra &#8211; regata tradicionalnih lesenih jadrnic. Ta jadralna regata je organizirana z namenom ohranjanja in predstavitve bogate morske dedi\u0161\u010dine otoka Krka. Program se tradicionalno za\u010dne opoldne, ko \u010dolni odplujejo s kr\u0161kega pomola.<\/span><\/p>\n<p><span style=\"font-weight: 400;\">Po regatnem jadralnem delu sledi razstava starih jadrnic, glasbe v \u017eivo in pesni\u0161kih recitalov. In ko pade no\u010d, se za\u010dne edinstveno slikovito no\u010dno jadranje v pristani\u0161\u010du.<\/span><\/p>\n<p><span style=\"font-weight: 400;\">\u010ce \u017eelite do\u017eiveti Kr\u0161ka Jadra, si oglejte kratek video spodaj:<\/span>[\/vc_column_text][\/vc_column_inner][vc_column_inner width=&#8221;1\/2&#8243;]<div class=\"mkdf-image-gallery\">\n\t<div class=\"mkdf-image-gallery-slider \" data-autoplay=\"5\" data-animation=\"slide\" data-navigation=\"yes\" data-pagination=\"yes\">\n\t\t\t\t\t\t\t\t\t<img width=\"600\" height=\"400\" src=\"https:\/\/experiencekrk.com\/wp-content\/uploads\/2019\/08\/TZKrk-Krk-Jedra.jpg\" class=\"attachment-full size-full\" alt=\"\" loading=\"lazy\" srcset=\"https:\/\/experiencekrk.com\/wp-content\/uploads\/2019\/08\/TZKrk-Krk-Jedra.jpg 600w, https:\/\/experiencekrk.com\/wp-content\/uploads\/2019\/08\/TZKrk-Krk-Jedra-300x200.jpg 300w\" sizes=\"(max-width: 600px) 100vw, 600px\" \/>\t\t\t\t\t\t\t\t\t\t\t\t\t<img width=\"600\" height=\"400\" src=\"https:\/\/experiencekrk.com\/wp-content\/uploads\/2019\/08\/TZKrk-Krk-Jedra-1.jpg\" class=\"attachment-full size-full\" alt=\"\" loading=\"lazy\" srcset=\"https:\/\/experiencekrk.com\/wp-content\/uploads\/2019\/08\/TZKrk-Krk-Jedra-1.jpg 600w, https:\/\/experiencekrk.com\/wp-content\/uploads\/2019\/08\/TZKrk-Krk-Jedra-1-300x200.jpg 300w\" sizes=\"(max-width: 600px) 100vw, 600px\" \/>\t\t\t\t\t\t\t\t\t\t\t\t\t<img width=\"600\" height=\"400\" src=\"https:\/\/experiencekrk.com\/wp-content\/uploads\/2019\/08\/TZKrk-Krk-Jedra-2.jpg\" class=\"attachment-full size-full\" alt=\"\" loading=\"lazy\" srcset=\"https:\/\/experiencekrk.com\/wp-content\/uploads\/2019\/08\/TZKrk-Krk-Jedra-2.jpg 600w, https:\/\/experiencekrk.com\/wp-content\/uploads\/2019\/08\/TZKrk-Krk-Jedra-2-300x200.jpg 300w\" sizes=\"(max-width: 600px) 100vw, 600px\" \/>\t\t\t\t\t\t\t\t\t\t\t\t\t<img width=\"600\" height=\"400\" src=\"https:\/\/experiencekrk.com\/wp-content\/uploads\/2019\/08\/TZKrk-Krk-Jedra-3.jpg\" class=\"attachment-full size-full\" alt=\"\" loading=\"lazy\" srcset=\"https:\/\/experiencekrk.com\/wp-content\/uploads\/2019\/08\/TZKrk-Krk-Jedra-3.jpg 600w, https:\/\/experiencekrk.com\/wp-content\/uploads\/2019\/08\/TZKrk-Krk-Jedra-3-300x200.jpg 300w\" sizes=\"(max-width: 600px) 100vw, 600px\" \/>\t\t\t\t\t\t\t\t\t\t\t\t\t<img width=\"600\" height=\"400\" src=\"https:\/\/experiencekrk.com\/wp-content\/uploads\/2019\/08\/TZKrk-Krk-Jedra-4.jpg\" class=\"attachment-full size-full\" alt=\"\" loading=\"lazy\" srcset=\"https:\/\/experiencekrk.com\/wp-content\/uploads\/2019\/08\/TZKrk-Krk-Jedra-4.jpg 600w, https:\/\/experiencekrk.com\/wp-content\/uploads\/2019\/08\/TZKrk-Krk-Jedra-4-300x200.jpg 300w\" sizes=\"(max-width: 600px) 100vw, 600px\" \/>\t\t\t\t\t\t\t\t\t\t\t\t\t<img width=\"600\" height=\"400\" src=\"https:\/\/experiencekrk.com\/wp-content\/uploads\/2019\/08\/TZKrk-Krk-Jedra-5.jpg\" class=\"attachment-full size-full\" alt=\"\" loading=\"lazy\" srcset=\"https:\/\/experiencekrk.com\/wp-content\/uploads\/2019\/08\/TZKrk-Krk-Jedra-5.jpg 600w, https:\/\/experiencekrk.com\/wp-content\/uploads\/2019\/08\/TZKrk-Krk-Jedra-5-300x200.jpg 300w\" sizes=\"(max-width: 600px) 100vw, 600px\" \/>\t\t\t\t\t\t\t\t\t\t\t\t\t<img width=\"600\" height=\"400\" src=\"https:\/\/experiencekrk.com\/wp-content\/uploads\/2019\/08\/TZKrk-Krk-Jedra-6.jpg\" class=\"attachment-full size-full\" alt=\"\" loading=\"lazy\" srcset=\"https:\/\/experiencekrk.com\/wp-content\/uploads\/2019\/08\/TZKrk-Krk-Jedra-6.jpg 600w, https:\/\/experiencekrk.com\/wp-content\/uploads\/2019\/08\/TZKrk-Krk-Jedra-6-300x200.jpg 300w\" sizes=\"(max-width: 600px) 100vw, 600px\" \/>\t\t\t\t\t\t\t\t\t\t\t\t\t<img width=\"600\" height=\"400\" src=\"https:\/\/experiencekrk.com\/wp-content\/uploads\/2019\/08\/TZKrk-Krk-Jedra-7.jpg\" class=\"attachment-full size-full\" alt=\"\" loading=\"lazy\" srcset=\"https:\/\/experiencekrk.com\/wp-content\/uploads\/2019\/08\/TZKrk-Krk-Jedra-7.jpg 600w, https:\/\/experiencekrk.com\/wp-content\/uploads\/2019\/08\/TZKrk-Krk-Jedra-7-300x200.jpg 300w\" sizes=\"(max-width: 600px) 100vw, 600px\" \/>\t\t\t\t\t\t\t<\/div>\n<\/div>[\/vc_column_inner][\/vc_row_inner][vc_row_inner][vc_column_inner][vc_video link=&#8221;https:\/\/youtu.be\/1m5aD7BlDIQ&#8221;][\/vc_column_inner][\/vc_row_inner][vc_empty_space][\/vc_column][\/vc_row]<\/p>\n","protected":false},"excerpt":{"rendered":"<p>[vc_row][vc_column][vc_row_inner][vc_column_inner width=&#8221;1\/2&#8243;][vc_column_text css=&#8221;.vc_custom_1585502854121{border-top-width: 0px !important;padding-top: 0px !important;}&#8221;]Od leta 1998 vsako leto 15. avgusta mesto Krk gosti prireditev Krk\u010dka jedra &#8211; regata tradicionalnih lesenih jadrnic. Ta jadralna regata je organizirana z namenom ohranjanja in predstavitve bogate morske dedi\u0161\u010dine otoka Krka. Program se tradicionalno za\u010dne opoldne, ko \u010dolni odplujejo s kr\u0161kega pomola. Po regatnem jadralnem delu sledi razstava starih jadrnic, glasbe v \u017eivo in pesni\u0161kih recitalov. In ko pade no\u010d, se za\u010dne edinstveno slikovito no\u010dno jadranje v pristani\u0161\u010du. \u010ce \u017eelite do\u017eiveti Kr\u0161ka Jadra, si oglejte kratek video spodaj:[\/vc_column_text][\/vc_column_inner][vc_column_inner width=&#8221;1\/2&#8243;][\/vc_column_inner][\/vc_row_inner][vc_row_inner][vc_column_inner][vc_video link=&#8221;https:\/\/youtu.be\/1m5aD7BlDIQ&#8221;][\/vc_column_inner][\/vc_row_inner][vc_empty_space][\/vc_column][\/vc_row]<\/p>\n","protected":false},"author":1,"featured_media":0,"parent":10959,"menu_order":0,"comment_status":"closed","ping_status":"closed","template":"","meta":[],"yoast_head":"<!-- This site is optimized with the Yoast SEO plugin v16.0.1 - https:\/\/yoast.com\/wordpress\/plugins\/seo\/ -->\n<title>Kr\u0161ka Jadra - Experience Krk<\/title>\n<link rel=\"canonical\" href=\"https:\/\/experiencekrk.com\/sl\/dogodki-festivali\/krk-sails\/\" \/>\n<meta property=\"og:locale\" content=\"sl_SI\" \/>\n<meta property=\"og:type\" content=\"article\" \/>\n<meta property=\"og:title\" content=\"Kr\u0161ka Jadra - Experience Krk\" \/>\n<meta property=\"og:description\" content=\"[vc_row][vc_column][vc_row_inner][vc_column_inner width=&#8221;1\/2&#8243;][vc_column_text css=&#8221;.vc_custom_1585502854121{border-top-width: 0px !important;padding-top: 0px !important;}&#8221;]Od leta 1998 vsako leto 15. avgusta mesto Krk gosti prireditev Krk\u010dka jedra &#8211; regata tradicionalnih lesenih jadrnic. Ta jadralna regata je organizirana z namenom ohranjanja in predstavitve bogate morske dedi\u0161\u010dine otoka Krka. Program se tradicionalno za\u010dne opoldne, ko \u010dolni odplujejo s kr\u0161kega pomola. Po regatnem jadralnem delu sledi razstava starih jadrnic, glasbe v \u017eivo in pesni\u0161kih recitalov. In ko pade no\u010d, se za\u010dne edinstveno slikovito no\u010dno jadranje v pristani\u0161\u010du. \u010ce \u017eelite do\u017eiveti Kr\u0161ka Jadra, si oglejte kratek video spodaj:[\/vc_column_text][\/vc_column_inner][vc_column_inner width=&#8221;1\/2&#8243;][\/vc_column_inner][\/vc_row_inner][vc_row_inner][vc_column_inner][vc_video link=&#8221;https:\/\/youtu.be\/1m5aD7BlDIQ&#8221;][\/vc_column_inner][\/vc_row_inner][vc_empty_space][\/vc_column][\/vc_row]\" \/>\n<meta property=\"og:url\" content=\"https:\/\/experiencekrk.com\/sl\/dogodki-festivali\/krk-sails\/\" \/>\n<meta property=\"og:site_name\" content=\"Experience Krk\" \/>\n<meta property=\"article:modified_time\" content=\"2020-03-29T17:27:44+00:00\" \/>\n<meta name=\"twitter:card\" content=\"summary_large_image\" \/>\n<meta name=\"twitter:label1\" content=\"Est. reading time\">\n\t<meta name=\"twitter:data1\" content=\"1 minuta\">\n<script type=\"application\/ld+json\" class=\"yoast-schema-graph\">{\"@context\":\"https:\/\/schema.org\",\"@graph\":[{\"@type\":\"WebSite\",\"@id\":\"https:\/\/experiencekrk.com\/#website\",\"url\":\"https:\/\/experiencekrk.com\/\",\"name\":\"Experience Krk\",\"description\":\"Cultural Tours, Food &amp; Wine and more\",\"potentialAction\":[{\"@type\":\"SearchAction\",\"target\":\"https:\/\/experiencekrk.com\/?s={search_term_string}\",\"query-input\":\"required name=search_term_string\"}],\"inLanguage\":\"sl-SI\"},{\"@type\":\"WebPage\",\"@id\":\"https:\/\/experiencekrk.com\/sl\/dogodki-festivali\/krk-sails\/#webpage\",\"url\":\"https:\/\/experiencekrk.com\/sl\/dogodki-festivali\/krk-sails\/\",\"name\":\"Kr\\u0161ka Jadra - Experience Krk\",\"isPartOf\":{\"@id\":\"https:\/\/experiencekrk.com\/#website\"},\"datePublished\":\"2019-08-30T08:59:14+00:00\",\"dateModified\":\"2020-03-29T17:27:44+00:00\",\"breadcrumb\":{\"@id\":\"https:\/\/experiencekrk.com\/sl\/dogodki-festivali\/krk-sails\/#breadcrumb\"},\"inLanguage\":\"sl-SI\",\"potentialAction\":[{\"@type\":\"ReadAction\",\"target\":[\"https:\/\/experiencekrk.com\/sl\/dogodki-festivali\/krk-sails\/\"]}]},{\"@type\":\"BreadcrumbList\",\"@id\":\"https:\/\/experiencekrk.com\/sl\/dogodki-festivali\/krk-sails\/#breadcrumb\",\"itemListElement\":[{\"@type\":\"ListItem\",\"position\":1,\"item\":{\"@type\":\"WebPage\",\"@id\":\"https:\/\/experiencekrk.com\/sl\/\",\"url\":\"https:\/\/experiencekrk.com\/sl\/\",\"name\":\"Home\"}},{\"@type\":\"ListItem\",\"position\":2,\"item\":{\"@type\":\"WebPage\",\"@id\":\"https:\/\/experiencekrk.com\/sl\/dogodki-festivali\/\",\"url\":\"https:\/\/experiencekrk.com\/sl\/dogodki-festivali\/\",\"name\":\"Dogodki &#038; festivali\"}},{\"@type\":\"ListItem\",\"position\":3,\"item\":{\"@type\":\"WebPage\",\"@id\":\"https:\/\/experiencekrk.com\/sl\/dogodki-festivali\/krk-sails\/\",\"url\":\"https:\/\/experiencekrk.com\/sl\/dogodki-festivali\/krk-sails\/\",\"name\":\"Kr\\u0161ka Jadra\"}}]}]}<\/script>\n<!-- \/ Yoast SEO plugin. -->","_links":{"self":[{"href":"https:\/\/experiencekrk.com\/sl\/wp-json\/wp\/v2\/pages\/11184"}],"collection":[{"href":"https:\/\/experiencekrk.com\/sl\/wp-json\/wp\/v2\/pages"}],"about":[{"href":"https:\/\/experiencekrk.com\/sl\/wp-json\/wp\/v2\/types\/page"}],"author":[{"embeddable":true,"href":"https:\/\/experiencekrk.com\/sl\/wp-json\/wp\/v2\/users\/1"}],"replies":[{"embeddable":true,"href":"https:\/\/experiencekrk.com\/sl\/wp-json\/wp\/v2\/comments?post=11184"}],"version-history":[{"count":2,"href":"https:\/\/experiencekrk.com\/sl\/wp-json\/wp\/v2\/pages\/11184\/revisions"}],"predecessor-version":[{"id":11186,"href":"https:\/\/experiencekrk.com\/sl\/wp-json\/wp\/v2\/pages\/11184\/revisions\/11186"}],"up":[{"embeddable":true,"href":"https:\/\/experiencekrk.com\/sl\/wp-json\/wp\/v2\/pages\/10959"}],"wp:attachment":[{"href":"https:\/\/experiencekrk.com\/sl\/wp-json\/wp\/v2\/media?parent=11184"}],"curies":[{"name":"wp","href":"https:\/\/api.w.org\/{rel}","templated":true}]}}