{"id":11150,"date":"2019-08-30T08:59:23","date_gmt":"2019-08-30T08:59:23","guid":{"rendered":"https:\/\/experiencekrk.com\/dogodki-festivali\/krk-fair\/"},"modified":"2020-03-29T17:15:40","modified_gmt":"2020-03-29T17:15:40","slug":"krk-fair","status":"publish","type":"page","link":"https:\/\/experiencekrk.com\/sl\/dogodki-festivali\/krk-fair\/","title":{"rendered":"Kr\u0161ki sejem"},"content":{"rendered":"<p>[vc_row][vc_column]<div class=\"mkdf-section-title-holder\">\n\t<h1 class=\"mkdf-section-title mkdf-section-title-medium\" >\n\tKr\u0161ki sejem<\/h1>\n<\/div>[\/vc_column][\/vc_row][vc_row][vc_column width=&#8221;1\/2&#8243; css=&#8221;.vc_custom_1559125178706{padding-top: 0px !important;}&#8221;][vc_column_text css=&#8221;.vc_custom_1585502131195{border-top-width: 0px !important;padding-top: 0px !important;}&#8221;]<span style=\"font-weight: 400;\">Ne zamudite kr\u0161kega sejma, ki obi\u010dajno poteka avgusta.<\/span><\/p>\n<p><span style=\"font-weight: 400;\">Do\u017eiveli boste misti\u010dno potovanje v srednji vek, ki so ga vodili kr\u0161ki vojvodi &#8211; Frankopani, kr\u0161ki vitezi, lokostrelci, trgovci, zabavlja\u010di in bifoni na trgu Kamplin. Brezpla\u010dno se lahko udele\u017eite razli\u010dnih delavnic.<\/span><\/p>\n<p><span style=\"font-weight: 400;\">Na trgu Vela placa boste lahko u\u017eivali v nastopih Kr\u0161kega pihalnega orkestra in folklornih skupin iz Korni\u0107a, Vrha in Poljic.<\/span><\/p>\n<p><span style=\"font-weight: 400;\">\u0160tevilni nastopajo\u010di vas bodo zabavali na kr\u0161ki obali, medtem ko no\u010d svetega Lovrenca zagotovo ne bo minila brez glasbenega ognjemeta ob polno\u010di.<\/span>[\/vc_column_text][\/vc_column][vc_column width=&#8221;1\/2&#8243; css=&#8221;.vc_custom_1559125192021{border-top-width: 0px !important;padding-top: 10px !important;}&#8221;]<div class=\"mkdf-image-gallery\">\n\t<div class=\"mkdf-image-gallery-slider \" data-autoplay=\"5\" data-animation=\"slide\" data-navigation=\"yes\" data-pagination=\"yes\">\n\t\t\t\t\t\t\t\t\t<img width=\"1920\" height=\"1280\" src=\"https:\/\/experiencekrk.com\/wp-content\/uploads\/2019\/08\/FK3A9879_1920x1280.jpg\" class=\"attachment-full size-full\" alt=\"\" loading=\"lazy\" srcset=\"https:\/\/experiencekrk.com\/wp-content\/uploads\/2019\/08\/FK3A9879_1920x1280.jpg 1920w, https:\/\/experiencekrk.com\/wp-content\/uploads\/2019\/08\/FK3A9879_1920x1280-300x200.jpg 300w, https:\/\/experiencekrk.com\/wp-content\/uploads\/2019\/08\/FK3A9879_1920x1280-768x512.jpg 768w, https:\/\/experiencekrk.com\/wp-content\/uploads\/2019\/08\/FK3A9879_1920x1280-1024x683.jpg 1024w\" sizes=\"(max-width: 1920px) 100vw, 1920px\" \/>\t\t\t\t\t\t\t\t\t\t\t\t\t<img width=\"1920\" height=\"1288\" src=\"https:\/\/experiencekrk.com\/wp-content\/uploads\/2019\/08\/IMG_4710_1920x1288.jpg\" class=\"attachment-full size-full\" alt=\"\" loading=\"lazy\" srcset=\"https:\/\/experiencekrk.com\/wp-content\/uploads\/2019\/08\/IMG_4710_1920x1288.jpg 1920w, https:\/\/experiencekrk.com\/wp-content\/uploads\/2019\/08\/IMG_4710_1920x1288-300x201.jpg 300w, https:\/\/experiencekrk.com\/wp-content\/uploads\/2019\/08\/IMG_4710_1920x1288-768x515.jpg 768w, https:\/\/experiencekrk.com\/wp-content\/uploads\/2019\/08\/IMG_4710_1920x1288-1024x687.jpg 1024w\" sizes=\"(max-width: 1920px) 100vw, 1920px\" \/>\t\t\t\t\t\t\t\t\t\t\t\t\t<img width=\"1920\" height=\"1256\" src=\"https:\/\/experiencekrk.com\/wp-content\/uploads\/2019\/08\/IMG_4798_1920x1256.jpg\" class=\"attachment-full size-full\" alt=\"\" loading=\"lazy\" srcset=\"https:\/\/experiencekrk.com\/wp-content\/uploads\/2019\/08\/IMG_4798_1920x1256.jpg 1920w, https:\/\/experiencekrk.com\/wp-content\/uploads\/2019\/08\/IMG_4798_1920x1256-300x196.jpg 300w, https:\/\/experiencekrk.com\/wp-content\/uploads\/2019\/08\/IMG_4798_1920x1256-768x502.jpg 768w, https:\/\/experiencekrk.com\/wp-content\/uploads\/2019\/08\/IMG_4798_1920x1256-1024x670.jpg 1024w\" sizes=\"(max-width: 1920px) 100vw, 1920px\" \/>\t\t\t\t\t\t\t\t\t\t\t\t\t<img width=\"1920\" height=\"1280\" src=\"https:\/\/experiencekrk.com\/wp-content\/uploads\/2019\/08\/IMG_4767_1920x1280.jpg\" class=\"attachment-full size-full\" alt=\"\" loading=\"lazy\" srcset=\"https:\/\/experiencekrk.com\/wp-content\/uploads\/2019\/08\/IMG_4767_1920x1280.jpg 1920w, https:\/\/experiencekrk.com\/wp-content\/uploads\/2019\/08\/IMG_4767_1920x1280-300x200.jpg 300w, https:\/\/experiencekrk.com\/wp-content\/uploads\/2019\/08\/IMG_4767_1920x1280-768x512.jpg 768w, https:\/\/experiencekrk.com\/wp-content\/uploads\/2019\/08\/IMG_4767_1920x1280-1024x683.jpg 1024w\" sizes=\"(max-width: 1920px) 100vw, 1920px\" \/>\t\t\t\t\t\t\t\t\t\t\t\t\t<img width=\"1920\" height=\"1247\" src=\"https:\/\/experiencekrk.com\/wp-content\/uploads\/2019\/08\/IMG_4873_1920x1247.jpg\" class=\"attachment-full size-full\" alt=\"\" loading=\"lazy\" srcset=\"https:\/\/experiencekrk.com\/wp-content\/uploads\/2019\/08\/IMG_4873_1920x1247.jpg 1920w, https:\/\/experiencekrk.com\/wp-content\/uploads\/2019\/08\/IMG_4873_1920x1247-300x195.jpg 300w, https:\/\/experiencekrk.com\/wp-content\/uploads\/2019\/08\/IMG_4873_1920x1247-768x499.jpg 768w, https:\/\/experiencekrk.com\/wp-content\/uploads\/2019\/08\/IMG_4873_1920x1247-1024x665.jpg 1024w\" sizes=\"(max-width: 1920px) 100vw, 1920px\" \/>\t\t\t\t\t\t\t\t\t\t\t\t\t<img width=\"1920\" height=\"1280\" src=\"https:\/\/experiencekrk.com\/wp-content\/uploads\/2019\/08\/IMG_4892_1920x1280.jpg\" class=\"attachment-full size-full\" alt=\"\" loading=\"lazy\" srcset=\"https:\/\/experiencekrk.com\/wp-content\/uploads\/2019\/08\/IMG_4892_1920x1280.jpg 1920w, https:\/\/experiencekrk.com\/wp-content\/uploads\/2019\/08\/IMG_4892_1920x1280-300x200.jpg 300w, https:\/\/experiencekrk.com\/wp-content\/uploads\/2019\/08\/IMG_4892_1920x1280-768x512.jpg 768w, https:\/\/experiencekrk.com\/wp-content\/uploads\/2019\/08\/IMG_4892_1920x1280-1024x683.jpg 1024w\" sizes=\"(max-width: 1920px) 100vw, 1920px\" \/>\t\t\t\t\t\t\t\t\t\t\t\t\t<img width=\"1920\" height=\"1280\" src=\"https:\/\/experiencekrk.com\/wp-content\/uploads\/2019\/08\/FK3A0507_1920x1280.jpg\" class=\"attachment-full size-full\" alt=\"\" loading=\"lazy\" srcset=\"https:\/\/experiencekrk.com\/wp-content\/uploads\/2019\/08\/FK3A0507_1920x1280.jpg 1920w, https:\/\/experiencekrk.com\/wp-content\/uploads\/2019\/08\/FK3A0507_1920x1280-300x200.jpg 300w, https:\/\/experiencekrk.com\/wp-content\/uploads\/2019\/08\/FK3A0507_1920x1280-768x512.jpg 768w, https:\/\/experiencekrk.com\/wp-content\/uploads\/2019\/08\/FK3A0507_1920x1280-1024x683.jpg 1024w\" sizes=\"(max-width: 1920px) 100vw, 1920px\" \/>\t\t\t\t\t\t\t\t\t\t\t\t\t<img width=\"1920\" height=\"1280\" src=\"https:\/\/experiencekrk.com\/wp-content\/uploads\/2019\/08\/IMG_4879_1920x1280.jpg\" class=\"attachment-full size-full\" alt=\"\" loading=\"lazy\" srcset=\"https:\/\/experiencekrk.com\/wp-content\/uploads\/2019\/08\/IMG_4879_1920x1280.jpg 1920w, https:\/\/experiencekrk.com\/wp-content\/uploads\/2019\/08\/IMG_4879_1920x1280-300x200.jpg 300w, https:\/\/experiencekrk.com\/wp-content\/uploads\/2019\/08\/IMG_4879_1920x1280-768x512.jpg 768w, https:\/\/experiencekrk.com\/wp-content\/uploads\/2019\/08\/IMG_4879_1920x1280-1024x683.jpg 1024w\" sizes=\"(max-width: 1920px) 100vw, 1920px\" \/>\t\t\t\t\t\t\t\t\t\t\t\t\t<img width=\"1920\" height=\"1281\" src=\"https:\/\/experiencekrk.com\/wp-content\/uploads\/2019\/08\/IMG_4895_1920x1281.jpg\" class=\"attachment-full size-full\" alt=\"\" loading=\"lazy\" srcset=\"https:\/\/experiencekrk.com\/wp-content\/uploads\/2019\/08\/IMG_4895_1920x1281.jpg 1920w, https:\/\/experiencekrk.com\/wp-content\/uploads\/2019\/08\/IMG_4895_1920x1281-300x200.jpg 300w, https:\/\/experiencekrk.com\/wp-content\/uploads\/2019\/08\/IMG_4895_1920x1281-768x512.jpg 768w, https:\/\/experiencekrk.com\/wp-content\/uploads\/2019\/08\/IMG_4895_1920x1281-1024x683.jpg 1024w\" sizes=\"(max-width: 1920px) 100vw, 1920px\" \/>\t\t\t\t\t\t\t<\/div>\n<\/div>[\/vc_column][\/vc_row][vc_row][vc_column][vc_empty_space height=&#8221;10px&#8221;][\/vc_column][\/vc_row]<\/p>\n","protected":false},"excerpt":{"rendered":"<p>[vc_row][vc_column][\/vc_column][\/vc_row][vc_row][vc_column width=&#8221;1\/2&#8243; css=&#8221;.vc_custom_1559125178706{padding-top: 0px !important;}&#8221;][vc_column_text css=&#8221;.vc_custom_1585502131195{border-top-width: 0px !important;padding-top: 0px !important;}&#8221;]Ne zamudite kr\u0161kega sejma, ki obi\u010dajno poteka avgusta. Do\u017eiveli boste misti\u010dno potovanje v srednji vek, ki so ga vodili kr\u0161ki vojvodi &#8211; Frankopani, kr\u0161ki vitezi, lokostrelci, trgovci, zabavlja\u010di in bifoni na trgu Kamplin. Brezpla\u010dno se lahko udele\u017eite razli\u010dnih delavnic. Na trgu Vela placa boste lahko u\u017eivali v nastopih Kr\u0161kega pihalnega orkestra in folklornih skupin iz Korni\u0107a, Vrha in Poljic. \u0160tevilni nastopajo\u010di vas bodo zabavali na kr\u0161ki obali, medtem ko no\u010d svetega Lovrenca zagotovo ne bo minila brez glasbenega ognjemeta ob polno\u010di.[\/vc_column_text][\/vc_column][vc_column&#8230;<\/p>\n","protected":false},"author":1,"featured_media":0,"parent":10959,"menu_order":0,"comment_status":"closed","ping_status":"closed","template":"","meta":[],"yoast_head":"<!-- This site is optimized with the Yoast SEO plugin v16.0.1 - https:\/\/yoast.com\/wordpress\/plugins\/seo\/ -->\n<title>Kr\u0161ki sejem - Experience Krk<\/title>\n<link rel=\"canonical\" href=\"https:\/\/experiencekrk.com\/sl\/dogodki-festivali\/krk-fair\/\" \/>\n<meta property=\"og:locale\" content=\"sl_SI\" \/>\n<meta property=\"og:type\" content=\"article\" \/>\n<meta property=\"og:title\" content=\"Kr\u0161ki sejem - Experience Krk\" \/>\n<meta property=\"og:description\" content=\"[vc_row][vc_column][\/vc_column][\/vc_row][vc_row][vc_column width=&#8221;1\/2&#8243; css=&#8221;.vc_custom_1559125178706{padding-top: 0px !important;}&#8221;][vc_column_text css=&#8221;.vc_custom_1585502131195{border-top-width: 0px !important;padding-top: 0px !important;}&#8221;]Ne zamudite kr\u0161kega sejma, ki obi\u010dajno poteka avgusta. Do\u017eiveli boste misti\u010dno potovanje v srednji vek, ki so ga vodili kr\u0161ki vojvodi &#8211; Frankopani, kr\u0161ki vitezi, lokostrelci, trgovci, zabavlja\u010di in bifoni na trgu Kamplin. Brezpla\u010dno se lahko udele\u017eite razli\u010dnih delavnic. Na trgu Vela placa boste lahko u\u017eivali v nastopih Kr\u0161kega pihalnega orkestra in folklornih skupin iz Korni\u0107a, Vrha in Poljic. \u0160tevilni nastopajo\u010di vas bodo zabavali na kr\u0161ki obali, medtem ko no\u010d svetega Lovrenca zagotovo ne bo minila brez glasbenega ognjemeta ob polno\u010di.[\/vc_column_text][\/vc_column][vc_column...\" \/>\n<meta property=\"og:url\" content=\"https:\/\/experiencekrk.com\/sl\/dogodki-festivali\/krk-fair\/\" \/>\n<meta property=\"og:site_name\" content=\"Experience Krk\" \/>\n<meta property=\"article:modified_time\" content=\"2020-03-29T17:15:40+00:00\" \/>\n<meta name=\"twitter:card\" content=\"summary_large_image\" \/>\n<meta name=\"twitter:label1\" content=\"Est. reading time\">\n\t<meta name=\"twitter:data1\" content=\"1 minuta\">\n<script type=\"application\/ld+json\" class=\"yoast-schema-graph\">{\"@context\":\"https:\/\/schema.org\",\"@graph\":[{\"@type\":\"WebSite\",\"@id\":\"https:\/\/experiencekrk.com\/#website\",\"url\":\"https:\/\/experiencekrk.com\/\",\"name\":\"Experience Krk\",\"description\":\"Cultural Tours, Food &amp; Wine and more\",\"potentialAction\":[{\"@type\":\"SearchAction\",\"target\":\"https:\/\/experiencekrk.com\/?s={search_term_string}\",\"query-input\":\"required name=search_term_string\"}],\"inLanguage\":\"sl-SI\"},{\"@type\":\"WebPage\",\"@id\":\"https:\/\/experiencekrk.com\/sl\/dogodki-festivali\/krk-fair\/#webpage\",\"url\":\"https:\/\/experiencekrk.com\/sl\/dogodki-festivali\/krk-fair\/\",\"name\":\"Kr\\u0161ki sejem - Experience Krk\",\"isPartOf\":{\"@id\":\"https:\/\/experiencekrk.com\/#website\"},\"datePublished\":\"2019-08-30T08:59:23+00:00\",\"dateModified\":\"2020-03-29T17:15:40+00:00\",\"breadcrumb\":{\"@id\":\"https:\/\/experiencekrk.com\/sl\/dogodki-festivali\/krk-fair\/#breadcrumb\"},\"inLanguage\":\"sl-SI\",\"potentialAction\":[{\"@type\":\"ReadAction\",\"target\":[\"https:\/\/experiencekrk.com\/sl\/dogodki-festivali\/krk-fair\/\"]}]},{\"@type\":\"BreadcrumbList\",\"@id\":\"https:\/\/experiencekrk.com\/sl\/dogodki-festivali\/krk-fair\/#breadcrumb\",\"itemListElement\":[{\"@type\":\"ListItem\",\"position\":1,\"item\":{\"@type\":\"WebPage\",\"@id\":\"https:\/\/experiencekrk.com\/sl\/\",\"url\":\"https:\/\/experiencekrk.com\/sl\/\",\"name\":\"Home\"}},{\"@type\":\"ListItem\",\"position\":2,\"item\":{\"@type\":\"WebPage\",\"@id\":\"https:\/\/experiencekrk.com\/sl\/dogodki-festivali\/\",\"url\":\"https:\/\/experiencekrk.com\/sl\/dogodki-festivali\/\",\"name\":\"Dogodki &#038; festivali\"}},{\"@type\":\"ListItem\",\"position\":3,\"item\":{\"@type\":\"WebPage\",\"@id\":\"https:\/\/experiencekrk.com\/sl\/dogodki-festivali\/krk-fair\/\",\"url\":\"https:\/\/experiencekrk.com\/sl\/dogodki-festivali\/krk-fair\/\",\"name\":\"Kr\\u0161ki sejem\"}}]}]}<\/script>\n<!-- \/ Yoast SEO plugin. -->","_links":{"self":[{"href":"https:\/\/experiencekrk.com\/sl\/wp-json\/wp\/v2\/pages\/11150"}],"collection":[{"href":"https:\/\/experiencekrk.com\/sl\/wp-json\/wp\/v2\/pages"}],"about":[{"href":"https:\/\/experiencekrk.com\/sl\/wp-json\/wp\/v2\/types\/page"}],"author":[{"embeddable":true,"href":"https:\/\/experiencekrk.com\/sl\/wp-json\/wp\/v2\/users\/1"}],"replies":[{"embeddable":true,"href":"https:\/\/experiencekrk.com\/sl\/wp-json\/wp\/v2\/comments?post=11150"}],"version-history":[{"count":2,"href":"https:\/\/experiencekrk.com\/sl\/wp-json\/wp\/v2\/pages\/11150\/revisions"}],"predecessor-version":[{"id":11153,"href":"https:\/\/experiencekrk.com\/sl\/wp-json\/wp\/v2\/pages\/11150\/revisions\/11153"}],"up":[{"embeddable":true,"href":"https:\/\/experiencekrk.com\/sl\/wp-json\/wp\/v2\/pages\/10959"}],"wp:attachment":[{"href":"https:\/\/experiencekrk.com\/sl\/wp-json\/wp\/v2\/media?parent=11150"}],"curies":[{"name":"wp","href":"https:\/\/api.w.org\/{rel}","templated":true}]}}