{"id":11140,"date":"2019-06-06T12:40:14","date_gmt":"2019-06-06T12:40:14","guid":{"rendered":"https:\/\/experiencekrk.com\/pohodnistvo\/franciscan-promenade\/"},"modified":"2020-03-31T11:46:05","modified_gmt":"2020-03-31T11:46:05","slug":"franciskanska-promenada","status":"publish","type":"page","link":"https:\/\/experiencekrk.com\/sl\/pohodnistvo\/franciskanska-promenada\/","title":{"rendered":"Fran\u010di\u0161kanska promenada"},"content":{"rendered":"<p>[vc_row][vc_column]<div class=\"mkdf-section-title-holder\">\n\t<h1 class=\"mkdf-section-title mkdf-section-title-medium\" >\n\tFran\u010di\u0161kanska promenada<\/h1>\n<\/div>[\/vc_column][\/vc_row][vc_row][vc_column width=&#8221;1\/2&#8243; css=&#8221;.vc_custom_1559125178706{padding-top: 0px !important;}&#8221;][vc_column_text css=&#8221;.vc_custom_1585501700960{border-top-width: 0px !important;padding-top: 0px !important;}&#8221;]<span style=\"font-weight: 400;\">Fran\u010di\u0161kanska sprehajalna pot vodi ob obali mesta Krk, do majhnega oto\u010dka Ko\u0161ljun s fran\u010di\u0161kanskim samostanom, majhnega kraja Punat in pode\u017eelja Korni\u0107, pa vse do mesta Krk. Odli\u010dna prilo\u017enost da spoznate, kako je fran\u010di\u0161kanski red skozi stoletja vplival na \u017eivljenje doma\u010dinov.<\/span><\/p>\n<p><span style=\"font-weight: 400;\">Trajanje pohoda po fran\u010di\u0161kanskem sprehajali\u0161\u010du Krk-Punat-Krk je 3 ure, pot pa je dolga pribli\u017eno 11 km.<\/span>[\/vc_column_text][\/vc_column][vc_column width=&#8221;1\/2&#8243; css=&#8221;.vc_custom_1559125192021{border-top-width: 0px !important;padding-top: 10px !important;}&#8221;]<div class=\"mkdf-image-gallery\">\n\t<div class=\"mkdf-image-gallery-slider \" data-autoplay=\"5\" data-animation=\"slide\" data-navigation=\"yes\" data-pagination=\"yes\">\n\t\t\t\t\t\t\t\t\t<img width=\"600\" height=\"400\" src=\"https:\/\/experiencekrk.com\/wp-content\/uploads\/2019\/06\/City-of-Krk-hiking-2.jpg\" class=\"attachment-full size-full\" alt=\"\" loading=\"lazy\" srcset=\"https:\/\/experiencekrk.com\/wp-content\/uploads\/2019\/06\/City-of-Krk-hiking-2.jpg 600w, https:\/\/experiencekrk.com\/wp-content\/uploads\/2019\/06\/City-of-Krk-hiking-2-300x200.jpg 300w\" sizes=\"(max-width: 600px) 100vw, 600px\" \/>\t\t\t\t\t\t\t\t\t\t\t\t\t<img width=\"600\" height=\"400\" src=\"https:\/\/experiencekrk.com\/wp-content\/uploads\/2019\/06\/City-of-Krk-hiking-4.jpg\" class=\"attachment-full size-full\" alt=\"\" loading=\"lazy\" srcset=\"https:\/\/experiencekrk.com\/wp-content\/uploads\/2019\/06\/City-of-Krk-hiking-4.jpg 600w, https:\/\/experiencekrk.com\/wp-content\/uploads\/2019\/06\/City-of-Krk-hiking-4-300x200.jpg 300w\" sizes=\"(max-width: 600px) 100vw, 600px\" \/>\t\t\t\t\t\t\t<\/div>\n<\/div>[\/vc_column][\/vc_row][vc_row][vc_column][vc_empty_space height=&#8221;10px&#8221;]<div class=\"mkdf-section-title-holder\">\n\t<h1 class=\"mkdf-section-title mkdf-section-title-small\" >\n\tFran\u010di\u0161kanska promenada<\/h1>\n<\/div>[vc_raw_html]JTNDaWZyYW1lJTIwc3JjJTNEJTIyaHR0cHMlM0ElMkYlMkZ3d3cuZ29vZ2xlLmNvbSUyRm1hcHMlMkZkJTJGdSUyRjAlMkZlbWJlZCUzRm1pZCUzRDEtNzVOQVExYzNEakhyZ1RabGhLMklSVHFXMEJEUENvcyUyMiUyMHdpZHRoJTNEJTIyOTgwJTIyJTIwaGVpZ2h0JTNEJTIyMzUwJTIyJTNFJTNDJTJGaWZyYW1lJTNF[\/vc_raw_html][\/vc_column][\/vc_row]<\/p>\n","protected":false},"excerpt":{"rendered":"<p>[vc_row][vc_column][\/vc_column][\/vc_row][vc_row][vc_column width=&#8221;1\/2&#8243; css=&#8221;.vc_custom_1559125178706{padding-top: 0px !important;}&#8221;][vc_column_text css=&#8221;.vc_custom_1585501700960{border-top-width: 0px !important;padding-top: 0px !important;}&#8221;]Fran\u010di\u0161kanska sprehajalna pot vodi ob obali mesta Krk, do majhnega oto\u010dka Ko\u0161ljun s fran\u010di\u0161kanskim samostanom, majhnega kraja Punat in pode\u017eelja Korni\u0107, pa vse do mesta Krk. Odli\u010dna prilo\u017enost da spoznate, kako je fran\u010di\u0161kanski red skozi stoletja vplival na \u017eivljenje doma\u010dinov. Trajanje pohoda po fran\u010di\u0161kanskem sprehajali\u0161\u010du Krk-Punat-Krk je 3 ure, pot pa je dolga pribli\u017eno 11 km.[\/vc_column_text][\/vc_column][vc_column width=&#8221;1\/2&#8243; css=&#8221;.vc_custom_1559125192021{border-top-width: 0px !important;padding-top: 10px !important;}&#8221;][\/vc_column][\/vc_row][vc_row][vc_column][vc_empty_space height=&#8221;10px&#8221;][vc_raw_html]JTNDaWZyYW1lJTIwc3JjJTNEJTIyaHR0cHMlM0ElMkYlMkZ3d3cuZ29vZ2xlLmNvbSUyRm1hcHMlMkZkJTJGdSUyRjAlMkZlbWJlZCUzRm1pZCUzRDEtNzVOQVExYzNEakhyZ1RabGhLMklSVHFXMEJEUENvcyUyMiUyMHdpZHRoJTNEJTIyOTgwJTIyJTIwaGVpZ2h0JTNEJTIyMzUwJTIyJTNFJTNDJTJGaWZyYW1lJTNF[\/vc_raw_html][\/vc_column][\/vc_row]<\/p>\n","protected":false},"author":1,"featured_media":0,"parent":10905,"menu_order":0,"comment_status":"closed","ping_status":"closed","template":"","meta":[],"yoast_head":"<!-- This site is optimized with the Yoast SEO plugin v16.0.1 - https:\/\/yoast.com\/wordpress\/plugins\/seo\/ -->\n<title>Fran\u010di\u0161kanska promenada - Experience Krk<\/title>\n<link rel=\"canonical\" href=\"https:\/\/experiencekrk.com\/sl\/pohodnistvo\/franciskanska-promenada\/\" \/>\n<meta property=\"og:locale\" content=\"sl_SI\" \/>\n<meta property=\"og:type\" content=\"article\" \/>\n<meta property=\"og:title\" content=\"Fran\u010di\u0161kanska promenada - Experience Krk\" \/>\n<meta property=\"og:description\" content=\"[vc_row][vc_column][\/vc_column][\/vc_row][vc_row][vc_column width=&#8221;1\/2&#8243; css=&#8221;.vc_custom_1559125178706{padding-top: 0px !important;}&#8221;][vc_column_text css=&#8221;.vc_custom_1585501700960{border-top-width: 0px !important;padding-top: 0px !important;}&#8221;]Fran\u010di\u0161kanska sprehajalna pot vodi ob obali mesta Krk, do majhnega oto\u010dka Ko\u0161ljun s fran\u010di\u0161kanskim samostanom, majhnega kraja Punat in pode\u017eelja Korni\u0107, pa vse do mesta Krk. Odli\u010dna prilo\u017enost da spoznate, kako je fran\u010di\u0161kanski red skozi stoletja vplival na \u017eivljenje doma\u010dinov. Trajanje pohoda po fran\u010di\u0161kanskem sprehajali\u0161\u010du Krk-Punat-Krk je 3 ure, pot pa je dolga pribli\u017eno 11 km.[\/vc_column_text][\/vc_column][vc_column width=&#8221;1\/2&#8243; css=&#8221;.vc_custom_1559125192021{border-top-width: 0px !important;padding-top: 10px !important;}&#8221;][\/vc_column][\/vc_row][vc_row][vc_column][vc_empty_space height=&#8221;10px&#8221;][vc_raw_html]JTNDaWZyYW1lJTIwc3JjJTNEJTIyaHR0cHMlM0ElMkYlMkZ3d3cuZ29vZ2xlLmNvbSUyRm1hcHMlMkZkJTJGdSUyRjAlMkZlbWJlZCUzRm1pZCUzRDEtNzVOQVExYzNEakhyZ1RabGhLMklSVHFXMEJEUENvcyUyMiUyMHdpZHRoJTNEJTIyOTgwJTIyJTIwaGVpZ2h0JTNEJTIyMzUwJTIyJTNFJTNDJTJGaWZyYW1lJTNF[\/vc_raw_html][\/vc_column][\/vc_row]\" \/>\n<meta property=\"og:url\" content=\"https:\/\/experiencekrk.com\/sl\/pohodnistvo\/franciskanska-promenada\/\" \/>\n<meta property=\"og:site_name\" content=\"Experience Krk\" \/>\n<meta property=\"article:modified_time\" content=\"2020-03-31T11:46:05+00:00\" \/>\n<meta name=\"twitter:card\" content=\"summary_large_image\" \/>\n<meta name=\"twitter:label1\" content=\"Est. reading time\">\n\t<meta name=\"twitter:data1\" content=\"1 minuta\">\n<script type=\"application\/ld+json\" class=\"yoast-schema-graph\">{\"@context\":\"https:\/\/schema.org\",\"@graph\":[{\"@type\":\"WebSite\",\"@id\":\"https:\/\/experiencekrk.com\/#website\",\"url\":\"https:\/\/experiencekrk.com\/\",\"name\":\"Experience Krk\",\"description\":\"Cultural Tours, Food &amp; Wine and more\",\"potentialAction\":[{\"@type\":\"SearchAction\",\"target\":\"https:\/\/experiencekrk.com\/?s={search_term_string}\",\"query-input\":\"required name=search_term_string\"}],\"inLanguage\":\"sl-SI\"},{\"@type\":\"WebPage\",\"@id\":\"https:\/\/experiencekrk.com\/sl\/pohodnistvo\/franciskanska-promenada\/#webpage\",\"url\":\"https:\/\/experiencekrk.com\/sl\/pohodnistvo\/franciskanska-promenada\/\",\"name\":\"Fran\\u010di\\u0161kanska promenada - Experience Krk\",\"isPartOf\":{\"@id\":\"https:\/\/experiencekrk.com\/#website\"},\"datePublished\":\"2019-06-06T12:40:14+00:00\",\"dateModified\":\"2020-03-31T11:46:05+00:00\",\"breadcrumb\":{\"@id\":\"https:\/\/experiencekrk.com\/sl\/pohodnistvo\/franciskanska-promenada\/#breadcrumb\"},\"inLanguage\":\"sl-SI\",\"potentialAction\":[{\"@type\":\"ReadAction\",\"target\":[\"https:\/\/experiencekrk.com\/sl\/pohodnistvo\/franciskanska-promenada\/\"]}]},{\"@type\":\"BreadcrumbList\",\"@id\":\"https:\/\/experiencekrk.com\/sl\/pohodnistvo\/franciskanska-promenada\/#breadcrumb\",\"itemListElement\":[{\"@type\":\"ListItem\",\"position\":1,\"item\":{\"@type\":\"WebPage\",\"@id\":\"https:\/\/experiencekrk.com\/sl\/\",\"url\":\"https:\/\/experiencekrk.com\/sl\/\",\"name\":\"Home\"}},{\"@type\":\"ListItem\",\"position\":2,\"item\":{\"@type\":\"WebPage\",\"@id\":\"https:\/\/experiencekrk.com\/sl\/pohodnistvo\/\",\"url\":\"https:\/\/experiencekrk.com\/sl\/pohodnistvo\/\",\"name\":\"Pohodni\\u0161tvo\"}},{\"@type\":\"ListItem\",\"position\":3,\"item\":{\"@type\":\"WebPage\",\"@id\":\"https:\/\/experiencekrk.com\/sl\/pohodnistvo\/franciskanska-promenada\/\",\"url\":\"https:\/\/experiencekrk.com\/sl\/pohodnistvo\/franciskanska-promenada\/\",\"name\":\"Fran\\u010di\\u0161kanska promenada\"}}]}]}<\/script>\n<!-- \/ Yoast SEO plugin. -->","_links":{"self":[{"href":"https:\/\/experiencekrk.com\/sl\/wp-json\/wp\/v2\/pages\/11140"}],"collection":[{"href":"https:\/\/experiencekrk.com\/sl\/wp-json\/wp\/v2\/pages"}],"about":[{"href":"https:\/\/experiencekrk.com\/sl\/wp-json\/wp\/v2\/types\/page"}],"author":[{"embeddable":true,"href":"https:\/\/experiencekrk.com\/sl\/wp-json\/wp\/v2\/users\/1"}],"replies":[{"embeddable":true,"href":"https:\/\/experiencekrk.com\/sl\/wp-json\/wp\/v2\/comments?post=11140"}],"version-history":[{"count":3,"href":"https:\/\/experiencekrk.com\/sl\/wp-json\/wp\/v2\/pages\/11140\/revisions"}],"predecessor-version":[{"id":11649,"href":"https:\/\/experiencekrk.com\/sl\/wp-json\/wp\/v2\/pages\/11140\/revisions\/11649"}],"up":[{"embeddable":true,"href":"https:\/\/experiencekrk.com\/sl\/wp-json\/wp\/v2\/pages\/10905"}],"wp:attachment":[{"href":"https:\/\/experiencekrk.com\/sl\/wp-json\/wp\/v2\/media?parent=11140"}],"curies":[{"name":"wp","href":"https:\/\/api.w.org\/{rel}","templated":true}]}}