{"id":11121,"date":"2019-04-16T09:34:55","date_gmt":"2019-04-16T09:34:55","guid":{"rendered":"https:\/\/experiencekrk.com\/hrana-vino\/local-homemade-pasta\/"},"modified":"2020-03-29T16:45:21","modified_gmt":"2020-03-29T16:45:21","slug":"local-homemade-pasta","status":"publish","type":"page","link":"https:\/\/experiencekrk.com\/sl\/hrana-vino\/local-homemade-pasta\/","title":{"rendered":"Lokalne testenine doma\u010de izdelave"},"content":{"rendered":"<p>[vc_row][vc_column]<div class=\"mkdf-section-title-holder\">\n\t<h1 class=\"mkdf-section-title mkdf-section-title-medium\" >\n\tMariolina<\/h1>\n<\/div>[vc_column_text][\/vc_column_text][vc_row_inner][vc_column_inner width=&#8221;1\/2&#8243;][vc_column_text]<span style=\"font-weight: 400;\">Mariolina je lokalno podjetje, znano po izdelavi pristnih lokalnih doma\u010dih testenin \u0161urlic. Te testenine so izdelane po doma\u010dem tradicionalnem receptu, ki ga prena\u0161ajo skozi generacije. \u0160urlice obi\u010dajno postre\u017eejo z mesom, v njihovi restavraciji Mariolina pa zraven \u0161urlic postre\u017eejo tudi razli\u010dne druge jedi.<\/span><\/p>\n<p>Telefon: <a href=\"tel:+38551222346\">+385 51 222 346<\/a><br \/>\nE-po\u0161ta: <a href=\"mailto:mariolina@mariolina.hr\">mariolina@mariolina.hr<\/a><\/p>\n<p>Naslov: Dr. D. Vitezi\u0107a19, 51500 Krk<b><br \/>\n<\/b>[\/vc_column_text][\/vc_column_inner][vc_column_inner width=&#8221;1\/2&#8243;]<div class=\"mkdf-image-gallery\">\n\t<div class=\"mkdf-image-gallery-slider \" data-autoplay=\"3\" data-animation=\"slide\" data-navigation=\"yes\" data-pagination=\"yes\">\n\t\t\t\t\t\t\t\t\t<img width=\"600\" height=\"400\" src=\"https:\/\/experiencekrk.com\/wp-content\/uploads\/2019\/04\/City-of-Krk-local-homemade-pasta-surlice.jpg\" class=\"attachment-full size-full\" alt=\"\" loading=\"lazy\" srcset=\"https:\/\/experiencekrk.com\/wp-content\/uploads\/2019\/04\/City-of-Krk-local-homemade-pasta-surlice.jpg 600w, https:\/\/experiencekrk.com\/wp-content\/uploads\/2019\/04\/City-of-Krk-local-homemade-pasta-surlice-300x200.jpg 300w\" sizes=\"(max-width: 600px) 100vw, 600px\" \/>\t\t\t\t\t\t\t\t\t\t\t\t\t<img width=\"600\" height=\"400\" src=\"https:\/\/experiencekrk.com\/wp-content\/uploads\/2019\/04\/City-of-Krk-homemade-pasta-surlice.jpg\" class=\"attachment-full size-full\" alt=\"\" loading=\"lazy\" srcset=\"https:\/\/experiencekrk.com\/wp-content\/uploads\/2019\/04\/City-of-Krk-homemade-pasta-surlice.jpg 600w, https:\/\/experiencekrk.com\/wp-content\/uploads\/2019\/04\/City-of-Krk-homemade-pasta-surlice-300x200.jpg 300w\" sizes=\"(max-width: 600px) 100vw, 600px\" \/>\t\t\t\t\t\t\t<\/div>\n<\/div>[\/vc_column_inner][\/vc_row_inner][\/vc_column][\/vc_row][vc_row][vc_column][vc_empty_space height=&#8221;10px&#8221;]<div class=\"mkdf-section-title-holder\">\n\t<h1 class=\"mkdf-section-title mkdf-section-title-small\" >\n\tLokacija<\/h1>\n<\/div>[vc_row_inner][vc_column_inner][vc_raw_html]JTNDaWZyYW1lJTIwc3JjJTNEJTIyaHR0cHMlM0ElMkYlMkZ3d3cuZ29vZ2xlLmNvbSUyRm1hcHMlMkZlbWJlZCUzRnBiJTNEJTIxMW0xOCUyMTFtMTIlMjExbTMlMjExZDgzMjkuMTc1MzQzNDIzNSUyMTJkMTQuNTcwNDcwOTI2MDU1NDg5JTIxM2Q0NS4wMjU3NzYxNTY4NDMyMiUyMTJtMyUyMTFmMCUyMTJmMCUyMTNmMCUyMTNtMiUyMTFpMTAyNCUyMTJpNzY4JTIxNGYxMy4xJTIxM20zJTIxMW0yJTIxMXMweDQ3NjM3MjBkN2FkMjRhZGQlMjUzQTB4ODVhMGEzOTI5YWU1ZTMwJTIxMnNNQVJJT0xJTkElMkJaLlQuTy4lMjE1ZTAlMjEzbTIlMjExc2VuJTIxMnNociUyMTR2MTU1NTQwNzYzNzU3MCUyMTVtMiUyMTFzZW4lMjEyc2hyJTIyJTIwd2lkdGglM0QlMjI5ODAlMjIlMjBoZWlnaHQlM0QlMjIzNTAlMjIlMjBmcmFtZWJvcmRlciUzRCUyMjAlMjIlMjBzdHlsZSUzRCUyMmJvcmRlciUzQTAlMjIlMjBhbGxvd2Z1bGxzY3JlZW4lM0UlM0MlMkZpZnJhbWUlM0U=[\/vc_raw_html][\/vc_column_inner][\/vc_row_inner][\/vc_column][\/vc_row]<\/p>\n","protected":false},"excerpt":{"rendered":"<p>[vc_row][vc_column][vc_column_text][\/vc_column_text][vc_row_inner][vc_column_inner width=&#8221;1\/2&#8243;][vc_column_text]Mariolina je lokalno podjetje, znano po izdelavi pristnih lokalnih doma\u010dih testenin \u0161urlic. Te testenine so izdelane po doma\u010dem tradicionalnem receptu, ki ga prena\u0161ajo skozi generacije. \u0160urlice obi\u010dajno postre\u017eejo z mesom, v njihovi restavraciji Mariolina pa zraven \u0161urlic postre\u017eejo tudi razli\u010dne druge jedi. Telefon: +385 51 222 346 E-po\u0161ta: mariolina@mariolina.hr Naslov: Dr. D. Vitezi\u0107a19, 51500 Krk [\/vc_column_text][\/vc_column_inner][vc_column_inner width=&#8221;1\/2&#8243;][\/vc_column_inner][\/vc_row_inner][\/vc_column][\/vc_row][vc_row][vc_column][vc_empty_space height=&#8221;10px&#8221;][vc_row_inner][vc_column_inner][vc_raw_html]JTNDaWZyYW1lJTIwc3JjJTNEJTIyaHR0cHMlM0ElMkYlMkZ3d3cuZ29vZ2xlLmNvbSUyRm1hcHMlMkZlbWJlZCUzRnBiJTNEJTIxMW0xOCUyMTFtMTIlMjExbTMlMjExZDgzMjkuMTc1MzQzNDIzNSUyMTJkMTQuNTcwNDcwOTI2MDU1NDg5JTIxM2Q0NS4wMjU3NzYxNTY4NDMyMiUyMTJtMyUyMTFmMCUyMTJmMCUyMTNmMCUyMTNtMiUyMTFpMTAyNCUyMTJpNzY4JTIxNGYxMy4xJTIxM20zJTIxMW0yJTIxMXMweDQ3NjM3MjBkN2FkMjRhZGQlMjUzQTB4ODVhMGEzOTI5YWU1ZTMwJTIxMnNNQVJJT0xJTkElMkJaLlQuTy4lMjE1ZTAlMjEzbTIlMjExc2VuJTIxMnNociUyMTR2MTU1NTQwNzYzNzU3MCUyMTVtMiUyMTFzZW4lMjEyc2hyJTIyJTIwd2lkdGglM0QlMjI5ODAlMjIlMjBoZWlnaHQlM0QlMjIzNTAlMjIlMjBmcmFtZWJvcmRlciUzRCUyMjAlMjIlMjBzdHlsZSUzRCUyMmJvcmRlciUzQTAlMjIlMjBhbGxvd2Z1bGxzY3JlZW4lM0UlM0MlMkZpZnJhbWUlM0U=[\/vc_raw_html][\/vc_column_inner][\/vc_row_inner][\/vc_column][\/vc_row]<\/p>\n","protected":false},"author":1,"featured_media":0,"parent":10751,"menu_order":0,"comment_status":"closed","ping_status":"closed","template":"","meta":[],"yoast_head":"<!-- This site is optimized with the Yoast SEO plugin v16.0.1 - https:\/\/yoast.com\/wordpress\/plugins\/seo\/ -->\n<title>Lokalne testenine doma\u010de izdelave - Experience Krk<\/title>\n<link rel=\"canonical\" href=\"https:\/\/experiencekrk.com\/sl\/hrana-vino\/local-homemade-pasta\/\" \/>\n<meta property=\"og:locale\" content=\"sl_SI\" \/>\n<meta property=\"og:type\" content=\"article\" \/>\n<meta property=\"og:title\" content=\"Lokalne testenine doma\u010de izdelave - Experience Krk\" \/>\n<meta property=\"og:description\" content=\"[vc_row][vc_column][vc_column_text][\/vc_column_text][vc_row_inner][vc_column_inner width=&#8221;1\/2&#8243;][vc_column_text]Mariolina je lokalno podjetje, znano po izdelavi pristnih lokalnih doma\u010dih testenin \u0161urlic. Te testenine so izdelane po doma\u010dem tradicionalnem receptu, ki ga prena\u0161ajo skozi generacije. \u0160urlice obi\u010dajno postre\u017eejo z mesom, v njihovi restavraciji Mariolina pa zraven \u0161urlic postre\u017eejo tudi razli\u010dne druge jedi. Telefon: +385 51 222 346 E-po\u0161ta: mariolina@mariolina.hr Naslov: Dr. D. Vitezi\u0107a19, 51500 Krk [\/vc_column_text][\/vc_column_inner][vc_column_inner width=&#8221;1\/2&#8243;][\/vc_column_inner][\/vc_row_inner][\/vc_column][\/vc_row][vc_row][vc_column][vc_empty_space height=&#8221;10px&#8221;][vc_row_inner][vc_column_inner][vc_raw_html]JTNDaWZyYW1lJTIwc3JjJTNEJTIyaHR0cHMlM0ElMkYlMkZ3d3cuZ29vZ2xlLmNvbSUyRm1hcHMlMkZlbWJlZCUzRnBiJTNEJTIxMW0xOCUyMTFtMTIlMjExbTMlMjExZDgzMjkuMTc1MzQzNDIzNSUyMTJkMTQuNTcwNDcwOTI2MDU1NDg5JTIxM2Q0NS4wMjU3NzYxNTY4NDMyMiUyMTJtMyUyMTFmMCUyMTJmMCUyMTNmMCUyMTNtMiUyMTFpMTAyNCUyMTJpNzY4JTIxNGYxMy4xJTIxM20zJTIxMW0yJTIxMXMweDQ3NjM3MjBkN2FkMjRhZGQlMjUzQTB4ODVhMGEzOTI5YWU1ZTMwJTIxMnNNQVJJT0xJTkElMkJaLlQuTy4lMjE1ZTAlMjEzbTIlMjExc2VuJTIxMnNociUyMTR2MTU1NTQwNzYzNzU3MCUyMTVtMiUyMTFzZW4lMjEyc2hyJTIyJTIwd2lkdGglM0QlMjI5ODAlMjIlMjBoZWlnaHQlM0QlMjIzNTAlMjIlMjBmcmFtZWJvcmRlciUzRCUyMjAlMjIlMjBzdHlsZSUzRCUyMmJvcmRlciUzQTAlMjIlMjBhbGxvd2Z1bGxzY3JlZW4lM0UlM0MlMkZpZnJhbWUlM0U=[\/vc_raw_html][\/vc_column_inner][\/vc_row_inner][\/vc_column][\/vc_row]\" \/>\n<meta property=\"og:url\" content=\"https:\/\/experiencekrk.com\/sl\/hrana-vino\/local-homemade-pasta\/\" \/>\n<meta property=\"og:site_name\" content=\"Experience Krk\" \/>\n<meta property=\"article:modified_time\" content=\"2020-03-29T16:45:21+00:00\" \/>\n<meta name=\"twitter:card\" content=\"summary_large_image\" \/>\n<meta name=\"twitter:label1\" content=\"Est. reading time\">\n\t<meta name=\"twitter:data1\" content=\"1 minuta\">\n<script type=\"application\/ld+json\" class=\"yoast-schema-graph\">{\"@context\":\"https:\/\/schema.org\",\"@graph\":[{\"@type\":\"WebSite\",\"@id\":\"https:\/\/experiencekrk.com\/#website\",\"url\":\"https:\/\/experiencekrk.com\/\",\"name\":\"Experience Krk\",\"description\":\"Cultural Tours, Food &amp; Wine and more\",\"potentialAction\":[{\"@type\":\"SearchAction\",\"target\":\"https:\/\/experiencekrk.com\/?s={search_term_string}\",\"query-input\":\"required name=search_term_string\"}],\"inLanguage\":\"sl-SI\"},{\"@type\":\"WebPage\",\"@id\":\"https:\/\/experiencekrk.com\/sl\/hrana-vino\/local-homemade-pasta\/#webpage\",\"url\":\"https:\/\/experiencekrk.com\/sl\/hrana-vino\/local-homemade-pasta\/\",\"name\":\"Lokalne testenine doma\\u010de izdelave - Experience Krk\",\"isPartOf\":{\"@id\":\"https:\/\/experiencekrk.com\/#website\"},\"datePublished\":\"2019-04-16T09:34:55+00:00\",\"dateModified\":\"2020-03-29T16:45:21+00:00\",\"breadcrumb\":{\"@id\":\"https:\/\/experiencekrk.com\/sl\/hrana-vino\/local-homemade-pasta\/#breadcrumb\"},\"inLanguage\":\"sl-SI\",\"potentialAction\":[{\"@type\":\"ReadAction\",\"target\":[\"https:\/\/experiencekrk.com\/sl\/hrana-vino\/local-homemade-pasta\/\"]}]},{\"@type\":\"BreadcrumbList\",\"@id\":\"https:\/\/experiencekrk.com\/sl\/hrana-vino\/local-homemade-pasta\/#breadcrumb\",\"itemListElement\":[{\"@type\":\"ListItem\",\"position\":1,\"item\":{\"@type\":\"WebPage\",\"@id\":\"https:\/\/experiencekrk.com\/sl\/\",\"url\":\"https:\/\/experiencekrk.com\/sl\/\",\"name\":\"Home\"}},{\"@type\":\"ListItem\",\"position\":2,\"item\":{\"@type\":\"WebPage\",\"@id\":\"https:\/\/experiencekrk.com\/sl\/hrana-vino\/\",\"url\":\"https:\/\/experiencekrk.com\/sl\/hrana-vino\/\",\"name\":\"Hrana &#038; Vino\"}},{\"@type\":\"ListItem\",\"position\":3,\"item\":{\"@type\":\"WebPage\",\"@id\":\"https:\/\/experiencekrk.com\/sl\/hrana-vino\/local-homemade-pasta\/\",\"url\":\"https:\/\/experiencekrk.com\/sl\/hrana-vino\/local-homemade-pasta\/\",\"name\":\"Lokalne testenine doma\\u010de izdelave\"}}]}]}<\/script>\n<!-- \/ Yoast SEO plugin. -->","_links":{"self":[{"href":"https:\/\/experiencekrk.com\/sl\/wp-json\/wp\/v2\/pages\/11121"}],"collection":[{"href":"https:\/\/experiencekrk.com\/sl\/wp-json\/wp\/v2\/pages"}],"about":[{"href":"https:\/\/experiencekrk.com\/sl\/wp-json\/wp\/v2\/types\/page"}],"author":[{"embeddable":true,"href":"https:\/\/experiencekrk.com\/sl\/wp-json\/wp\/v2\/users\/1"}],"replies":[{"embeddable":true,"href":"https:\/\/experiencekrk.com\/sl\/wp-json\/wp\/v2\/comments?post=11121"}],"version-history":[{"count":2,"href":"https:\/\/experiencekrk.com\/sl\/wp-json\/wp\/v2\/pages\/11121\/revisions"}],"predecessor-version":[{"id":11123,"href":"https:\/\/experiencekrk.com\/sl\/wp-json\/wp\/v2\/pages\/11121\/revisions\/11123"}],"up":[{"embeddable":true,"href":"https:\/\/experiencekrk.com\/sl\/wp-json\/wp\/v2\/pages\/10751"}],"wp:attachment":[{"href":"https:\/\/experiencekrk.com\/sl\/wp-json\/wp\/v2\/media?parent=11121"}],"curies":[{"name":"wp","href":"https:\/\/api.w.org\/{rel}","templated":true}]}}