{"id":11069,"date":"2019-04-15T08:01:42","date_gmt":"2019-04-15T08:01:42","guid":{"rendered":"https:\/\/experiencekrk.com\/druzinski-dopust\/krk-aquariums\/"},"modified":"2020-03-30T08:30:04","modified_gmt":"2020-03-30T08:30:04","slug":"krski-akvariji","status":"publish","type":"page","link":"https:\/\/experiencekrk.com\/sl\/druzinski-dopust\/krski-akvariji\/","title":{"rendered":"Kr\u0161ki Akvariji"},"content":{"rendered":"<p>[vc_row][vc_column]<div class=\"mkdf-section-title-holder\">\n\t<h1 class=\"mkdf-section-title mkdf-section-title-medium\" >\n\tAkvarijski terarij<\/h1>\n<\/div>[vc_row_inner css=&#8221;.vc_custom_1560345374338{padding-bottom: 20px !important;}&#8221;][vc_column_inner width=&#8221;1\/2&#8243;][vc_column_text]<span style=\"font-weight: 400;\">V akvarijskem terariju Krk je mogo\u010de videti raznoliko sladkovodno favno iz Hrva\u0161ke in ostalih delov sveta. Kajman, boa, kraljevi piton, kameleoni, iguana, japonski krap, ke\u010diga in \u0161\u010duka so nekateri prebivalci tega akvarijskega terarija. Vabimo vas, da obi\u0161\u010dete na\u0161 akvarijski terarij in odkrijete spro\u0161\u010dujo\u010d svet sladkovodnih rib in plazilcev.<\/span><\/p>\n<p>Telefon: <a href=\"tel:+38551221167\">+385 51 221 167<\/a><br \/>\nE-po\u0161ta: <a href=\"mailto:siloturist@ri.t-com.hr\">siloturist@ri.t-com.hr<\/a><br \/>\nSplet: <a href=\"https:\/\/www.aquariumkrk.com\/_en\/index.html\" target=\"_blank\" rel=\"noopener noreferrer\">www.aquariumkrk.com<\/a><br \/>\nNaslov: Ul. Stjepana Radi\u0107a 2c, 51500 Krk[\/vc_column_text][\/vc_column_inner][vc_column_inner width=&#8221;1\/2&#8243;]<div class=\"mkdf-image-gallery\">\n\t<div class=\"mkdf-image-gallery-slider \" data-autoplay=\"disable\" data-animation=\"slide\" data-navigation=\"yes\" data-pagination=\"yes\">\n\t\t\t\t\t\t\t\t\t<img width=\"600\" height=\"400\" src=\"https:\/\/experiencekrk.com\/wp-content\/uploads\/2019\/06\/City-of-Krk-Aquarium-Terarrium-Krk-3.jpg\" class=\"attachment-full size-full\" alt=\"\" loading=\"lazy\" srcset=\"https:\/\/experiencekrk.com\/wp-content\/uploads\/2019\/06\/City-of-Krk-Aquarium-Terarrium-Krk-3.jpg 600w, https:\/\/experiencekrk.com\/wp-content\/uploads\/2019\/06\/City-of-Krk-Aquarium-Terarrium-Krk-3-300x200.jpg 300w\" sizes=\"(max-width: 600px) 100vw, 600px\" \/>\t\t\t\t\t\t\t\t\t\t\t\t\t<img width=\"600\" height=\"400\" src=\"https:\/\/experiencekrk.com\/wp-content\/uploads\/2019\/06\/City-of-Krk-Aquarium-Terarrium-Krk.jpg\" class=\"attachment-full size-full\" alt=\"\" loading=\"lazy\" srcset=\"https:\/\/experiencekrk.com\/wp-content\/uploads\/2019\/06\/City-of-Krk-Aquarium-Terarrium-Krk.jpg 600w, https:\/\/experiencekrk.com\/wp-content\/uploads\/2019\/06\/City-of-Krk-Aquarium-Terarrium-Krk-300x200.jpg 300w\" sizes=\"(max-width: 600px) 100vw, 600px\" \/>\t\t\t\t\t\t\t\t\t\t\t\t\t<img width=\"600\" height=\"400\" src=\"https:\/\/experiencekrk.com\/wp-content\/uploads\/2019\/06\/City-of-Krk-Aquarium-Terarrium-Krk-5.jpg\" class=\"attachment-full size-full\" alt=\"\" loading=\"lazy\" srcset=\"https:\/\/experiencekrk.com\/wp-content\/uploads\/2019\/06\/City-of-Krk-Aquarium-Terarrium-Krk-5.jpg 600w, https:\/\/experiencekrk.com\/wp-content\/uploads\/2019\/06\/City-of-Krk-Aquarium-Terarrium-Krk-5-300x200.jpg 300w\" sizes=\"(max-width: 600px) 100vw, 600px\" \/>\t\t\t\t\t\t\t\t\t\t\t\t\t<img width=\"600\" height=\"400\" src=\"https:\/\/experiencekrk.com\/wp-content\/uploads\/2019\/06\/City-of-Krk-Aquarium-Terarrium-Krk-6.jpg\" class=\"attachment-full size-full\" alt=\"\" loading=\"lazy\" srcset=\"https:\/\/experiencekrk.com\/wp-content\/uploads\/2019\/06\/City-of-Krk-Aquarium-Terarrium-Krk-6.jpg 600w, https:\/\/experiencekrk.com\/wp-content\/uploads\/2019\/06\/City-of-Krk-Aquarium-Terarrium-Krk-6-300x200.jpg 300w\" sizes=\"(max-width: 600px) 100vw, 600px\" \/>\t\t\t\t\t\t\t\t\t\t\t\t\t<img width=\"600\" height=\"400\" src=\"https:\/\/experiencekrk.com\/wp-content\/uploads\/2019\/06\/City-of-Krk-Aquarium-Terarrium-Krk-2.jpg\" class=\"attachment-full size-full\" alt=\"\" loading=\"lazy\" srcset=\"https:\/\/experiencekrk.com\/wp-content\/uploads\/2019\/06\/City-of-Krk-Aquarium-Terarrium-Krk-2.jpg 600w, https:\/\/experiencekrk.com\/wp-content\/uploads\/2019\/06\/City-of-Krk-Aquarium-Terarrium-Krk-2-300x200.jpg 300w\" sizes=\"(max-width: 600px) 100vw, 600px\" \/>\t\t\t\t\t\t\t\t\t\t\t\t\t<img width=\"600\" height=\"400\" src=\"https:\/\/experiencekrk.com\/wp-content\/uploads\/2019\/06\/City-of-Krk-Aquarium-Terarrium-Krk-4.jpg\" class=\"attachment-full size-full\" alt=\"\" loading=\"lazy\" srcset=\"https:\/\/experiencekrk.com\/wp-content\/uploads\/2019\/06\/City-of-Krk-Aquarium-Terarrium-Krk-4.jpg 600w, https:\/\/experiencekrk.com\/wp-content\/uploads\/2019\/06\/City-of-Krk-Aquarium-Terarrium-Krk-4-300x200.jpg 300w\" sizes=\"(max-width: 600px) 100vw, 600px\" \/>\t\t\t\t\t\t\t<\/div>\n<\/div>[\/vc_column_inner][\/vc_row_inner][\/vc_column][\/vc_row][vc_row][vc_column][vc_row_inner][vc_column_inner]<div class=\"mkdf-tabs mkdf-horizontal mkdf-tab-text clearfix\">\n\t<ul class=\"mkdf-tabs-nav\">\n\t\t\t\t\t<li>\n\t\t\t\t<a href=\"#tab-lokacija\">\n\t\t\t\t\tLokacija\t\t\t\t<\/a>\n\t\t\t<\/li>\n\t\t\t\t\t<li>\n\t\t\t\t<a href=\"#tab-delovni-cas\">\n\t\t\t\t\tDelovni \u010das\t\t\t\t<\/a>\n\t\t\t<\/li>\n\t\t\t\t<li class=\"mkdf-tab-line\"><\/li>\n\t<\/ul>\n\t<div class=\"mkdf-tab-container\" id=\"tab-lokacija-727\" data-icon-pack=\"font_awesome\" data-icon-html=\"&lt;i class=&quot;mkdf-icon-font-awesome fa  &quot; &gt;&lt;\/i&gt;\">\n\t[vc_raw_html]JTNDaWZyYW1lJTIwc3JjJTNEJTIyaHR0cHMlM0ElMkYlMkZ3d3cuZ29vZ2xlLmNvbSUyRm1hcHMlMkZlbWJlZCUzRnBiJTNEJTIxMW0xOCUyMTFtMTIlMjExbTMlMjExZDIwNTM4LjY0NDAzNTAwNDA2JTIxMmQxNC41NzgwMTEzMzk3MjIxMTIlMjEzZDQ1LjAyNTI5NjYzNTgzMjEzNCUyMTJtMyUyMTFmMCUyMTJmMCUyMTNmMCUyMTNtMiUyMTFpMTAyNCUyMTJpNzY4JTIxNGYxMy4xJTIxM20zJTIxMW0yJTIxMXMweDQ3NjM3MjBkOWQxMzkyZDklMjUzQTB4NjBhNmZmNzFiMTgzMjIlMjEyc0FxdWFyaXVtJTJCVGVycmFyaXVtJTJCS3JrJTIxNWUwJTIxM20yJTIxMXNlbiUyMTJzaHIlMjE0djE1NTUzMTU2NDMzNDklMjE1bTIlMjExc2VuJTIxMnNociUyMiUyMHdpZHRoJTNEJTIyOTgwJTIyJTIwaGVpZ2h0JTNEJTIyMzUwJTIyJTIwZnJhbWVib3JkZXIlM0QlMjIwJTIyJTIwc3R5bGUlM0QlMjJib3JkZXIlM0EwJTIyJTIwYWxsb3dmdWxsc2NyZWVuJTNFJTNDJTJGaWZyYW1lJTNF[\/vc_raw_html]<\/div>\t\n\n<div class=\"mkdf-tab-container\" id=\"tab-delovni-cas-802\" data-icon-pack=\"font_awesome\" data-icon-html=\"&lt;i class=&quot;mkdf-icon-font-awesome fa  &quot; &gt;&lt;\/i&gt;\">\n\t[vc_column_text]April &amp; Oktober:<br \/>\nPon-Ned:10:00 \u2013 15:00<\/p>\n<p>Maj &amp; Septembar:<br \/>\nPon-Ned: 9:00 \u2013 17:00[\/vc_column_text]<\/div>\t\n\n<\/div>\n\n[\/vc_column_inner][\/vc_row_inner][\/vc_column][\/vc_row][vc_row][vc_column][vc_empty_space height=&#8221;40px&#8221;]<div class=\"mkdf-separator-holder clearfix  mkdf-separator-center\">\n\t<div class=\"mkdf-separator\" style=\"border-color: #ededed;border-bottom-width: 2pxpx\"><\/div>\n<\/div>\n<div class=\"mkdf-section-title-holder\">\n\t<h1 class=\"mkdf-section-title mkdf-section-title-medium\" >\n\tTropski akvarij Krk<\/h1>\n<\/div>[vc_row_inner css=&#8221;.vc_custom_1560345682243{padding-bottom: 20px !important;}&#8221;][vc_column_inner width=&#8221;1\/2&#8243;][vc_column_text]<span style=\"font-weight: 400;\">Prvi tropski akvarij na Hrva\u0161kem na Krku ponuja edinstveno kombinacijo morskih in sladkovodnih bitij tropskih regij sveta. Bogastvo in raznolikost tropskih rib (koralni morski pes, pirana, klovnske ribe, diskusi, korale\u2026) dopolnjuje zbirka tropskih \u0161koljk in pol\u017eev. Obi\u0161\u010dite nas v osr\u010dju mesta Krk in si oglejte ve\u010d kot 100 vrst rib ter 200 vrst \u0161koljk in pol\u017eev!<\/span><\/p>\n<p>Mobilni telefon: <a href=\"tel:+38598211630\">+385 98 211 630<\/a>, <a href=\"tel:+38598247875\">+385 98 247 875<\/a><br \/>\nE-po\u0161ta: <a href=\"mailto:siloturist@ri.t-com.hr\">siloturist@ri.t-com.hr<\/a><br \/>\nSplet: <a href=\"http:\/\/www.akvarij-krk.com.hr\/tropical-aquarium-krk.html#\" target=\"_blank\" rel=\"noopener noreferrer\">www.akvarij-krk.com.hr<\/a><br \/>\nNaslov: Matije Gubca 1, 51500 Krk[\/vc_column_text][\/vc_column_inner][vc_column_inner width=&#8221;1\/2&#8243;]<div class=\"mkdf-image-gallery\">\n\t<div class=\"mkdf-image-gallery-slider \" data-autoplay=\"5\" data-animation=\"slide\" data-navigation=\"yes\" data-pagination=\"yes\">\n\t\t\t\t\t\t\t\t\t<img width=\"600\" height=\"400\" src=\"https:\/\/experiencekrk.com\/wp-content\/uploads\/2019\/06\/City-of-Krk-Tropical-Aquarium-Krk.jpg\" class=\"attachment-full size-full\" alt=\"\" loading=\"lazy\" srcset=\"https:\/\/experiencekrk.com\/wp-content\/uploads\/2019\/06\/City-of-Krk-Tropical-Aquarium-Krk.jpg 600w, https:\/\/experiencekrk.com\/wp-content\/uploads\/2019\/06\/City-of-Krk-Tropical-Aquarium-Krk-300x200.jpg 300w\" sizes=\"(max-width: 600px) 100vw, 600px\" \/>\t\t\t\t\t\t\t\t\t\t\t\t\t<img width=\"600\" height=\"400\" src=\"https:\/\/experiencekrk.com\/wp-content\/uploads\/2019\/06\/City-of-Krk-Tropical-Aquarium-Krk-5.jpg\" class=\"attachment-full size-full\" alt=\"\" loading=\"lazy\" srcset=\"https:\/\/experiencekrk.com\/wp-content\/uploads\/2019\/06\/City-of-Krk-Tropical-Aquarium-Krk-5.jpg 600w, https:\/\/experiencekrk.com\/wp-content\/uploads\/2019\/06\/City-of-Krk-Tropical-Aquarium-Krk-5-300x200.jpg 300w\" sizes=\"(max-width: 600px) 100vw, 600px\" \/>\t\t\t\t\t\t\t\t\t\t\t\t\t<img width=\"600\" height=\"400\" src=\"https:\/\/experiencekrk.com\/wp-content\/uploads\/2019\/06\/City-of-Krk-Tropical-Aquarium-Krk-4.jpg\" class=\"attachment-full size-full\" alt=\"\" loading=\"lazy\" srcset=\"https:\/\/experiencekrk.com\/wp-content\/uploads\/2019\/06\/City-of-Krk-Tropical-Aquarium-Krk-4.jpg 600w, https:\/\/experiencekrk.com\/wp-content\/uploads\/2019\/06\/City-of-Krk-Tropical-Aquarium-Krk-4-300x200.jpg 300w\" sizes=\"(max-width: 600px) 100vw, 600px\" \/>\t\t\t\t\t\t\t\t\t\t\t\t\t<img width=\"600\" height=\"400\" src=\"https:\/\/experiencekrk.com\/wp-content\/uploads\/2019\/06\/City-of-Krk-Tropical-Aquarium-Krk-3.jpg\" class=\"attachment-full size-full\" alt=\"\" loading=\"lazy\" srcset=\"https:\/\/experiencekrk.com\/wp-content\/uploads\/2019\/06\/City-of-Krk-Tropical-Aquarium-Krk-3.jpg 600w, https:\/\/experiencekrk.com\/wp-content\/uploads\/2019\/06\/City-of-Krk-Tropical-Aquarium-Krk-3-300x200.jpg 300w\" sizes=\"(max-width: 600px) 100vw, 600px\" \/>\t\t\t\t\t\t\t\t\t\t\t\t\t<img width=\"600\" height=\"400\" src=\"https:\/\/experiencekrk.com\/wp-content\/uploads\/2019\/06\/City-of-Krk-Tropical-Aquarium-Krk-2.jpg\" class=\"attachment-full size-full\" alt=\"\" loading=\"lazy\" srcset=\"https:\/\/experiencekrk.com\/wp-content\/uploads\/2019\/06\/City-of-Krk-Tropical-Aquarium-Krk-2.jpg 600w, https:\/\/experiencekrk.com\/wp-content\/uploads\/2019\/06\/City-of-Krk-Tropical-Aquarium-Krk-2-300x200.jpg 300w\" sizes=\"(max-width: 600px) 100vw, 600px\" \/>\t\t\t\t\t\t\t<\/div>\n<\/div>[\/vc_column_inner][\/vc_row_inner][\/vc_column][\/vc_row][vc_row][vc_column][vc_row_inner][vc_column_inner]<div class=\"mkdf-tabs mkdf-horizontal mkdf-tab-text clearfix\">\n\t<ul class=\"mkdf-tabs-nav\">\n\t\t\t\t\t<li>\n\t\t\t\t<a href=\"#tab-lokacija\">\n\t\t\t\t\tLokacija\t\t\t\t<\/a>\n\t\t\t<\/li>\n\t\t\t\t\t<li>\n\t\t\t\t<a href=\"#tab-delovni-cas\">\n\t\t\t\t\tDelovni \u010das\t\t\t\t<\/a>\n\t\t\t<\/li>\n\t\t\t\t<li class=\"mkdf-tab-line\"><\/li>\n\t<\/ul>\n\t<div class=\"mkdf-tab-container\" id=\"tab-lokacija-182\" data-icon-pack=\"font_awesome\" data-icon-html=\"&lt;i class=&quot;mkdf-icon-font-awesome fa  &quot; &gt;&lt;\/i&gt;\">\n\t[vc_raw_html]JTNDaWZyYW1lJTIwc3JjJTNEJTIyaHR0cHMlM0ElMkYlMkZ3d3cuZ29vZ2xlLmNvbSUyRm1hcHMlMkZlbWJlZCUzRnBiJTNEJTIxMW0xOCUyMTFtMTIlMjExbTMlMjExZDE0ODQwLjU1OTI4Nzc0MzkyNSUyMTJkMTQuNTY1NzA2MzQwMTAyNDIzJTIxM2Q0NS4wMjcxMDIxNzIxNjM5MiUyMTJtMyUyMTFmMCUyMTJmMCUyMTNmMCUyMTNtMiUyMTFpMTAyNCUyMTJpNzY4JTIxNGYxMy4xJTIxM20zJTIxMW0yJTIxMXMweDQ3NjM3MjEyODUzZGI2ZmIlMjUzQTB4ZTJhZjc2NTU0MDE5NGUxNyUyMTJzVHJvcGljYWwlMkJhcXVhcml1bSUyQktyayUyMTVlMCUyMTNtMiUyMTFzZW4lMjEyc2hyJTIxNHYxNTU5NjQ1MzA5MDYyJTIxNW0yJTIxMXNlbiUyMTJzaHIlMjIlMjB3aWR0aCUzRCUyMjk4MCUyMiUyMGhlaWdodCUzRCUyMjM1MCUyMiUyMGZyYW1lYm9yZGVyJTNEJTIyMCUyMiUyMHN0eWxlJTNEJTIyYm9yZGVyJTNBMCUyMiUyMGFsbG93ZnVsbHNjcmVlbiUzRSUzQyUyRmlmcmFtZSUzRQ==[\/vc_raw_html]<\/div>\t\n\n<div class=\"mkdf-tab-container\" id=\"tab-delovni-cas-92\" data-icon-pack=\"font_awesome\" data-icon-html=\"&lt;i class=&quot;mkdf-icon-font-awesome fa  &quot; &gt;&lt;\/i&gt;\">\n\t[vc_column_text]April &amp; Oktober<br \/>\n10:00 &#8211; 15:00<\/p>\n<p>May &amp; September<br \/>\n10:00 &#8211; 17:00<\/p>\n<p>Junij<br \/>\n10:00 &#8211; 21:00<\/p>\n<p>Julij &amp; Avgust<br \/>\n10:00 &#8211; 22:00[\/vc_column_text]<\/div>\t\n\n<\/div>\n\n[\/vc_column_inner][\/vc_row_inner][\/vc_column][\/vc_row]<\/p>\n","protected":false},"excerpt":{"rendered":"<p>[vc_row][vc_column][vc_row_inner css=&#8221;.vc_custom_1560345374338{padding-bottom: 20px !important;}&#8221;][vc_column_inner width=&#8221;1\/2&#8243;][vc_column_text]V akvarijskem terariju Krk je mogo\u010de videti raznoliko sladkovodno favno iz Hrva\u0161ke in ostalih delov sveta. Kajman, boa, kraljevi piton, kameleoni, iguana, japonski krap, ke\u010diga in \u0161\u010duka so nekateri prebivalci tega akvarijskega terarija. Vabimo vas, da obi\u0161\u010dete na\u0161 akvarijski terarij in odkrijete spro\u0161\u010dujo\u010d svet sladkovodnih rib in plazilcev. Telefon: +385 51 221 167 E-po\u0161ta: siloturist@ri.t-com.hr Splet: www.aquariumkrk.com Naslov: Ul. Stjepana Radi\u0107a 2c, 51500 Krk[\/vc_column_text][\/vc_column_inner][vc_column_inner width=&#8221;1\/2&#8243;][\/vc_column_inner][\/vc_row_inner][\/vc_column][\/vc_row][vc_row][vc_column][vc_row_inner][vc_column_inner][\/vc_column_inner][\/vc_row_inner][\/vc_column][\/vc_row][vc_row][vc_column][vc_empty_space height=&#8221;40px&#8221;][vc_row_inner css=&#8221;.vc_custom_1560345682243{padding-bottom: 20px !important;}&#8221;][vc_column_inner width=&#8221;1\/2&#8243;][vc_column_text]Prvi tropski akvarij na Hrva\u0161kem na Krku ponuja edinstveno kombinacijo morskih in sladkovodnih bitij tropskih regij sveta&#8230;.<\/p>\n","protected":false},"author":1,"featured_media":0,"parent":10656,"menu_order":0,"comment_status":"closed","ping_status":"closed","template":"","meta":[],"yoast_head":"<!-- This site is optimized with the Yoast SEO plugin v16.0.1 - https:\/\/yoast.com\/wordpress\/plugins\/seo\/ -->\n<title>Kr\u0161ki Akvariji - Experience Krk<\/title>\n<link rel=\"canonical\" href=\"https:\/\/experiencekrk.com\/sl\/druzinski-dopust\/krski-akvariji\/\" \/>\n<meta property=\"og:locale\" content=\"sl_SI\" \/>\n<meta property=\"og:type\" content=\"article\" \/>\n<meta property=\"og:title\" content=\"Kr\u0161ki Akvariji - Experience Krk\" \/>\n<meta property=\"og:description\" content=\"[vc_row][vc_column][vc_row_inner css=&#8221;.vc_custom_1560345374338{padding-bottom: 20px !important;}&#8221;][vc_column_inner width=&#8221;1\/2&#8243;][vc_column_text]V akvarijskem terariju Krk je mogo\u010de videti raznoliko sladkovodno favno iz Hrva\u0161ke in ostalih delov sveta. Kajman, boa, kraljevi piton, kameleoni, iguana, japonski krap, ke\u010diga in \u0161\u010duka so nekateri prebivalci tega akvarijskega terarija. Vabimo vas, da obi\u0161\u010dete na\u0161 akvarijski terarij in odkrijete spro\u0161\u010dujo\u010d svet sladkovodnih rib in plazilcev. Telefon: +385 51 221 167 E-po\u0161ta: siloturist@ri.t-com.hr Splet: www.aquariumkrk.com Naslov: Ul. Stjepana Radi\u0107a 2c, 51500 Krk[\/vc_column_text][\/vc_column_inner][vc_column_inner width=&#8221;1\/2&#8243;][\/vc_column_inner][\/vc_row_inner][\/vc_column][\/vc_row][vc_row][vc_column][vc_row_inner][vc_column_inner][\/vc_column_inner][\/vc_row_inner][\/vc_column][\/vc_row][vc_row][vc_column][vc_empty_space height=&#8221;40px&#8221;][vc_row_inner css=&#8221;.vc_custom_1560345682243{padding-bottom: 20px !important;}&#8221;][vc_column_inner width=&#8221;1\/2&#8243;][vc_column_text]Prvi tropski akvarij na Hrva\u0161kem na Krku ponuja edinstveno kombinacijo morskih in sladkovodnih bitij tropskih regij sveta....\" \/>\n<meta property=\"og:url\" content=\"https:\/\/experiencekrk.com\/sl\/druzinski-dopust\/krski-akvariji\/\" \/>\n<meta property=\"og:site_name\" content=\"Experience Krk\" \/>\n<meta property=\"article:modified_time\" content=\"2020-03-30T08:30:04+00:00\" \/>\n<meta name=\"twitter:card\" content=\"summary_large_image\" \/>\n<meta name=\"twitter:label1\" content=\"Est. reading time\">\n\t<meta name=\"twitter:data1\" content=\"3 minute\">\n<script type=\"application\/ld+json\" class=\"yoast-schema-graph\">{\"@context\":\"https:\/\/schema.org\",\"@graph\":[{\"@type\":\"WebSite\",\"@id\":\"https:\/\/experiencekrk.com\/#website\",\"url\":\"https:\/\/experiencekrk.com\/\",\"name\":\"Experience Krk\",\"description\":\"Cultural Tours, Food &amp; Wine and more\",\"potentialAction\":[{\"@type\":\"SearchAction\",\"target\":\"https:\/\/experiencekrk.com\/?s={search_term_string}\",\"query-input\":\"required name=search_term_string\"}],\"inLanguage\":\"sl-SI\"},{\"@type\":\"WebPage\",\"@id\":\"https:\/\/experiencekrk.com\/sl\/druzinski-dopust\/krski-akvariji\/#webpage\",\"url\":\"https:\/\/experiencekrk.com\/sl\/druzinski-dopust\/krski-akvariji\/\",\"name\":\"Kr\\u0161ki Akvariji - Experience Krk\",\"isPartOf\":{\"@id\":\"https:\/\/experiencekrk.com\/#website\"},\"datePublished\":\"2019-04-15T08:01:42+00:00\",\"dateModified\":\"2020-03-30T08:30:04+00:00\",\"breadcrumb\":{\"@id\":\"https:\/\/experiencekrk.com\/sl\/druzinski-dopust\/krski-akvariji\/#breadcrumb\"},\"inLanguage\":\"sl-SI\",\"potentialAction\":[{\"@type\":\"ReadAction\",\"target\":[\"https:\/\/experiencekrk.com\/sl\/druzinski-dopust\/krski-akvariji\/\"]}]},{\"@type\":\"BreadcrumbList\",\"@id\":\"https:\/\/experiencekrk.com\/sl\/druzinski-dopust\/krski-akvariji\/#breadcrumb\",\"itemListElement\":[{\"@type\":\"ListItem\",\"position\":1,\"item\":{\"@type\":\"WebPage\",\"@id\":\"https:\/\/experiencekrk.com\/sl\/\",\"url\":\"https:\/\/experiencekrk.com\/sl\/\",\"name\":\"Home\"}},{\"@type\":\"ListItem\",\"position\":2,\"item\":{\"@type\":\"WebPage\",\"@id\":\"https:\/\/experiencekrk.com\/sl\/druzinski-dopust\/\",\"url\":\"https:\/\/experiencekrk.com\/sl\/druzinski-dopust\/\",\"name\":\"Dru\\u017einski dopust\"}},{\"@type\":\"ListItem\",\"position\":3,\"item\":{\"@type\":\"WebPage\",\"@id\":\"https:\/\/experiencekrk.com\/sl\/druzinski-dopust\/krski-akvariji\/\",\"url\":\"https:\/\/experiencekrk.com\/sl\/druzinski-dopust\/krski-akvariji\/\",\"name\":\"Kr\\u0161ki Akvariji\"}}]}]}<\/script>\n<!-- \/ Yoast SEO plugin. -->","_links":{"self":[{"href":"https:\/\/experiencekrk.com\/sl\/wp-json\/wp\/v2\/pages\/11069"}],"collection":[{"href":"https:\/\/experiencekrk.com\/sl\/wp-json\/wp\/v2\/pages"}],"about":[{"href":"https:\/\/experiencekrk.com\/sl\/wp-json\/wp\/v2\/types\/page"}],"author":[{"embeddable":true,"href":"https:\/\/experiencekrk.com\/sl\/wp-json\/wp\/v2\/users\/1"}],"replies":[{"embeddable":true,"href":"https:\/\/experiencekrk.com\/sl\/wp-json\/wp\/v2\/comments?post=11069"}],"version-history":[{"count":2,"href":"https:\/\/experiencekrk.com\/sl\/wp-json\/wp\/v2\/pages\/11069\/revisions"}],"predecessor-version":[{"id":11079,"href":"https:\/\/experiencekrk.com\/sl\/wp-json\/wp\/v2\/pages\/11069\/revisions\/11079"}],"up":[{"embeddable":true,"href":"https:\/\/experiencekrk.com\/sl\/wp-json\/wp\/v2\/pages\/10656"}],"wp:attachment":[{"href":"https:\/\/experiencekrk.com\/sl\/wp-json\/wp\/v2\/media?parent=11069"}],"curies":[{"name":"wp","href":"https:\/\/api.w.org\/{rel}","templated":true}]}}