{"id":11060,"date":"2019-06-04T13:16:23","date_gmt":"2019-06-04T13:16:23","guid":{"rendered":"https:\/\/experiencekrk.com\/druzinski-dopust\/family-themed-paths\/"},"modified":"2020-03-29T15:09:22","modified_gmt":"2020-03-29T15:09:22","slug":"family-themed-paths","status":"publish","type":"page","link":"https:\/\/experiencekrk.com\/sl\/druzinski-dopust\/family-themed-paths\/","title":{"rendered":"Dru\u017einske tematske poti"},"content":{"rendered":"<p>[vc_row][vc_column]<div class=\"mkdf-section-title-holder\">\n\t<h1 class=\"mkdf-section-title mkdf-section-title-medium\" >\n\tOb Zlatih kapljicah kr\u0161kega zaklada<\/h1>\n<\/div>[\/vc_column][\/vc_row][vc_row][vc_column width=&#8221;1\/2&#8243; css=&#8221;.vc_custom_1559125178706{padding-top: 0px !important;}&#8221;][vc_column_text css=&#8221;.vc_custom_1585494438436{border-top-width: 0px !important;padding-top: 0px !important;}&#8221;]<span style=\"font-weight: 400;\">Nekaj \u200b\u200bje treba povedati tudi o zanimivih tematskih sprehajalnih poteh, posve\u010denih kr\u0161kemu teko\u010demu zakladu &#8211; olj\u010dnemu olju. Potep po tematski sprehajalni poti Po Zlatih kapljicah Kr\u0161kega zaklada priporo\u010damo vsem, ki u\u017eivate v sprehodih v naravi.<\/span><\/p>\n<p><span style=\"font-weight: 400;\">Dve poti sta zmerno zahtevni, medtem pa obiskovalci poslu\u0161ajo zgodbo o oto\u0161kem kmetijstvu, oljkah, zdravilnih zeli\u0161\u010dih in o vsem na kar bodo verjetno naleteli na sprehod. Poti niso pretirano zahtevne in so dolge 9,5 in 12,5 km skozi olj\u010dne nasade okoli vasi Korni\u0107 in Vrh.<\/span>[\/vc_column_text][vc_column_text][\/vc_column_text][\/vc_column][vc_column width=&#8221;1\/2&#8243; css=&#8221;.vc_custom_1559125192021{border-top-width: 0px !important;padding-top: 10px !important;}&#8221;]<div class=\"mkdf-image-gallery\">\n\t<div class=\"mkdf-image-gallery-slider \" data-autoplay=\"5\" data-animation=\"slide\" data-navigation=\"yes\" data-pagination=\"yes\">\n\t\t\t\t\t\t\t\t\t<img width=\"600\" height=\"400\" src=\"https:\/\/experiencekrk.com\/wp-content\/uploads\/2019\/06\/City-of-Krk-olive-paths-2.jpg\" class=\"attachment-full size-full\" alt=\"\" loading=\"lazy\" srcset=\"https:\/\/experiencekrk.com\/wp-content\/uploads\/2019\/06\/City-of-Krk-olive-paths-2.jpg 600w, https:\/\/experiencekrk.com\/wp-content\/uploads\/2019\/06\/City-of-Krk-olive-paths-2-300x200.jpg 300w\" sizes=\"(max-width: 600px) 100vw, 600px\" \/>\t\t\t\t\t\t\t\t\t\t\t\t\t<img width=\"600\" height=\"400\" src=\"https:\/\/experiencekrk.com\/wp-content\/uploads\/2019\/06\/City-of-Krk-olive-paths.jpg\" class=\"attachment-full size-full\" alt=\"\" loading=\"lazy\" srcset=\"https:\/\/experiencekrk.com\/wp-content\/uploads\/2019\/06\/City-of-Krk-olive-paths.jpg 600w, https:\/\/experiencekrk.com\/wp-content\/uploads\/2019\/06\/City-of-Krk-olive-paths-300x200.jpg 300w\" sizes=\"(max-width: 600px) 100vw, 600px\" \/>\t\t\t\t\t\t\t<\/div>\n<\/div>[\/vc_column][\/vc_row][vc_row][vc_column]<div class=\"mkdf-separator-holder clearfix  mkdf-separator-center mkdf-separator-full-width\">\n\t<div class=\"mkdf-separator\" style=\"border-color: #ebebeb;border-style: solid;border-bottom-width: 1px;margin-top: 20px;margin-bottom: 45px\"><\/div>\n<\/div>\n[vc_empty_space height=&#8221;40px&#8221;]<div class=\"mkdf-section-title-holder\">\n\t<h1 class=\"mkdf-section-title mkdf-section-title-small\" >\n\tSprehajalna pot na kra\u0161ki ribnik na otoku Krk<\/h1>\n<\/div>[\/vc_column][\/vc_row][vc_row][vc_column width=&#8221;1\/2&#8243; css=&#8221;.vc_custom_1559123188863{padding-top: 15px !important;}&#8221;][vc_column_text css=&#8221;.vc_custom_1585494490288{border-top-width: 0px !important;padding-top: 0px !important;}&#8221;]<span style=\"font-weight: 400;\">Na otoku Krk je ve\u010d kot 300 ve\u010djih ribnikov. Na brezvodnem kra\u0161kem terenu so ribniki nepri\u010dakovan pojav, ki daje pokrajini poseben \u010dar. Ta pot vodi skozi prete\u017eno lesen in pode\u017eelski del otoka Krk imenovan \u0160otovento. Pot vodi skozi dvojni ribnik Ormatine, ki se nahaja poleg izjemnih naravnih znamenitosti &#8211; starodavnih puhastih hrastov na obmo\u010dju Dolinji Drmun. Naslednja postaja sta ribnika Menkova v vasi Poljica in dva \u017eiva ribnika z imenom \u017diva (eden od ribnikov je bil vir pitne vode za ljudi, drugi pa za \u017eivino).<\/span><\/p>\n<p><span style=\"font-weight: 400;\">Pot poteka skozi gozd in omogo\u010da enostavno hojo. Dol\u017eina poti: 6,1 km, trajanje 2 uri<\/span>[\/vc_column_text][vc_column_text][\/vc_column_text][\/vc_column][vc_column width=&#8221;1\/2&#8243; css=&#8221;.vc_custom_1559125093053{border-top-width: 0px !important;padding-top: 25px !important;}&#8221;]<div class=\"mkdf-image-gallery\">\n\t<div class=\"mkdf-image-gallery-slider \" data-autoplay=\"5\" data-animation=\"slide\" data-navigation=\"yes\" data-pagination=\"yes\">\n\t\t\t\t\t\t\t\t\t<img width=\"600\" height=\"400\" src=\"https:\/\/experiencekrk.com\/wp-content\/uploads\/2019\/06\/City-of-Krk-karst-path.jpg\" class=\"attachment-full size-full\" alt=\"\" loading=\"lazy\" srcset=\"https:\/\/experiencekrk.com\/wp-content\/uploads\/2019\/06\/City-of-Krk-karst-path.jpg 600w, https:\/\/experiencekrk.com\/wp-content\/uploads\/2019\/06\/City-of-Krk-karst-path-300x200.jpg 300w\" sizes=\"(max-width: 600px) 100vw, 600px\" \/>\t\t\t\t\t\t\t\t\t\t\t\t\t<img width=\"600\" height=\"400\" src=\"https:\/\/experiencekrk.com\/wp-content\/uploads\/2019\/06\/City-of-Krk-karst-paths-2.jpg\" class=\"attachment-full size-full\" alt=\"\" loading=\"lazy\" srcset=\"https:\/\/experiencekrk.com\/wp-content\/uploads\/2019\/06\/City-of-Krk-karst-paths-2.jpg 600w, https:\/\/experiencekrk.com\/wp-content\/uploads\/2019\/06\/City-of-Krk-karst-paths-2-300x200.jpg 300w\" sizes=\"(max-width: 600px) 100vw, 600px\" \/>\t\t\t\t\t\t\t<\/div>\n<\/div>[\/vc_column][\/vc_row][vc_row][vc_column]<div class=\"mkdf-separator-holder clearfix  mkdf-separator-center mkdf-separator-full-width\">\n\t<div class=\"mkdf-separator\" style=\"border-color: #ebebeb;border-style: solid;border-bottom-width: 1px;margin-top: 20px;margin-bottom: 45px\"><\/div>\n<\/div>\n[vc_empty_space height=&#8221;40px&#8221;]<div class=\"mkdf-section-title-holder\">\n\t<h1 class=\"mkdf-section-title mkdf-section-title-medium\" >\n\tSteza glagolice<\/h1>\n<\/div>[\/vc_column][\/vc_row][vc_row][vc_column width=&#8221;1\/2&#8243; css=&#8221;.vc_custom_1559123188863{padding-top: 15px !important;}&#8221;][vc_column_text css=&#8221;.vc_custom_1585494537033{border-top-width: 0px !important;padding-top: 0px !important;}&#8221;]<span style=\"font-weight: 400;\">Abeceda je nedvomno eden klju\u010dnih temeljev civilizacije. Dva meniha, svetnika Ciril in Metod, ki ju je bizantinski cesar poslal \u0161iriti evangelij med pogane v srednji in vzhodni Evropi v 9. stoletju, sta se tega dobro zavedala. Da bi se prepri\u010dali, da se je kr\u0161\u010danstvo res prijelo, so zasnovali novo abecedo &#8211; glagolico. Z uporabo geometrijskih oblik in teolo\u0161ke simbolike je glagolska pisava \u017ee stoletja sestavni del kulturne dedi\u0161\u010dine na Kvarnerskih otokih, zlasti na Krku.<\/span><\/p>\n<p><span style=\"font-weight: 400;\">Najstarej\u0161i zgodovinski zapis iz leta 1105 AD, napisan v hrva\u0161kem jeziku, je Ba\u0161ka tablica, vklesana v kamen. Ta edinstven zgodovinski dokument je bil navdih pri snovanju Steze glagolice.<\/span>[\/vc_column_text][vc_column_text][\/vc_column_text][\/vc_column][vc_column width=&#8221;1\/2&#8243; css=&#8221;.vc_custom_1559124688182{border-top-width: 0px !important;padding-top: 15px !important;}&#8221;][vc_single_image image=&#8221;3346&#8243; img_size=&#8221;full&#8221;][\/vc_column][\/vc_row][vc_row][vc_column]<div class=\"mkdf-separator-holder clearfix  mkdf-separator-center mkdf-separator-full-width\">\n\t<div class=\"mkdf-separator\" style=\"border-color: #ebebeb;border-style: solid;border-bottom-width: 1px;margin-top: 20px;margin-bottom: 45px\"><\/div>\n<\/div>\n[vc_empty_space height=&#8221;40px&#8221;][\/vc_column][\/vc_row]<\/p>\n","protected":false},"excerpt":{"rendered":"<p>[vc_row][vc_column][\/vc_column][\/vc_row][vc_row][vc_column width=&#8221;1\/2&#8243; css=&#8221;.vc_custom_1559125178706{padding-top: 0px !important;}&#8221;][vc_column_text css=&#8221;.vc_custom_1585494438436{border-top-width: 0px !important;padding-top: 0px !important;}&#8221;]Nekaj \u200b\u200bje treba povedati tudi o zanimivih tematskih sprehajalnih poteh, posve\u010denih kr\u0161kemu teko\u010demu zakladu &#8211; olj\u010dnemu olju. Potep po tematski sprehajalni poti Po Zlatih kapljicah Kr\u0161kega zaklada priporo\u010damo vsem, ki u\u017eivate v sprehodih v naravi. Dve poti sta zmerno zahtevni, medtem pa obiskovalci poslu\u0161ajo zgodbo o oto\u0161kem kmetijstvu, oljkah, zdravilnih zeli\u0161\u010dih in o vsem na kar bodo verjetno naleteli na sprehod. Poti niso pretirano zahtevne in so dolge 9,5 in 12,5 km skozi olj\u010dne nasade okoli vasi Korni\u0107 in Vrh.[\/vc_column_text][vc_column_text][\/vc_column_text][\/vc_column][vc_column width=&#8221;1\/2&#8243;&#8230;<\/p>\n","protected":false},"author":1,"featured_media":0,"parent":10656,"menu_order":0,"comment_status":"closed","ping_status":"closed","template":"","meta":[],"yoast_head":"<!-- This site is optimized with the Yoast SEO plugin v16.0.1 - https:\/\/yoast.com\/wordpress\/plugins\/seo\/ -->\n<title>Dru\u017einske tematske poti - Experience Krk<\/title>\n<link rel=\"canonical\" href=\"https:\/\/experiencekrk.com\/sl\/druzinski-dopust\/family-themed-paths\/\" \/>\n<meta property=\"og:locale\" content=\"sl_SI\" \/>\n<meta property=\"og:type\" content=\"article\" \/>\n<meta property=\"og:title\" content=\"Dru\u017einske tematske poti - Experience Krk\" \/>\n<meta property=\"og:description\" content=\"[vc_row][vc_column][\/vc_column][\/vc_row][vc_row][vc_column width=&#8221;1\/2&#8243; css=&#8221;.vc_custom_1559125178706{padding-top: 0px !important;}&#8221;][vc_column_text css=&#8221;.vc_custom_1585494438436{border-top-width: 0px !important;padding-top: 0px !important;}&#8221;]Nekaj \u200b\u200bje treba povedati tudi o zanimivih tematskih sprehajalnih poteh, posve\u010denih kr\u0161kemu teko\u010demu zakladu &#8211; olj\u010dnemu olju. Potep po tematski sprehajalni poti Po Zlatih kapljicah Kr\u0161kega zaklada priporo\u010damo vsem, ki u\u017eivate v sprehodih v naravi. Dve poti sta zmerno zahtevni, medtem pa obiskovalci poslu\u0161ajo zgodbo o oto\u0161kem kmetijstvu, oljkah, zdravilnih zeli\u0161\u010dih in o vsem na kar bodo verjetno naleteli na sprehod. Poti niso pretirano zahtevne in so dolge 9,5 in 12,5 km skozi olj\u010dne nasade okoli vasi Korni\u0107 in Vrh.[\/vc_column_text][vc_column_text][\/vc_column_text][\/vc_column][vc_column width=&#8221;1\/2&#8243;...\" \/>\n<meta property=\"og:url\" content=\"https:\/\/experiencekrk.com\/sl\/druzinski-dopust\/family-themed-paths\/\" \/>\n<meta property=\"og:site_name\" content=\"Experience Krk\" \/>\n<meta property=\"article:modified_time\" content=\"2020-03-29T15:09:22+00:00\" \/>\n<meta name=\"twitter:card\" content=\"summary_large_image\" \/>\n<meta name=\"twitter:label1\" content=\"Est. reading time\">\n\t<meta name=\"twitter:data1\" content=\"3 minute\">\n<script type=\"application\/ld+json\" class=\"yoast-schema-graph\">{\"@context\":\"https:\/\/schema.org\",\"@graph\":[{\"@type\":\"WebSite\",\"@id\":\"https:\/\/experiencekrk.com\/#website\",\"url\":\"https:\/\/experiencekrk.com\/\",\"name\":\"Experience Krk\",\"description\":\"Cultural Tours, Food &amp; Wine and more\",\"potentialAction\":[{\"@type\":\"SearchAction\",\"target\":\"https:\/\/experiencekrk.com\/?s={search_term_string}\",\"query-input\":\"required name=search_term_string\"}],\"inLanguage\":\"sl-SI\"},{\"@type\":\"WebPage\",\"@id\":\"https:\/\/experiencekrk.com\/sl\/druzinski-dopust\/family-themed-paths\/#webpage\",\"url\":\"https:\/\/experiencekrk.com\/sl\/druzinski-dopust\/family-themed-paths\/\",\"name\":\"Dru\\u017einske tematske poti - Experience Krk\",\"isPartOf\":{\"@id\":\"https:\/\/experiencekrk.com\/#website\"},\"datePublished\":\"2019-06-04T13:16:23+00:00\",\"dateModified\":\"2020-03-29T15:09:22+00:00\",\"breadcrumb\":{\"@id\":\"https:\/\/experiencekrk.com\/sl\/druzinski-dopust\/family-themed-paths\/#breadcrumb\"},\"inLanguage\":\"sl-SI\",\"potentialAction\":[{\"@type\":\"ReadAction\",\"target\":[\"https:\/\/experiencekrk.com\/sl\/druzinski-dopust\/family-themed-paths\/\"]}]},{\"@type\":\"BreadcrumbList\",\"@id\":\"https:\/\/experiencekrk.com\/sl\/druzinski-dopust\/family-themed-paths\/#breadcrumb\",\"itemListElement\":[{\"@type\":\"ListItem\",\"position\":1,\"item\":{\"@type\":\"WebPage\",\"@id\":\"https:\/\/experiencekrk.com\/sl\/\",\"url\":\"https:\/\/experiencekrk.com\/sl\/\",\"name\":\"Home\"}},{\"@type\":\"ListItem\",\"position\":2,\"item\":{\"@type\":\"WebPage\",\"@id\":\"https:\/\/experiencekrk.com\/sl\/druzinski-dopust\/\",\"url\":\"https:\/\/experiencekrk.com\/sl\/druzinski-dopust\/\",\"name\":\"Dru\\u017einski dopust\"}},{\"@type\":\"ListItem\",\"position\":3,\"item\":{\"@type\":\"WebPage\",\"@id\":\"https:\/\/experiencekrk.com\/sl\/druzinski-dopust\/family-themed-paths\/\",\"url\":\"https:\/\/experiencekrk.com\/sl\/druzinski-dopust\/family-themed-paths\/\",\"name\":\"Dru\\u017einske tematske poti\"}}]}]}<\/script>\n<!-- \/ Yoast SEO plugin. -->","_links":{"self":[{"href":"https:\/\/experiencekrk.com\/sl\/wp-json\/wp\/v2\/pages\/11060"}],"collection":[{"href":"https:\/\/experiencekrk.com\/sl\/wp-json\/wp\/v2\/pages"}],"about":[{"href":"https:\/\/experiencekrk.com\/sl\/wp-json\/wp\/v2\/types\/page"}],"author":[{"embeddable":true,"href":"https:\/\/experiencekrk.com\/sl\/wp-json\/wp\/v2\/users\/1"}],"replies":[{"embeddable":true,"href":"https:\/\/experiencekrk.com\/sl\/wp-json\/wp\/v2\/comments?post=11060"}],"version-history":[{"count":2,"href":"https:\/\/experiencekrk.com\/sl\/wp-json\/wp\/v2\/pages\/11060\/revisions"}],"predecessor-version":[{"id":11062,"href":"https:\/\/experiencekrk.com\/sl\/wp-json\/wp\/v2\/pages\/11060\/revisions\/11062"}],"up":[{"embeddable":true,"href":"https:\/\/experiencekrk.com\/sl\/wp-json\/wp\/v2\/pages\/10656"}],"wp:attachment":[{"href":"https:\/\/experiencekrk.com\/sl\/wp-json\/wp\/v2\/media?parent=11060"}],"curies":[{"name":"wp","href":"https:\/\/api.w.org\/{rel}","templated":true}]}}