{"id":11049,"date":"2019-06-05T12:35:12","date_gmt":"2019-06-05T12:35:12","guid":{"rendered":"https:\/\/experiencekrk.com\/druzinski-dopust\/boat-trips\/"},"modified":"2020-03-29T15:02:45","modified_gmt":"2020-03-29T15:02:45","slug":"boat-trips","status":"publish","type":"page","link":"https:\/\/experiencekrk.com\/sl\/druzinski-dopust\/boat-trips\/","title":{"rendered":"Izleti z ladjo"},"content":{"rendered":"<p>[vc_row][vc_column]<div class=\"mkdf-section-title-holder\">\n\t<h1 class=\"mkdf-section-title mkdf-section-title-medium\" >\n\tLov na zaklad z ladjo<\/h1>\n<\/div>[\/vc_column][\/vc_row][vc_row][vc_column width=&#8221;1\/2&#8243; css=&#8221;.vc_custom_1559125178706{padding-top: 0px !important;}&#8221;][vc_column_text css=&#8221;.vc_custom_1585493985260{border-top-width: 0px !important;padding-top: 0px !important;}&#8221;]<span style=\"font-weight: 400;\">V skladu z lokalnimi legendami v 16. stoletju so se pirati spopadli s trgovsko galejo, ki je preva\u017eala dragocen tovor. Bitka se je odvijala v kanalu med dvema zapu\u0161\u010denima otokoma &#8211; Mali Plavnik in Plavnik. V tej bitki so knezovi stra\u017earji potonili gusarsko ladjo, pre\u017eivel pa je le en gusar. Prispel je na otok Plavnik, kjer je zakopal zaklad. Od tam je izginil brez sledu in skritega zaklada \u0161e nih\u010de ni na\u0161el. Kdo ve, morda boste ravno vi sre\u010dni najditelj.<\/span><\/p>\n<p><span style=\"font-weight: 400;\">Mobilni telefon: +385 91 788 3269<\/span><\/p>\n<p><span style=\"font-weight: 400;\">E-po\u0161ta: otacrokokrk@gmail.com<\/span><\/p>\n<p><span style=\"font-weight: 400;\">Splet: www.otacroko.hr<\/span><\/p>\n<p><span style=\"font-weight: 400;\">Naslov: Kr\u010dkih iseljenika 9, 51500 Krk<\/span>[\/vc_column_text][vc_column_text][\/vc_column_text][\/vc_column][vc_column width=&#8221;1\/2&#8243; css=&#8221;.vc_custom_1559125192021{border-top-width: 0px !important;padding-top: 10px !important;}&#8221;][vc_single_image image=&#8221;5756&#8243; img_size=&#8221;full&#8221;][\/vc_column][\/vc_row][vc_row][vc_column]<div class=\"mkdf-separator-holder clearfix  mkdf-separator-center mkdf-separator-full-width\">\n\t<div class=\"mkdf-separator\" style=\"border-color: #ebebeb;border-style: solid;border-bottom-width: 1px;margin-top: 20px;margin-bottom: 45px\"><\/div>\n<\/div>\n[vc_empty_space height=&#8221;40px&#8221;][vc_column_text]Enjoy the fresh sea air and slight summer breeze on the boat excursions from the city of Krk to nearby islands, bays and hidden beaches. Information about the boat tours from the city of Krk are best found at the town port where you can immediately book your place on one of the various boat tours. Or if you want to book in advance, see below the list of the agencies that organize boat tours and contact them directly.[\/vc_column_text][\/vc_column][\/vc_row][vc_row][vc_column width=&#8221;1\/2&#8243; css=&#8221;.vc_custom_1559123188863{padding-top: 15px !important;}&#8221;][vc_column_text css=&#8221;.vc_custom_1559739119856{border-top-width: 0px !important;padding-top: 0px !important;}&#8221;]<strong>&#8216;BURA&#8221; 216 KK &#8211; owner Denis Stolfa<\/strong><br \/>\nMobile: <a href=\"tel:+385989464215\">+385 98 946 4215<\/a><br \/>\nE-mail: <a href=\"mailto:o.stolfa@gmail.com\">o.stolfa@gmail.com<\/a><br \/>\nWeb: <a href=\"http:\/\/www.krkapartments.info\" target=\"_blank\" rel=\"noopener noreferrer\">www.krkapartments.info<\/a><br \/>\nAddress: Ivana Zajca 1, 51500 Krk<\/p>\n<p><strong>DIVER Krk<\/strong><br \/>\nMobile: <a href=\"tel:+385912222390\">+385 91 2222 390<\/a><br \/>\nE-mail: <a href=\"mailto:info@diver-krk.hr\">info@diver-krk.hr<\/a><br \/>\nWeb: <a href=\"http:\/\/www.diver-krk.hr\" target=\"_blank\" rel=\"noopener noreferrer\">www.diver-krk.hr<\/a><br \/>\nAddress: Bra\u0107e Juras 9, 51500 Krk[\/vc_column_text][\/vc_column][vc_column width=&#8221;1\/2&#8243; css=&#8221;.vc_custom_1559125093053{border-top-width: 0px !important;padding-top: 25px !important;}&#8221;][vc_single_image image=&#8221;5762&#8243; img_size=&#8221;full&#8221;][\/vc_column][\/vc_row][vc_row][vc_column][vc_empty_space height=&#8221;10px&#8221;][\/vc_column][\/vc_row][vc_row][vc_column width=&#8221;1\/2&#8243; css=&#8221;.vc_custom_1559819676827{padding-top: 15px !important;}&#8221; offset=&#8221;vc_hidden-sm vc_hidden-xs&#8221;][vc_single_image image=&#8221;5760&#8243; img_size=&#8221;full&#8221;][\/vc_column][vc_column width=&#8221;1\/2&#8243; css=&#8221;.vc_custom_1559819681236{border-top-width: 0px !important;padding-top: 25px !important;}&#8221; offset=&#8221;vc_hidden-sm vc_hidden-xs&#8221;][vc_column_text css=&#8221;.vc_custom_1559739307856{border-top-width: 0px !important;padding-top: 0px !important;}&#8221;]<strong>m\/b &#8221;EIGIDA&#8221; &#8211; owner Miljenko Str\u010di\u0107<\/strong><br \/>\nPhone: <a href=\"tel:+38551221083\">+385 51 221 083<\/a><br \/>\nMobile: <a href=\"tel:+385915239142\">+385 91 523 9142<\/a><br \/>\nE-mail: <a href=\"mailto:strcicp@gmail.com\">strcicp@gmail.com<\/a><br \/>\nAddress: S. Nikoli\u0107a 20, 51500 Krk<\/p>\n<p><strong>m\/B DORIA- owner Marko \u017dili\u0107<\/strong><br \/>\nPhone: <a href=\"tel:+38551222449\">+385 51 222 449<\/a><br \/>\nMobile: <a href=\"tel:+385912516060\">+385 91 251 6060<\/a><br \/>\nE-mail: <a href=\"mailto:marko.zilic@ri.t-com.hr\">marko.zilic@ri.t-com.hr<\/a><br \/>\nAddress: Frankopanska 20, 51500 Krk[\/vc_column_text][\/vc_column][\/vc_row][vc_row][vc_column width=&#8221;1\/2&#8243; css=&#8221;.vc_custom_1559819686738{padding-top: 15px !important;}&#8221; offset=&#8221;vc_hidden-lg vc_hidden-md&#8221;][vc_column_text css=&#8221;.vc_custom_1559739307856{border-top-width: 0px !important;padding-top: 0px !important;}&#8221;]<strong>m\/b &#8221;EIGIDA&#8221; &#8211; owner Miljenko Str\u010di\u0107<\/strong><br \/>\nPhone: <a href=\"tel:+38551221083\">+385 51 221 083<\/a><br \/>\nMobile: <a href=\"tel:+385915239142\">+385 91 523 9142<\/a><br \/>\nE-mail: <a href=\"mailto:strcicp@gmail.com\">strcicp@gmail.com<\/a><br \/>\nAddress: S. Nikoli\u0107a 20, 51500 Krk<\/p>\n<p><strong>m\/B DORIA- owner Marko \u017dili\u0107<\/strong><br \/>\nPhone: <a href=\"tel:+38551222449\">+385 51 222 449<\/a><br \/>\nMobile: <a href=\"tel:+385912516060\">+385 91 251 6060<\/a><br \/>\nE-mail: <a href=\"mailto:marko.zilic@ri.t-com.hr\">marko.zilic@ri.t-com.hr<\/a><br \/>\nAddress: Frankopanska 20, 51500 Krk[\/vc_column_text][\/vc_column][vc_column width=&#8221;1\/2&#8243; css=&#8221;.vc_custom_1559819691347{border-top-width: 0px !important;padding-top: 25px !important;}&#8221; offset=&#8221;vc_hidden-lg vc_hidden-md&#8221;][vc_single_image image=&#8221;5760&#8243; img_size=&#8221;full&#8221;][\/vc_column][\/vc_row][vc_row][vc_column][vc_empty_space height=&#8221;10px&#8221;][\/vc_column][\/vc_row][vc_row][vc_column width=&#8221;1\/2&#8243; css=&#8221;.vc_custom_1559123188863{padding-top: 15px !important;}&#8221;][vc_column_text css=&#8221;.vc_custom_1559739532065{border-top-width: 0px !important;padding-top: 0px !important;}&#8221;]<strong>m\/b &#8221;MALI PIN&#8221; &amp; &#8220;NEMO&#8221;- owner Marijan Volari\u0107<\/strong><br \/>\nMobile: <a href=\"tel:+385915052916\">+385 91 505 2916<\/a><br \/>\nE-mail: <a href=\"mailto:franev@net.hr\">franev@net.hr<\/a><br \/>\nWeb: <a href=\"http:\/\/www.mali-pin.com\" target=\"_blank\" rel=\"noopener noreferrer\">www.mali-pin.com<\/a><br \/>\nAddress: Drage Gervaisa 8, 51500 Krk<\/p>\n<p><strong>m\/b MORENA&#8221; &amp; &#8221;TAJANA&#8221; &#8211; owner Anton \u017du\u017ei\u0107<\/strong><br \/>\nMobile: <a href=\"tel:+385911221280\">+385 91 122 1280<\/a><br \/>\nMobile: <a href=\"tel:+385917898828\">+385 91 789 88 28<\/a><br \/>\nE-mail: <a href=\"mailto:info@zuzic-krk.com\">info@zuzic-krk.com<\/a><br \/>\nWeb: <a href=\"http:\/\/info@zuzic-krk.com\" target=\"_blank\" rel=\"noopener noreferrer\">www.zuzic-krk.com<\/a><br \/>\nAddress: Lakmartinska 23, 51500 Krk[\/vc_column_text][\/vc_column][vc_column width=&#8221;1\/2&#8243; css=&#8221;.vc_custom_1559125093053{border-top-width: 0px !important;padding-top: 25px !important;}&#8221;][vc_single_image image=&#8221;5759&#8243; img_size=&#8221;full&#8221;][\/vc_column][\/vc_row][vc_row][vc_column][vc_empty_space height=&#8221;10px&#8221;][\/vc_column][\/vc_row][vc_row][vc_column width=&#8221;1\/2&#8243; css=&#8221;.vc_custom_1559819710014{padding-top: 15px !important;}&#8221; offset=&#8221;vc_hidden-sm vc_hidden-xs&#8221;][vc_single_image image=&#8221;5757&#8243; img_size=&#8221;full&#8221;][\/vc_column][vc_column width=&#8221;1\/2&#8243; css=&#8221;.vc_custom_1559819714923{border-top-width: 0px !important;padding-top: 25px !important;}&#8221; offset=&#8221;vc_hidden-sm vc_hidden-xs&#8221;][vc_column_text css=&#8221;.vc_custom_1559739778654{border-top-width: 0px !important;padding-top: 0px !important;}&#8221;]<strong>m\/b \u201cSV. PETAR\u201d &amp; m\/j &#8221;PIPI&#8221; \u2013 ADRIA EXPLORER&#8221; &#8211; I.R.T.D.A. d.o.o.<\/strong><br \/>\nPhone: <a href=\"tel:+38551862148\">+385 51 862 148<\/a><br \/>\nMobile: <a href=\"tel:+385917964656\">+385 91 796 4656<\/a><br \/>\nE-mail: <a href=\"mailto:kontakt@correct-diving.com\">kontakt@correct-diving.com<\/a><br \/>\nAddress: Brzac 33, 51500 Krk<\/p>\n<p><strong>m\/b &#8220;BRODICA 282 KRK&#8221; &#8211; owner Nikica Depikolozvane<\/strong><br \/>\nPhone: <a href=\"tel:+38551220159\">+385 51 220 159<\/a><br \/>\nMobile: <a href=\"tel:+385912511068\">+385 91 251 1068<\/a><br \/>\nE-mail: <a href=\"mailto:nikica.depikolozvane@ri.t-com.hr\">nikica.depikolozvane@ri.t-com.hr<\/a><br \/>\nAddress: Kr\u010dkih iseljenika 15, 51500 Krk[\/vc_column_text][\/vc_column][\/vc_row][vc_row][vc_column width=&#8221;1\/2&#8243; css=&#8221;.vc_custom_1559819720706{padding-top: 15px !important;}&#8221; offset=&#8221;vc_hidden-lg vc_hidden-md&#8221;][vc_column_text css=&#8221;.vc_custom_1559739778654{border-top-width: 0px !important;padding-top: 0px !important;}&#8221;]<strong>m\/b \u201cSV. PETAR\u201d &amp; m\/j &#8221;PIPI&#8221; \u2013 ADRIA EXPLORER&#8221; &#8211; I.R.T.D.A. d.o.o.<\/strong><br \/>\nPhone: <a href=\"tel:+38551862148\">+385 51 862 148<\/a><br \/>\nMobile: <a href=\"tel:+385917964656\">+385 91 796 4656<\/a><br \/>\nE-mail: <a href=\"mailto:kontakt@correct-diving.com\">kontakt@correct-diving.com<\/a><br \/>\nAddress: Brzac 33, 51500 Krk<\/p>\n<p><strong>m\/b &#8220;BRODICA 282 KRK&#8221; &#8211; owner Nikica Depikolozvane<\/strong><br \/>\nPhone: <a href=\"tel:+38551220159\">+385 51 220 159<\/a><br \/>\nMobile: <a href=\"tel:+385912511068\">+385 91 251 1068<\/a><br \/>\nE-mail: <a href=\"mailto:nikica.depikolozvane@ri.t-com.hr\">nikica.depikolozvane@ri.t-com.hr<\/a><br \/>\nAddress: Kr\u010dkih iseljenika 15, 51500 Krk[\/vc_column_text][\/vc_column][vc_column width=&#8221;1\/2&#8243; css=&#8221;.vc_custom_1559819724589{border-top-width: 0px !important;padding-top: 25px !important;}&#8221; offset=&#8221;vc_hidden-lg vc_hidden-md&#8221;][vc_single_image image=&#8221;5757&#8243; img_size=&#8221;full&#8221;][\/vc_column][\/vc_row][vc_row][vc_column][vc_empty_space height=&#8221;10px&#8221;][\/vc_column][\/vc_row][vc_row][vc_column width=&#8221;1\/2&#8243; css=&#8221;.vc_custom_1559123188863{padding-top: 15px !important;}&#8221;][vc_column_text css=&#8221;.vc_custom_1559739991911{border-top-width: 0px !important;padding-top: 0px !important;}&#8221;]<strong>m\/b &#8221;VOJGA&#8221; &#8211; owner Miro Volari\u0107<\/strong><br \/>\nMobile:<a href=\"tel:+38598283257\"> +385 98 283 257<\/a><br \/>\nE-mail: <a href=\"mailto:miro.volaric@ri.t-com.hr\">miro.volaric@ri.t-com.hr<\/a><br \/>\nBorik 4, 51500 Krk<\/p>\n<p><strong>&#8216;OBELIX&#8221; 231 KK &#8211; owner Andreja Jurasi\u0107 and Geza Szarka<\/strong><br \/>\nPhone: <a href=\"tel:+38551604248\">+385 51 604 248<\/a><br \/>\nMobile: <a href=\"tel:+385981856032\">+385 98 185 6032<\/a><br \/>\nE-mail: <a href=\"mailto:adrijan.krk@ri.t-com.hr\">adrijan.krk@ri.t-com.hr<\/a><br \/>\nWeb: <a href=\"http:\/\/www.adrijan-krk.hr\" target=\"_blank\" rel=\"noopener noreferrer\">www.adrijan-krk.hr<\/a><br \/>\nAddress:Creska 12, 51500 Krk[\/vc_column_text][vc_column_text][\/vc_column_text][\/vc_column][vc_column width=&#8221;1\/2&#8243; css=&#8221;.vc_custom_1559125093053{border-top-width: 0px !important;padding-top: 25px !important;}&#8221;][vc_single_image image=&#8221;5761&#8243; img_size=&#8221;full&#8221;][\/vc_column][\/vc_row][vc_row][vc_column][vc_empty_space height=&#8221;10px&#8221;][\/vc_column][\/vc_row][vc_row][vc_column width=&#8221;1\/2&#8243; css=&#8221;.vc_custom_1559819739709{padding-top: 15px !important;}&#8221; offset=&#8221;vc_hidden-sm vc_hidden-xs&#8221;][vc_single_image image=&#8221;5758&#8243; img_size=&#8221;full&#8221;][\/vc_column][vc_column width=&#8221;1\/2&#8243; css=&#8221;.vc_custom_1559819743472{border-top-width: 0px !important;padding-top: 25px !important;}&#8221; offset=&#8221;vc_hidden-sm vc_hidden-xs&#8221;][vc_column_text css=&#8221;.vc_custom_1559740149241{border-top-width: 0px !important;padding-top: 0px !important;}&#8221;]<strong>&#8220;RIBA T&#8221;<\/strong><br \/>\nPhone: <a href=\"tel:+38551863222\">+385 51 863 222<\/a><br \/>\nMobile: <a href=\"tel:+385915301692\">+385 91 530 1692<\/a><br \/>\nE-mail: <a href=\"mailto:anton.zuzic1@gmail.com\">anton.zuzic1@gmail.com<\/a><br \/>\nWeb: <a href=\"http:\/\/www.diving-zuzic.com\" target=\"_blank\" rel=\"noopener noreferrer\">www.diving-zuzic.com<\/a><br \/>\nAddress: Put sv. Fuske 19, Pinezi\u0107[\/vc_column_text][\/vc_column][\/vc_row][vc_row][vc_column width=&#8221;1\/2&#8243; css=&#8221;.vc_custom_1559819747590{padding-top: 15px !important;}&#8221; offset=&#8221;vc_hidden-lg vc_hidden-md&#8221;][vc_column_text css=&#8221;.vc_custom_1559740149241{border-top-width: 0px !important;padding-top: 0px !important;}&#8221;]<strong>&#8220;RIBA T&#8221;<\/strong><br \/>\nPhone: <a href=\"tel:+38551863222\">+385 51 863 222<\/a><br \/>\nMobile: <a href=\"tel:+385915301692\">+385 91 530 1692<\/a><br \/>\nE-mail: <a href=\"mailto:anton.zuzic1@gmail.com\">anton.zuzic1@gmail.com<\/a><br \/>\nWeb: <a href=\"http:\/\/www.diving-zuzic.com\" target=\"_blank\" rel=\"noopener noreferrer\">www.diving-zuzic.com<\/a><br \/>\nAddress: Put sv. Fuske 19, Pinezi\u0107[\/vc_column_text][\/vc_column][vc_column width=&#8221;1\/2&#8243; css=&#8221;.vc_custom_1559819751569{border-top-width: 0px !important;padding-top: 25px !important;}&#8221; offset=&#8221;vc_hidden-lg vc_hidden-md&#8221;][vc_single_image image=&#8221;5758&#8243; img_size=&#8221;full&#8221;][\/vc_column][\/vc_row]<\/p>\n","protected":false},"excerpt":{"rendered":"<p>[vc_row][vc_column][\/vc_column][\/vc_row][vc_row][vc_column width=&#8221;1\/2&#8243; css=&#8221;.vc_custom_1559125178706{padding-top: 0px !important;}&#8221;][vc_column_text css=&#8221;.vc_custom_1585493985260{border-top-width: 0px !important;padding-top: 0px !important;}&#8221;]V skladu z lokalnimi legendami v 16. stoletju so se pirati spopadli s trgovsko galejo, ki je preva\u017eala dragocen tovor. Bitka se je odvijala v kanalu med dvema zapu\u0161\u010denima otokoma &#8211; Mali Plavnik in Plavnik. V tej bitki so knezovi stra\u017earji potonili gusarsko ladjo, pre\u017eivel pa je le en gusar. Prispel je na otok Plavnik, kjer je zakopal zaklad. Od tam je izginil brez sledu in skritega zaklada \u0161e nih\u010de ni na\u0161el. Kdo ve, morda boste ravno vi sre\u010dni najditelj. Mobilni&#8230;<\/p>\n","protected":false},"author":1,"featured_media":0,"parent":10656,"menu_order":0,"comment_status":"closed","ping_status":"closed","template":"","meta":[],"yoast_head":"<!-- This site is optimized with the Yoast SEO plugin v16.0.1 - https:\/\/yoast.com\/wordpress\/plugins\/seo\/ -->\n<title>Izleti z ladjo - Experience Krk<\/title>\n<link rel=\"canonical\" href=\"https:\/\/experiencekrk.com\/sl\/druzinski-dopust\/boat-trips\/\" \/>\n<meta property=\"og:locale\" content=\"sl_SI\" \/>\n<meta property=\"og:type\" content=\"article\" \/>\n<meta property=\"og:title\" content=\"Izleti z ladjo - Experience Krk\" \/>\n<meta property=\"og:description\" content=\"[vc_row][vc_column][\/vc_column][\/vc_row][vc_row][vc_column width=&#8221;1\/2&#8243; css=&#8221;.vc_custom_1559125178706{padding-top: 0px !important;}&#8221;][vc_column_text css=&#8221;.vc_custom_1585493985260{border-top-width: 0px !important;padding-top: 0px !important;}&#8221;]V skladu z lokalnimi legendami v 16. stoletju so se pirati spopadli s trgovsko galejo, ki je preva\u017eala dragocen tovor. Bitka se je odvijala v kanalu med dvema zapu\u0161\u010denima otokoma &#8211; Mali Plavnik in Plavnik. V tej bitki so knezovi stra\u017earji potonili gusarsko ladjo, pre\u017eivel pa je le en gusar. Prispel je na otok Plavnik, kjer je zakopal zaklad. Od tam je izginil brez sledu in skritega zaklada \u0161e nih\u010de ni na\u0161el. Kdo ve, morda boste ravno vi sre\u010dni najditelj. Mobilni...\" \/>\n<meta property=\"og:url\" content=\"https:\/\/experiencekrk.com\/sl\/druzinski-dopust\/boat-trips\/\" \/>\n<meta property=\"og:site_name\" content=\"Experience Krk\" \/>\n<meta property=\"article:modified_time\" content=\"2020-03-29T15:02:45+00:00\" \/>\n<meta name=\"twitter:card\" content=\"summary_large_image\" \/>\n<meta name=\"twitter:label1\" content=\"Est. reading time\">\n\t<meta name=\"twitter:data1\" content=\"6 minut\">\n<script type=\"application\/ld+json\" class=\"yoast-schema-graph\">{\"@context\":\"https:\/\/schema.org\",\"@graph\":[{\"@type\":\"WebSite\",\"@id\":\"https:\/\/experiencekrk.com\/#website\",\"url\":\"https:\/\/experiencekrk.com\/\",\"name\":\"Experience Krk\",\"description\":\"Cultural Tours, Food &amp; Wine and more\",\"potentialAction\":[{\"@type\":\"SearchAction\",\"target\":\"https:\/\/experiencekrk.com\/?s={search_term_string}\",\"query-input\":\"required name=search_term_string\"}],\"inLanguage\":\"sl-SI\"},{\"@type\":\"WebPage\",\"@id\":\"https:\/\/experiencekrk.com\/sl\/druzinski-dopust\/boat-trips\/#webpage\",\"url\":\"https:\/\/experiencekrk.com\/sl\/druzinski-dopust\/boat-trips\/\",\"name\":\"Izleti z ladjo - Experience Krk\",\"isPartOf\":{\"@id\":\"https:\/\/experiencekrk.com\/#website\"},\"datePublished\":\"2019-06-05T12:35:12+00:00\",\"dateModified\":\"2020-03-29T15:02:45+00:00\",\"breadcrumb\":{\"@id\":\"https:\/\/experiencekrk.com\/sl\/druzinski-dopust\/boat-trips\/#breadcrumb\"},\"inLanguage\":\"sl-SI\",\"potentialAction\":[{\"@type\":\"ReadAction\",\"target\":[\"https:\/\/experiencekrk.com\/sl\/druzinski-dopust\/boat-trips\/\"]}]},{\"@type\":\"BreadcrumbList\",\"@id\":\"https:\/\/experiencekrk.com\/sl\/druzinski-dopust\/boat-trips\/#breadcrumb\",\"itemListElement\":[{\"@type\":\"ListItem\",\"position\":1,\"item\":{\"@type\":\"WebPage\",\"@id\":\"https:\/\/experiencekrk.com\/sl\/\",\"url\":\"https:\/\/experiencekrk.com\/sl\/\",\"name\":\"Home\"}},{\"@type\":\"ListItem\",\"position\":2,\"item\":{\"@type\":\"WebPage\",\"@id\":\"https:\/\/experiencekrk.com\/sl\/druzinski-dopust\/\",\"url\":\"https:\/\/experiencekrk.com\/sl\/druzinski-dopust\/\",\"name\":\"Dru\\u017einski dopust\"}},{\"@type\":\"ListItem\",\"position\":3,\"item\":{\"@type\":\"WebPage\",\"@id\":\"https:\/\/experiencekrk.com\/sl\/druzinski-dopust\/boat-trips\/\",\"url\":\"https:\/\/experiencekrk.com\/sl\/druzinski-dopust\/boat-trips\/\",\"name\":\"Izleti z ladjo\"}}]}]}<\/script>\n<!-- \/ Yoast SEO plugin. -->","_links":{"self":[{"href":"https:\/\/experiencekrk.com\/sl\/wp-json\/wp\/v2\/pages\/11049"}],"collection":[{"href":"https:\/\/experiencekrk.com\/sl\/wp-json\/wp\/v2\/pages"}],"about":[{"href":"https:\/\/experiencekrk.com\/sl\/wp-json\/wp\/v2\/types\/page"}],"author":[{"embeddable":true,"href":"https:\/\/experiencekrk.com\/sl\/wp-json\/wp\/v2\/users\/1"}],"replies":[{"embeddable":true,"href":"https:\/\/experiencekrk.com\/sl\/wp-json\/wp\/v2\/comments?post=11049"}],"version-history":[{"count":4,"href":"https:\/\/experiencekrk.com\/sl\/wp-json\/wp\/v2\/pages\/11049\/revisions"}],"predecessor-version":[{"id":11058,"href":"https:\/\/experiencekrk.com\/sl\/wp-json\/wp\/v2\/pages\/11049\/revisions\/11058"}],"up":[{"embeddable":true,"href":"https:\/\/experiencekrk.com\/sl\/wp-json\/wp\/v2\/pages\/10656"}],"wp:attachment":[{"href":"https:\/\/experiencekrk.com\/sl\/wp-json\/wp\/v2\/media?parent=11049"}],"curies":[{"name":"wp","href":"https:\/\/api.w.org\/{rel}","templated":true}]}}