{"id":10957,"date":"2019-04-29T11:17:27","date_gmt":"2019-04-29T11:17:27","guid":{"rendered":"https:\/\/experiencekrk.com\/dental-tourism\/"},"modified":"2020-03-29T11:36:56","modified_gmt":"2020-03-29T11:36:56","slug":"dentalni-turizem","status":"publish","type":"page","link":"https:\/\/experiencekrk.com\/sl\/dentalni-turizem\/","title":{"rendered":"Dentalni turizem"},"content":{"rendered":"<p>[vc_row][vc_column]<div class=\"mkdf-section-title-holder\">\n\t<h1 class=\"mkdf-section-title mkdf-section-title-medium\" >\n\tDentalni turizem<\/h1>\n<\/div>[vc_column_text]Bodimo iskreni, ve\u010dina ljudi ne hodi k zobozdravniku zato, ker bi u\u017eivali v izku\u0161nji. Vendar pa bi obisk zobozdravnika na Hrva\u0161kem lahko to izku\u0161njo naredil za vas in va\u0161o denarnico prijetnej\u0161o. Cene so na splo\u0161no ni\u017eje kot v ve\u010dini evropskih dr\u017eav, vendar je kakovost storitev kljub temu izjemno visoka.<\/p>\n<p>Poleg tega imajo zobozdravniki v mestu Krk \u0161e eno prednost. Destinacija je pomirjujo\u010d tonik, ki zmanj\u0161a stres obiska zobozdravnika, saj vam omogo\u010da, da u\u017eivate v \u010dudoviti okolici in vseh lepotah, ki jih mesto ponuja. Za ve\u010d informacij se obrnite na eno od zobnih ambulant v Krku kjer vam bodo podali vse potrebne informacije.[\/vc_column_text][vc_empty_space height=&#8221;40px&#8221;][vc_row_inner css=&#8221;.vc_custom_1560349450376{padding-bottom: 20px !important;}&#8221;][vc_column_inner width=&#8221;1\/2&#8243;][vc_single_image image=&#8221;4151&#8243; img_size=&#8221;full&#8221;][\/vc_column_inner][vc_column_inner width=&#8221;1\/2&#8243;][vc_column_text]<strong>Koki\u0107 Bori\u0107 Dentalna klinika<\/strong><br \/>\nTel: <a href=\"tel:+38551221283\">+385 51 221 283<\/a><br \/>\nMob: <a href=\"tel:+385915118444\">+385 91 511 84 44<\/a><br \/>\nNaslov: Ivana Zajca 4, 51500 Krk<br \/>\nE-mail: <a href=\"mailto:info@ordinacija-kokic-boric.hr\">info@ordinacija-kokic-boric.hr<\/a><br \/>\nWeb: <a href=\"http:\/\/www.ordinacija-kokic-boric.hr\" target=\"_blank\" rel=\"noopener noreferrer\">www.ordinacija-kokic-boric.hr<\/a><\/p>\n<p><strong>Dentalni Center Dr. Ton\u010di Babi\u0107<\/strong><br \/>\nTel: <a href=\"tel:+38551221032\">+385 51 221 032<\/a><br \/>\nNaslov: P.\u017dgalji\u0107a 12, 51500 Krk[\/vc_column_text][\/vc_column_inner][\/vc_row_inner][vc_row_inner css=&#8221;.vc_custom_1560349540799{padding-bottom: 20px !important;}&#8221;][vc_column_inner width=&#8221;1\/2&#8243; offset=&#8221;vc_hidden-lg&#8221;][vc_single_image image=&#8221;5552&#8243; img_size=&#8221;full&#8221;][\/vc_column_inner][vc_column_inner width=&#8221;1\/2&#8243; offset=&#8221;vc_hidden-lg&#8221;][vc_column_text]<strong>Krk Dent<\/strong><br \/>\nPhone: <a href=\"tel:+38551401653\">+385 51 401 653<\/a><br \/>\nMobile: <a href=\"tel:+385981709022\">+385 98 170 9022<\/a><br \/>\nAddress: Slavka Nikoli\u0107a Street 34, 51500 Krk<br \/>\nE-mail: <a href=\"mailto:karolinapanjako@gmail.com\">karolinapanjako@gmail.com<\/a><br \/>\nWeb: <a href=\"http:\/\/www.krkdent.com\/index_eng.html\" target=\"_blank\" rel=\"noopener noreferrer\">www.krkdent.com<\/a>[\/vc_column_text][\/vc_column_inner][\/vc_row_inner][vc_row_inner css=&#8221;.vc_custom_1560349540799{padding-bottom: 20px !important;}&#8221;][vc_column_inner width=&#8221;1\/2&#8243;][vc_column_text]<strong>Krk Dent<\/strong><br \/>\nTel: <a href=\"tel:+38551401653\">+385 51 401 653<\/a><br \/>\nMob: <a href=\"tel:+385981709022\">+385 98 170 9022<\/a><br \/>\nNaslov: Slavka Nikoli\u0107a Street 34, 51500 Krk<br \/>\nE-mail: <a href=\"mailto:karolinapanjako@gmail.com\">karolinapanjako@gmail.com<\/a><br \/>\nWeb: <a href=\"http:\/\/www.krkdent.com\/index_eng.html\" target=\"_blank\" rel=\"noopener noreferrer\">www.krkdent.com<\/a>[\/vc_column_text][\/vc_column_inner][vc_column_inner width=&#8221;1\/2&#8243;][vc_single_image image=&#8221;5552&#8243; img_size=&#8221;full&#8221;][\/vc_column_inner][\/vc_row_inner][\/vc_column][\/vc_row]<\/p>\n","protected":false},"excerpt":{"rendered":"<p>[vc_row][vc_column][vc_column_text]Bodimo iskreni, ve\u010dina ljudi ne hodi k zobozdravniku zato, ker bi u\u017eivali v izku\u0161nji. Vendar pa bi obisk zobozdravnika na Hrva\u0161kem lahko to izku\u0161njo naredil za vas in va\u0161o denarnico prijetnej\u0161o. Cene so na splo\u0161no ni\u017eje kot v ve\u010dini evropskih dr\u017eav, vendar je kakovost storitev kljub temu izjemno visoka. Poleg tega imajo zobozdravniki v mestu Krk \u0161e eno prednost. Destinacija je pomirjujo\u010d tonik, ki zmanj\u0161a stres obiska zobozdravnika, saj vam omogo\u010da, da u\u017eivate v \u010dudoviti okolici in vseh lepotah, ki jih mesto ponuja. Za ve\u010d informacij se obrnite na eno&#8230;<\/p>\n","protected":false},"author":1,"featured_media":0,"parent":0,"menu_order":0,"comment_status":"closed","ping_status":"closed","template":"","meta":[],"yoast_head":"<!-- This site is optimized with the Yoast SEO plugin v16.0.1 - https:\/\/yoast.com\/wordpress\/plugins\/seo\/ -->\n<title>Dentalni turizem - Experience Krk<\/title>\n<link rel=\"canonical\" href=\"https:\/\/experiencekrk.com\/sl\/dentalni-turizem\/\" \/>\n<meta property=\"og:locale\" content=\"sl_SI\" \/>\n<meta property=\"og:type\" content=\"article\" \/>\n<meta property=\"og:title\" content=\"Dentalni turizem - Experience Krk\" \/>\n<meta property=\"og:description\" content=\"[vc_row][vc_column][vc_column_text]Bodimo iskreni, ve\u010dina ljudi ne hodi k zobozdravniku zato, ker bi u\u017eivali v izku\u0161nji. Vendar pa bi obisk zobozdravnika na Hrva\u0161kem lahko to izku\u0161njo naredil za vas in va\u0161o denarnico prijetnej\u0161o. Cene so na splo\u0161no ni\u017eje kot v ve\u010dini evropskih dr\u017eav, vendar je kakovost storitev kljub temu izjemno visoka. Poleg tega imajo zobozdravniki v mestu Krk \u0161e eno prednost. Destinacija je pomirjujo\u010d tonik, ki zmanj\u0161a stres obiska zobozdravnika, saj vam omogo\u010da, da u\u017eivate v \u010dudoviti okolici in vseh lepotah, ki jih mesto ponuja. Za ve\u010d informacij se obrnite na eno...\" \/>\n<meta property=\"og:url\" content=\"https:\/\/experiencekrk.com\/sl\/dentalni-turizem\/\" \/>\n<meta property=\"og:site_name\" content=\"Experience Krk\" \/>\n<meta property=\"article:modified_time\" content=\"2020-03-29T11:36:56+00:00\" \/>\n<meta name=\"twitter:card\" content=\"summary_large_image\" \/>\n<meta name=\"twitter:label1\" content=\"Est. reading time\">\n\t<meta name=\"twitter:data1\" content=\"2 minuti\">\n<script type=\"application\/ld+json\" class=\"yoast-schema-graph\">{\"@context\":\"https:\/\/schema.org\",\"@graph\":[{\"@type\":\"WebSite\",\"@id\":\"https:\/\/experiencekrk.com\/#website\",\"url\":\"https:\/\/experiencekrk.com\/\",\"name\":\"Experience Krk\",\"description\":\"Cultural Tours, Food &amp; Wine and more\",\"potentialAction\":[{\"@type\":\"SearchAction\",\"target\":\"https:\/\/experiencekrk.com\/?s={search_term_string}\",\"query-input\":\"required name=search_term_string\"}],\"inLanguage\":\"sl-SI\"},{\"@type\":\"WebPage\",\"@id\":\"https:\/\/experiencekrk.com\/sl\/dentalni-turizem\/#webpage\",\"url\":\"https:\/\/experiencekrk.com\/sl\/dentalni-turizem\/\",\"name\":\"Dentalni turizem - Experience Krk\",\"isPartOf\":{\"@id\":\"https:\/\/experiencekrk.com\/#website\"},\"datePublished\":\"2019-04-29T11:17:27+00:00\",\"dateModified\":\"2020-03-29T11:36:56+00:00\",\"breadcrumb\":{\"@id\":\"https:\/\/experiencekrk.com\/sl\/dentalni-turizem\/#breadcrumb\"},\"inLanguage\":\"sl-SI\",\"potentialAction\":[{\"@type\":\"ReadAction\",\"target\":[\"https:\/\/experiencekrk.com\/sl\/dentalni-turizem\/\"]}]},{\"@type\":\"BreadcrumbList\",\"@id\":\"https:\/\/experiencekrk.com\/sl\/dentalni-turizem\/#breadcrumb\",\"itemListElement\":[{\"@type\":\"ListItem\",\"position\":1,\"item\":{\"@type\":\"WebPage\",\"@id\":\"https:\/\/experiencekrk.com\/sl\/\",\"url\":\"https:\/\/experiencekrk.com\/sl\/\",\"name\":\"Home\"}},{\"@type\":\"ListItem\",\"position\":2,\"item\":{\"@type\":\"WebPage\",\"@id\":\"https:\/\/experiencekrk.com\/sl\/dentalni-turizem\/\",\"url\":\"https:\/\/experiencekrk.com\/sl\/dentalni-turizem\/\",\"name\":\"Dentalni turizem\"}}]}]}<\/script>\n<!-- \/ Yoast SEO plugin. -->","_links":{"self":[{"href":"https:\/\/experiencekrk.com\/sl\/wp-json\/wp\/v2\/pages\/10957"}],"collection":[{"href":"https:\/\/experiencekrk.com\/sl\/wp-json\/wp\/v2\/pages"}],"about":[{"href":"https:\/\/experiencekrk.com\/sl\/wp-json\/wp\/v2\/types\/page"}],"author":[{"embeddable":true,"href":"https:\/\/experiencekrk.com\/sl\/wp-json\/wp\/v2\/users\/1"}],"replies":[{"embeddable":true,"href":"https:\/\/experiencekrk.com\/sl\/wp-json\/wp\/v2\/comments?post=10957"}],"version-history":[{"count":2,"href":"https:\/\/experiencekrk.com\/sl\/wp-json\/wp\/v2\/pages\/10957\/revisions"}],"predecessor-version":[{"id":10961,"href":"https:\/\/experiencekrk.com\/sl\/wp-json\/wp\/v2\/pages\/10957\/revisions\/10961"}],"wp:attachment":[{"href":"https:\/\/experiencekrk.com\/sl\/wp-json\/wp\/v2\/media?parent=10957"}],"curies":[{"name":"wp","href":"https:\/\/api.w.org\/{rel}","templated":true}]}}