{"id":10788,"date":"2019-05-29T10:26:11","date_gmt":"2019-05-29T10:26:11","guid":{"rendered":"https:\/\/experiencekrk.com\/zgodovina-kultura\/ethno-heritage\/"},"modified":"2020-03-28T20:32:53","modified_gmt":"2020-03-28T20:32:53","slug":"etno-dediscina","status":"publish","type":"page","link":"https:\/\/experiencekrk.com\/sl\/zgodovina-kultura\/etno-dediscina\/","title":{"rendered":"Etno dedi\u0161\u010dina"},"content":{"rendered":"<p>[vc_row][vc_column]<div class=\"mkdf-section-title-holder\">\n\t<h1 class=\"mkdf-section-title mkdf-section-title-medium\" >\n\tDvoglasno petje in igranje<\/h1>\n<\/div>[\/vc_column][\/vc_row][vc_row][vc_column width=&#8221;1\/2&#8243; css=&#8221;.vc_custom_1559125178706{padding-top: 0px !important;}&#8221;][vc_column_text css=&#8221;.vc_custom_1585427502476{border-top-width: 0px !important;padding-top: 0px !important;}&#8221;]Dvoglasno petje in igranje je kompleksen slog narodnozabavne glasbe, zna\u010dilen za obmo\u010dje otoka Krk, hrva\u0161kega primorja in Istre. Dvoglasno petje in igranje je zna\u010dilna barva tona, ki se v vokalni glasbi dose\u017ee z mo\u010dnim petjem, deloma skozi nos. Tovrstno petje je uvr\u0161\u010deno na seznam Unescove nematerialne kulturne dedi\u0161\u010dine \u010dlove\u0161tva.<\/p>\n<p>Tovrstno petje pogosto spremlja tradicionalno ljudsko glasbilo &#8220;sopile&#8221; &#8211; starodavni pihalni instrument. Dvoglasno petje in igranje &#8220;sopile&#8221; je danes mogo\u010de videti na tradicionalnem poletnem kr\u0161kem festivalu folklore in na drugih oto\u0161kih slavjih. Ve\u010d o tem si lahko ogledate v tej kratki <a href=\"https:\/\/www.youtube.com\/watch?reload=9&amp;v=QceUcUodtaY&amp;feature=youtu.be\">\u00a0video vsebini o &#8220;sopile&#8221; in &#8220;Dvoglasnem petju&#8221;<\/a>.[\/vc_column_text][vc_column_text][\/vc_column_text][\/vc_column][vc_column width=&#8221;1\/2&#8243; css=&#8221;.vc_custom_1559125192021{border-top-width: 0px !important;padding-top: 10px !important;}&#8221;][vc_single_image image=&#8221;5632&#8243; img_size=&#8221;full&#8221;][\/vc_column][\/vc_row][vc_row][vc_column][vc_empty_space height=&#8221;10px&#8221;]<div class=\"mkdf-separator-holder clearfix  mkdf-separator-center mkdf-separator-full-width\">\n\t<div class=\"mkdf-separator\" style=\"border-color: #ebebeb;border-style: solid;border-bottom-width: 1px;margin-top: 20px;margin-bottom: 45px\"><\/div>\n<\/div>\n[\/vc_column][\/vc_row][vc_row][vc_column width=&#8221;1\/2&#8243; css=&#8221;.vc_custom_1559123188863{padding-top: 15px !important;}&#8221;]<div class=\"mkdf-section-title-holder\">\n\t<h1 class=\"mkdf-section-title mkdf-section-title-medium\" >\n\tFolklorna kulturna dru\u0161tva<\/h1>\n<\/div>[vc_column_text css=&#8221;.vc_custom_1585427526408{border-top-width: 0px !important;padding-top: 0px !important;}&#8221;]Zahvaljujo\u010d prizadevanjem lokalnih folklornih dru\u0161tev se je ohranila bogata folklorna tradicija in dedi\u0161\u010dina otoka Krk. &#8220;Krk\u010dki tanac&#8221; je tradicionalni ples otoka Krk, ki ga spremlja tradicionalni pihalni instrument &#8220;sopile&#8221;. Plesalci so oble\u010deni v tradicionalne narodne no\u0161e. Ta tradicionalni ples izvajajo tamkaj\u0161nja dru\u0161tva narodno-zabavne glasbe na lokalnih praznikih in drugih kulturnih prireditvah.<\/p>\n<p>Najstarej\u0161e folklorno dru\u0161tvo na otoku Krk je Mestna glasba Krk, ustanovljeno leta 1832. Mestna glasba Krk je glasbena zasedba pihalnih instrumentov.[\/vc_column_text][vc_column_text][\/vc_column_text][\/vc_column][vc_column width=&#8221;1\/2&#8243; css=&#8221;.vc_custom_1559125093053{border-top-width: 0px !important;padding-top: 25px !important;}&#8221;]<div class=\"mkdf-image-gallery\">\n\t<div class=\"mkdf-image-gallery-slider \" data-autoplay=\"5\" data-animation=\"slide\" data-navigation=\"yes\" data-pagination=\"yes\">\n\t\t\t\t\t\t\t\t\t<img src=\"https:\/\/experiencekrk.com\/wp-content\/uploads\/2019\/05\/City-of-Krk-bass-band-600x400.jpg\" alt=\"\" width=\"600\" height=\"400\" \/>\t\t\t\t\t\t\t\t\t\t\t\t\t<img src=\"https:\/\/experiencekrk.com\/wp-content\/uploads\/2019\/05\/City-of-Krk-folklore-600x400.jpg\" alt=\"\" width=\"600\" height=\"400\" \/>\t\t\t\t\t\t\t\t\t\t\t\t\t<img src=\"https:\/\/experiencekrk.com\/wp-content\/uploads\/2019\/05\/City-of-Krk-folklore-2-600x400.jpg\" alt=\"\" width=\"600\" height=\"400\" \/>\t\t\t\t\t\t\t<\/div>\n<\/div>[\/vc_column][\/vc_row][vc_row][vc_column][vc_empty_space height=&#8221;10px&#8221;]<div class=\"mkdf-separator-holder clearfix  mkdf-separator-center mkdf-separator-full-width\">\n\t<div class=\"mkdf-separator\" style=\"border-color: #ebebeb;border-style: solid;border-bottom-width: 1px;margin-top: 20px;margin-bottom: 45px\"><\/div>\n<\/div>\n[\/vc_column][\/vc_row][vc_row][vc_column width=&#8221;1\/2&#8243; css=&#8221;.vc_custom_1559123188863{padding-top: 15px !important;}&#8221;]<div class=\"mkdf-section-title-holder\">\n\t<h1 class=\"mkdf-section-title mkdf-section-title-medium\" >\n\tEtno hi\u0161a Korni\u0107<\/h1>\n<\/div>[vc_column_text css=&#8221;.vc_custom_1585427557877{border-top-width: 0px !important;padding-top: 0px !important;}&#8221;]Krajevna etno hi\u0161a Korni\u0107 je kraj, kjer podo\u017eivite \u017eivljenje doma\u010dinov pred 50-60 leti. V dru\u017einski hi\u0161i Korni\u0107 si lahko ogledate starinsko pohi\u0161tvo, zbirko glasbil, tradicionalno pe\u010d, ro\u010dno izdelani mlin za koruzo in druge pripomo\u010dke.<\/p>\n<p>Mob: <a href=\"tel:+385915093781\">+385 91 50 93 781<\/a><br \/>\nE-mail: <a href=\"mailto:hkd.bradica@gmail.com\">hkd.bradica@gmail.com<\/a><br \/>\nNaslov: Kamenica 16, 51517 Korni\u0107[\/vc_column_text][vc_column_text][\/vc_column_text][\/vc_column][vc_column width=&#8221;1\/2&#8243; css=&#8221;.vc_custom_1559124688182{border-top-width: 0px !important;padding-top: 15px !important;}&#8221;]<div class=\"mkdf-image-gallery\">\n\t<div class=\"mkdf-image-gallery-slider \" data-autoplay=\"5\" data-animation=\"slide\" data-navigation=\"yes\" data-pagination=\"yes\">\n\t\t\t\t\t\t\t\t\t<img src=\"https:\/\/experiencekrk.com\/wp-content\/uploads\/2019\/05\/City-of-Krk-Kornic-Ethnographic-Collection-2-600x400.jpg\" alt=\"\" width=\"600\" height=\"400\" \/>\t\t\t\t\t\t\t\t\t\t\t\t\t<img src=\"https:\/\/experiencekrk.com\/wp-content\/uploads\/2019\/05\/City-of-Krk-Kornic-Ethnographic-Collection-3-600x400.jpg\" alt=\"\" width=\"600\" height=\"400\" \/>\t\t\t\t\t\t\t\t\t\t\t\t\t<img src=\"https:\/\/experiencekrk.com\/wp-content\/uploads\/2019\/05\/City-of-Krk-Kornic-Ethnographic-Collection-4-600x400.jpg\" alt=\"\" width=\"600\" height=\"400\" \/>\t\t\t\t\t\t\t\t\t\t\t\t\t<img src=\"https:\/\/experiencekrk.com\/wp-content\/uploads\/2019\/05\/City-of-Krk-Kornic-Ethnographic-Collection-5-600x400.jpg\" alt=\"\" width=\"600\" height=\"400\" \/>\t\t\t\t\t\t\t\t\t\t\t\t\t<img src=\"https:\/\/experiencekrk.com\/wp-content\/uploads\/2019\/05\/City-of-Krk-Kornic-Ethnographic-Collection-6-600x400.jpg\" alt=\"\" width=\"600\" height=\"400\" \/>\t\t\t\t\t\t\t\t\t\t\t\t\t<img src=\"https:\/\/experiencekrk.com\/wp-content\/uploads\/2019\/05\/City-of-Krk-Kornic-Ethnographic-Collection-7-600x400.jpg\" alt=\"\" width=\"600\" height=\"400\" \/>\t\t\t\t\t\t\t\t\t\t\t\t\t<img src=\"https:\/\/experiencekrk.com\/wp-content\/uploads\/2019\/05\/City-of-Krk-Kornic-Ethnographic-Collection-8-600x400.jpg\" alt=\"\" width=\"600\" height=\"400\" \/>\t\t\t\t\t\t\t\t\t\t\t\t\t<img src=\"https:\/\/experiencekrk.com\/wp-content\/uploads\/2019\/05\/City-of-Krk-Kornic-Ethnographic-Collection-9-600x400.jpg\" alt=\"\" width=\"600\" height=\"400\" \/>\t\t\t\t\t\t\t\t\t\t\t\t\t<img src=\"https:\/\/experiencekrk.com\/wp-content\/uploads\/2019\/05\/City-of-Krk-Kornic-Ethnographic-Collection-10-600x400.jpg\" alt=\"\" width=\"600\" height=\"400\" \/>\t\t\t\t\t\t\t\t\t\t\t\t\t<img src=\"https:\/\/experiencekrk.com\/wp-content\/uploads\/2019\/05\/City-of-Krk-Kornic-Ethnographic-Collection-11-600x400.jpg\" alt=\"\" width=\"600\" height=\"400\" \/>\t\t\t\t\t\t\t\t\t\t\t\t\t<img src=\"https:\/\/experiencekrk.com\/wp-content\/uploads\/2019\/05\/City-of-Krk-Kornic-Ethnographic-Collection-12-600x400.jpg\" alt=\"\" width=\"600\" height=\"400\" \/>\t\t\t\t\t\t\t\t\t\t\t\t\t<img src=\"https:\/\/experiencekrk.com\/wp-content\/uploads\/2019\/05\/City-of-Krk-Kornic-Ethnographic-Collection-600x400.jpg\" alt=\"\" width=\"600\" height=\"400\" \/>\t\t\t\t\t\t\t<\/div>\n<\/div>[\/vc_column][\/vc_row][vc_row][vc_column][vc_empty_space height=&#8221;10px&#8221;][vc_column_text css=&#8221;.vc_custom_1585427568689{padding-bottom: 15px !important;}&#8221;]<\/p>\n<h5>Lokacija<\/h5>\n<p>[\/vc_column_text][vc_raw_html]JTNDaWZyYW1lJTIwc3JjJTNEJTIyaHR0cHMlM0ElMkYlMkZ3d3cuZ29vZ2xlLmNvbSUyRm1hcHMlMkZlbWJlZCUzRnBiJTNEJTIxMW0xOCUyMTFtMTIlMjExbTMlMjExZDE3MTQxLjE3ODY5NTcxODEyNSUyMTJkMTQuNjEwOTYxMDI2MDU1NzI0JTIxM2Q0NS4wNDM0NjI1NDE5Njc2OCUyMTJtMyUyMTFmMCUyMTJmMCUyMTNmMCUyMTNtMiUyMTFpMTAyNCUyMTJpNzY4JTIxNGYxMy4xJTIxM20zJTIxMW0yJTIxMXMweDQ3NjM3MTg0NThiNmM3MWIlMjUzQTB4ZTQ5YjdiNjc5NzFiNzJhYyUyMTJ6UlhSdWJ5QnJkY1NIWVNCTGIzSnVhY1NIJTIxNWUwJTIxM20yJTIxMXNlbiUyMTJzaHIlMjE0djE1NTkxMjY5NzMzMTIlMjE1bTIlMjExc2VuJTIxMnNociUyMiUyMHdpZHRoJTNEJTIyOTgwJTIyJTIwaGVpZ2h0JTNEJTIyMzUwJTIyJTIwZnJhbWVib3JkZXIlM0QlMjIwJTIyJTIwc3R5bGUlM0QlMjJib3JkZXIlM0EwJTIyJTIwYWxsb3dmdWxsc2NyZWVuJTNFJTNDJTJGaWZyYW1lJTNF[\/vc_raw_html]<div class=\"mkdf-separator-holder clearfix  mkdf-separator-center mkdf-separator-full-width\">\n\t<div class=\"mkdf-separator\" style=\"border-color: #ebebeb;border-style: solid;border-bottom-width: 1px;margin-top: 20px;margin-bottom: 45px\"><\/div>\n<\/div>\n[\/vc_column][\/vc_row]<\/p>\n","protected":false},"excerpt":{"rendered":"<p>[vc_row][vc_column][\/vc_column][\/vc_row][vc_row][vc_column width=&#8221;1\/2&#8243; css=&#8221;.vc_custom_1559125178706{padding-top: 0px !important;}&#8221;][vc_column_text css=&#8221;.vc_custom_1585427502476{border-top-width: 0px !important;padding-top: 0px !important;}&#8221;]Dvoglasno petje in igranje je kompleksen slog narodnozabavne glasbe, zna\u010dilen za obmo\u010dje otoka Krk, hrva\u0161kega primorja in Istre. Dvoglasno petje in igranje je zna\u010dilna barva tona, ki se v vokalni glasbi dose\u017ee z mo\u010dnim petjem, deloma skozi nos. Tovrstno petje je uvr\u0161\u010deno na seznam Unescove nematerialne kulturne dedi\u0161\u010dine \u010dlove\u0161tva. Tovrstno petje pogosto spremlja tradicionalno ljudsko glasbilo &#8220;sopile&#8221; &#8211; starodavni pihalni instrument. Dvoglasno petje in igranje &#8220;sopile&#8221; je danes mogo\u010de videti na tradicionalnem poletnem kr\u0161kem festivalu folklore in na drugih oto\u0161kih slavjih&#8230;.<\/p>\n","protected":false},"author":1,"featured_media":0,"parent":10758,"menu_order":0,"comment_status":"closed","ping_status":"closed","template":"","meta":[],"yoast_head":"<!-- This site is optimized with the Yoast SEO plugin v16.0.1 - https:\/\/yoast.com\/wordpress\/plugins\/seo\/ -->\n<title>Etno dedi\u0161\u010dina - Experience Krk<\/title>\n<link rel=\"canonical\" href=\"https:\/\/experiencekrk.com\/sl\/zgodovina-kultura\/etno-dediscina\/\" \/>\n<meta property=\"og:locale\" content=\"sl_SI\" \/>\n<meta property=\"og:type\" content=\"article\" \/>\n<meta property=\"og:title\" content=\"Etno dedi\u0161\u010dina - Experience Krk\" \/>\n<meta property=\"og:description\" content=\"[vc_row][vc_column][\/vc_column][\/vc_row][vc_row][vc_column width=&#8221;1\/2&#8243; css=&#8221;.vc_custom_1559125178706{padding-top: 0px !important;}&#8221;][vc_column_text css=&#8221;.vc_custom_1585427502476{border-top-width: 0px !important;padding-top: 0px !important;}&#8221;]Dvoglasno petje in igranje je kompleksen slog narodnozabavne glasbe, zna\u010dilen za obmo\u010dje otoka Krk, hrva\u0161kega primorja in Istre. Dvoglasno petje in igranje je zna\u010dilna barva tona, ki se v vokalni glasbi dose\u017ee z mo\u010dnim petjem, deloma skozi nos. Tovrstno petje je uvr\u0161\u010deno na seznam Unescove nematerialne kulturne dedi\u0161\u010dine \u010dlove\u0161tva. Tovrstno petje pogosto spremlja tradicionalno ljudsko glasbilo &#8220;sopile&#8221; &#8211; starodavni pihalni instrument. Dvoglasno petje in igranje &#8220;sopile&#8221; je danes mogo\u010de videti na tradicionalnem poletnem kr\u0161kem festivalu folklore in na drugih oto\u0161kih slavjih....\" \/>\n<meta property=\"og:url\" content=\"https:\/\/experiencekrk.com\/sl\/zgodovina-kultura\/etno-dediscina\/\" \/>\n<meta property=\"og:site_name\" content=\"Experience Krk\" \/>\n<meta property=\"article:modified_time\" content=\"2020-03-28T20:32:53+00:00\" \/>\n<meta name=\"twitter:card\" content=\"summary_large_image\" \/>\n<meta name=\"twitter:label1\" content=\"Est. reading time\">\n\t<meta name=\"twitter:data1\" content=\"3 minute\">\n<script type=\"application\/ld+json\" class=\"yoast-schema-graph\">{\"@context\":\"https:\/\/schema.org\",\"@graph\":[{\"@type\":\"WebSite\",\"@id\":\"https:\/\/experiencekrk.com\/#website\",\"url\":\"https:\/\/experiencekrk.com\/\",\"name\":\"Experience Krk\",\"description\":\"Cultural Tours, Food &amp; Wine and more\",\"potentialAction\":[{\"@type\":\"SearchAction\",\"target\":\"https:\/\/experiencekrk.com\/?s={search_term_string}\",\"query-input\":\"required name=search_term_string\"}],\"inLanguage\":\"sl-SI\"},{\"@type\":\"WebPage\",\"@id\":\"https:\/\/experiencekrk.com\/sl\/zgodovina-kultura\/etno-dediscina\/#webpage\",\"url\":\"https:\/\/experiencekrk.com\/sl\/zgodovina-kultura\/etno-dediscina\/\",\"name\":\"Etno dedi\\u0161\\u010dina - Experience Krk\",\"isPartOf\":{\"@id\":\"https:\/\/experiencekrk.com\/#website\"},\"datePublished\":\"2019-05-29T10:26:11+00:00\",\"dateModified\":\"2020-03-28T20:32:53+00:00\",\"breadcrumb\":{\"@id\":\"https:\/\/experiencekrk.com\/sl\/zgodovina-kultura\/etno-dediscina\/#breadcrumb\"},\"inLanguage\":\"sl-SI\",\"potentialAction\":[{\"@type\":\"ReadAction\",\"target\":[\"https:\/\/experiencekrk.com\/sl\/zgodovina-kultura\/etno-dediscina\/\"]}]},{\"@type\":\"BreadcrumbList\",\"@id\":\"https:\/\/experiencekrk.com\/sl\/zgodovina-kultura\/etno-dediscina\/#breadcrumb\",\"itemListElement\":[{\"@type\":\"ListItem\",\"position\":1,\"item\":{\"@type\":\"WebPage\",\"@id\":\"https:\/\/experiencekrk.com\/sl\/\",\"url\":\"https:\/\/experiencekrk.com\/sl\/\",\"name\":\"Home\"}},{\"@type\":\"ListItem\",\"position\":2,\"item\":{\"@type\":\"WebPage\",\"@id\":\"https:\/\/experiencekrk.com\/sl\/zgodovina-kultura\/\",\"url\":\"https:\/\/experiencekrk.com\/sl\/zgodovina-kultura\/\",\"name\":\"Zgodovina &#038; Kultura\"}},{\"@type\":\"ListItem\",\"position\":3,\"item\":{\"@type\":\"WebPage\",\"@id\":\"https:\/\/experiencekrk.com\/sl\/zgodovina-kultura\/etno-dediscina\/\",\"url\":\"https:\/\/experiencekrk.com\/sl\/zgodovina-kultura\/etno-dediscina\/\",\"name\":\"Etno dedi\\u0161\\u010dina\"}}]}]}<\/script>\n<!-- \/ Yoast SEO plugin. -->","_links":{"self":[{"href":"https:\/\/experiencekrk.com\/sl\/wp-json\/wp\/v2\/pages\/10788"}],"collection":[{"href":"https:\/\/experiencekrk.com\/sl\/wp-json\/wp\/v2\/pages"}],"about":[{"href":"https:\/\/experiencekrk.com\/sl\/wp-json\/wp\/v2\/types\/page"}],"author":[{"embeddable":true,"href":"https:\/\/experiencekrk.com\/sl\/wp-json\/wp\/v2\/users\/1"}],"replies":[{"embeddable":true,"href":"https:\/\/experiencekrk.com\/sl\/wp-json\/wp\/v2\/comments?post=10788"}],"version-history":[{"count":2,"href":"https:\/\/experiencekrk.com\/sl\/wp-json\/wp\/v2\/pages\/10788\/revisions"}],"predecessor-version":[{"id":10791,"href":"https:\/\/experiencekrk.com\/sl\/wp-json\/wp\/v2\/pages\/10788\/revisions\/10791"}],"up":[{"embeddable":true,"href":"https:\/\/experiencekrk.com\/sl\/wp-json\/wp\/v2\/pages\/10758"}],"wp:attachment":[{"href":"https:\/\/experiencekrk.com\/sl\/wp-json\/wp\/v2\/media?parent=10788"}],"curies":[{"name":"wp","href":"https:\/\/api.w.org\/{rel}","templated":true}]}}