{"id":10783,"date":"2019-04-13T00:08:51","date_gmt":"2019-04-13T00:08:51","guid":{"rendered":"https:\/\/experiencekrk.com\/zgodovina-kultura\/ancient-sites-and-remains\/"},"modified":"2020-05-19T11:14:06","modified_gmt":"2020-05-19T11:14:06","slug":"starodavna-najdisca-in-ostanki","status":"publish","type":"page","link":"https:\/\/experiencekrk.com\/sl\/zgodovina-kultura\/starodavna-najdisca-in-ostanki\/","title":{"rendered":"Starodavna najdi\u0161\u010da in ostanki"},"content":{"rendered":"<p>[vc_row][vc_column]<div class=\"mkdf-section-title-holder\">\n\t<h1 class=\"mkdf-section-title mkdf-section-title-medium\" >\n\tStarodavne ru\u0161evine v kavarni Volsonis<\/h1>\n<\/div>[\/vc_column][\/vc_row][vc_row][vc_column width=&#8221;1\/2&#8243; css=&#8221;.vc_custom_1559125178706{padding-top: 0px !important;}&#8221;][vc_column_text]Kavarna Volsonis se nahaja znotraj hi\u0161e Perossi in je znana kot dragoceno arheolo\u0161ko najdi\u0161\u010de. Med izkopavanji v 21. stoletju so na\u0161li starodavne zidove in druge arheolo\u0161ke artefakte iz 4. stoletja na\u0161ega \u0161tetja. Najbolj zanimiv artefakt je oltar Venere, posve\u010den rimski boginji ljubezni.<\/p>\n<p>\u010ce se odlo\u010dite za obisk Volsonisa, se lahko sprehodite po starodavnih podzemnih hodnikih in vrtovih, kjer so bili najdeni \u0161tevilni nagrobniki (skupaj s prej omenjenim oltarjem). Na enem od nagrobnih spomenikov je bilo vklesano ime Volson, ki je bil eden od vladarjev Krka po katerem je poimenovana kavarna.[\/vc_column_text][vc_column_text][\/vc_column_text][\/vc_column][vc_column width=&#8221;1\/2&#8243; css=&#8221;.vc_custom_1559125192021{border-top-width: 0px !important;padding-top: 10px !important;}&#8221;]<div class=\"mkdf-image-gallery\">\n\t<div class=\"mkdf-image-gallery-slider \" data-autoplay=\"5\" data-animation=\"slide\" data-navigation=\"yes\" data-pagination=\"yes\">\n\t\t\t\t\t\t\t\t\t<img src=\"https:\/\/experiencekrk.com\/wp-content\/uploads\/2019\/04\/City-of-Krk-ancient-altar-at-caffe-bar-Volsonis-600x400.jpg\" alt=\"the historical tours of Krk and its rich historical heritage from the ancient Europe times\" width=\"600\" height=\"400\" \/>\t\t\t\t\t\t\t\t\t\t\t\t\t<img src=\"https:\/\/experiencekrk.com\/wp-content\/uploads\/2019\/05\/City-of-Krk-caffe-bar-Volsonis-600x400.jpg\" alt=\"\" width=\"600\" height=\"400\" \/>\t\t\t\t\t\t\t\t\t\t\t\t\t<img src=\"https:\/\/experiencekrk.com\/wp-content\/uploads\/2019\/05\/City-of-Krk-caffe-bar-Volsonis-2-600x400.jpg\" alt=\"\" width=\"600\" height=\"400\" \/>\t\t\t\t\t\t\t\t\t\t\t\t\t<img src=\"https:\/\/experiencekrk.com\/wp-content\/uploads\/2019\/05\/City-of-Krk-caffe-bar-Volsonis-3-600x400.jpg\" alt=\"\" width=\"600\" height=\"400\" \/>\t\t\t\t\t\t\t\t\t\t\t\t\t<img src=\"https:\/\/experiencekrk.com\/wp-content\/uploads\/2019\/05\/City-of-Krk-caffe-bar-Volsonis-4-600x400.jpg\" alt=\"\" width=\"600\" height=\"400\" \/>\t\t\t\t\t\t\t<\/div>\n<\/div>[\/vc_column][\/vc_row][vc_row][vc_column][vc_row_inner][vc_column_inner width=&#8221;1\/4&#8243;][vc_column_text]Tel: <a href=\"tel:+38551880249\">+385 51 880 249<\/a><br \/>\nNaslov: Vela placa 8, 51500 Krk<\/p>\n<p><strong>Delovni \u010das:<\/strong><\/p>\n<p>1.10. &#8211; 30.04.<br \/>\nNed-\u010det: 07:00\u201300:00<br \/>\nPetek-sobota: 07:00-01:00<\/p>\n<p>1.5. 07. &#8211; 30.09.<br \/>\nPon &#8211; ned: 07:00-02:00<\/p>\n<p>[\/vc_column_text][\/vc_column_inner][vc_column_inner width=&#8221;3\/4&#8243;][vc_raw_html]JTNDaWZyYW1lJTIwc3JjJTNEJTIyaHR0cHMlM0ElMkYlMkZ3d3cuZ29vZ2xlLmNvbSUyRm1hcHMlMkZlbWJlZCUzRnBiJTNEJTIxMW0xNCUyMTFtOCUyMTFtMyUyMTFkMjI1NTkuNTUwMTMyNDQ3MDMlMjEyZDE0LjU3MzgzODAwMDAwMDAwMiUyMTNkNDUuMDI2MDY3JTIxM20yJTIxMWkxMDI0JTIxMmk3NjglMjE0ZjEzLjElMjEzbTMlMjExbTIlMjExczB4MCUyNTNBMHhjM2NkMWViZTdhZjhjNGM1JTIxMnNWb2xzb25pcyUyMTVlMCUyMTNtMiUyMTFzZW4lMjEyc2hyJTIxNHYxNTU5MTM1NDk4ODE2JTIxNW0yJTIxMXNlbiUyMTJzaHIlMjIlMjB3aWR0aCUzRCUyMjk4MCUyMiUyMGhlaWdodCUzRCUyMjM1MCUyMiUyMGZyYW1lYm9yZGVyJTNEJTIyMCUyMiUyMHN0eWxlJTNEJTIyYm9yZGVyJTNBMCUyMiUyMGFsbG93ZnVsbHNjcmVlbiUzRSUzQyUyRmlmcmFtZSUzRQ==[\/vc_raw_html][\/vc_column_inner][\/vc_row_inner][vc_empty_space height=&#8221;10px&#8221;]<div class=\"mkdf-separator-holder clearfix  mkdf-separator-center mkdf-separator-full-width\">\n\t<div class=\"mkdf-separator\" style=\"border-color: #ebebeb;border-style: solid;border-bottom-width: 1px;margin-top: 20px;margin-bottom: 45px\"><\/div>\n<\/div>\n[\/vc_column][\/vc_row][vc_row][vc_column]<div class=\"mkdf-section-title-holder\">\n\t<h1 class=\"mkdf-section-title mkdf-section-title-medium\" >\n\tTempelj Venere<\/h1>\n<\/div>[\/vc_column][\/vc_row][vc_row][vc_column width=&#8221;1\/2&#8243; css=&#8221;.vc_custom_1559125178706{padding-top: 0px !important;}&#8221;][vc_column_text]Ostanke starodavnega templja Venere lahko vidite v trgovini Memento, v starem mestnem jedru Krka. Ostanke templja je mogo\u010de videti skozi stekleno dno v trgovini.<\/p>\n<p>Venera je bila rimska boginja ljubezni, lepote in poroke. V rimskem cesarstvu je bilo \u0161tevilo templjev, ki so bili posve\u010deni Veneri, znatno manj\u0161e v primerjavi s \u0161tevilom templjev, ki so bili zgrajeni v \u010dast drugim rimskim bogovom. Zato je ta tempelj, ki izvira iz 1. stoletja pred na\u0161im \u0161tetjem, edini tempelj, posve\u010den boginji Veneri na vzhodni strani Jadrana (od Gr\u010dije do Italije), kar mu daje \u0161e ve\u010djo spektakularnost.[\/vc_column_text][vc_column_text][\/vc_column_text][\/vc_column][vc_column width=&#8221;1\/2&#8243; css=&#8221;.vc_custom_1559125192021{border-top-width: 0px !important;padding-top: 10px !important;}&#8221;]<div class=\"mkdf-image-gallery\">\n\t<div class=\"mkdf-image-gallery-slider \" data-autoplay=\"5\" data-animation=\"slide\" data-navigation=\"yes\" data-pagination=\"yes\">\n\t\t\t\t\t\t\t\t\t<img src=\"https:\/\/experiencekrk.com\/wp-content\/uploads\/2019\/04\/City-of-Krk-Temple-of-Venus-600x400.jpg\" alt=\"\" width=\"600\" height=\"400\" \/>\t\t\t\t\t\t\t\t\t\t\t\t\t<img src=\"https:\/\/experiencekrk.com\/wp-content\/uploads\/2019\/05\/City-of-Krk-temple-of-venus-2-600x400.jpg\" alt=\"\" width=\"600\" height=\"400\" \/>\t\t\t\t\t\t\t\t\t\t\t\t\t<img src=\"https:\/\/experiencekrk.com\/wp-content\/uploads\/2019\/05\/City-of-Krk-temple-of-venus-3-600x400.jpg\" alt=\"\" width=\"600\" height=\"400\" \/>\t\t\t\t\t\t\t\t\t\t\t\t\t<img src=\"https:\/\/experiencekrk.com\/wp-content\/uploads\/2019\/05\/City-of-Krk-temple-of-venus-600x400.jpg\" alt=\"\" width=\"600\" height=\"400\" \/>\t\t\t\t\t\t\t<\/div>\n<\/div>[\/vc_column][\/vc_row][vc_row][vc_column][vc_empty_space height=&#8221;10px&#8221;][vc_column_text][\/vc_column_text][\/vc_column][\/vc_row][vc_row][vc_column][vc_row_inner][vc_column_inner width=&#8221;1\/4&#8243;][vc_column_text]Tempelj Venere<br \/>\n(znotraj trgovine Memento)<\/p>\n<p>Tel: <a href=\"tel:+38551520662\">+385 51 520 662<\/a><br \/>\nE-mail: <a href=\"mailto:info@memento-venerem.com\">info@memento-venerem.com<\/a><br \/>\nNaslov: A. Mahni\u0107a 3, 51500 Krk[\/vc_column_text][\/vc_column_inner][vc_column_inner width=&#8221;3\/4&#8243;][vc_raw_html]JTNDaWZyYW1lJTIwc3JjJTNEJTIyaHR0cHMlM0ElMkYlMkZ3d3cuZ29vZ2xlLmNvbSUyRm1hcHMlMkZlbWJlZCUzRnBiJTNEJTIxMW0xNCUyMTFtOCUyMTFtMyUyMTFkMjI1NTkuNzU5Mzk2OTA5MzcyJTIxMmQxNC41NzQ1NTMwMDAwMDAwMDIlMjEzZDQ1LjAyNTUzNiUyMTNtMiUyMTFpMTAyNCUyMTJpNzY4JTIxNGYxMy4xJTIxM20zJTIxMW0yJTIxMXMweDAlMjUzQTB4ZThiYThkNTE3ZTA0ZGE3MCUyMTJzVC5PLiUyQk1lbWVudG8lMjE1ZTAlMjEzbTIlMjExc2VuJTIxMnNociUyMTR2MTU1OTEzNTI3NjM3NSUyMTVtMiUyMTFzZW4lMjEyc2hyJTIyJTIwd2lkdGglM0QlMjI5ODAlMjIlMjBoZWlnaHQlM0QlMjIzNTAlMjIlMjBmcmFtZWJvcmRlciUzRCUyMjAlMjIlMjBzdHlsZSUzRCUyMmJvcmRlciUzQTAlMjIlMjBhbGxvd2Z1bGxzY3JlZW4lM0UlM0MlMkZpZnJhbWUlM0U=[\/vc_raw_html][\/vc_column_inner][\/vc_row_inner][vc_empty_space height=&#8221;10px&#8221;]<div class=\"mkdf-separator-holder clearfix  mkdf-separator-center mkdf-separator-full-width\">\n\t<div class=\"mkdf-separator\" style=\"border-color: #ebebeb;border-style: solid;border-bottom-width: 1px;margin-top: 20px;margin-bottom: 45px\"><\/div>\n<\/div>\n[\/vc_column][\/vc_row][vc_row][vc_column]<div class=\"mkdf-section-title-holder\">\n\t<h1 class=\"mkdf-section-title mkdf-section-title-medium\" >\n\tArheolo\u0161ka zbirka Fortis<\/h1>\n<\/div>[\/vc_column][\/vc_row][vc_row][vc_column width=&#8221;1\/2&#8243; css=&#8221;.vc_custom_1559135795949{padding-top: 15px !important;}&#8221;][vc_column_text]V galeriji Fortis se nahaja dragocena zbirka predmetov iz obdobja rimskega cesarstva (1. &#8211; 5. stoletje) in obdobja prazgodovine (3. &#8211; 1. stoletje pred na\u0161im \u0161tetjem). Ta arheolo\u0161ka zbirka je sestavljena iz bronastih predmetov, keramike in drugih spominkov iz rimskih \u010dasov. Vsi predmeti so bili najdeni v mestu Krk.<\/p>\n<p>Tel: <a href=\"tel:+38551221695\">+385 51 221 695<\/a><br \/>\nMobile: <a href=\"tel:+38598459886\">+385 98 459 886<\/a><br \/>\nNaslov: Dr. D. Vitezi\u0107a 1, 51500 Krk[\/vc_column_text][\/vc_column][vc_column width=&#8221;1\/2&#8243; css=&#8221;.vc_custom_1559125192021{border-top-width: 0px !important;padding-top: 10px !important;}&#8221;]<div class=\"mkdf-image-gallery\">\n\t<div class=\"mkdf-image-gallery-slider \" data-autoplay=\"5\" data-animation=\"slide\" data-navigation=\"yes\" data-pagination=\"yes\">\n\t\t\t\t\t\t\t\t\t<img src=\"https:\/\/experiencekrk.com\/wp-content\/uploads\/2019\/05\/City-of-Krk-Archaeological-collection-Fortis-600x400.jpg\" alt=\"\" width=\"600\" height=\"400\" \/>\t\t\t\t\t\t\t\t\t\t\t\t\t<img src=\"https:\/\/experiencekrk.com\/wp-content\/uploads\/2019\/05\/City-of-Krk-Archaeological-collection-Fortis-2-600x400.jpg\" alt=\"\" width=\"600\" height=\"400\" \/>\t\t\t\t\t\t\t<\/div>\n<\/div>[\/vc_column][\/vc_row][vc_row][vc_column][vc_raw_html]JTNDaWZyYW1lJTIwc3JjJTNEJTIyaHR0cHMlM0ElMkYlMkZ3d3cuZ29vZ2xlLmNvbSUyRm1hcHMlMkZlbWJlZCUzRnBiJTNEJTIxMW0xOCUyMTFtMTIlMjExbTMlMjExZDgzMjkuMjg1MDA5MTc2MTU0JTIxMmQxNC41NzAxNzMxMzA4ODUwNTglMjEzZDQ1LjAyNTAyMjQ0Nzc2NjYxJTIxMm0zJTIxMWYwJTIxMmYwJTIxM2YwJTIxM20yJTIxMWkxMDI0JTIxMmk3NjglMjE0ZjEzLjElMjEzbTMlMjExbTIlMjExczB4NDc2MzczOTFkOGEyMDI0NyUyNTNBMHg5NGE5NDdjMTIxYmQwN2ZmJTIxMnNNdXplaiUyQmdhbGVyaWphJTJCRm9ydGlzJTIxNWUwJTIxM20yJTIxMXNlbiUyMTJzaHIlMjE0djE1NjA0MjY1MjQ5NTclMjE1bTIlMjExc2VuJTIxMnNociUyMiUyMHdpZHRoJTNEJTIyOTgwJTIyJTIwaGVpZ2h0JTNEJTIyMzUwJTIyJTIwZnJhbWVib3JkZXIlM0QlMjIwJTIyJTIwc3R5bGUlM0QlMjJib3JkZXIlM0EwJTIyJTIwYWxsb3dmdWxsc2NyZWVuJTNFJTNDJTJGaWZyYW1lJTNF[\/vc_raw_html][vc_empty_space height=&#8221;30px&#8221;][\/vc_column][\/vc_row]<\/p>\n","protected":false},"excerpt":{"rendered":"<p>[vc_row][vc_column][\/vc_column][\/vc_row][vc_row][vc_column width=&#8221;1\/2&#8243; css=&#8221;.vc_custom_1559125178706{padding-top: 0px !important;}&#8221;][vc_column_text]Kavarna Volsonis se nahaja znotraj hi\u0161e Perossi in je znana kot dragoceno arheolo\u0161ko najdi\u0161\u010de. Med izkopavanji v 21. stoletju so na\u0161li starodavne zidove in druge arheolo\u0161ke artefakte iz 4. stoletja na\u0161ega \u0161tetja. Najbolj zanimiv artefakt je oltar Venere, posve\u010den rimski boginji ljubezni. \u010ce se odlo\u010dite za obisk Volsonisa, se lahko sprehodite po starodavnih podzemnih hodnikih in vrtovih, kjer so bili najdeni \u0161tevilni nagrobniki (skupaj s prej omenjenim oltarjem). Na enem od nagrobnih spomenikov je bilo vklesano ime Volson, ki je bil eden od vladarjev Krka po&#8230;<\/p>\n","protected":false},"author":1,"featured_media":0,"parent":10758,"menu_order":0,"comment_status":"closed","ping_status":"closed","template":"","meta":[],"yoast_head":"<!-- This site is optimized with the Yoast SEO plugin v16.0.1 - https:\/\/yoast.com\/wordpress\/plugins\/seo\/ -->\n<title>Starodavna najdi\u0161\u010da in ostanki - Experience Krk<\/title>\n<link rel=\"canonical\" href=\"https:\/\/experiencekrk.com\/sl\/zgodovina-kultura\/starodavna-najdisca-in-ostanki\/\" \/>\n<meta property=\"og:locale\" content=\"sl_SI\" \/>\n<meta property=\"og:type\" content=\"article\" \/>\n<meta property=\"og:title\" content=\"Starodavna najdi\u0161\u010da in ostanki - Experience Krk\" \/>\n<meta property=\"og:description\" content=\"[vc_row][vc_column][\/vc_column][\/vc_row][vc_row][vc_column width=&#8221;1\/2&#8243; css=&#8221;.vc_custom_1559125178706{padding-top: 0px !important;}&#8221;][vc_column_text]Kavarna Volsonis se nahaja znotraj hi\u0161e Perossi in je znana kot dragoceno arheolo\u0161ko najdi\u0161\u010de. Med izkopavanji v 21. stoletju so na\u0161li starodavne zidove in druge arheolo\u0161ke artefakte iz 4. stoletja na\u0161ega \u0161tetja. Najbolj zanimiv artefakt je oltar Venere, posve\u010den rimski boginji ljubezni. \u010ce se odlo\u010dite za obisk Volsonisa, se lahko sprehodite po starodavnih podzemnih hodnikih in vrtovih, kjer so bili najdeni \u0161tevilni nagrobniki (skupaj s prej omenjenim oltarjem). Na enem od nagrobnih spomenikov je bilo vklesano ime Volson, ki je bil eden od vladarjev Krka po...\" \/>\n<meta property=\"og:url\" content=\"https:\/\/experiencekrk.com\/sl\/zgodovina-kultura\/starodavna-najdisca-in-ostanki\/\" \/>\n<meta property=\"og:site_name\" content=\"Experience Krk\" \/>\n<meta property=\"article:modified_time\" content=\"2020-05-19T11:14:06+00:00\" \/>\n<meta name=\"twitter:card\" content=\"summary_large_image\" \/>\n<meta name=\"twitter:label1\" content=\"Est. reading time\">\n\t<meta name=\"twitter:data1\" content=\"4 minute\">\n<script type=\"application\/ld+json\" class=\"yoast-schema-graph\">{\"@context\":\"https:\/\/schema.org\",\"@graph\":[{\"@type\":\"WebSite\",\"@id\":\"https:\/\/experiencekrk.com\/#website\",\"url\":\"https:\/\/experiencekrk.com\/\",\"name\":\"Experience Krk\",\"description\":\"Cultural Tours, Food &amp; Wine and more\",\"potentialAction\":[{\"@type\":\"SearchAction\",\"target\":\"https:\/\/experiencekrk.com\/?s={search_term_string}\",\"query-input\":\"required name=search_term_string\"}],\"inLanguage\":\"sl-SI\"},{\"@type\":\"WebPage\",\"@id\":\"https:\/\/experiencekrk.com\/sl\/zgodovina-kultura\/starodavna-najdisca-in-ostanki\/#webpage\",\"url\":\"https:\/\/experiencekrk.com\/sl\/zgodovina-kultura\/starodavna-najdisca-in-ostanki\/\",\"name\":\"Starodavna najdi\\u0161\\u010da in ostanki - Experience Krk\",\"isPartOf\":{\"@id\":\"https:\/\/experiencekrk.com\/#website\"},\"datePublished\":\"2019-04-13T00:08:51+00:00\",\"dateModified\":\"2020-05-19T11:14:06+00:00\",\"breadcrumb\":{\"@id\":\"https:\/\/experiencekrk.com\/sl\/zgodovina-kultura\/starodavna-najdisca-in-ostanki\/#breadcrumb\"},\"inLanguage\":\"sl-SI\",\"potentialAction\":[{\"@type\":\"ReadAction\",\"target\":[\"https:\/\/experiencekrk.com\/sl\/zgodovina-kultura\/starodavna-najdisca-in-ostanki\/\"]}]},{\"@type\":\"BreadcrumbList\",\"@id\":\"https:\/\/experiencekrk.com\/sl\/zgodovina-kultura\/starodavna-najdisca-in-ostanki\/#breadcrumb\",\"itemListElement\":[{\"@type\":\"ListItem\",\"position\":1,\"item\":{\"@type\":\"WebPage\",\"@id\":\"https:\/\/experiencekrk.com\/sl\/\",\"url\":\"https:\/\/experiencekrk.com\/sl\/\",\"name\":\"Home\"}},{\"@type\":\"ListItem\",\"position\":2,\"item\":{\"@type\":\"WebPage\",\"@id\":\"https:\/\/experiencekrk.com\/sl\/zgodovina-kultura\/\",\"url\":\"https:\/\/experiencekrk.com\/sl\/zgodovina-kultura\/\",\"name\":\"Zgodovina &#038; Kultura\"}},{\"@type\":\"ListItem\",\"position\":3,\"item\":{\"@type\":\"WebPage\",\"@id\":\"https:\/\/experiencekrk.com\/sl\/zgodovina-kultura\/starodavna-najdisca-in-ostanki\/\",\"url\":\"https:\/\/experiencekrk.com\/sl\/zgodovina-kultura\/starodavna-najdisca-in-ostanki\/\",\"name\":\"Starodavna najdi\\u0161\\u010da in ostanki\"}}]}]}<\/script>\n<!-- \/ Yoast SEO plugin. -->","_links":{"self":[{"href":"https:\/\/experiencekrk.com\/sl\/wp-json\/wp\/v2\/pages\/10783"}],"collection":[{"href":"https:\/\/experiencekrk.com\/sl\/wp-json\/wp\/v2\/pages"}],"about":[{"href":"https:\/\/experiencekrk.com\/sl\/wp-json\/wp\/v2\/types\/page"}],"author":[{"embeddable":true,"href":"https:\/\/experiencekrk.com\/sl\/wp-json\/wp\/v2\/users\/1"}],"replies":[{"embeddable":true,"href":"https:\/\/experiencekrk.com\/sl\/wp-json\/wp\/v2\/comments?post=10783"}],"version-history":[{"count":2,"href":"https:\/\/experiencekrk.com\/sl\/wp-json\/wp\/v2\/pages\/10783\/revisions"}],"predecessor-version":[{"id":10787,"href":"https:\/\/experiencekrk.com\/sl\/wp-json\/wp\/v2\/pages\/10783\/revisions\/10787"}],"up":[{"embeddable":true,"href":"https:\/\/experiencekrk.com\/sl\/wp-json\/wp\/v2\/pages\/10758"}],"wp:attachment":[{"href":"https:\/\/experiencekrk.com\/sl\/wp-json\/wp\/v2\/media?parent=10783"}],"curies":[{"name":"wp","href":"https:\/\/api.w.org\/{rel}","templated":true}]}}