{"id":10768,"date":"2019-04-12T23:45:15","date_gmt":"2019-04-12T23:45:15","guid":{"rendered":"https:\/\/experiencekrk.com\/zgodovina-kultura\/city-walls\/"},"modified":"2024-03-13T09:38:43","modified_gmt":"2024-03-13T09:38:43","slug":"mestna-obzidja","status":"publish","type":"page","link":"https:\/\/experiencekrk.com\/sl\/zgodovina-kultura\/mestna-obzidja\/","title":{"rendered":"Mestna obzidja"},"content":{"rendered":"<p>[vc_row][vc_column]<div class=\"mkdf-section-title-holder\">\n\t<h1 class=\"mkdf-section-title mkdf-section-title-medium\" >\n\tMestna obzidja<\/h1>\n<\/div>[vc_row_inner][vc_column_inner width=&#8221;1\/2&#8243;][vc_column_text]Mestna obzidja na Krku izvirajo iz 1. stoletja pred na\u0161im \u0161tetjem, njihove ostanke pa je \u0161e danes mogo\u010de videti v prostorih kavarne Volsonis. Mestna obzidja in stolpi so se gradili skozi stoletja, zadnje gradnje pa so bile v 15. stoletju, katere so odli\u010dno ohranjene \u0161e dandanes.<\/p>\n<p>Mesto je v celoti obkro\u017ealo mestno obzidje, glavni vhod v mesto z obalnega dela pa so bila velika mestna vrata, prvi\u010d omenjena v 14. stoletju.[\/vc_column_text][\/vc_column_inner][vc_column_inner width=&#8221;1\/2&#8243;]<div class=\"mkdf-image-gallery\">\n\t<div class=\"mkdf-image-gallery-slider \" data-autoplay=\"3\" data-animation=\"slide\" data-navigation=\"yes\" data-pagination=\"yes\">\n\t\t\t\t\t\t\t\t\t<img width=\"600\" height=\"400\" src=\"https:\/\/experiencekrk.com\/wp-content\/uploads\/2019\/05\/TZKrk-city-walls-vew-from-the-harbour.jpg\" class=\"attachment-full size-full\" alt=\"\" loading=\"lazy\" srcset=\"https:\/\/experiencekrk.com\/wp-content\/uploads\/2019\/05\/TZKrk-city-walls-vew-from-the-harbour.jpg 600w, https:\/\/experiencekrk.com\/wp-content\/uploads\/2019\/05\/TZKrk-city-walls-vew-from-the-harbour-300x200.jpg 300w\" sizes=\"(max-width: 600px) 100vw, 600px\" \/>\t\t\t\t\t\t\t\t\t\t\t\t\t<img width=\"600\" height=\"400\" src=\"https:\/\/experiencekrk.com\/wp-content\/uploads\/2019\/05\/TZKrk-city-walls.jpg\" class=\"attachment-full size-full\" alt=\"\" loading=\"lazy\" srcset=\"https:\/\/experiencekrk.com\/wp-content\/uploads\/2019\/05\/TZKrk-city-walls.jpg 600w, https:\/\/experiencekrk.com\/wp-content\/uploads\/2019\/05\/TZKrk-city-walls-300x200.jpg 300w\" sizes=\"(max-width: 600px) 100vw, 600px\" \/>\t\t\t\t\t\t\t<\/div>\n<\/div>[\/vc_column_inner][\/vc_row_inner][vc_empty_space height=&#8221;17px&#8221;][vc_row_inner][vc_column_inner width=&#8221;1\/2&#8243; offset=&#8221;vc_hidden-sm vc_hidden-xs&#8221;]<div class=\"mkdf-image-gallery\">\n\t<div class=\"mkdf-image-gallery-slider \" data-autoplay=\"3\" data-animation=\"slide\" data-navigation=\"yes\" data-pagination=\"yes\">\n\t\t\t\t\t\t\t\t\t<img width=\"600\" height=\"400\" src=\"https:\/\/experiencekrk.com\/wp-content\/uploads\/2019\/05\/TZKrk-city-walls-view-from-the-sea.jpg\" class=\"attachment-full size-full\" alt=\"\" loading=\"lazy\" srcset=\"https:\/\/experiencekrk.com\/wp-content\/uploads\/2019\/05\/TZKrk-city-walls-view-from-the-sea.jpg 600w, https:\/\/experiencekrk.com\/wp-content\/uploads\/2019\/05\/TZKrk-city-walls-view-from-the-sea-300x200.jpg 300w\" sizes=\"(max-width: 600px) 100vw, 600px\" \/>\t\t\t\t\t\t\t\t\t\t\t\t\t<img width=\"600\" height=\"400\" src=\"https:\/\/experiencekrk.com\/wp-content\/uploads\/2019\/05\/TZKrk-city-walls-along-sea-side.jpg\" class=\"attachment-full size-full\" alt=\"\" loading=\"lazy\" srcset=\"https:\/\/experiencekrk.com\/wp-content\/uploads\/2019\/05\/TZKrk-city-walls-along-sea-side.jpg 600w, https:\/\/experiencekrk.com\/wp-content\/uploads\/2019\/05\/TZKrk-city-walls-along-sea-side-300x200.jpg 300w\" sizes=\"(max-width: 600px) 100vw, 600px\" \/>\t\t\t\t\t\t\t<\/div>\n<\/div>[\/vc_column_inner][vc_column_inner width=&#8221;1\/2&#8243; offset=&#8221;vc_hidden-sm vc_hidden-xs&#8221;][vc_column_text]Edini mestni trg na Krku, ki mu je uspelo ohraniti zna\u010dilnosti trga vse do danes, je trg Vela placa s \u0161eststranskim vodnjakom iz 16. stoletja. Trg Vela placa je dragoceno arheolo\u0161ko najdi\u0161\u010de skupaj s hi\u0161o Perossi (kavarna Volsonis), kjer stoji najstarej\u0161i del mestnega obzidja.<\/p>\n<p>Mestno obzidje je bilo namenjeno obrambi mesta, pomemben del te utrdbe pa so bili srednjeve\u0161ki in renesan\u010dni stolpi, ki so vidni \u0161e danes.[\/vc_column_text][\/vc_column_inner][\/vc_row_inner][vc_row_inner][vc_column_inner width=&#8221;1\/2&#8243; offset=&#8221;vc_hidden-lg vc_hidden-md&#8221;][vc_column_text]The only town square in Krk that has managed to preserve the characteristics of a square until today is the Vela Market Place, which includes a six-sided well from the 16th century. Vela Market Place is a valuable archeological site along with Perossi house (caf\u00e9 Volsonis), where the oldest part of the town city walls can be found.<\/p>\n<p>The city walls were used for the defense of the city and an important part of this fortification was the medieval and Renaissance towers that are still visible today.[\/vc_column_text][\/vc_column_inner][vc_column_inner width=&#8221;1\/2&#8243; offset=&#8221;vc_hidden-lg vc_hidden-md&#8221;]<div class=\"mkdf-image-gallery\">\n\t<div class=\"mkdf-image-gallery-slider \" data-autoplay=\"3\" data-animation=\"slide\" data-navigation=\"yes\" data-pagination=\"yes\">\n\t\t\t\t\t\t\t\t\t<img width=\"600\" height=\"400\" src=\"https:\/\/experiencekrk.com\/wp-content\/uploads\/2019\/05\/TZKrk-city-walls-view-from-the-sea.jpg\" class=\"attachment-full size-full\" alt=\"\" loading=\"lazy\" srcset=\"https:\/\/experiencekrk.com\/wp-content\/uploads\/2019\/05\/TZKrk-city-walls-view-from-the-sea.jpg 600w, https:\/\/experiencekrk.com\/wp-content\/uploads\/2019\/05\/TZKrk-city-walls-view-from-the-sea-300x200.jpg 300w\" sizes=\"(max-width: 600px) 100vw, 600px\" \/>\t\t\t\t\t\t\t\t\t\t\t\t\t<img width=\"600\" height=\"400\" src=\"https:\/\/experiencekrk.com\/wp-content\/uploads\/2019\/05\/TZKrk-city-walls-along-sea-side.jpg\" class=\"attachment-full size-full\" alt=\"\" loading=\"lazy\" srcset=\"https:\/\/experiencekrk.com\/wp-content\/uploads\/2019\/05\/TZKrk-city-walls-along-sea-side.jpg 600w, https:\/\/experiencekrk.com\/wp-content\/uploads\/2019\/05\/TZKrk-city-walls-along-sea-side-300x200.jpg 300w\" sizes=\"(max-width: 600px) 100vw, 600px\" \/>\t\t\t\t\t\t\t<\/div>\n<\/div>[\/vc_column_inner][\/vc_row_inner][\/vc_column][\/vc_row][vc_row][vc_column][vc_empty_space height=&#8221;10px&#8221;]<div class=\"mkdf-section-title-holder\">\n\t<h1 class=\"mkdf-section-title mkdf-section-title-small\" >\n\tLokacija<\/h1>\n<\/div>[vc_row_inner][vc_column_inner][vc_raw_html]JTNDaWZyYW1lJTIwc3JjJTNEJTIyaHR0cHMlM0ElMkYlMkZ3d3cuZ29vZ2xlLmNvbSUyRm1hcHMlMkZlbWJlZCUzRnBiJTNEJTIxMW0xOCUyMTFtMTIlMjExbTMlMjExZDk5NzcuMDE2OTUzMjU2OTc0JTIxMmQxNC41NzE4MDgxNzgzMzE0ODIlMjEzZDQ1LjAyNTA1Mzc4ODg3OCUyMTJtMyUyMTFmMCUyMTJmMCUyMTNmMCUyMTNtMiUyMTFpMTAyNCUyMTJpNzY4JTIxNGYxMy4xJTIxM20zJTIxMW0yJTIxMXMweDQ3NjM3M2UxZjY3MGUxOTklMjUzQTB4YWRlM2NlOGZlYzY3NjRhNiUyMTJzS3JrJTJCZ3JhZCUyQnBvdmlqZXN0aSUyQmklMkJrdWx0dXJlJTJCWmlkaW5lJTI1MkZUb3duJTJCV2FsbHMlMjE1ZTAlMjEzbTIlMjExc2hyJTIxMnNociUyMTR2MTU1ODM4OTU2MjkyNCUyMTVtMiUyMTFzaHIlMjEyc2hyJTIyJTIwd2lkdGglM0QlMjI5MDAlMjIlMjBoZWlnaHQlM0QlMjIzODAlMjIlMjBmcmFtZWJvcmRlciUzRCUyMjAlMjIlMjBzdHlsZSUzRCUyMmJvcmRlciUzQTAlMjIlMjBhbGxvd2Z1bGxzY3JlZW4lM0UlM0MlMkZpZnJhbWUlM0U=[\/vc_raw_html][\/vc_column_inner][\/vc_row_inner][\/vc_column][\/vc_row]<\/p>\n","protected":false},"excerpt":{"rendered":"<p>[vc_row][vc_column][vc_row_inner][vc_column_inner width=&#8221;1\/2&#8243;][vc_column_text]Mestna obzidja na Krku izvirajo iz 1. stoletja pred na\u0161im \u0161tetjem, njihove ostanke pa je \u0161e danes mogo\u010de videti v prostorih kavarne Volsonis. Mestna obzidja in stolpi so se gradili skozi stoletja, zadnje gradnje pa so bile v 15. stoletju, katere so odli\u010dno ohranjene \u0161e dandanes. Mesto je v celoti obkro\u017ealo mestno obzidje, glavni vhod v mesto z obalnega dela pa so bila velika mestna vrata, prvi\u010d omenjena v 14. stoletju.[\/vc_column_text][\/vc_column_inner][vc_column_inner width=&#8221;1\/2&#8243;][\/vc_column_inner][\/vc_row_inner][vc_empty_space height=&#8221;17px&#8221;][vc_row_inner][vc_column_inner width=&#8221;1\/2&#8243; offset=&#8221;vc_hidden-sm vc_hidden-xs&#8221;][\/vc_column_inner][vc_column_inner width=&#8221;1\/2&#8243; offset=&#8221;vc_hidden-sm vc_hidden-xs&#8221;][vc_column_text]Edini mestni trg na Krku, ki mu je uspelo ohraniti zna\u010dilnosti&#8230;<\/p>\n","protected":false},"author":1,"featured_media":0,"parent":10758,"menu_order":0,"comment_status":"closed","ping_status":"closed","template":"","meta":[],"yoast_head":"<!-- This site is optimized with the Yoast SEO plugin v16.0.1 - https:\/\/yoast.com\/wordpress\/plugins\/seo\/ -->\n<title>Mestna obzidja - Experience Krk<\/title>\n<link rel=\"canonical\" href=\"https:\/\/experiencekrk.com\/sl\/zgodovina-kultura\/mestna-obzidja\/\" \/>\n<meta property=\"og:locale\" content=\"sl_SI\" \/>\n<meta property=\"og:type\" content=\"article\" \/>\n<meta property=\"og:title\" content=\"Mestna obzidja - Experience Krk\" \/>\n<meta property=\"og:description\" content=\"[vc_row][vc_column][vc_row_inner][vc_column_inner width=&#8221;1\/2&#8243;][vc_column_text]Mestna obzidja na Krku izvirajo iz 1. stoletja pred na\u0161im \u0161tetjem, njihove ostanke pa je \u0161e danes mogo\u010de videti v prostorih kavarne Volsonis. Mestna obzidja in stolpi so se gradili skozi stoletja, zadnje gradnje pa so bile v 15. stoletju, katere so odli\u010dno ohranjene \u0161e dandanes. Mesto je v celoti obkro\u017ealo mestno obzidje, glavni vhod v mesto z obalnega dela pa so bila velika mestna vrata, prvi\u010d omenjena v 14. stoletju.[\/vc_column_text][\/vc_column_inner][vc_column_inner width=&#8221;1\/2&#8243;][\/vc_column_inner][\/vc_row_inner][vc_empty_space height=&#8221;17px&#8221;][vc_row_inner][vc_column_inner width=&#8221;1\/2&#8243; offset=&#8221;vc_hidden-sm vc_hidden-xs&#8221;][\/vc_column_inner][vc_column_inner width=&#8221;1\/2&#8243; offset=&#8221;vc_hidden-sm vc_hidden-xs&#8221;][vc_column_text]Edini mestni trg na Krku, ki mu je uspelo ohraniti zna\u010dilnosti...\" \/>\n<meta property=\"og:url\" content=\"https:\/\/experiencekrk.com\/sl\/zgodovina-kultura\/mestna-obzidja\/\" \/>\n<meta property=\"og:site_name\" content=\"Experience Krk\" \/>\n<meta property=\"article:modified_time\" content=\"2024-03-13T09:38:43+00:00\" \/>\n<meta name=\"twitter:card\" content=\"summary_large_image\" \/>\n<meta name=\"twitter:label1\" content=\"Est. reading time\">\n\t<meta name=\"twitter:data1\" content=\"2 minuti\">\n<script type=\"application\/ld+json\" class=\"yoast-schema-graph\">{\"@context\":\"https:\/\/schema.org\",\"@graph\":[{\"@type\":\"WebSite\",\"@id\":\"https:\/\/experiencekrk.com\/#website\",\"url\":\"https:\/\/experiencekrk.com\/\",\"name\":\"Experience Krk\",\"description\":\"Cultural Tours, Food &amp; Wine and more\",\"potentialAction\":[{\"@type\":\"SearchAction\",\"target\":\"https:\/\/experiencekrk.com\/?s={search_term_string}\",\"query-input\":\"required name=search_term_string\"}],\"inLanguage\":\"sl-SI\"},{\"@type\":\"WebPage\",\"@id\":\"https:\/\/experiencekrk.com\/sl\/zgodovina-kultura\/mestna-obzidja\/#webpage\",\"url\":\"https:\/\/experiencekrk.com\/sl\/zgodovina-kultura\/mestna-obzidja\/\",\"name\":\"Mestna obzidja - Experience Krk\",\"isPartOf\":{\"@id\":\"https:\/\/experiencekrk.com\/#website\"},\"datePublished\":\"2019-04-12T23:45:15+00:00\",\"dateModified\":\"2024-03-13T09:38:43+00:00\",\"breadcrumb\":{\"@id\":\"https:\/\/experiencekrk.com\/sl\/zgodovina-kultura\/mestna-obzidja\/#breadcrumb\"},\"inLanguage\":\"sl-SI\",\"potentialAction\":[{\"@type\":\"ReadAction\",\"target\":[\"https:\/\/experiencekrk.com\/sl\/zgodovina-kultura\/mestna-obzidja\/\"]}]},{\"@type\":\"BreadcrumbList\",\"@id\":\"https:\/\/experiencekrk.com\/sl\/zgodovina-kultura\/mestna-obzidja\/#breadcrumb\",\"itemListElement\":[{\"@type\":\"ListItem\",\"position\":1,\"item\":{\"@type\":\"WebPage\",\"@id\":\"https:\/\/experiencekrk.com\/sl\/\",\"url\":\"https:\/\/experiencekrk.com\/sl\/\",\"name\":\"Home\"}},{\"@type\":\"ListItem\",\"position\":2,\"item\":{\"@type\":\"WebPage\",\"@id\":\"https:\/\/experiencekrk.com\/sl\/zgodovina-kultura\/\",\"url\":\"https:\/\/experiencekrk.com\/sl\/zgodovina-kultura\/\",\"name\":\"Zgodovina &#038; Kultura\"}},{\"@type\":\"ListItem\",\"position\":3,\"item\":{\"@type\":\"WebPage\",\"@id\":\"https:\/\/experiencekrk.com\/sl\/zgodovina-kultura\/mestna-obzidja\/\",\"url\":\"https:\/\/experiencekrk.com\/sl\/zgodovina-kultura\/mestna-obzidja\/\",\"name\":\"Mestna obzidja\"}}]}]}<\/script>\n<!-- \/ Yoast SEO plugin. -->","_links":{"self":[{"href":"https:\/\/experiencekrk.com\/sl\/wp-json\/wp\/v2\/pages\/10768"}],"collection":[{"href":"https:\/\/experiencekrk.com\/sl\/wp-json\/wp\/v2\/pages"}],"about":[{"href":"https:\/\/experiencekrk.com\/sl\/wp-json\/wp\/v2\/types\/page"}],"author":[{"embeddable":true,"href":"https:\/\/experiencekrk.com\/sl\/wp-json\/wp\/v2\/users\/1"}],"replies":[{"embeddable":true,"href":"https:\/\/experiencekrk.com\/sl\/wp-json\/wp\/v2\/comments?post=10768"}],"version-history":[{"count":4,"href":"https:\/\/experiencekrk.com\/sl\/wp-json\/wp\/v2\/pages\/10768\/revisions"}],"predecessor-version":[{"id":33344,"href":"https:\/\/experiencekrk.com\/sl\/wp-json\/wp\/v2\/pages\/10768\/revisions\/33344"}],"up":[{"embeddable":true,"href":"https:\/\/experiencekrk.com\/sl\/wp-json\/wp\/v2\/pages\/10758"}],"wp:attachment":[{"href":"https:\/\/experiencekrk.com\/sl\/wp-json\/wp\/v2\/media?parent=10768"}],"curies":[{"name":"wp","href":"https:\/\/api.w.org\/{rel}","templated":true}]}}