{"id":10751,"date":"2019-04-15T09:39:28","date_gmt":"2019-04-15T09:39:28","guid":{"rendered":"https:\/\/experiencekrk.com\/food-and-wine\/"},"modified":"2024-03-13T09:42:28","modified_gmt":"2024-03-13T09:42:28","slug":"hrana-vino","status":"publish","type":"page","link":"https:\/\/experiencekrk.com\/sl\/hrana-vino\/","title":{"rendered":"Hrana &#038; Vino"},"content":{"rendered":"<p>[vc_row][vc_column]<div class=\"mkdf-section-title-holder\">\n\t<h1 class=\"mkdf-section-title mkdf-section-title-medium\" >\n\tHrana &amp; Vino<\/h1>\n<\/div>[vc_column_text]Otok Krk je znan po svojih kulinari\u010dnih dobrotah &#8211; pr\u0161utu in siru, sve\u017eih ribah in \u0161kampih, doma\u010dih testeninah \u0161urlicah in okusni lokalni jagnjetini. Kulinarika na tem obmo\u010dju temelji na sve\u017ei zelenjavi in sadju, ki je na voljo na lokalnem trgu. Sve\u017ee vrtnine lahko kupite neposredno od malih lokalnih kmetov. V pristnih kamnitih in lesenih gostilnah lahko u\u017eivate tudi v lokalnih specialitetah, postre\u017eenih z lokalno pridelanim vinom \u017dlahtina.<\/p>\n<p>Otok je priljubljen tudi zaradi proizvodnje nekaterih najbolj\u0161ih olj\u010dnih olj v regiji. V lokalnih pekarnah lahko poskusite ocvrte dobrote Fritule, kro\u0161tule in eno najbolj priljubljenih sla\u0161\u010dic na otoku &#8211; torto Kr\u010dka kneginja (Kr\u0161ka princesa), ki se ji ne boste mogli upreti.[\/vc_column_text][vc_empty_space height=&#8221;60px&#8221;][\/vc_column][\/vc_row][vc_row][vc_column][vc_gallery type=&#8221;image_grid&#8221; images=&#8221;5819,5820,5807&#8243; img_size=&#8221;medium&#8221; onclick=&#8221;&#8221;][vc_empty_space height=&#8221;17px&#8221;][vc_single_image image=&#8221;10076&#8243; img_size=&#8221;medium&#8221; alignment=&#8221;center&#8221;]<div class=\"mkdf-testimonials-holder clearfix dark\"><div class=\"mkdf-testimonials testimonials-grid\"><div class=\"mkdf-testimonials-holder-inner\">\n\t<div id=\"mkdf-testimonials10570\" class=\"mkdf-testimonial-content testimonials-grid mkdf-two-columns\">\n\t\t<div class=\"mkdf-testimonial-text-inner \">\n\t\t\t\n\t\t\t\t\t\t\t<div class=\"mkdf-testimonial-author\">\n\t\t\t\t\t<h6 class=\"mkdf-testimonial-author-text \">seeingwithmyheart, Montenegro<\/h6>\n\t\t\t\t\t\n\t\t\t\t<\/div>\n\t\t\t\t\t<\/div>\n\t\t<p class=\"mkdf-testimonial-text \">\"The food was amazing.... and the views reminiscent of ancient Greece\"<\/p>\n\n\t<\/div>\n<\/div>\n<div class=\"mkdf-testimonials-holder-inner\">\n\t<div id=\"mkdf-testimonials10569\" class=\"mkdf-testimonial-content testimonials-grid mkdf-two-columns\">\n\t\t<div class=\"mkdf-testimonial-text-inner \">\n\t\t\t\n\t\t\t\t\t\t\t<div class=\"mkdf-testimonial-author\">\n\t\t\t\t\t<h6 class=\"mkdf-testimonial-author-text \">Kristen K, Connecticut<\/h6>\n\t\t\t\t\t\n\t\t\t\t<\/div>\n\t\t\t\t\t<\/div>\n\t\t<p class=\"mkdf-testimonial-text \">\" ...the views and color of the water, breathtaking! It reminded me of California a bit, but there is no water that color in California!...a must see!!!\"<\/p>\n\n\t<\/div>\n<\/div>\n<div class=\"mkdf-testimonials-holder-inner\">\n\t<div id=\"mkdf-testimonials10568\" class=\"mkdf-testimonial-content testimonials-grid mkdf-two-columns\">\n\t\t<div class=\"mkdf-testimonial-text-inner \">\n\t\t\t\n\t\t\t\t\t\t\t<div class=\"mkdf-testimonial-author\">\n\t\t\t\t\t<h6 class=\"mkdf-testimonial-author-text \">Cropelka, Poland<\/h6>\n\t\t\t\t\t\n\t\t\t\t<\/div>\n\t\t\t\t\t<\/div>\n\t\t<p class=\"mkdf-testimonial-text \">\" a place for those who need peace and quiet on their holiday. It's worth a longer stay, otherwise you might not discover the whole peace and beauty... The pebble beaches there are really excellent and one of the most beautiful in Croatia\"<\/p>\n\n\t<\/div>\n<\/div>\n<div class=\"mkdf-testimonials-holder-inner\">\n\t<div id=\"mkdf-testimonials10567\" class=\"mkdf-testimonial-content testimonials-grid mkdf-two-columns\">\n\t\t<div class=\"mkdf-testimonial-text-inner \">\n\t\t\t\n\t\t\t\t\t\t\t<div class=\"mkdf-testimonial-author\">\n\t\t\t\t\t<h6 class=\"mkdf-testimonial-author-text \">Asiyah Noemi K, Pula<\/h6>\n\t\t\t\t\t\n\t\t\t\t<\/div>\n\t\t\t\t\t<\/div>\n\t\t<p class=\"mkdf-testimonial-text \">\"Untouched nature, wonderful people and rich history make this place special. Architecture in the city of Krk is enchanting. Everything is built in stone like a castle, an exterior wall, a town hall, squares ... beautiful and relaxing\"<\/p>\n\n\t<\/div>\n<\/div>\n<\/div><\/div>[vc_empty_space height=&#8221;17px&#8221;][vc_column_text][\/vc_column_text][\/vc_column][\/vc_row][vc_row][vc_column][vc_row_inner][vc_column_inner width=&#8221;1\/3&#8243;][vc_single_image image=&#8221;3537&#8243; img_size=&#8221;full&#8221; alignment=&#8221;center&#8221; style=&#8221;vc_box_rounded&#8221; onclick=&#8221;custom_link&#8221; link=&#8221;https:\/\/experiencekrk.com\/food-and-wine\/nono-house-of-olive-oil\/&#8221;][vc_column_text el_class=&#8221;custom-tour-text&#8221;]<\/p>\n<p style=\"text-align: center;\"><a href=\"https:\/\/experiencekrk.com\/sl\/hrana-vino\/nono-house-of-olive-oil\/\"><span style=\"color: #870337;\"><strong>Hi\u0161a olj\u010dnega olja Nono<\/strong><\/span><\/a><\/p>\n<p>[\/vc_column_text][\/vc_column_inner][vc_column_inner width=&#8221;1\/3&#8243;][vc_single_image image=&#8221;5819&#8243; img_size=&#8221;full&#8221; alignment=&#8221;center&#8221; style=&#8221;vc_box_rounded&#8221; onclick=&#8221;custom_link&#8221; link=&#8221;https:\/\/experiencekrk.com\/food-and-wine\/house-of-krks-prosciutto\/&#8221;][vc_column_text el_class=&#8221;custom-tour-text&#8221;]<\/p>\n<p style=\"text-align: center;\"><a href=\"https:\/\/experiencekrk.com\/sl\/hrana-vino\/house-of-krks-prosciutto\/\"><span style=\"color: #870337;\"><strong>Hi\u0161a kr\u0161kega pr\u0161uta<\/strong><\/span><\/a><\/p>\n<p>[\/vc_column_text][\/vc_column_inner][vc_column_inner width=&#8221;1\/3&#8243;][vc_single_image image=&#8221;5676&#8243; img_size=&#8221;full&#8221; alignment=&#8221;center&#8221; style=&#8221;vc_box_rounded&#8221; onclick=&#8221;custom_link&#8221; link=&#8221;https:\/\/experiencekrk.com\/food-and-wine\/krk-cheese-local-cheese-from-krk\/&#8221;][vc_column_text el_class=&#8221;custom-tour-text&#8221;]<\/p>\n<p style=\"text-align: center;\"><a href=\"https:\/\/experiencekrk.com\/sl\/hrana-vino\/krk-cheese-local-cheese-from-krk\/\"><span style=\"color: #870337;\"><strong>Kr\u0161ki sir<\/strong><\/span><\/a><\/p>\n<p>[\/vc_column_text][\/vc_column_inner][\/vc_row_inner][vc_empty_space el_class=&#8221;two-row-divider&#8221;][vc_row_inner][vc_column_inner width=&#8221;1\/3&#8243;][vc_single_image image=&#8221;3535&#8243; img_size=&#8221;full&#8221; alignment=&#8221;center&#8221; style=&#8221;vc_box_rounded&#8221; onclick=&#8221;custom_link&#8221; link=&#8221;https:\/\/experiencekrk.com\/food-and-wine\/local-homemade-pasta\/&#8221;][vc_column_text el_class=&#8221;custom-tour-text&#8221;]<\/p>\n<p style=\"text-align: center;\"><a href=\"https:\/\/experiencekrk.com\/sl\/hrana-vino\/local-homemade-pasta\/\"><span style=\"color: #870337;\"><strong>Lokalne doma\u010de testenine<\/strong><\/span><\/a><\/p>\n<p>[\/vc_column_text][\/vc_column_inner][vc_column_inner width=&#8221;1\/3&#8243;][vc_single_image image=&#8221;5820&#8243; img_size=&#8221;full&#8221; alignment=&#8221;center&#8221; style=&#8221;vc_box_rounded&#8221; onclick=&#8221;custom_link&#8221; link=&#8221;https:\/\/experiencekrk.com\/family-vacation\/agrotourism-dvori-sv-jurja\/&#8221;][vc_column_text el_class=&#8221;custom-tour-text&#8221;]<\/p>\n<p style=\"text-align: center;\"><a href=\"https:\/\/experiencekrk.com\/sl\/druzinski-dopust\/agrotourism-dvori-sv-jurja\/\"><span style=\"color: #870337;\"><strong>Agroturizem Dvori Sv. Jurja<\/strong><\/span><\/a><\/p>\n<p>[\/vc_column_text][\/vc_column_inner][vc_column_inner width=&#8221;1\/3&#8243;][vc_single_image image=&#8221;3701&#8243; img_size=&#8221;full&#8221; alignment=&#8221;center&#8221; style=&#8221;vc_box_rounded&#8221; onclick=&#8221;custom_link&#8221; link=&#8221;https:\/\/experiencekrk.com\/food-and-wine\/local-wineries\/&#8221;][vc_column_text el_class=&#8221;custom-tour-text&#8221;]<\/p>\n<p style=\"text-align: center;\"><a href=\"https:\/\/experiencekrk.com\/sl\/hrana-vino\/local-wineries\/\"><span style=\"color: #870337;\"><strong>Lokalne vinske kleti<\/strong><\/span><\/a><\/p>\n<p>[\/vc_column_text][\/vc_column_inner][\/vc_row_inner][vc_empty_space el_class=&#8221;two-row-divider&#8221;][vc_row_inner][vc_column_inner width=&#8221;1\/3&#8243;][vc_single_image image=&#8221;5786&#8243; img_size=&#8221;full&#8221; alignment=&#8221;center&#8221; style=&#8221;vc_box_rounded&#8221; onclick=&#8221;custom_link&#8221; link=&#8221;https:\/\/experiencekrk.com\/food-and-wine\/local-taverns\/&#8221;][vc_column_text el_class=&#8221;custom-tour-text&#8221;]<\/p>\n<p style=\"text-align: center;\"><a href=\"https:\/\/experiencekrk.com\/sl\/hrana-vino\/local-taverns\/\"><span style=\"color: #870337;\"><strong>Lokalne gostilne<\/strong><\/span><\/a><\/p>\n<p>[\/vc_column_text][\/vc_column_inner][vc_column_inner width=&#8221;1\/3&#8243;][vc_single_image image=&#8221;5798&#8243; img_size=&#8221;full&#8221; alignment=&#8221;center&#8221; style=&#8221;vc_box_rounded&#8221; onclick=&#8221;custom_link&#8221; link=&#8221;https:\/\/experiencekrk.com\/food-and-wine\/local-food-wine-bars\/&#8221;][vc_column_text el_class=&#8221;custom-tour-text&#8221;]<\/p>\n<p style=\"text-align: center;\"><a href=\"https:\/\/experiencekrk.com\/sl\/hrana-vino\/local-food-wine-bars\/\"><span style=\"color: #870337;\"><strong>Lokalna hrana in vinski bari<\/strong><\/span><\/a><\/p>\n<p>[\/vc_column_text][\/vc_column_inner][vc_column_inner width=&#8221;1\/3&#8243;][vc_single_image image=&#8221;5807&#8243; img_size=&#8221;full&#8221; alignment=&#8221;center&#8221; style=&#8221;vc_box_rounded&#8221; onclick=&#8221;custom_link&#8221; link=&#8221;https:\/\/experiencekrk.com\/food-and-wine\/food-festivals\/&#8221;][vc_column_text el_class=&#8221;custom-tour-text&#8221;]<\/p>\n<p style=\"text-align: center;\"><a href=\"https:\/\/experiencekrk.com\/sl\/hrana-vino\/food-festivals\/\"><span style=\"color: #870337;\"><strong>Kulinari\u010dni festivali<\/strong><\/span><\/a><\/p>\n<p>[\/vc_column_text][\/vc_column_inner][\/vc_row_inner][\/vc_column][\/vc_row][vc_row][vc_column][vc_empty_space el_class=&#8221;two-row-divider&#8221;]<div class=\"mkdf-separator-holder clearfix  mkdf-separator-center mkdf-separator-full-width\">\n\t<div class=\"mkdf-separator\" style=\"border-color: #ebebeb;border-style: solid;border-bottom-width: 1px;margin-top: 20px;margin-bottom: 45px\"><\/div>\n<\/div>\n<div class=\"mkdf-section-title-holder\">\n\t<h1 class=\"mkdf-section-title mkdf-section-title-medium\" >\n\tPriporo\u010dljivi ogledi<\/h1>\n<\/div><div class=\"mkdf-tours-list-holder mkdf-tours-gallery-with-hover\">\n\t\t\t\t\t\t<div class=\"mkdf-tours-list-pagination-data\">\n\t\t\t\t<input type=\"hidden\" name=\"order_by\" value=\"menu_order\">\n\t\t\t\t<input type=\"hidden\" name=\"order\" value=\"ASC\">\n\t\t\t\t<input type=\"hidden\" name=\"tour_category\" value=\"culinary-tours\">\n\t\t\t\t<input type=\"hidden\" name=\"number\" value=\"2\">\n\t\t\t\t<input type=\"hidden\" name=\"thumb_size\" value=\"voyage_landscape\">\n\t\t\t\t<input type=\"hidden\" name=\"next_page\" value=\"2\">\n\t\t\t\t<input type=\"hidden\" name=\"tour_type\" value=\"standard\">\n\t\t\t\t<input type=\"hidden\" name=\"image_size\" value=\"landscape\">\n\t\t\t\t<input type=\"hidden\" name=\"text_length\" value=\"90\">\n\t\t\t<\/div>\n\t\t\n\t\t\n\t\t<div class=\"mkdf-tours-list-holder-inner mkdf-two-items\">\n\n\t\t\t\t\n\t<div class=\"mkdf-tour-list-item-inner post-10879 tour-item type-tour-item status-publish has-post-thumbnail hentry tour-category-kulinaricni-ogledi tour-category-romanticni-ogledi\">\n\t\t<div class=\"mkdf-tours-standard-item post-10879 tour-item type-tour-item status-publish has-post-thumbnail hentry tour-category-kulinaricni-ogledi tour-category-romanticni-ogledi\">\n\t\t\t<div class=\"mkdf-tours-standard-item-image-holder\">\n\t\t\t<a href=\"https:\/\/experiencekrk.com\/sl\/tour-item\/wine-food-tasting-tour\/\">\n\t\t\t\t<img width=\"600\" height=\"400\" src=\"https:\/\/experiencekrk.com\/wp-content\/uploads\/2019\/04\/Experience-Krk-Food-and-Wine-image.jpg\" class=\"attachment-voyage_landscape size-voyage_landscape wp-post-image\" alt=\"\" loading=\"lazy\" srcset=\"https:\/\/experiencekrk.com\/wp-content\/uploads\/2019\/04\/Experience-Krk-Food-and-Wine-image.jpg 600w, https:\/\/experiencekrk.com\/wp-content\/uploads\/2019\/04\/Experience-Krk-Food-and-Wine-image-300x200.jpg 300w\" sizes=\"(max-width: 600px) 100vw, 600px\" \/>\n\t\t\t\t\t\t\t\t\t<span class=\"mkdf-tours-standard-item-label-holder\">\n\t\t\t\t\t\t\n\t\t<span class=\"mkdf-tour-item-label\">\n\t\t\t<span class=\"mkdf-tour-item-label-inner\">\n\t\t\t\t\t\t\t<\/span>\n\t\t<\/span>\n\n\t\t\t\t\t\t\t<\/span>\n\t\t\t\t\t\t\t<\/a>\n\t\t<\/div>\n\t\n\t<div class=\"mkdf-tours-standard-item-content-holder\">\n\t\t<div class=\"mkdf-tours-standard-item-title-price-holder\">\n\t\t\t<h5 class=\"mkdf-tour-title\" >\n\t\t\t\t<a href=\"https:\/\/experiencekrk.com\/sl\/tour-item\/wine-food-tasting-tour\/\">Wine &#038; Food Tasting Tour<\/a>\n\n\t\t\t\t<span class=\"mkdf-tours-standard-item-price-holder\">\n\t\t\t\t\t\n\t\t<span class=\"mkdf-tours-price-holder\">\n\t\t\t\t\t\t\t<span class=\"mkdf-tours-item-price\">$1<\/span>\n\t\t\t\t\t\t\t\t<\/span>\n\n\t\t\t\t\t\t<\/span>\n\n\t\t\t<\/h5>\n\t\t<\/div>\n\n\t\t<div class=\"mkdf-tours-standard-item-rating\">\n\t\t\t\n\t\t\n\t\t\t\t<\/div>\n\n\t\t\t\t\t<div class=\"mkdf-tours-standard-item-excerpt\">\n\t\t\t\t[vc_row][vc_column][vc_column_text] Otok Krk je bil zaradi svojih kulinari\u010dnih dobrot v rimskem \u010dasu znan tudi kot Zlati otok. Obi\u0161\u010dite lokalne gostilne in poskusite pristne lokalne specialitete. Kr\u0161ki pr\u0161ut je za\u0161\u010diten z geografsko ozna\u010dbo in danes ga lahko najdemo v \u0161tevilnih restavracijah na otoku. V Hi\u0161i Kr\u0161kega pr\u0161uta si lahko ogledate kako se ta dobrota pripravi, izveste ve\u010d o njihovi dolgoletni dru\u017einski tradiciji pridelave pr\u0161uta in ga tudi poskusite. Nato lahko v mlekarni Magri\u017e poskusite Kr\u0161ki avtenti\u010den sir z bogatimi okusi zeli\u0161\u010d, na katerih se pasejo ovce. Obi\u0161\u010dite njihovo majhno dru\u017einsko mlekarno...\t\t\t<\/div>\n\t\t\n\t\t<div class=\"mkdf-tours-standard-item-bottom-content\">\n\t\t\t\t\t\t\t<div class=\"mkdf-tours-standard-item-bottom-item\">\n\t\t\t\t\t\n\t\t\n\t\t\t<div class=\"mkdf-tour-duration-holder\">\n\t\t\t    <span class=\"mkdf-tour-duration-icon mkdf-tour-info-icon\">\n\t\t\t\t\t<span class=\"lnr lnr-undo\"><\/span>\n\t\t\t    <\/span>\n\t\t\t\t<span class=\"mkdf-tour-info-label\">\n\t\t\t\t\t1\t\t\t\t<\/span>\n\t\t\t<\/div>\n\n\t\t\n\t\t\t\t\t\t<\/div>\n\t\t\t\n\t\t\t\t\t\t\t<div class=\"mkdf-tours-standard-item-bottom-item\">\n\t\t\t\t\t\n\t\t\n\t\t\t<div class=\"mkdf-tour-min-age-holder\">\n\t\t\t    <span class=\"mkdf-tour-min-age-icon mkdf-tour-info-icon\">\n\t\t\t\t    <span class=\"lnr lnr-user\"><\/span>\n\t\t\t    <\/span>\n\n\t\t\t\t<span class=\"mkdf-tour-info-label\">\n\t\t\t\t\t1+\n\t\t\t\t\t\t\t\t\t<\/span>\n\t\t\t<\/div>\n\n\t\t\n\t\t\t\t\t\t<\/div>\n\t\t\t\t\t<\/div>\n\t<\/div>\n<\/div>\t<\/div>\n\t\n\t<div class=\"mkdf-tour-list-item-inner post-10883 tour-item type-tour-item status-publish has-post-thumbnail hentry tour-category-kulinaricni-ogledi tour-category-vikend-oddih\">\n\t\t<div class=\"mkdf-tours-standard-item post-10883 tour-item type-tour-item status-publish has-post-thumbnail hentry tour-category-kulinaricni-ogledi tour-category-vikend-oddih\">\n\t\t\t<div class=\"mkdf-tours-standard-item-image-holder\">\n\t\t\t<a href=\"https:\/\/experiencekrk.com\/sl\/tour-item\/degustacija-oljcnega-olja\/\">\n\t\t\t\t<img width=\"600\" height=\"400\" src=\"https:\/\/experiencekrk.com\/wp-content\/uploads\/2019\/04\/Experience-Krk-Olive-oil-tasting-.jpg\" class=\"attachment-voyage_landscape size-voyage_landscape wp-post-image\" alt=\"\" loading=\"lazy\" srcset=\"https:\/\/experiencekrk.com\/wp-content\/uploads\/2019\/04\/Experience-Krk-Olive-oil-tasting-.jpg 600w, https:\/\/experiencekrk.com\/wp-content\/uploads\/2019\/04\/Experience-Krk-Olive-oil-tasting--300x200.jpg 300w\" sizes=\"(max-width: 600px) 100vw, 600px\" \/>\n\t\t\t\t\t\t\t\t\t<span class=\"mkdf-tours-standard-item-label-holder\">\n\t\t\t\t\t\t\n\t\t<span class=\"mkdf-tour-item-label\">\n\t\t\t<span class=\"mkdf-tour-item-label-inner\">\n\t\t\t\t\t\t\t<\/span>\n\t\t<\/span>\n\n\t\t\t\t\t\t\t<\/span>\n\t\t\t\t\t\t\t<\/a>\n\t\t<\/div>\n\t\n\t<div class=\"mkdf-tours-standard-item-content-holder\">\n\t\t<div class=\"mkdf-tours-standard-item-title-price-holder\">\n\t\t\t<h5 class=\"mkdf-tour-title\" >\n\t\t\t\t<a href=\"https:\/\/experiencekrk.com\/sl\/tour-item\/degustacija-oljcnega-olja\/\">Degustacija olj\u010dnega olja<\/a>\n\n\t\t\t\t<span class=\"mkdf-tours-standard-item-price-holder\">\n\t\t\t\t\t\n\t\t<span class=\"mkdf-tours-price-holder\">\n\t\t\t\t\t\t\t<span class=\"mkdf-tours-item-price\">$1<\/span>\n\t\t\t\t\t\t\t\t<\/span>\n\n\t\t\t\t\t\t<\/span>\n\n\t\t\t<\/h5>\n\t\t<\/div>\n\n\t\t<div class=\"mkdf-tours-standard-item-rating\">\n\t\t\t\n\t\t\n\t\t\t\t<\/div>\n\n\t\t\t\t\t<div class=\"mkdf-tours-standard-item-excerpt\">\n\t\t\t\t[vc_row][vc_column][vc_column_text] Otok Krk je znan po proizvodnji olj\u010dnega olja. Razi\u0161\u010dite tematske poti Ob zlatih kapljicah zaklada Krka. Pou\u010dite se o postopku izdelave te dobrote in obi\u0161\u010dite hi\u0161o olj\u010dnega olja Nono, kjer ponujajo degustacijo olj\u010dnega olja in kjer imate mo\u017enost poskusiti razli\u010dne okuse. Po zaklju\u010deni degustaciji te izdelke lahko kupite v njihovi trgovini. Vsako leto od oktobra do 12. decembra je na otoku tradicionalno obiranje oljk. Vsaka oljka je ro\u010dno obrana in med trgatvijo je na otoku ve\u010d kot 1000 nabiralcev oljk. \u010ce u\u017eivate na sve\u017eem zraku \u010dudovite pokrajine, ob delu...\t\t\t<\/div>\n\t\t\n\t\t<div class=\"mkdf-tours-standard-item-bottom-content\">\n\t\t\t\t\t\t\t<div class=\"mkdf-tours-standard-item-bottom-item\">\n\t\t\t\t\t\n\t\t\n\t\t\t<div class=\"mkdf-tour-duration-holder\">\n\t\t\t    <span class=\"mkdf-tour-duration-icon mkdf-tour-info-icon\">\n\t\t\t\t\t<span class=\"lnr lnr-undo\"><\/span>\n\t\t\t    <\/span>\n\t\t\t\t<span class=\"mkdf-tour-info-label\">\n\t\t\t\t\t1\t\t\t\t<\/span>\n\t\t\t<\/div>\n\n\t\t\n\t\t\t\t\t\t<\/div>\n\t\t\t\n\t\t\t\t\t\t\t<div class=\"mkdf-tours-standard-item-bottom-item\">\n\t\t\t\t\t\n\t\t\n\t\t\t<div class=\"mkdf-tour-min-age-holder\">\n\t\t\t    <span class=\"mkdf-tour-min-age-icon mkdf-tour-info-icon\">\n\t\t\t\t    <span class=\"lnr lnr-user\"><\/span>\n\t\t\t    <\/span>\n\n\t\t\t\t<span class=\"mkdf-tour-info-label\">\n\t\t\t\t\t1+\n\t\t\t\t\t\t\t\t\t<\/span>\n\t\t\t<\/div>\n\n\t\t\n\t\t\t\t\t\t<\/div>\n\t\t\t\t\t<\/div>\n\t<\/div>\n<\/div>\t<\/div>\n\n\t\t\t<div class=\"mkdf-tours-list-grid-sizer\"><\/div>\n\t\t<\/div>\n\n\t\t\n\n\t\t<\/div>[\/vc_column][\/vc_row]<\/p>\n","protected":false},"excerpt":{"rendered":"<p>[vc_row][vc_column][vc_column_text]Otok Krk je znan po svojih kulinari\u010dnih dobrotah &#8211; pr\u0161utu in siru, sve\u017eih ribah in \u0161kampih, doma\u010dih testeninah \u0161urlicah in okusni lokalni jagnjetini. Kulinarika na tem obmo\u010dju temelji na sve\u017ei zelenjavi in sadju, ki je na voljo na lokalnem trgu. Sve\u017ee vrtnine lahko kupite neposredno od malih lokalnih kmetov. V pristnih kamnitih in lesenih gostilnah lahko u\u017eivate tudi v lokalnih specialitetah, postre\u017eenih z lokalno pridelanim vinom \u017dlahtina. Otok je priljubljen tudi zaradi proizvodnje nekaterih najbolj\u0161ih olj\u010dnih olj v regiji. V lokalnih pekarnah lahko poskusite ocvrte dobrote Fritule, kro\u0161tule in eno&#8230;<\/p>\n","protected":false},"author":1,"featured_media":0,"parent":0,"menu_order":0,"comment_status":"closed","ping_status":"closed","template":"","meta":[],"yoast_head":"<!-- This site is optimized with the Yoast SEO plugin v16.0.1 - https:\/\/yoast.com\/wordpress\/plugins\/seo\/ -->\n<title>Hrana &amp; Vino - Experience Krk<\/title>\n<link rel=\"canonical\" href=\"https:\/\/experiencekrk.com\/sl\/hrana-vino\/\" \/>\n<meta property=\"og:locale\" content=\"sl_SI\" \/>\n<meta property=\"og:type\" content=\"article\" \/>\n<meta property=\"og:title\" content=\"Hrana &amp; Vino - Experience Krk\" \/>\n<meta property=\"og:description\" content=\"[vc_row][vc_column][vc_column_text]Otok Krk je znan po svojih kulinari\u010dnih dobrotah &#8211; pr\u0161utu in siru, sve\u017eih ribah in \u0161kampih, doma\u010dih testeninah \u0161urlicah in okusni lokalni jagnjetini. Kulinarika na tem obmo\u010dju temelji na sve\u017ei zelenjavi in sadju, ki je na voljo na lokalnem trgu. Sve\u017ee vrtnine lahko kupite neposredno od malih lokalnih kmetov. V pristnih kamnitih in lesenih gostilnah lahko u\u017eivate tudi v lokalnih specialitetah, postre\u017eenih z lokalno pridelanim vinom \u017dlahtina. Otok je priljubljen tudi zaradi proizvodnje nekaterih najbolj\u0161ih olj\u010dnih olj v regiji. V lokalnih pekarnah lahko poskusite ocvrte dobrote Fritule, kro\u0161tule in eno...\" \/>\n<meta property=\"og:url\" content=\"https:\/\/experiencekrk.com\/sl\/hrana-vino\/\" \/>\n<meta property=\"og:site_name\" content=\"Experience Krk\" \/>\n<meta property=\"article:modified_time\" content=\"2024-03-13T09:42:28+00:00\" \/>\n<meta name=\"twitter:card\" content=\"summary_large_image\" \/>\n<meta name=\"twitter:label1\" content=\"Est. reading time\">\n\t<meta name=\"twitter:data1\" content=\"2 minuti\">\n<script type=\"application\/ld+json\" class=\"yoast-schema-graph\">{\"@context\":\"https:\/\/schema.org\",\"@graph\":[{\"@type\":\"WebSite\",\"@id\":\"https:\/\/experiencekrk.com\/#website\",\"url\":\"https:\/\/experiencekrk.com\/\",\"name\":\"Experience Krk\",\"description\":\"Cultural Tours, Food &amp; Wine and more\",\"potentialAction\":[{\"@type\":\"SearchAction\",\"target\":\"https:\/\/experiencekrk.com\/?s={search_term_string}\",\"query-input\":\"required name=search_term_string\"}],\"inLanguage\":\"sl-SI\"},{\"@type\":\"WebPage\",\"@id\":\"https:\/\/experiencekrk.com\/sl\/hrana-vino\/#webpage\",\"url\":\"https:\/\/experiencekrk.com\/sl\/hrana-vino\/\",\"name\":\"Hrana & Vino - Experience Krk\",\"isPartOf\":{\"@id\":\"https:\/\/experiencekrk.com\/#website\"},\"datePublished\":\"2019-04-15T09:39:28+00:00\",\"dateModified\":\"2024-03-13T09:42:28+00:00\",\"breadcrumb\":{\"@id\":\"https:\/\/experiencekrk.com\/sl\/hrana-vino\/#breadcrumb\"},\"inLanguage\":\"sl-SI\",\"potentialAction\":[{\"@type\":\"ReadAction\",\"target\":[\"https:\/\/experiencekrk.com\/sl\/hrana-vino\/\"]}]},{\"@type\":\"BreadcrumbList\",\"@id\":\"https:\/\/experiencekrk.com\/sl\/hrana-vino\/#breadcrumb\",\"itemListElement\":[{\"@type\":\"ListItem\",\"position\":1,\"item\":{\"@type\":\"WebPage\",\"@id\":\"https:\/\/experiencekrk.com\/sl\/\",\"url\":\"https:\/\/experiencekrk.com\/sl\/\",\"name\":\"Home\"}},{\"@type\":\"ListItem\",\"position\":2,\"item\":{\"@type\":\"WebPage\",\"@id\":\"https:\/\/experiencekrk.com\/sl\/hrana-vino\/\",\"url\":\"https:\/\/experiencekrk.com\/sl\/hrana-vino\/\",\"name\":\"Hrana &#038; Vino\"}}]}]}<\/script>\n<!-- \/ Yoast SEO plugin. -->","_links":{"self":[{"href":"https:\/\/experiencekrk.com\/sl\/wp-json\/wp\/v2\/pages\/10751"}],"collection":[{"href":"https:\/\/experiencekrk.com\/sl\/wp-json\/wp\/v2\/pages"}],"about":[{"href":"https:\/\/experiencekrk.com\/sl\/wp-json\/wp\/v2\/types\/page"}],"author":[{"embeddable":true,"href":"https:\/\/experiencekrk.com\/sl\/wp-json\/wp\/v2\/users\/1"}],"replies":[{"embeddable":true,"href":"https:\/\/experiencekrk.com\/sl\/wp-json\/wp\/v2\/comments?post=10751"}],"version-history":[{"count":6,"href":"https:\/\/experiencekrk.com\/sl\/wp-json\/wp\/v2\/pages\/10751\/revisions"}],"predecessor-version":[{"id":33365,"href":"https:\/\/experiencekrk.com\/sl\/wp-json\/wp\/v2\/pages\/10751\/revisions\/33365"}],"wp:attachment":[{"href":"https:\/\/experiencekrk.com\/sl\/wp-json\/wp\/v2\/media?parent=10751"}],"curies":[{"name":"wp","href":"https:\/\/api.w.org\/{rel}","templated":true}]}}