{"id":10722,"date":"2019-04-15T17:38:15","date_gmt":"2019-04-15T17:38:15","guid":{"rendered":"https:\/\/experiencekrk.com\/glagolitic-trail\/"},"modified":"2020-03-28T18:27:16","modified_gmt":"2020-03-28T18:27:16","slug":"steza-glagolice","status":"publish","type":"page","link":"https:\/\/experiencekrk.com\/sl\/zgodovina-kultura\/steza-glagolice\/","title":{"rendered":"Steza glagolice"},"content":{"rendered":"<p>[vc_row][vc_column]<div class=\"mkdf-section-title-holder\">\n\t<h1 class=\"mkdf-section-title mkdf-section-title-medium\" >\n\tSteza Ba\u0161ke glagolice<\/h1>\n<\/div>[vc_row_inner][vc_column_inner width=&#8221;1\/2&#8243;][vc_column_text]<\/p>\n<h3><b>Ba\u0161ka tablica<\/b><\/h3>\n<p>Ba\u0161ka tablica je eden najdragocenej\u0161ih hrva\u0161kih spomenikov. Je najstarej\u0161i zgodovinski zapis (iz leta 1105), napisan v hrva\u0161kem jeziku, vklesan v kamen v hrva\u0161ki glagolici. Ta starodavni spomenik je tudi prvi dokument hrva\u0161ke dr\u017eavnosti.<\/p>\n<p>Ta edinstven zgodovinski dokument je spodbudil ustvarjanje steze glagolice. \u0160lo je za zgodovinsko delo darovanja, v katerem je hrva\u0161ki kralj Zvonimir daroval de\u017eelo Jurandvor v red svetega Benedikta opatije sv. Lucije.<\/p>\n<p>[\/vc_column_text][\/vc_column_inner][vc_column_inner width=&#8221;1\/2&#8243;]<div class=\"mkdf-image-gallery\">\n\t<div class=\"mkdf-image-gallery-slider \" data-autoplay=\"5\" data-animation=\"slide\" data-navigation=\"yes\" data-pagination=\"yes\">\n\t\t\t\t\t\t\t\t\t<img width=\"1200\" height=\"800\" src=\"https:\/\/experiencekrk.com\/wp-content\/uploads\/2019\/08\/Experience-Krk-Baska-tablet-1.jpg\" class=\"attachment-full size-full\" alt=\"\" loading=\"lazy\" srcset=\"https:\/\/experiencekrk.com\/wp-content\/uploads\/2019\/08\/Experience-Krk-Baska-tablet-1.jpg 1200w, https:\/\/experiencekrk.com\/wp-content\/uploads\/2019\/08\/Experience-Krk-Baska-tablet-1-300x200.jpg 300w, https:\/\/experiencekrk.com\/wp-content\/uploads\/2019\/08\/Experience-Krk-Baska-tablet-1-768x512.jpg 768w, https:\/\/experiencekrk.com\/wp-content\/uploads\/2019\/08\/Experience-Krk-Baska-tablet-1-1024x683.jpg 1024w\" sizes=\"(max-width: 1200px) 100vw, 1200px\" \/>\t\t\t\t\t\t\t\t\t\t\t\t\t<img width=\"1200\" height=\"800\" src=\"https:\/\/experiencekrk.com\/wp-content\/uploads\/2019\/08\/Experience-Krk-Baska-tablet.jpg\" class=\"attachment-full size-full\" alt=\"\" loading=\"lazy\" srcset=\"https:\/\/experiencekrk.com\/wp-content\/uploads\/2019\/08\/Experience-Krk-Baska-tablet.jpg 1200w, https:\/\/experiencekrk.com\/wp-content\/uploads\/2019\/08\/Experience-Krk-Baska-tablet-300x200.jpg 300w, https:\/\/experiencekrk.com\/wp-content\/uploads\/2019\/08\/Experience-Krk-Baska-tablet-768x512.jpg 768w, https:\/\/experiencekrk.com\/wp-content\/uploads\/2019\/08\/Experience-Krk-Baska-tablet-1024x683.jpg 1024w\" sizes=\"(max-width: 1200px) 100vw, 1200px\" \/>\t\t\t\t\t\t\t<\/div>\n<\/div>[\/vc_column_inner][\/vc_row_inner][vc_empty_space height=&#8221;17px&#8221;][vc_column_text][\/vc_column_text][vc_row_inner][vc_column_inner width=&#8221;1\/2&#8243; offset=&#8221;vc_hidden-sm vc_hidden-xs&#8221;]<div class=\"mkdf-image-gallery\">\n\t<div class=\"mkdf-image-gallery-slider \" data-autoplay=\"5\" data-animation=\"slide\" data-navigation=\"yes\" data-pagination=\"yes\">\n\t\t\t\t\t\t\t\t\t<img width=\"1200\" height=\"800\" src=\"https:\/\/experiencekrk.com\/wp-content\/uploads\/2019\/08\/Experience-Krk-Glagolitic-trail.jpg\" class=\"attachment-full size-full\" alt=\"\" loading=\"lazy\" srcset=\"https:\/\/experiencekrk.com\/wp-content\/uploads\/2019\/08\/Experience-Krk-Glagolitic-trail.jpg 1200w, https:\/\/experiencekrk.com\/wp-content\/uploads\/2019\/08\/Experience-Krk-Glagolitic-trail-300x200.jpg 300w, https:\/\/experiencekrk.com\/wp-content\/uploads\/2019\/08\/Experience-Krk-Glagolitic-trail-768x512.jpg 768w, https:\/\/experiencekrk.com\/wp-content\/uploads\/2019\/08\/Experience-Krk-Glagolitic-trail-1024x683.jpg 1024w\" sizes=\"(max-width: 1200px) 100vw, 1200px\" \/>\t\t\t\t\t\t\t\t\t\t\t\t\t<img width=\"1200\" height=\"800\" src=\"https:\/\/experiencekrk.com\/wp-content\/uploads\/2019\/08\/Experience-Krk-Glagolitic-trail-2.jpg\" class=\"attachment-full size-full\" alt=\"\" loading=\"lazy\" srcset=\"https:\/\/experiencekrk.com\/wp-content\/uploads\/2019\/08\/Experience-Krk-Glagolitic-trail-2.jpg 1200w, https:\/\/experiencekrk.com\/wp-content\/uploads\/2019\/08\/Experience-Krk-Glagolitic-trail-2-300x200.jpg 300w, https:\/\/experiencekrk.com\/wp-content\/uploads\/2019\/08\/Experience-Krk-Glagolitic-trail-2-768x512.jpg 768w, https:\/\/experiencekrk.com\/wp-content\/uploads\/2019\/08\/Experience-Krk-Glagolitic-trail-2-1024x683.jpg 1024w\" sizes=\"(max-width: 1200px) 100vw, 1200px\" \/>\t\t\t\t\t\t\t\t\t\t\t\t\t<img width=\"1200\" height=\"800\" src=\"https:\/\/experiencekrk.com\/wp-content\/uploads\/2019\/08\/Experience-Krk-Glagolitic-trail-3.jpg\" class=\"attachment-full size-full\" alt=\"the historical tours of Krk and its rich historical heritage from the ancient Europe times\" loading=\"lazy\" srcset=\"https:\/\/experiencekrk.com\/wp-content\/uploads\/2019\/08\/Experience-Krk-Glagolitic-trail-3.jpg 1200w, https:\/\/experiencekrk.com\/wp-content\/uploads\/2019\/08\/Experience-Krk-Glagolitic-trail-3-300x200.jpg 300w, https:\/\/experiencekrk.com\/wp-content\/uploads\/2019\/08\/Experience-Krk-Glagolitic-trail-3-768x512.jpg 768w, https:\/\/experiencekrk.com\/wp-content\/uploads\/2019\/08\/Experience-Krk-Glagolitic-trail-3-1024x683.jpg 1024w\" sizes=\"(max-width: 1200px) 100vw, 1200px\" \/>\t\t\t\t\t\t\t<\/div>\n<\/div>[\/vc_column_inner][vc_column_inner width=&#8221;1\/2&#8243; offset=&#8221;vc_hidden-sm vc_hidden-xs&#8221;][vc_column_text]<\/p>\n<h3><b>O stezi Ba\u0161ke glagolice<\/b><\/h3>\n<p>Steza Ba\u0161ke glagolice (Ba\u0161\u0107anska staza glagoljice \u2013 BSG) je hrva\u0161ka zgodovinska pot na prostem, ustvarjena z namenom postavitve spomenika v dolini Ba\u0161ke, ki bo nove generacije spominjal na pomen glagolske in Ba\u0161ke tablice v hrva\u0161ki zgodovini in kulturi. Pot ima pomembno vlogo pri ohranjanju in predstavitvi tradicionalne dedi\u0161\u010dine otoka Krk.<\/p>\n<p>Bro\u0161uro z ve\u010d informacijami lahko <a href=\"https:\/\/experiencekrk.com\/brochure-glagolitic-trail.pdf\">prenesete tukaj<\/a>.[\/vc_column_text][\/vc_column_inner][\/vc_row_inner][vc_empty_space height=&#8221;17px&#8221;][vc_row_inner][vc_column_inner width=&#8221;1\/2&#8243; offset=&#8221;vc_hidden-sm vc_hidden-xs&#8221;][vc_column_text]Steza zajema 34 kamnitih skulptur z vrezanimi glagolskimi \u010drkami, razporejenimi in name\u0161\u010denimi na nekaterih pomembnih krajih, od prelaza Treskavac ob glavni cesti, do Drage Ba\u0161\u0107anske, Jurandvor, ob Sv. Ivanu na hribu pa do zadnje skulpture, ki se nahaja na rtu Kricin pred zalivom Bunculuka. Voden ogled steze je na voljo za skupine v hrva\u0161\u010dini, sloven\u0161\u010dini in angle\u0161\u010dini in traja pribli\u017eno 2 uri.<\/p>\n<p>Za ve\u010d informacij o poti se obrnite na zdru\u017eenje Sinjali:<\/p>\n<p>Mobilni telefon: +385 91 185 6533, +385 91 750 2976<br \/>\nE-po\u0161ta: <a href=\"mailto:info@sinjali.hr\">info@sinjali.hr<\/a>[\/vc_column_text][\/vc_column_inner][vc_column_inner width=&#8221;1\/2&#8243; offset=&#8221;vc_hidden-sm vc_hidden-xs&#8221;]<div class=\"mkdf-image-gallery\">\n\t<div class=\"mkdf-image-gallery-slider \" data-autoplay=\"5\" data-animation=\"slide\" data-navigation=\"yes\" data-pagination=\"yes\">\n\t\t\t\t\t\t\t\t\t<img width=\"1200\" height=\"800\" src=\"https:\/\/experiencekrk.com\/wp-content\/uploads\/2019\/08\/Experience-Krk-Baska-tablet-1.jpg\" class=\"attachment-full size-full\" alt=\"\" loading=\"lazy\" srcset=\"https:\/\/experiencekrk.com\/wp-content\/uploads\/2019\/08\/Experience-Krk-Baska-tablet-1.jpg 1200w, https:\/\/experiencekrk.com\/wp-content\/uploads\/2019\/08\/Experience-Krk-Baska-tablet-1-300x200.jpg 300w, https:\/\/experiencekrk.com\/wp-content\/uploads\/2019\/08\/Experience-Krk-Baska-tablet-1-768x512.jpg 768w, https:\/\/experiencekrk.com\/wp-content\/uploads\/2019\/08\/Experience-Krk-Baska-tablet-1-1024x683.jpg 1024w\" sizes=\"(max-width: 1200px) 100vw, 1200px\" \/>\t\t\t\t\t\t\t\t\t\t\t\t\t<img width=\"1200\" height=\"800\" src=\"https:\/\/experiencekrk.com\/wp-content\/uploads\/2019\/08\/Experience-Krk-Baska-tablet.jpg\" class=\"attachment-full size-full\" alt=\"\" loading=\"lazy\" srcset=\"https:\/\/experiencekrk.com\/wp-content\/uploads\/2019\/08\/Experience-Krk-Baska-tablet.jpg 1200w, https:\/\/experiencekrk.com\/wp-content\/uploads\/2019\/08\/Experience-Krk-Baska-tablet-300x200.jpg 300w, https:\/\/experiencekrk.com\/wp-content\/uploads\/2019\/08\/Experience-Krk-Baska-tablet-768x512.jpg 768w, https:\/\/experiencekrk.com\/wp-content\/uploads\/2019\/08\/Experience-Krk-Baska-tablet-1024x683.jpg 1024w\" sizes=\"(max-width: 1200px) 100vw, 1200px\" \/>\t\t\t\t\t\t\t<\/div>\n<\/div>[\/vc_column_inner][\/vc_row_inner][vc_empty_space height=&#8221;17px&#8221;][vc_row_inner][vc_column_inner width=&#8221;1\/2&#8243; offset=&#8221;vc_hidden-sm vc_hidden-xs&#8221;]<div class=\"mkdf-image-gallery\">\n\t<div class=\"mkdf-image-gallery-slider \" data-autoplay=\"5\" data-animation=\"slide\" data-navigation=\"yes\" data-pagination=\"yes\">\n\t\t\t\t\t\t\t\t\t<img src=\"https:\/\/experiencekrk.com\/wp-content\/uploads\/2019\/08\/TZKrk-Krk-Sails-10-1200x900.jpg\" alt=\"\" width=\"1200\" height=\"900\" \/>\t\t\t\t\t\t\t\t\t\t\t\t\t<img src=\"https:\/\/experiencekrk.com\/wp-content\/uploads\/2019\/08\/Senki\u00d1-doo-Privjesci-sa-slovima-glagoljice-01-1200x900.jpg\" alt=\"\" width=\"1200\" height=\"900\" \/>\t\t\t\t\t\t\t\t\t\t\t\t\t<img src=\"https:\/\/experiencekrk.com\/wp-content\/uploads\/2019\/08\/Sr-an-Hulak-Triptih-fotografija-Otok-Krk-Kattel-300dpi-1200x900.jpg\" alt=\"\" width=\"1200\" height=\"900\" \/>\t\t\t\t\t\t\t\t\t\t\t\t\t<img src=\"https:\/\/experiencekrk.com\/wp-content\/uploads\/2019\/08\/Atelier-Ecostyle-jdoo-1200x900.jpg\" alt=\"\" width=\"1200\" height=\"900\" \/>\t\t\t\t\t\t\t\t\t\t\t\t\t<img src=\"https:\/\/experiencekrk.com\/wp-content\/uploads\/2019\/08\/Dana-Kru-\u00a6i\u00d1-1200x900.jpg\" alt=\"\" width=\"1200\" height=\"900\" \/>\t\t\t\t\t\t\t\t\t\t\t\t\t<img src=\"https:\/\/experiencekrk.com\/wp-content\/uploads\/2019\/08\/Darko-Dinter-2-1200x900.jpg\" alt=\"\" width=\"1200\" height=\"900\" \/>\t\t\t\t\t\t\t\t\t\t\t\t\t<img src=\"https:\/\/experiencekrk.com\/wp-content\/uploads\/2019\/08\/Darko-Dinter-3-1200x900.jpg\" alt=\"\" width=\"1200\" height=\"900\" \/>\t\t\t\t\t\t\t\t\t\t\t\t\t<img src=\"https:\/\/experiencekrk.com\/wp-content\/uploads\/2019\/08\/Darko-Dinter-4-1200x900.jpg\" alt=\"\" width=\"1200\" height=\"900\" \/>\t\t\t\t\t\t\t\t\t\t\t\t\t<img src=\"https:\/\/experiencekrk.com\/wp-content\/uploads\/2019\/08\/Darko-Dinter-1200x900.jpg\" alt=\"\" width=\"1200\" height=\"900\" \/>\t\t\t\t\t\t\t\t\t\t\t\t\t<img src=\"https:\/\/experiencekrk.com\/wp-content\/uploads\/2019\/08\/Helena-doo-Galerija-Stani\u00d1-Slovo-glagoljice-1200x900.jpg\" alt=\"\" width=\"1200\" height=\"900\" \/>\t\t\t\t\t\t\t\t\t\t\t\t\t<img src=\"https:\/\/experiencekrk.com\/wp-content\/uploads\/2019\/08\/Katica-Stani\u00d1-Medaljon-s-glagoljicom-1200x900.jpg\" alt=\"\" width=\"1200\" height=\"900\" \/>\t\t\t\t\t\t\t\t\t\t\t\t\t<img src=\"https:\/\/experiencekrk.com\/wp-content\/uploads\/2019\/08\/Marina-Prijatelj-Bat\u00d1anska-plo\u00a6\u00c6a-\u00a6\u00c6okolada-2-1200x900.jpg\" alt=\"\" width=\"1200\" height=\"900\" \/>\t\t\t\t\t\t\t\t\t\t\t\t\t<img src=\"https:\/\/experiencekrk.com\/wp-content\/uploads\/2019\/08\/Mihaela-Omerovi\u00d1-1200x900.jpg\" alt=\"\" width=\"1200\" height=\"900\" \/>\t\t\t\t\t\t\t<\/div>\n<\/div>[\/vc_column_inner][vc_column_inner width=&#8221;1\/2&#8243; offset=&#8221;vc_hidden-sm vc_hidden-xs&#8221;][vc_column_text]<b>Spominki z motivi glagolice &#8211; poklon Krka<\/b><\/p>\n<p>Darilo Krka je pe\u010dat spominka, ki predstavlja mesto, njegovo umetni\u0161ko, kulturno ali kulturno-zgodovinsko dedi\u0161\u010dino, hkrati pa predstavlja njegovo materialno, nematerialno in naravno dedi\u0161\u010dino.<\/p>\n<p>Spominki kot edinstveni spomini Krka so izbrani s tekmovanjem z visoko postavljenimi merili, ki vklju\u010dujejo izvirnost, pristnost, celovitost in estetiko ter uporabo ekolo\u0161kih materialov, ki so zna\u010dilni tudi za regijo Krka.<\/p>\n<p>Izbrani spominki, ki so na voljo v turisti\u010dnem informacijskem centru Krk, nudijo vse fizi\u010dne spomine na destinacijo &#8211; celotno paleto umetni\u0161kih del, razli\u010dne dekorativne predmete in obla\u010dila, lokalne kulinari\u010dne izdelke in \u0161e veliko ve\u010d.[\/vc_column_text][\/vc_column_inner][\/vc_row_inner][vc_row_inner][vc_column_inner width=&#8221;1\/2&#8243; offset=&#8221;vc_hidden-lg vc_hidden-md&#8221;][vc_column_text]This unique historical document inspired the creation of the Glagolitic trail. This was a historical deed of donation in which the Croatian king Zvonimir, donated the land of Jurandvor to the Order of Saint Benedict from St. Lucy\u2019s Abbey. This unique historical document inspired the creation of the Glagolitic trail.<\/p>\n<p>For more information about Glagolitic trail please contact Sinjali Association.<\/p>\n<p>Mobile: <a href=\"tel:+385911856533\">+385 91 185 6533<\/a><br \/>\nMobile: <a href=\"tel:+385917502976\">+385 91 750 2976<\/a><br \/>\nE-mail: <a href=\"mailto:info@sinjali.hr\">info@sinjali.hr<\/a>[\/vc_column_text][\/vc_column_inner][vc_column_inner width=&#8221;1\/2&#8243; offset=&#8221;vc_hidden-lg vc_hidden-md&#8221;][vc_single_image image=&#8221;3346&#8243; img_size=&#8221;full&#8221;][\/vc_column_inner][\/vc_row_inner][\/vc_column][\/vc_row][vc_row disable_element=&#8221;yes&#8221;][vc_column][vc_empty_space]<div class=\"mkdf-separator-holder clearfix  mkdf-separator-center mkdf-separator-full-width\">\n\t<div class=\"mkdf-separator\" style=\"border-color: #ebebeb;border-style: solid;border-bottom-width: 1px;margin-top: 20px;margin-bottom: 45px\"><\/div>\n<\/div>\n[vc_row_inner disable_element=&#8221;yes&#8221;][vc_column_inner]<div class=\"mkdf-section-title-holder\">\n\t<h1 class=\"mkdf-section-title mkdf-section-title-small\" >\n\tGlagolitic alphabet locations<\/h1>\n<\/div>[vc_raw_html]JTNDaWZyYW1lJTIwc3JjJTNEJTIyaHR0cHMlM0ElMkYlMkZ3d3cuZ29vZ2xlLmNvbSUyRm1hcHMlMkZkJTJGdSUyRjAlMkZlbWJlZCUzRm1pZCUzRDEwamt4SXRlLTUtQ1dxbUhZbUxlMjd3WS1QVy1MbkE2SyUyMiUyMHdpZHRoJTNEJTIyOTgwJTIyJTIwaGVpZ2h0JTNEJTIyMzgwJTIyJTNFJTNDJTJGaWZyYW1lJTNF[\/vc_raw_html][\/vc_column_inner][\/vc_row_inner][\/vc_column][\/vc_row]<\/p>\n","protected":false},"excerpt":{"rendered":"<p>[vc_row][vc_column][vc_row_inner][vc_column_inner width=&#8221;1\/2&#8243;][vc_column_text] Ba\u0161ka tablica Ba\u0161ka tablica je eden najdragocenej\u0161ih hrva\u0161kih spomenikov. Je najstarej\u0161i zgodovinski zapis (iz leta 1105), napisan v hrva\u0161kem jeziku, vklesan v kamen v hrva\u0161ki glagolici. Ta starodavni spomenik je tudi prvi dokument hrva\u0161ke dr\u017eavnosti. Ta edinstven zgodovinski dokument je spodbudil ustvarjanje steze glagolice. \u0160lo je za zgodovinsko delo darovanja, v katerem je hrva\u0161ki kralj Zvonimir daroval de\u017eelo Jurandvor v red svetega Benedikta opatije sv. Lucije. [\/vc_column_text][\/vc_column_inner][vc_column_inner width=&#8221;1\/2&#8243;][\/vc_column_inner][\/vc_row_inner][vc_empty_space height=&#8221;17px&#8221;][vc_column_text][\/vc_column_text][vc_row_inner][vc_column_inner width=&#8221;1\/2&#8243; offset=&#8221;vc_hidden-sm vc_hidden-xs&#8221;][\/vc_column_inner][vc_column_inner width=&#8221;1\/2&#8243; offset=&#8221;vc_hidden-sm vc_hidden-xs&#8221;][vc_column_text] O stezi Ba\u0161ke glagolice Steza Ba\u0161ke glagolice (Ba\u0161\u0107anska staza glagoljice \u2013 BSG) je&#8230;<\/p>\n","protected":false},"author":1,"featured_media":0,"parent":10758,"menu_order":0,"comment_status":"closed","ping_status":"closed","template":"","meta":[],"yoast_head":"<!-- This site is optimized with the Yoast SEO plugin v16.0.1 - https:\/\/yoast.com\/wordpress\/plugins\/seo\/ -->\n<title>Steza glagolice - Experience Krk<\/title>\n<link rel=\"canonical\" href=\"https:\/\/experiencekrk.com\/sl\/zgodovina-kultura\/steza-glagolice\/\" \/>\n<meta property=\"og:locale\" content=\"sl_SI\" \/>\n<meta property=\"og:type\" content=\"article\" \/>\n<meta property=\"og:title\" content=\"Steza glagolice - Experience Krk\" \/>\n<meta property=\"og:description\" content=\"[vc_row][vc_column][vc_row_inner][vc_column_inner width=&#8221;1\/2&#8243;][vc_column_text] Ba\u0161ka tablica Ba\u0161ka tablica je eden najdragocenej\u0161ih hrva\u0161kih spomenikov. Je najstarej\u0161i zgodovinski zapis (iz leta 1105), napisan v hrva\u0161kem jeziku, vklesan v kamen v hrva\u0161ki glagolici. Ta starodavni spomenik je tudi prvi dokument hrva\u0161ke dr\u017eavnosti. Ta edinstven zgodovinski dokument je spodbudil ustvarjanje steze glagolice. \u0160lo je za zgodovinsko delo darovanja, v katerem je hrva\u0161ki kralj Zvonimir daroval de\u017eelo Jurandvor v red svetega Benedikta opatije sv. Lucije. [\/vc_column_text][\/vc_column_inner][vc_column_inner width=&#8221;1\/2&#8243;][\/vc_column_inner][\/vc_row_inner][vc_empty_space height=&#8221;17px&#8221;][vc_column_text][\/vc_column_text][vc_row_inner][vc_column_inner width=&#8221;1\/2&#8243; offset=&#8221;vc_hidden-sm vc_hidden-xs&#8221;][\/vc_column_inner][vc_column_inner width=&#8221;1\/2&#8243; offset=&#8221;vc_hidden-sm vc_hidden-xs&#8221;][vc_column_text] O stezi Ba\u0161ke glagolice Steza Ba\u0161ke glagolice (Ba\u0161\u0107anska staza glagoljice \u2013 BSG) je...\" \/>\n<meta property=\"og:url\" content=\"https:\/\/experiencekrk.com\/sl\/zgodovina-kultura\/steza-glagolice\/\" \/>\n<meta property=\"og:site_name\" content=\"Experience Krk\" \/>\n<meta property=\"article:modified_time\" content=\"2020-03-28T18:27:16+00:00\" \/>\n<meta name=\"twitter:card\" content=\"summary_large_image\" \/>\n<meta name=\"twitter:label1\" content=\"Est. reading time\">\n\t<meta name=\"twitter:data1\" content=\"4 minute\">\n<script type=\"application\/ld+json\" class=\"yoast-schema-graph\">{\"@context\":\"https:\/\/schema.org\",\"@graph\":[{\"@type\":\"WebSite\",\"@id\":\"https:\/\/experiencekrk.com\/#website\",\"url\":\"https:\/\/experiencekrk.com\/\",\"name\":\"Experience Krk\",\"description\":\"Cultural Tours, Food &amp; Wine and more\",\"potentialAction\":[{\"@type\":\"SearchAction\",\"target\":\"https:\/\/experiencekrk.com\/?s={search_term_string}\",\"query-input\":\"required name=search_term_string\"}],\"inLanguage\":\"sl-SI\"},{\"@type\":\"WebPage\",\"@id\":\"https:\/\/experiencekrk.com\/sl\/zgodovina-kultura\/steza-glagolice\/#webpage\",\"url\":\"https:\/\/experiencekrk.com\/sl\/zgodovina-kultura\/steza-glagolice\/\",\"name\":\"Steza glagolice - Experience Krk\",\"isPartOf\":{\"@id\":\"https:\/\/experiencekrk.com\/#website\"},\"datePublished\":\"2019-04-15T17:38:15+00:00\",\"dateModified\":\"2020-03-28T18:27:16+00:00\",\"breadcrumb\":{\"@id\":\"https:\/\/experiencekrk.com\/sl\/zgodovina-kultura\/steza-glagolice\/#breadcrumb\"},\"inLanguage\":\"sl-SI\",\"potentialAction\":[{\"@type\":\"ReadAction\",\"target\":[\"https:\/\/experiencekrk.com\/sl\/zgodovina-kultura\/steza-glagolice\/\"]}]},{\"@type\":\"BreadcrumbList\",\"@id\":\"https:\/\/experiencekrk.com\/sl\/zgodovina-kultura\/steza-glagolice\/#breadcrumb\",\"itemListElement\":[{\"@type\":\"ListItem\",\"position\":1,\"item\":{\"@type\":\"WebPage\",\"@id\":\"https:\/\/experiencekrk.com\/sl\/\",\"url\":\"https:\/\/experiencekrk.com\/sl\/\",\"name\":\"Home\"}},{\"@type\":\"ListItem\",\"position\":2,\"item\":{\"@type\":\"WebPage\",\"@id\":\"https:\/\/experiencekrk.com\/sl\/zgodovina-kultura\/\",\"url\":\"https:\/\/experiencekrk.com\/sl\/zgodovina-kultura\/\",\"name\":\"Zgodovina &#038; Kultura\"}},{\"@type\":\"ListItem\",\"position\":3,\"item\":{\"@type\":\"WebPage\",\"@id\":\"https:\/\/experiencekrk.com\/sl\/zgodovina-kultura\/steza-glagolice\/\",\"url\":\"https:\/\/experiencekrk.com\/sl\/zgodovina-kultura\/steza-glagolice\/\",\"name\":\"Steza glagolice\"}}]}]}<\/script>\n<!-- \/ Yoast SEO plugin. -->","_links":{"self":[{"href":"https:\/\/experiencekrk.com\/sl\/wp-json\/wp\/v2\/pages\/10722"}],"collection":[{"href":"https:\/\/experiencekrk.com\/sl\/wp-json\/wp\/v2\/pages"}],"about":[{"href":"https:\/\/experiencekrk.com\/sl\/wp-json\/wp\/v2\/types\/page"}],"author":[{"embeddable":true,"href":"https:\/\/experiencekrk.com\/sl\/wp-json\/wp\/v2\/users\/1"}],"replies":[{"embeddable":true,"href":"https:\/\/experiencekrk.com\/sl\/wp-json\/wp\/v2\/comments?post=10722"}],"version-history":[{"count":2,"href":"https:\/\/experiencekrk.com\/sl\/wp-json\/wp\/v2\/pages\/10722\/revisions"}],"predecessor-version":[{"id":10725,"href":"https:\/\/experiencekrk.com\/sl\/wp-json\/wp\/v2\/pages\/10722\/revisions\/10725"}],"up":[{"embeddable":true,"href":"https:\/\/experiencekrk.com\/sl\/wp-json\/wp\/v2\/pages\/10758"}],"wp:attachment":[{"href":"https:\/\/experiencekrk.com\/sl\/wp-json\/wp\/v2\/media?parent=10722"}],"curies":[{"name":"wp","href":"https:\/\/api.w.org\/{rel}","templated":true}]}}