{"id":10601,"date":"2019-04-16T09:41:40","date_gmt":"2019-04-16T09:41:40","guid":{"rendered":"https:\/\/experiencekrk.com\/weekend-getaway\/"},"modified":"2020-03-28T14:10:17","modified_gmt":"2020-03-28T14:10:17","slug":"vikend-oddih","status":"publish","type":"page","link":"https:\/\/experiencekrk.com\/sl\/vikend-oddih\/","title":{"rendered":"Vikend oddih"},"content":{"rendered":"<p>[vc_row][vc_column]<div class=\"mkdf-section-title-holder\">\n\t<h1 class=\"mkdf-section-title mkdf-section-title-medium\" >\n\tVikend oddih<\/h1>\n<\/div>[vc_column_text]Potrebujete kratek oddih od vsakodnevnega stresa? Obi\u0161\u010dite miren otok Krk in istoimensko mesto. Ima blago mediteransko klimo, ki je kot nala\u0161\u010d za son\u010den vikend oddih. Poleg tega se nahaja v Kvarnerskem zalivu in je blizu glavnih cest, tako da je zagotovljena dobra povezava s celino.<\/p>\n<p>Zakaj torej ne prekinete naporne vsakodnevne rutine in si privo\u0161\u010dite wellness in spa vikend v enem izmed najbolj\u0161ih hotelov na Krku. Lahko poskusite doma\u010do pristno kuhinjo, katere zna\u010dilnost so doma\u010de dobrote (lokalne testenine \u0161urlice, peka &#8211; pe\u010dena jed z mesom in zelenjavo\u2026) in okusite doma\u010de vino (\u017dlahtina). To je idealen kraj za sprostitev in po\u010ditek[\/vc_column_text][\/vc_column][\/vc_row][vc_row][vc_column][vc_empty_space height=&#8221;40px&#8221;]<div class=\"mkdf-separator-holder clearfix  mkdf-separator-center mkdf-separator-full-width\">\n\t<div class=\"mkdf-separator\" style=\"border-color: #ebebeb;border-style: solid;border-bottom-width: 1px;margin-top: 20px;margin-bottom: 45px\"><\/div>\n<\/div>\n<div class=\"mkdf-section-title-holder\">\n\t<h1 class=\"mkdf-section-title mkdf-section-title-medium\" style=\"color: #870337\">\n\tRezervirajte namestitev<\/h1>\n<\/div>[vc_row_inner][vc_column_inner width=&#8221;1\/2&#8243;][vc_single_image image=&#8221;6171&#8243; img_size=&#8221;full&#8221; onclick=&#8221;custom_link&#8221; link=&#8221;https:\/\/experiencekrk.com\/accomodation\/valamar-koralj-hotel-3\/&#8221;][vc_column_text]<\/p>\n<h5 style=\"text-align: left;\"><a href=\"https:\/\/experiencekrk.com\/sl\/nastanitev\/valamar-koralj-hotel-3\/\">Valamar Koralj Hotel 3*<\/a><\/h5>\n<p>[\/vc_column_text][\/vc_column_inner][vc_column_inner width=&#8221;1\/2&#8243;][vc_single_image image=&#8221;6152&#8243; img_size=&#8221;full&#8221; onclick=&#8221;custom_link&#8221; link=&#8221;https:\/\/experiencekrk.com\/accomodation\/krk-premium-camping-resort\/&#8221;][vc_column_text]<\/p>\n<h5 style=\"text-align: left;\"><a href=\"https:\/\/experiencekrk.com\/sl\/nastanitev\/krk-premium-camping-resort\/\">Krk Premium Camping Resort<\/a><\/h5>\n<p>[\/vc_column_text][\/vc_column_inner][\/vc_row_inner][\/vc_column][\/vc_row][vc_row][vc_column][vc_empty_space height=&#8221;40px&#8221;]<div class=\"mkdf-separator-holder clearfix  mkdf-separator-center mkdf-separator-full-width\">\n\t<div class=\"mkdf-separator\" style=\"border-color: #ebebeb;border-style: solid;border-bottom-width: 1px;margin-top: 20px;margin-bottom: 45px\"><\/div>\n<\/div>\n<div class=\"mkdf-section-title-holder\">\n\t<h1 class=\"mkdf-section-title mkdf-section-title-medium\" >\n\tPriporo\u010dljivi ogledi<\/h1>\n<\/div><div class=\"mkdf-tours-list-holder mkdf-tours-gallery-with-hover\">\n\t\t\t\t\t\t<div class=\"mkdf-tours-list-pagination-data\">\n\t\t\t\t<input type=\"hidden\" name=\"order_by\" value=\"menu_order\">\n\t\t\t\t<input type=\"hidden\" name=\"order\" value=\"ASC\">\n\t\t\t\t<input type=\"hidden\" name=\"tour_category\" value=\"weekend-getaway\">\n\t\t\t\t<input type=\"hidden\" name=\"number\" value=\"2\">\n\t\t\t\t<input type=\"hidden\" name=\"thumb_size\" value=\"voyage_landscape\">\n\t\t\t\t<input type=\"hidden\" name=\"next_page\" value=\"2\">\n\t\t\t\t<input type=\"hidden\" name=\"tour_type\" value=\"standard\">\n\t\t\t\t<input type=\"hidden\" name=\"image_size\" value=\"landscape\">\n\t\t\t\t<input type=\"hidden\" name=\"text_length\" value=\"90\">\n\t\t\t<\/div>\n\t\t\n\t\t\n\t\t<div class=\"mkdf-tours-list-holder-inner mkdf-two-items\">\n\n\t\t\t\t\n\t<div class=\"mkdf-tour-list-item-inner post-10807 tour-item type-tour-item status-publish has-post-thumbnail hentry tour-category-slikarski-ogledi tour-category-vikend-oddih\">\n\t\t<div class=\"mkdf-tours-standard-item post-10807 tour-item type-tour-item status-publish has-post-thumbnail hentry tour-category-slikarski-ogledi tour-category-vikend-oddih\">\n\t\t\t<div class=\"mkdf-tours-standard-item-image-holder\">\n\t\t\t<a href=\"https:\/\/experiencekrk.com\/sl\/tour-item\/umetnost-in-narava\/\">\n\t\t\t\t<img width=\"600\" height=\"400\" src=\"https:\/\/experiencekrk.com\/wp-content\/uploads\/2019\/04\/City-of-Krk-painting-holiday-home-image.jpg\" class=\"attachment-voyage_landscape size-voyage_landscape wp-post-image\" alt=\"\" loading=\"lazy\" srcset=\"https:\/\/experiencekrk.com\/wp-content\/uploads\/2019\/04\/City-of-Krk-painting-holiday-home-image.jpg 600w, https:\/\/experiencekrk.com\/wp-content\/uploads\/2019\/04\/City-of-Krk-painting-holiday-home-image-300x200.jpg 300w\" sizes=\"(max-width: 600px) 100vw, 600px\" \/>\n\t\t\t\t\t\t\t\t\t<span class=\"mkdf-tours-standard-item-label-holder\">\n\t\t\t\t\t\t\n\t\t<span class=\"mkdf-tour-item-label\">\n\t\t\t<span class=\"mkdf-tour-item-label-inner\">\n\t\t\t\t\t\t\t<\/span>\n\t\t<\/span>\n\n\t\t\t\t\t\t\t<\/span>\n\t\t\t\t\t\t\t<\/a>\n\t\t<\/div>\n\t\n\t<div class=\"mkdf-tours-standard-item-content-holder\">\n\t\t<div class=\"mkdf-tours-standard-item-title-price-holder\">\n\t\t\t<h5 class=\"mkdf-tour-title\" >\n\t\t\t\t<a href=\"https:\/\/experiencekrk.com\/sl\/tour-item\/umetnost-in-narava\/\">Umetnost in narava<\/a>\n\n\t\t\t\t<span class=\"mkdf-tours-standard-item-price-holder\">\n\t\t\t\t\t\n\t\t<span class=\"mkdf-tours-price-holder\">\n\t\t\t\t\t\t\t<span class=\"mkdf-tours-item-price\">$1<\/span>\n\t\t\t\t\t\t\t\t<\/span>\n\n\t\t\t\t\t\t<\/span>\n\n\t\t\t<\/h5>\n\t\t<\/div>\n\n\t\t<div class=\"mkdf-tours-standard-item-rating\">\n\t\t\t\n\t\t\n\t\t\t\t<\/div>\n\n\t\t\t\t\t<div class=\"mkdf-tours-standard-item-excerpt\">\n\t\t\t\t[vc_row][vc_column][vc_column_text] Slikovita obalna pokrajina, lesene ladje, ki plujejo v son\u010dnem zahodu in kristalno \u010disto morje, vas lahko navdihnejo k ustvarjanju \u010dudovitih slik, ko stojite v mestnem pristani\u0161\u010du ali v bli\u017eini pla\u017ee Dra\u017eica ali Je\u017eevac. Sprehodite se ob morju in v objektiv ujemite nekaj \u010dudovitih prizorov z rta Punta di Galeto ali parka Kamplin. Oglejte si ve\u010d priporo\u010denih lokacij za slikanje slik in fotografiranje. Nagnjeni vinogradi nad zgodovinskim mestom Krk so idealni za poku\u0161ino vin in zajemanje lepote vinogradov na platno. Priporo\u010damo vam, da poskusite kakovostno suho belo vino \u017dlahtina, ke...\t\t\t<\/div>\n\t\t\n\t\t<div class=\"mkdf-tours-standard-item-bottom-content\">\n\t\t\t\t\t\t\t<div class=\"mkdf-tours-standard-item-bottom-item\">\n\t\t\t\t\t\n\t\t\n\t\t\t<div class=\"mkdf-tour-duration-holder\">\n\t\t\t    <span class=\"mkdf-tour-duration-icon mkdf-tour-info-icon\">\n\t\t\t\t\t<span class=\"lnr lnr-undo\"><\/span>\n\t\t\t    <\/span>\n\t\t\t\t<span class=\"mkdf-tour-info-label\">\n\t\t\t\t\t1\t\t\t\t<\/span>\n\t\t\t<\/div>\n\n\t\t\n\t\t\t\t\t\t<\/div>\n\t\t\t\n\t\t\t\t\t\t\t<div class=\"mkdf-tours-standard-item-bottom-item\">\n\t\t\t\t\t\n\t\t\n\t\t\t<div class=\"mkdf-tour-min-age-holder\">\n\t\t\t    <span class=\"mkdf-tour-min-age-icon mkdf-tour-info-icon\">\n\t\t\t\t    <span class=\"lnr lnr-user\"><\/span>\n\t\t\t    <\/span>\n\n\t\t\t\t<span class=\"mkdf-tour-info-label\">\n\t\t\t\t\t1+\n\t\t\t\t\t\t\t\t\t<\/span>\n\t\t\t<\/div>\n\n\t\t\n\t\t\t\t\t\t<\/div>\n\t\t\t\t\t<\/div>\n\t<\/div>\n<\/div>\t<\/div>\n\t\n\t<div class=\"mkdf-tour-list-item-inner post-10851 tour-item type-tour-item status-publish has-post-thumbnail hentry tour-category-romanticni-ogledi tour-category-vikend-oddih\">\n\t\t<div class=\"mkdf-tours-standard-item post-10851 tour-item type-tour-item status-publish has-post-thumbnail hentry tour-category-romanticni-ogledi tour-category-vikend-oddih\">\n\t\t\t<div class=\"mkdf-tours-standard-item-image-holder\">\n\t\t\t<a href=\"https:\/\/experiencekrk.com\/sl\/tour-item\/wellness-vikend\/\">\n\t\t\t\t<img width=\"600\" height=\"400\" src=\"https:\/\/experiencekrk.com\/wp-content\/uploads\/2018\/07\/valamar-koralj-romantic-hotel-jacuzzi_2.jpg\" class=\"attachment-voyage_landscape size-voyage_landscape wp-post-image\" alt=\"\" loading=\"lazy\" srcset=\"https:\/\/experiencekrk.com\/wp-content\/uploads\/2018\/07\/valamar-koralj-romantic-hotel-jacuzzi_2.jpg 600w, https:\/\/experiencekrk.com\/wp-content\/uploads\/2018\/07\/valamar-koralj-romantic-hotel-jacuzzi_2-300x200.jpg 300w\" sizes=\"(max-width: 600px) 100vw, 600px\" \/>\n\t\t\t\t\t\t\t\t\t<span class=\"mkdf-tours-standard-item-label-holder\">\n\t\t\t\t\t\t\n\t\t<span class=\"mkdf-tour-item-label\">\n\t\t\t<span class=\"mkdf-tour-item-label-inner\">\n\t\t\t\t\t\t\t<\/span>\n\t\t<\/span>\n\n\t\t\t\t\t\t\t<\/span>\n\t\t\t\t\t\t\t<\/a>\n\t\t<\/div>\n\t\n\t<div class=\"mkdf-tours-standard-item-content-holder\">\n\t\t<div class=\"mkdf-tours-standard-item-title-price-holder\">\n\t\t\t<h5 class=\"mkdf-tour-title\" >\n\t\t\t\t<a href=\"https:\/\/experiencekrk.com\/sl\/tour-item\/wellness-vikend\/\">Wellness vikend<\/a>\n\n\t\t\t\t<span class=\"mkdf-tours-standard-item-price-holder\">\n\t\t\t\t\t\n\t\t<span class=\"mkdf-tours-price-holder\">\n\t\t\t\t\t\t\t<span class=\"mkdf-tours-item-price\">$1<\/span>\n\t\t\t\t\t\t\t\t<\/span>\n\n\t\t\t\t\t\t<\/span>\n\n\t\t\t<\/h5>\n\t\t<\/div>\n\n\t\t<div class=\"mkdf-tours-standard-item-rating\">\n\t\t\t\n\t\t\n\t\t\t\t<\/div>\n\n\t\t\t\t\t<div class=\"mkdf-tours-standard-item-excerpt\">\n\t\t\t\t[vc_row][vc_column][vc_column_text] Ste imeli stresni teden in preprosto potrebujete kratek oddih s svojo bolj\u0161o polovico? Spakirajte torbe in se prepustite wellness razvajanju in zdravili\u0161ki ponudbi, ki jo ponuja mesto Krk. Spa center v Kr\u0161kem premium kamping letovi\u0161\u010du je idealen kraj za sprostitev in u\u017eivanje v finski in bio savni, tretmajih obraza in telesa ter masa\u017eah, kot so aroma, vro\u010d kamen in antistres. Po zaslu\u017eeni masa\u017ei se sprehodite do starega mestnega jedra Krka, u\u017eivajte v spektakularnem son\u010dnem zahodu na pla\u017ei in razi\u0161\u010dite okuse lokalne kuhinje v nekaterih lokalnih gostilnah ali barih s...\t\t\t<\/div>\n\t\t\n\t\t<div class=\"mkdf-tours-standard-item-bottom-content\">\n\t\t\t\t\t\t\t<div class=\"mkdf-tours-standard-item-bottom-item\">\n\t\t\t\t\t\n\t\t\n\t\t\t<div class=\"mkdf-tour-duration-holder\">\n\t\t\t    <span class=\"mkdf-tour-duration-icon mkdf-tour-info-icon\">\n\t\t\t\t\t<span class=\"lnr lnr-undo\"><\/span>\n\t\t\t    <\/span>\n\t\t\t\t<span class=\"mkdf-tour-info-label\">\n\t\t\t\t\t1\t\t\t\t<\/span>\n\t\t\t<\/div>\n\n\t\t\n\t\t\t\t\t\t<\/div>\n\t\t\t\n\t\t\t\t\t\t\t<div class=\"mkdf-tours-standard-item-bottom-item\">\n\t\t\t\t\t\n\t\t\n\t\t\t<div class=\"mkdf-tour-min-age-holder\">\n\t\t\t    <span class=\"mkdf-tour-min-age-icon mkdf-tour-info-icon\">\n\t\t\t\t    <span class=\"lnr lnr-user\"><\/span>\n\t\t\t    <\/span>\n\n\t\t\t\t<span class=\"mkdf-tour-info-label\">\n\t\t\t\t\t1+\n\t\t\t\t\t\t\t\t\t<\/span>\n\t\t\t<\/div>\n\n\t\t\n\t\t\t\t\t\t<\/div>\n\t\t\t\t\t<\/div>\n\t<\/div>\n<\/div>\t<\/div>\n\n\t\t\t<div class=\"mkdf-tours-list-grid-sizer\"><\/div>\n\t\t<\/div>\n\n\t\t\n\n\t\t<\/div>[\/vc_column][\/vc_row]<\/p>\n","protected":false},"excerpt":{"rendered":"<p>[vc_row][vc_column][vc_column_text]Potrebujete kratek oddih od vsakodnevnega stresa? Obi\u0161\u010dite miren otok Krk in istoimensko mesto. Ima blago mediteransko klimo, ki je kot nala\u0161\u010d za son\u010den vikend oddih. Poleg tega se nahaja v Kvarnerskem zalivu in je blizu glavnih cest, tako da je zagotovljena dobra povezava s celino. Zakaj torej ne prekinete naporne vsakodnevne rutine in si privo\u0161\u010dite wellness in spa vikend v enem izmed najbolj\u0161ih hotelov na Krku. Lahko poskusite doma\u010do pristno kuhinjo, katere zna\u010dilnost so doma\u010de dobrote (lokalne testenine \u0161urlice, peka &#8211; pe\u010dena jed z mesom in zelenjavo\u2026) in okusite doma\u010de&#8230;<\/p>\n","protected":false},"author":1,"featured_media":0,"parent":0,"menu_order":0,"comment_status":"closed","ping_status":"closed","template":"","meta":[],"yoast_head":"<!-- This site is optimized with the Yoast SEO plugin v16.0.1 - https:\/\/yoast.com\/wordpress\/plugins\/seo\/ -->\n<title>Vikend oddih - Experience Krk<\/title>\n<link rel=\"canonical\" href=\"https:\/\/experiencekrk.com\/sl\/vikend-oddih\/\" \/>\n<meta property=\"og:locale\" content=\"sl_SI\" \/>\n<meta property=\"og:type\" content=\"article\" \/>\n<meta property=\"og:title\" content=\"Vikend oddih - Experience Krk\" \/>\n<meta property=\"og:description\" content=\"[vc_row][vc_column][vc_column_text]Potrebujete kratek oddih od vsakodnevnega stresa? Obi\u0161\u010dite miren otok Krk in istoimensko mesto. Ima blago mediteransko klimo, ki je kot nala\u0161\u010d za son\u010den vikend oddih. Poleg tega se nahaja v Kvarnerskem zalivu in je blizu glavnih cest, tako da je zagotovljena dobra povezava s celino. Zakaj torej ne prekinete naporne vsakodnevne rutine in si privo\u0161\u010dite wellness in spa vikend v enem izmed najbolj\u0161ih hotelov na Krku. Lahko poskusite doma\u010do pristno kuhinjo, katere zna\u010dilnost so doma\u010de dobrote (lokalne testenine \u0161urlice, peka &#8211; pe\u010dena jed z mesom in zelenjavo\u2026) in okusite doma\u010de...\" \/>\n<meta property=\"og:url\" content=\"https:\/\/experiencekrk.com\/sl\/vikend-oddih\/\" \/>\n<meta property=\"og:site_name\" content=\"Experience Krk\" \/>\n<meta property=\"article:modified_time\" content=\"2020-03-28T14:10:17+00:00\" \/>\n<meta name=\"twitter:card\" content=\"summary_large_image\" \/>\n<meta name=\"twitter:label1\" content=\"Est. reading time\">\n\t<meta name=\"twitter:data1\" content=\"2 minuti\">\n<script type=\"application\/ld+json\" class=\"yoast-schema-graph\">{\"@context\":\"https:\/\/schema.org\",\"@graph\":[{\"@type\":\"WebSite\",\"@id\":\"https:\/\/experiencekrk.com\/#website\",\"url\":\"https:\/\/experiencekrk.com\/\",\"name\":\"Experience Krk\",\"description\":\"Cultural Tours, Food &amp; Wine and more\",\"potentialAction\":[{\"@type\":\"SearchAction\",\"target\":\"https:\/\/experiencekrk.com\/?s={search_term_string}\",\"query-input\":\"required name=search_term_string\"}],\"inLanguage\":\"sl-SI\"},{\"@type\":\"WebPage\",\"@id\":\"https:\/\/experiencekrk.com\/sl\/vikend-oddih\/#webpage\",\"url\":\"https:\/\/experiencekrk.com\/sl\/vikend-oddih\/\",\"name\":\"Vikend oddih - Experience Krk\",\"isPartOf\":{\"@id\":\"https:\/\/experiencekrk.com\/#website\"},\"datePublished\":\"2019-04-16T09:41:40+00:00\",\"dateModified\":\"2020-03-28T14:10:17+00:00\",\"breadcrumb\":{\"@id\":\"https:\/\/experiencekrk.com\/sl\/vikend-oddih\/#breadcrumb\"},\"inLanguage\":\"sl-SI\",\"potentialAction\":[{\"@type\":\"ReadAction\",\"target\":[\"https:\/\/experiencekrk.com\/sl\/vikend-oddih\/\"]}]},{\"@type\":\"BreadcrumbList\",\"@id\":\"https:\/\/experiencekrk.com\/sl\/vikend-oddih\/#breadcrumb\",\"itemListElement\":[{\"@type\":\"ListItem\",\"position\":1,\"item\":{\"@type\":\"WebPage\",\"@id\":\"https:\/\/experiencekrk.com\/sl\/\",\"url\":\"https:\/\/experiencekrk.com\/sl\/\",\"name\":\"Home\"}},{\"@type\":\"ListItem\",\"position\":2,\"item\":{\"@type\":\"WebPage\",\"@id\":\"https:\/\/experiencekrk.com\/sl\/vikend-oddih\/\",\"url\":\"https:\/\/experiencekrk.com\/sl\/vikend-oddih\/\",\"name\":\"Vikend oddih\"}}]}]}<\/script>\n<!-- \/ Yoast SEO plugin. -->","_links":{"self":[{"href":"https:\/\/experiencekrk.com\/sl\/wp-json\/wp\/v2\/pages\/10601"}],"collection":[{"href":"https:\/\/experiencekrk.com\/sl\/wp-json\/wp\/v2\/pages"}],"about":[{"href":"https:\/\/experiencekrk.com\/sl\/wp-json\/wp\/v2\/types\/page"}],"author":[{"embeddable":true,"href":"https:\/\/experiencekrk.com\/sl\/wp-json\/wp\/v2\/users\/1"}],"replies":[{"embeddable":true,"href":"https:\/\/experiencekrk.com\/sl\/wp-json\/wp\/v2\/comments?post=10601"}],"version-history":[{"count":2,"href":"https:\/\/experiencekrk.com\/sl\/wp-json\/wp\/v2\/pages\/10601\/revisions"}],"predecessor-version":[{"id":10605,"href":"https:\/\/experiencekrk.com\/sl\/wp-json\/wp\/v2\/pages\/10601\/revisions\/10605"}],"wp:attachment":[{"href":"https:\/\/experiencekrk.com\/sl\/wp-json\/wp\/v2\/media?parent=10601"}],"curies":[{"name":"wp","href":"https:\/\/api.w.org\/{rel}","templated":true}]}}