{"id":10556,"date":"2019-07-31T00:41:42","date_gmt":"2019-07-31T00:41:42","guid":{"rendered":"https:\/\/experiencekrk.com\/sun-sea\/"},"modified":"2024-03-10T21:37:04","modified_gmt":"2024-03-10T21:37:04","slug":"sonce-in-morje","status":"publish","type":"page","link":"https:\/\/experiencekrk.com\/sl\/sonce-in-morje\/","title":{"rendered":"Sonce in morje"},"content":{"rendered":"<p>[vc_row][vc_column]<div class=\"mkdf-section-title-holder\">\n\t<h1 class=\"mkdf-section-title mkdf-section-title-medium\" >\n\tMesto Krk - Va\u0161a poletna destinacija<\/h1>\n<\/div>[vc_row_inner][vc_column_inner width=&#8221;1\/2&#8243;][vc_column_text]\u010cisto turkizno morje in kamnite pla\u017ee zaznamujejo mesto Krk kot idealno destinacijo za poletne po\u010ditnice. Ko se boste sprehodili ob obali, blizu starega mestnega jedra Krk, boste naleteli na ve\u010d pe\u0161\u010denih ali kamnitih mestnih pla\u017e z urejenimi son\u010dnimi povr\u0161inami. Kr\u0161ke mestne pla\u017ee so v zadnjih letih osvojile \u0161est modrih zastav, ki so simbol visoke kakovosti morske vode in z njimi povezanih prednosti, kot so sanitarije, gostoljubje, rekreacija&#8230;<\/p>\n<p>Sprehodite se ob obali in razi\u0161\u010dite skrite zalive na kamnitih pla\u017eah v senci borovcev in u\u017eivajte v poletnih po\u010ditnicah. Kopajte se in se potapljajte, najamite \u010doln na pedala, in \u0161e veliko ve\u010d.[\/vc_column_text][\/vc_column_inner][vc_column_inner width=&#8221;1\/2&#8243;]<div class=\"mkdf-image-gallery\">\n\t<div class=\"mkdf-image-gallery-slider \" data-autoplay=\"5\" data-animation=\"slide\" data-navigation=\"yes\" data-pagination=\"yes\">\n\t\t\t\t\t\t<a href=\"https:\/\/experiencekrk.com\/wp-content\/uploads\/2016\/04\/City-of-Krk-beach-Drazice.jpg\" data-rel=\"prettyPhoto[single_pretty_photo]\" title=\"City of Krk &#8211; beach Drazice\">\n\t\t\t\t\t\t\t\t\t\t<img width=\"600\" height=\"400\" src=\"https:\/\/experiencekrk.com\/wp-content\/uploads\/2016\/04\/City-of-Krk-beach-Drazice.jpg\" class=\"attachment-full size-full\" alt=\"\" loading=\"lazy\" srcset=\"https:\/\/experiencekrk.com\/wp-content\/uploads\/2016\/04\/City-of-Krk-beach-Drazice.jpg 600w, https:\/\/experiencekrk.com\/wp-content\/uploads\/2016\/04\/City-of-Krk-beach-Drazice-300x200.jpg 300w\" sizes=\"(max-width: 600px) 100vw, 600px\" \/>\t\t\t\t\t\t\t\t\t\t<\/a>\n\t\t\t\t\t\t\t<a href=\"https:\/\/experiencekrk.com\/wp-content\/uploads\/2019\/06\/City-of-Krk-beach-Drazice-and-water-trampolin.jpg\" data-rel=\"prettyPhoto[single_pretty_photo]\" title=\"City of Krk &#8211; beach Drazice and water trampolin\">\n\t\t\t\t\t\t\t\t\t\t<img width=\"600\" height=\"400\" src=\"https:\/\/experiencekrk.com\/wp-content\/uploads\/2019\/06\/City-of-Krk-beach-Drazice-and-water-trampolin.jpg\" class=\"attachment-full size-full\" alt=\"\" loading=\"lazy\" srcset=\"https:\/\/experiencekrk.com\/wp-content\/uploads\/2019\/06\/City-of-Krk-beach-Drazice-and-water-trampolin.jpg 600w, https:\/\/experiencekrk.com\/wp-content\/uploads\/2019\/06\/City-of-Krk-beach-Drazice-and-water-trampolin-300x200.jpg 300w\" sizes=\"(max-width: 600px) 100vw, 600px\" \/>\t\t\t\t\t\t\t\t\t\t<\/a>\n\t\t\t\t\t\t\t<a href=\"https:\/\/experiencekrk.com\/wp-content\/uploads\/2019\/04\/City-of-Krk-Beach-Drazica-and-water-trampolin.jpg\" data-rel=\"prettyPhoto[single_pretty_photo]\" title=\"City of Krk &#8211; Beach Drazica and water trampolin\">\n\t\t\t\t\t\t\t\t\t\t<img width=\"600\" height=\"400\" src=\"https:\/\/experiencekrk.com\/wp-content\/uploads\/2019\/04\/City-of-Krk-Beach-Drazica-and-water-trampolin.jpg\" class=\"attachment-full size-full\" alt=\"\" loading=\"lazy\" srcset=\"https:\/\/experiencekrk.com\/wp-content\/uploads\/2019\/04\/City-of-Krk-Beach-Drazica-and-water-trampolin.jpg 600w, https:\/\/experiencekrk.com\/wp-content\/uploads\/2019\/04\/City-of-Krk-Beach-Drazica-and-water-trampolin-300x200.jpg 300w\" sizes=\"(max-width: 600px) 100vw, 600px\" \/>\t\t\t\t\t\t\t\t\t\t<\/a>\n\t\t\t\t\t\t\t<a href=\"https:\/\/experiencekrk.com\/wp-content\/uploads\/2019\/06\/City-of-Krk-bay-at-beach-Drazice.jpg\" data-rel=\"prettyPhoto[single_pretty_photo]\" title=\"City of Krk &#8211; bay at beach Drazice\">\n\t\t\t\t\t\t\t\t\t\t<img width=\"600\" height=\"400\" src=\"https:\/\/experiencekrk.com\/wp-content\/uploads\/2019\/06\/City-of-Krk-bay-at-beach-Drazice.jpg\" class=\"attachment-full size-full\" alt=\"\" loading=\"lazy\" srcset=\"https:\/\/experiencekrk.com\/wp-content\/uploads\/2019\/06\/City-of-Krk-bay-at-beach-Drazice.jpg 600w, https:\/\/experiencekrk.com\/wp-content\/uploads\/2019\/06\/City-of-Krk-bay-at-beach-Drazice-300x200.jpg 300w\" sizes=\"(max-width: 600px) 100vw, 600px\" \/>\t\t\t\t\t\t\t\t\t\t<\/a>\n\t\t\t\t\t\t\t<a href=\"https:\/\/experiencekrk.com\/wp-content\/uploads\/2019\/04\/City-of-Krk-beach-Portapisana-1.jpg\" data-rel=\"prettyPhoto[single_pretty_photo]\" title=\"City of Krk &#8211; beach Portapisana\">\n\t\t\t\t\t\t\t\t\t\t<img width=\"600\" height=\"400\" src=\"https:\/\/experiencekrk.com\/wp-content\/uploads\/2019\/04\/City-of-Krk-beach-Portapisana-1.jpg\" class=\"attachment-full size-full\" alt=\"\" loading=\"lazy\" srcset=\"https:\/\/experiencekrk.com\/wp-content\/uploads\/2019\/04\/City-of-Krk-beach-Portapisana-1.jpg 600w, https:\/\/experiencekrk.com\/wp-content\/uploads\/2019\/04\/City-of-Krk-beach-Portapisana-1-300x200.jpg 300w\" sizes=\"(max-width: 600px) 100vw, 600px\" \/>\t\t\t\t\t\t\t\t\t\t<\/a>\n\t\t\t\t\t\t\t<a href=\"https:\/\/experiencekrk.com\/wp-content\/uploads\/2019\/06\/City-of-Krk-people-at-the-beach.jpg\" data-rel=\"prettyPhoto[single_pretty_photo]\" title=\"City of Krk &#8211; people at the beach\">\n\t\t\t\t\t\t\t\t\t\t<img width=\"600\" height=\"400\" src=\"https:\/\/experiencekrk.com\/wp-content\/uploads\/2019\/06\/City-of-Krk-people-at-the-beach.jpg\" class=\"attachment-full size-full\" alt=\"\" loading=\"lazy\" srcset=\"https:\/\/experiencekrk.com\/wp-content\/uploads\/2019\/06\/City-of-Krk-people-at-the-beach.jpg 600w, https:\/\/experiencekrk.com\/wp-content\/uploads\/2019\/06\/City-of-Krk-people-at-the-beach-300x200.jpg 300w\" sizes=\"(max-width: 600px) 100vw, 600px\" \/>\t\t\t\t\t\t\t\t\t\t<\/a>\n\t\t\t\t\t\t\t<a href=\"https:\/\/experiencekrk.com\/wp-content\/uploads\/2016\/04\/City-of-Krk-beach-Porporela-and-sea-paddling.jpg\" data-rel=\"prettyPhoto[single_pretty_photo]\" title=\"City of Krk &#8211; beach Porporela and sea paddling\">\n\t\t\t\t\t\t\t\t\t\t<img width=\"600\" height=\"400\" src=\"https:\/\/experiencekrk.com\/wp-content\/uploads\/2016\/04\/City-of-Krk-beach-Porporela-and-sea-paddling.jpg\" class=\"attachment-full size-full\" alt=\"\" loading=\"lazy\" srcset=\"https:\/\/experiencekrk.com\/wp-content\/uploads\/2016\/04\/City-of-Krk-beach-Porporela-and-sea-paddling.jpg 600w, https:\/\/experiencekrk.com\/wp-content\/uploads\/2016\/04\/City-of-Krk-beach-Porporela-and-sea-paddling-300x200.jpg 300w\" sizes=\"(max-width: 600px) 100vw, 600px\" \/>\t\t\t\t\t\t\t\t\t\t<\/a>\n\t\t\t\t\t\t\t<a href=\"https:\/\/experiencekrk.com\/wp-content\/uploads\/2016\/04\/City-of-Krk-beach-Porporela-and-city-center-in-the-back.jpg\" data-rel=\"prettyPhoto[single_pretty_photo]\" title=\"City of Krk &#8211; beach Porporela and city center in the back\">\n\t\t\t\t\t\t\t\t\t\t<img width=\"600\" height=\"400\" src=\"https:\/\/experiencekrk.com\/wp-content\/uploads\/2016\/04\/City-of-Krk-beach-Porporela-and-city-center-in-the-back.jpg\" class=\"attachment-full size-full\" alt=\"\" loading=\"lazy\" srcset=\"https:\/\/experiencekrk.com\/wp-content\/uploads\/2016\/04\/City-of-Krk-beach-Porporela-and-city-center-in-the-back.jpg 600w, https:\/\/experiencekrk.com\/wp-content\/uploads\/2016\/04\/City-of-Krk-beach-Porporela-and-city-center-in-the-back-300x200.jpg 300w\" sizes=\"(max-width: 600px) 100vw, 600px\" \/>\t\t\t\t\t\t\t\t\t\t<\/a>\n\t\t\t\t<\/div>\n<\/div>[\/vc_column_inner][\/vc_row_inner][vc_empty_space][\/vc_column][\/vc_row][vc_row][vc_column][vc_empty_space height=&#8221;17px&#8221;][vc_gallery type=&#8221;image_grid&#8221; images=&#8221;10095,10087,10091&#8243; img_size=&#8221;medium&#8221;][vc_empty_space height=&#8221;17px&#8221;][vc_single_image image=&#8221;10076&#8243; img_size=&#8221;medium&#8221; alignment=&#8221;center&#8221;]<div class=\"mkdf-testimonials-holder clearfix dark\"><div class=\"mkdf-testimonials testimonials-grid\"><div class=\"mkdf-testimonials-holder-inner\">\n\t<div id=\"mkdf-testimonials10570\" class=\"mkdf-testimonial-content testimonials-grid mkdf-two-columns\">\n\t\t<div class=\"mkdf-testimonial-text-inner \">\n\t\t\t\n\t\t\t\t\t\t\t<div class=\"mkdf-testimonial-author\">\n\t\t\t\t\t<h6 class=\"mkdf-testimonial-author-text \">seeingwithmyheart, Montenegro<\/h6>\n\t\t\t\t\t\n\t\t\t\t<\/div>\n\t\t\t\t\t<\/div>\n\t\t<p class=\"mkdf-testimonial-text \">\"The food was amazing.... and the views reminiscent of ancient Greece\"<\/p>\n\n\t<\/div>\n<\/div>\n<div class=\"mkdf-testimonials-holder-inner\">\n\t<div id=\"mkdf-testimonials10569\" class=\"mkdf-testimonial-content testimonials-grid mkdf-two-columns\">\n\t\t<div class=\"mkdf-testimonial-text-inner \">\n\t\t\t\n\t\t\t\t\t\t\t<div class=\"mkdf-testimonial-author\">\n\t\t\t\t\t<h6 class=\"mkdf-testimonial-author-text \">Kristen K, Connecticut<\/h6>\n\t\t\t\t\t\n\t\t\t\t<\/div>\n\t\t\t\t\t<\/div>\n\t\t<p class=\"mkdf-testimonial-text \">\" ...the views and color of the water, breathtaking! It reminded me of California a bit, but there is no water that color in California!...a must see!!!\"<\/p>\n\n\t<\/div>\n<\/div>\n<div class=\"mkdf-testimonials-holder-inner\">\n\t<div id=\"mkdf-testimonials10568\" class=\"mkdf-testimonial-content testimonials-grid mkdf-two-columns\">\n\t\t<div class=\"mkdf-testimonial-text-inner \">\n\t\t\t\n\t\t\t\t\t\t\t<div class=\"mkdf-testimonial-author\">\n\t\t\t\t\t<h6 class=\"mkdf-testimonial-author-text \">Cropelka, Poland<\/h6>\n\t\t\t\t\t\n\t\t\t\t<\/div>\n\t\t\t\t\t<\/div>\n\t\t<p class=\"mkdf-testimonial-text \">\" a place for those who need peace and quiet on their holiday. It's worth a longer stay, otherwise you might not discover the whole peace and beauty... The pebble beaches there are really excellent and one of the most beautiful in Croatia\"<\/p>\n\n\t<\/div>\n<\/div>\n<div class=\"mkdf-testimonials-holder-inner\">\n\t<div id=\"mkdf-testimonials10567\" class=\"mkdf-testimonial-content testimonials-grid mkdf-two-columns\">\n\t\t<div class=\"mkdf-testimonial-text-inner \">\n\t\t\t\n\t\t\t\t\t\t\t<div class=\"mkdf-testimonial-author\">\n\t\t\t\t\t<h6 class=\"mkdf-testimonial-author-text \">Asiyah Noemi K, Pula<\/h6>\n\t\t\t\t\t\n\t\t\t\t<\/div>\n\t\t\t\t\t<\/div>\n\t\t<p class=\"mkdf-testimonial-text \">\"Untouched nature, wonderful people and rich history make this place special. Architecture in the city of Krk is enchanting. Everything is built in stone like a castle, an exterior wall, a town hall, squares ... beautiful and relaxing\"<\/p>\n\n\t<\/div>\n<\/div>\n<\/div><\/div>[vc_empty_space height=&#8221;17px&#8221;][vc_column_text][\/vc_column_text][vc_raw_html]JTNDaWZyYW1lJTIwc3JjJTNEJTIyaHR0cHMlM0ElMkYlMkZ3d3cuZ29vZ2xlLmNvbSUyRm1hcHMlMkZkJTJGdSUyRjAlMkZlbWJlZCUzRm1pZCUzRDFRTXBLZE40ejdQaHFNWVA4YVhpVVJhclZrM1JkZWQzOSUyMiUyMHdpZHRoJTNEJTIyOTgwJTIyJTIwaGVpZ2h0JTNEJTIyMzIwJTIyJTNFJTNDJTJGaWZyYW1lJTNF[\/vc_raw_html][\/vc_column][\/vc_row][vc_row][vc_column][vc_empty_space]<div class=\"mkdf-separator-holder clearfix  mkdf-separator-center mkdf-separator-full-width\">\n\t<div class=\"mkdf-separator\" style=\"border-color: #ebebeb;border-style: solid;border-bottom-width: 1px;margin-top: 20px;margin-bottom: 45px\"><\/div>\n<\/div>\n<div class=\"mkdf-section-title-holder\">\n\t<h1 class=\"mkdf-section-title mkdf-section-title-small\" >\n\tNe zamudite<\/h1>\n<\/div>[vc_row_inner][vc_column_inner width=&#8221;1\/3&#8243;][vc_single_image image=&#8221;5563&#8243; img_size=&#8221;full&#8221; alignment=&#8221;center&#8221; style=&#8221;vc_box_rounded&#8221; onclick=&#8221;custom_link&#8221; link=&#8221;https:\/\/experiencekrk.com\/family-vacation\/zip-line-krk\/&#8221;][vc_column_text el_class=&#8221;custom-tour-text&#8221;]<\/p>\n<p style=\"text-align: center;\"><a href=\"https:\/\/experiencekrk.com\/sl\/druzinski-dopust\/zip-line-krk\/\"><span style=\"color: #870337;\"><strong>Zip Line Krk<\/strong><\/span><\/a><\/p>\n<p>[\/vc_column_text][\/vc_column_inner][vc_column_inner width=&#8221;1\/3&#8243;][vc_single_image image=&#8221;4710&#8243; img_size=&#8221;full&#8221; alignment=&#8221;center&#8221; style=&#8221;vc_box_rounded&#8221; onclick=&#8221;custom_link&#8221; link=&#8221;https:\/\/experiencekrk.com\/adventure-travel\/wakeboard-cable-krk\/&#8221;][vc_column_text el_class=&#8221;custom-tour-text&#8221;]<\/p>\n<p style=\"text-align: center;\"><span style=\"color: #870337;\"><strong><a href=\"https:\/\/experiencekrk.com\/sl\/pustolovsko-potovanje\/wakeboard-cable-krk\/\">Wakeboard Cable Krk<\/a><br \/>\n<\/strong><\/span><\/p>\n<p>[\/vc_column_text][\/vc_column_inner][vc_column_inner width=&#8221;1\/3&#8243;][vc_single_image image=&#8221;4647&#8243; img_size=&#8221;full&#8221; alignment=&#8221;center&#8221; style=&#8221;vc_box_rounded&#8221; onclick=&#8221;custom_link&#8221; link=&#8221;https:\/\/experiencekrk.com\/adventure-travel\/diving-centers\/&#8221;][vc_column_text el_class=&#8221;custom-tour-text&#8221; css=&#8221;.vc_custom_1585399645579{border-right-width: 0px !important;border-left-width: 0px !important;background-position: center !important;background-repeat: no-repeat !important;background-size: contain !important;}&#8221;]<\/p>\n<p style=\"text-align: center;\"><span style=\"color: #870337;\"><strong><a href=\"https:\/\/experiencekrk.com\/sl\/pustolovsko-potovanje\/potapljaski-centri\/\">Potaplja\u0161ki centri<\/a><br \/>\n<\/strong><\/span><\/p>\n<p>[\/vc_column_text][\/vc_column_inner][\/vc_row_inner][vc_empty_space height=&#8221;20px&#8221;][\/vc_column][\/vc_row][vc_row][vc_column]<div class=\"mkdf-separator-holder clearfix  mkdf-separator-center mkdf-separator-full-width\">\n\t<div class=\"mkdf-separator\" style=\"border-color: #ebebeb;border-style: solid;border-bottom-width: 1px;margin-top: 20px;margin-bottom: 45px\"><\/div>\n<\/div>\n<div class=\"mkdf-section-title-holder\">\n\t<h1 class=\"mkdf-section-title mkdf-section-title-medium\" >\n\tPriporo\u010dljivi ogledi<\/h1>\n<\/div><div class=\"mkdf-tours-list-holder mkdf-tours-gallery-with-hover\">\n\t\t\t\t\t\t<div class=\"mkdf-tours-list-pagination-data\">\n\t\t\t\t<input type=\"hidden\" name=\"order_by\" value=\"menu_order\">\n\t\t\t\t<input type=\"hidden\" name=\"order\" value=\"ASC\">\n\t\t\t\t<input type=\"hidden\" name=\"tour_category\" value=\"summer-vacation\">\n\t\t\t\t<input type=\"hidden\" name=\"number\" value=\"2\">\n\t\t\t\t<input type=\"hidden\" name=\"thumb_size\" value=\"voyage_landscape\">\n\t\t\t\t<input type=\"hidden\" name=\"next_page\" value=\"2\">\n\t\t\t\t<input type=\"hidden\" name=\"tour_type\" value=\"standard\">\n\t\t\t\t<input type=\"hidden\" name=\"image_size\" value=\"landscape\">\n\t\t\t\t<input type=\"hidden\" name=\"text_length\" value=\"90\">\n\t\t\t<\/div>\n\t\t\n\t\t\n\t\t<div class=\"mkdf-tours-list-holder-inner mkdf-two-items\">\n\n\t\t\t\t\n\t<div class=\"mkdf-tour-list-item-inner post-10850 tour-item type-tour-item status-publish has-post-thumbnail hentry tour-category-poletni-dopust tour-category-pustolovske-ture\">\n\t\t<div class=\"mkdf-tours-standard-item post-10850 tour-item type-tour-item status-publish has-post-thumbnail hentry tour-category-poletni-dopust tour-category-pustolovske-ture\">\n\t\t\t<div class=\"mkdf-tours-standard-item-image-holder\">\n\t\t\t<a href=\"https:\/\/experiencekrk.com\/sl\/tour-item\/potopite-se-v-pustolovscino\/\">\n\t\t\t\t<img width=\"600\" height=\"400\" src=\"https:\/\/experiencekrk.com\/wp-content\/uploads\/2019\/04\/City-of-Krk-Diving.jpg\" class=\"attachment-voyage_landscape size-voyage_landscape wp-post-image\" alt=\"\" loading=\"lazy\" srcset=\"https:\/\/experiencekrk.com\/wp-content\/uploads\/2019\/04\/City-of-Krk-Diving.jpg 600w, https:\/\/experiencekrk.com\/wp-content\/uploads\/2019\/04\/City-of-Krk-Diving-300x200.jpg 300w\" sizes=\"(max-width: 600px) 100vw, 600px\" \/>\n\t\t\t\t\t\t\t\t\t<span class=\"mkdf-tours-standard-item-label-holder\">\n\t\t\t\t\t\t\n\t\t<span class=\"mkdf-tour-item-label\">\n\t\t\t<span class=\"mkdf-tour-item-label-inner\">\n\t\t\t\t\t\t\t<\/span>\n\t\t<\/span>\n\n\t\t\t\t\t\t\t<\/span>\n\t\t\t\t\t\t\t<\/a>\n\t\t<\/div>\n\t\n\t<div class=\"mkdf-tours-standard-item-content-holder\">\n\t\t<div class=\"mkdf-tours-standard-item-title-price-holder\">\n\t\t\t<h5 class=\"mkdf-tour-title\" >\n\t\t\t\t<a href=\"https:\/\/experiencekrk.com\/sl\/tour-item\/potopite-se-v-pustolovscino\/\">Potopite se v pustolov\u0161\u010dino<\/a>\n\n\t\t\t\t<span class=\"mkdf-tours-standard-item-price-holder\">\n\t\t\t\t\t\n\t\t<span class=\"mkdf-tours-price-holder\">\n\t\t\t\t\t\t\t<span class=\"mkdf-tours-item-price\">$1<\/span>\n\t\t\t\t\t\t\t\t<\/span>\n\n\t\t\t\t\t\t<\/span>\n\n\t\t\t<\/h5>\n\t\t<\/div>\n\n\t\t<div class=\"mkdf-tours-standard-item-rating\">\n\t\t\t\n\t\t\n\t\t\t\t<\/div>\n\n\t\t\t\t\t<div class=\"mkdf-tours-standard-item-excerpt\">\n\t\t\t\t[vc_row][vc_column][vc_column_text] Kristalno \u010disto Jadransko morje z obilico morskega \u017eivljenja, podvodnimi jamami in ladijskimi razbitinami, skozi vse leto privablja potaplja\u010de na otok Krk. V mestu je ve\u010d potaplja\u0161kih centrov, ki ponujajo te\u010daje za za\u010detnike, pa tudi podvodne ture za izku\u0161ene. Oblecite potaplja\u0161ko obleko in razi\u0161\u010dite neverjetni podvodni svet Krka, ki skriva \u0161tevilne skrivnosti, vklju\u010dno z razbitino gr\u0161ke ladje Peltastis, ki je potonila blizu \u0160ila v 1860-ih. Ali pa poi\u0161\u010dite redke dragulje, kot je Rocky Garden, eno zadnjih krajev na Hrva\u0161kem, kjer lahko najdete velike klapavice dagnje. .[\/vc_column_text][\/vc_column][\/vc_row]\t\t\t<\/div>\n\t\t\n\t\t<div class=\"mkdf-tours-standard-item-bottom-content\">\n\t\t\t\t\t\t\t<div class=\"mkdf-tours-standard-item-bottom-item\">\n\t\t\t\t\t\n\t\t\n\t\t\t<div class=\"mkdf-tour-duration-holder\">\n\t\t\t    <span class=\"mkdf-tour-duration-icon mkdf-tour-info-icon\">\n\t\t\t\t\t<span class=\"lnr lnr-undo\"><\/span>\n\t\t\t    <\/span>\n\t\t\t\t<span class=\"mkdf-tour-info-label\">\n\t\t\t\t\t1\t\t\t\t<\/span>\n\t\t\t<\/div>\n\n\t\t\n\t\t\t\t\t\t<\/div>\n\t\t\t\n\t\t\t\t\t\t\t<div class=\"mkdf-tours-standard-item-bottom-item\">\n\t\t\t\t\t\n\t\t\n\t\t\t<div class=\"mkdf-tour-min-age-holder\">\n\t\t\t    <span class=\"mkdf-tour-min-age-icon mkdf-tour-info-icon\">\n\t\t\t\t    <span class=\"lnr lnr-user\"><\/span>\n\t\t\t    <\/span>\n\n\t\t\t\t<span class=\"mkdf-tour-info-label\">\n\t\t\t\t\t1+\n\t\t\t\t\t\t\t\t\t<\/span>\n\t\t\t<\/div>\n\n\t\t\n\t\t\t\t\t\t<\/div>\n\t\t\t\t\t<\/div>\n\t<\/div>\n<\/div>\t<\/div>\n\t\n\t<div class=\"mkdf-tour-list-item-inner post-10854 tour-item type-tour-item status-publish has-post-thumbnail hentry tour-category-poletni-dopust\">\n\t\t<div class=\"mkdf-tours-standard-item post-10854 tour-item type-tour-item status-publish has-post-thumbnail hentry tour-category-poletni-dopust\">\n\t\t\t<div class=\"mkdf-tours-standard-item-image-holder\">\n\t\t\t<a href=\"https:\/\/experiencekrk.com\/sl\/tour-item\/poletne-pocitnice\/\">\n\t\t\t\t<img width=\"600\" height=\"400\" src=\"https:\/\/experiencekrk.com\/wp-content\/uploads\/2019\/04\/City-of-Krk-beach-Portapisana-1.jpg\" class=\"attachment-voyage_landscape size-voyage_landscape wp-post-image\" alt=\"\" loading=\"lazy\" srcset=\"https:\/\/experiencekrk.com\/wp-content\/uploads\/2019\/04\/City-of-Krk-beach-Portapisana-1.jpg 600w, https:\/\/experiencekrk.com\/wp-content\/uploads\/2019\/04\/City-of-Krk-beach-Portapisana-1-300x200.jpg 300w\" sizes=\"(max-width: 600px) 100vw, 600px\" \/>\n\t\t\t\t\t\t\t\t\t<span class=\"mkdf-tours-standard-item-label-holder\">\n\t\t\t\t\t\t\n\t\t<span class=\"mkdf-tour-item-label\">\n\t\t\t<span class=\"mkdf-tour-item-label-inner\">\n\t\t\t\t\t\t\t<\/span>\n\t\t<\/span>\n\n\t\t\t\t\t\t\t<\/span>\n\t\t\t\t\t\t\t<\/a>\n\t\t<\/div>\n\t\n\t<div class=\"mkdf-tours-standard-item-content-holder\">\n\t\t<div class=\"mkdf-tours-standard-item-title-price-holder\">\n\t\t\t<h5 class=\"mkdf-tour-title\" >\n\t\t\t\t<a href=\"https:\/\/experiencekrk.com\/sl\/tour-item\/poletne-pocitnice\/\">Poletne po\u010ditnice<\/a>\n\n\t\t\t\t<span class=\"mkdf-tours-standard-item-price-holder\">\n\t\t\t\t\t\n\t\t<span class=\"mkdf-tours-price-holder\">\n\t\t\t\t\t\t\t<span class=\"mkdf-tours-item-price\">$1<\/span>\n\t\t\t\t\t\t\t\t<\/span>\n\n\t\t\t\t\t\t<\/span>\n\n\t\t\t<\/h5>\n\t\t<\/div>\n\n\t\t<div class=\"mkdf-tours-standard-item-rating\">\n\t\t\t\n\t\t\n\t\t\t\t<\/div>\n\n\t\t\t\t\t<div class=\"mkdf-tours-standard-item-excerpt\">\n\t\t\t\t[vc_row][vc_column][vc_column_text] I\u0161\u010dete poletno destinacijo? Uvrstite mesto Krk na svoj seznam. Mesto, ki se nahaja na otoku Krk, je znano po blagi mediteranski klimi, kristalno \u010distem morju in prodnatih pla\u017eah. Poleg sonca in morja pa ima na voljo \u0161e veliko drugih mo\u017enosti za oddih &#8211; od pristne mediteranske kuhinje do aktivnih poletnih vodnih \u0161portov, kot sta Zip Line Krk in Wakeboard Cable Krk. Rezervirajte plovbo s \u010dolnom in razi\u0161\u010dite bli\u017enje otoke, pla\u017ee in skrite zaliv\u010dke. V blagih poletnih no\u010deh, medtem ko piha ne\u017een morski vetri\u010d, razi\u0161\u010dite sredi\u0161\u010de mesta in u\u017eivajte v...\t\t\t<\/div>\n\t\t\n\t\t<div class=\"mkdf-tours-standard-item-bottom-content\">\n\t\t\t\t\t\t\t<div class=\"mkdf-tours-standard-item-bottom-item\">\n\t\t\t\t\t\n\t\t\n\t\t\t<div class=\"mkdf-tour-duration-holder\">\n\t\t\t    <span class=\"mkdf-tour-duration-icon mkdf-tour-info-icon\">\n\t\t\t\t\t<span class=\"lnr lnr-undo\"><\/span>\n\t\t\t    <\/span>\n\t\t\t\t<span class=\"mkdf-tour-info-label\">\n\t\t\t\t\t1\t\t\t\t<\/span>\n\t\t\t<\/div>\n\n\t\t\n\t\t\t\t\t\t<\/div>\n\t\t\t\n\t\t\t\t\t\t\t<div class=\"mkdf-tours-standard-item-bottom-item\">\n\t\t\t\t\t\n\t\t\n\t\t\t<div class=\"mkdf-tour-min-age-holder\">\n\t\t\t    <span class=\"mkdf-tour-min-age-icon mkdf-tour-info-icon\">\n\t\t\t\t    <span class=\"lnr lnr-user\"><\/span>\n\t\t\t    <\/span>\n\n\t\t\t\t<span class=\"mkdf-tour-info-label\">\n\t\t\t\t\t1+\n\t\t\t\t\t\t\t\t\t<\/span>\n\t\t\t<\/div>\n\n\t\t\n\t\t\t\t\t\t<\/div>\n\t\t\t\t\t<\/div>\n\t<\/div>\n<\/div>\t<\/div>\n\n\t\t\t<div class=\"mkdf-tours-list-grid-sizer\"><\/div>\n\t\t<\/div>\n\n\t\t\n\n\t\t<\/div>[\/vc_column][\/vc_row]<\/p>\n","protected":false},"excerpt":{"rendered":"<p>[vc_row][vc_column][vc_row_inner][vc_column_inner width=&#8221;1\/2&#8243;][vc_column_text]\u010cisto turkizno morje in kamnite pla\u017ee zaznamujejo mesto Krk kot idealno destinacijo za poletne po\u010ditnice. Ko se boste sprehodili ob obali, blizu starega mestnega jedra Krk, boste naleteli na ve\u010d pe\u0161\u010denih ali kamnitih mestnih pla\u017e z urejenimi son\u010dnimi povr\u0161inami. Kr\u0161ke mestne pla\u017ee so v zadnjih letih osvojile \u0161est modrih zastav, ki so simbol visoke kakovosti morske vode in z njimi povezanih prednosti, kot so sanitarije, gostoljubje, rekreacija&#8230; Sprehodite se ob obali in razi\u0161\u010dite skrite zalive na kamnitih pla\u017eah v senci borovcev in u\u017eivajte v poletnih po\u010ditnicah. Kopajte se in&#8230;<\/p>\n","protected":false},"author":1,"featured_media":0,"parent":0,"menu_order":0,"comment_status":"closed","ping_status":"closed","template":"","meta":[],"yoast_head":"<!-- This site is optimized with the Yoast SEO plugin v16.0.1 - https:\/\/yoast.com\/wordpress\/plugins\/seo\/ -->\n<title>Sonce in morje - Experience Krk<\/title>\n<link rel=\"canonical\" href=\"https:\/\/experiencekrk.com\/sl\/sonce-in-morje\/\" \/>\n<meta property=\"og:locale\" content=\"sl_SI\" \/>\n<meta property=\"og:type\" content=\"article\" \/>\n<meta property=\"og:title\" content=\"Sonce in morje - Experience Krk\" \/>\n<meta property=\"og:description\" content=\"[vc_row][vc_column][vc_row_inner][vc_column_inner width=&#8221;1\/2&#8243;][vc_column_text]\u010cisto turkizno morje in kamnite pla\u017ee zaznamujejo mesto Krk kot idealno destinacijo za poletne po\u010ditnice. Ko se boste sprehodili ob obali, blizu starega mestnega jedra Krk, boste naleteli na ve\u010d pe\u0161\u010denih ali kamnitih mestnih pla\u017e z urejenimi son\u010dnimi povr\u0161inami. Kr\u0161ke mestne pla\u017ee so v zadnjih letih osvojile \u0161est modrih zastav, ki so simbol visoke kakovosti morske vode in z njimi povezanih prednosti, kot so sanitarije, gostoljubje, rekreacija&#8230; Sprehodite se ob obali in razi\u0161\u010dite skrite zalive na kamnitih pla\u017eah v senci borovcev in u\u017eivajte v poletnih po\u010ditnicah. Kopajte se in...\" \/>\n<meta property=\"og:url\" content=\"https:\/\/experiencekrk.com\/sl\/sonce-in-morje\/\" \/>\n<meta property=\"og:site_name\" content=\"Experience Krk\" \/>\n<meta property=\"article:modified_time\" content=\"2024-03-10T21:37:04+00:00\" \/>\n<meta name=\"twitter:card\" content=\"summary_large_image\" \/>\n<meta name=\"twitter:label1\" content=\"Est. reading time\">\n\t<meta name=\"twitter:data1\" content=\"1 minuta\">\n<script type=\"application\/ld+json\" class=\"yoast-schema-graph\">{\"@context\":\"https:\/\/schema.org\",\"@graph\":[{\"@type\":\"WebSite\",\"@id\":\"https:\/\/experiencekrk.com\/#website\",\"url\":\"https:\/\/experiencekrk.com\/\",\"name\":\"Experience Krk\",\"description\":\"Cultural Tours, Food &amp; Wine and more\",\"potentialAction\":[{\"@type\":\"SearchAction\",\"target\":\"https:\/\/experiencekrk.com\/?s={search_term_string}\",\"query-input\":\"required name=search_term_string\"}],\"inLanguage\":\"sl-SI\"},{\"@type\":\"WebPage\",\"@id\":\"https:\/\/experiencekrk.com\/sl\/sonce-in-morje\/#webpage\",\"url\":\"https:\/\/experiencekrk.com\/sl\/sonce-in-morje\/\",\"name\":\"Sonce in morje - Experience Krk\",\"isPartOf\":{\"@id\":\"https:\/\/experiencekrk.com\/#website\"},\"datePublished\":\"2019-07-31T00:41:42+00:00\",\"dateModified\":\"2024-03-10T21:37:04+00:00\",\"breadcrumb\":{\"@id\":\"https:\/\/experiencekrk.com\/sl\/sonce-in-morje\/#breadcrumb\"},\"inLanguage\":\"sl-SI\",\"potentialAction\":[{\"@type\":\"ReadAction\",\"target\":[\"https:\/\/experiencekrk.com\/sl\/sonce-in-morje\/\"]}]},{\"@type\":\"BreadcrumbList\",\"@id\":\"https:\/\/experiencekrk.com\/sl\/sonce-in-morje\/#breadcrumb\",\"itemListElement\":[{\"@type\":\"ListItem\",\"position\":1,\"item\":{\"@type\":\"WebPage\",\"@id\":\"https:\/\/experiencekrk.com\/sl\/\",\"url\":\"https:\/\/experiencekrk.com\/sl\/\",\"name\":\"Home\"}},{\"@type\":\"ListItem\",\"position\":2,\"item\":{\"@type\":\"WebPage\",\"@id\":\"https:\/\/experiencekrk.com\/sl\/sonce-in-morje\/\",\"url\":\"https:\/\/experiencekrk.com\/sl\/sonce-in-morje\/\",\"name\":\"Sonce in morje\"}}]}]}<\/script>\n<!-- \/ Yoast SEO plugin. -->","_links":{"self":[{"href":"https:\/\/experiencekrk.com\/sl\/wp-json\/wp\/v2\/pages\/10556"}],"collection":[{"href":"https:\/\/experiencekrk.com\/sl\/wp-json\/wp\/v2\/pages"}],"about":[{"href":"https:\/\/experiencekrk.com\/sl\/wp-json\/wp\/v2\/types\/page"}],"author":[{"embeddable":true,"href":"https:\/\/experiencekrk.com\/sl\/wp-json\/wp\/v2\/users\/1"}],"replies":[{"embeddable":true,"href":"https:\/\/experiencekrk.com\/sl\/wp-json\/wp\/v2\/comments?post=10556"}],"version-history":[{"count":6,"href":"https:\/\/experiencekrk.com\/sl\/wp-json\/wp\/v2\/pages\/10556\/revisions"}],"predecessor-version":[{"id":33332,"href":"https:\/\/experiencekrk.com\/sl\/wp-json\/wp\/v2\/pages\/10556\/revisions\/33332"}],"wp:attachment":[{"href":"https:\/\/experiencekrk.com\/sl\/wp-json\/wp\/v2\/media?parent=10556"}],"curies":[{"name":"wp","href":"https:\/\/api.w.org\/{rel}","templated":true}]}}