{"id":10555,"date":"2019-04-29T11:09:12","date_gmt":"2019-04-29T11:09:12","guid":{"rendered":"https:\/\/experiencekrk.com\/sailing-vacation\/"},"modified":"2020-03-28T12:41:15","modified_gmt":"2020-03-28T12:41:15","slug":"jadralski-dopust","status":"publish","type":"page","link":"https:\/\/experiencekrk.com\/sl\/jadralski-dopust\/","title":{"rendered":"Jadralski dopust"},"content":{"rendered":"<p>[vc_row][vc_column]<div class=\"mkdf-section-title-holder\">\n\t<h1 class=\"mkdf-section-title mkdf-section-title-medium\" >\n\tJadralski dopust<\/h1>\n<\/div>[vc_row_inner][vc_column_inner][vc_column_text]Otok Krk so Rimljani poimenovali Insula Aurea &#8211; Zlati otok. Obstaja veliko razlogov, da so si pripisali tako imeniten naslov, eden najbolj\u0161ih na\u010dinov za raziskovanje pa je kr\u0161ko do\u017eivetje jadranja. Baza za jadranje je locirana v pristani\u0161\u010du mesta Krk, kot nala\u0161\u010d za raziskovanje oto\u010dja Kvarnerskega arhipelaga in tudi Jadranskega morja na jugu. Spoznajte ve\u010d o jadralski tradiciji tega obmo\u010dja in razi\u0161\u010dite njegovo pomorsko dedi\u0161\u010dino.<\/p>\n<p>Kamorkoli se boste odpravili, boste zagotovo odkrili bogate zgodovinske zaklade in spektakularne skrite zalive, vse to med nepozabno jadralsko izku\u0161njo na Hrva\u0161kem.[\/vc_column_text][\/vc_column_inner][\/vc_row_inner][vc_empty_space]<div class=\"mkdf-separator-holder clearfix  mkdf-separator-center\">\n\t<div class=\"mkdf-separator\" style=\"border-color: #ebebeb;width: 100%;border-bottom-width: 1px\"><\/div>\n<\/div>\n[vc_empty_space]<div class=\"mkdf-section-title-holder\">\n\t<h1 class=\"mkdf-section-title mkdf-section-title-medium\" >\n\tPristani\u0161\u010de Krk<\/h1>\n<\/div>[vc_row_inner][vc_column_inner width=&#8221;1\/2&#8243;][vc_column_text]Navti\u010dni odsek pristani\u0161\u010da Krk ima kapaciteto 50 privezov. Ima dve bencinski \u010drpalki, od katerih je ena plavajo\u010da, ter zagotovljeno oskrbo z elektri\u010dno energijo in pitno vodo.<\/p>\n<p>Mob: <a href=\"tel:+385912563724\">+385 91 256 3724<\/a><br \/>\nTel: <a href=\"tel:+38551220165\">+385 51 220 165<\/a><br \/>\nE-mail: <a href=\"mailto:krk@zluk.hr\">krk@zluk.hr<\/a><br \/>\n<span class=\"tlid-translation translation\" lang=\"sl\"><span class=\"\" title=\"\">Naslov<\/span><\/span>: Trg bana Josipa Jela\u010di\u0107a 5, 51500 Krk<br \/>\nWeb: <a href=\"https:\/\/www.zluk.hr\/en\" target=\"_blank\" rel=\"noopener noreferrer\">www.zluk.hr\/en<\/a>[\/vc_column_text][\/vc_column_inner][vc_column_inner width=&#8221;1\/2&#8243;][vc_single_image image=&#8221;5759&#8243; img_size=&#8221;full&#8221; style=&#8221;vc_box_rounded&#8221;][\/vc_column_inner][\/vc_row_inner][vc_empty_space][\/vc_column][\/vc_row][vc_row][vc_column]<div class=\"mkdf-section-title-holder\">\n\t<h1 class=\"mkdf-section-title mkdf-section-title-small\" >\n\tPristani\u0161\u010de Krk Lokacija<\/h1>\n<\/div>[vc_row_inner][vc_column_inner][vc_raw_html]JTNDaWZyYW1lJTIwc3JjJTNEJTIyaHR0cHMlM0ElMkYlMkZ3d3cuZ29vZ2xlLmNvbSUyRm1hcHMlMkZlbWJlZCUzRnBiJTNEJTIxMW0xNCUyMTFtOCUyMTFtMyUyMTFkMTYxODIuODUyNjc4MjE3MjYlMjEyZDE0LjU2NTE2NTIxODM3NjA0MyUyMTNkNDUuMDMwMjU5Mzc0MTQyMjYlMjEzbTIlMjExaTEwMjQlMjEyaTc2OCUyMTRmMTMuMSUyMTNtMyUyMTFtMiUyMTFzMHg0NzYzNzI3MmI1N2MwYWMxJTI1M0EweGFiNTk1M2MwMTNiOWRjYiUyMTJzUG9ydCUyQktyayUyMTVlMCUyMTNtMiUyMTFzZW4lMjEyc2hyJTIxNHYxNTY0NTI3MjQzOTQ1JTIxNW0yJTIxMXNlbiUyMTJzaHIlMjIlMjB3aWR0aCUzRCUyMjEwMDAlMjIlMjBoZWlnaHQlM0QlMjIzMDAlMjIlMjBmcmFtZWJvcmRlciUzRCUyMjAlMjIlMjBzdHlsZSUzRCUyMmJvcmRlciUzQTAlMjIlMjBhbGxvd2Z1bGxzY3JlZW4lM0UlM0MlMkZpZnJhbWUlM0U=[\/vc_raw_html][\/vc_column_inner][\/vc_row_inner][vc_empty_space][\/vc_column][\/vc_row]<\/p>\n","protected":false},"excerpt":{"rendered":"<p>[vc_row][vc_column][vc_row_inner][vc_column_inner][vc_column_text]Otok Krk so Rimljani poimenovali Insula Aurea &#8211; Zlati otok. Obstaja veliko razlogov, da so si pripisali tako imeniten naslov, eden najbolj\u0161ih na\u010dinov za raziskovanje pa je kr\u0161ko do\u017eivetje jadranja. Baza za jadranje je locirana v pristani\u0161\u010du mesta Krk, kot nala\u0161\u010d za raziskovanje oto\u010dja Kvarnerskega arhipelaga in tudi Jadranskega morja na jugu. Spoznajte ve\u010d o jadralski tradiciji tega obmo\u010dja in razi\u0161\u010dite njegovo pomorsko dedi\u0161\u010dino. Kamorkoli se boste odpravili, boste zagotovo odkrili bogate zgodovinske zaklade in spektakularne skrite zalive, vse to med nepozabno jadralsko izku\u0161njo na Hrva\u0161kem.[\/vc_column_text][\/vc_column_inner][\/vc_row_inner][vc_empty_space][vc_empty_space][vc_row_inner][vc_column_inner width=&#8221;1\/2&#8243;][vc_column_text]Navti\u010dni odsek pristani\u0161\u010da Krk&#8230;<\/p>\n","protected":false},"author":1,"featured_media":0,"parent":0,"menu_order":0,"comment_status":"closed","ping_status":"closed","template":"","meta":[],"yoast_head":"<!-- This site is optimized with the Yoast SEO plugin v16.0.1 - https:\/\/yoast.com\/wordpress\/plugins\/seo\/ -->\n<title>Jadralski dopust - Experience Krk<\/title>\n<link rel=\"canonical\" href=\"https:\/\/experiencekrk.com\/sl\/jadralski-dopust\/\" \/>\n<meta property=\"og:locale\" content=\"sl_SI\" \/>\n<meta property=\"og:type\" content=\"article\" \/>\n<meta property=\"og:title\" content=\"Jadralski dopust - Experience Krk\" \/>\n<meta property=\"og:description\" content=\"[vc_row][vc_column][vc_row_inner][vc_column_inner][vc_column_text]Otok Krk so Rimljani poimenovali Insula Aurea &#8211; Zlati otok. Obstaja veliko razlogov, da so si pripisali tako imeniten naslov, eden najbolj\u0161ih na\u010dinov za raziskovanje pa je kr\u0161ko do\u017eivetje jadranja. Baza za jadranje je locirana v pristani\u0161\u010du mesta Krk, kot nala\u0161\u010d za raziskovanje oto\u010dja Kvarnerskega arhipelaga in tudi Jadranskega morja na jugu. Spoznajte ve\u010d o jadralski tradiciji tega obmo\u010dja in razi\u0161\u010dite njegovo pomorsko dedi\u0161\u010dino. Kamorkoli se boste odpravili, boste zagotovo odkrili bogate zgodovinske zaklade in spektakularne skrite zalive, vse to med nepozabno jadralsko izku\u0161njo na Hrva\u0161kem.[\/vc_column_text][\/vc_column_inner][\/vc_row_inner][vc_empty_space][vc_empty_space][vc_row_inner][vc_column_inner width=&#8221;1\/2&#8243;][vc_column_text]Navti\u010dni odsek pristani\u0161\u010da Krk...\" \/>\n<meta property=\"og:url\" content=\"https:\/\/experiencekrk.com\/sl\/jadralski-dopust\/\" \/>\n<meta property=\"og:site_name\" content=\"Experience Krk\" \/>\n<meta property=\"article:modified_time\" content=\"2020-03-28T12:41:15+00:00\" \/>\n<meta name=\"twitter:card\" content=\"summary_large_image\" \/>\n<meta name=\"twitter:label1\" content=\"Est. reading time\">\n\t<meta name=\"twitter:data1\" content=\"2 minuti\">\n<script type=\"application\/ld+json\" class=\"yoast-schema-graph\">{\"@context\":\"https:\/\/schema.org\",\"@graph\":[{\"@type\":\"WebSite\",\"@id\":\"https:\/\/experiencekrk.com\/#website\",\"url\":\"https:\/\/experiencekrk.com\/\",\"name\":\"Experience Krk\",\"description\":\"Cultural Tours, Food &amp; Wine and more\",\"potentialAction\":[{\"@type\":\"SearchAction\",\"target\":\"https:\/\/experiencekrk.com\/?s={search_term_string}\",\"query-input\":\"required name=search_term_string\"}],\"inLanguage\":\"sl-SI\"},{\"@type\":\"WebPage\",\"@id\":\"https:\/\/experiencekrk.com\/sl\/jadralski-dopust\/#webpage\",\"url\":\"https:\/\/experiencekrk.com\/sl\/jadralski-dopust\/\",\"name\":\"Jadralski dopust - Experience Krk\",\"isPartOf\":{\"@id\":\"https:\/\/experiencekrk.com\/#website\"},\"datePublished\":\"2019-04-29T11:09:12+00:00\",\"dateModified\":\"2020-03-28T12:41:15+00:00\",\"breadcrumb\":{\"@id\":\"https:\/\/experiencekrk.com\/sl\/jadralski-dopust\/#breadcrumb\"},\"inLanguage\":\"sl-SI\",\"potentialAction\":[{\"@type\":\"ReadAction\",\"target\":[\"https:\/\/experiencekrk.com\/sl\/jadralski-dopust\/\"]}]},{\"@type\":\"BreadcrumbList\",\"@id\":\"https:\/\/experiencekrk.com\/sl\/jadralski-dopust\/#breadcrumb\",\"itemListElement\":[{\"@type\":\"ListItem\",\"position\":1,\"item\":{\"@type\":\"WebPage\",\"@id\":\"https:\/\/experiencekrk.com\/sl\/\",\"url\":\"https:\/\/experiencekrk.com\/sl\/\",\"name\":\"Home\"}},{\"@type\":\"ListItem\",\"position\":2,\"item\":{\"@type\":\"WebPage\",\"@id\":\"https:\/\/experiencekrk.com\/sl\/jadralski-dopust\/\",\"url\":\"https:\/\/experiencekrk.com\/sl\/jadralski-dopust\/\",\"name\":\"Jadralski dopust\"}}]}]}<\/script>\n<!-- \/ Yoast SEO plugin. -->","_links":{"self":[{"href":"https:\/\/experiencekrk.com\/sl\/wp-json\/wp\/v2\/pages\/10555"}],"collection":[{"href":"https:\/\/experiencekrk.com\/sl\/wp-json\/wp\/v2\/pages"}],"about":[{"href":"https:\/\/experiencekrk.com\/sl\/wp-json\/wp\/v2\/types\/page"}],"author":[{"embeddable":true,"href":"https:\/\/experiencekrk.com\/sl\/wp-json\/wp\/v2\/users\/1"}],"replies":[{"embeddable":true,"href":"https:\/\/experiencekrk.com\/sl\/wp-json\/wp\/v2\/comments?post=10555"}],"version-history":[{"count":2,"href":"https:\/\/experiencekrk.com\/sl\/wp-json\/wp\/v2\/pages\/10555\/revisions"}],"predecessor-version":[{"id":10559,"href":"https:\/\/experiencekrk.com\/sl\/wp-json\/wp\/v2\/pages\/10555\/revisions\/10559"}],"wp:attachment":[{"href":"https:\/\/experiencekrk.com\/sl\/wp-json\/wp\/v2\/media?parent=10555"}],"curies":[{"name":"wp","href":"https:\/\/api.w.org\/{rel}","templated":true}]}}