{"id":12286,"date":"2019-06-04T13:16:23","date_gmt":"2019-06-04T13:16:23","guid":{"rendered":"https:\/\/experiencekrk.com\/vacanze-di-famiglia\/obiteljske-tematske-staze\/"},"modified":"2020-04-06T09:21:08","modified_gmt":"2020-04-06T09:21:08","slug":"percorsi-a-tema-familiare","status":"publish","type":"page","link":"https:\/\/experiencekrk.com\/it\/vacanze-di-famiglia\/percorsi-a-tema-familiare\/","title":{"rendered":"Percorsi a tema familiare"},"content":{"rendered":"<p>[vc_row][vc_column]<div class=\"mkdf-section-title-holder\">\n\t<h1 class=\"mkdf-section-title mkdf-section-title-medium\" >\n\tLungo le gocce d&#039;oro del tesoro di Krk<\/h1>\n<\/div>[\/vc_column][\/vc_row][vc_row][vc_column width=&#8221;1\/2&#8243; css=&#8221;.vc_custom_1559125178706{padding-top: 0px !important;}&#8221;][vc_column_text css=&#8221;.vc_custom_1586164722252{border-top-width: 0px !important;padding-top: 0px !important;}&#8221;]<span style=\"font-weight: 400;\">Qualcosa da dire anche sugli interessanti percorsi tematici dedicati al tesoro liquido di Krk: l&#8217;olio d&#8217;oliva. Sentiero tematico Lungo le gocce d&#8217;oro del tesoro di Krk \u00e8 consigliato a tutti coloro che amano camminare attraverso la natura.<\/span><\/p>\n<p><span style=\"font-weight: 400;\">Ci sono due percorsi, che sono moderatamente impegnativi, mentre ai visitatori viene raccontata la storia dell&#8217;agricoltura dell&#8217;isola, di olive, erbe medicinali e tutto ci\u00f2 che \u00e8 probabile che incontrino mentre camminano l\u00ec. I percorsi non sono eccessivamente impegnativi e sono lunghi 9,5 e 12,5 km che attraversano gli uliveti intorno ai villaggi di Korni\u0107 e Vrh.<\/span>[\/vc_column_text][vc_column_text][\/vc_column_text][\/vc_column][vc_column width=&#8221;1\/2&#8243; css=&#8221;.vc_custom_1559125192021{border-top-width: 0px !important;padding-top: 10px !important;}&#8221;]<div class=\"mkdf-image-gallery\">\n\t<div class=\"mkdf-image-gallery-slider \" data-autoplay=\"5\" data-animation=\"slide\" data-navigation=\"yes\" data-pagination=\"yes\">\n\t\t\t\t\t\t\t\t\t<img width=\"600\" height=\"400\" src=\"https:\/\/experiencekrk.com\/wp-content\/uploads\/2019\/06\/City-of-Krk-olive-paths-2.jpg\" class=\"attachment-full size-full\" alt=\"\" loading=\"lazy\" srcset=\"https:\/\/experiencekrk.com\/wp-content\/uploads\/2019\/06\/City-of-Krk-olive-paths-2.jpg 600w, https:\/\/experiencekrk.com\/wp-content\/uploads\/2019\/06\/City-of-Krk-olive-paths-2-300x200.jpg 300w\" sizes=\"(max-width: 600px) 100vw, 600px\" \/>\t\t\t\t\t\t\t\t\t\t\t\t\t<img width=\"600\" height=\"400\" src=\"https:\/\/experiencekrk.com\/wp-content\/uploads\/2019\/06\/City-of-Krk-olive-paths.jpg\" class=\"attachment-full size-full\" alt=\"\" loading=\"lazy\" srcset=\"https:\/\/experiencekrk.com\/wp-content\/uploads\/2019\/06\/City-of-Krk-olive-paths.jpg 600w, https:\/\/experiencekrk.com\/wp-content\/uploads\/2019\/06\/City-of-Krk-olive-paths-300x200.jpg 300w\" sizes=\"(max-width: 600px) 100vw, 600px\" \/>\t\t\t\t\t\t\t<\/div>\n<\/div>[\/vc_column][\/vc_row][vc_row][vc_column]<div class=\"mkdf-separator-holder clearfix  mkdf-separator-center mkdf-separator-full-width\">\n\t<div class=\"mkdf-separator\" style=\"border-color: #ebebeb;border-style: solid;border-bottom-width: 1px;margin-top: 20px;margin-bottom: 45px\"><\/div>\n<\/div>\n[vc_empty_space height=&#8221;40px&#8221;]<div class=\"mkdf-section-title-holder\">\n\t<h1 class=\"mkdf-section-title mkdf-section-title-small\" >\n\tIl percorso pedonale dello stagno carsico dell&#039;isola di Krk<\/h1>\n<\/div>[\/vc_column][\/vc_row][vc_row][vc_column width=&#8221;1\/2&#8243; css=&#8221;.vc_custom_1559123188863{padding-top: 15px !important;}&#8221;][vc_column_text css=&#8221;.vc_custom_1586164818168{border-top-width: 0px !important;padding-top: 0px !important;}&#8221;]<span style=\"font-weight: 400;\">Sull&#8217;isola di Krk ci sono pi\u00f9 di 300 stagni pi\u00f9 grandi. Nel terreno carsico senza acqua, gli stagni sono un fenomeno inaspettato che conferisce al paesaggio un fascino particolare. Questo sentiero conduce attraverso una parte prevalentemente in legno e rurale dell&#8217;isola di Krk, nota come \u0160otovento. Passa attraverso il doppio stagno di Ormatine, situato accanto alle eccezionali attrazioni naturali &#8211; antiche querce lanuginose nella zona di Dolinji Drmun. La prossima fermata sono gli stagni di Menkova nel villaggio di Poljica e due stagni viventi di nome \u017diva (uno stagno era una fonte di acqua potabile per le persone, mentre l&#8217;altro era per il bestiame).<\/span><\/p>\n<p><span style=\"font-weight: 400;\">Il sentiero attraversa una foresta ed \u00e8 facile percorrerlo. Lunghezza del percorso: 6,1 km, durata 2 ore<\/span>[\/vc_column_text][vc_column_text][\/vc_column_text][\/vc_column][vc_column width=&#8221;1\/2&#8243; css=&#8221;.vc_custom_1559125093053{border-top-width: 0px !important;padding-top: 25px !important;}&#8221;]<div class=\"mkdf-image-gallery\">\n\t<div class=\"mkdf-image-gallery-slider \" data-autoplay=\"5\" data-animation=\"slide\" data-navigation=\"yes\" data-pagination=\"yes\">\n\t\t\t\t\t\t\t\t\t<img width=\"600\" height=\"400\" src=\"https:\/\/experiencekrk.com\/wp-content\/uploads\/2019\/06\/City-of-Krk-karst-path.jpg\" class=\"attachment-full size-full\" alt=\"\" loading=\"lazy\" srcset=\"https:\/\/experiencekrk.com\/wp-content\/uploads\/2019\/06\/City-of-Krk-karst-path.jpg 600w, https:\/\/experiencekrk.com\/wp-content\/uploads\/2019\/06\/City-of-Krk-karst-path-300x200.jpg 300w\" sizes=\"(max-width: 600px) 100vw, 600px\" \/>\t\t\t\t\t\t\t\t\t\t\t\t\t<img width=\"600\" height=\"400\" src=\"https:\/\/experiencekrk.com\/wp-content\/uploads\/2019\/06\/City-of-Krk-karst-paths-2.jpg\" class=\"attachment-full size-full\" alt=\"\" loading=\"lazy\" srcset=\"https:\/\/experiencekrk.com\/wp-content\/uploads\/2019\/06\/City-of-Krk-karst-paths-2.jpg 600w, https:\/\/experiencekrk.com\/wp-content\/uploads\/2019\/06\/City-of-Krk-karst-paths-2-300x200.jpg 300w\" sizes=\"(max-width: 600px) 100vw, 600px\" \/>\t\t\t\t\t\t\t<\/div>\n<\/div>[\/vc_column][\/vc_row][vc_row][vc_column]<div class=\"mkdf-separator-holder clearfix  mkdf-separator-center mkdf-separator-full-width\">\n\t<div class=\"mkdf-separator\" style=\"border-color: #ebebeb;border-style: solid;border-bottom-width: 1px;margin-top: 20px;margin-bottom: 45px\"><\/div>\n<\/div>\n[vc_empty_space height=&#8221;40px&#8221;]<div class=\"mkdf-section-title-holder\">\n\t<h1 class=\"mkdf-section-title mkdf-section-title-medium\" >\n\tSentiero glagolitico<\/h1>\n<\/div>[\/vc_column][\/vc_row][vc_row][vc_column width=&#8221;1\/2&#8243; css=&#8221;.vc_custom_1559123188863{padding-top: 15px !important;}&#8221;][vc_column_text css=&#8221;.vc_custom_1586164865214{border-top-width: 0px !important;padding-top: 0px !important;}&#8221;]<span style=\"font-weight: 400;\">L&#8217;alfabeto \u00e8 senza dubbio uno dei fondamenti chiave della civilt\u00e0. Due monaci, Santi Cirillo e Metodio, che furono inviati dall&#8217;imperatore bizantino per diffondere il Vangelo tra i pagani dell&#8217;Europa centrale e orientale nel IX secolo, erano ben consapevoli di questo fatto. Per assicurarsi che il cristianesimo prendesse davvero piede, escogitarono un nuovo alfabeto: la scrittura glagolitica. Utilizzando forme geometriche e simbolismo teologico la scrittura glagolitica \u00e8 stata per secoli parte integrante del patrimonio culturale delle isole del Quarnero, in particolare di Krk.<\/span><\/p>\n<p><span style=\"font-weight: 400;\">La pi\u00f9 antica testimonianza storica, del 1105 d.C., scritta in lingua croata \u00e8 la lapide di Ba\u0161ka (Bescanuova), scolpita nella pietra. Questo documento storico unico ha ispirato la creazione del sentiero glagolitico.<\/span>[\/vc_column_text][vc_column_text][\/vc_column_text][\/vc_column][vc_column width=&#8221;1\/2&#8243; css=&#8221;.vc_custom_1559124688182{border-top-width: 0px !important;padding-top: 15px !important;}&#8221;][vc_single_image image=&#8221;3346&#8243; img_size=&#8221;full&#8221;][\/vc_column][\/vc_row][vc_row][vc_column]<div class=\"mkdf-separator-holder clearfix  mkdf-separator-center mkdf-separator-full-width\">\n\t<div class=\"mkdf-separator\" style=\"border-color: #ebebeb;border-style: solid;border-bottom-width: 1px;margin-top: 20px;margin-bottom: 45px\"><\/div>\n<\/div>\n[vc_empty_space height=&#8221;40px&#8221;][\/vc_column][\/vc_row]<\/p>\n","protected":false},"excerpt":{"rendered":"<p>[vc_row][vc_column][\/vc_column][\/vc_row][vc_row][vc_column width=&#8221;1\/2&#8243; css=&#8221;.vc_custom_1559125178706{padding-top: 0px !important;}&#8221;][vc_column_text css=&#8221;.vc_custom_1586164722252{border-top-width: 0px !important;padding-top: 0px !important;}&#8221;]Qualcosa da dire anche sugli interessanti percorsi tematici dedicati al tesoro liquido di Krk: l&#8217;olio d&#8217;oliva. Sentiero tematico Lungo le gocce d&#8217;oro del tesoro di Krk \u00e8 consigliato a tutti coloro che amano camminare attraverso la natura. Ci sono due percorsi, che sono moderatamente impegnativi, mentre ai visitatori viene raccontata la storia dell&#8217;agricoltura dell&#8217;isola, di olive, erbe medicinali e tutto ci\u00f2 che \u00e8 probabile che incontrino mentre camminano l\u00ec. I percorsi non sono eccessivamente impegnativi e sono lunghi 9,5 e 12,5&#8230;<\/p>\n","protected":false},"author":1,"featured_media":0,"parent":11659,"menu_order":0,"comment_status":"closed","ping_status":"closed","template":"","meta":[],"yoast_head":"<!-- This site is optimized with the Yoast SEO plugin v16.0.1 - https:\/\/yoast.com\/wordpress\/plugins\/seo\/ -->\n<title>Percorsi a tema familiare - Experience Krk<\/title>\n<link rel=\"canonical\" href=\"https:\/\/experiencekrk.com\/it\/vacanze-di-famiglia\/percorsi-a-tema-familiare\/\" \/>\n<meta property=\"og:locale\" content=\"it_IT\" \/>\n<meta property=\"og:type\" content=\"article\" \/>\n<meta property=\"og:title\" content=\"Percorsi a tema familiare - Experience Krk\" \/>\n<meta property=\"og:description\" content=\"[vc_row][vc_column][\/vc_column][\/vc_row][vc_row][vc_column width=&#8221;1\/2&#8243; css=&#8221;.vc_custom_1559125178706{padding-top: 0px !important;}&#8221;][vc_column_text css=&#8221;.vc_custom_1586164722252{border-top-width: 0px !important;padding-top: 0px !important;}&#8221;]Qualcosa da dire anche sugli interessanti percorsi tematici dedicati al tesoro liquido di Krk: l&#8217;olio d&#8217;oliva. Sentiero tematico Lungo le gocce d&#8217;oro del tesoro di Krk \u00e8 consigliato a tutti coloro che amano camminare attraverso la natura. Ci sono due percorsi, che sono moderatamente impegnativi, mentre ai visitatori viene raccontata la storia dell&#8217;agricoltura dell&#8217;isola, di olive, erbe medicinali e tutto ci\u00f2 che \u00e8 probabile che incontrino mentre camminano l\u00ec. I percorsi non sono eccessivamente impegnativi e sono lunghi 9,5 e 12,5...\" \/>\n<meta property=\"og:url\" content=\"https:\/\/experiencekrk.com\/it\/vacanze-di-famiglia\/percorsi-a-tema-familiare\/\" \/>\n<meta property=\"og:site_name\" content=\"Experience Krk\" \/>\n<meta property=\"article:modified_time\" content=\"2020-04-06T09:21:08+00:00\" \/>\n<meta name=\"twitter:card\" content=\"summary_large_image\" \/>\n<meta name=\"twitter:label1\" content=\"Tempo di lettura stimato\">\n\t<meta name=\"twitter:data1\" content=\"3 minuti\">\n<script type=\"application\/ld+json\" class=\"yoast-schema-graph\">{\"@context\":\"https:\/\/schema.org\",\"@graph\":[{\"@type\":\"WebSite\",\"@id\":\"https:\/\/experiencekrk.com\/#website\",\"url\":\"https:\/\/experiencekrk.com\/\",\"name\":\"Experience Krk\",\"description\":\"Cultural Tours, Food &amp; Wine and more\",\"potentialAction\":[{\"@type\":\"SearchAction\",\"target\":\"https:\/\/experiencekrk.com\/?s={search_term_string}\",\"query-input\":\"required name=search_term_string\"}],\"inLanguage\":\"it-IT\"},{\"@type\":\"WebPage\",\"@id\":\"https:\/\/experiencekrk.com\/it\/vacanze-di-famiglia\/percorsi-a-tema-familiare\/#webpage\",\"url\":\"https:\/\/experiencekrk.com\/it\/vacanze-di-famiglia\/percorsi-a-tema-familiare\/\",\"name\":\"Percorsi a tema familiare - Experience Krk\",\"isPartOf\":{\"@id\":\"https:\/\/experiencekrk.com\/#website\"},\"datePublished\":\"2019-06-04T13:16:23+00:00\",\"dateModified\":\"2020-04-06T09:21:08+00:00\",\"breadcrumb\":{\"@id\":\"https:\/\/experiencekrk.com\/it\/vacanze-di-famiglia\/percorsi-a-tema-familiare\/#breadcrumb\"},\"inLanguage\":\"it-IT\",\"potentialAction\":[{\"@type\":\"ReadAction\",\"target\":[\"https:\/\/experiencekrk.com\/it\/vacanze-di-famiglia\/percorsi-a-tema-familiare\/\"]}]},{\"@type\":\"BreadcrumbList\",\"@id\":\"https:\/\/experiencekrk.com\/it\/vacanze-di-famiglia\/percorsi-a-tema-familiare\/#breadcrumb\",\"itemListElement\":[{\"@type\":\"ListItem\",\"position\":1,\"item\":{\"@type\":\"WebPage\",\"@id\":\"https:\/\/experiencekrk.com\/it\/\",\"url\":\"https:\/\/experiencekrk.com\/it\/\",\"name\":\"Home\"}},{\"@type\":\"ListItem\",\"position\":2,\"item\":{\"@type\":\"WebPage\",\"@id\":\"https:\/\/experiencekrk.com\/it\/vacanze-di-famiglia\/\",\"url\":\"https:\/\/experiencekrk.com\/it\/vacanze-di-famiglia\/\",\"name\":\"Vacanze di famiglia\"}},{\"@type\":\"ListItem\",\"position\":3,\"item\":{\"@type\":\"WebPage\",\"@id\":\"https:\/\/experiencekrk.com\/it\/vacanze-di-famiglia\/percorsi-a-tema-familiare\/\",\"url\":\"https:\/\/experiencekrk.com\/it\/vacanze-di-famiglia\/percorsi-a-tema-familiare\/\",\"name\":\"Percorsi a tema familiare\"}}]}]}<\/script>\n<!-- \/ Yoast SEO plugin. -->","_links":{"self":[{"href":"https:\/\/experiencekrk.com\/it\/wp-json\/wp\/v2\/pages\/12286"}],"collection":[{"href":"https:\/\/experiencekrk.com\/it\/wp-json\/wp\/v2\/pages"}],"about":[{"href":"https:\/\/experiencekrk.com\/it\/wp-json\/wp\/v2\/types\/page"}],"author":[{"embeddable":true,"href":"https:\/\/experiencekrk.com\/it\/wp-json\/wp\/v2\/users\/1"}],"replies":[{"embeddable":true,"href":"https:\/\/experiencekrk.com\/it\/wp-json\/wp\/v2\/comments?post=12286"}],"version-history":[{"count":2,"href":"https:\/\/experiencekrk.com\/it\/wp-json\/wp\/v2\/pages\/12286\/revisions"}],"predecessor-version":[{"id":12288,"href":"https:\/\/experiencekrk.com\/it\/wp-json\/wp\/v2\/pages\/12286\/revisions\/12288"}],"up":[{"embeddable":true,"href":"https:\/\/experiencekrk.com\/it\/wp-json\/wp\/v2\/pages\/11659"}],"wp:attachment":[{"href":"https:\/\/experiencekrk.com\/it\/wp-json\/wp\/v2\/media?parent=12286"}],"curies":[{"name":"wp","href":"https:\/\/api.w.org\/{rel}","templated":true}]}}