{"id":12275,"date":"2019-06-05T12:35:12","date_gmt":"2019-06-05T12:35:12","guid":{"rendered":"https:\/\/experiencekrk.com\/vacanze-di-famiglia\/izleti-brodom\/"},"modified":"2020-04-03T17:25:44","modified_gmt":"2020-04-03T17:25:44","slug":"viaggi-in-barca","status":"publish","type":"page","link":"https:\/\/experiencekrk.com\/it\/vacanze-di-famiglia\/viaggi-in-barca\/","title":{"rendered":"Viaggi in barca"},"content":{"rendered":"<p>[vc_row][vc_column]<div class=\"mkdf-section-title-holder\">\n\t<h1 class=\"mkdf-section-title mkdf-section-title-medium\" >\n\tGita in barca a caccia del tesoro<\/h1>\n<\/div>[\/vc_column][\/vc_row][vc_row][vc_column width=&#8221;1\/2&#8243; css=&#8221;.vc_custom_1559125178706{padding-top: 0px !important;}&#8221;][vc_column_text css=&#8221;.vc_custom_1585934158631{border-top-width: 0px !important;padding-top: 0px !important;}&#8221;]<span style=\"font-weight: 400;\">Secondo le leggende locali nel 16\u00b0 secolo, i pirati affrontarono la cambusa mercantile che trasportava un carico prezioso. La battaglia ebbe luogo nel canale tra due isole deserte: Mali Plavnik e Plavnik. In quella battaglia, le guardie del principe affondarono la nave pirata e sopravvisse solo un pirata. Raggiunse l&#8217;isola di Plavnik dove seppell\u00ec il tesoro. Da l\u00ec \u00e8 scomparso senza lasciare traccia e il tesoro nascosto non \u00e8 stato ancora trovato. Chiss\u00e0, forse sarai un cercatore fortunato.<\/span><\/p>\n<p>Cellulare: <a href=\"tel:+38591788 269\">+385 91 788 3269<\/a><br \/>\nE-mail: <a href=\"mailto:otacrokokrk@gmail.com\">otacrokokrk@gmail.com<\/a><br \/>\nWeb: www.otacroko.hr<br \/>\n<span style=\"font-weight: 400;\">Indirizzo<\/span>: Kr\u010dkih iseljenika 9, 51500 Krk[\/vc_column_text][vc_column_text][\/vc_column_text][\/vc_column][vc_column width=&#8221;1\/2&#8243; css=&#8221;.vc_custom_1559125192021{border-top-width: 0px !important;padding-top: 10px !important;}&#8221;][vc_single_image image=&#8221;5756&#8243; img_size=&#8221;full&#8221;][\/vc_column][\/vc_row][vc_row][vc_column]<div class=\"mkdf-separator-holder clearfix  mkdf-separator-center mkdf-separator-full-width\">\n\t<div class=\"mkdf-separator\" style=\"border-color: #ebebeb;border-style: solid;border-bottom-width: 1px;margin-top: 20px;margin-bottom: 45px\"><\/div>\n<\/div>\n[vc_empty_space height=&#8221;40px&#8221;][vc_column_text]<span style=\"font-weight: 400;\">Goditi l&#8217;aria fresca del mare e la leggera brezza estiva sulle escursioni in barca dalla citt\u00e0 di Krk alle isole vicine, baie e spiagge nascoste. Le informazioni sui tour in barca dalla citt\u00e0 di Krk sono reperibili nel porto della citt\u00e0, dove \u00e8 possibile prenotare immediatamente il proprio posto in uno dei vari tour in barca. Oppure, se si desidera prenotare in anticipo, vedere di seguito l&#8217;elenco delle agenzie che organizzano gite in barca e contattarle direttamente.<\/span>[\/vc_column_text][\/vc_column][\/vc_row][vc_row][vc_column width=&#8221;1\/2&#8243; css=&#8221;.vc_custom_1559123188863{padding-top: 15px !important;}&#8221;][vc_column_text css=&#8221;.vc_custom_1585934384006{border-top-width: 0px !important;padding-top: 0px !important;}&#8221;]<strong>&#8220;BURA&#8221; 216 KK &#8211; proprietario Denis Stolfa<\/strong><br \/>\nCellulare: <a href=\"tel:+385989464215\">+385 98 946 4215<\/a><br \/>\nE-mail: <a href=\"mailto:o.stolfa@gmail.com\">o.stolfa@gmail.com<\/a><br \/>\nWeb: <a href=\"http:\/\/www.krkapartments.info\" target=\"_blank\" rel=\"noopener noreferrer\">www.krkapartments.info<\/a><br \/>\n<span style=\"font-weight: 400;\">Indirizzo<\/span>: Ivana Zajca 1, 51500 Krk<\/p>\n<p><strong>DIVER Krk<\/strong><br \/>\nCellulare: <a href=\"tel:+385912222390\">+385 91 2222 390<\/a><br \/>\nE-mail: <a href=\"mailto:info@diver-krk.hr\">info@diver-krk.hr<\/a><br \/>\nWeb: <a href=\"http:\/\/www.diver-krk.hr\" target=\"_blank\" rel=\"noopener noreferrer\">www.diver-krk.hr<\/a><br \/>\n<span style=\"font-weight: 400;\">Indirizzo<\/span>: Bra\u0107e Juras 9, 51500 Krk[\/vc_column_text][\/vc_column][vc_column width=&#8221;1\/2&#8243; css=&#8221;.vc_custom_1559125093053{border-top-width: 0px !important;padding-top: 25px !important;}&#8221;][vc_single_image image=&#8221;5762&#8243; img_size=&#8221;full&#8221;][\/vc_column][\/vc_row][vc_row][vc_column][vc_empty_space height=&#8221;10px&#8221;][\/vc_column][\/vc_row][vc_row][vc_column width=&#8221;1\/2&#8243; css=&#8221;.vc_custom_1559819676827{padding-top: 15px !important;}&#8221; offset=&#8221;vc_hidden-sm vc_hidden-xs&#8221;][vc_single_image image=&#8221;5760&#8243; img_size=&#8221;full&#8221;][\/vc_column][vc_column width=&#8221;1\/2&#8243; css=&#8221;.vc_custom_1559819681236{border-top-width: 0px !important;padding-top: 25px !important;}&#8221; offset=&#8221;vc_hidden-sm vc_hidden-xs&#8221;][vc_column_text css=&#8221;.vc_custom_1585934477924{border-top-width: 0px !important;padding-top: 0px !important;}&#8221;]<strong>m\/b &#8221;EIGIDA&#8221; &#8211; propretario Miljenko Str\u010di\u0107<\/strong><br \/>\nTelefon: <a href=\"tel:+38551221083\">+385 51 221 083<\/a><br \/>\nCellulare: <a href=\"tel:+385915239142\">+385 91 523 9142<\/a><br \/>\nE-mail: <a href=\"mailto:strcicp@gmail.com\">strcicp@gmail.com<\/a><br \/>\n<span style=\"font-weight: 400;\">Indirizzo<\/span>: S. Nikoli\u0107a 20, 51500 Krk<\/p>\n<p><strong>m\/B DORIA- proprietario Marko \u017dili\u0107<\/strong><br \/>\nTelafono: <a href=\"tel:+38551222449\">+385 51 222 449<\/a><br \/>\nCellulare: <a href=\"tel:+385912516060\">+385 91 251 6060<\/a><br \/>\nE-mail: <a href=\"mailto:marko.zilic@ri.t-com.hr\">marko.zilic@ri.t-com.hr<\/a><br \/>\n<span style=\"font-weight: 400;\">Indirizzo<\/span>: Frankopanska 20, 51500 Krk[\/vc_column_text][\/vc_column][\/vc_row][vc_row][vc_column width=&#8221;1\/2&#8243; css=&#8221;.vc_custom_1559819686738{padding-top: 15px !important;}&#8221; offset=&#8221;vc_hidden-lg vc_hidden-md&#8221;][vc_column_text css=&#8221;.vc_custom_1559739307856{border-top-width: 0px !important;padding-top: 0px !important;}&#8221;]<strong>m\/b &#8221;EIGIDA&#8221; &#8211; owner Miljenko Str\u010di\u0107<\/strong><br \/>\nPhone: <a href=\"tel:+38551221083\">+385 51 221 083<\/a><br \/>\nMobile: <a href=\"tel:+385915239142\">+385 91 523 9142<\/a><br \/>\nE-mail: <a href=\"mailto:strcicp@gmail.com\">strcicp@gmail.com<\/a><br \/>\nAddress: S. Nikoli\u0107a 20, 51500 Krk<\/p>\n<p><strong>m\/B DORIA- owner Marko \u017dili\u0107<\/strong><br \/>\nPhone: <a href=\"tel:+38551222449\">+385 51 222 449<\/a><br \/>\nMobile: <a href=\"tel:+385912516060\">+385 91 251 6060<\/a><br \/>\nE-mail: <a href=\"mailto:marko.zilic@ri.t-com.hr\">marko.zilic@ri.t-com.hr<\/a><br \/>\nAddress: Frankopanska 20, 51500 Krk[\/vc_column_text][\/vc_column][vc_column width=&#8221;1\/2&#8243; css=&#8221;.vc_custom_1559819691347{border-top-width: 0px !important;padding-top: 25px !important;}&#8221; offset=&#8221;vc_hidden-lg vc_hidden-md&#8221;][vc_single_image image=&#8221;5760&#8243; img_size=&#8221;full&#8221;][\/vc_column][\/vc_row][vc_row][vc_column][vc_empty_space height=&#8221;10px&#8221;][\/vc_column][\/vc_row][vc_row][vc_column width=&#8221;1\/2&#8243; css=&#8221;.vc_custom_1559123188863{padding-top: 15px !important;}&#8221;][vc_column_text css=&#8221;.vc_custom_1585934709187{border-top-width: 0px !important;padding-top: 0px !important;}&#8221;]<strong>m\/b &#8221;MALI PIN&#8221; &amp; &#8220;NEMO&#8221;- proprietario Marijan Volari\u0107<\/strong><br \/>\nCellulare: <a href=\"tel:+385915052916\">+385 91 505 2916<\/a><br \/>\nE-mail: <a href=\"mailto:franev@net.hr\">franev@net.hr<\/a><br \/>\nWeb: <a href=\"http:\/\/www.mali-pin.com\" target=\"_blank\" rel=\"noopener noreferrer\">www.mali-pin.com<\/a><br \/>\n<span style=\"font-weight: 400;\">Indirizzo<\/span>: Drage Gervaisa 8, 51500 Krk<\/p>\n<p><strong>m\/b MORENA&#8221; &amp; &#8221;TAJANA&#8221; &#8211; proprietario Anton \u017du\u017ei\u0107<\/strong><br \/>\nCellulare: <a href=\"tel:+385911221280\">+385 91 122 1280<\/a><br \/>\nCellulare: <a href=\"tel:+385917898828\">+385 91 789 88 28<\/a><br \/>\nE-mail: <a href=\"mailto:info@zuzic-krk.com\">info@zuzic-krk.com<\/a><br \/>\nWeb: <a href=\"http:\/\/info@zuzic-krk.com\" target=\"_blank\" rel=\"noopener noreferrer\">www.zuzic-krk.com<\/a><br \/>\n<span style=\"font-weight: 400;\">Indirizzo<\/span>: Lakmartinska 23, 51500 Krk[\/vc_column_text][\/vc_column][vc_column width=&#8221;1\/2&#8243; css=&#8221;.vc_custom_1559125093053{border-top-width: 0px !important;padding-top: 25px !important;}&#8221;][vc_single_image image=&#8221;5759&#8243; img_size=&#8221;full&#8221;][\/vc_column][\/vc_row][vc_row][vc_column][vc_empty_space height=&#8221;10px&#8221;][\/vc_column][\/vc_row][vc_row][vc_column width=&#8221;1\/2&#8243; css=&#8221;.vc_custom_1559819710014{padding-top: 15px !important;}&#8221; offset=&#8221;vc_hidden-sm vc_hidden-xs&#8221;][vc_single_image image=&#8221;5757&#8243; img_size=&#8221;full&#8221;][\/vc_column][vc_column width=&#8221;1\/2&#8243; css=&#8221;.vc_custom_1559819714923{border-top-width: 0px !important;padding-top: 25px !important;}&#8221; offset=&#8221;vc_hidden-sm vc_hidden-xs&#8221;][vc_column_text css=&#8221;.vc_custom_1585934689428{border-top-width: 0px !important;padding-top: 0px !important;}&#8221;]<strong>m\/b \u201cSV. PETAR\u201d &amp; m\/j &#8221;PIPI&#8221; \u2013 ADRIA EXPLORER&#8221; &#8211; I.R.T.D.A. d.o.o.<\/strong><br \/>\nTelefono: <a href=\"tel:+38551862148\">+385 51 862 148<\/a><br \/>\nCellulare: <a href=\"tel:+385917964656\">+385 91 796 4656<\/a><br \/>\nE-mail: <a href=\"mailto:kontakt@correct-diving.com\">kontakt@correct-diving.com<\/a><br \/>\n<span style=\"font-weight: 400;\">Indirizzo<\/span>: Brzac 33, 51500 Krk<\/p>\n<p><strong>m\/b &#8220;BRODICA 282 KRK&#8221; &#8211; proprietario Nikica Depikolozvane<\/strong><br \/>\nTelefono: <a href=\"tel:+38551220159\">+385 51 220 159<\/a><br \/>\nCellulare: <a href=\"tel:+385912511068\">+385 91 251 1068<\/a><br \/>\nE-mail: <a href=\"mailto:nikica.depikolozvane@ri.t-com.hr\">nikica.depikolozvane@ri.t-com.hr<\/a><br \/>\n<span style=\"font-weight: 400;\">Indirizzo<\/span>: Kr\u010dkih iseljenika 15, 51500 Krk[\/vc_column_text][\/vc_column][\/vc_row][vc_row][vc_column width=&#8221;1\/2&#8243; css=&#8221;.vc_custom_1559819720706{padding-top: 15px !important;}&#8221; offset=&#8221;vc_hidden-lg vc_hidden-md&#8221;][vc_column_text css=&#8221;.vc_custom_1559739778654{border-top-width: 0px !important;padding-top: 0px !important;}&#8221;]<strong>m\/b \u201cSV. PETAR\u201d &amp; m\/j &#8221;PIPI&#8221; \u2013 ADRIA EXPLORER&#8221; &#8211; I.R.T.D.A. d.o.o.<\/strong><br \/>\nPhone: <a href=\"tel:+38551862148\">+385 51 862 148<\/a><br \/>\nMobile: <a href=\"tel:+385917964656\">+385 91 796 4656<\/a><br \/>\nE-mail: <a href=\"mailto:kontakt@correct-diving.com\">kontakt@correct-diving.com<\/a><br \/>\nAddress: Brzac 33, 51500 Krk<\/p>\n<p><strong>m\/b &#8220;BRODICA 282 KRK&#8221; &#8211; owner Nikica Depikolozvane<\/strong><br \/>\nPhone: <a href=\"tel:+38551220159\">+385 51 220 159<\/a><br \/>\nMobile: <a href=\"tel:+385912511068\">+385 91 251 1068<\/a><br \/>\nE-mail: <a href=\"mailto:nikica.depikolozvane@ri.t-com.hr\">nikica.depikolozvane@ri.t-com.hr<\/a><br \/>\nAddress: Kr\u010dkih iseljenika 15, 51500 Krk[\/vc_column_text][\/vc_column][vc_column width=&#8221;1\/2&#8243; css=&#8221;.vc_custom_1559819724589{border-top-width: 0px !important;padding-top: 25px !important;}&#8221; offset=&#8221;vc_hidden-lg vc_hidden-md&#8221;][vc_single_image image=&#8221;5757&#8243; img_size=&#8221;full&#8221;][\/vc_column][\/vc_row][vc_row][vc_column][vc_empty_space height=&#8221;10px&#8221;][\/vc_column][\/vc_row][vc_row][vc_column width=&#8221;1\/2&#8243; css=&#8221;.vc_custom_1559123188863{padding-top: 15px !important;}&#8221;][vc_column_text css=&#8221;.vc_custom_1585934658172{border-top-width: 0px !important;padding-top: 0px !important;}&#8221;]<strong>m\/b &#8221;VOJGA&#8221; &#8211; proprietario Miro Volari\u0107<\/strong><br \/>\nCellulare:<a href=\"tel:+38598283257\"> +385 98 283 257<\/a><br \/>\nE-mail: <a href=\"mailto:miro.volaric@ri.t-com.hr\">miro.volaric@ri.t-com.hr<\/a><br \/>\n<span style=\"font-weight: 400;\">Indirizzo<\/span>: Borik 4, 51500 Krk<\/p>\n<p><strong>&#8216;OBELIX&#8221; 231 KK &#8211; proprietario Andreja Jurasi\u0107 and Geza Szarka<\/strong><br \/>\nTelefono: <a href=\"tel:+38551604248\">+385 51 604 248<\/a><br \/>\nCellulare: <a href=\"tel:+385981856032\">+385 98 185 6032<\/a><br \/>\nE-mail: <a href=\"mailto:adrijan.krk@ri.t-com.hr\">adrijan.krk@ri.t-com.hr<\/a><br \/>\nWeb: <a href=\"http:\/\/www.adrijan-krk.hr\" target=\"_blank\" rel=\"noopener noreferrer\">www.adrijan-krk.hr<\/a><br \/>\n<span style=\"font-weight: 400;\">Indirizzo<\/span>: Creska 12, 51500 Krk[\/vc_column_text][vc_column_text][\/vc_column_text][\/vc_column][vc_column width=&#8221;1\/2&#8243; css=&#8221;.vc_custom_1559125093053{border-top-width: 0px !important;padding-top: 25px !important;}&#8221;][vc_single_image image=&#8221;5761&#8243; img_size=&#8221;full&#8221;][\/vc_column][\/vc_row][vc_row][vc_column][vc_empty_space height=&#8221;10px&#8221;][\/vc_column][\/vc_row][vc_row][vc_column width=&#8221;1\/2&#8243; css=&#8221;.vc_custom_1559819739709{padding-top: 15px !important;}&#8221; offset=&#8221;vc_hidden-sm vc_hidden-xs&#8221;][vc_single_image image=&#8221;5758&#8243; img_size=&#8221;full&#8221;][\/vc_column][vc_column width=&#8221;1\/2&#8243; css=&#8221;.vc_custom_1559819743472{border-top-width: 0px !important;padding-top: 25px !important;}&#8221; offset=&#8221;vc_hidden-sm vc_hidden-xs&#8221;][vc_column_text css=&#8221;.vc_custom_1585934734008{border-top-width: 0px !important;padding-top: 0px !important;}&#8221;]<strong>&#8220;RIBA T&#8221;<\/strong><br \/>\nTelefono: <a href=\"tel:+38551863222\">+385 51 863 222<\/a><br \/>\nCellulare: <a href=\"tel:+385915301692\">+385 91 530 1692<\/a><br \/>\nE-mail: <a href=\"mailto:anton.zuzic1@gmail.com\">anton.zuzic1@gmail.com<\/a><br \/>\nWeb: <a href=\"http:\/\/www.diving-zuzic.com\" target=\"_blank\" rel=\"noopener noreferrer\">www.diving-zuzic.com<\/a><br \/>\n<span style=\"font-weight: 400;\">Indirizzo<\/span>: Put sv. Fuske 19, Pinezi\u0107[\/vc_column_text][\/vc_column][\/vc_row][vc_row][vc_column width=&#8221;1\/2&#8243; css=&#8221;.vc_custom_1559819747590{padding-top: 15px !important;}&#8221; offset=&#8221;vc_hidden-lg vc_hidden-md&#8221;][vc_column_text css=&#8221;.vc_custom_1559740149241{border-top-width: 0px !important;padding-top: 0px !important;}&#8221;]<strong>&#8220;RIBA T&#8221;<\/strong><br \/>\nPhone: <a href=\"tel:+38551863222\">+385 51 863 222<\/a><br \/>\nMobile: <a href=\"tel:+385915301692\">+385 91 530 1692<\/a><br \/>\nE-mail: <a href=\"mailto:anton.zuzic1@gmail.com\">anton.zuzic1@gmail.com<\/a><br \/>\nWeb: <a href=\"http:\/\/www.diving-zuzic.com\" target=\"_blank\" rel=\"noopener noreferrer\">www.diving-zuzic.com<\/a><br \/>\nAddress: Put sv. Fuske 19, Pinezi\u0107[\/vc_column_text][\/vc_column][vc_column width=&#8221;1\/2&#8243; css=&#8221;.vc_custom_1559819751569{border-top-width: 0px !important;padding-top: 25px !important;}&#8221; offset=&#8221;vc_hidden-lg vc_hidden-md&#8221;][vc_single_image image=&#8221;5758&#8243; img_size=&#8221;full&#8221;][\/vc_column][\/vc_row]<\/p>\n","protected":false},"excerpt":{"rendered":"<p>[vc_row][vc_column][\/vc_column][\/vc_row][vc_row][vc_column width=&#8221;1\/2&#8243; css=&#8221;.vc_custom_1559125178706{padding-top: 0px !important;}&#8221;][vc_column_text css=&#8221;.vc_custom_1585934158631{border-top-width: 0px !important;padding-top: 0px !important;}&#8221;]Secondo le leggende locali nel 16\u00b0 secolo, i pirati affrontarono la cambusa mercantile che trasportava un carico prezioso. La battaglia ebbe luogo nel canale tra due isole deserte: Mali Plavnik e Plavnik. In quella battaglia, le guardie del principe affondarono la nave pirata e sopravvisse solo un pirata. Raggiunse l&#8217;isola di Plavnik dove seppell\u00ec il tesoro. Da l\u00ec \u00e8 scomparso senza lasciare traccia e il tesoro nascosto non \u00e8 stato ancora trovato. Chiss\u00e0, forse sarai un cercatore fortunato. Cellulare: +385 91&#8230;<\/p>\n","protected":false},"author":1,"featured_media":0,"parent":11659,"menu_order":0,"comment_status":"closed","ping_status":"closed","template":"","meta":[],"yoast_head":"<!-- This site is optimized with the Yoast SEO plugin v16.0.1 - https:\/\/yoast.com\/wordpress\/plugins\/seo\/ -->\n<title>Viaggi in barca - Experience Krk<\/title>\n<link rel=\"canonical\" href=\"https:\/\/experiencekrk.com\/it\/vacanze-di-famiglia\/viaggi-in-barca\/\" \/>\n<meta property=\"og:locale\" content=\"it_IT\" \/>\n<meta property=\"og:type\" content=\"article\" \/>\n<meta property=\"og:title\" content=\"Viaggi in barca - Experience Krk\" \/>\n<meta property=\"og:description\" content=\"[vc_row][vc_column][\/vc_column][\/vc_row][vc_row][vc_column width=&#8221;1\/2&#8243; css=&#8221;.vc_custom_1559125178706{padding-top: 0px !important;}&#8221;][vc_column_text css=&#8221;.vc_custom_1585934158631{border-top-width: 0px !important;padding-top: 0px !important;}&#8221;]Secondo le leggende locali nel 16\u00b0 secolo, i pirati affrontarono la cambusa mercantile che trasportava un carico prezioso. La battaglia ebbe luogo nel canale tra due isole deserte: Mali Plavnik e Plavnik. In quella battaglia, le guardie del principe affondarono la nave pirata e sopravvisse solo un pirata. Raggiunse l&#8217;isola di Plavnik dove seppell\u00ec il tesoro. Da l\u00ec \u00e8 scomparso senza lasciare traccia e il tesoro nascosto non \u00e8 stato ancora trovato. Chiss\u00e0, forse sarai un cercatore fortunato. Cellulare: +385 91...\" \/>\n<meta property=\"og:url\" content=\"https:\/\/experiencekrk.com\/it\/vacanze-di-famiglia\/viaggi-in-barca\/\" \/>\n<meta property=\"og:site_name\" content=\"Experience Krk\" \/>\n<meta property=\"article:modified_time\" content=\"2020-04-03T17:25:44+00:00\" \/>\n<meta name=\"twitter:card\" content=\"summary_large_image\" \/>\n<meta name=\"twitter:label1\" content=\"Tempo di lettura stimato\">\n\t<meta name=\"twitter:data1\" content=\"6 minuti\">\n<script type=\"application\/ld+json\" class=\"yoast-schema-graph\">{\"@context\":\"https:\/\/schema.org\",\"@graph\":[{\"@type\":\"WebSite\",\"@id\":\"https:\/\/experiencekrk.com\/#website\",\"url\":\"https:\/\/experiencekrk.com\/\",\"name\":\"Experience Krk\",\"description\":\"Cultural Tours, Food &amp; Wine and more\",\"potentialAction\":[{\"@type\":\"SearchAction\",\"target\":\"https:\/\/experiencekrk.com\/?s={search_term_string}\",\"query-input\":\"required name=search_term_string\"}],\"inLanguage\":\"it-IT\"},{\"@type\":\"WebPage\",\"@id\":\"https:\/\/experiencekrk.com\/it\/vacanze-di-famiglia\/viaggi-in-barca\/#webpage\",\"url\":\"https:\/\/experiencekrk.com\/it\/vacanze-di-famiglia\/viaggi-in-barca\/\",\"name\":\"Viaggi in barca - Experience Krk\",\"isPartOf\":{\"@id\":\"https:\/\/experiencekrk.com\/#website\"},\"datePublished\":\"2019-06-05T12:35:12+00:00\",\"dateModified\":\"2020-04-03T17:25:44+00:00\",\"breadcrumb\":{\"@id\":\"https:\/\/experiencekrk.com\/it\/vacanze-di-famiglia\/viaggi-in-barca\/#breadcrumb\"},\"inLanguage\":\"it-IT\",\"potentialAction\":[{\"@type\":\"ReadAction\",\"target\":[\"https:\/\/experiencekrk.com\/it\/vacanze-di-famiglia\/viaggi-in-barca\/\"]}]},{\"@type\":\"BreadcrumbList\",\"@id\":\"https:\/\/experiencekrk.com\/it\/vacanze-di-famiglia\/viaggi-in-barca\/#breadcrumb\",\"itemListElement\":[{\"@type\":\"ListItem\",\"position\":1,\"item\":{\"@type\":\"WebPage\",\"@id\":\"https:\/\/experiencekrk.com\/it\/\",\"url\":\"https:\/\/experiencekrk.com\/it\/\",\"name\":\"Home\"}},{\"@type\":\"ListItem\",\"position\":2,\"item\":{\"@type\":\"WebPage\",\"@id\":\"https:\/\/experiencekrk.com\/it\/vacanze-di-famiglia\/\",\"url\":\"https:\/\/experiencekrk.com\/it\/vacanze-di-famiglia\/\",\"name\":\"Vacanze di famiglia\"}},{\"@type\":\"ListItem\",\"position\":3,\"item\":{\"@type\":\"WebPage\",\"@id\":\"https:\/\/experiencekrk.com\/it\/vacanze-di-famiglia\/viaggi-in-barca\/\",\"url\":\"https:\/\/experiencekrk.com\/it\/vacanze-di-famiglia\/viaggi-in-barca\/\",\"name\":\"Viaggi in barca\"}}]}]}<\/script>\n<!-- \/ Yoast SEO plugin. -->","_links":{"self":[{"href":"https:\/\/experiencekrk.com\/it\/wp-json\/wp\/v2\/pages\/12275"}],"collection":[{"href":"https:\/\/experiencekrk.com\/it\/wp-json\/wp\/v2\/pages"}],"about":[{"href":"https:\/\/experiencekrk.com\/it\/wp-json\/wp\/v2\/types\/page"}],"author":[{"embeddable":true,"href":"https:\/\/experiencekrk.com\/it\/wp-json\/wp\/v2\/users\/1"}],"replies":[{"embeddable":true,"href":"https:\/\/experiencekrk.com\/it\/wp-json\/wp\/v2\/comments?post=12275"}],"version-history":[{"count":2,"href":"https:\/\/experiencekrk.com\/it\/wp-json\/wp\/v2\/pages\/12275\/revisions"}],"predecessor-version":[{"id":12277,"href":"https:\/\/experiencekrk.com\/it\/wp-json\/wp\/v2\/pages\/12275\/revisions\/12277"}],"up":[{"embeddable":true,"href":"https:\/\/experiencekrk.com\/it\/wp-json\/wp\/v2\/pages\/11659"}],"wp:attachment":[{"href":"https:\/\/experiencekrk.com\/it\/wp-json\/wp\/v2\/media?parent=12275"}],"curies":[{"name":"wp","href":"https:\/\/api.w.org\/{rel}","templated":true}]}}