{"id":12232,"date":"2019-04-16T09:34:55","date_gmt":"2019-04-16T09:34:55","guid":{"rendered":"https:\/\/experiencekrk.com\/enogastronomia\/domaca-tjestenina\/"},"modified":"2020-04-03T12:41:24","modified_gmt":"2020-04-03T12:41:24","slug":"pasta-casareccia-locale","status":"publish","type":"page","link":"https:\/\/experiencekrk.com\/it\/enogastronomia\/pasta-casareccia-locale\/","title":{"rendered":"Pasta casareccia locale"},"content":{"rendered":"<p>[vc_row][vc_column]<div class=\"mkdf-section-title-holder\">\n\t<h1 class=\"mkdf-section-title mkdf-section-title-medium\" >\n\tMariolina<\/h1>\n<\/div>[vc_column_text][\/vc_column_text][vc_row_inner][vc_column_inner width=&#8221;1\/2&#8243;][vc_column_text]<span style=\"font-weight: 400;\">Mariolina \u00e8 un&#8217;azienda locale nota per la produzione dell&#8217;autentica pasta fatta in casa &#8211; \u0161urlice. Questa pasta \u00e8 fatta in casa secondo la ricetta tradizionale che viene portata avanti da generazioni. Questa pasta viene solitamente servita con la carne e nel loro ristorante Mariolina servono vari piatti con \u0161urlice.<\/span><\/p>\n<p>Telefono: <a href=\"tel:+38551222346\">+385 51 222 346<\/a><br \/>\nE-mail: <a href=\"mailto:mariolina@mariolina.hr\">mariolina@mariolina.hr<\/a><\/p>\n<p><span style=\"font-weight: 400;\">Indirizzo<\/span>: Dr. D. Vitezi\u0107a19, 51500 Krk<b><br \/>\n<\/b>[\/vc_column_text][\/vc_column_inner][vc_column_inner width=&#8221;1\/2&#8243;]<div class=\"mkdf-image-gallery\">\n\t<div class=\"mkdf-image-gallery-slider \" data-autoplay=\"3\" data-animation=\"slide\" data-navigation=\"yes\" data-pagination=\"yes\">\n\t\t\t\t\t\t\t\t\t<img width=\"600\" height=\"400\" src=\"https:\/\/experiencekrk.com\/wp-content\/uploads\/2019\/04\/City-of-Krk-local-homemade-pasta-surlice.jpg\" class=\"attachment-full size-full\" alt=\"\" loading=\"lazy\" srcset=\"https:\/\/experiencekrk.com\/wp-content\/uploads\/2019\/04\/City-of-Krk-local-homemade-pasta-surlice.jpg 600w, https:\/\/experiencekrk.com\/wp-content\/uploads\/2019\/04\/City-of-Krk-local-homemade-pasta-surlice-300x200.jpg 300w\" sizes=\"(max-width: 600px) 100vw, 600px\" \/>\t\t\t\t\t\t\t\t\t\t\t\t\t<img width=\"600\" height=\"400\" src=\"https:\/\/experiencekrk.com\/wp-content\/uploads\/2019\/04\/City-of-Krk-homemade-pasta-surlice.jpg\" class=\"attachment-full size-full\" alt=\"\" loading=\"lazy\" srcset=\"https:\/\/experiencekrk.com\/wp-content\/uploads\/2019\/04\/City-of-Krk-homemade-pasta-surlice.jpg 600w, https:\/\/experiencekrk.com\/wp-content\/uploads\/2019\/04\/City-of-Krk-homemade-pasta-surlice-300x200.jpg 300w\" sizes=\"(max-width: 600px) 100vw, 600px\" \/>\t\t\t\t\t\t\t<\/div>\n<\/div>[\/vc_column_inner][\/vc_row_inner][\/vc_column][\/vc_row][vc_row][vc_column][vc_empty_space height=&#8221;10px&#8221;]<div class=\"mkdf-section-title-holder\">\n\t<h1 class=\"mkdf-section-title mkdf-section-title-small\" >\n\tPosizione<\/h1>\n<\/div>[vc_row_inner][vc_column_inner][vc_raw_html]JTNDaWZyYW1lJTIwc3JjJTNEJTIyaHR0cHMlM0ElMkYlMkZ3d3cuZ29vZ2xlLmNvbSUyRm1hcHMlMkZlbWJlZCUzRnBiJTNEJTIxMW0xOCUyMTFtMTIlMjExbTMlMjExZDgzMjkuMTc1MzQzNDIzNSUyMTJkMTQuNTcwNDcwOTI2MDU1NDg5JTIxM2Q0NS4wMjU3NzYxNTY4NDMyMiUyMTJtMyUyMTFmMCUyMTJmMCUyMTNmMCUyMTNtMiUyMTFpMTAyNCUyMTJpNzY4JTIxNGYxMy4xJTIxM20zJTIxMW0yJTIxMXMweDQ3NjM3MjBkN2FkMjRhZGQlMjUzQTB4ODVhMGEzOTI5YWU1ZTMwJTIxMnNNQVJJT0xJTkElMkJaLlQuTy4lMjE1ZTAlMjEzbTIlMjExc2VuJTIxMnNociUyMTR2MTU1NTQwNzYzNzU3MCUyMTVtMiUyMTFzZW4lMjEyc2hyJTIyJTIwd2lkdGglM0QlMjI5ODAlMjIlMjBoZWlnaHQlM0QlMjIzNTAlMjIlMjBmcmFtZWJvcmRlciUzRCUyMjAlMjIlMjBzdHlsZSUzRCUyMmJvcmRlciUzQTAlMjIlMjBhbGxvd2Z1bGxzY3JlZW4lM0UlM0MlMkZpZnJhbWUlM0U=[\/vc_raw_html][\/vc_column_inner][\/vc_row_inner][\/vc_column][\/vc_row]<\/p>\n","protected":false},"excerpt":{"rendered":"<p>[vc_row][vc_column][vc_column_text][\/vc_column_text][vc_row_inner][vc_column_inner width=&#8221;1\/2&#8243;][vc_column_text]Mariolina \u00e8 un&#8217;azienda locale nota per la produzione dell&#8217;autentica pasta fatta in casa &#8211; \u0161urlice. Questa pasta \u00e8 fatta in casa secondo la ricetta tradizionale che viene portata avanti da generazioni. Questa pasta viene solitamente servita con la carne e nel loro ristorante Mariolina servono vari piatti con \u0161urlice. Telefono: +385 51 222 346 E-mail: mariolina@mariolina.hr Indirizzo: Dr. D. Vitezi\u0107a19, 51500 Krk [\/vc_column_text][\/vc_column_inner][vc_column_inner width=&#8221;1\/2&#8243;][\/vc_column_inner][\/vc_row_inner][\/vc_column][\/vc_row][vc_row][vc_column][vc_empty_space height=&#8221;10px&#8221;][vc_row_inner][vc_column_inner][vc_raw_html]JTNDaWZyYW1lJTIwc3JjJTNEJTIyaHR0cHMlM0ElMkYlMkZ3d3cuZ29vZ2xlLmNvbSUyRm1hcHMlMkZlbWJlZCUzRnBiJTNEJTIxMW0xOCUyMTFtMTIlMjExbTMlMjExZDgzMjkuMTc1MzQzNDIzNSUyMTJkMTQuNTcwNDcwOTI2MDU1NDg5JTIxM2Q0NS4wMjU3NzYxNTY4NDMyMiUyMTJtMyUyMTFmMCUyMTJmMCUyMTNmMCUyMTNtMiUyMTFpMTAyNCUyMTJpNzY4JTIxNGYxMy4xJTIxM20zJTIxMW0yJTIxMXMweDQ3NjM3MjBkN2FkMjRhZGQlMjUzQTB4ODVhMGEzOTI5YWU1ZTMwJTIxMnNNQVJJT0xJTkElMkJaLlQuTy4lMjE1ZTAlMjEzbTIlMjExc2VuJTIxMnNociUyMTR2MTU1NTQwNzYzNzU3MCUyMTVtMiUyMTFzZW4lMjEyc2hyJTIyJTIwd2lkdGglM0QlMjI5ODAlMjIlMjBoZWlnaHQlM0QlMjIzNTAlMjIlMjBmcmFtZWJvcmRlciUzRCUyMjAlMjIlMjBzdHlsZSUzRCUyMmJvcmRlciUzQTAlMjIlMjBhbGxvd2Z1bGxzY3JlZW4lM0UlM0MlMkZpZnJhbWUlM0U=[\/vc_raw_html][\/vc_column_inner][\/vc_row_inner][\/vc_column][\/vc_row]<\/p>\n","protected":false},"author":1,"featured_media":0,"parent":11657,"menu_order":0,"comment_status":"closed","ping_status":"closed","template":"","meta":[],"yoast_head":"<!-- This site is optimized with the Yoast SEO plugin v16.0.1 - https:\/\/yoast.com\/wordpress\/plugins\/seo\/ -->\n<title>Pasta casareccia locale - Experience Krk<\/title>\n<link rel=\"canonical\" href=\"https:\/\/experiencekrk.com\/it\/enogastronomia\/pasta-casareccia-locale\/\" \/>\n<meta property=\"og:locale\" content=\"it_IT\" \/>\n<meta property=\"og:type\" content=\"article\" \/>\n<meta property=\"og:title\" content=\"Pasta casareccia locale - Experience Krk\" \/>\n<meta property=\"og:description\" content=\"[vc_row][vc_column][vc_column_text][\/vc_column_text][vc_row_inner][vc_column_inner width=&#8221;1\/2&#8243;][vc_column_text]Mariolina \u00e8 un&#8217;azienda locale nota per la produzione dell&#8217;autentica pasta fatta in casa &#8211; \u0161urlice. Questa pasta \u00e8 fatta in casa secondo la ricetta tradizionale che viene portata avanti da generazioni. Questa pasta viene solitamente servita con la carne e nel loro ristorante Mariolina servono vari piatti con \u0161urlice. Telefono: +385 51 222 346 E-mail: mariolina@mariolina.hr Indirizzo: Dr. D. Vitezi\u0107a19, 51500 Krk [\/vc_column_text][\/vc_column_inner][vc_column_inner width=&#8221;1\/2&#8243;][\/vc_column_inner][\/vc_row_inner][\/vc_column][\/vc_row][vc_row][vc_column][vc_empty_space height=&#8221;10px&#8221;][vc_row_inner][vc_column_inner][vc_raw_html]JTNDaWZyYW1lJTIwc3JjJTNEJTIyaHR0cHMlM0ElMkYlMkZ3d3cuZ29vZ2xlLmNvbSUyRm1hcHMlMkZlbWJlZCUzRnBiJTNEJTIxMW0xOCUyMTFtMTIlMjExbTMlMjExZDgzMjkuMTc1MzQzNDIzNSUyMTJkMTQuNTcwNDcwOTI2MDU1NDg5JTIxM2Q0NS4wMjU3NzYxNTY4NDMyMiUyMTJtMyUyMTFmMCUyMTJmMCUyMTNmMCUyMTNtMiUyMTFpMTAyNCUyMTJpNzY4JTIxNGYxMy4xJTIxM20zJTIxMW0yJTIxMXMweDQ3NjM3MjBkN2FkMjRhZGQlMjUzQTB4ODVhMGEzOTI5YWU1ZTMwJTIxMnNNQVJJT0xJTkElMkJaLlQuTy4lMjE1ZTAlMjEzbTIlMjExc2VuJTIxMnNociUyMTR2MTU1NTQwNzYzNzU3MCUyMTVtMiUyMTFzZW4lMjEyc2hyJTIyJTIwd2lkdGglM0QlMjI5ODAlMjIlMjBoZWlnaHQlM0QlMjIzNTAlMjIlMjBmcmFtZWJvcmRlciUzRCUyMjAlMjIlMjBzdHlsZSUzRCUyMmJvcmRlciUzQTAlMjIlMjBhbGxvd2Z1bGxzY3JlZW4lM0UlM0MlMkZpZnJhbWUlM0U=[\/vc_raw_html][\/vc_column_inner][\/vc_row_inner][\/vc_column][\/vc_row]\" \/>\n<meta property=\"og:url\" content=\"https:\/\/experiencekrk.com\/it\/enogastronomia\/pasta-casareccia-locale\/\" \/>\n<meta property=\"og:site_name\" content=\"Experience Krk\" \/>\n<meta property=\"article:modified_time\" content=\"2020-04-03T12:41:24+00:00\" \/>\n<meta name=\"twitter:card\" content=\"summary_large_image\" \/>\n<meta name=\"twitter:label1\" content=\"Tempo di lettura stimato\">\n\t<meta name=\"twitter:data1\" content=\"1 minuto\">\n<script type=\"application\/ld+json\" class=\"yoast-schema-graph\">{\"@context\":\"https:\/\/schema.org\",\"@graph\":[{\"@type\":\"WebSite\",\"@id\":\"https:\/\/experiencekrk.com\/#website\",\"url\":\"https:\/\/experiencekrk.com\/\",\"name\":\"Experience Krk\",\"description\":\"Cultural Tours, Food &amp; Wine and more\",\"potentialAction\":[{\"@type\":\"SearchAction\",\"target\":\"https:\/\/experiencekrk.com\/?s={search_term_string}\",\"query-input\":\"required name=search_term_string\"}],\"inLanguage\":\"it-IT\"},{\"@type\":\"WebPage\",\"@id\":\"https:\/\/experiencekrk.com\/it\/enogastronomia\/pasta-casareccia-locale\/#webpage\",\"url\":\"https:\/\/experiencekrk.com\/it\/enogastronomia\/pasta-casareccia-locale\/\",\"name\":\"Pasta casareccia locale - Experience Krk\",\"isPartOf\":{\"@id\":\"https:\/\/experiencekrk.com\/#website\"},\"datePublished\":\"2019-04-16T09:34:55+00:00\",\"dateModified\":\"2020-04-03T12:41:24+00:00\",\"breadcrumb\":{\"@id\":\"https:\/\/experiencekrk.com\/it\/enogastronomia\/pasta-casareccia-locale\/#breadcrumb\"},\"inLanguage\":\"it-IT\",\"potentialAction\":[{\"@type\":\"ReadAction\",\"target\":[\"https:\/\/experiencekrk.com\/it\/enogastronomia\/pasta-casareccia-locale\/\"]}]},{\"@type\":\"BreadcrumbList\",\"@id\":\"https:\/\/experiencekrk.com\/it\/enogastronomia\/pasta-casareccia-locale\/#breadcrumb\",\"itemListElement\":[{\"@type\":\"ListItem\",\"position\":1,\"item\":{\"@type\":\"WebPage\",\"@id\":\"https:\/\/experiencekrk.com\/it\/\",\"url\":\"https:\/\/experiencekrk.com\/it\/\",\"name\":\"Home\"}},{\"@type\":\"ListItem\",\"position\":2,\"item\":{\"@type\":\"WebPage\",\"@id\":\"https:\/\/experiencekrk.com\/it\/enogastronomia\/\",\"url\":\"https:\/\/experiencekrk.com\/it\/enogastronomia\/\",\"name\":\"Enogastronomia\"}},{\"@type\":\"ListItem\",\"position\":3,\"item\":{\"@type\":\"WebPage\",\"@id\":\"https:\/\/experiencekrk.com\/it\/enogastronomia\/pasta-casareccia-locale\/\",\"url\":\"https:\/\/experiencekrk.com\/it\/enogastronomia\/pasta-casareccia-locale\/\",\"name\":\"Pasta casareccia locale\"}}]}]}<\/script>\n<!-- \/ Yoast SEO plugin. -->","_links":{"self":[{"href":"https:\/\/experiencekrk.com\/it\/wp-json\/wp\/v2\/pages\/12232"}],"collection":[{"href":"https:\/\/experiencekrk.com\/it\/wp-json\/wp\/v2\/pages"}],"about":[{"href":"https:\/\/experiencekrk.com\/it\/wp-json\/wp\/v2\/types\/page"}],"author":[{"embeddable":true,"href":"https:\/\/experiencekrk.com\/it\/wp-json\/wp\/v2\/users\/1"}],"replies":[{"embeddable":true,"href":"https:\/\/experiencekrk.com\/it\/wp-json\/wp\/v2\/comments?post=12232"}],"version-history":[{"count":2,"href":"https:\/\/experiencekrk.com\/it\/wp-json\/wp\/v2\/pages\/12232\/revisions"}],"predecessor-version":[{"id":12234,"href":"https:\/\/experiencekrk.com\/it\/wp-json\/wp\/v2\/pages\/12232\/revisions\/12234"}],"up":[{"embeddable":true,"href":"https:\/\/experiencekrk.com\/it\/wp-json\/wp\/v2\/pages\/11657"}],"wp:attachment":[{"href":"https:\/\/experiencekrk.com\/it\/wp-json\/wp\/v2\/media?parent=12232"}],"curies":[{"name":"wp","href":"https:\/\/api.w.org\/{rel}","templated":true}]}}