{"id":12202,"date":"2019-04-16T06:53:48","date_gmt":"2019-04-16T06:53:48","guid":{"rendered":"https:\/\/experiencekrk.com\/pellegrinaggio\/svetiste-majke-bozje-trsatske\/"},"modified":"2020-04-02T16:26:12","modified_gmt":"2020-04-02T16:26:12","slug":"santuario-della-madonna-di-tersatto","status":"publish","type":"page","link":"https:\/\/experiencekrk.com\/it\/pellegrinaggio\/santuario-della-madonna-di-tersatto\/","title":{"rendered":"Santuario della Madonna di Tersatto"},"content":{"rendered":"<p>[vc_row][vc_column]<div class=\"mkdf-section-title-holder\">\n\t<h1 class=\"mkdf-section-title mkdf-section-title-medium\" >\n\tSantuario della Madonna di Tersatto<\/h1>\n<\/div>[vc_column_text]<span style=\"font-weight: 400;\">A soli 45 km dalla citt\u00e0 di Krk troverete il Santuario della Madonna di Tersatto. La piccola casa dove nacque la Beata Vergine Maria, fu portata dagli angeli da Nazareth a Loreto, dove pu\u00f2 essere vista oggi. In quel trasferimento la casa si ferm\u00f2 a Tersatto per alcune notti sulla strada da Nazaret. \u00c8 uno dei santuari di pellegrinaggio pi\u00f9 famosi in Croazia.<\/span>[\/vc_column_text][vc_empty_space]<div class=\"mkdf-image-gallery\">\n    <div class=\"mkdf-image-gallery-grid mkdf-gallery-columns-2 \">\n                    <div class=\"mkdf-gallery-image\">\n                <div class=\"mkdf-hover-holder\">\n                \t\n                                                                        <img src=\"https:\/\/experiencekrk.com\/wp-content\/uploads\/2019\/04\/City-of-Krk-Shrine-Of-The-Blessed-Virgin-Mary-In-Trsat-600x400.jpg\" alt=\"\" width=\"600\" height=\"400\" \/>                        \t\t\t\t\t                <\/div>\n            <\/div>\n                    <div class=\"mkdf-gallery-image\">\n                <div class=\"mkdf-hover-holder\">\n                \t\n                                                                        <img src=\"https:\/\/experiencekrk.com\/wp-content\/uploads\/2019\/04\/City-of-Krk-Church-and-Castle-in-Trsat-600x400.jpg\" alt=\"\" width=\"600\" height=\"400\" \/>                        \t\t\t\t\t                <\/div>\n            <\/div>\n            <\/div>\n<\/div>[vc_column_text][\/vc_column_text][\/vc_column][\/vc_row][vc_row][vc_column][vc_empty_space]<div class=\"mkdf-separator-holder clearfix  mkdf-separator-center mkdf-separator-full-width\">\n\t<div class=\"mkdf-separator\" style=\"border-color: #ebebeb;border-style: solid;border-bottom-width: 1px;margin-top: 20px;margin-bottom: 45px\"><\/div>\n<\/div>\n<div class=\"mkdf-section-title-holder\">\n\t<h1 class=\"mkdf-section-title mkdf-section-title-small\" >\n\tContatto e posizione<\/h1>\n<\/div>[vc_row_inner][vc_column_inner width=&#8221;1\/4&#8243;][vc_column_text]<strong>Santuario di Tersatto<\/strong><\/p>\n<p><strong>Santa Messa:<\/strong><\/p>\n<p><span style=\"font-weight: 400;\">Lun-Sab: 7:00, 8:30 e 18:30<\/span><\/p>\n<p><span style=\"font-weight: 400;\">Dom: 7:00, 8:00, 9:00, 10:00, 11:30 e 18:30<\/span><\/p>\n<p><span style=\"font-weight: 400;\">Festa: 7:00, 8:30, 10:00 e 18:30<\/span><\/p>\n<p>&nbsp;<\/p>\n<p><span style=\"font-weight: 400;\">Telefono: +385 51 452 900<\/span><\/p>\n<p><span style=\"font-weight: 400;\">Indirizzo: Ul. Frankopanski Trg 12, 51000 Fiume<\/span><\/p>\n<p>[\/vc_column_text][\/vc_column_inner][vc_column_inner width=&#8221;3\/4&#8243;][vc_raw_html]JTNDaWZyYW1lJTIwc3JjJTNEJTIyaHR0cHMlM0ElMkYlMkZ3d3cuZ29vZ2xlLmNvbSUyRm1hcHMlMkZlbWJlZCUzRnBiJTNEJTIxMW0xOCUyMTFtMTIlMjExbTMlMjExZDQ0MDc4MC4yOTA5MzU1ODg1JTIxMmQxNC40Mzg1Mjk2NjY0MjI4MjclMjEzZDQ1LjE1Nzc1NzIzMDg1MDUxNCUyMTJtMyUyMTFmMCUyMTJmMCUyMTNmMCUyMTNtMiUyMTFpMTAyNCUyMTJpNzY4JTIxNGYxMy4xJTIxM20zJTIxMW0yJTIxMXMweDQ3NjRhMTA2YWRkM2Y0NGQlMjUzQTB4ZTQ3ODBhOTIyYTI1MWM4NyUyMTJzT3VyJTJCTGFkeSUyQm9mJTJCVHJzYXQlMjE1ZTAlMjEzbTIlMjExc2VuJTIxMnNociUyMTR2MTU1NTM5Nzk2MTgyMCUyMTVtMiUyMTFzZW4lMjEyc2hyJTIyJTIwd2lkdGglM0QlMjI5MDAlMjIlMjBoZWlnaHQlM0QlMjIzNTAlMjIlMjBmcmFtZWJvcmRlciUzRCUyMjAlMjIlMjBzdHlsZSUzRCUyMmJvcmRlciUzQTAlMjIlMjBhbGxvd2Z1bGxzY3JlZW4lM0UlM0MlMkZpZnJhbWUlM0U=[\/vc_raw_html][\/vc_column_inner][\/vc_row_inner][\/vc_column][\/vc_row]<\/p>\n","protected":false},"excerpt":{"rendered":"<p>[vc_row][vc_column][vc_column_text]A soli 45 km dalla citt\u00e0 di Krk troverete il Santuario della Madonna di Tersatto. La piccola casa dove nacque la Beata Vergine Maria, fu portata dagli angeli da Nazareth a Loreto, dove pu\u00f2 essere vista oggi. In quel trasferimento la casa si ferm\u00f2 a Tersatto per alcune notti sulla strada da Nazaret. \u00c8 uno dei santuari di pellegrinaggio pi\u00f9 famosi in Croazia.[\/vc_column_text][vc_empty_space][vc_column_text][\/vc_column_text][\/vc_column][\/vc_row][vc_row][vc_column][vc_empty_space][vc_row_inner][vc_column_inner width=&#8221;1\/4&#8243;][vc_column_text]Santuario di Tersatto Santa Messa: Lun-Sab: 7:00, 8:30 e 18:30 Dom: 7:00, 8:00, 9:00, 10:00, 11:30 e 18:30 Festa: 7:00, 8:30, 10:00 e 18:30 &nbsp; Telefono: +385&#8230;<\/p>\n","protected":false},"author":1,"featured_media":0,"parent":11752,"menu_order":0,"comment_status":"closed","ping_status":"closed","template":"","meta":[],"yoast_head":"<!-- This site is optimized with the Yoast SEO plugin v16.0.1 - https:\/\/yoast.com\/wordpress\/plugins\/seo\/ -->\n<title>Santuario della Madonna di Tersatto - Experience Krk<\/title>\n<link rel=\"canonical\" href=\"https:\/\/experiencekrk.com\/it\/pellegrinaggio\/santuario-della-madonna-di-tersatto\/\" \/>\n<meta property=\"og:locale\" content=\"it_IT\" \/>\n<meta property=\"og:type\" content=\"article\" \/>\n<meta property=\"og:title\" content=\"Santuario della Madonna di Tersatto - Experience Krk\" \/>\n<meta property=\"og:description\" content=\"[vc_row][vc_column][vc_column_text]A soli 45 km dalla citt\u00e0 di Krk troverete il Santuario della Madonna di Tersatto. La piccola casa dove nacque la Beata Vergine Maria, fu portata dagli angeli da Nazareth a Loreto, dove pu\u00f2 essere vista oggi. In quel trasferimento la casa si ferm\u00f2 a Tersatto per alcune notti sulla strada da Nazaret. \u00c8 uno dei santuari di pellegrinaggio pi\u00f9 famosi in Croazia.[\/vc_column_text][vc_empty_space][vc_column_text][\/vc_column_text][\/vc_column][\/vc_row][vc_row][vc_column][vc_empty_space][vc_row_inner][vc_column_inner width=&#8221;1\/4&#8243;][vc_column_text]Santuario di Tersatto Santa Messa: Lun-Sab: 7:00, 8:30 e 18:30 Dom: 7:00, 8:00, 9:00, 10:00, 11:30 e 18:30 Festa: 7:00, 8:30, 10:00 e 18:30 &nbsp; Telefono: +385...\" \/>\n<meta property=\"og:url\" content=\"https:\/\/experiencekrk.com\/it\/pellegrinaggio\/santuario-della-madonna-di-tersatto\/\" \/>\n<meta property=\"og:site_name\" content=\"Experience Krk\" \/>\n<meta property=\"article:modified_time\" content=\"2020-04-02T16:26:12+00:00\" \/>\n<meta name=\"twitter:card\" content=\"summary_large_image\" \/>\n<meta name=\"twitter:label1\" content=\"Tempo di lettura stimato\">\n\t<meta name=\"twitter:data1\" content=\"1 minuto\">\n<script type=\"application\/ld+json\" class=\"yoast-schema-graph\">{\"@context\":\"https:\/\/schema.org\",\"@graph\":[{\"@type\":\"WebSite\",\"@id\":\"https:\/\/experiencekrk.com\/#website\",\"url\":\"https:\/\/experiencekrk.com\/\",\"name\":\"Experience Krk\",\"description\":\"Cultural Tours, Food &amp; Wine and more\",\"potentialAction\":[{\"@type\":\"SearchAction\",\"target\":\"https:\/\/experiencekrk.com\/?s={search_term_string}\",\"query-input\":\"required name=search_term_string\"}],\"inLanguage\":\"it-IT\"},{\"@type\":\"WebPage\",\"@id\":\"https:\/\/experiencekrk.com\/it\/pellegrinaggio\/santuario-della-madonna-di-tersatto\/#webpage\",\"url\":\"https:\/\/experiencekrk.com\/it\/pellegrinaggio\/santuario-della-madonna-di-tersatto\/\",\"name\":\"Santuario della Madonna di Tersatto - Experience Krk\",\"isPartOf\":{\"@id\":\"https:\/\/experiencekrk.com\/#website\"},\"datePublished\":\"2019-04-16T06:53:48+00:00\",\"dateModified\":\"2020-04-02T16:26:12+00:00\",\"breadcrumb\":{\"@id\":\"https:\/\/experiencekrk.com\/it\/pellegrinaggio\/santuario-della-madonna-di-tersatto\/#breadcrumb\"},\"inLanguage\":\"it-IT\",\"potentialAction\":[{\"@type\":\"ReadAction\",\"target\":[\"https:\/\/experiencekrk.com\/it\/pellegrinaggio\/santuario-della-madonna-di-tersatto\/\"]}]},{\"@type\":\"BreadcrumbList\",\"@id\":\"https:\/\/experiencekrk.com\/it\/pellegrinaggio\/santuario-della-madonna-di-tersatto\/#breadcrumb\",\"itemListElement\":[{\"@type\":\"ListItem\",\"position\":1,\"item\":{\"@type\":\"WebPage\",\"@id\":\"https:\/\/experiencekrk.com\/it\/\",\"url\":\"https:\/\/experiencekrk.com\/it\/\",\"name\":\"Home\"}},{\"@type\":\"ListItem\",\"position\":2,\"item\":{\"@type\":\"WebPage\",\"@id\":\"https:\/\/experiencekrk.com\/it\/pellegrinaggio\/\",\"url\":\"https:\/\/experiencekrk.com\/it\/pellegrinaggio\/\",\"name\":\"Pellegrinaggio\"}},{\"@type\":\"ListItem\",\"position\":3,\"item\":{\"@type\":\"WebPage\",\"@id\":\"https:\/\/experiencekrk.com\/it\/pellegrinaggio\/santuario-della-madonna-di-tersatto\/\",\"url\":\"https:\/\/experiencekrk.com\/it\/pellegrinaggio\/santuario-della-madonna-di-tersatto\/\",\"name\":\"Santuario della Madonna di Tersatto\"}}]}]}<\/script>\n<!-- \/ Yoast SEO plugin. -->","_links":{"self":[{"href":"https:\/\/experiencekrk.com\/it\/wp-json\/wp\/v2\/pages\/12202"}],"collection":[{"href":"https:\/\/experiencekrk.com\/it\/wp-json\/wp\/v2\/pages"}],"about":[{"href":"https:\/\/experiencekrk.com\/it\/wp-json\/wp\/v2\/types\/page"}],"author":[{"embeddable":true,"href":"https:\/\/experiencekrk.com\/it\/wp-json\/wp\/v2\/users\/1"}],"replies":[{"embeddable":true,"href":"https:\/\/experiencekrk.com\/it\/wp-json\/wp\/v2\/comments?post=12202"}],"version-history":[{"count":2,"href":"https:\/\/experiencekrk.com\/it\/wp-json\/wp\/v2\/pages\/12202\/revisions"}],"predecessor-version":[{"id":12204,"href":"https:\/\/experiencekrk.com\/it\/wp-json\/wp\/v2\/pages\/12202\/revisions\/12204"}],"up":[{"embeddable":true,"href":"https:\/\/experiencekrk.com\/it\/wp-json\/wp\/v2\/pages\/11752"}],"wp:attachment":[{"href":"https:\/\/experiencekrk.com\/it\/wp-json\/wp\/v2\/media?parent=12202"}],"curies":[{"name":"wp","href":"https:\/\/api.w.org\/{rel}","templated":true}]}}