{"id":12193,"date":"2019-04-16T06:23:07","date_gmt":"2019-04-16T06:23:07","guid":{"rendered":"https:\/\/experiencekrk.com\/pellegrinaggio\/katedrala-uznesenja-blazene-djevice-marije\/"},"modified":"2024-03-12T14:39:25","modified_gmt":"2024-03-12T14:39:25","slug":"cattedrale-dellassunzione-della-beata-vergine-maria","status":"publish","type":"page","link":"https:\/\/experiencekrk.com\/it\/pellegrinaggio\/cattedrale-dellassunzione-della-beata-vergine-maria\/","title":{"rendered":"Cattedrale dell&#8217;Assunzione della Beata Vergine Maria"},"content":{"rendered":"<p>[vc_row][vc_column]<div class=\"mkdf-section-title-holder\">\n\t<h1 class=\"mkdf-section-title mkdf-section-title-medium\" >\n\tCattedrale dell&#039;Assunzione della Beata Vergine Maria<\/h1>\n<\/div>[vc_column_text]<span style=\"font-weight: 400;\">La cattedrale fu costruita sui resti delle terme romane, sul terreno c&#8217;erano il battistero e la prima cattedrale cristiana fu costruita nel V secolo d.C. Secoli dopo la cattedrale sub\u00ec alcune importanti modifiche. Il campanile della cattedrale \u00e8 uno dei simboli riconoscibili della citt\u00e0, con l&#8217;angelo seduto orgogliosamente in cima.<\/span>[\/vc_column_text][vc_empty_space]<div class=\"mkdf-image-gallery\">\n    <div class=\"mkdf-image-gallery-grid mkdf-gallery-columns-2 \">\n                    <div class=\"mkdf-gallery-image\">\n                <div class=\"mkdf-hover-holder\">\n                \t\n                                                                        <img src=\"https:\/\/experiencekrk.com\/wp-content\/uploads\/2019\/04\/City-of-Krk-pilgrimage-home-image-600x400.jpg\" alt=\"\" width=\"600\" height=\"400\" \/>                        \t\t\t\t\t                <\/div>\n            <\/div>\n                    <div class=\"mkdf-gallery-image\">\n                <div class=\"mkdf-hover-holder\">\n                \t\n                                                                        <img src=\"https:\/\/experiencekrk.com\/wp-content\/uploads\/2019\/04\/City-of-Krk-columns-inside-the-Cathedral-600x400.jpg\" alt=\"\" width=\"600\" height=\"400\" \/>                        \t\t\t\t\t                <\/div>\n            <\/div>\n            <\/div>\n<\/div>[vc_column_text][\/vc_column_text][\/vc_column][\/vc_row][vc_row][vc_column][vc_empty_space]<div class=\"mkdf-separator-holder clearfix  mkdf-separator-center mkdf-separator-full-width\">\n\t<div class=\"mkdf-separator\" style=\"border-color: #ebebeb;border-style: solid;border-bottom-width: 1px;margin-top: 20px;margin-bottom: 45px\"><\/div>\n<\/div>\n<div class=\"mkdf-section-title-holder\">\n\t<h1 class=\"mkdf-section-title mkdf-section-title-small\" >\n\tContatto e posizione<\/h1>\n<\/div>[vc_row_inner][vc_column_inner width=&#8221;1\/4&#8243;][vc_column_text]Indirizzo: Ul. Antuna Mahni\u0107a 27, 51500 Krk[\/vc_column_text][\/vc_column_inner][vc_column_inner width=&#8221;3\/4&#8243;][vc_raw_html]JTNDaWZyYW1lJTIwc3JjJTNEJTIyaHR0cHMlM0ElMkYlMkZ3d3cuZ29vZ2xlLmNvbSUyRm1hcHMlMkZlbWJlZCUzRnBiJTNEJTIxMW0xOCUyMTFtMTIlMjExbTMlMjExZDE4MTc0LjYxNjkzNTIzMTA2JTIxMmQxNC41NzkxNTQxMTEwNDM1MiUyMTNkNDUuMDI2MzUwMjk4MDcyMTQlMjEybTMlMjExZjAlMjEyZjAlMjEzZjAlMjEzbTIlMjExaTEwMjQlMjEyaTc2OCUyMTRmMTMuMSUyMTNtMyUyMTFtMiUyMTFzMHg0NzYzNzM2ODczNTZiOWNmJTI1M0EweDc4YjNjZDc3MDRjODA0MzglMjEyc0thdGVkcmElMjE1ZTAlMjEzbTIlMjExc2VuJTIxMnNociUyMTR2MTU1NTM5NjAzMjUzNSUyMTVtMiUyMTFzZW4lMjEyc2hyJTIyJTIwd2lkdGglM0QlMjI5ODAlMjIlMjBoZWlnaHQlM0QlMjIzNTAlMjIlMjBmcmFtZWJvcmRlciUzRCUyMjAlMjIlMjBzdHlsZSUzRCUyMmJvcmRlciUzQTAlMjIlMjBhbGxvd2Z1bGxzY3JlZW4lM0UlM0MlMkZpZnJhbWUlM0U=[\/vc_raw_html][\/vc_column_inner][\/vc_row_inner][\/vc_column][\/vc_row]<\/p>\n","protected":false},"excerpt":{"rendered":"<p>[vc_row][vc_column][vc_column_text]La cattedrale fu costruita sui resti delle terme romane, sul terreno c&#8217;erano il battistero e la prima cattedrale cristiana fu costruita nel V secolo d.C. Secoli dopo la cattedrale sub\u00ec alcune importanti modifiche. Il campanile della cattedrale \u00e8 uno dei simboli riconoscibili della citt\u00e0, con l&#8217;angelo seduto orgogliosamente in cima.[\/vc_column_text][vc_empty_space][vc_column_text][\/vc_column_text][\/vc_column][\/vc_row][vc_row][vc_column][vc_empty_space][vc_row_inner][vc_column_inner width=&#8221;1\/4&#8243;][vc_column_text]Indirizzo: Ul. Antuna Mahni\u0107a 27, 51500 Krk[\/vc_column_text][\/vc_column_inner][vc_column_inner width=&#8221;3\/4&#8243;][vc_raw_html]JTNDaWZyYW1lJTIwc3JjJTNEJTIyaHR0cHMlM0ElMkYlMkZ3d3cuZ29vZ2xlLmNvbSUyRm1hcHMlMkZlbWJlZCUzRnBiJTNEJTIxMW0xOCUyMTFtMTIlMjExbTMlMjExZDE4MTc0LjYxNjkzNTIzMTA2JTIxMmQxNC41NzkxNTQxMTEwNDM1MiUyMTNkNDUuMDI2MzUwMjk4MDcyMTQlMjEybTMlMjExZjAlMjEyZjAlMjEzZjAlMjEzbTIlMjExaTEwMjQlMjEyaTc2OCUyMTRmMTMuMSUyMTNtMyUyMTFtMiUyMTFzMHg0NzYzNzM2ODczNTZiOWNmJTI1M0EweDc4YjNjZDc3MDRjODA0MzglMjEyc0thdGVkcmElMjE1ZTAlMjEzbTIlMjExc2VuJTIxMnNociUyMTR2MTU1NTM5NjAzMjUzNSUyMTVtMiUyMTFzZW4lMjEyc2hyJTIyJTIwd2lkdGglM0QlMjI5ODAlMjIlMjBoZWlnaHQlM0QlMjIzNTAlMjIlMjBmcmFtZWJvcmRlciUzRCUyMjAlMjIlMjBzdHlsZSUzRCUyMmJvcmRlciUzQTAlMjIlMjBhbGxvd2Z1bGxzY3JlZW4lM0UlM0MlMkZpZnJhbWUlM0U=[\/vc_raw_html][\/vc_column_inner][\/vc_row_inner][\/vc_column][\/vc_row]<\/p>\n","protected":false},"author":1,"featured_media":0,"parent":11752,"menu_order":0,"comment_status":"closed","ping_status":"closed","template":"","meta":[],"yoast_head":"<!-- This site is optimized with the Yoast SEO plugin v16.0.1 - https:\/\/yoast.com\/wordpress\/plugins\/seo\/ -->\n<title>Cattedrale dell&#039;Assunzione della Beata Vergine Maria - Experience Krk<\/title>\n<link rel=\"canonical\" href=\"https:\/\/experiencekrk.com\/it\/pellegrinaggio\/cattedrale-dellassunzione-della-beata-vergine-maria\/\" \/>\n<meta property=\"og:locale\" content=\"it_IT\" \/>\n<meta property=\"og:type\" content=\"article\" \/>\n<meta property=\"og:title\" content=\"Cattedrale dell&#039;Assunzione della Beata Vergine Maria - Experience Krk\" \/>\n<meta property=\"og:description\" content=\"[vc_row][vc_column][vc_column_text]La cattedrale fu costruita sui resti delle terme romane, sul terreno c&#8217;erano il battistero e la prima cattedrale cristiana fu costruita nel V secolo d.C. Secoli dopo la cattedrale sub\u00ec alcune importanti modifiche. Il campanile della cattedrale \u00e8 uno dei simboli riconoscibili della citt\u00e0, con l&#8217;angelo seduto orgogliosamente in cima.[\/vc_column_text][vc_empty_space][vc_column_text][\/vc_column_text][\/vc_column][\/vc_row][vc_row][vc_column][vc_empty_space][vc_row_inner][vc_column_inner width=&#8221;1\/4&#8243;][vc_column_text]Indirizzo: Ul. Antuna Mahni\u0107a 27, 51500 Krk[\/vc_column_text][\/vc_column_inner][vc_column_inner width=&#8221;3\/4&#8243;][vc_raw_html]JTNDaWZyYW1lJTIwc3JjJTNEJTIyaHR0cHMlM0ElMkYlMkZ3d3cuZ29vZ2xlLmNvbSUyRm1hcHMlMkZlbWJlZCUzRnBiJTNEJTIxMW0xOCUyMTFtMTIlMjExbTMlMjExZDE4MTc0LjYxNjkzNTIzMTA2JTIxMmQxNC41NzkxNTQxMTEwNDM1MiUyMTNkNDUuMDI2MzUwMjk4MDcyMTQlMjEybTMlMjExZjAlMjEyZjAlMjEzZjAlMjEzbTIlMjExaTEwMjQlMjEyaTc2OCUyMTRmMTMuMSUyMTNtMyUyMTFtMiUyMTFzMHg0NzYzNzM2ODczNTZiOWNmJTI1M0EweDc4YjNjZDc3MDRjODA0MzglMjEyc0thdGVkcmElMjE1ZTAlMjEzbTIlMjExc2VuJTIxMnNociUyMTR2MTU1NTM5NjAzMjUzNSUyMTVtMiUyMTFzZW4lMjEyc2hyJTIyJTIwd2lkdGglM0QlMjI5ODAlMjIlMjBoZWlnaHQlM0QlMjIzNTAlMjIlMjBmcmFtZWJvcmRlciUzRCUyMjAlMjIlMjBzdHlsZSUzRCUyMmJvcmRlciUzQTAlMjIlMjBhbGxvd2Z1bGxzY3JlZW4lM0UlM0MlMkZpZnJhbWUlM0U=[\/vc_raw_html][\/vc_column_inner][\/vc_row_inner][\/vc_column][\/vc_row]\" \/>\n<meta property=\"og:url\" content=\"https:\/\/experiencekrk.com\/it\/pellegrinaggio\/cattedrale-dellassunzione-della-beata-vergine-maria\/\" \/>\n<meta property=\"og:site_name\" content=\"Experience Krk\" \/>\n<meta property=\"article:modified_time\" content=\"2024-03-12T14:39:25+00:00\" \/>\n<meta name=\"twitter:card\" content=\"summary_large_image\" \/>\n<meta name=\"twitter:label1\" content=\"Tempo di lettura stimato\">\n\t<meta name=\"twitter:data1\" content=\"1 minuto\">\n<script type=\"application\/ld+json\" class=\"yoast-schema-graph\">{\"@context\":\"https:\/\/schema.org\",\"@graph\":[{\"@type\":\"WebSite\",\"@id\":\"https:\/\/experiencekrk.com\/#website\",\"url\":\"https:\/\/experiencekrk.com\/\",\"name\":\"Experience Krk\",\"description\":\"Cultural Tours, Food &amp; Wine and more\",\"potentialAction\":[{\"@type\":\"SearchAction\",\"target\":\"https:\/\/experiencekrk.com\/?s={search_term_string}\",\"query-input\":\"required name=search_term_string\"}],\"inLanguage\":\"it-IT\"},{\"@type\":\"WebPage\",\"@id\":\"https:\/\/experiencekrk.com\/it\/pellegrinaggio\/cattedrale-dellassunzione-della-beata-vergine-maria\/#webpage\",\"url\":\"https:\/\/experiencekrk.com\/it\/pellegrinaggio\/cattedrale-dellassunzione-della-beata-vergine-maria\/\",\"name\":\"Cattedrale dell'Assunzione della Beata Vergine Maria - Experience Krk\",\"isPartOf\":{\"@id\":\"https:\/\/experiencekrk.com\/#website\"},\"datePublished\":\"2019-04-16T06:23:07+00:00\",\"dateModified\":\"2024-03-12T14:39:25+00:00\",\"breadcrumb\":{\"@id\":\"https:\/\/experiencekrk.com\/it\/pellegrinaggio\/cattedrale-dellassunzione-della-beata-vergine-maria\/#breadcrumb\"},\"inLanguage\":\"it-IT\",\"potentialAction\":[{\"@type\":\"ReadAction\",\"target\":[\"https:\/\/experiencekrk.com\/it\/pellegrinaggio\/cattedrale-dellassunzione-della-beata-vergine-maria\/\"]}]},{\"@type\":\"BreadcrumbList\",\"@id\":\"https:\/\/experiencekrk.com\/it\/pellegrinaggio\/cattedrale-dellassunzione-della-beata-vergine-maria\/#breadcrumb\",\"itemListElement\":[{\"@type\":\"ListItem\",\"position\":1,\"item\":{\"@type\":\"WebPage\",\"@id\":\"https:\/\/experiencekrk.com\/it\/\",\"url\":\"https:\/\/experiencekrk.com\/it\/\",\"name\":\"Home\"}},{\"@type\":\"ListItem\",\"position\":2,\"item\":{\"@type\":\"WebPage\",\"@id\":\"https:\/\/experiencekrk.com\/it\/pellegrinaggio\/\",\"url\":\"https:\/\/experiencekrk.com\/it\/pellegrinaggio\/\",\"name\":\"Pellegrinaggio\"}},{\"@type\":\"ListItem\",\"position\":3,\"item\":{\"@type\":\"WebPage\",\"@id\":\"https:\/\/experiencekrk.com\/it\/pellegrinaggio\/cattedrale-dellassunzione-della-beata-vergine-maria\/\",\"url\":\"https:\/\/experiencekrk.com\/it\/pellegrinaggio\/cattedrale-dellassunzione-della-beata-vergine-maria\/\",\"name\":\"Cattedrale dell&#8217;Assunzione della Beata Vergine Maria\"}}]}]}<\/script>\n<!-- \/ Yoast SEO plugin. -->","_links":{"self":[{"href":"https:\/\/experiencekrk.com\/it\/wp-json\/wp\/v2\/pages\/12193"}],"collection":[{"href":"https:\/\/experiencekrk.com\/it\/wp-json\/wp\/v2\/pages"}],"about":[{"href":"https:\/\/experiencekrk.com\/it\/wp-json\/wp\/v2\/types\/page"}],"author":[{"embeddable":true,"href":"https:\/\/experiencekrk.com\/it\/wp-json\/wp\/v2\/users\/1"}],"replies":[{"embeddable":true,"href":"https:\/\/experiencekrk.com\/it\/wp-json\/wp\/v2\/comments?post=12193"}],"version-history":[{"count":4,"href":"https:\/\/experiencekrk.com\/it\/wp-json\/wp\/v2\/pages\/12193\/revisions"}],"predecessor-version":[{"id":33361,"href":"https:\/\/experiencekrk.com\/it\/wp-json\/wp\/v2\/pages\/12193\/revisions\/33361"}],"up":[{"embeddable":true,"href":"https:\/\/experiencekrk.com\/it\/wp-json\/wp\/v2\/pages\/11752"}],"wp:attachment":[{"href":"https:\/\/experiencekrk.com\/it\/wp-json\/wp\/v2\/media?parent=12193"}],"curies":[{"name":"wp","href":"https:\/\/api.w.org\/{rel}","templated":true}]}}