{"id":12167,"date":"2019-08-30T08:59:25","date_gmt":"2019-08-30T08:59:25","guid":{"rendered":"https:\/\/experiencekrk.com\/eventi-e-festival\/krk-music-fest-hr\/"},"modified":"2020-04-02T14:45:48","modified_gmt":"2020-04-02T14:45:48","slug":"krk-music-fest-it","status":"publish","type":"page","link":"https:\/\/experiencekrk.com\/it\/eventi-e-festival\/krk-music-fest-it\/","title":{"rendered":"Krk Music Fest"},"content":{"rendered":"<p>[vc_row][vc_column]<div class=\"mkdf-section-title-holder\">\n\t<h1 class=\"mkdf-section-title mkdf-section-title-medium\" >\n\tKrk Music Fest<\/h1>\n<\/div>[\/vc_column][\/vc_row][vc_row][vc_column width=&#8221;1\/2&#8243; css=&#8221;.vc_custom_1559125178706{padding-top: 0px !important;}&#8221;][vc_column_text css=&#8221;.vc_custom_1585838737064{border-top-width: 0px !important;padding-top: 0px !important;}&#8221;]<span style=\"font-weight: 400;\">Il Krk Music Fest, che si tiene a giugno, trasforma la citt\u00e0 di Krk nel centro della buona musica, dell&#8217;intrattenimento e della gastronomia unica. Il Festival celebra la Giornata mondiale della musica, celebrata in tutto il mondo il 21 giugno, ma anche l&#8217;inizio dell&#8217;estate.<\/span><\/p>\n<p><span style=\"font-weight: 400;\">In tre giorni del festival gli ospiti possono gustare specialit\u00e0 di street food provenienti da varie parti del mondo e in tutta una serie di eventi di musica e danza in diverse localit\u00e0 della citt\u00e0.<\/span><\/p>\n<p><span style=\"font-weight: 400;\">I punti salienti del festival sono le migliori esibizioni musicali dei famosi artisti. Negli anni precedenti la line-up del festival includeva il noto musicista di Spalato Gibonni, il famoso virtuoso della chitarra Damir Halili\u0107 Hal, Matija Dedi\u0107, Lea Dekleva, Tedi Spalato e altri.<\/span>[\/vc_column_text][\/vc_column][vc_column width=&#8221;1\/2&#8243; css=&#8221;.vc_custom_1559125192021{border-top-width: 0px !important;padding-top: 10px !important;}&#8221;]<div class=\"mkdf-image-gallery\">\n\t<div class=\"mkdf-image-gallery-slider \" data-autoplay=\"5\" data-animation=\"slide\" data-navigation=\"yes\" data-pagination=\"yes\">\n\t\t\t\t\t\t\t\t\t<img width=\"1920\" height=\"1280\" src=\"https:\/\/experiencekrk.com\/wp-content\/uploads\/2019\/08\/20180624-001309-julienduval_Envy_1920x1280.jpg\" class=\"attachment-full size-full\" alt=\"\" loading=\"lazy\" srcset=\"https:\/\/experiencekrk.com\/wp-content\/uploads\/2019\/08\/20180624-001309-julienduval_Envy_1920x1280.jpg 1920w, https:\/\/experiencekrk.com\/wp-content\/uploads\/2019\/08\/20180624-001309-julienduval_Envy_1920x1280-300x200.jpg 300w, https:\/\/experiencekrk.com\/wp-content\/uploads\/2019\/08\/20180624-001309-julienduval_Envy_1920x1280-768x512.jpg 768w, https:\/\/experiencekrk.com\/wp-content\/uploads\/2019\/08\/20180624-001309-julienduval_Envy_1920x1280-1024x683.jpg 1024w\" sizes=\"(max-width: 1920px) 100vw, 1920px\" \/>\t\t\t\t\t\t\t\t\t\t\t\t\t<img width=\"1920\" height=\"1280\" src=\"https:\/\/experiencekrk.com\/wp-content\/uploads\/2019\/08\/20180624-004513-julienduval_Envy-2_1920x1280.jpg\" class=\"attachment-full size-full\" alt=\"\" loading=\"lazy\" srcset=\"https:\/\/experiencekrk.com\/wp-content\/uploads\/2019\/08\/20180624-004513-julienduval_Envy-2_1920x1280.jpg 1920w, https:\/\/experiencekrk.com\/wp-content\/uploads\/2019\/08\/20180624-004513-julienduval_Envy-2_1920x1280-300x200.jpg 300w, https:\/\/experiencekrk.com\/wp-content\/uploads\/2019\/08\/20180624-004513-julienduval_Envy-2_1920x1280-768x512.jpg 768w, https:\/\/experiencekrk.com\/wp-content\/uploads\/2019\/08\/20180624-004513-julienduval_Envy-2_1920x1280-1024x683.jpg 1024w\" sizes=\"(max-width: 1920px) 100vw, 1920px\" \/>\t\t\t\t\t\t\t\t\t\t\t\t\t<img width=\"1920\" height=\"1280\" src=\"https:\/\/experiencekrk.com\/wp-content\/uploads\/2019\/08\/20180622-201154-julienduval_Envy_1920x1280.jpg\" class=\"attachment-full size-full\" alt=\"\" loading=\"lazy\" srcset=\"https:\/\/experiencekrk.com\/wp-content\/uploads\/2019\/08\/20180622-201154-julienduval_Envy_1920x1280.jpg 1920w, https:\/\/experiencekrk.com\/wp-content\/uploads\/2019\/08\/20180622-201154-julienduval_Envy_1920x1280-300x200.jpg 300w, https:\/\/experiencekrk.com\/wp-content\/uploads\/2019\/08\/20180622-201154-julienduval_Envy_1920x1280-768x512.jpg 768w, https:\/\/experiencekrk.com\/wp-content\/uploads\/2019\/08\/20180622-201154-julienduval_Envy_1920x1280-1024x683.jpg 1024w\" sizes=\"(max-width: 1920px) 100vw, 1920px\" \/>\t\t\t\t\t\t\t\t\t\t\t\t\t<img width=\"1920\" height=\"1280\" src=\"https:\/\/experiencekrk.com\/wp-content\/uploads\/2019\/08\/20180622-215140-julienduval_Envy_1920x1280.jpg\" class=\"attachment-full size-full\" alt=\"\" loading=\"lazy\" srcset=\"https:\/\/experiencekrk.com\/wp-content\/uploads\/2019\/08\/20180622-215140-julienduval_Envy_1920x1280.jpg 1920w, https:\/\/experiencekrk.com\/wp-content\/uploads\/2019\/08\/20180622-215140-julienduval_Envy_1920x1280-300x200.jpg 300w, https:\/\/experiencekrk.com\/wp-content\/uploads\/2019\/08\/20180622-215140-julienduval_Envy_1920x1280-768x512.jpg 768w, https:\/\/experiencekrk.com\/wp-content\/uploads\/2019\/08\/20180622-215140-julienduval_Envy_1920x1280-1024x683.jpg 1024w\" sizes=\"(max-width: 1920px) 100vw, 1920px\" \/>\t\t\t\t\t\t\t\t\t\t\t\t\t<img width=\"1920\" height=\"1280\" src=\"https:\/\/experiencekrk.com\/wp-content\/uploads\/2019\/08\/20180622-225145-julienduval_Envy_1920x1280.jpg\" class=\"attachment-full size-full\" alt=\"\" loading=\"lazy\" srcset=\"https:\/\/experiencekrk.com\/wp-content\/uploads\/2019\/08\/20180622-225145-julienduval_Envy_1920x1280.jpg 1920w, https:\/\/experiencekrk.com\/wp-content\/uploads\/2019\/08\/20180622-225145-julienduval_Envy_1920x1280-300x200.jpg 300w, https:\/\/experiencekrk.com\/wp-content\/uploads\/2019\/08\/20180622-225145-julienduval_Envy_1920x1280-768x512.jpg 768w, https:\/\/experiencekrk.com\/wp-content\/uploads\/2019\/08\/20180622-225145-julienduval_Envy_1920x1280-1024x683.jpg 1024w\" sizes=\"(max-width: 1920px) 100vw, 1920px\" \/>\t\t\t\t\t\t\t\t\t\t\t\t\t<img width=\"1920\" height=\"1280\" src=\"https:\/\/experiencekrk.com\/wp-content\/uploads\/2019\/08\/20180622-230800-julienduval_Envy_1920x1280.jpg\" class=\"attachment-full size-full\" alt=\"\" loading=\"lazy\" srcset=\"https:\/\/experiencekrk.com\/wp-content\/uploads\/2019\/08\/20180622-230800-julienduval_Envy_1920x1280.jpg 1920w, https:\/\/experiencekrk.com\/wp-content\/uploads\/2019\/08\/20180622-230800-julienduval_Envy_1920x1280-300x200.jpg 300w, https:\/\/experiencekrk.com\/wp-content\/uploads\/2019\/08\/20180622-230800-julienduval_Envy_1920x1280-768x512.jpg 768w, https:\/\/experiencekrk.com\/wp-content\/uploads\/2019\/08\/20180622-230800-julienduval_Envy_1920x1280-1024x683.jpg 1024w\" sizes=\"(max-width: 1920px) 100vw, 1920px\" \/>\t\t\t\t\t\t\t\t\t\t\t\t\t<img width=\"1920\" height=\"1280\" src=\"https:\/\/experiencekrk.com\/wp-content\/uploads\/2019\/08\/20180621-143554-julienduval_Envy_1920x1280.jpg\" class=\"attachment-full size-full\" alt=\"\" loading=\"lazy\" srcset=\"https:\/\/experiencekrk.com\/wp-content\/uploads\/2019\/08\/20180621-143554-julienduval_Envy_1920x1280.jpg 1920w, https:\/\/experiencekrk.com\/wp-content\/uploads\/2019\/08\/20180621-143554-julienduval_Envy_1920x1280-300x200.jpg 300w, https:\/\/experiencekrk.com\/wp-content\/uploads\/2019\/08\/20180621-143554-julienduval_Envy_1920x1280-768x512.jpg 768w, https:\/\/experiencekrk.com\/wp-content\/uploads\/2019\/08\/20180621-143554-julienduval_Envy_1920x1280-1024x683.jpg 1024w\" sizes=\"(max-width: 1920px) 100vw, 1920px\" \/>\t\t\t\t\t\t\t\t\t\t\t\t\t<img width=\"1920\" height=\"1280\" src=\"https:\/\/experiencekrk.com\/wp-content\/uploads\/2019\/08\/20180621-145443-julienduval_Envy_1920x1280.jpg\" class=\"attachment-full size-full\" alt=\"\" loading=\"lazy\" srcset=\"https:\/\/experiencekrk.com\/wp-content\/uploads\/2019\/08\/20180621-145443-julienduval_Envy_1920x1280.jpg 1920w, https:\/\/experiencekrk.com\/wp-content\/uploads\/2019\/08\/20180621-145443-julienduval_Envy_1920x1280-300x200.jpg 300w, https:\/\/experiencekrk.com\/wp-content\/uploads\/2019\/08\/20180621-145443-julienduval_Envy_1920x1280-768x512.jpg 768w, https:\/\/experiencekrk.com\/wp-content\/uploads\/2019\/08\/20180621-145443-julienduval_Envy_1920x1280-1024x683.jpg 1024w\" sizes=\"(max-width: 1920px) 100vw, 1920px\" \/>\t\t\t\t\t\t\t\t\t\t\t\t\t<img width=\"1920\" height=\"1280\" src=\"https:\/\/experiencekrk.com\/wp-content\/uploads\/2019\/08\/20180621-194529-julienduval_Envy_1920x1280.jpg\" class=\"attachment-full size-full\" alt=\"\" loading=\"lazy\" srcset=\"https:\/\/experiencekrk.com\/wp-content\/uploads\/2019\/08\/20180621-194529-julienduval_Envy_1920x1280.jpg 1920w, https:\/\/experiencekrk.com\/wp-content\/uploads\/2019\/08\/20180621-194529-julienduval_Envy_1920x1280-300x200.jpg 300w, https:\/\/experiencekrk.com\/wp-content\/uploads\/2019\/08\/20180621-194529-julienduval_Envy_1920x1280-768x512.jpg 768w, https:\/\/experiencekrk.com\/wp-content\/uploads\/2019\/08\/20180621-194529-julienduval_Envy_1920x1280-1024x683.jpg 1024w\" sizes=\"(max-width: 1920px) 100vw, 1920px\" \/>\t\t\t\t\t\t\t\t\t\t\t\t\t<img width=\"1920\" height=\"1280\" src=\"https:\/\/experiencekrk.com\/wp-content\/uploads\/2019\/08\/20180623-183223-julienduval_Envy_1920x1280.jpg\" class=\"attachment-full size-full\" alt=\"\" loading=\"lazy\" srcset=\"https:\/\/experiencekrk.com\/wp-content\/uploads\/2019\/08\/20180623-183223-julienduval_Envy_1920x1280.jpg 1920w, https:\/\/experiencekrk.com\/wp-content\/uploads\/2019\/08\/20180623-183223-julienduval_Envy_1920x1280-300x200.jpg 300w, https:\/\/experiencekrk.com\/wp-content\/uploads\/2019\/08\/20180623-183223-julienduval_Envy_1920x1280-768x512.jpg 768w, https:\/\/experiencekrk.com\/wp-content\/uploads\/2019\/08\/20180623-183223-julienduval_Envy_1920x1280-1024x683.jpg 1024w\" sizes=\"(max-width: 1920px) 100vw, 1920px\" \/>\t\t\t\t\t\t\t\t\t\t\t\t\t<img width=\"1920\" height=\"1280\" src=\"https:\/\/experiencekrk.com\/wp-content\/uploads\/2019\/08\/20180621-194707-julienduval_Envy_1920x1280.jpg\" class=\"attachment-full size-full\" alt=\"\" loading=\"lazy\" srcset=\"https:\/\/experiencekrk.com\/wp-content\/uploads\/2019\/08\/20180621-194707-julienduval_Envy_1920x1280.jpg 1920w, https:\/\/experiencekrk.com\/wp-content\/uploads\/2019\/08\/20180621-194707-julienduval_Envy_1920x1280-300x200.jpg 300w, https:\/\/experiencekrk.com\/wp-content\/uploads\/2019\/08\/20180621-194707-julienduval_Envy_1920x1280-768x512.jpg 768w, https:\/\/experiencekrk.com\/wp-content\/uploads\/2019\/08\/20180621-194707-julienduval_Envy_1920x1280-1024x683.jpg 1024w\" sizes=\"(max-width: 1920px) 100vw, 1920px\" \/>\t\t\t\t\t\t\t<\/div>\n<\/div>[\/vc_column][\/vc_row]<\/p>\n","protected":false},"excerpt":{"rendered":"<p>[vc_row][vc_column][\/vc_column][\/vc_row][vc_row][vc_column width=&#8221;1\/2&#8243; css=&#8221;.vc_custom_1559125178706{padding-top: 0px !important;}&#8221;][vc_column_text css=&#8221;.vc_custom_1585838737064{border-top-width: 0px !important;padding-top: 0px !important;}&#8221;]Il Krk Music Fest, che si tiene a giugno, trasforma la citt\u00e0 di Krk nel centro della buona musica, dell&#8217;intrattenimento e della gastronomia unica. Il Festival celebra la Giornata mondiale della musica, celebrata in tutto il mondo il 21 giugno, ma anche l&#8217;inizio dell&#8217;estate. In tre giorni del festival gli ospiti possono gustare specialit\u00e0 di street food provenienti da varie parti del mondo e in tutta una serie di eventi di musica e danza in diverse localit\u00e0 della citt\u00e0. I punti&#8230;<\/p>\n","protected":false},"author":1,"featured_media":0,"parent":11749,"menu_order":0,"comment_status":"closed","ping_status":"closed","template":"","meta":[],"yoast_head":"<!-- This site is optimized with the Yoast SEO plugin v16.0.1 - https:\/\/yoast.com\/wordpress\/plugins\/seo\/ -->\n<title>Krk Music Fest - Experience Krk<\/title>\n<link rel=\"canonical\" href=\"https:\/\/experiencekrk.com\/it\/eventi-e-festival\/krk-music-fest-it\/\" \/>\n<meta property=\"og:locale\" content=\"it_IT\" \/>\n<meta property=\"og:type\" content=\"article\" \/>\n<meta property=\"og:title\" content=\"Krk Music Fest - Experience Krk\" \/>\n<meta property=\"og:description\" content=\"[vc_row][vc_column][\/vc_column][\/vc_row][vc_row][vc_column width=&#8221;1\/2&#8243; css=&#8221;.vc_custom_1559125178706{padding-top: 0px !important;}&#8221;][vc_column_text css=&#8221;.vc_custom_1585838737064{border-top-width: 0px !important;padding-top: 0px !important;}&#8221;]Il Krk Music Fest, che si tiene a giugno, trasforma la citt\u00e0 di Krk nel centro della buona musica, dell&#8217;intrattenimento e della gastronomia unica. Il Festival celebra la Giornata mondiale della musica, celebrata in tutto il mondo il 21 giugno, ma anche l&#8217;inizio dell&#8217;estate. In tre giorni del festival gli ospiti possono gustare specialit\u00e0 di street food provenienti da varie parti del mondo e in tutta una serie di eventi di musica e danza in diverse localit\u00e0 della citt\u00e0. I punti...\" \/>\n<meta property=\"og:url\" content=\"https:\/\/experiencekrk.com\/it\/eventi-e-festival\/krk-music-fest-it\/\" \/>\n<meta property=\"og:site_name\" content=\"Experience Krk\" \/>\n<meta property=\"article:modified_time\" content=\"2020-04-02T14:45:48+00:00\" \/>\n<meta name=\"twitter:card\" content=\"summary_large_image\" \/>\n<meta name=\"twitter:label1\" content=\"Tempo di lettura stimato\">\n\t<meta name=\"twitter:data1\" content=\"1 minuto\">\n<script type=\"application\/ld+json\" class=\"yoast-schema-graph\">{\"@context\":\"https:\/\/schema.org\",\"@graph\":[{\"@type\":\"WebSite\",\"@id\":\"https:\/\/experiencekrk.com\/#website\",\"url\":\"https:\/\/experiencekrk.com\/\",\"name\":\"Experience Krk\",\"description\":\"Cultural Tours, Food &amp; Wine and more\",\"potentialAction\":[{\"@type\":\"SearchAction\",\"target\":\"https:\/\/experiencekrk.com\/?s={search_term_string}\",\"query-input\":\"required name=search_term_string\"}],\"inLanguage\":\"it-IT\"},{\"@type\":\"WebPage\",\"@id\":\"https:\/\/experiencekrk.com\/it\/eventi-e-festival\/krk-music-fest-it\/#webpage\",\"url\":\"https:\/\/experiencekrk.com\/it\/eventi-e-festival\/krk-music-fest-it\/\",\"name\":\"Krk Music Fest - Experience Krk\",\"isPartOf\":{\"@id\":\"https:\/\/experiencekrk.com\/#website\"},\"datePublished\":\"2019-08-30T08:59:25+00:00\",\"dateModified\":\"2020-04-02T14:45:48+00:00\",\"breadcrumb\":{\"@id\":\"https:\/\/experiencekrk.com\/it\/eventi-e-festival\/krk-music-fest-it\/#breadcrumb\"},\"inLanguage\":\"it-IT\",\"potentialAction\":[{\"@type\":\"ReadAction\",\"target\":[\"https:\/\/experiencekrk.com\/it\/eventi-e-festival\/krk-music-fest-it\/\"]}]},{\"@type\":\"BreadcrumbList\",\"@id\":\"https:\/\/experiencekrk.com\/it\/eventi-e-festival\/krk-music-fest-it\/#breadcrumb\",\"itemListElement\":[{\"@type\":\"ListItem\",\"position\":1,\"item\":{\"@type\":\"WebPage\",\"@id\":\"https:\/\/experiencekrk.com\/it\/\",\"url\":\"https:\/\/experiencekrk.com\/it\/\",\"name\":\"Home\"}},{\"@type\":\"ListItem\",\"position\":2,\"item\":{\"@type\":\"WebPage\",\"@id\":\"https:\/\/experiencekrk.com\/it\/eventi-e-festival\/\",\"url\":\"https:\/\/experiencekrk.com\/it\/eventi-e-festival\/\",\"name\":\"Eventi e festival\"}},{\"@type\":\"ListItem\",\"position\":3,\"item\":{\"@type\":\"WebPage\",\"@id\":\"https:\/\/experiencekrk.com\/it\/eventi-e-festival\/krk-music-fest-it\/\",\"url\":\"https:\/\/experiencekrk.com\/it\/eventi-e-festival\/krk-music-fest-it\/\",\"name\":\"Krk Music Fest\"}}]}]}<\/script>\n<!-- \/ Yoast SEO plugin. -->","_links":{"self":[{"href":"https:\/\/experiencekrk.com\/it\/wp-json\/wp\/v2\/pages\/12167"}],"collection":[{"href":"https:\/\/experiencekrk.com\/it\/wp-json\/wp\/v2\/pages"}],"about":[{"href":"https:\/\/experiencekrk.com\/it\/wp-json\/wp\/v2\/types\/page"}],"author":[{"embeddable":true,"href":"https:\/\/experiencekrk.com\/it\/wp-json\/wp\/v2\/users\/1"}],"replies":[{"embeddable":true,"href":"https:\/\/experiencekrk.com\/it\/wp-json\/wp\/v2\/comments?post=12167"}],"version-history":[{"count":2,"href":"https:\/\/experiencekrk.com\/it\/wp-json\/wp\/v2\/pages\/12167\/revisions"}],"predecessor-version":[{"id":12169,"href":"https:\/\/experiencekrk.com\/it\/wp-json\/wp\/v2\/pages\/12167\/revisions\/12169"}],"up":[{"embeddable":true,"href":"https:\/\/experiencekrk.com\/it\/wp-json\/wp\/v2\/pages\/11749"}],"wp:attachment":[{"href":"https:\/\/experiencekrk.com\/it\/wp-json\/wp\/v2\/media?parent=12167"}],"curies":[{"name":"wp","href":"https:\/\/api.w.org\/{rel}","templated":true}]}}