{"id":12134,"date":"2019-05-29T10:26:11","date_gmt":"2019-05-29T10:26:11","guid":{"rendered":"https:\/\/experiencekrk.com\/storia\/etno-bastina\/"},"modified":"2020-04-02T12:24:22","modified_gmt":"2020-04-02T12:24:22","slug":"patrimonio-etnico","status":"publish","type":"page","link":"https:\/\/experiencekrk.com\/it\/storia\/patrimonio-etnico\/","title":{"rendered":"Patrimonio etnico"},"content":{"rendered":"<p>[vc_row][vc_column]<div class=\"mkdf-section-title-holder\">\n\t<h1 class=\"mkdf-section-title mkdf-section-title-medium\" >\n\tIl canto a due voci a intervalli stretti<\/h1>\n<\/div>[\/vc_column][\/vc_row][vc_row][vc_column width=&#8221;1\/2&#8243; css=&#8221;.vc_custom_1559125178706{padding-top: 0px !important;}&#8221;][vc_column_text css=&#8221;.vc_custom_1585829883401{border-top-width: 0px !important;padding-top: 0px !important;}&#8221;]Il canto a due voci a intervalli stretti \u00e8 uno stile complesso di musica popolare specifico per l&#8217;area dell&#8217;isola di Krk, il litorale croato e l&#8217;Istria. Il canto a due voci \u00e8 un colore caratteristico del tono raggiunto nella musica vocale cantando con forza, in parte attraverso il naso. Questo tipo di canto \u00e8 elencato nella lista dei patrimoni orali e immateriali dell&#8217;umanit\u00e0 UNESCO.<\/p>\n<p>Questo tipo di canto \u00e8 spesso accompagnato dal tradizionale strumento folk &#8220;sopile&#8221; &#8211; antico strumento a fiato. Il canto a due voci e l&#8217;esecuzione di &#8220;sopile&#8221; possono essere visti oggi nel tradizionale festival estivo del folklore di Krk e in altre feste dell&#8217;isola. Scoprine di pi\u00f9 in questo<a href=\"https:\/\/www.youtube.com\/watch?reload=9&amp;v=QceUcUodtaY&amp;feature=youtu.be\"> cortometraggio su &#8220;sopile&#8221; e &#8220;Il canto a due voci\u201d.<\/a>[\/vc_column_text][vc_column_text][\/vc_column_text][\/vc_column][vc_column width=&#8221;1\/2&#8243; css=&#8221;.vc_custom_1559125192021{border-top-width: 0px !important;padding-top: 10px !important;}&#8221;][vc_single_image image=&#8221;5632&#8243; img_size=&#8221;full&#8221;][\/vc_column][\/vc_row][vc_row][vc_column][vc_empty_space height=&#8221;10px&#8221;]<div class=\"mkdf-separator-holder clearfix  mkdf-separator-center mkdf-separator-full-width\">\n\t<div class=\"mkdf-separator\" style=\"border-color: #ebebeb;border-style: solid;border-bottom-width: 1px;margin-top: 20px;margin-bottom: 45px\"><\/div>\n<\/div>\n[\/vc_column][\/vc_row][vc_row][vc_column width=&#8221;1\/2&#8243; css=&#8221;.vc_custom_1559123188863{padding-top: 15px !important;}&#8221;]<div class=\"mkdf-section-title-holder\">\n\t<h1 class=\"mkdf-section-title mkdf-section-title-medium\" >\n\tAssociazioni folcloristiche e culturali<\/h1>\n<\/div>[vc_column_text css=&#8221;.vc_custom_1585830187850{border-top-width: 0px !important;padding-top: 0px !important;}&#8221;]La ricca tradizione folcloristica e il patrimonio dell&#8217;isola di Krk sono stati preservati grazie agli sforzi delle associazioni folcloristiche locali. &#8220;Kr\u010dki tanac&#8221; \u00e8 una danza tradizionale sull&#8217;isola di Krk che \u00e8 accompagnata dal tradizionale strumento a fiato &#8220;sopile&#8221;. I ballerini sono vestiti con costumi tradizionali. Questa danza tradizionale \u00e8 eseguita dalle associazioni popolari locali durante le feste locali e altri eventi culturali.<\/p>\n<p>La pi\u00f9 antica associazione folcloristica sull&#8217;isola di Krk \u00e8 Town Music Krk fondata nel 1832. Town Music Krk \u00e8 un ensemble musicale composto da strumenti in ottone.[\/vc_column_text][vc_column_text][\/vc_column_text][\/vc_column][vc_column width=&#8221;1\/2&#8243; css=&#8221;.vc_custom_1559125093053{border-top-width: 0px !important;padding-top: 25px !important;}&#8221;]<div class=\"mkdf-image-gallery\">\n\t<div class=\"mkdf-image-gallery-slider \" data-autoplay=\"5\" data-animation=\"slide\" data-navigation=\"yes\" data-pagination=\"yes\">\n\t\t\t\t\t\t\t\t\t<img src=\"https:\/\/experiencekrk.com\/wp-content\/uploads\/2019\/05\/City-of-Krk-bass-band-600x400.jpg\" alt=\"\" width=\"600\" height=\"400\" \/>\t\t\t\t\t\t\t\t\t\t\t\t\t<img src=\"https:\/\/experiencekrk.com\/wp-content\/uploads\/2019\/05\/City-of-Krk-folklore-600x400.jpg\" alt=\"\" width=\"600\" height=\"400\" \/>\t\t\t\t\t\t\t\t\t\t\t\t\t<img src=\"https:\/\/experiencekrk.com\/wp-content\/uploads\/2019\/05\/City-of-Krk-folklore-2-600x400.jpg\" alt=\"\" width=\"600\" height=\"400\" \/>\t\t\t\t\t\t\t<\/div>\n<\/div>[\/vc_column][\/vc_row][vc_row][vc_column][vc_empty_space height=&#8221;10px&#8221;]<div class=\"mkdf-separator-holder clearfix  mkdf-separator-center mkdf-separator-full-width\">\n\t<div class=\"mkdf-separator\" style=\"border-color: #ebebeb;border-style: solid;border-bottom-width: 1px;margin-top: 20px;margin-bottom: 45px\"><\/div>\n<\/div>\n[\/vc_column][\/vc_row][vc_row][vc_column width=&#8221;1\/2&#8243; css=&#8221;.vc_custom_1559123188863{padding-top: 15px !important;}&#8221;]<div class=\"mkdf-section-title-holder\">\n\t<h1 class=\"mkdf-section-title mkdf-section-title-medium\" >\n\tEthno House Korni\u0107<\/h1>\n<\/div>[vc_column_text css=&#8221;.vc_custom_1585830226454{border-top-width: 0px !important;padding-top: 0px !important;}&#8221;]La casa etnica locale Korni\u0107 \u00e8 un luogo dove si pu\u00f2 vedere come vivevano le persone del posto cinquantasei anni prima. Nella casa della famiglia si possono vedere mobili antichi, collezione di strumenti musicali, forno tradizionale, mulino fatto a mano per mais e altri utensili.<\/p>\n<p>Cellulare: +385 91 50 93 781<br \/>\nE-mail: hkd.bradica@gmail.com<br \/>\nIndirizzo: Kamenica 16, 51517 Korni\u0107[\/vc_column_text][vc_column_text][\/vc_column_text][\/vc_column][vc_column width=&#8221;1\/2&#8243; css=&#8221;.vc_custom_1559124688182{border-top-width: 0px !important;padding-top: 15px !important;}&#8221;]<div class=\"mkdf-image-gallery\">\n\t<div class=\"mkdf-image-gallery-slider \" data-autoplay=\"5\" data-animation=\"slide\" data-navigation=\"yes\" data-pagination=\"yes\">\n\t\t\t\t\t\t\t\t\t<img src=\"https:\/\/experiencekrk.com\/wp-content\/uploads\/2019\/05\/City-of-Krk-Kornic-Ethnographic-Collection-2-600x400.jpg\" alt=\"\" width=\"600\" height=\"400\" \/>\t\t\t\t\t\t\t\t\t\t\t\t\t<img src=\"https:\/\/experiencekrk.com\/wp-content\/uploads\/2019\/05\/City-of-Krk-Kornic-Ethnographic-Collection-3-600x400.jpg\" alt=\"\" width=\"600\" height=\"400\" \/>\t\t\t\t\t\t\t\t\t\t\t\t\t<img src=\"https:\/\/experiencekrk.com\/wp-content\/uploads\/2019\/05\/City-of-Krk-Kornic-Ethnographic-Collection-4-600x400.jpg\" alt=\"\" width=\"600\" height=\"400\" \/>\t\t\t\t\t\t\t\t\t\t\t\t\t<img src=\"https:\/\/experiencekrk.com\/wp-content\/uploads\/2019\/05\/City-of-Krk-Kornic-Ethnographic-Collection-5-600x400.jpg\" alt=\"\" width=\"600\" height=\"400\" \/>\t\t\t\t\t\t\t\t\t\t\t\t\t<img src=\"https:\/\/experiencekrk.com\/wp-content\/uploads\/2019\/05\/City-of-Krk-Kornic-Ethnographic-Collection-6-600x400.jpg\" alt=\"\" width=\"600\" height=\"400\" \/>\t\t\t\t\t\t\t\t\t\t\t\t\t<img src=\"https:\/\/experiencekrk.com\/wp-content\/uploads\/2019\/05\/City-of-Krk-Kornic-Ethnographic-Collection-7-600x400.jpg\" alt=\"\" width=\"600\" height=\"400\" \/>\t\t\t\t\t\t\t\t\t\t\t\t\t<img src=\"https:\/\/experiencekrk.com\/wp-content\/uploads\/2019\/05\/City-of-Krk-Kornic-Ethnographic-Collection-8-600x400.jpg\" alt=\"\" width=\"600\" height=\"400\" \/>\t\t\t\t\t\t\t\t\t\t\t\t\t<img src=\"https:\/\/experiencekrk.com\/wp-content\/uploads\/2019\/05\/City-of-Krk-Kornic-Ethnographic-Collection-9-600x400.jpg\" alt=\"\" width=\"600\" height=\"400\" \/>\t\t\t\t\t\t\t\t\t\t\t\t\t<img src=\"https:\/\/experiencekrk.com\/wp-content\/uploads\/2019\/05\/City-of-Krk-Kornic-Ethnographic-Collection-10-600x400.jpg\" alt=\"\" width=\"600\" height=\"400\" \/>\t\t\t\t\t\t\t\t\t\t\t\t\t<img src=\"https:\/\/experiencekrk.com\/wp-content\/uploads\/2019\/05\/City-of-Krk-Kornic-Ethnographic-Collection-11-600x400.jpg\" alt=\"\" width=\"600\" height=\"400\" \/>\t\t\t\t\t\t\t\t\t\t\t\t\t<img src=\"https:\/\/experiencekrk.com\/wp-content\/uploads\/2019\/05\/City-of-Krk-Kornic-Ethnographic-Collection-12-600x400.jpg\" alt=\"\" width=\"600\" height=\"400\" \/>\t\t\t\t\t\t\t\t\t\t\t\t\t<img src=\"https:\/\/experiencekrk.com\/wp-content\/uploads\/2019\/05\/City-of-Krk-Kornic-Ethnographic-Collection-600x400.jpg\" alt=\"\" width=\"600\" height=\"400\" \/>\t\t\t\t\t\t\t<\/div>\n<\/div>[\/vc_column][\/vc_row][vc_row][vc_column][vc_empty_space height=&#8221;10px&#8221;][vc_column_text css=&#8221;.vc_custom_1585830242553{padding-bottom: 15px !important;}&#8221;]<\/p>\n<h5>Posizione<\/h5>\n<p>[\/vc_column_text][vc_raw_html]JTNDaWZyYW1lJTIwc3JjJTNEJTIyaHR0cHMlM0ElMkYlMkZ3d3cuZ29vZ2xlLmNvbSUyRm1hcHMlMkZlbWJlZCUzRnBiJTNEJTIxMW0xOCUyMTFtMTIlMjExbTMlMjExZDE3MTQxLjE3ODY5NTcxODEyNSUyMTJkMTQuNjEwOTYxMDI2MDU1NzI0JTIxM2Q0NS4wNDM0NjI1NDE5Njc2OCUyMTJtMyUyMTFmMCUyMTJmMCUyMTNmMCUyMTNtMiUyMTFpMTAyNCUyMTJpNzY4JTIxNGYxMy4xJTIxM20zJTIxMW0yJTIxMXMweDQ3NjM3MTg0NThiNmM3MWIlMjUzQTB4ZTQ5YjdiNjc5NzFiNzJhYyUyMTJ6UlhSdWJ5QnJkY1NIWVNCTGIzSnVhY1NIJTIxNWUwJTIxM20yJTIxMXNlbiUyMTJzaHIlMjE0djE1NTkxMjY5NzMzMTIlMjE1bTIlMjExc2VuJTIxMnNociUyMiUyMHdpZHRoJTNEJTIyOTgwJTIyJTIwaGVpZ2h0JTNEJTIyMzUwJTIyJTIwZnJhbWVib3JkZXIlM0QlMjIwJTIyJTIwc3R5bGUlM0QlMjJib3JkZXIlM0EwJTIyJTIwYWxsb3dmdWxsc2NyZWVuJTNFJTNDJTJGaWZyYW1lJTNF[\/vc_raw_html]<div class=\"mkdf-separator-holder clearfix  mkdf-separator-center mkdf-separator-full-width\">\n\t<div class=\"mkdf-separator\" style=\"border-color: #ebebeb;border-style: solid;border-bottom-width: 1px;margin-top: 20px;margin-bottom: 45px\"><\/div>\n<\/div>\n[\/vc_column][\/vc_row]<\/p>\n","protected":false},"excerpt":{"rendered":"<p>[vc_row][vc_column][\/vc_column][\/vc_row][vc_row][vc_column width=&#8221;1\/2&#8243; css=&#8221;.vc_custom_1559125178706{padding-top: 0px !important;}&#8221;][vc_column_text css=&#8221;.vc_custom_1585829883401{border-top-width: 0px !important;padding-top: 0px !important;}&#8221;]Il canto a due voci a intervalli stretti \u00e8 uno stile complesso di musica popolare specifico per l&#8217;area dell&#8217;isola di Krk, il litorale croato e l&#8217;Istria. Il canto a due voci \u00e8 un colore caratteristico del tono raggiunto nella musica vocale cantando con forza, in parte attraverso il naso. Questo tipo di canto \u00e8 elencato nella lista dei patrimoni orali e immateriali dell&#8217;umanit\u00e0 UNESCO. Questo tipo di canto \u00e8 spesso accompagnato dal tradizionale strumento folk &#8220;sopile&#8221; &#8211; antico strumento a fiato&#8230;.<\/p>\n","protected":false},"author":1,"featured_media":0,"parent":11675,"menu_order":0,"comment_status":"closed","ping_status":"closed","template":"","meta":[],"yoast_head":"<!-- This site is optimized with the Yoast SEO plugin v16.0.1 - https:\/\/yoast.com\/wordpress\/plugins\/seo\/ -->\n<title>Patrimonio etnico - Experience Krk<\/title>\n<link rel=\"canonical\" href=\"https:\/\/experiencekrk.com\/it\/storia\/patrimonio-etnico\/\" \/>\n<meta property=\"og:locale\" content=\"it_IT\" \/>\n<meta property=\"og:type\" content=\"article\" \/>\n<meta property=\"og:title\" content=\"Patrimonio etnico - Experience Krk\" \/>\n<meta property=\"og:description\" content=\"[vc_row][vc_column][\/vc_column][\/vc_row][vc_row][vc_column width=&#8221;1\/2&#8243; css=&#8221;.vc_custom_1559125178706{padding-top: 0px !important;}&#8221;][vc_column_text css=&#8221;.vc_custom_1585829883401{border-top-width: 0px !important;padding-top: 0px !important;}&#8221;]Il canto a due voci a intervalli stretti \u00e8 uno stile complesso di musica popolare specifico per l&#8217;area dell&#8217;isola di Krk, il litorale croato e l&#8217;Istria. Il canto a due voci \u00e8 un colore caratteristico del tono raggiunto nella musica vocale cantando con forza, in parte attraverso il naso. Questo tipo di canto \u00e8 elencato nella lista dei patrimoni orali e immateriali dell&#8217;umanit\u00e0 UNESCO. Questo tipo di canto \u00e8 spesso accompagnato dal tradizionale strumento folk &#8220;sopile&#8221; &#8211; antico strumento a fiato....\" \/>\n<meta property=\"og:url\" content=\"https:\/\/experiencekrk.com\/it\/storia\/patrimonio-etnico\/\" \/>\n<meta property=\"og:site_name\" content=\"Experience Krk\" \/>\n<meta property=\"article:modified_time\" content=\"2020-04-02T12:24:22+00:00\" \/>\n<meta name=\"twitter:card\" content=\"summary_large_image\" \/>\n<meta name=\"twitter:label1\" content=\"Tempo di lettura stimato\">\n\t<meta name=\"twitter:data1\" content=\"3 minuti\">\n<script type=\"application\/ld+json\" class=\"yoast-schema-graph\">{\"@context\":\"https:\/\/schema.org\",\"@graph\":[{\"@type\":\"WebSite\",\"@id\":\"https:\/\/experiencekrk.com\/#website\",\"url\":\"https:\/\/experiencekrk.com\/\",\"name\":\"Experience Krk\",\"description\":\"Cultural Tours, Food &amp; Wine and more\",\"potentialAction\":[{\"@type\":\"SearchAction\",\"target\":\"https:\/\/experiencekrk.com\/?s={search_term_string}\",\"query-input\":\"required name=search_term_string\"}],\"inLanguage\":\"it-IT\"},{\"@type\":\"WebPage\",\"@id\":\"https:\/\/experiencekrk.com\/it\/storia\/patrimonio-etnico\/#webpage\",\"url\":\"https:\/\/experiencekrk.com\/it\/storia\/patrimonio-etnico\/\",\"name\":\"Patrimonio etnico - Experience Krk\",\"isPartOf\":{\"@id\":\"https:\/\/experiencekrk.com\/#website\"},\"datePublished\":\"2019-05-29T10:26:11+00:00\",\"dateModified\":\"2020-04-02T12:24:22+00:00\",\"breadcrumb\":{\"@id\":\"https:\/\/experiencekrk.com\/it\/storia\/patrimonio-etnico\/#breadcrumb\"},\"inLanguage\":\"it-IT\",\"potentialAction\":[{\"@type\":\"ReadAction\",\"target\":[\"https:\/\/experiencekrk.com\/it\/storia\/patrimonio-etnico\/\"]}]},{\"@type\":\"BreadcrumbList\",\"@id\":\"https:\/\/experiencekrk.com\/it\/storia\/patrimonio-etnico\/#breadcrumb\",\"itemListElement\":[{\"@type\":\"ListItem\",\"position\":1,\"item\":{\"@type\":\"WebPage\",\"@id\":\"https:\/\/experiencekrk.com\/it\/\",\"url\":\"https:\/\/experiencekrk.com\/it\/\",\"name\":\"Home\"}},{\"@type\":\"ListItem\",\"position\":2,\"item\":{\"@type\":\"WebPage\",\"@id\":\"https:\/\/experiencekrk.com\/it\/storia\/\",\"url\":\"https:\/\/experiencekrk.com\/it\/storia\/\",\"name\":\"Storia\"}},{\"@type\":\"ListItem\",\"position\":3,\"item\":{\"@type\":\"WebPage\",\"@id\":\"https:\/\/experiencekrk.com\/it\/storia\/patrimonio-etnico\/\",\"url\":\"https:\/\/experiencekrk.com\/it\/storia\/patrimonio-etnico\/\",\"name\":\"Patrimonio etnico\"}}]}]}<\/script>\n<!-- \/ Yoast SEO plugin. -->","_links":{"self":[{"href":"https:\/\/experiencekrk.com\/it\/wp-json\/wp\/v2\/pages\/12134"}],"collection":[{"href":"https:\/\/experiencekrk.com\/it\/wp-json\/wp\/v2\/pages"}],"about":[{"href":"https:\/\/experiencekrk.com\/it\/wp-json\/wp\/v2\/types\/page"}],"author":[{"embeddable":true,"href":"https:\/\/experiencekrk.com\/it\/wp-json\/wp\/v2\/users\/1"}],"replies":[{"embeddable":true,"href":"https:\/\/experiencekrk.com\/it\/wp-json\/wp\/v2\/comments?post=12134"}],"version-history":[{"count":2,"href":"https:\/\/experiencekrk.com\/it\/wp-json\/wp\/v2\/pages\/12134\/revisions"}],"predecessor-version":[{"id":12141,"href":"https:\/\/experiencekrk.com\/it\/wp-json\/wp\/v2\/pages\/12134\/revisions\/12141"}],"up":[{"embeddable":true,"href":"https:\/\/experiencekrk.com\/it\/wp-json\/wp\/v2\/pages\/11675"}],"wp:attachment":[{"href":"https:\/\/experiencekrk.com\/it\/wp-json\/wp\/v2\/media?parent=12134"}],"curies":[{"name":"wp","href":"https:\/\/api.w.org\/{rel}","templated":true}]}}