{"id":12132,"date":"2019-04-15T17:17:34","date_gmt":"2019-04-15T17:17:34","guid":{"rendered":"https:\/\/experiencekrk.com\/storia\/frankopanski-dvorac-i-bastina\/"},"modified":"2024-03-12T14:21:18","modified_gmt":"2024-03-12T14:21:18","slug":"castello-di-frankopan-e-patrimonio","status":"publish","type":"page","link":"https:\/\/experiencekrk.com\/it\/storia\/castello-di-frankopan-e-patrimonio\/","title":{"rendered":"Castello di Frankopan e patrimonio"},"content":{"rendered":"<p>[vc_row][vc_column]<div class=\"mkdf-section-title-holder\">\n\t<h1 class=\"mkdf-section-title mkdf-section-title-medium\" >\n\tCastello di Frankopan<\/h1>\n<\/div>[\/vc_column][\/vc_row][vc_row][vc_column width=&#8221;1\/2&#8243; css=&#8221;.vc_custom_1559125178706{padding-top: 0px !important;}&#8221;][vc_column_text css=&#8221;.vc_custom_1585829552257{border-top-width: 0px !important;padding-top: 0px !important;}&#8221;]Da piazza Kamplin si entra nel castello di Frankopan, costruito tra il XII e il XV secolo. Questo castello fu residenza della nobile famiglia Frankopan, una famiglia che ebbe un impatto enorme sulla storia croata e sulle origini dell&#8217;isola di Krk. Il castello di Frankopan ha mura del castello molto ben conservate e tre torri utilizzate per la difesa della popolazione locale.<\/p>\n<p>Nel castello Frankopan potete vedere i Cippus di Liburni &#8211; una forma specifica di una pietra tombale che apparve nella zona di Liburnia nel 3\u00b0 secolo d.C. Per saperne di pi\u00f9 sulla storia di questo castello e sulla storia della citt\u00e0 di Krk, unitevi ad alcuni dei tour organizzati all&#8217;interno del castello.[\/vc_column_text][vc_column_text][\/vc_column_text][\/vc_column][vc_column width=&#8221;1\/2&#8243; css=&#8221;.vc_custom_1559125192021{border-top-width: 0px !important;padding-top: 10px !important;}&#8221;]<div class=\"mkdf-image-gallery\">\n\t<div class=\"mkdf-image-gallery-slider \" data-autoplay=\"5\" data-animation=\"slide\" data-navigation=\"yes\" data-pagination=\"yes\">\n\t\t\t\t\t\t\t\t\t<img src=\"https:\/\/experiencekrk.com\/wp-content\/uploads\/2019\/04\/City-of-Krk-Old-Town-Center-and-Frankopan-Castle-600x400.jpg\" alt=\"\" width=\"600\" height=\"400\" \/>\t\t\t\t\t\t\t\t\t\t\t\t\t<img src=\"https:\/\/experiencekrk.com\/wp-content\/uploads\/2019\/04\/City-of-Krk-historical-tour-home-image-600x400.jpg\" alt=\"the historical tours of Krk and its rich historical heritage from the ancient Europe times\" width=\"600\" height=\"400\" \/>\t\t\t\t\t\t\t\t\t\t\t\t\t<img src=\"https:\/\/experiencekrk.com\/wp-content\/uploads\/2019\/05\/TZKrk-city-walls-600x400.jpg\" alt=\"\" width=\"600\" height=\"400\" \/>\t\t\t\t\t\t\t\t\t\t\t\t\t<img src=\"https:\/\/experiencekrk.com\/wp-content\/uploads\/2019\/04\/City-of-Krk-Frankopan-castle-600x400.jpg\" alt=\"\" width=\"600\" height=\"400\" \/>\t\t\t\t\t\t\t\t\t\t\t\t\t<img src=\"https:\/\/experiencekrk.com\/wp-content\/uploads\/2019\/05\/City-of-Krk-frankopan-castle-cipus-600x400.jpg\" alt=\"\" width=\"600\" height=\"400\" \/>\t\t\t\t\t\t\t\t\t\t\t\t\t<img src=\"https:\/\/experiencekrk.com\/wp-content\/uploads\/2019\/05\/TZKrk-city-walls-view-from-the-sea-600x400.jpg\" alt=\"\" width=\"600\" height=\"400\" \/>\t\t\t\t\t\t\t<\/div>\n<\/div>[\/vc_column][\/vc_row][vc_row][vc_column][vc_empty_space][vc_row_inner][vc_column_inner width=&#8221;1\/4&#8243;][vc_column_text css=&#8221;.vc_custom_1710253274395{border-top-width: 0px !important;padding-top: 10px !important;}&#8221;]<strong>Contatto e posizione<\/strong><\/p>\n<p>E-mail:<a href=\"mailto:info@kastel-krk.com\">info@kastel-krk.com<\/a><br \/>\nWeb: <a href=\"http:\/\/www.kastel-krk.com\/\" target=\"_blank\" rel=\"noopener noreferrer\">www.kastel-krk.com\/<\/a><br \/>\nIndirizzo: Trg Kamplin, 51500 Krk[\/vc_column_text][\/vc_column_inner][vc_column_inner width=&#8221;3\/4&#8243;][vc_raw_html]JTNDaWZyYW1lJTIwc3JjJTNEJTIyaHR0cHMlM0ElMkYlMkZ3d3cuZ29vZ2xlLmNvbSUyRm1hcHMlMkZlbWJlZCUzRnBiJTNEJTIxMW0xOCUyMTFtMTIlMjExbTMlMjExZDExMjc5Ljk2OTU2OTAxMzE5NiUyMTJkMTQuNTc3NDI0MTI2NzI5Nzg4JTIxM2Q0NS4wMjUwNzk5MTAzNTQwMTYlMjEybTMlMjExZjAlMjEyZjAlMjEzZjAlMjEzbTIlMjExaTEwMjQlMjEyaTc2OCUyMTRmMTMuMSUyMTNtMyUyMTFtMiUyMTFzMHg0NzYzNzIxMmZhNDg5M2VmJTI1M0EweDZjOTYyYWJjZDVmYjgxOGIlMjEyc0ZyYW5rb3BhbiUyQkNhc3RsZSUyMTVlMCUyMTNtMiUyMTFzZW4lMjEyc2hyJTIxNHYxNTU1MzQ5MDY5MzEzJTIxNW0yJTIxMXNlbiUyMTJzaHIlMjIlMjB3aWR0aCUzRCUyMjk4MCUyMiUyMGhlaWdodCUzRCUyMjM1MCUyMiUyMGZyYW1lYm9yZGVyJTNEJTIyMCUyMiUyMHN0eWxlJTNEJTIyYm9yZGVyJTNBMCUyMiUyMGFsbG93ZnVsbHNjcmVlbiUzRSUzQyUyRmlmcmFtZSUzRQ==[\/vc_raw_html][\/vc_column_inner][\/vc_row_inner][vc_empty_space]<div class=\"mkdf-separator-holder clearfix  mkdf-separator-center mkdf-separator-full-width\">\n\t<div class=\"mkdf-separator\" style=\"border-color: #ebebeb;border-style: solid;border-bottom-width: 1px;margin-top: 20px;margin-bottom: 45px\"><\/div>\n<\/div>\n[\/vc_column][\/vc_row][vc_row][vc_column width=&#8221;1\/2&#8243; css=&#8221;.vc_custom_1559123188863{padding-top: 15px !important;}&#8221;]<div class=\"mkdf-section-title-holder\">\n\t<h1 class=\"mkdf-section-title mkdf-section-title-medium\" >\n\tMunicipio<\/h1>\n<\/div>[vc_column_text css=&#8221;.vc_custom_1585829660609{border-top-width: 0px !important;padding-top: 0px !important;}&#8221;]Il municipio si trova all&#8217;ingresso del centro storico. Questa struttura della torre di roccia fu costruita nel 15\u00b0 secolo dalla popolazione locale senza salari pagati.<\/p>\n<p>La parete della torre ha un emblema scolpito del duca Augustin Barbaring. Sulle pareti di questa torre \u00e8 un orologio popolare con 24 campi.[\/vc_column_text][vc_column_text][\/vc_column_text][\/vc_column][vc_column width=&#8221;1\/2&#8243; css=&#8221;.vc_custom_1559125093053{border-top-width: 0px !important;padding-top: 25px !important;}&#8221;]<div class=\"mkdf-image-gallery\">\n\t<div class=\"mkdf-image-gallery-slider \" data-autoplay=\"5\" data-animation=\"slide\" data-navigation=\"yes\" data-pagination=\"yes\">\n\t\t\t\t\t\t\t\t\t<img width=\"600\" height=\"400\" src=\"https:\/\/experiencekrk.com\/wp-content\/uploads\/2019\/05\/City-of-Krk-town-council-hall-and-clock.jpg\" class=\"attachment-full size-full\" alt=\"\" loading=\"lazy\" srcset=\"https:\/\/experiencekrk.com\/wp-content\/uploads\/2019\/05\/City-of-Krk-town-council-hall-and-clock.jpg 600w, https:\/\/experiencekrk.com\/wp-content\/uploads\/2019\/05\/City-of-Krk-town-council-hall-and-clock-300x200.jpg 300w\" sizes=\"(max-width: 600px) 100vw, 600px\" \/>\t\t\t\t\t\t\t\t\t\t\t\t\t<img width=\"600\" height=\"400\" src=\"https:\/\/experiencekrk.com\/wp-content\/uploads\/2019\/05\/City-of-Krk-clock-on-town-council-hall.jpg\" class=\"attachment-full size-full\" alt=\"\" loading=\"lazy\" srcset=\"https:\/\/experiencekrk.com\/wp-content\/uploads\/2019\/05\/City-of-Krk-clock-on-town-council-hall.jpg 600w, https:\/\/experiencekrk.com\/wp-content\/uploads\/2019\/05\/City-of-Krk-clock-on-town-council-hall-300x200.jpg 300w\" sizes=\"(max-width: 600px) 100vw, 600px\" \/>\t\t\t\t\t\t\t\t\t\t\t\t\t<img width=\"600\" height=\"400\" src=\"https:\/\/experiencekrk.com\/wp-content\/uploads\/2019\/05\/City-of-Krk-clock-detail.jpg\" class=\"attachment-full size-full\" alt=\"\" loading=\"lazy\" srcset=\"https:\/\/experiencekrk.com\/wp-content\/uploads\/2019\/05\/City-of-Krk-clock-detail.jpg 600w, https:\/\/experiencekrk.com\/wp-content\/uploads\/2019\/05\/City-of-Krk-clock-detail-300x200.jpg 300w\" sizes=\"(max-width: 600px) 100vw, 600px\" \/>\t\t\t\t\t\t\t\t\t\t\t\t\t<img width=\"600\" height=\"400\" src=\"https:\/\/experiencekrk.com\/wp-content\/uploads\/2019\/05\/City-of-Krk-tonw-council-tower.jpg\" class=\"attachment-full size-full\" alt=\"\" loading=\"lazy\" srcset=\"https:\/\/experiencekrk.com\/wp-content\/uploads\/2019\/05\/City-of-Krk-tonw-council-tower.jpg 600w, https:\/\/experiencekrk.com\/wp-content\/uploads\/2019\/05\/City-of-Krk-tonw-council-tower-300x200.jpg 300w\" sizes=\"(max-width: 600px) 100vw, 600px\" \/>\t\t\t\t\t\t\t<\/div>\n<\/div>[\/vc_column][\/vc_row][vc_row][vc_column][vc_empty_space height=&#8221;10px&#8221;][vc_column_text css=&#8221;.vc_custom_1585829681648{padding-bottom: 15px !important;}&#8221;]<\/p>\n<h5>Posizione<\/h5>\n<p>[\/vc_column_text][vc_raw_html]JTNDaWZyYW1lJTIwc3JjJTNEJTIyaHR0cHMlM0ElMkYlMkZ3d3cuZ29vZ2xlLmNvbSUyRm1hcHMlMkZlbWJlZCUzRnBiJTNEJTIxMW0xOCUyMTFtMTIlMjExbTMlMjExZDk5NzcuMDc5NDgxMzExMzY2JTIxMmQxNC41NzYyMTYzNzY4NDMxMzclMjEzZDQ1LjAyNDY5NTAxNzAwNTQ0JTIxMm0zJTIxMWYwJTIxMmYwJTIxM2YwJTIxM20yJTIxMWkxMDI0JTIxMmk3NjglMjE0ZjEzLjElMjEzbTMlMjExbTIlMjExczB4NDc2MzcyMGQ3YzlmNWI1NSUyNTNBMHgyNTUwMjEyYWI2ZDg0MzhhJTIxMnNTcXVhcmUlMkJUb3dlciUyMTVlMCUyMTNtMiUyMTFzZW4lMjEyc2hyJTIxNHYxNTU5MTI1MjQyMDQwJTIxNW0yJTIxMXNlbiUyMTJzaHIlMjIlMjB3aWR0aCUzRCUyMjk4MCUyMiUyMGhlaWdodCUzRCUyMjM1MCUyMiUyMGZyYW1lYm9yZGVyJTNEJTIyMCUyMiUyMHN0eWxlJTNEJTIyYm9yZGVyJTNBMCUyMiUyMGFsbG93ZnVsbHNjcmVlbiUzRSUzQyUyRmlmcmFtZSUzRQ==[\/vc_raw_html]<div class=\"mkdf-separator-holder clearfix  mkdf-separator-center mkdf-separator-full-width\">\n\t<div class=\"mkdf-separator\" style=\"border-color: #ebebeb;border-style: solid;border-bottom-width: 1px;margin-top: 20px;margin-bottom: 45px\"><\/div>\n<\/div>\n[\/vc_column][\/vc_row][vc_row][vc_column width=&#8221;1\/2&#8243; css=&#8221;.vc_custom_1559123188863{padding-top: 15px !important;}&#8221;]<div class=\"mkdf-section-title-holder\">\n\t<h1 class=\"mkdf-section-title mkdf-section-title-medium\" >\n\tLa torre sul litorale<\/h1>\n<\/div>[vc_column_text css=&#8221;.vc_custom_1585829712160{border-top-width: 0px !important;padding-top: 0px !important;}&#8221;]Come parte della fortificazione della citt\u00e0, nel 1470, il principe Nikola Frankopan ordin\u00f2 la costruzione dell&#8217;alta torre esagonale nella parte sud-occidentale della citt\u00e0 di Krk. Questa torre \u00e8 conosciuta oggi come la torre sul litorale.<\/p>\n<p>La superficie ovest della torre muraria ha una lapide romana incisa con l&#8217;emblema della famiglia Frankopan e le figure della coppia sposata con un&#8217;antica stella sopra di essa.[\/vc_column_text][vc_column_text][\/vc_column_text][\/vc_column][vc_column width=&#8221;1\/2&#8243; css=&#8221;.vc_custom_1559124688182{border-top-width: 0px !important;padding-top: 15px !important;}&#8221;][vc_single_image image=&#8221;5610&#8243; img_size=&#8221;full&#8221;][\/vc_column][\/vc_row][vc_row][vc_column][vc_empty_space height=&#8221;10px&#8221;][vc_column_text css=&#8221;.vc_custom_1585829690411{padding-bottom: 15px !important;}&#8221;]<\/p>\n<h5>Posizione<\/h5>\n<p>[\/vc_column_text][vc_raw_html]JTNDaWZyYW1lJTIwc3JjJTNEJTIyaHR0cHMlM0ElMkYlMkZ3d3cuZ29vZ2xlLmNvbSUyRm1hcHMlMkZlbWJlZCUzRnBiJTNEJTIxMW0xOCUyMTFtMTIlMjExbTMlMjExZDgzMzEuMDU3MzgwODc0ODcyJTIxMmQxNC41NzE0NDA0OTE1OTI4NDklMjEzZDQ1LjAyNTgxMzg5NTcwOTc3NCUyMTJtMyUyMTFmMCUyMTJmMCUyMTNmMCUyMTNtMiUyMTFpMTAyNCUyMTJpNzY4JTIxNGYxMy4xJTIxM20zJTIxMW0yJTIxMXMweDQ3NjM3MzBmYjRjOTMzODUlMjUzQTB4YmRkNzU5YzM0NDE4NTk3YiUyMTJzS3VsYSUyQm5hJTJCb2JhbGklMjE1ZTAlMjEzbTIlMjExc2VuJTIxMnNociUyMTR2MTU1OTEyNDM4ODc3MCUyMTVtMiUyMTFzZW4lMjEyc2hyJTIyJTIwd2lkdGglM0QlMjI5ODAlMjIlMjBoZWlnaHQlM0QlMjIzNTAlMjIlMjBmcmFtZWJvcmRlciUzRCUyMjAlMjIlMjBzdHlsZSUzRCUyMmJvcmRlciUzQTAlMjIlMjBhbGxvd2Z1bGxzY3JlZW4lM0UlM0MlMkZpZnJhbWUlM0U=[\/vc_raw_html]<div class=\"mkdf-separator-holder clearfix  mkdf-separator-center mkdf-separator-full-width\">\n\t<div class=\"mkdf-separator\" style=\"border-color: #ebebeb;border-style: solid;border-bottom-width: 1px;margin-top: 20px;margin-bottom: 45px\"><\/div>\n<\/div>\n[\/vc_column][\/vc_row]<\/p>\n","protected":false},"excerpt":{"rendered":"<p>[vc_row][vc_column][\/vc_column][\/vc_row][vc_row][vc_column width=&#8221;1\/2&#8243; css=&#8221;.vc_custom_1559125178706{padding-top: 0px !important;}&#8221;][vc_column_text css=&#8221;.vc_custom_1585829552257{border-top-width: 0px !important;padding-top: 0px !important;}&#8221;]Da piazza Kamplin si entra nel castello di Frankopan, costruito tra il XII e il XV secolo. Questo castello fu residenza della nobile famiglia Frankopan, una famiglia che ebbe un impatto enorme sulla storia croata e sulle origini dell&#8217;isola di Krk. Il castello di Frankopan ha mura del castello molto ben conservate e tre torri utilizzate per la difesa della popolazione locale. Nel castello Frankopan potete vedere i Cippus di Liburni &#8211; una forma specifica di una pietra tombale che apparve&#8230;<\/p>\n","protected":false},"author":1,"featured_media":0,"parent":11675,"menu_order":0,"comment_status":"closed","ping_status":"closed","template":"","meta":[],"yoast_head":"<!-- This site is optimized with the Yoast SEO plugin v16.0.1 - https:\/\/yoast.com\/wordpress\/plugins\/seo\/ -->\n<title>Castello di Frankopan e patrimonio - Experience Krk<\/title>\n<link rel=\"canonical\" href=\"https:\/\/experiencekrk.com\/it\/storia\/castello-di-frankopan-e-patrimonio\/\" \/>\n<meta property=\"og:locale\" content=\"it_IT\" \/>\n<meta property=\"og:type\" content=\"article\" \/>\n<meta property=\"og:title\" content=\"Castello di Frankopan e patrimonio - Experience Krk\" \/>\n<meta property=\"og:description\" content=\"[vc_row][vc_column][\/vc_column][\/vc_row][vc_row][vc_column width=&#8221;1\/2&#8243; css=&#8221;.vc_custom_1559125178706{padding-top: 0px !important;}&#8221;][vc_column_text css=&#8221;.vc_custom_1585829552257{border-top-width: 0px !important;padding-top: 0px !important;}&#8221;]Da piazza Kamplin si entra nel castello di Frankopan, costruito tra il XII e il XV secolo. Questo castello fu residenza della nobile famiglia Frankopan, una famiglia che ebbe un impatto enorme sulla storia croata e sulle origini dell&#8217;isola di Krk. Il castello di Frankopan ha mura del castello molto ben conservate e tre torri utilizzate per la difesa della popolazione locale. Nel castello Frankopan potete vedere i Cippus di Liburni &#8211; una forma specifica di una pietra tombale che apparve...\" \/>\n<meta property=\"og:url\" content=\"https:\/\/experiencekrk.com\/it\/storia\/castello-di-frankopan-e-patrimonio\/\" \/>\n<meta property=\"og:site_name\" content=\"Experience Krk\" \/>\n<meta property=\"article:modified_time\" content=\"2024-03-12T14:21:18+00:00\" \/>\n<meta name=\"twitter:card\" content=\"summary_large_image\" \/>\n<meta name=\"twitter:label1\" content=\"Tempo di lettura stimato\">\n\t<meta name=\"twitter:data1\" content=\"2 minuti\">\n<script type=\"application\/ld+json\" class=\"yoast-schema-graph\">{\"@context\":\"https:\/\/schema.org\",\"@graph\":[{\"@type\":\"WebSite\",\"@id\":\"https:\/\/experiencekrk.com\/#website\",\"url\":\"https:\/\/experiencekrk.com\/\",\"name\":\"Experience Krk\",\"description\":\"Cultural Tours, Food &amp; Wine and more\",\"potentialAction\":[{\"@type\":\"SearchAction\",\"target\":\"https:\/\/experiencekrk.com\/?s={search_term_string}\",\"query-input\":\"required name=search_term_string\"}],\"inLanguage\":\"it-IT\"},{\"@type\":\"WebPage\",\"@id\":\"https:\/\/experiencekrk.com\/it\/storia\/castello-di-frankopan-e-patrimonio\/#webpage\",\"url\":\"https:\/\/experiencekrk.com\/it\/storia\/castello-di-frankopan-e-patrimonio\/\",\"name\":\"Castello di Frankopan e patrimonio - Experience Krk\",\"isPartOf\":{\"@id\":\"https:\/\/experiencekrk.com\/#website\"},\"datePublished\":\"2019-04-15T17:17:34+00:00\",\"dateModified\":\"2024-03-12T14:21:18+00:00\",\"breadcrumb\":{\"@id\":\"https:\/\/experiencekrk.com\/it\/storia\/castello-di-frankopan-e-patrimonio\/#breadcrumb\"},\"inLanguage\":\"it-IT\",\"potentialAction\":[{\"@type\":\"ReadAction\",\"target\":[\"https:\/\/experiencekrk.com\/it\/storia\/castello-di-frankopan-e-patrimonio\/\"]}]},{\"@type\":\"BreadcrumbList\",\"@id\":\"https:\/\/experiencekrk.com\/it\/storia\/castello-di-frankopan-e-patrimonio\/#breadcrumb\",\"itemListElement\":[{\"@type\":\"ListItem\",\"position\":1,\"item\":{\"@type\":\"WebPage\",\"@id\":\"https:\/\/experiencekrk.com\/it\/\",\"url\":\"https:\/\/experiencekrk.com\/it\/\",\"name\":\"Home\"}},{\"@type\":\"ListItem\",\"position\":2,\"item\":{\"@type\":\"WebPage\",\"@id\":\"https:\/\/experiencekrk.com\/it\/storia\/\",\"url\":\"https:\/\/experiencekrk.com\/it\/storia\/\",\"name\":\"Storia\"}},{\"@type\":\"ListItem\",\"position\":3,\"item\":{\"@type\":\"WebPage\",\"@id\":\"https:\/\/experiencekrk.com\/it\/storia\/castello-di-frankopan-e-patrimonio\/\",\"url\":\"https:\/\/experiencekrk.com\/it\/storia\/castello-di-frankopan-e-patrimonio\/\",\"name\":\"Castello di Frankopan e patrimonio\"}}]}]}<\/script>\n<!-- \/ Yoast SEO plugin. -->","_links":{"self":[{"href":"https:\/\/experiencekrk.com\/it\/wp-json\/wp\/v2\/pages\/12132"}],"collection":[{"href":"https:\/\/experiencekrk.com\/it\/wp-json\/wp\/v2\/pages"}],"about":[{"href":"https:\/\/experiencekrk.com\/it\/wp-json\/wp\/v2\/types\/page"}],"author":[{"embeddable":true,"href":"https:\/\/experiencekrk.com\/it\/wp-json\/wp\/v2\/users\/1"}],"replies":[{"embeddable":true,"href":"https:\/\/experiencekrk.com\/it\/wp-json\/wp\/v2\/comments?post=12132"}],"version-history":[{"count":3,"href":"https:\/\/experiencekrk.com\/it\/wp-json\/wp\/v2\/pages\/12132\/revisions"}],"predecessor-version":[{"id":33348,"href":"https:\/\/experiencekrk.com\/it\/wp-json\/wp\/v2\/pages\/12132\/revisions\/33348"}],"up":[{"embeddable":true,"href":"https:\/\/experiencekrk.com\/it\/wp-json\/wp\/v2\/pages\/11675"}],"wp:attachment":[{"href":"https:\/\/experiencekrk.com\/it\/wp-json\/wp\/v2\/media?parent=12132"}],"curies":[{"name":"wp","href":"https:\/\/api.w.org\/{rel}","templated":true}]}}