{"id":12108,"date":"2019-04-12T23:45:15","date_gmt":"2019-04-12T23:45:15","guid":{"rendered":"https:\/\/experiencekrk.com\/storia\/gradske-zidine\/"},"modified":"2020-04-02T11:28:09","modified_gmt":"2020-04-02T11:28:09","slug":"mura-della-citta","status":"publish","type":"page","link":"https:\/\/experiencekrk.com\/it\/storia\/mura-della-citta\/","title":{"rendered":"Mura della citt\u00e0"},"content":{"rendered":"<p>[vc_row][vc_column]<div class=\"mkdf-section-title-holder\">\n\t<h1 class=\"mkdf-section-title mkdf-section-title-medium\" >\n\tMura della citt\u00e0<\/h1>\n<\/div>[vc_row_inner][vc_column_inner width=&#8221;1\/2&#8243;][vc_column_text]Le mura della citt\u00e0 di Krk risalgono al I secolo a.C. e le loro spoglie sono ancora oggi visibili nel parco del caff\u00e8 Volsonis. Nel corso dei secoli sono state costruite le mura e le torri della citt\u00e0, con l&#8217;ultima estensione avvenuta nel 15\u00b0 secolo e queste sono ancora ben conservate oggi.<\/p>\n<p>Le mura della citt\u00e0 hanno circondato completamente la citt\u00e0 e l&#8217;ingresso principale della citt\u00e0 dalla costa era rappresentato dalle grandi porte cittadine menzionate per la prima volta nel XIV secolo.[\/vc_column_text][\/vc_column_inner][vc_column_inner width=&#8221;1\/2&#8243;]<div class=\"mkdf-image-gallery\">\n\t<div class=\"mkdf-image-gallery-slider \" data-autoplay=\"3\" data-animation=\"slide\" data-navigation=\"yes\" data-pagination=\"yes\">\n\t\t\t\t\t\t\t\t\t<img width=\"600\" height=\"400\" src=\"https:\/\/experiencekrk.com\/wp-content\/uploads\/2019\/05\/TZKrk-city-walls-vew-from-the-harbour.jpg\" class=\"attachment-full size-full\" alt=\"\" loading=\"lazy\" srcset=\"https:\/\/experiencekrk.com\/wp-content\/uploads\/2019\/05\/TZKrk-city-walls-vew-from-the-harbour.jpg 600w, https:\/\/experiencekrk.com\/wp-content\/uploads\/2019\/05\/TZKrk-city-walls-vew-from-the-harbour-300x200.jpg 300w\" sizes=\"(max-width: 600px) 100vw, 600px\" \/>\t\t\t\t\t\t\t\t\t\t\t\t\t<img width=\"600\" height=\"400\" src=\"https:\/\/experiencekrk.com\/wp-content\/uploads\/2019\/05\/TZKrk-city-walls.jpg\" class=\"attachment-full size-full\" alt=\"\" loading=\"lazy\" srcset=\"https:\/\/experiencekrk.com\/wp-content\/uploads\/2019\/05\/TZKrk-city-walls.jpg 600w, https:\/\/experiencekrk.com\/wp-content\/uploads\/2019\/05\/TZKrk-city-walls-300x200.jpg 300w\" sizes=\"(max-width: 600px) 100vw, 600px\" \/>\t\t\t\t\t\t\t<\/div>\n<\/div>[\/vc_column_inner][\/vc_row_inner][vc_empty_space height=&#8221;17px&#8221;][vc_row_inner][vc_column_inner width=&#8221;1\/2&#8243; offset=&#8221;vc_hidden-sm vc_hidden-xs&#8221;]<div class=\"mkdf-image-gallery\">\n\t<div class=\"mkdf-image-gallery-slider \" data-autoplay=\"3\" data-animation=\"slide\" data-navigation=\"yes\" data-pagination=\"yes\">\n\t\t\t\t\t\t\t\t\t<img width=\"600\" height=\"400\" src=\"https:\/\/experiencekrk.com\/wp-content\/uploads\/2019\/05\/TZKrk-city-walls-view-from-the-sea.jpg\" class=\"attachment-full size-full\" alt=\"\" loading=\"lazy\" srcset=\"https:\/\/experiencekrk.com\/wp-content\/uploads\/2019\/05\/TZKrk-city-walls-view-from-the-sea.jpg 600w, https:\/\/experiencekrk.com\/wp-content\/uploads\/2019\/05\/TZKrk-city-walls-view-from-the-sea-300x200.jpg 300w\" sizes=\"(max-width: 600px) 100vw, 600px\" \/>\t\t\t\t\t\t\t\t\t\t\t\t\t<img width=\"600\" height=\"400\" src=\"https:\/\/experiencekrk.com\/wp-content\/uploads\/2019\/05\/TZKrk-city-walls-along-sea-side.jpg\" class=\"attachment-full size-full\" alt=\"\" loading=\"lazy\" srcset=\"https:\/\/experiencekrk.com\/wp-content\/uploads\/2019\/05\/TZKrk-city-walls-along-sea-side.jpg 600w, https:\/\/experiencekrk.com\/wp-content\/uploads\/2019\/05\/TZKrk-city-walls-along-sea-side-300x200.jpg 300w\" sizes=\"(max-width: 600px) 100vw, 600px\" \/>\t\t\t\t\t\t\t<\/div>\n<\/div>[\/vc_column_inner][vc_column_inner width=&#8221;1\/2&#8243; offset=&#8221;vc_hidden-sm vc_hidden-xs&#8221;][vc_column_text]L&#8217;unica piazza della citt\u00e0 di Krk che \u00e8 riuscita a preservare le caratteristiche di una piazza fino ad oggi \u00e8 la piazza Vela placa, che comprende un pozzo a sei facce del XVI secolo. Vela placa \u00e8 un prezioso sito archeologico insieme alla casa Perossi (caff\u00e8 Volsonis), dove si trova la parte pi\u00f9 antica delle mura della citt\u00e0.<\/p>\n<p>Le mura della citt\u00e0 furono utilizzate per la difesa della citt\u00e0 e una parte importante di questa fortificazione erano le torri medievali e rinascimentali che sono ancora visibili oggi.[\/vc_column_text][\/vc_column_inner][\/vc_row_inner][vc_row_inner][vc_column_inner width=&#8221;1\/2&#8243; offset=&#8221;vc_hidden-lg vc_hidden-md&#8221;][vc_column_text]L&#8217;unica piazza della citt\u00e0 di Krk che \u00e8 riuscita a preservare le caratteristiche di una piazza fino ad oggi \u00e8 la piazza Vela placa, che comprende un pozzo a sei facce del XVI secolo. Vela placa \u00e8 un prezioso sito archeologico insieme alla casa Perossi (caff\u00e8 Volsonis), dove si trova la parte pi\u00f9 antica delle mura della citt\u00e0.<\/p>\n<p>Le mura della citt\u00e0 furono utilizzate per la difesa della citt\u00e0 e una parte importante di questa fortificazione erano le torri medievali e rinascimentali che sono ancora visibili oggi.[\/vc_column_text][\/vc_column_inner][vc_column_inner width=&#8221;1\/2&#8243; offset=&#8221;vc_hidden-lg vc_hidden-md&#8221;]<div class=\"mkdf-image-gallery\">\n\t<div class=\"mkdf-image-gallery-slider \" data-autoplay=\"3\" data-animation=\"slide\" data-navigation=\"yes\" data-pagination=\"yes\">\n\t\t\t\t\t\t\t\t\t<img width=\"600\" height=\"400\" src=\"https:\/\/experiencekrk.com\/wp-content\/uploads\/2019\/05\/TZKrk-city-walls-view-from-the-sea.jpg\" class=\"attachment-full size-full\" alt=\"\" loading=\"lazy\" srcset=\"https:\/\/experiencekrk.com\/wp-content\/uploads\/2019\/05\/TZKrk-city-walls-view-from-the-sea.jpg 600w, https:\/\/experiencekrk.com\/wp-content\/uploads\/2019\/05\/TZKrk-city-walls-view-from-the-sea-300x200.jpg 300w\" sizes=\"(max-width: 600px) 100vw, 600px\" \/>\t\t\t\t\t\t\t\t\t\t\t\t\t<img width=\"600\" height=\"400\" src=\"https:\/\/experiencekrk.com\/wp-content\/uploads\/2019\/05\/TZKrk-city-walls-along-sea-side.jpg\" class=\"attachment-full size-full\" alt=\"\" loading=\"lazy\" srcset=\"https:\/\/experiencekrk.com\/wp-content\/uploads\/2019\/05\/TZKrk-city-walls-along-sea-side.jpg 600w, https:\/\/experiencekrk.com\/wp-content\/uploads\/2019\/05\/TZKrk-city-walls-along-sea-side-300x200.jpg 300w\" sizes=\"(max-width: 600px) 100vw, 600px\" \/>\t\t\t\t\t\t\t<\/div>\n<\/div>[\/vc_column_inner][\/vc_row_inner][\/vc_column][\/vc_row][vc_row][vc_column][vc_empty_space height=&#8221;10px&#8221;]<div class=\"mkdf-section-title-holder\">\n\t<h1 class=\"mkdf-section-title mkdf-section-title-small\" >\n\tPosizione<\/h1>\n<\/div>[vc_row_inner][vc_column_inner][vc_raw_html]JTNDaWZyYW1lJTIwc3JjJTNEJTIyaHR0cHMlM0ElMkYlMkZ3d3cuZ29vZ2xlLmNvbSUyRm1hcHMlMkZlbWJlZCUzRnBiJTNEJTIxMW0xOCUyMTFtMTIlMjExbTMlMjExZDk5NzcuMDE2OTUzMjU2OTc0JTIxMmQxNC41NzE4MDgxNzgzMzE0ODIlMjEzZDQ1LjAyNTA1Mzc4ODg3OCUyMTJtMyUyMTFmMCUyMTJmMCUyMTNmMCUyMTNtMiUyMTFpMTAyNCUyMTJpNzY4JTIxNGYxMy4xJTIxM20zJTIxMW0yJTIxMXMweDQ3NjM3M2UxZjY3MGUxOTklMjUzQTB4YWRlM2NlOGZlYzY3NjRhNiUyMTJzS3JrJTJCZ3JhZCUyQnBvdmlqZXN0aSUyQmklMkJrdWx0dXJlJTJCWmlkaW5lJTI1MkZUb3duJTJCV2FsbHMlMjE1ZTAlMjEzbTIlMjExc2hyJTIxMnNociUyMTR2MTU1ODM4OTU2MjkyNCUyMTVtMiUyMTFzaHIlMjEyc2hyJTIyJTIwd2lkdGglM0QlMjI5MDAlMjIlMjBoZWlnaHQlM0QlMjIzODAlMjIlMjBmcmFtZWJvcmRlciUzRCUyMjAlMjIlMjBzdHlsZSUzRCUyMmJvcmRlciUzQTAlMjIlMjBhbGxvd2Z1bGxzY3JlZW4lM0UlM0MlMkZpZnJhbWUlM0U=[\/vc_raw_html][\/vc_column_inner][\/vc_row_inner][\/vc_column][\/vc_row]<\/p>\n","protected":false},"excerpt":{"rendered":"<p>[vc_row][vc_column][vc_row_inner][vc_column_inner width=&#8221;1\/2&#8243;][vc_column_text]Le mura della citt\u00e0 di Krk risalgono al I secolo a.C. e le loro spoglie sono ancora oggi visibili nel parco del caff\u00e8 Volsonis. Nel corso dei secoli sono state costruite le mura e le torri della citt\u00e0, con l&#8217;ultima estensione avvenuta nel 15\u00b0 secolo e queste sono ancora ben conservate oggi. Le mura della citt\u00e0 hanno circondato completamente la citt\u00e0 e l&#8217;ingresso principale della citt\u00e0 dalla costa era rappresentato dalle grandi porte cittadine menzionate per la prima volta nel XIV secolo.[\/vc_column_text][\/vc_column_inner][vc_column_inner width=&#8221;1\/2&#8243;][\/vc_column_inner][\/vc_row_inner][vc_empty_space height=&#8221;17px&#8221;][vc_row_inner][vc_column_inner width=&#8221;1\/2&#8243; offset=&#8221;vc_hidden-sm vc_hidden-xs&#8221;][\/vc_column_inner][vc_column_inner width=&#8221;1\/2&#8243; offset=&#8221;vc_hidden-sm&#8230;<\/p>\n","protected":false},"author":1,"featured_media":0,"parent":11675,"menu_order":0,"comment_status":"closed","ping_status":"closed","template":"","meta":[],"yoast_head":"<!-- This site is optimized with the Yoast SEO plugin v16.0.1 - https:\/\/yoast.com\/wordpress\/plugins\/seo\/ -->\n<title>Mura della citt\u00e0 - Experience Krk<\/title>\n<link rel=\"canonical\" href=\"https:\/\/experiencekrk.com\/it\/storia\/mura-della-citta\/\" \/>\n<meta property=\"og:locale\" content=\"it_IT\" \/>\n<meta property=\"og:type\" content=\"article\" \/>\n<meta property=\"og:title\" content=\"Mura della citt\u00e0 - Experience Krk\" \/>\n<meta property=\"og:description\" content=\"[vc_row][vc_column][vc_row_inner][vc_column_inner width=&#8221;1\/2&#8243;][vc_column_text]Le mura della citt\u00e0 di Krk risalgono al I secolo a.C. e le loro spoglie sono ancora oggi visibili nel parco del caff\u00e8 Volsonis. Nel corso dei secoli sono state costruite le mura e le torri della citt\u00e0, con l&#8217;ultima estensione avvenuta nel 15\u00b0 secolo e queste sono ancora ben conservate oggi. Le mura della citt\u00e0 hanno circondato completamente la citt\u00e0 e l&#8217;ingresso principale della citt\u00e0 dalla costa era rappresentato dalle grandi porte cittadine menzionate per la prima volta nel XIV secolo.[\/vc_column_text][\/vc_column_inner][vc_column_inner width=&#8221;1\/2&#8243;][\/vc_column_inner][\/vc_row_inner][vc_empty_space height=&#8221;17px&#8221;][vc_row_inner][vc_column_inner width=&#8221;1\/2&#8243; offset=&#8221;vc_hidden-sm vc_hidden-xs&#8221;][\/vc_column_inner][vc_column_inner width=&#8221;1\/2&#8243; offset=&#8221;vc_hidden-sm...\" \/>\n<meta property=\"og:url\" content=\"https:\/\/experiencekrk.com\/it\/storia\/mura-della-citta\/\" \/>\n<meta property=\"og:site_name\" content=\"Experience Krk\" \/>\n<meta property=\"article:modified_time\" content=\"2020-04-02T11:28:09+00:00\" \/>\n<meta name=\"twitter:card\" content=\"summary_large_image\" \/>\n<meta name=\"twitter:label1\" content=\"Tempo di lettura stimato\">\n\t<meta name=\"twitter:data1\" content=\"3 minuti\">\n<script type=\"application\/ld+json\" class=\"yoast-schema-graph\">{\"@context\":\"https:\/\/schema.org\",\"@graph\":[{\"@type\":\"WebSite\",\"@id\":\"https:\/\/experiencekrk.com\/#website\",\"url\":\"https:\/\/experiencekrk.com\/\",\"name\":\"Experience Krk\",\"description\":\"Cultural Tours, Food &amp; Wine and more\",\"potentialAction\":[{\"@type\":\"SearchAction\",\"target\":\"https:\/\/experiencekrk.com\/?s={search_term_string}\",\"query-input\":\"required name=search_term_string\"}],\"inLanguage\":\"it-IT\"},{\"@type\":\"WebPage\",\"@id\":\"https:\/\/experiencekrk.com\/it\/storia\/mura-della-citta\/#webpage\",\"url\":\"https:\/\/experiencekrk.com\/it\/storia\/mura-della-citta\/\",\"name\":\"Mura della citt\\u00e0 - Experience Krk\",\"isPartOf\":{\"@id\":\"https:\/\/experiencekrk.com\/#website\"},\"datePublished\":\"2019-04-12T23:45:15+00:00\",\"dateModified\":\"2020-04-02T11:28:09+00:00\",\"breadcrumb\":{\"@id\":\"https:\/\/experiencekrk.com\/it\/storia\/mura-della-citta\/#breadcrumb\"},\"inLanguage\":\"it-IT\",\"potentialAction\":[{\"@type\":\"ReadAction\",\"target\":[\"https:\/\/experiencekrk.com\/it\/storia\/mura-della-citta\/\"]}]},{\"@type\":\"BreadcrumbList\",\"@id\":\"https:\/\/experiencekrk.com\/it\/storia\/mura-della-citta\/#breadcrumb\",\"itemListElement\":[{\"@type\":\"ListItem\",\"position\":1,\"item\":{\"@type\":\"WebPage\",\"@id\":\"https:\/\/experiencekrk.com\/it\/\",\"url\":\"https:\/\/experiencekrk.com\/it\/\",\"name\":\"Home\"}},{\"@type\":\"ListItem\",\"position\":2,\"item\":{\"@type\":\"WebPage\",\"@id\":\"https:\/\/experiencekrk.com\/it\/storia\/\",\"url\":\"https:\/\/experiencekrk.com\/it\/storia\/\",\"name\":\"Storia\"}},{\"@type\":\"ListItem\",\"position\":3,\"item\":{\"@type\":\"WebPage\",\"@id\":\"https:\/\/experiencekrk.com\/it\/storia\/mura-della-citta\/\",\"url\":\"https:\/\/experiencekrk.com\/it\/storia\/mura-della-citta\/\",\"name\":\"Mura della citt\\u00e0\"}}]}]}<\/script>\n<!-- \/ Yoast SEO plugin. -->","_links":{"self":[{"href":"https:\/\/experiencekrk.com\/it\/wp-json\/wp\/v2\/pages\/12108"}],"collection":[{"href":"https:\/\/experiencekrk.com\/it\/wp-json\/wp\/v2\/pages"}],"about":[{"href":"https:\/\/experiencekrk.com\/it\/wp-json\/wp\/v2\/types\/page"}],"author":[{"embeddable":true,"href":"https:\/\/experiencekrk.com\/it\/wp-json\/wp\/v2\/users\/1"}],"replies":[{"embeddable":true,"href":"https:\/\/experiencekrk.com\/it\/wp-json\/wp\/v2\/comments?post=12108"}],"version-history":[{"count":2,"href":"https:\/\/experiencekrk.com\/it\/wp-json\/wp\/v2\/pages\/12108\/revisions"}],"predecessor-version":[{"id":12122,"href":"https:\/\/experiencekrk.com\/it\/wp-json\/wp\/v2\/pages\/12108\/revisions\/12122"}],"up":[{"embeddable":true,"href":"https:\/\/experiencekrk.com\/it\/wp-json\/wp\/v2\/pages\/11675"}],"wp:attachment":[{"href":"https:\/\/experiencekrk.com\/it\/wp-json\/wp\/v2\/media?parent=12108"}],"curies":[{"name":"wp","href":"https:\/\/api.w.org\/{rel}","templated":true}]}}