{"id":12106,"date":"2019-04-15T17:38:15","date_gmt":"2019-04-15T17:38:15","guid":{"rendered":"https:\/\/experiencekrk.com\/storia\/staza-glagoljice\/"},"modified":"2020-04-02T11:20:34","modified_gmt":"2020-04-02T11:20:34","slug":"sentiero-glagolitico","status":"publish","type":"page","link":"https:\/\/experiencekrk.com\/it\/storia\/sentiero-glagolitico\/","title":{"rendered":"Sentiero glagolitico"},"content":{"rendered":"<p>[vc_row][vc_column]<div class=\"mkdf-section-title-holder\">\n\t<h1 class=\"mkdf-section-title mkdf-section-title-medium\" >\n\tSentiero dell&#039;alfabeto glagolitico di Ba\u0161ka<\/h1>\n<\/div>[vc_row_inner][vc_column_inner width=&#8221;1\/2&#8243;][vc_column_text]<\/p>\n<h3>Lapide di Ba\u0161ka (Bescanuova)<\/h3>\n<p>La lapide di Ba\u0161ka \u00e8 uno dei monumenti croati pi\u00f9 preziosi. \u00c8 il pi\u00f9 antico record storico (dal 1105 d.C.) scritto in lingua croata, scolpito nella pietra in caratteri glagolitici croati. Questo antico monumento \u00e8 anche il primo documento della statalit\u00e0 croata.<\/p>\n<p>Questo documento storico unico ha ispirato la creazione del sentiero glagolitico. Fu un atto storico di donazione in cui il re croato Zvonimir, don\u00f2 la terra di Jurandvor all&#8217;Ordine di San Benedetto dall&#8217;Abbazia di Santa Lucia.<\/p>\n<p>[\/vc_column_text][\/vc_column_inner][vc_column_inner width=&#8221;1\/2&#8243;]<div class=\"mkdf-image-gallery\">\n\t<div class=\"mkdf-image-gallery-slider \" data-autoplay=\"5\" data-animation=\"slide\" data-navigation=\"yes\" data-pagination=\"yes\">\n\t\t\t\t\t\t\t\t\t<img width=\"1200\" height=\"800\" src=\"https:\/\/experiencekrk.com\/wp-content\/uploads\/2019\/08\/Experience-Krk-Baska-tablet-1.jpg\" class=\"attachment-full size-full\" alt=\"\" loading=\"lazy\" srcset=\"https:\/\/experiencekrk.com\/wp-content\/uploads\/2019\/08\/Experience-Krk-Baska-tablet-1.jpg 1200w, https:\/\/experiencekrk.com\/wp-content\/uploads\/2019\/08\/Experience-Krk-Baska-tablet-1-300x200.jpg 300w, https:\/\/experiencekrk.com\/wp-content\/uploads\/2019\/08\/Experience-Krk-Baska-tablet-1-768x512.jpg 768w, https:\/\/experiencekrk.com\/wp-content\/uploads\/2019\/08\/Experience-Krk-Baska-tablet-1-1024x683.jpg 1024w\" sizes=\"(max-width: 1200px) 100vw, 1200px\" \/>\t\t\t\t\t\t\t\t\t\t\t\t\t<img width=\"1200\" height=\"800\" src=\"https:\/\/experiencekrk.com\/wp-content\/uploads\/2019\/08\/Experience-Krk-Baska-tablet.jpg\" class=\"attachment-full size-full\" alt=\"\" loading=\"lazy\" srcset=\"https:\/\/experiencekrk.com\/wp-content\/uploads\/2019\/08\/Experience-Krk-Baska-tablet.jpg 1200w, https:\/\/experiencekrk.com\/wp-content\/uploads\/2019\/08\/Experience-Krk-Baska-tablet-300x200.jpg 300w, https:\/\/experiencekrk.com\/wp-content\/uploads\/2019\/08\/Experience-Krk-Baska-tablet-768x512.jpg 768w, https:\/\/experiencekrk.com\/wp-content\/uploads\/2019\/08\/Experience-Krk-Baska-tablet-1024x683.jpg 1024w\" sizes=\"(max-width: 1200px) 100vw, 1200px\" \/>\t\t\t\t\t\t\t<\/div>\n<\/div>[\/vc_column_inner][\/vc_row_inner][vc_empty_space height=&#8221;17px&#8221;][vc_column_text][\/vc_column_text][vc_row_inner][vc_column_inner width=&#8221;1\/2&#8243; offset=&#8221;vc_hidden-sm vc_hidden-xs&#8221;]<div class=\"mkdf-image-gallery\">\n\t<div class=\"mkdf-image-gallery-slider \" data-autoplay=\"5\" data-animation=\"slide\" data-navigation=\"yes\" data-pagination=\"yes\">\n\t\t\t\t\t\t\t\t\t<img width=\"1200\" height=\"800\" src=\"https:\/\/experiencekrk.com\/wp-content\/uploads\/2019\/08\/Experience-Krk-Glagolitic-trail.jpg\" class=\"attachment-full size-full\" alt=\"\" loading=\"lazy\" srcset=\"https:\/\/experiencekrk.com\/wp-content\/uploads\/2019\/08\/Experience-Krk-Glagolitic-trail.jpg 1200w, https:\/\/experiencekrk.com\/wp-content\/uploads\/2019\/08\/Experience-Krk-Glagolitic-trail-300x200.jpg 300w, https:\/\/experiencekrk.com\/wp-content\/uploads\/2019\/08\/Experience-Krk-Glagolitic-trail-768x512.jpg 768w, https:\/\/experiencekrk.com\/wp-content\/uploads\/2019\/08\/Experience-Krk-Glagolitic-trail-1024x683.jpg 1024w\" sizes=\"(max-width: 1200px) 100vw, 1200px\" \/>\t\t\t\t\t\t\t\t\t\t\t\t\t<img width=\"1200\" height=\"800\" src=\"https:\/\/experiencekrk.com\/wp-content\/uploads\/2019\/08\/Experience-Krk-Glagolitic-trail-2.jpg\" class=\"attachment-full size-full\" alt=\"\" loading=\"lazy\" srcset=\"https:\/\/experiencekrk.com\/wp-content\/uploads\/2019\/08\/Experience-Krk-Glagolitic-trail-2.jpg 1200w, https:\/\/experiencekrk.com\/wp-content\/uploads\/2019\/08\/Experience-Krk-Glagolitic-trail-2-300x200.jpg 300w, https:\/\/experiencekrk.com\/wp-content\/uploads\/2019\/08\/Experience-Krk-Glagolitic-trail-2-768x512.jpg 768w, https:\/\/experiencekrk.com\/wp-content\/uploads\/2019\/08\/Experience-Krk-Glagolitic-trail-2-1024x683.jpg 1024w\" sizes=\"(max-width: 1200px) 100vw, 1200px\" \/>\t\t\t\t\t\t\t\t\t\t\t\t\t<img width=\"1200\" height=\"800\" src=\"https:\/\/experiencekrk.com\/wp-content\/uploads\/2019\/08\/Experience-Krk-Glagolitic-trail-3.jpg\" class=\"attachment-full size-full\" alt=\"the historical tours of Krk and its rich historical heritage from the ancient Europe times\" loading=\"lazy\" srcset=\"https:\/\/experiencekrk.com\/wp-content\/uploads\/2019\/08\/Experience-Krk-Glagolitic-trail-3.jpg 1200w, https:\/\/experiencekrk.com\/wp-content\/uploads\/2019\/08\/Experience-Krk-Glagolitic-trail-3-300x200.jpg 300w, https:\/\/experiencekrk.com\/wp-content\/uploads\/2019\/08\/Experience-Krk-Glagolitic-trail-3-768x512.jpg 768w, https:\/\/experiencekrk.com\/wp-content\/uploads\/2019\/08\/Experience-Krk-Glagolitic-trail-3-1024x683.jpg 1024w\" sizes=\"(max-width: 1200px) 100vw, 1200px\" \/>\t\t\t\t\t\t\t<\/div>\n<\/div>[\/vc_column_inner][vc_column_inner width=&#8221;1\/2&#8243; offset=&#8221;vc_hidden-sm vc_hidden-xs&#8221;][vc_column_text]<\/p>\n<h3>Informazioni sul sentiero dell&#8217;alfabeto glagolitico di Ba\u0161ka<\/h3>\n<p>Il sentiero dell&#8217;alfabeto glagolitico di Ba\u0161ka (Ba\u0161\u0107anska staza glagoljice &#8211; BSG) \u00e8 il percorso storico croato all&#8217;aperto, creato con l&#8217;intenzione di erigere un monumento nella valle di Ba\u0161ka, che ricorder\u00e0 alle nuove generazioni l&#8217;importanza della lapide glagolitica nella storia e cultura croata. Il sentiero ha un ruolo importante nella conservazione e presentazione del patrimonio tradizionale dell&#8217;isola di Krk.<\/p>\n<p><span style=\"text-decoration: underline;\"><a href=\"https:\/\/experiencekrk.com\/brochure-glagolitic-trail.pdf\">Puoi scaricare la brochure con maggiori informazioni qui.<\/a><\/span>[\/vc_column_text][\/vc_column_inner][\/vc_row_inner][vc_empty_space height=&#8221;17px&#8221;][vc_row_inner][vc_column_inner width=&#8221;1\/2&#8243; offset=&#8221;vc_hidden-sm vc_hidden-xs&#8221;][vc_column_text]Il percorso contiene 34 sculture in pietra con lettere glagolitiche incise, disposte e situate in alcune importanti localit\u00e0, dal passo Treskavac lungo la strada principale, fino a Draga Ba\u0161\u0107anska, Jurandvor, lungo Sv. Ivan sulla collina fino all&#8217;ultima scultura situata a Capo Kricin di fronte alla baia di Bunculuka. La visita guidata del sentiero \u00e8 disponibile per gruppi in croato, sloveno e inglese e dura circa 2 ore.<\/p>\n<p>Per ulteriori informazioni sul percorso, contattare l&#8217;Associazione Sinjali:<\/p>\n<p>Cellulare: <a href=\"tel:+385911856533\">+385 91 185 6533<\/a>, <a href=\"tel:+385917502976\">+385 91 750 2976<\/a><br \/>\nE-mail: <a href=\"mailto:info@sinjali.hr\">info@sinjali.hr<\/a>[\/vc_column_text][\/vc_column_inner][vc_column_inner width=&#8221;1\/2&#8243; offset=&#8221;vc_hidden-sm vc_hidden-xs&#8221;]<div class=\"mkdf-image-gallery\">\n\t<div class=\"mkdf-image-gallery-slider \" data-autoplay=\"5\" data-animation=\"slide\" data-navigation=\"yes\" data-pagination=\"yes\">\n\t\t\t\t\t\t\t\t\t<img width=\"1200\" height=\"800\" src=\"https:\/\/experiencekrk.com\/wp-content\/uploads\/2019\/08\/Experience-Krk-Baska-tablet-1.jpg\" class=\"attachment-full size-full\" alt=\"\" loading=\"lazy\" srcset=\"https:\/\/experiencekrk.com\/wp-content\/uploads\/2019\/08\/Experience-Krk-Baska-tablet-1.jpg 1200w, https:\/\/experiencekrk.com\/wp-content\/uploads\/2019\/08\/Experience-Krk-Baska-tablet-1-300x200.jpg 300w, https:\/\/experiencekrk.com\/wp-content\/uploads\/2019\/08\/Experience-Krk-Baska-tablet-1-768x512.jpg 768w, https:\/\/experiencekrk.com\/wp-content\/uploads\/2019\/08\/Experience-Krk-Baska-tablet-1-1024x683.jpg 1024w\" sizes=\"(max-width: 1200px) 100vw, 1200px\" \/>\t\t\t\t\t\t\t\t\t\t\t\t\t<img width=\"1200\" height=\"800\" src=\"https:\/\/experiencekrk.com\/wp-content\/uploads\/2019\/08\/Experience-Krk-Baska-tablet.jpg\" class=\"attachment-full size-full\" alt=\"\" loading=\"lazy\" srcset=\"https:\/\/experiencekrk.com\/wp-content\/uploads\/2019\/08\/Experience-Krk-Baska-tablet.jpg 1200w, https:\/\/experiencekrk.com\/wp-content\/uploads\/2019\/08\/Experience-Krk-Baska-tablet-300x200.jpg 300w, https:\/\/experiencekrk.com\/wp-content\/uploads\/2019\/08\/Experience-Krk-Baska-tablet-768x512.jpg 768w, https:\/\/experiencekrk.com\/wp-content\/uploads\/2019\/08\/Experience-Krk-Baska-tablet-1024x683.jpg 1024w\" sizes=\"(max-width: 1200px) 100vw, 1200px\" \/>\t\t\t\t\t\t\t<\/div>\n<\/div>[\/vc_column_inner][\/vc_row_inner][vc_empty_space height=&#8221;17px&#8221;][vc_row_inner][vc_column_inner width=&#8221;1\/2&#8243; offset=&#8221;vc_hidden-sm vc_hidden-xs&#8221;]<div class=\"mkdf-image-gallery\">\n\t<div class=\"mkdf-image-gallery-slider \" data-autoplay=\"5\" data-animation=\"slide\" data-navigation=\"yes\" data-pagination=\"yes\">\n\t\t\t\t\t\t\t\t\t<img src=\"https:\/\/experiencekrk.com\/wp-content\/uploads\/2019\/08\/TZKrk-Krk-Sails-10-1200x900.jpg\" alt=\"\" width=\"1200\" height=\"900\" \/>\t\t\t\t\t\t\t\t\t\t\t\t\t<img src=\"https:\/\/experiencekrk.com\/wp-content\/uploads\/2019\/08\/Senki\u00d1-doo-Privjesci-sa-slovima-glagoljice-01-1200x900.jpg\" alt=\"\" width=\"1200\" height=\"900\" \/>\t\t\t\t\t\t\t\t\t\t\t\t\t<img src=\"https:\/\/experiencekrk.com\/wp-content\/uploads\/2019\/08\/Sr-an-Hulak-Triptih-fotografija-Otok-Krk-Kattel-300dpi-1200x900.jpg\" alt=\"\" width=\"1200\" height=\"900\" \/>\t\t\t\t\t\t\t\t\t\t\t\t\t<img src=\"https:\/\/experiencekrk.com\/wp-content\/uploads\/2019\/08\/Atelier-Ecostyle-jdoo-1200x900.jpg\" alt=\"\" width=\"1200\" height=\"900\" \/>\t\t\t\t\t\t\t\t\t\t\t\t\t<img src=\"https:\/\/experiencekrk.com\/wp-content\/uploads\/2019\/08\/Dana-Kru-\u00a6i\u00d1-1200x900.jpg\" alt=\"\" width=\"1200\" height=\"900\" \/>\t\t\t\t\t\t\t\t\t\t\t\t\t<img src=\"https:\/\/experiencekrk.com\/wp-content\/uploads\/2019\/08\/Darko-Dinter-2-1200x900.jpg\" alt=\"\" width=\"1200\" height=\"900\" \/>\t\t\t\t\t\t\t\t\t\t\t\t\t<img src=\"https:\/\/experiencekrk.com\/wp-content\/uploads\/2019\/08\/Darko-Dinter-3-1200x900.jpg\" alt=\"\" width=\"1200\" height=\"900\" \/>\t\t\t\t\t\t\t\t\t\t\t\t\t<img src=\"https:\/\/experiencekrk.com\/wp-content\/uploads\/2019\/08\/Darko-Dinter-4-1200x900.jpg\" alt=\"\" width=\"1200\" height=\"900\" \/>\t\t\t\t\t\t\t\t\t\t\t\t\t<img src=\"https:\/\/experiencekrk.com\/wp-content\/uploads\/2019\/08\/Darko-Dinter-1200x900.jpg\" alt=\"\" width=\"1200\" height=\"900\" \/>\t\t\t\t\t\t\t\t\t\t\t\t\t<img src=\"https:\/\/experiencekrk.com\/wp-content\/uploads\/2019\/08\/Helena-doo-Galerija-Stani\u00d1-Slovo-glagoljice-1200x900.jpg\" alt=\"\" width=\"1200\" height=\"900\" \/>\t\t\t\t\t\t\t\t\t\t\t\t\t<img src=\"https:\/\/experiencekrk.com\/wp-content\/uploads\/2019\/08\/Katica-Stani\u00d1-Medaljon-s-glagoljicom-1200x900.jpg\" alt=\"\" width=\"1200\" height=\"900\" \/>\t\t\t\t\t\t\t\t\t\t\t\t\t<img src=\"https:\/\/experiencekrk.com\/wp-content\/uploads\/2019\/08\/Marina-Prijatelj-Bat\u00d1anska-plo\u00a6\u00c6a-\u00a6\u00c6okolada-2-1200x900.jpg\" alt=\"\" width=\"1200\" height=\"900\" \/>\t\t\t\t\t\t\t\t\t\t\t\t\t<img src=\"https:\/\/experiencekrk.com\/wp-content\/uploads\/2019\/08\/Mihaela-Omerovi\u00d1-1200x900.jpg\" alt=\"\" width=\"1200\" height=\"900\" \/>\t\t\t\t\t\t\t<\/div>\n<\/div>[\/vc_column_inner][vc_column_inner width=&#8221;1\/2&#8243; offset=&#8221;vc_hidden-sm vc_hidden-xs&#8221;][vc_column_text]<b>Souvenir con un motivo glagolitico &#8211; un regalo di Krk<\/b><\/p>\n<p>Un regalo di Krk \u00e8 un francobollo che viene dato a un souvenir che rappresenta la citt\u00e0, il suo patrimonio artistico, culturale o storico-culturale, presentando al contempo il suo patrimonio materiale, immateriale e naturale.<\/p>\n<p>I souvenir, come cimeli unici di Krk, vengono selezionati attraverso una competizione con criteri altamente definiti che includono originalit\u00e0, autenticit\u00e0, integrit\u00e0 ed estetica e l&#8217;uso di materiali ecologici che sono anche caratteristici della regione di Krk.<\/p>\n<p>Souvenir selezionati, disponibili presso il Centro informazioni turistiche di Krk, forniscono tutti i ricordi materiali della destinazione: una gamma completa di opere d&#8217;arte, vari oggetti decorativi e abbigliamento, prodotti gastronomici locali e altro.<\/p>\n<p>[\/vc_column_text][\/vc_column_inner][\/vc_row_inner][vc_row_inner][vc_column_inner width=&#8221;1\/2&#8243; offset=&#8221;vc_hidden-lg vc_hidden-md&#8221;][vc_column_text]This unique historical document inspired the creation of the Glagolitic trail. This was a historical deed of donation in which the Croatian king Zvonimir, donated the land of Jurandvor to the Order of Saint Benedict from St. Lucy\u2019s Abbey. This unique historical document inspired the creation of the Glagolitic trail.<\/p>\n<p>For more information about Glagolitic trail please contact Sinjali Association.<\/p>\n<p>Mobile: <a href=\"tel:+385911856533\">+385 91 185 6533<\/a><br \/>\nMobile: <a href=\"tel:+385917502976\">+385 91 750 2976<\/a><br \/>\nE-mail: <a href=\"mailto:info@sinjali.hr\">info@sinjali.hr<\/a>[\/vc_column_text][\/vc_column_inner][vc_column_inner width=&#8221;1\/2&#8243; offset=&#8221;vc_hidden-lg vc_hidden-md&#8221;][vc_single_image image=&#8221;3346&#8243; img_size=&#8221;full&#8221;][\/vc_column_inner][\/vc_row_inner][\/vc_column][\/vc_row][vc_row disable_element=&#8221;yes&#8221;][vc_column][vc_empty_space]<div class=\"mkdf-separator-holder clearfix  mkdf-separator-center mkdf-separator-full-width\">\n\t<div class=\"mkdf-separator\" style=\"border-color: #ebebeb;border-style: solid;border-bottom-width: 1px;margin-top: 20px;margin-bottom: 45px\"><\/div>\n<\/div>\n[vc_row_inner disable_element=&#8221;yes&#8221;][vc_column_inner]<div class=\"mkdf-section-title-holder\">\n\t<h1 class=\"mkdf-section-title mkdf-section-title-small\" >\n\tGlagolitic alphabet locations<\/h1>\n<\/div>[vc_raw_html]JTNDaWZyYW1lJTIwc3JjJTNEJTIyaHR0cHMlM0ElMkYlMkZ3d3cuZ29vZ2xlLmNvbSUyRm1hcHMlMkZkJTJGdSUyRjAlMkZlbWJlZCUzRm1pZCUzRDEwamt4SXRlLTUtQ1dxbUhZbUxlMjd3WS1QVy1MbkE2SyUyMiUyMHdpZHRoJTNEJTIyOTgwJTIyJTIwaGVpZ2h0JTNEJTIyMzgwJTIyJTNFJTNDJTJGaWZyYW1lJTNF[\/vc_raw_html][\/vc_column_inner][\/vc_row_inner][\/vc_column][\/vc_row]<\/p>\n","protected":false},"excerpt":{"rendered":"<p>[vc_row][vc_column][vc_row_inner][vc_column_inner width=&#8221;1\/2&#8243;][vc_column_text] Lapide di Ba\u0161ka (Bescanuova) La lapide di Ba\u0161ka \u00e8 uno dei monumenti croati pi\u00f9 preziosi. \u00c8 il pi\u00f9 antico record storico (dal 1105 d.C.) scritto in lingua croata, scolpito nella pietra in caratteri glagolitici croati. Questo antico monumento \u00e8 anche il primo documento della statalit\u00e0 croata. Questo documento storico unico ha ispirato la creazione del sentiero glagolitico. Fu un atto storico di donazione in cui il re croato Zvonimir, don\u00f2 la terra di Jurandvor all&#8217;Ordine di San Benedetto dall&#8217;Abbazia di Santa Lucia. [\/vc_column_text][\/vc_column_inner][vc_column_inner width=&#8221;1\/2&#8243;][\/vc_column_inner][\/vc_row_inner][vc_empty_space height=&#8221;17px&#8221;][vc_column_text][\/vc_column_text][vc_row_inner][vc_column_inner width=&#8221;1\/2&#8243; offset=&#8221;vc_hidden-sm vc_hidden-xs&#8221;][\/vc_column_inner][vc_column_inner&#8230;<\/p>\n","protected":false},"author":1,"featured_media":0,"parent":11675,"menu_order":0,"comment_status":"closed","ping_status":"closed","template":"","meta":[],"yoast_head":"<!-- This site is optimized with the Yoast SEO plugin v16.0.1 - https:\/\/yoast.com\/wordpress\/plugins\/seo\/ -->\n<title>Sentiero glagolitico - Experience Krk<\/title>\n<link rel=\"canonical\" href=\"https:\/\/experiencekrk.com\/it\/storia\/sentiero-glagolitico\/\" \/>\n<meta property=\"og:locale\" content=\"it_IT\" \/>\n<meta property=\"og:type\" content=\"article\" \/>\n<meta property=\"og:title\" content=\"Sentiero glagolitico - Experience Krk\" \/>\n<meta property=\"og:description\" content=\"[vc_row][vc_column][vc_row_inner][vc_column_inner width=&#8221;1\/2&#8243;][vc_column_text] Lapide di Ba\u0161ka (Bescanuova) La lapide di Ba\u0161ka \u00e8 uno dei monumenti croati pi\u00f9 preziosi. \u00c8 il pi\u00f9 antico record storico (dal 1105 d.C.) scritto in lingua croata, scolpito nella pietra in caratteri glagolitici croati. Questo antico monumento \u00e8 anche il primo documento della statalit\u00e0 croata. Questo documento storico unico ha ispirato la creazione del sentiero glagolitico. Fu un atto storico di donazione in cui il re croato Zvonimir, don\u00f2 la terra di Jurandvor all&#8217;Ordine di San Benedetto dall&#8217;Abbazia di Santa Lucia. [\/vc_column_text][\/vc_column_inner][vc_column_inner width=&#8221;1\/2&#8243;][\/vc_column_inner][\/vc_row_inner][vc_empty_space height=&#8221;17px&#8221;][vc_column_text][\/vc_column_text][vc_row_inner][vc_column_inner width=&#8221;1\/2&#8243; offset=&#8221;vc_hidden-sm vc_hidden-xs&#8221;][\/vc_column_inner][vc_column_inner...\" \/>\n<meta property=\"og:url\" content=\"https:\/\/experiencekrk.com\/it\/storia\/sentiero-glagolitico\/\" \/>\n<meta property=\"og:site_name\" content=\"Experience Krk\" \/>\n<meta property=\"article:modified_time\" content=\"2020-04-02T11:20:34+00:00\" \/>\n<meta name=\"twitter:card\" content=\"summary_large_image\" \/>\n<meta name=\"twitter:label1\" content=\"Tempo di lettura stimato\">\n\t<meta name=\"twitter:data1\" content=\"4 minuti\">\n<script type=\"application\/ld+json\" class=\"yoast-schema-graph\">{\"@context\":\"https:\/\/schema.org\",\"@graph\":[{\"@type\":\"WebSite\",\"@id\":\"https:\/\/experiencekrk.com\/#website\",\"url\":\"https:\/\/experiencekrk.com\/\",\"name\":\"Experience Krk\",\"description\":\"Cultural Tours, Food &amp; Wine and more\",\"potentialAction\":[{\"@type\":\"SearchAction\",\"target\":\"https:\/\/experiencekrk.com\/?s={search_term_string}\",\"query-input\":\"required name=search_term_string\"}],\"inLanguage\":\"it-IT\"},{\"@type\":\"WebPage\",\"@id\":\"https:\/\/experiencekrk.com\/it\/storia\/sentiero-glagolitico\/#webpage\",\"url\":\"https:\/\/experiencekrk.com\/it\/storia\/sentiero-glagolitico\/\",\"name\":\"Sentiero glagolitico - Experience Krk\",\"isPartOf\":{\"@id\":\"https:\/\/experiencekrk.com\/#website\"},\"datePublished\":\"2019-04-15T17:38:15+00:00\",\"dateModified\":\"2020-04-02T11:20:34+00:00\",\"breadcrumb\":{\"@id\":\"https:\/\/experiencekrk.com\/it\/storia\/sentiero-glagolitico\/#breadcrumb\"},\"inLanguage\":\"it-IT\",\"potentialAction\":[{\"@type\":\"ReadAction\",\"target\":[\"https:\/\/experiencekrk.com\/it\/storia\/sentiero-glagolitico\/\"]}]},{\"@type\":\"BreadcrumbList\",\"@id\":\"https:\/\/experiencekrk.com\/it\/storia\/sentiero-glagolitico\/#breadcrumb\",\"itemListElement\":[{\"@type\":\"ListItem\",\"position\":1,\"item\":{\"@type\":\"WebPage\",\"@id\":\"https:\/\/experiencekrk.com\/it\/\",\"url\":\"https:\/\/experiencekrk.com\/it\/\",\"name\":\"Home\"}},{\"@type\":\"ListItem\",\"position\":2,\"item\":{\"@type\":\"WebPage\",\"@id\":\"https:\/\/experiencekrk.com\/it\/storia\/\",\"url\":\"https:\/\/experiencekrk.com\/it\/storia\/\",\"name\":\"Storia\"}},{\"@type\":\"ListItem\",\"position\":3,\"item\":{\"@type\":\"WebPage\",\"@id\":\"https:\/\/experiencekrk.com\/it\/storia\/sentiero-glagolitico\/\",\"url\":\"https:\/\/experiencekrk.com\/it\/storia\/sentiero-glagolitico\/\",\"name\":\"Sentiero glagolitico\"}}]}]}<\/script>\n<!-- \/ Yoast SEO plugin. -->","_links":{"self":[{"href":"https:\/\/experiencekrk.com\/it\/wp-json\/wp\/v2\/pages\/12106"}],"collection":[{"href":"https:\/\/experiencekrk.com\/it\/wp-json\/wp\/v2\/pages"}],"about":[{"href":"https:\/\/experiencekrk.com\/it\/wp-json\/wp\/v2\/types\/page"}],"author":[{"embeddable":true,"href":"https:\/\/experiencekrk.com\/it\/wp-json\/wp\/v2\/users\/1"}],"replies":[{"embeddable":true,"href":"https:\/\/experiencekrk.com\/it\/wp-json\/wp\/v2\/comments?post=12106"}],"version-history":[{"count":2,"href":"https:\/\/experiencekrk.com\/it\/wp-json\/wp\/v2\/pages\/12106\/revisions"}],"predecessor-version":[{"id":12113,"href":"https:\/\/experiencekrk.com\/it\/wp-json\/wp\/v2\/pages\/12106\/revisions\/12113"}],"up":[{"embeddable":true,"href":"https:\/\/experiencekrk.com\/it\/wp-json\/wp\/v2\/pages\/11675"}],"wp:attachment":[{"href":"https:\/\/experiencekrk.com\/it\/wp-json\/wp\/v2\/media?parent=12106"}],"curies":[{"name":"wp","href":"https:\/\/api.w.org\/{rel}","templated":true}]}}