{"id":11789,"date":"2019-07-31T00:41:42","date_gmt":"2019-07-31T00:41:42","guid":{"rendered":"https:\/\/experiencekrk.com\/sun-sea\/"},"modified":"2024-03-10T21:36:48","modified_gmt":"2024-03-10T21:36:48","slug":"sole-e-mare","status":"publish","type":"page","link":"https:\/\/experiencekrk.com\/it\/sole-e-mare\/","title":{"rendered":"Sole e mare"},"content":{"rendered":"<p>[vc_row][vc_column]<div class=\"mkdf-section-title-holder\">\n\t<h1 class=\"mkdf-section-title mkdf-section-title-medium\" >\n\tCitt\u00e0 di Krk - La tua destinazione estiva<\/h1>\n<\/div>[vc_row_inner][vc_column_inner width=&#8221;1\/2&#8243;][vc_column_text]Il mare pulito e turchese e le spiagge rocciose rendono la citt\u00e0 di Krk la destinazione ideale per le vacanze estive. Camminando lungo la costa, vicino alla citt\u00e0 vecchia di Krk, incontrerai diverse spiagge di ciottoli o rocciose con zone prendisole paesaggistiche. Nel corso degli anni, le spiagge della citt\u00e0 di Krk hanno vinto sei bandiere blu, un simbolo dell&#8217;alta qualit\u00e0 dell&#8217;acqua di mare e servizi associati come sanitari, ospitalit\u00e0, attivit\u00e0 ricreative&#8230;<\/p>\n<p>Cammina lungo il litorale e trova la tua baia nascosta di banchi su queste spiagge rocciose all&#8217;ombra dei pini e goditi le vacanze estive. Nuota e fai snorkeling, noleggia una pedal\u00f2, e molto altro.[\/vc_column_text][\/vc_column_inner][vc_column_inner width=&#8221;1\/2&#8243;]<div class=\"mkdf-image-gallery\">\n\t<div class=\"mkdf-image-gallery-slider \" data-autoplay=\"5\" data-animation=\"slide\" data-navigation=\"yes\" data-pagination=\"yes\">\n\t\t\t\t\t\t<a href=\"https:\/\/experiencekrk.com\/wp-content\/uploads\/2016\/04\/City-of-Krk-beach-Drazice.jpg\" data-rel=\"prettyPhoto[single_pretty_photo]\" title=\"City of Krk &#8211; beach Drazice\">\n\t\t\t\t\t\t\t\t\t\t<img width=\"600\" height=\"400\" src=\"https:\/\/experiencekrk.com\/wp-content\/uploads\/2016\/04\/City-of-Krk-beach-Drazice.jpg\" class=\"attachment-full size-full\" alt=\"\" loading=\"lazy\" srcset=\"https:\/\/experiencekrk.com\/wp-content\/uploads\/2016\/04\/City-of-Krk-beach-Drazice.jpg 600w, https:\/\/experiencekrk.com\/wp-content\/uploads\/2016\/04\/City-of-Krk-beach-Drazice-300x200.jpg 300w\" sizes=\"(max-width: 600px) 100vw, 600px\" \/>\t\t\t\t\t\t\t\t\t\t<\/a>\n\t\t\t\t\t\t\t<a href=\"https:\/\/experiencekrk.com\/wp-content\/uploads\/2019\/06\/City-of-Krk-beach-Drazice-and-water-trampolin.jpg\" data-rel=\"prettyPhoto[single_pretty_photo]\" title=\"City of Krk &#8211; beach Drazice and water trampolin\">\n\t\t\t\t\t\t\t\t\t\t<img width=\"600\" height=\"400\" src=\"https:\/\/experiencekrk.com\/wp-content\/uploads\/2019\/06\/City-of-Krk-beach-Drazice-and-water-trampolin.jpg\" class=\"attachment-full size-full\" alt=\"\" loading=\"lazy\" srcset=\"https:\/\/experiencekrk.com\/wp-content\/uploads\/2019\/06\/City-of-Krk-beach-Drazice-and-water-trampolin.jpg 600w, https:\/\/experiencekrk.com\/wp-content\/uploads\/2019\/06\/City-of-Krk-beach-Drazice-and-water-trampolin-300x200.jpg 300w\" sizes=\"(max-width: 600px) 100vw, 600px\" \/>\t\t\t\t\t\t\t\t\t\t<\/a>\n\t\t\t\t\t\t\t<a href=\"https:\/\/experiencekrk.com\/wp-content\/uploads\/2019\/04\/City-of-Krk-Beach-Drazica-and-water-trampolin.jpg\" data-rel=\"prettyPhoto[single_pretty_photo]\" title=\"City of Krk &#8211; Beach Drazica and water trampolin\">\n\t\t\t\t\t\t\t\t\t\t<img width=\"600\" height=\"400\" src=\"https:\/\/experiencekrk.com\/wp-content\/uploads\/2019\/04\/City-of-Krk-Beach-Drazica-and-water-trampolin.jpg\" class=\"attachment-full size-full\" alt=\"\" loading=\"lazy\" srcset=\"https:\/\/experiencekrk.com\/wp-content\/uploads\/2019\/04\/City-of-Krk-Beach-Drazica-and-water-trampolin.jpg 600w, https:\/\/experiencekrk.com\/wp-content\/uploads\/2019\/04\/City-of-Krk-Beach-Drazica-and-water-trampolin-300x200.jpg 300w\" sizes=\"(max-width: 600px) 100vw, 600px\" \/>\t\t\t\t\t\t\t\t\t\t<\/a>\n\t\t\t\t\t\t\t<a href=\"https:\/\/experiencekrk.com\/wp-content\/uploads\/2019\/06\/City-of-Krk-bay-at-beach-Drazice.jpg\" data-rel=\"prettyPhoto[single_pretty_photo]\" title=\"City of Krk &#8211; bay at beach Drazice\">\n\t\t\t\t\t\t\t\t\t\t<img width=\"600\" height=\"400\" src=\"https:\/\/experiencekrk.com\/wp-content\/uploads\/2019\/06\/City-of-Krk-bay-at-beach-Drazice.jpg\" class=\"attachment-full size-full\" alt=\"\" loading=\"lazy\" srcset=\"https:\/\/experiencekrk.com\/wp-content\/uploads\/2019\/06\/City-of-Krk-bay-at-beach-Drazice.jpg 600w, https:\/\/experiencekrk.com\/wp-content\/uploads\/2019\/06\/City-of-Krk-bay-at-beach-Drazice-300x200.jpg 300w\" sizes=\"(max-width: 600px) 100vw, 600px\" \/>\t\t\t\t\t\t\t\t\t\t<\/a>\n\t\t\t\t\t\t\t<a href=\"https:\/\/experiencekrk.com\/wp-content\/uploads\/2019\/04\/City-of-Krk-beach-Portapisana-1.jpg\" data-rel=\"prettyPhoto[single_pretty_photo]\" title=\"City of Krk &#8211; beach Portapisana\">\n\t\t\t\t\t\t\t\t\t\t<img width=\"600\" height=\"400\" src=\"https:\/\/experiencekrk.com\/wp-content\/uploads\/2019\/04\/City-of-Krk-beach-Portapisana-1.jpg\" class=\"attachment-full size-full\" alt=\"\" loading=\"lazy\" srcset=\"https:\/\/experiencekrk.com\/wp-content\/uploads\/2019\/04\/City-of-Krk-beach-Portapisana-1.jpg 600w, https:\/\/experiencekrk.com\/wp-content\/uploads\/2019\/04\/City-of-Krk-beach-Portapisana-1-300x200.jpg 300w\" sizes=\"(max-width: 600px) 100vw, 600px\" \/>\t\t\t\t\t\t\t\t\t\t<\/a>\n\t\t\t\t\t\t\t<a href=\"https:\/\/experiencekrk.com\/wp-content\/uploads\/2019\/06\/City-of-Krk-people-at-the-beach.jpg\" data-rel=\"prettyPhoto[single_pretty_photo]\" title=\"City of Krk &#8211; people at the beach\">\n\t\t\t\t\t\t\t\t\t\t<img width=\"600\" height=\"400\" src=\"https:\/\/experiencekrk.com\/wp-content\/uploads\/2019\/06\/City-of-Krk-people-at-the-beach.jpg\" class=\"attachment-full size-full\" alt=\"\" loading=\"lazy\" srcset=\"https:\/\/experiencekrk.com\/wp-content\/uploads\/2019\/06\/City-of-Krk-people-at-the-beach.jpg 600w, https:\/\/experiencekrk.com\/wp-content\/uploads\/2019\/06\/City-of-Krk-people-at-the-beach-300x200.jpg 300w\" sizes=\"(max-width: 600px) 100vw, 600px\" \/>\t\t\t\t\t\t\t\t\t\t<\/a>\n\t\t\t\t\t\t\t<a href=\"https:\/\/experiencekrk.com\/wp-content\/uploads\/2016\/04\/City-of-Krk-beach-Porporela-and-sea-paddling.jpg\" data-rel=\"prettyPhoto[single_pretty_photo]\" title=\"City of Krk &#8211; beach Porporela and sea paddling\">\n\t\t\t\t\t\t\t\t\t\t<img width=\"600\" height=\"400\" src=\"https:\/\/experiencekrk.com\/wp-content\/uploads\/2016\/04\/City-of-Krk-beach-Porporela-and-sea-paddling.jpg\" class=\"attachment-full size-full\" alt=\"\" loading=\"lazy\" srcset=\"https:\/\/experiencekrk.com\/wp-content\/uploads\/2016\/04\/City-of-Krk-beach-Porporela-and-sea-paddling.jpg 600w, https:\/\/experiencekrk.com\/wp-content\/uploads\/2016\/04\/City-of-Krk-beach-Porporela-and-sea-paddling-300x200.jpg 300w\" sizes=\"(max-width: 600px) 100vw, 600px\" \/>\t\t\t\t\t\t\t\t\t\t<\/a>\n\t\t\t\t\t\t\t<a href=\"https:\/\/experiencekrk.com\/wp-content\/uploads\/2016\/04\/City-of-Krk-beach-Porporela-and-city-center-in-the-back.jpg\" data-rel=\"prettyPhoto[single_pretty_photo]\" title=\"City of Krk &#8211; beach Porporela and city center in the back\">\n\t\t\t\t\t\t\t\t\t\t<img width=\"600\" height=\"400\" src=\"https:\/\/experiencekrk.com\/wp-content\/uploads\/2016\/04\/City-of-Krk-beach-Porporela-and-city-center-in-the-back.jpg\" class=\"attachment-full size-full\" alt=\"\" loading=\"lazy\" srcset=\"https:\/\/experiencekrk.com\/wp-content\/uploads\/2016\/04\/City-of-Krk-beach-Porporela-and-city-center-in-the-back.jpg 600w, https:\/\/experiencekrk.com\/wp-content\/uploads\/2016\/04\/City-of-Krk-beach-Porporela-and-city-center-in-the-back-300x200.jpg 300w\" sizes=\"(max-width: 600px) 100vw, 600px\" \/>\t\t\t\t\t\t\t\t\t\t<\/a>\n\t\t\t\t<\/div>\n<\/div>[\/vc_column_inner][\/vc_row_inner][vc_empty_space][\/vc_column][\/vc_row][vc_row][vc_column][vc_empty_space height=&#8221;17px&#8221;][vc_gallery type=&#8221;image_grid&#8221; images=&#8221;10095,10087,10091&#8243; img_size=&#8221;medium&#8221;][vc_empty_space height=&#8221;17px&#8221;][vc_single_image image=&#8221;10076&#8243; img_size=&#8221;medium&#8221; alignment=&#8221;center&#8221;]<div class=\"mkdf-testimonials-holder clearfix dark\"><div class=\"mkdf-testimonials testimonials-grid\"><div class=\"mkdf-testimonials-holder-inner\">\n\t<div id=\"mkdf-testimonials11713\" class=\"mkdf-testimonial-content testimonials-grid mkdf-two-columns\">\n\t\t<div class=\"mkdf-testimonial-text-inner \">\n\t\t\t\n\t\t\t\t\t\t\t<div class=\"mkdf-testimonial-author\">\n\t\t\t\t\t<h6 class=\"mkdf-testimonial-author-text \">seeingwithmyheart, Montenegro<\/h6>\n\t\t\t\t\t\n\t\t\t\t<\/div>\n\t\t\t\t\t<\/div>\n\t\t<p class=\"mkdf-testimonial-text \">\"The food was amazing.... and the views reminiscent of ancient Greece\"<\/p>\n\n\t<\/div>\n<\/div>\n<div class=\"mkdf-testimonials-holder-inner\">\n\t<div id=\"mkdf-testimonials11719\" class=\"mkdf-testimonial-content testimonials-grid mkdf-two-columns\">\n\t\t<div class=\"mkdf-testimonial-text-inner \">\n\t\t\t\n\t\t\t\t\t\t\t<div class=\"mkdf-testimonial-author\">\n\t\t\t\t\t<h6 class=\"mkdf-testimonial-author-text \">Kristen K, Connecticut<\/h6>\n\t\t\t\t\t\n\t\t\t\t<\/div>\n\t\t\t\t\t<\/div>\n\t\t<p class=\"mkdf-testimonial-text \">\" ...the views and color of the water, breathtaking! It reminded me of California a bit, but there is no water that color in California!...a must see!!!\"<\/p>\n\n\t<\/div>\n<\/div>\n<div class=\"mkdf-testimonials-holder-inner\">\n\t<div id=\"mkdf-testimonials11716\" class=\"mkdf-testimonial-content testimonials-grid mkdf-two-columns\">\n\t\t<div class=\"mkdf-testimonial-text-inner \">\n\t\t\t\n\t\t\t\t\t\t\t<div class=\"mkdf-testimonial-author\">\n\t\t\t\t\t<h6 class=\"mkdf-testimonial-author-text \">Cropelka, Poland<\/h6>\n\t\t\t\t\t\n\t\t\t\t<\/div>\n\t\t\t\t\t<\/div>\n\t\t<p class=\"mkdf-testimonial-text \">\" a place for those who need peace and quiet on their holiday. It's worth a longer stay, otherwise you might not discover the whole peace and beauty... The pebble beaches there are really excellent and one of the most beautiful in Croatia\"<\/p>\n\n\t<\/div>\n<\/div>\n<div class=\"mkdf-testimonials-holder-inner\">\n\t<div id=\"mkdf-testimonials11717\" class=\"mkdf-testimonial-content testimonials-grid mkdf-two-columns\">\n\t\t<div class=\"mkdf-testimonial-text-inner \">\n\t\t\t\n\t\t\t\t\t\t\t<div class=\"mkdf-testimonial-author\">\n\t\t\t\t\t<h6 class=\"mkdf-testimonial-author-text \">Asiyah Noemi K, Pula<\/h6>\n\t\t\t\t\t\n\t\t\t\t<\/div>\n\t\t\t\t\t<\/div>\n\t\t<p class=\"mkdf-testimonial-text \">\"Untouched nature, wonderful people and rich history make this place special. Architecture in the city of Krk is enchanting. Everything is built in stone like a castle, an exterior wall, a town hall, squares ... beautiful and relaxing\"<\/p>\n\n\t<\/div>\n<\/div>\n<\/div><\/div>[vc_empty_space height=&#8221;17px&#8221;][vc_column_text][\/vc_column_text][vc_raw_html]JTNDaWZyYW1lJTIwc3JjJTNEJTIyaHR0cHMlM0ElMkYlMkZ3d3cuZ29vZ2xlLmNvbSUyRm1hcHMlMkZkJTJGdSUyRjAlMkZlbWJlZCUzRm1pZCUzRDFRTXBLZE40ejdQaHFNWVA4YVhpVVJhclZrM1JkZWQzOSUyMiUyMHdpZHRoJTNEJTIyOTgwJTIyJTIwaGVpZ2h0JTNEJTIyMzIwJTIyJTNFJTNDJTJGaWZyYW1lJTNF[\/vc_raw_html][\/vc_column][\/vc_row][vc_row][vc_column][vc_empty_space]<div class=\"mkdf-separator-holder clearfix  mkdf-separator-center mkdf-separator-full-width\">\n\t<div class=\"mkdf-separator\" style=\"border-color: #ebebeb;border-style: solid;border-bottom-width: 1px;margin-top: 20px;margin-bottom: 45px\"><\/div>\n<\/div>\n<div class=\"mkdf-section-title-holder\">\n\t<h1 class=\"mkdf-section-title mkdf-section-title-small\" >\n\tNon perdere il ...<\/h1>\n<\/div>[vc_row_inner][vc_column_inner width=&#8221;1\/3&#8243;][vc_single_image image=&#8221;5563&#8243; img_size=&#8221;full&#8221; alignment=&#8221;center&#8221; style=&#8221;vc_box_rounded&#8221; onclick=&#8221;custom_link&#8221; link=&#8221;https:\/\/experiencekrk.com\/family-vacation\/zip-line-krk\/&#8221;][vc_column_text el_class=&#8221;custom-tour-text&#8221;]<\/p>\n<p style=\"text-align: center;\"><a href=\"https:\/\/experiencekrk.com\/it\/vacanze-di-famiglia\/zip-line-krk-hr\/\"><span style=\"color: #870337;\"><strong>Zip Line Krk<\/strong><\/span><\/a><\/p>\n<p>[\/vc_column_text][\/vc_column_inner][vc_column_inner width=&#8221;1\/3&#8243;][vc_single_image image=&#8221;4710&#8243; img_size=&#8221;full&#8221; alignment=&#8221;center&#8221; style=&#8221;vc_box_rounded&#8221; onclick=&#8221;custom_link&#8221; link=&#8221;https:\/\/experiencekrk.com\/adventure-travel\/wakeboard-cable-krk\/&#8221;][vc_column_text el_class=&#8221;custom-tour-text&#8221;]<\/p>\n<p style=\"text-align: center;\"><span style=\"color: #870337;\"><strong><a href=\"https:\/\/experiencekrk.com\/it\/viaggio-avventuroso\/wakeboard-cable-krk\/\">Wakeboard Cable Krk<\/a><br \/>\n<\/strong><\/span><\/p>\n<p>[\/vc_column_text][\/vc_column_inner][vc_column_inner width=&#8221;1\/3&#8243;][vc_single_image image=&#8221;4647&#8243; img_size=&#8221;full&#8221; alignment=&#8221;center&#8221; style=&#8221;vc_box_rounded&#8221; onclick=&#8221;custom_link&#8221; link=&#8221;https:\/\/experiencekrk.com\/adventure-travel\/diving-centers\/&#8221;][vc_column_text el_class=&#8221;custom-tour-text&#8221; css=&#8221;.vc_custom_1585676887918{border-right-width: 0px !important;border-left-width: 0px !important;background-position: center !important;background-repeat: no-repeat !important;background-size: contain !important;}&#8221;]<\/p>\n<p style=\"text-align: center;\"><span style=\"color: #870337;\"><strong><a href=\"https:\/\/experiencekrk.com\/it\/viaggio-avventuroso\/centri-di-immersione\/\">Centri di immersione<\/a><br \/>\n<\/strong><\/span><\/p>\n<p>[\/vc_column_text][\/vc_column_inner][\/vc_row_inner][vc_empty_space height=&#8221;20px&#8221;][\/vc_column][\/vc_row][vc_row][vc_column]<div class=\"mkdf-separator-holder clearfix  mkdf-separator-center mkdf-separator-full-width\">\n\t<div class=\"mkdf-separator\" style=\"border-color: #ebebeb;border-style: solid;border-bottom-width: 1px;margin-top: 20px;margin-bottom: 45px\"><\/div>\n<\/div>\n<div class=\"mkdf-section-title-holder\">\n\t<h1 class=\"mkdf-section-title mkdf-section-title-medium\" >\n\tTour consigliati<\/h1>\n<\/div><div class=\"mkdf-tours-list-holder mkdf-tours-gallery-with-hover\">\n\t\t\t\t\t\t<div class=\"mkdf-tours-list-pagination-data\">\n\t\t\t\t<input type=\"hidden\" name=\"order_by\" value=\"menu_order\">\n\t\t\t\t<input type=\"hidden\" name=\"order\" value=\"ASC\">\n\t\t\t\t<input type=\"hidden\" name=\"tour_category\" value=\"summer-vacation\">\n\t\t\t\t<input type=\"hidden\" name=\"number\" value=\"2\">\n\t\t\t\t<input type=\"hidden\" name=\"thumb_size\" value=\"voyage_landscape\">\n\t\t\t\t<input type=\"hidden\" name=\"next_page\" value=\"2\">\n\t\t\t\t<input type=\"hidden\" name=\"tour_type\" value=\"standard\">\n\t\t\t\t<input type=\"hidden\" name=\"image_size\" value=\"landscape\">\n\t\t\t\t<input type=\"hidden\" name=\"text_length\" value=\"90\">\n\t\t\t<\/div>\n\t\t\n\t\t\n\t\t<div class=\"mkdf-tours-list-holder-inner mkdf-two-items\">\n\n\t\t\t\t\n\t<div class=\"mkdf-tour-list-item-inner post-13291 tour-item type-tour-item status-publish has-post-thumbnail hentry tour-category-vacanze-estive tour-category-viaggio-avventuroso\">\n\t\t<div class=\"mkdf-tours-standard-item post-13291 tour-item type-tour-item status-publish has-post-thumbnail hentry tour-category-vacanze-estive tour-category-viaggio-avventuroso\">\n\t\t\t<div class=\"mkdf-tours-standard-item-image-holder\">\n\t\t\t<a href=\"https:\/\/experiencekrk.com\/it\/tour-item\/tuffati-nellavventura\/\">\n\t\t\t\t<img width=\"600\" height=\"400\" src=\"https:\/\/experiencekrk.com\/wp-content\/uploads\/2019\/04\/City-of-Krk-Diving.jpg\" class=\"attachment-voyage_landscape size-voyage_landscape wp-post-image\" alt=\"\" loading=\"lazy\" srcset=\"https:\/\/experiencekrk.com\/wp-content\/uploads\/2019\/04\/City-of-Krk-Diving.jpg 600w, https:\/\/experiencekrk.com\/wp-content\/uploads\/2019\/04\/City-of-Krk-Diving-300x200.jpg 300w\" sizes=\"(max-width: 600px) 100vw, 600px\" \/>\n\t\t\t\t\t\t\t\t\t<span class=\"mkdf-tours-standard-item-label-holder\">\n\t\t\t\t\t\t\n\t\t<span class=\"mkdf-tour-item-label\">\n\t\t\t<span class=\"mkdf-tour-item-label-inner\">\n\t\t\t\t\t\t\t<\/span>\n\t\t<\/span>\n\n\t\t\t\t\t\t\t<\/span>\n\t\t\t\t\t\t\t<\/a>\n\t\t<\/div>\n\t\n\t<div class=\"mkdf-tours-standard-item-content-holder\">\n\t\t<div class=\"mkdf-tours-standard-item-title-price-holder\">\n\t\t\t<h5 class=\"mkdf-tour-title\" >\n\t\t\t\t<a href=\"https:\/\/experiencekrk.com\/it\/tour-item\/tuffati-nellavventura\/\">Tuffati nell&#8217;avventura<\/a>\n\n\t\t\t\t<span class=\"mkdf-tours-standard-item-price-holder\">\n\t\t\t\t\t\n\t\t<span class=\"mkdf-tours-price-holder\">\n\t\t\t\t\t\t\t<span class=\"mkdf-tours-item-price\">$1<\/span>\n\t\t\t\t\t\t\t\t<\/span>\n\n\t\t\t\t\t\t<\/span>\n\n\t\t\t<\/h5>\n\t\t<\/div>\n\n\t\t<div class=\"mkdf-tours-standard-item-rating\">\n\t\t\t\n\t\t\n\t\t\t\t<\/div>\n\n\t\t\t\t\t<div class=\"mkdf-tours-standard-item-excerpt\">\n\t\t\t\t[vc_row][vc_column][vc_column_text] Il mare cristallino dell&#8217;Adriatico con l&#8217;abbondanza di vita marina, le grotte sottomarine e i relitti attraggono i subacquei durante tutto l&#8217;anno sull&#8217;isola di Krk. In citt\u00e0 ci sono diversi centri di immersione che offrono lezioni per principianti e visite guidate subacquee per esperti. Indossa la tua muta da sub ed esplora il fantastico mondo sottomarino di Krk che nasconde molti segreti, tra cui il relitto della nave greca Peltastis che affond\u00f2 vicino a \u0160ilo nel lontano 1860. O trova gemme rare come il giardino roccioso, uno degli ultimi posti...\t\t\t<\/div>\n\t\t\n\t\t<div class=\"mkdf-tours-standard-item-bottom-content\">\n\t\t\t\t\t\t\t<div class=\"mkdf-tours-standard-item-bottom-item\">\n\t\t\t\t\t\n\t\t\n\t\t\t<div class=\"mkdf-tour-duration-holder\">\n\t\t\t    <span class=\"mkdf-tour-duration-icon mkdf-tour-info-icon\">\n\t\t\t\t\t<span class=\"lnr lnr-undo\"><\/span>\n\t\t\t    <\/span>\n\t\t\t\t<span class=\"mkdf-tour-info-label\">\n\t\t\t\t\t1\t\t\t\t<\/span>\n\t\t\t<\/div>\n\n\t\t\n\t\t\t\t\t\t<\/div>\n\t\t\t\n\t\t\t\t\t\t\t<div class=\"mkdf-tours-standard-item-bottom-item\">\n\t\t\t\t\t\n\t\t\n\t\t\t<div class=\"mkdf-tour-min-age-holder\">\n\t\t\t    <span class=\"mkdf-tour-min-age-icon mkdf-tour-info-icon\">\n\t\t\t\t    <span class=\"lnr lnr-user\"><\/span>\n\t\t\t    <\/span>\n\n\t\t\t\t<span class=\"mkdf-tour-info-label\">\n\t\t\t\t\t1+\n\t\t\t\t\t\t\t\t\t<\/span>\n\t\t\t<\/div>\n\n\t\t\n\t\t\t\t\t\t<\/div>\n\t\t\t\t\t<\/div>\n\t<\/div>\n<\/div>\t<\/div>\n\t\n\t<div class=\"mkdf-tour-list-item-inner post-13299 tour-item type-tour-item status-publish has-post-thumbnail hentry tour-category-vacanze-estive\">\n\t\t<div class=\"mkdf-tours-standard-item post-13299 tour-item type-tour-item status-publish has-post-thumbnail hentry tour-category-vacanze-estive\">\n\t\t\t<div class=\"mkdf-tours-standard-item-image-holder\">\n\t\t\t<a href=\"https:\/\/experiencekrk.com\/it\/tour-item\/vacanze-estive\/\">\n\t\t\t\t<img width=\"600\" height=\"400\" src=\"https:\/\/experiencekrk.com\/wp-content\/uploads\/2019\/04\/City-of-Krk-beach-Portapisana-1.jpg\" class=\"attachment-voyage_landscape size-voyage_landscape wp-post-image\" alt=\"\" loading=\"lazy\" srcset=\"https:\/\/experiencekrk.com\/wp-content\/uploads\/2019\/04\/City-of-Krk-beach-Portapisana-1.jpg 600w, https:\/\/experiencekrk.com\/wp-content\/uploads\/2019\/04\/City-of-Krk-beach-Portapisana-1-300x200.jpg 300w\" sizes=\"(max-width: 600px) 100vw, 600px\" \/>\n\t\t\t\t\t\t\t\t\t<span class=\"mkdf-tours-standard-item-label-holder\">\n\t\t\t\t\t\t\n\t\t<span class=\"mkdf-tour-item-label\">\n\t\t\t<span class=\"mkdf-tour-item-label-inner\">\n\t\t\t\t\t\t\t<\/span>\n\t\t<\/span>\n\n\t\t\t\t\t\t\t<\/span>\n\t\t\t\t\t\t\t<\/a>\n\t\t<\/div>\n\t\n\t<div class=\"mkdf-tours-standard-item-content-holder\">\n\t\t<div class=\"mkdf-tours-standard-item-title-price-holder\">\n\t\t\t<h5 class=\"mkdf-tour-title\" >\n\t\t\t\t<a href=\"https:\/\/experiencekrk.com\/it\/tour-item\/vacanze-estive\/\">Vacanze estive<\/a>\n\n\t\t\t\t<span class=\"mkdf-tours-standard-item-price-holder\">\n\t\t\t\t\t\n\t\t<span class=\"mkdf-tours-price-holder\">\n\t\t\t\t\t\t\t<span class=\"mkdf-tours-item-price\">$1<\/span>\n\t\t\t\t\t\t\t\t<\/span>\n\n\t\t\t\t\t\t<\/span>\n\n\t\t\t<\/h5>\n\t\t<\/div>\n\n\t\t<div class=\"mkdf-tours-standard-item-rating\">\n\t\t\t\n\t\t\n\t\t\t\t<\/div>\n\n\t\t\t\t\t<div class=\"mkdf-tours-standard-item-excerpt\">\n\t\t\t\t[vc_row][vc_column][vc_column_text] Cerchi la tua meta estiva? Metti la citt\u00e0 di Krk nella tua lista dei desideri. Situata sull&#8217;isola di Krk, questa citt\u00e0 \u00e8 famosa per il suo clima mite mediterraneo, il mare cristallino e le spiagge di ciottoli. Inoltre, sole e mare ha molte altre possibilit\u00e0 di vacanza da offrire: dall&#8217;autentica cucina mediterranea agli sport acquatici estivi attivi come Zip Line Krk e\u00a0Wakeboard Cable Krk. Prenota un tour in barca ed esplora le isole vicine, le baie e le insenature nascoste. Durante le miti notti estive, mentre soffia una leggera...\t\t\t<\/div>\n\t\t\n\t\t<div class=\"mkdf-tours-standard-item-bottom-content\">\n\t\t\t\t\t\t\t<div class=\"mkdf-tours-standard-item-bottom-item\">\n\t\t\t\t\t\n\t\t\n\t\t\t<div class=\"mkdf-tour-duration-holder\">\n\t\t\t    <span class=\"mkdf-tour-duration-icon mkdf-tour-info-icon\">\n\t\t\t\t\t<span class=\"lnr lnr-undo\"><\/span>\n\t\t\t    <\/span>\n\t\t\t\t<span class=\"mkdf-tour-info-label\">\n\t\t\t\t\t1\t\t\t\t<\/span>\n\t\t\t<\/div>\n\n\t\t\n\t\t\t\t\t\t<\/div>\n\t\t\t\n\t\t\t\t\t\t\t<div class=\"mkdf-tours-standard-item-bottom-item\">\n\t\t\t\t\t\n\t\t\n\t\t\t<div class=\"mkdf-tour-min-age-holder\">\n\t\t\t    <span class=\"mkdf-tour-min-age-icon mkdf-tour-info-icon\">\n\t\t\t\t    <span class=\"lnr lnr-user\"><\/span>\n\t\t\t    <\/span>\n\n\t\t\t\t<span class=\"mkdf-tour-info-label\">\n\t\t\t\t\t1+\n\t\t\t\t\t\t\t\t\t<\/span>\n\t\t\t<\/div>\n\n\t\t\n\t\t\t\t\t\t<\/div>\n\t\t\t\t\t<\/div>\n\t<\/div>\n<\/div>\t<\/div>\n\n\t\t\t<div class=\"mkdf-tours-list-grid-sizer\"><\/div>\n\t\t<\/div>\n\n\t\t\n\n\t\t<\/div>[\/vc_column][\/vc_row]<\/p>\n","protected":false},"excerpt":{"rendered":"<p>[vc_row][vc_column][vc_row_inner][vc_column_inner width=&#8221;1\/2&#8243;][vc_column_text]Il mare pulito e turchese e le spiagge rocciose rendono la citt\u00e0 di Krk la destinazione ideale per le vacanze estive. Camminando lungo la costa, vicino alla citt\u00e0 vecchia di Krk, incontrerai diverse spiagge di ciottoli o rocciose con zone prendisole paesaggistiche. Nel corso degli anni, le spiagge della citt\u00e0 di Krk hanno vinto sei bandiere blu, un simbolo dell&#8217;alta qualit\u00e0 dell&#8217;acqua di mare e servizi associati come sanitari, ospitalit\u00e0, attivit\u00e0 ricreative&#8230; Cammina lungo il litorale e trova la tua baia nascosta di banchi su queste spiagge rocciose all&#8217;ombra&#8230;<\/p>\n","protected":false},"author":1,"featured_media":0,"parent":0,"menu_order":0,"comment_status":"closed","ping_status":"closed","template":"","meta":[],"yoast_head":"<!-- This site is optimized with the Yoast SEO plugin v16.0.1 - https:\/\/yoast.com\/wordpress\/plugins\/seo\/ -->\n<title>Sole e mare - Experience Krk<\/title>\n<link rel=\"canonical\" href=\"https:\/\/experiencekrk.com\/it\/sole-e-mare\/\" \/>\n<meta property=\"og:locale\" content=\"it_IT\" \/>\n<meta property=\"og:type\" content=\"article\" \/>\n<meta property=\"og:title\" content=\"Sole e mare - Experience Krk\" \/>\n<meta property=\"og:description\" content=\"[vc_row][vc_column][vc_row_inner][vc_column_inner width=&#8221;1\/2&#8243;][vc_column_text]Il mare pulito e turchese e le spiagge rocciose rendono la citt\u00e0 di Krk la destinazione ideale per le vacanze estive. Camminando lungo la costa, vicino alla citt\u00e0 vecchia di Krk, incontrerai diverse spiagge di ciottoli o rocciose con zone prendisole paesaggistiche. Nel corso degli anni, le spiagge della citt\u00e0 di Krk hanno vinto sei bandiere blu, un simbolo dell&#8217;alta qualit\u00e0 dell&#8217;acqua di mare e servizi associati come sanitari, ospitalit\u00e0, attivit\u00e0 ricreative&#8230; Cammina lungo il litorale e trova la tua baia nascosta di banchi su queste spiagge rocciose all&#8217;ombra...\" \/>\n<meta property=\"og:url\" content=\"https:\/\/experiencekrk.com\/it\/sole-e-mare\/\" \/>\n<meta property=\"og:site_name\" content=\"Experience Krk\" \/>\n<meta property=\"article:modified_time\" content=\"2024-03-10T21:36:48+00:00\" \/>\n<meta name=\"twitter:card\" content=\"summary_large_image\" \/>\n<meta name=\"twitter:label1\" content=\"Tempo di lettura stimato\">\n\t<meta name=\"twitter:data1\" content=\"1 minuto\">\n<script type=\"application\/ld+json\" class=\"yoast-schema-graph\">{\"@context\":\"https:\/\/schema.org\",\"@graph\":[{\"@type\":\"WebSite\",\"@id\":\"https:\/\/experiencekrk.com\/#website\",\"url\":\"https:\/\/experiencekrk.com\/\",\"name\":\"Experience Krk\",\"description\":\"Cultural Tours, Food &amp; Wine and more\",\"potentialAction\":[{\"@type\":\"SearchAction\",\"target\":\"https:\/\/experiencekrk.com\/?s={search_term_string}\",\"query-input\":\"required name=search_term_string\"}],\"inLanguage\":\"it-IT\"},{\"@type\":\"WebPage\",\"@id\":\"https:\/\/experiencekrk.com\/it\/sole-e-mare\/#webpage\",\"url\":\"https:\/\/experiencekrk.com\/it\/sole-e-mare\/\",\"name\":\"Sole e mare - Experience Krk\",\"isPartOf\":{\"@id\":\"https:\/\/experiencekrk.com\/#website\"},\"datePublished\":\"2019-07-31T00:41:42+00:00\",\"dateModified\":\"2024-03-10T21:36:48+00:00\",\"breadcrumb\":{\"@id\":\"https:\/\/experiencekrk.com\/it\/sole-e-mare\/#breadcrumb\"},\"inLanguage\":\"it-IT\",\"potentialAction\":[{\"@type\":\"ReadAction\",\"target\":[\"https:\/\/experiencekrk.com\/it\/sole-e-mare\/\"]}]},{\"@type\":\"BreadcrumbList\",\"@id\":\"https:\/\/experiencekrk.com\/it\/sole-e-mare\/#breadcrumb\",\"itemListElement\":[{\"@type\":\"ListItem\",\"position\":1,\"item\":{\"@type\":\"WebPage\",\"@id\":\"https:\/\/experiencekrk.com\/it\/\",\"url\":\"https:\/\/experiencekrk.com\/it\/\",\"name\":\"Home\"}},{\"@type\":\"ListItem\",\"position\":2,\"item\":{\"@type\":\"WebPage\",\"@id\":\"https:\/\/experiencekrk.com\/it\/sole-e-mare\/\",\"url\":\"https:\/\/experiencekrk.com\/it\/sole-e-mare\/\",\"name\":\"Sole e mare\"}}]}]}<\/script>\n<!-- \/ Yoast SEO plugin. -->","_links":{"self":[{"href":"https:\/\/experiencekrk.com\/it\/wp-json\/wp\/v2\/pages\/11789"}],"collection":[{"href":"https:\/\/experiencekrk.com\/it\/wp-json\/wp\/v2\/pages"}],"about":[{"href":"https:\/\/experiencekrk.com\/it\/wp-json\/wp\/v2\/types\/page"}],"author":[{"embeddable":true,"href":"https:\/\/experiencekrk.com\/it\/wp-json\/wp\/v2\/users\/1"}],"replies":[{"embeddable":true,"href":"https:\/\/experiencekrk.com\/it\/wp-json\/wp\/v2\/comments?post=11789"}],"version-history":[{"count":6,"href":"https:\/\/experiencekrk.com\/it\/wp-json\/wp\/v2\/pages\/11789\/revisions"}],"predecessor-version":[{"id":11791,"href":"https:\/\/experiencekrk.com\/it\/wp-json\/wp\/v2\/pages\/11789\/revisions\/11791"}],"wp:attachment":[{"href":"https:\/\/experiencekrk.com\/it\/wp-json\/wp\/v2\/media?parent=11789"}],"curies":[{"name":"wp","href":"https:\/\/api.w.org\/{rel}","templated":true}]}}