{"id":11768,"date":"2019-04-29T11:09:12","date_gmt":"2019-04-29T11:09:12","guid":{"rendered":"https:\/\/experiencekrk.com\/jedrenje\/"},"modified":"2020-03-31T17:28:22","modified_gmt":"2020-03-31T17:28:22","slug":"vacanze-in-barca-a-vela","status":"publish","type":"page","link":"https:\/\/experiencekrk.com\/it\/vacanze-in-barca-a-vela\/","title":{"rendered":"Vacanze in barca a vela"},"content":{"rendered":"<p>[vc_row][vc_column]<div class=\"mkdf-section-title-holder\">\n\t<h1 class=\"mkdf-section-title mkdf-section-title-medium\" >\n\tVacanze in barca a vela<\/h1>\n<\/div>[vc_row_inner][vc_column_inner][vc_column_text]L&#8217;isola di Krk \u00e8 stata nominata dai romani come Insula Aurea &#8211; l\u2019isola d\u2019oro. Ci sono molte ragioni per cui gli hanno dato un titolo cos\u00ec illustre, e uno dei modi migliori per esplorarla \u00e8 attraverso un&#8217;esperienza di navigazione a Krk. La base di navigazione si trova nella citt\u00e0 di Krk, una base perfetta per esplorare l&#8217;isola dell&#8217;arcipelago del Quarnero e il Mare Adriatico a sud. Scopri di pi\u00f9 sulla tradizione velica di questa zona ed esplora il suo <a href=\"https:\/\/experiencekrk.com\/it\/storia\/patrimonio-marittimo\/\">patrimonio marittimo<\/a>.<\/p>\n<p>Ovunque salpiate, avrete la garanzia di scoprire ricchi tesori storici e spettacolari insenature nascoste, il tutto durante una memorabile esperienza di navigazione in Croazia.[\/vc_column_text][\/vc_column_inner][\/vc_row_inner][vc_empty_space]<div class=\"mkdf-separator-holder clearfix  mkdf-separator-center\">\n\t<div class=\"mkdf-separator\" style=\"border-color: #ebebeb;width: 100%;border-bottom-width: 1px\"><\/div>\n<\/div>\n[vc_empty_space]<div class=\"mkdf-section-title-holder\">\n\t<h1 class=\"mkdf-section-title mkdf-section-title-medium\" >\n\tPorto di Krk<\/h1>\n<\/div>[vc_row_inner][vc_column_inner width=&#8221;1\/2&#8243;][vc_column_text]La sezione nautica del porto di Krk ha una capacit\u00e0 di 50 posti barca. Ha due stazioni di servizio, una delle quali \u00e8 flottante, oltre a garantire la fornitura di elettricit\u00e0 e acqua potabile.<\/p>\n<p>Cellulare: <a href=\"tel:+385912563724\">+385 91 256 3724<\/a><br \/>\nTel: <a href=\"tel:+38551220165\">+385 51 220 165<\/a><br \/>\nE-mail: <a href=\"mailto:krk@zluk.hr\">krk@zluk.hr<\/a><br \/>\nIndirizzo: Trg bana Josipa Jela\u010di\u0107a 5, 51500 Krk<br \/>\nWeb: <a href=\"https:\/\/www.zluk.hr\/en\" target=\"_blank\" rel=\"noopener noreferrer\">www.zluk.hr\/en<\/a>[\/vc_column_text][\/vc_column_inner][vc_column_inner width=&#8221;1\/2&#8243;][vc_single_image image=&#8221;5759&#8243; img_size=&#8221;full&#8221; style=&#8221;vc_box_rounded&#8221;][\/vc_column_inner][\/vc_row_inner][vc_empty_space][\/vc_column][\/vc_row][vc_row][vc_column]<div class=\"mkdf-section-title-holder\">\n\t<h1 class=\"mkdf-section-title mkdf-section-title-small\" >\n\tPosizione porto di Krk<\/h1>\n<\/div>[vc_row_inner][vc_column_inner][vc_raw_html]JTNDaWZyYW1lJTIwc3JjJTNEJTIyaHR0cHMlM0ElMkYlMkZ3d3cuZ29vZ2xlLmNvbSUyRm1hcHMlMkZlbWJlZCUzRnBiJTNEJTIxMW0xNCUyMTFtOCUyMTFtMyUyMTFkMTYxODIuODUyNjc4MjE3MjYlMjEyZDE0LjU2NTE2NTIxODM3NjA0MyUyMTNkNDUuMDMwMjU5Mzc0MTQyMjYlMjEzbTIlMjExaTEwMjQlMjEyaTc2OCUyMTRmMTMuMSUyMTNtMyUyMTFtMiUyMTFzMHg0NzYzNzI3MmI1N2MwYWMxJTI1M0EweGFiNTk1M2MwMTNiOWRjYiUyMTJzUG9ydCUyQktyayUyMTVlMCUyMTNtMiUyMTFzZW4lMjEyc2hyJTIxNHYxNTY0NTI3MjQzOTQ1JTIxNW0yJTIxMXNlbiUyMTJzaHIlMjIlMjB3aWR0aCUzRCUyMjEwMDAlMjIlMjBoZWlnaHQlM0QlMjIzMDAlMjIlMjBmcmFtZWJvcmRlciUzRCUyMjAlMjIlMjBzdHlsZSUzRCUyMmJvcmRlciUzQTAlMjIlMjBhbGxvd2Z1bGxzY3JlZW4lM0UlM0MlMkZpZnJhbWUlM0U=[\/vc_raw_html][\/vc_column_inner][\/vc_row_inner][vc_empty_space][\/vc_column][\/vc_row]<\/p>\n","protected":false},"excerpt":{"rendered":"<p>[vc_row][vc_column][vc_row_inner][vc_column_inner][vc_column_text]L&#8217;isola di Krk \u00e8 stata nominata dai romani come Insula Aurea &#8211; l\u2019isola d\u2019oro. Ci sono molte ragioni per cui gli hanno dato un titolo cos\u00ec illustre, e uno dei modi migliori per esplorarla \u00e8 attraverso un&#8217;esperienza di navigazione a Krk. La base di navigazione si trova nella citt\u00e0 di Krk, una base perfetta per esplorare l&#8217;isola dell&#8217;arcipelago del Quarnero e il Mare Adriatico a sud. Scopri di pi\u00f9 sulla tradizione velica di questa zona ed esplora il suo patrimonio marittimo. Ovunque salpiate, avrete la garanzia di scoprire ricchi tesori&#8230;<\/p>\n","protected":false},"author":1,"featured_media":0,"parent":0,"menu_order":0,"comment_status":"closed","ping_status":"closed","template":"","meta":[],"yoast_head":"<!-- This site is optimized with the Yoast SEO plugin v16.0.1 - https:\/\/yoast.com\/wordpress\/plugins\/seo\/ -->\n<title>Vacanze in barca a vela - Experience Krk<\/title>\n<link rel=\"canonical\" href=\"https:\/\/experiencekrk.com\/it\/vacanze-in-barca-a-vela\/\" \/>\n<meta property=\"og:locale\" content=\"it_IT\" \/>\n<meta property=\"og:type\" content=\"article\" \/>\n<meta property=\"og:title\" content=\"Vacanze in barca a vela - Experience Krk\" \/>\n<meta property=\"og:description\" content=\"[vc_row][vc_column][vc_row_inner][vc_column_inner][vc_column_text]L&#8217;isola di Krk \u00e8 stata nominata dai romani come Insula Aurea &#8211; l\u2019isola d\u2019oro. Ci sono molte ragioni per cui gli hanno dato un titolo cos\u00ec illustre, e uno dei modi migliori per esplorarla \u00e8 attraverso un&#8217;esperienza di navigazione a Krk. La base di navigazione si trova nella citt\u00e0 di Krk, una base perfetta per esplorare l&#8217;isola dell&#8217;arcipelago del Quarnero e il Mare Adriatico a sud. Scopri di pi\u00f9 sulla tradizione velica di questa zona ed esplora il suo patrimonio marittimo. Ovunque salpiate, avrete la garanzia di scoprire ricchi tesori...\" \/>\n<meta property=\"og:url\" content=\"https:\/\/experiencekrk.com\/it\/vacanze-in-barca-a-vela\/\" \/>\n<meta property=\"og:site_name\" content=\"Experience Krk\" \/>\n<meta property=\"article:modified_time\" content=\"2020-03-31T17:28:22+00:00\" \/>\n<meta name=\"twitter:card\" content=\"summary_large_image\" \/>\n<meta name=\"twitter:label1\" content=\"Tempo di lettura stimato\">\n\t<meta name=\"twitter:data1\" content=\"2 minuti\">\n<script type=\"application\/ld+json\" class=\"yoast-schema-graph\">{\"@context\":\"https:\/\/schema.org\",\"@graph\":[{\"@type\":\"WebSite\",\"@id\":\"https:\/\/experiencekrk.com\/#website\",\"url\":\"https:\/\/experiencekrk.com\/\",\"name\":\"Experience Krk\",\"description\":\"Cultural Tours, Food &amp; Wine and more\",\"potentialAction\":[{\"@type\":\"SearchAction\",\"target\":\"https:\/\/experiencekrk.com\/?s={search_term_string}\",\"query-input\":\"required name=search_term_string\"}],\"inLanguage\":\"it-IT\"},{\"@type\":\"WebPage\",\"@id\":\"https:\/\/experiencekrk.com\/it\/vacanze-in-barca-a-vela\/#webpage\",\"url\":\"https:\/\/experiencekrk.com\/it\/vacanze-in-barca-a-vela\/\",\"name\":\"Vacanze in barca a vela - Experience Krk\",\"isPartOf\":{\"@id\":\"https:\/\/experiencekrk.com\/#website\"},\"datePublished\":\"2019-04-29T11:09:12+00:00\",\"dateModified\":\"2020-03-31T17:28:22+00:00\",\"breadcrumb\":{\"@id\":\"https:\/\/experiencekrk.com\/it\/vacanze-in-barca-a-vela\/#breadcrumb\"},\"inLanguage\":\"it-IT\",\"potentialAction\":[{\"@type\":\"ReadAction\",\"target\":[\"https:\/\/experiencekrk.com\/it\/vacanze-in-barca-a-vela\/\"]}]},{\"@type\":\"BreadcrumbList\",\"@id\":\"https:\/\/experiencekrk.com\/it\/vacanze-in-barca-a-vela\/#breadcrumb\",\"itemListElement\":[{\"@type\":\"ListItem\",\"position\":1,\"item\":{\"@type\":\"WebPage\",\"@id\":\"https:\/\/experiencekrk.com\/it\/\",\"url\":\"https:\/\/experiencekrk.com\/it\/\",\"name\":\"Home\"}},{\"@type\":\"ListItem\",\"position\":2,\"item\":{\"@type\":\"WebPage\",\"@id\":\"https:\/\/experiencekrk.com\/it\/vacanze-in-barca-a-vela\/\",\"url\":\"https:\/\/experiencekrk.com\/it\/vacanze-in-barca-a-vela\/\",\"name\":\"Vacanze in barca a vela\"}}]}]}<\/script>\n<!-- \/ Yoast SEO plugin. -->","_links":{"self":[{"href":"https:\/\/experiencekrk.com\/it\/wp-json\/wp\/v2\/pages\/11768"}],"collection":[{"href":"https:\/\/experiencekrk.com\/it\/wp-json\/wp\/v2\/pages"}],"about":[{"href":"https:\/\/experiencekrk.com\/it\/wp-json\/wp\/v2\/types\/page"}],"author":[{"embeddable":true,"href":"https:\/\/experiencekrk.com\/it\/wp-json\/wp\/v2\/users\/1"}],"replies":[{"embeddable":true,"href":"https:\/\/experiencekrk.com\/it\/wp-json\/wp\/v2\/comments?post=11768"}],"version-history":[{"count":2,"href":"https:\/\/experiencekrk.com\/it\/wp-json\/wp\/v2\/pages\/11768\/revisions"}],"predecessor-version":[{"id":11773,"href":"https:\/\/experiencekrk.com\/it\/wp-json\/wp\/v2\/pages\/11768\/revisions\/11773"}],"wp:attachment":[{"href":"https:\/\/experiencekrk.com\/it\/wp-json\/wp\/v2\/media?parent=11768"}],"curies":[{"name":"wp","href":"https:\/\/api.w.org\/{rel}","templated":true}]}}