{"id":11752,"date":"2019-04-16T05:49:41","date_gmt":"2019-04-16T05:49:41","guid":{"rendered":"https:\/\/experiencekrk.com\/pilgrimage\/"},"modified":"2020-03-31T17:19:40","modified_gmt":"2020-03-31T17:19:40","slug":"pellegrinaggio","status":"publish","type":"page","link":"https:\/\/experiencekrk.com\/it\/pellegrinaggio\/","title":{"rendered":"Pellegrinaggio"},"content":{"rendered":"<p>[vc_row][vc_column]<div class=\"mkdf-section-title-holder\">\n\t<h1 class=\"mkdf-section-title mkdf-section-title-medium\" >\n\tPellegrinaggio<\/h1>\n<\/div>[vc_column_text]I primi segni del cristianesimo sull&#8217;isola di Krk risalgono al V secolo d.C., quando Krk era sotto l&#8217;impero romano. La cattedrale dell&#8217;Assunzione della Beata Vergine Maria a Krk \u00e8 stata costruita sui resti delle terme romane. La cattedrale con il suo campanile \u00e8 uno dei simboli pi\u00f9 riconoscibili della citt\u00e0.<\/p>\n<p>La famiglia Frankopan era molto religiosa e all&#8217;interno della cattedrale si trova la cappella della loro famiglia. Inoltre, vicino alla cattedrale si trova la chiesa di San Quirino, patrono della citt\u00e0 e Krk dista circa 45 km dal Santuario di Nostra Signora di Trsat.[\/vc_column_text][\/vc_column][\/vc_row][vc_row][vc_column]<div class=\"mkdf-separator-holder clearfix  mkdf-separator-center mkdf-separator-full-width\">\n\t<div class=\"mkdf-separator\" style=\"border-color: #ebebeb;border-style: solid;border-bottom-width: 1px;margin-top: 20px;margin-bottom: 45px\"><\/div>\n<\/div>\n[vc_row_inner][vc_column_inner width=&#8221;1\/3&#8243;][vc_single_image image=&#8221;3307&#8243; img_size=&#8221;full&#8221; alignment=&#8221;center&#8221; style=&#8221;vc_box_rounded&#8221; onclick=&#8221;custom_link&#8221; link=&#8221;https:\/\/experiencekrk.com\/pilgrimage\/cathedral-of-the-assumption-of-the-blessed-virgin-mary\/&#8221;][vc_column_text el_class=&#8221;custom-tour-text&#8221;]<\/p>\n<p style=\"text-align: center;\"><a href=\"https:\/\/experiencekrk.com\/it\/pellegrinaggio\/cattedrale-dellassunzione-della-beata-vergine-maria\/\"><span style=\"color: #870337;\"><strong>Cattedrale e Campanile<\/strong><\/span><\/a><\/p>\n<p>[\/vc_column_text][\/vc_column_inner][vc_column_inner width=&#8221;1\/3&#8243;][vc_single_image image=&#8221;3475&#8243; img_size=&#8221;full&#8221; alignment=&#8221;center&#8221; style=&#8221;vc_box_rounded&#8221; onclick=&#8221;custom_link&#8221; link=&#8221;https:\/\/experiencekrk.com\/pilgrimage\/church-of-st-quirinus\/&#8221;][vc_column_text el_class=&#8221;custom-tour-text&#8221;]<\/p>\n<p style=\"text-align: center;\"><a href=\"https:\/\/experiencekrk.com\/it\/pellegrinaggio\/chiesa-di-san-quirino\/\"><span style=\"color: #870337;\"><strong><b>Chiesa di San Quirino<\/b><\/strong><\/span><\/a><\/p>\n<p>[\/vc_column_text][\/vc_column_inner][vc_column_inner width=&#8221;1\/3&#8243;][vc_single_image image=&#8221;3486&#8243; img_size=&#8221;full&#8221; alignment=&#8221;center&#8221; style=&#8221;vc_box_rounded&#8221; onclick=&#8221;custom_link&#8221; link=&#8221;https:\/\/experiencekrk.com\/pilgrimage\/church-of-the-mother-of-god-health\/&#8221;][vc_column_text el_class=&#8221;custom-tour-text&#8221; css=&#8221;.vc_custom_1585675132124{border-right-width: 0px !important;border-left-width: 0px !important;background-position: center !important;background-repeat: no-repeat !important;background-size: contain !important;}&#8221;]<\/p>\n<p style=\"text-align: center;\"><a href=\"https:\/\/experiencekrk.com\/it\/pellegrinaggio\/chiesa-di-nostra-signora-della-salute\/\"><span style=\"color: #870337;\"><strong>Chiesa di Nostra Signora della Salute<\/strong><\/span><\/a><\/p>\n<p>[\/vc_column_text][\/vc_column_inner][\/vc_row_inner][vc_empty_space][vc_row_inner][vc_column_inner width=&#8221;1\/3&#8243;][vc_single_image image=&#8221;3481&#8243; img_size=&#8221;full&#8221; alignment=&#8221;center&#8221; style=&#8221;vc_box_rounded&#8221; onclick=&#8221;custom_link&#8221; link=&#8221;https:\/\/experiencekrk.com\/pilgrimage\/the-shrine-of-the-blessed-virgin-mary-in-trsat\/&#8221;][vc_column_text el_class=&#8221;custom-tour-text&#8221;]<\/p>\n<p style=\"text-align: center;\"><a href=\"https:\/\/experiencekrk.com\/it\/pellegrinaggio\/santuario-della-madonna-di-tersatto\/\"><span style=\"color: #870337;\"><strong>Santuario di Tersatto<\/strong><\/span><\/a><\/p>\n<p>[\/vc_column_text][\/vc_column_inner][vc_column_inner width=&#8221;1\/3&#8243;][vc_single_image image=&#8221;3471&#8243; img_size=&#8221;full&#8221; alignment=&#8221;center&#8221; style=&#8221;vc_box_rounded&#8221; onclick=&#8221;custom_link&#8221; link=&#8221;https:\/\/experiencekrk.com\/pilgrimage\/church-of-saint-francis-and-its-monastery\/&#8221;][vc_column_text el_class=&#8221;custom-tour-text&#8221;]<\/p>\n<p style=\"text-align: center;\"><a href=\"https:\/\/experiencekrk.com\/it\/pellegrinaggio\/chiesa-e-monastero-di-san-francesco\/\"><span style=\"color: #870337;\"><strong>Chiesa di San Francesco<\/strong><\/span><\/a><\/p>\n<p>[\/vc_column_text][\/vc_column_inner][vc_column_inner width=&#8221;1\/3&#8243;][vc_single_image image=&#8221;3479&#8243; img_size=&#8221;full&#8221; alignment=&#8221;center&#8221; style=&#8221;vc_box_rounded&#8221; onclick=&#8221;custom_link&#8221; link=&#8221;https:\/\/experiencekrk.com\/pilgrimage\/saint-donat-saint-grysogonus\/&#8221;][vc_column_text el_class=&#8221;custom-tour-text&#8221;]<\/p>\n<p style=\"text-align: center;\"><a href=\"https:\/\/experiencekrk.com\/it\/pellegrinaggio\/san-donato-e-san-crisogono\/\"><span style=\"color: #870337;\"><strong>San Donato e San Crisogono<\/strong><\/span><\/a><\/p>\n<p>[\/vc_column_text][\/vc_column_inner][\/vc_row_inner][\/vc_column][\/vc_row][vc_row][vc_column][vc_empty_space height=&#8221;40px&#8221;]<div class=\"mkdf-separator-holder clearfix  mkdf-separator-center mkdf-separator-full-width\">\n\t<div class=\"mkdf-separator\" style=\"border-color: #ebebeb;border-style: solid;border-bottom-width: 1px;margin-top: 20px;margin-bottom: 45px\"><\/div>\n<\/div>\n<div class=\"mkdf-section-title-holder\">\n\t<h1 class=\"mkdf-section-title mkdf-section-title-medium\" >\n\tTour consigliati<\/h1>\n<\/div><div class=\"mkdf-tours-list-holder mkdf-tours-gallery-with-hover\">\n\t\t\t\t\t\t<div class=\"mkdf-tours-list-pagination-data\">\n\t\t\t\t<input type=\"hidden\" name=\"order_by\" value=\"menu_order\">\n\t\t\t\t<input type=\"hidden\" name=\"order\" value=\"ASC\">\n\t\t\t\t<input type=\"hidden\" name=\"tour_category\" value=\"religious-tours\">\n\t\t\t\t<input type=\"hidden\" name=\"number\" value=\"2\">\n\t\t\t\t<input type=\"hidden\" name=\"thumb_size\" value=\"voyage_landscape\">\n\t\t\t\t<input type=\"hidden\" name=\"next_page\" value=\"2\">\n\t\t\t\t<input type=\"hidden\" name=\"tour_type\" value=\"standard\">\n\t\t\t\t<input type=\"hidden\" name=\"image_size\" value=\"landscape\">\n\t\t\t\t<input type=\"hidden\" name=\"text_length\" value=\"90\">\n\t\t\t<\/div>\n\t\t\n\t\t\n\t\t<div class=\"mkdf-tours-list-holder-inner mkdf-two-items\">\n\n\t\t\t\t\n\t<div class=\"mkdf-tour-list-item-inner post-6305 tour-item type-tour-item status-publish has-post-thumbnail hentry tour-category-escursionismo tour-category-tour-religiosi\">\n\t\t<div class=\"mkdf-tours-standard-item post-6305 tour-item type-tour-item status-publish has-post-thumbnail hentry tour-category-escursionismo tour-category-tour-religiosi\">\n\t\t\t<div class=\"mkdf-tours-standard-item-image-holder\">\n\t\t\t<a href=\"https:\/\/experiencekrk.com\/it\/tour-item\/cammino-krk\/\">\n\t\t\t\t<img width=\"800\" height=\"600\" src=\"https:\/\/experiencekrk.com\/wp-content\/uploads\/2016\/02\/2019-10-04-12.17.53-800x600.jpg\" class=\"attachment-voyage_landscape size-voyage_landscape wp-post-image\" alt=\"\" loading=\"lazy\" srcset=\"https:\/\/experiencekrk.com\/wp-content\/uploads\/2016\/02\/2019-10-04-12.17.53-800x600.jpg 800w, https:\/\/experiencekrk.com\/wp-content\/uploads\/2016\/02\/2019-10-04-12.17.53-300x225.jpg 300w, https:\/\/experiencekrk.com\/wp-content\/uploads\/2016\/02\/2019-10-04-12.17.53-768x576.jpg 768w, https:\/\/experiencekrk.com\/wp-content\/uploads\/2016\/02\/2019-10-04-12.17.53-1024x768.jpg 1024w\" sizes=\"(max-width: 800px) 100vw, 800px\" \/>\n\t\t\t\t\t\t\t\t\t<span class=\"mkdf-tours-standard-item-label-holder\">\n\t\t\t\t\t\t\n\t\t<span class=\"mkdf-tour-item-label\">\n\t\t\t<span class=\"mkdf-tour-item-label-inner\">\n\t\t\t\t\t\t\t<\/span>\n\t\t<\/span>\n\n\t\t\t\t\t\t\t<\/span>\n\t\t\t\t\t\t\t<\/a>\n\t\t<\/div>\n\t\n\t<div class=\"mkdf-tours-standard-item-content-holder\">\n\t\t<div class=\"mkdf-tours-standard-item-title-price-holder\">\n\t\t\t<h5 class=\"mkdf-tour-title\" >\n\t\t\t\t<a href=\"https:\/\/experiencekrk.com\/it\/tour-item\/cammino-krk\/\">Cammino Krk<\/a>\n\n\t\t\t\t<span class=\"mkdf-tours-standard-item-price-holder\">\n\t\t\t\t\t\n\t\t<span class=\"mkdf-tours-price-holder\">\n\t\t\t\t\t\t\t\t<\/span>\n\n\t\t\t\t\t\t<\/span>\n\n\t\t\t<\/h5>\n\t\t<\/div>\n\n\t\t<div class=\"mkdf-tours-standard-item-rating\">\n\t\t\t\n\t\t\n\t\t\t\t<\/div>\n\n\t\t\t\t\t<div class=\"mkdf-tours-standard-item-excerpt\">\n\t\t\t\t[vc_row][vc_column][vc_column_text] DEUTSCH &#8211; ENGLISH &#8211; HRVATSKI ** Per maggiori informazioni e per la mappa pi\u00f9 accurata, visita il sito ufficiale: www.caminokrk.com Seguendo la tradizione delle confraternite croate di San Giacomo che aiutano i pellegrini nel loro cammino verso Santiago de Compostela dal 1203, la Confraternita croata di San Giacomo ha iniziato con la rivitalizzazione delle rotte di pellegrinaggio medievali che portano a Santiago de Compostela. L&#8217;isola di Krk \u00e8 stata scelta come la prima sezione del percorso del Cammino croato ad essere ufficialmente contrassegnata da frecce gialle (personalizzate con simboli...\t\t\t<\/div>\n\t\t\n\t\t<div class=\"mkdf-tours-standard-item-bottom-content\">\n\t\t\t\t\t\t\t<div class=\"mkdf-tours-standard-item-bottom-item\">\n\t\t\t\t\t\n\t\t\n\t\t\t<div class=\"mkdf-tour-duration-holder\">\n\t\t\t    <span class=\"mkdf-tour-duration-icon mkdf-tour-info-icon\">\n\t\t\t\t\t<span class=\"lnr lnr-undo\"><\/span>\n\t\t\t    <\/span>\n\t\t\t\t<span class=\"mkdf-tour-info-label\">\n\t\t\t\t\t1\t\t\t\t<\/span>\n\t\t\t<\/div>\n\n\t\t\n\t\t\t\t\t\t<\/div>\n\t\t\t\n\t\t\t\t\t<\/div>\n\t<\/div>\n<\/div>\t<\/div>\n\t\n\t<div class=\"mkdf-tour-list-item-inner post-13249 tour-item type-tour-item status-publish has-post-thumbnail hentry tour-category-tour-religiosi\">\n\t\t<div class=\"mkdf-tours-standard-item post-13249 tour-item type-tour-item status-publish has-post-thumbnail hentry tour-category-tour-religiosi\">\n\t\t\t<div class=\"mkdf-tours-standard-item-image-holder\">\n\t\t\t<a href=\"https:\/\/experiencekrk.com\/it\/tour-item\/pellegrinaggio-a-tersatto\/\">\n\t\t\t\t<img width=\"600\" height=\"400\" src=\"https:\/\/experiencekrk.com\/wp-content\/uploads\/2019\/04\/City-of-Krk-Shrine-Of-The-Blessed-Virgin-Mary-In-Trsat.jpg\" class=\"attachment-voyage_landscape size-voyage_landscape wp-post-image\" alt=\"\" loading=\"lazy\" srcset=\"https:\/\/experiencekrk.com\/wp-content\/uploads\/2019\/04\/City-of-Krk-Shrine-Of-The-Blessed-Virgin-Mary-In-Trsat.jpg 600w, https:\/\/experiencekrk.com\/wp-content\/uploads\/2019\/04\/City-of-Krk-Shrine-Of-The-Blessed-Virgin-Mary-In-Trsat-300x200.jpg 300w\" sizes=\"(max-width: 600px) 100vw, 600px\" \/>\n\t\t\t\t\t\t\t\t\t<span class=\"mkdf-tours-standard-item-label-holder\">\n\t\t\t\t\t\t\n\t\t<span class=\"mkdf-tour-item-label\">\n\t\t\t<span class=\"mkdf-tour-item-label-inner\">\n\t\t\t\t\t\t\t<\/span>\n\t\t<\/span>\n\n\t\t\t\t\t\t\t<\/span>\n\t\t\t\t\t\t\t<\/a>\n\t\t<\/div>\n\t\n\t<div class=\"mkdf-tours-standard-item-content-holder\">\n\t\t<div class=\"mkdf-tours-standard-item-title-price-holder\">\n\t\t\t<h5 class=\"mkdf-tour-title\" >\n\t\t\t\t<a href=\"https:\/\/experiencekrk.com\/it\/tour-item\/pellegrinaggio-a-tersatto\/\">Pellegrinaggio a Tersatto<\/a>\n\n\t\t\t\t<span class=\"mkdf-tours-standard-item-price-holder\">\n\t\t\t\t\t\n\t\t<span class=\"mkdf-tours-price-holder\">\n\t\t\t\t\t\t\t<span class=\"mkdf-tours-item-price\">$1<\/span>\n\t\t\t\t\t\t\t\t<\/span>\n\n\t\t\t\t\t\t<\/span>\n\n\t\t\t<\/h5>\n\t\t<\/div>\n\n\t\t<div class=\"mkdf-tours-standard-item-rating\">\n\t\t\t\n\t\t\n\t\t\t\t<\/div>\n\n\t\t\t\t\t<div class=\"mkdf-tours-standard-item-excerpt\">\n\t\t\t\t[vc_row][vc_column][vc_column_text]Il Santuario della Madonna di Tersatto \u00e8 il pi\u00f9 grande santuario di pellegrinaggio della Croazia occidentale ed \u00e8 a soli 45 km dalla citt\u00e0 di Krk. La tranquilla citt\u00e0 di Krk \u00e8 il luogo ideale da cui visitare il santuario. Ogni anno migliaia di pellegrini vengono a Tersatto per pregare la Beata Vergine Maria e trovare conforto e speranza. Dopo una visita a Tersatto, \u00e8 possibile visitare e pregare all&#8217;interno della Cattedrale dell&#8217;Assunzione della Beata Vergine Maria a Krk. All&#8217;interno della cattedrale, su una delle sue colonne, puoi vedere rari...\t\t\t<\/div>\n\t\t\n\t\t<div class=\"mkdf-tours-standard-item-bottom-content\">\n\t\t\t\t\t\t\t<div class=\"mkdf-tours-standard-item-bottom-item\">\n\t\t\t\t\t\n\t\t\n\t\t\t<div class=\"mkdf-tour-duration-holder\">\n\t\t\t    <span class=\"mkdf-tour-duration-icon mkdf-tour-info-icon\">\n\t\t\t\t\t<span class=\"lnr lnr-undo\"><\/span>\n\t\t\t    <\/span>\n\t\t\t\t<span class=\"mkdf-tour-info-label\">\n\t\t\t\t\t1\t\t\t\t<\/span>\n\t\t\t<\/div>\n\n\t\t\n\t\t\t\t\t\t<\/div>\n\t\t\t\n\t\t\t\t\t\t\t<div class=\"mkdf-tours-standard-item-bottom-item\">\n\t\t\t\t\t\n\t\t\n\t\t\t<div class=\"mkdf-tour-min-age-holder\">\n\t\t\t    <span class=\"mkdf-tour-min-age-icon mkdf-tour-info-icon\">\n\t\t\t\t    <span class=\"lnr lnr-user\"><\/span>\n\t\t\t    <\/span>\n\n\t\t\t\t<span class=\"mkdf-tour-info-label\">\n\t\t\t\t\t1+\n\t\t\t\t\t\t\t\t\t<\/span>\n\t\t\t<\/div>\n\n\t\t\n\t\t\t\t\t\t<\/div>\n\t\t\t\t\t<\/div>\n\t<\/div>\n<\/div>\t<\/div>\n\n\t\t\t<div class=\"mkdf-tours-list-grid-sizer\"><\/div>\n\t\t<\/div>\n\n\t\t\n\n\t\t<\/div>[\/vc_column][\/vc_row]<\/p>\n","protected":false},"excerpt":{"rendered":"<p>[vc_row][vc_column][vc_column_text]I primi segni del cristianesimo sull&#8217;isola di Krk risalgono al V secolo d.C., quando Krk era sotto l&#8217;impero romano. La cattedrale dell&#8217;Assunzione della Beata Vergine Maria a Krk \u00e8 stata costruita sui resti delle terme romane. La cattedrale con il suo campanile \u00e8 uno dei simboli pi\u00f9 riconoscibili della citt\u00e0. La famiglia Frankopan era molto religiosa e all&#8217;interno della cattedrale si trova la cappella della loro famiglia. Inoltre, vicino alla cattedrale si trova la chiesa di San Quirino, patrono della citt\u00e0 e Krk dista circa 45 km dal Santuario di&#8230;<\/p>\n","protected":false},"author":1,"featured_media":0,"parent":0,"menu_order":0,"comment_status":"closed","ping_status":"closed","template":"","meta":[],"yoast_head":"<!-- This site is optimized with the Yoast SEO plugin v16.0.1 - https:\/\/yoast.com\/wordpress\/plugins\/seo\/ -->\n<title>Pellegrinaggio - Experience Krk<\/title>\n<link rel=\"canonical\" href=\"https:\/\/experiencekrk.com\/it\/pellegrinaggio\/\" \/>\n<meta property=\"og:locale\" content=\"it_IT\" \/>\n<meta property=\"og:type\" content=\"article\" \/>\n<meta property=\"og:title\" content=\"Pellegrinaggio - Experience Krk\" \/>\n<meta property=\"og:description\" content=\"[vc_row][vc_column][vc_column_text]I primi segni del cristianesimo sull&#8217;isola di Krk risalgono al V secolo d.C., quando Krk era sotto l&#8217;impero romano. La cattedrale dell&#8217;Assunzione della Beata Vergine Maria a Krk \u00e8 stata costruita sui resti delle terme romane. La cattedrale con il suo campanile \u00e8 uno dei simboli pi\u00f9 riconoscibili della citt\u00e0. La famiglia Frankopan era molto religiosa e all&#8217;interno della cattedrale si trova la cappella della loro famiglia. Inoltre, vicino alla cattedrale si trova la chiesa di San Quirino, patrono della citt\u00e0 e Krk dista circa 45 km dal Santuario di...\" \/>\n<meta property=\"og:url\" content=\"https:\/\/experiencekrk.com\/it\/pellegrinaggio\/\" \/>\n<meta property=\"og:site_name\" content=\"Experience Krk\" \/>\n<meta property=\"article:modified_time\" content=\"2020-03-31T17:19:40+00:00\" \/>\n<meta name=\"twitter:card\" content=\"summary_large_image\" \/>\n<meta name=\"twitter:label1\" content=\"Tempo di lettura stimato\">\n\t<meta name=\"twitter:data1\" content=\"3 minuti\">\n<script type=\"application\/ld+json\" class=\"yoast-schema-graph\">{\"@context\":\"https:\/\/schema.org\",\"@graph\":[{\"@type\":\"WebSite\",\"@id\":\"https:\/\/experiencekrk.com\/#website\",\"url\":\"https:\/\/experiencekrk.com\/\",\"name\":\"Experience Krk\",\"description\":\"Cultural Tours, Food &amp; Wine and more\",\"potentialAction\":[{\"@type\":\"SearchAction\",\"target\":\"https:\/\/experiencekrk.com\/?s={search_term_string}\",\"query-input\":\"required name=search_term_string\"}],\"inLanguage\":\"it-IT\"},{\"@type\":\"WebPage\",\"@id\":\"https:\/\/experiencekrk.com\/it\/pellegrinaggio\/#webpage\",\"url\":\"https:\/\/experiencekrk.com\/it\/pellegrinaggio\/\",\"name\":\"Pellegrinaggio - Experience Krk\",\"isPartOf\":{\"@id\":\"https:\/\/experiencekrk.com\/#website\"},\"datePublished\":\"2019-04-16T05:49:41+00:00\",\"dateModified\":\"2020-03-31T17:19:40+00:00\",\"breadcrumb\":{\"@id\":\"https:\/\/experiencekrk.com\/it\/pellegrinaggio\/#breadcrumb\"},\"inLanguage\":\"it-IT\",\"potentialAction\":[{\"@type\":\"ReadAction\",\"target\":[\"https:\/\/experiencekrk.com\/it\/pellegrinaggio\/\"]}]},{\"@type\":\"BreadcrumbList\",\"@id\":\"https:\/\/experiencekrk.com\/it\/pellegrinaggio\/#breadcrumb\",\"itemListElement\":[{\"@type\":\"ListItem\",\"position\":1,\"item\":{\"@type\":\"WebPage\",\"@id\":\"https:\/\/experiencekrk.com\/it\/\",\"url\":\"https:\/\/experiencekrk.com\/it\/\",\"name\":\"Home\"}},{\"@type\":\"ListItem\",\"position\":2,\"item\":{\"@type\":\"WebPage\",\"@id\":\"https:\/\/experiencekrk.com\/it\/pellegrinaggio\/\",\"url\":\"https:\/\/experiencekrk.com\/it\/pellegrinaggio\/\",\"name\":\"Pellegrinaggio\"}}]}]}<\/script>\n<!-- \/ Yoast SEO plugin. -->","_links":{"self":[{"href":"https:\/\/experiencekrk.com\/it\/wp-json\/wp\/v2\/pages\/11752"}],"collection":[{"href":"https:\/\/experiencekrk.com\/it\/wp-json\/wp\/v2\/pages"}],"about":[{"href":"https:\/\/experiencekrk.com\/it\/wp-json\/wp\/v2\/types\/page"}],"author":[{"embeddable":true,"href":"https:\/\/experiencekrk.com\/it\/wp-json\/wp\/v2\/users\/1"}],"replies":[{"embeddable":true,"href":"https:\/\/experiencekrk.com\/it\/wp-json\/wp\/v2\/comments?post=11752"}],"version-history":[{"count":2,"href":"https:\/\/experiencekrk.com\/it\/wp-json\/wp\/v2\/pages\/11752\/revisions"}],"predecessor-version":[{"id":11763,"href":"https:\/\/experiencekrk.com\/it\/wp-json\/wp\/v2\/pages\/11752\/revisions\/11763"}],"wp:attachment":[{"href":"https:\/\/experiencekrk.com\/it\/wp-json\/wp\/v2\/media?parent=11752"}],"curies":[{"name":"wp","href":"https:\/\/api.w.org\/{rel}","templated":true}]}}