{"id":11750,"date":"2019-04-29T11:17:27","date_gmt":"2019-04-29T11:17:27","guid":{"rendered":"https:\/\/experiencekrk.com\/dentalni-turizam\/"},"modified":"2020-03-31T17:14:16","modified_gmt":"2020-03-31T17:14:16","slug":"turismo-dentale","status":"publish","type":"page","link":"https:\/\/experiencekrk.com\/it\/turismo-dentale\/","title":{"rendered":"Turismo dentale"},"content":{"rendered":"<p>[vc_row][vc_column]<div class=\"mkdf-section-title-holder\">\n\t<h1 class=\"mkdf-section-title mkdf-section-title-medium\" >\n\tTurismo dentale<\/h1>\n<\/div>[vc_column_text]Onestamente, molte persone non vanno dal dentista perch\u00e9 godono dell&#8217;esperienza. Tuttavia, visitare un dentista in Croazia potrebbe rendere questa esperienza leggermente pi\u00f9 piacevole per te e il tuo portafoglio. I prezzi sono generalmente pi\u00f9 bassi rispetto alla maggior parte dei paesi europei, ma la qualit\u00e0 del servizio \u00e8 ancora estremamente elevata.<\/p>\n<p>Inoltre, i fornitori di servizi dentali nella citt\u00e0 di Krk hanno un altro vantaggio. La destinazione \u00e8 un tonico rilassante che riduce lo stress della visita dal dentista, permettendoti di goderti gli splendidi dintorni e tutto ci\u00f2 che la citt\u00e0 ha da offrire. Per ulteriori informazioni, devi solo contattare una delle cliniche dentali di Krk e saranno in grado di aiutarti.[\/vc_column_text][vc_empty_space height=&#8221;40px&#8221;][vc_row_inner css=&#8221;.vc_custom_1560349450376{padding-bottom: 20px !important;}&#8221;][vc_column_inner width=&#8221;1\/2&#8243;][vc_single_image image=&#8221;4151&#8243; img_size=&#8221;full&#8221;][\/vc_column_inner][vc_column_inner width=&#8221;1\/2&#8243;][vc_column_text]<strong>Koki\u0107 Bori\u0107 Clinica dentale<\/strong><br \/>\nTel: <a href=\"tel:+38551221283\">+385 51 221 283<\/a><br \/>\nCellulare: <a href=\"tel:+385915118444\">+385 91 511 84 44<\/a><br \/>\nIndirizzo: Ivana Zajca 4, 51500 Krk<br \/>\nE-mail: <a href=\"mailto:info@ordinacija-kokic-boric.hr\">info@ordinacija-kokic-boric.hr<\/a><br \/>\nWeb: <a href=\"http:\/\/www.ordinacija-kokic-boric.hr\" target=\"_blank\" rel=\"noopener noreferrer\">www.ordinacija-kokic-boric.hr<\/a><\/p>\n<p><strong>Centro dentistico Dr. Ton\u010di Babi\u0107<\/strong><br \/>\nTel: <a href=\"tel:+38551221032\">+385 51 221 032<\/a><br \/>\nIndirizzo: P.\u017dgalji\u0107a 12, 51500 Krk[\/vc_column_text][\/vc_column_inner][\/vc_row_inner][vc_row_inner css=&#8221;.vc_custom_1560349540799{padding-bottom: 20px !important;}&#8221;][vc_column_inner width=&#8221;1\/2&#8243; offset=&#8221;vc_hidden-lg&#8221;][vc_single_image image=&#8221;5552&#8243; img_size=&#8221;full&#8221;][\/vc_column_inner][vc_column_inner width=&#8221;1\/2&#8243; offset=&#8221;vc_hidden-lg&#8221;][vc_column_text]<strong>Krk Dent<\/strong><br \/>\nTel: <a href=\"tel:+38551401653\">+385 51 401 653<\/a><br \/>\nCellulare: <a href=\"tel:+385981709022\">+385 98 170 9022<\/a><br \/>\nIndirizzo: Slavka Nikoli\u0107a Street 34, 51500 Krk<br \/>\nE-mail: <a href=\"mailto:karolinapanjako@gmail.com\">karolinapanjako@gmail.com<\/a><br \/>\nWeb: <a href=\"http:\/\/www.krkdent.com\/index_eng.html\" target=\"_blank\" rel=\"noopener noreferrer\">www.krkdent.com<\/a>[\/vc_column_text][\/vc_column_inner][\/vc_row_inner][vc_row_inner css=&#8221;.vc_custom_1560349540799{padding-bottom: 20px !important;}&#8221;][vc_column_inner width=&#8221;1\/2&#8243;][vc_column_text]<strong>Krk Dent<\/strong><br \/>\nTel: <a href=\"tel:+38551401653\">+385 51 401 653<\/a><br \/>\nCellulare: <a href=\"tel:+385981709022\">+385 98 170 9022<\/a><br \/>\nIndirizzo: Slavka Nikoli\u0107a Street 34, 51500 Krk<br \/>\nE-mail: <a href=\"mailto:karolinapanjako@gmail.com\">karolinapanjako@gmail.com<\/a><br \/>\nWeb: <a href=\"http:\/\/www.krkdent.com\/index_eng.html\" target=\"_blank\" rel=\"noopener noreferrer\">www.krkdent.com<\/a>[\/vc_column_text][\/vc_column_inner][vc_column_inner width=&#8221;1\/2&#8243;][vc_single_image image=&#8221;5552&#8243; img_size=&#8221;full&#8221;][\/vc_column_inner][\/vc_row_inner][\/vc_column][\/vc_row]<\/p>\n","protected":false},"excerpt":{"rendered":"<p>[vc_row][vc_column][vc_column_text]Onestamente, molte persone non vanno dal dentista perch\u00e9 godono dell&#8217;esperienza. Tuttavia, visitare un dentista in Croazia potrebbe rendere questa esperienza leggermente pi\u00f9 piacevole per te e il tuo portafoglio. I prezzi sono generalmente pi\u00f9 bassi rispetto alla maggior parte dei paesi europei, ma la qualit\u00e0 del servizio \u00e8 ancora estremamente elevata. Inoltre, i fornitori di servizi dentali nella citt\u00e0 di Krk hanno un altro vantaggio. La destinazione \u00e8 un tonico rilassante che riduce lo stress della visita dal dentista, permettendoti di goderti gli splendidi dintorni e tutto ci\u00f2 che la&#8230;<\/p>\n","protected":false},"author":1,"featured_media":0,"parent":0,"menu_order":0,"comment_status":"closed","ping_status":"closed","template":"","meta":[],"yoast_head":"<!-- This site is optimized with the Yoast SEO plugin v16.0.1 - https:\/\/yoast.com\/wordpress\/plugins\/seo\/ -->\n<title>Turismo dentale - Experience Krk<\/title>\n<link rel=\"canonical\" href=\"https:\/\/experiencekrk.com\/it\/turismo-dentale\/\" \/>\n<meta property=\"og:locale\" content=\"it_IT\" \/>\n<meta property=\"og:type\" content=\"article\" \/>\n<meta property=\"og:title\" content=\"Turismo dentale - Experience Krk\" \/>\n<meta property=\"og:description\" content=\"[vc_row][vc_column][vc_column_text]Onestamente, molte persone non vanno dal dentista perch\u00e9 godono dell&#8217;esperienza. Tuttavia, visitare un dentista in Croazia potrebbe rendere questa esperienza leggermente pi\u00f9 piacevole per te e il tuo portafoglio. I prezzi sono generalmente pi\u00f9 bassi rispetto alla maggior parte dei paesi europei, ma la qualit\u00e0 del servizio \u00e8 ancora estremamente elevata. Inoltre, i fornitori di servizi dentali nella citt\u00e0 di Krk hanno un altro vantaggio. La destinazione \u00e8 un tonico rilassante che riduce lo stress della visita dal dentista, permettendoti di goderti gli splendidi dintorni e tutto ci\u00f2 che la...\" \/>\n<meta property=\"og:url\" content=\"https:\/\/experiencekrk.com\/it\/turismo-dentale\/\" \/>\n<meta property=\"og:site_name\" content=\"Experience Krk\" \/>\n<meta property=\"article:modified_time\" content=\"2020-03-31T17:14:16+00:00\" \/>\n<meta name=\"twitter:card\" content=\"summary_large_image\" \/>\n<meta name=\"twitter:label1\" content=\"Tempo di lettura stimato\">\n\t<meta name=\"twitter:data1\" content=\"2 minuti\">\n<script type=\"application\/ld+json\" class=\"yoast-schema-graph\">{\"@context\":\"https:\/\/schema.org\",\"@graph\":[{\"@type\":\"WebSite\",\"@id\":\"https:\/\/experiencekrk.com\/#website\",\"url\":\"https:\/\/experiencekrk.com\/\",\"name\":\"Experience Krk\",\"description\":\"Cultural Tours, Food &amp; Wine and more\",\"potentialAction\":[{\"@type\":\"SearchAction\",\"target\":\"https:\/\/experiencekrk.com\/?s={search_term_string}\",\"query-input\":\"required name=search_term_string\"}],\"inLanguage\":\"it-IT\"},{\"@type\":\"WebPage\",\"@id\":\"https:\/\/experiencekrk.com\/it\/turismo-dentale\/#webpage\",\"url\":\"https:\/\/experiencekrk.com\/it\/turismo-dentale\/\",\"name\":\"Turismo dentale - Experience Krk\",\"isPartOf\":{\"@id\":\"https:\/\/experiencekrk.com\/#website\"},\"datePublished\":\"2019-04-29T11:17:27+00:00\",\"dateModified\":\"2020-03-31T17:14:16+00:00\",\"breadcrumb\":{\"@id\":\"https:\/\/experiencekrk.com\/it\/turismo-dentale\/#breadcrumb\"},\"inLanguage\":\"it-IT\",\"potentialAction\":[{\"@type\":\"ReadAction\",\"target\":[\"https:\/\/experiencekrk.com\/it\/turismo-dentale\/\"]}]},{\"@type\":\"BreadcrumbList\",\"@id\":\"https:\/\/experiencekrk.com\/it\/turismo-dentale\/#breadcrumb\",\"itemListElement\":[{\"@type\":\"ListItem\",\"position\":1,\"item\":{\"@type\":\"WebPage\",\"@id\":\"https:\/\/experiencekrk.com\/it\/\",\"url\":\"https:\/\/experiencekrk.com\/it\/\",\"name\":\"Home\"}},{\"@type\":\"ListItem\",\"position\":2,\"item\":{\"@type\":\"WebPage\",\"@id\":\"https:\/\/experiencekrk.com\/it\/turismo-dentale\/\",\"url\":\"https:\/\/experiencekrk.com\/it\/turismo-dentale\/\",\"name\":\"Turismo dentale\"}}]}]}<\/script>\n<!-- \/ Yoast SEO plugin. -->","_links":{"self":[{"href":"https:\/\/experiencekrk.com\/it\/wp-json\/wp\/v2\/pages\/11750"}],"collection":[{"href":"https:\/\/experiencekrk.com\/it\/wp-json\/wp\/v2\/pages"}],"about":[{"href":"https:\/\/experiencekrk.com\/it\/wp-json\/wp\/v2\/types\/page"}],"author":[{"embeddable":true,"href":"https:\/\/experiencekrk.com\/it\/wp-json\/wp\/v2\/users\/1"}],"replies":[{"embeddable":true,"href":"https:\/\/experiencekrk.com\/it\/wp-json\/wp\/v2\/comments?post=11750"}],"version-history":[{"count":2,"href":"https:\/\/experiencekrk.com\/it\/wp-json\/wp\/v2\/pages\/11750\/revisions"}],"predecessor-version":[{"id":11759,"href":"https:\/\/experiencekrk.com\/it\/wp-json\/wp\/v2\/pages\/11750\/revisions\/11759"}],"wp:attachment":[{"href":"https:\/\/experiencekrk.com\/it\/wp-json\/wp\/v2\/media?parent=11750"}],"curies":[{"name":"wp","href":"https:\/\/api.w.org\/{rel}","templated":true}]}}