{"id":10479,"date":"2019-04-16T09:41:40","date_gmt":"2019-04-16T09:41:40","guid":{"rendered":"https:\/\/experiencekrk.com\/weekend-getaway\/"},"modified":"2020-03-26T12:41:29","modified_gmt":"2020-03-26T12:41:29","slug":"fuga-nel-fine-settimana","status":"publish","type":"page","link":"https:\/\/experiencekrk.com\/it\/fuga-nel-fine-settimana\/","title":{"rendered":"Fuga nel fine settimana"},"content":{"rendered":"<p>[vc_row][vc_column]<div class=\"mkdf-section-title-holder\">\n\t<h1 class=\"mkdf-section-title mkdf-section-title-medium\" >\n\tFuga nel fine settimana<\/h1>\n<\/div>[vc_column_text]Alla ricerca di una breve pausa dallo stress della vita quotidiana? Visita la tranquilla isola di Krk e l&#8217;omonima citt\u00e0. Ha un clima mite mediterraneo, perfetto per un fine settimana soleggiato. Inoltre, si trova sul Golfo del Quarnero ed \u00e8 vicino alle strade principali, quindi \u00e8 ben collegato con la terraferma.<\/p>\n<p>Allora perch\u00e9 non allontanarsi dalla routine quotidiana stressante e concedersi un fine settimana benessere e spa in uno dei migliori hotel di Krk. Puoi assaggiare l&#8217;autentica cucina locale a base di delicatezze fatte in casa (pasta locale \u0161urlice, peka &#8211; un piatto al forno con carne e verdure&#8230;) e assaggiare il vino locale (\u017dlahtina). \u00c8 il posto perfetto per rilassarsi e prendersela comoda.[\/vc_column_text][\/vc_column][\/vc_row][vc_row][vc_column][vc_empty_space height=&#8221;40px&#8221;]<div class=\"mkdf-separator-holder clearfix  mkdf-separator-center mkdf-separator-full-width\">\n\t<div class=\"mkdf-separator\" style=\"border-color: #ebebeb;border-style: solid;border-bottom-width: 1px;margin-top: 20px;margin-bottom: 45px\"><\/div>\n<\/div>\n<div class=\"mkdf-section-title-holder\">\n\t<h1 class=\"mkdf-section-title mkdf-section-title-medium\" style=\"color: #870337\">\n\tPrenota ora il tuo alloggio<\/h1>\n<\/div>[vc_row_inner][vc_column_inner width=&#8221;1\/2&#8243;][vc_single_image image=&#8221;6171&#8243; img_size=&#8221;full&#8221; onclick=&#8221;custom_link&#8221; link=&#8221;https:\/\/experiencekrk.com\/accomodation\/valamar-koralj-hotel-3\/&#8221;][vc_column_text]<\/p>\n<h5 style=\"text-align: left;\"><a href=\"https:\/\/experiencekrk.com\/it\/alloggio\/valamar-koralj-hotel-3\/\">Valamar Koralj Hotel 3*<\/a><\/h5>\n<p>[\/vc_column_text][\/vc_column_inner][vc_column_inner width=&#8221;1\/2&#8243;][vc_single_image image=&#8221;6152&#8243; img_size=&#8221;full&#8221; onclick=&#8221;custom_link&#8221; link=&#8221;https:\/\/experiencekrk.com\/accomodation\/krk-premium-camping-resort\/&#8221;][vc_column_text]<\/p>\n<h5 style=\"text-align: left;\"><a href=\"https:\/\/experiencekrk.com\/it\/alloggio\/krk-premium-camping-resort\/\">Krk Premium Camping Resort<\/a><\/h5>\n<p>[\/vc_column_text][\/vc_column_inner][\/vc_row_inner][\/vc_column][\/vc_row][vc_row][vc_column][vc_empty_space height=&#8221;40px&#8221;]<div class=\"mkdf-separator-holder clearfix  mkdf-separator-center mkdf-separator-full-width\">\n\t<div class=\"mkdf-separator\" style=\"border-color: #ebebeb;border-style: solid;border-bottom-width: 1px;margin-top: 20px;margin-bottom: 45px\"><\/div>\n<\/div>\n<div class=\"mkdf-section-title-holder\">\n\t<h1 class=\"mkdf-section-title mkdf-section-title-medium\" >\n\tTour consigliati<\/h1>\n<\/div><div class=\"mkdf-tours-list-holder mkdf-tours-gallery-with-hover\">\n\t\t\t\t\t\t<div class=\"mkdf-tours-list-pagination-data\">\n\t\t\t\t<input type=\"hidden\" name=\"order_by\" value=\"menu_order\">\n\t\t\t\t<input type=\"hidden\" name=\"order\" value=\"ASC\">\n\t\t\t\t<input type=\"hidden\" name=\"tour_category\" value=\"weekend-getaway\">\n\t\t\t\t<input type=\"hidden\" name=\"number\" value=\"2\">\n\t\t\t\t<input type=\"hidden\" name=\"thumb_size\" value=\"voyage_landscape\">\n\t\t\t\t<input type=\"hidden\" name=\"next_page\" value=\"2\">\n\t\t\t\t<input type=\"hidden\" name=\"tour_type\" value=\"standard\">\n\t\t\t\t<input type=\"hidden\" name=\"image_size\" value=\"landscape\">\n\t\t\t\t<input type=\"hidden\" name=\"text_length\" value=\"90\">\n\t\t\t<\/div>\n\t\t\n\t\t\n\t\t<div class=\"mkdf-tours-list-holder-inner mkdf-two-items\">\n\n\t\t\t\t\n\t<div class=\"mkdf-tour-list-item-inner post-11606 tour-item type-tour-item status-publish has-post-thumbnail hentry tour-category-fuga-nel-fine-settimana tour-category-tour-di-pittura\">\n\t\t<div class=\"mkdf-tours-standard-item post-11606 tour-item type-tour-item status-publish has-post-thumbnail hentry tour-category-fuga-nel-fine-settimana tour-category-tour-di-pittura\">\n\t\t\t<div class=\"mkdf-tours-standard-item-image-holder\">\n\t\t\t<a href=\"https:\/\/experiencekrk.com\/it\/tour-item\/arte-e-natura\/\">\n\t\t\t\t<img width=\"600\" height=\"400\" src=\"https:\/\/experiencekrk.com\/wp-content\/uploads\/2019\/04\/City-of-Krk-painting-holiday-home-image.jpg\" class=\"attachment-voyage_landscape size-voyage_landscape wp-post-image\" alt=\"\" loading=\"lazy\" srcset=\"https:\/\/experiencekrk.com\/wp-content\/uploads\/2019\/04\/City-of-Krk-painting-holiday-home-image.jpg 600w, https:\/\/experiencekrk.com\/wp-content\/uploads\/2019\/04\/City-of-Krk-painting-holiday-home-image-300x200.jpg 300w\" sizes=\"(max-width: 600px) 100vw, 600px\" \/>\n\t\t\t\t\t\t\t\t\t<span class=\"mkdf-tours-standard-item-label-holder\">\n\t\t\t\t\t\t\n\t\t<span class=\"mkdf-tour-item-label\">\n\t\t\t<span class=\"mkdf-tour-item-label-inner\">\n\t\t\t\t\t\t\t<\/span>\n\t\t<\/span>\n\n\t\t\t\t\t\t\t<\/span>\n\t\t\t\t\t\t\t<\/a>\n\t\t<\/div>\n\t\n\t<div class=\"mkdf-tours-standard-item-content-holder\">\n\t\t<div class=\"mkdf-tours-standard-item-title-price-holder\">\n\t\t\t<h5 class=\"mkdf-tour-title\" >\n\t\t\t\t<a href=\"https:\/\/experiencekrk.com\/it\/tour-item\/arte-e-natura\/\">Arte e natura<\/a>\n\n\t\t\t\t<span class=\"mkdf-tours-standard-item-price-holder\">\n\t\t\t\t\t\n\t\t<span class=\"mkdf-tours-price-holder\">\n\t\t\t\t\t\t\t<span class=\"mkdf-tours-item-price\">$1<\/span>\n\t\t\t\t\t\t\t\t<\/span>\n\n\t\t\t\t\t\t<\/span>\n\n\t\t\t<\/h5>\n\t\t<\/div>\n\n\t\t<div class=\"mkdf-tours-standard-item-rating\">\n\t\t\t\n\t\t\n\t\t\t\t<\/div>\n\n\t\t\t\t\t<div class=\"mkdf-tours-standard-item-excerpt\">\n\t\t\t\t[vc_row][vc_column][vc_column_text] Il pittoresco paesaggio costiero, le navi di legno che navigano al tramonto e il mare cristallino possono ispirare la creazione di splendidi dipinti mentre ti trovi nel porto della citt\u00e0 o vicino alla spiaggia di Dra\u017eica o Je\u017eevac. Passeggia lungo il mare e cattura alcuni splendidi scenari da Capo Punta di Galeto o dal parco Kamplin. Scopri le localit\u00e0 pi\u00f9 consigliate per un dipinto artistico e uno scatto fotografico. I vigneti in pendenza sopra la storica citt\u00e0 di Krk sono ideali per la degustazione di vini e per catturare...\t\t\t<\/div>\n\t\t\n\t\t<div class=\"mkdf-tours-standard-item-bottom-content\">\n\t\t\t\t\t\t\t<div class=\"mkdf-tours-standard-item-bottom-item\">\n\t\t\t\t\t\n\t\t\n\t\t\t<div class=\"mkdf-tour-duration-holder\">\n\t\t\t    <span class=\"mkdf-tour-duration-icon mkdf-tour-info-icon\">\n\t\t\t\t\t<span class=\"lnr lnr-undo\"><\/span>\n\t\t\t    <\/span>\n\t\t\t\t<span class=\"mkdf-tour-info-label\">\n\t\t\t\t\t1\t\t\t\t<\/span>\n\t\t\t<\/div>\n\n\t\t\n\t\t\t\t\t\t<\/div>\n\t\t\t\n\t\t\t\t\t\t\t<div class=\"mkdf-tours-standard-item-bottom-item\">\n\t\t\t\t\t\n\t\t\n\t\t\t<div class=\"mkdf-tour-min-age-holder\">\n\t\t\t    <span class=\"mkdf-tour-min-age-icon mkdf-tour-info-icon\">\n\t\t\t\t    <span class=\"lnr lnr-user\"><\/span>\n\t\t\t    <\/span>\n\n\t\t\t\t<span class=\"mkdf-tour-info-label\">\n\t\t\t\t\t1+\n\t\t\t\t\t\t\t\t\t<\/span>\n\t\t\t<\/div>\n\n\t\t\n\t\t\t\t\t\t<\/div>\n\t\t\t\t\t<\/div>\n\t<\/div>\n<\/div>\t<\/div>\n\t\n\t<div class=\"mkdf-tour-list-item-inner post-13292 tour-item type-tour-item status-publish has-post-thumbnail hentry tour-category-fuga-nel-fine-settimana tour-category-fuga-romantica\">\n\t\t<div class=\"mkdf-tours-standard-item post-13292 tour-item type-tour-item status-publish has-post-thumbnail hentry tour-category-fuga-nel-fine-settimana tour-category-fuga-romantica\">\n\t\t\t<div class=\"mkdf-tours-standard-item-image-holder\">\n\t\t\t<a href=\"https:\/\/experiencekrk.com\/it\/tour-item\/weekend-benessere\/\">\n\t\t\t\t<img width=\"600\" height=\"400\" src=\"https:\/\/experiencekrk.com\/wp-content\/uploads\/2018\/07\/valamar-koralj-romantic-hotel-jacuzzi_2.jpg\" class=\"attachment-voyage_landscape size-voyage_landscape wp-post-image\" alt=\"\" loading=\"lazy\" srcset=\"https:\/\/experiencekrk.com\/wp-content\/uploads\/2018\/07\/valamar-koralj-romantic-hotel-jacuzzi_2.jpg 600w, https:\/\/experiencekrk.com\/wp-content\/uploads\/2018\/07\/valamar-koralj-romantic-hotel-jacuzzi_2-300x200.jpg 300w\" sizes=\"(max-width: 600px) 100vw, 600px\" \/>\n\t\t\t\t\t\t\t\t\t<span class=\"mkdf-tours-standard-item-label-holder\">\n\t\t\t\t\t\t\n\t\t<span class=\"mkdf-tour-item-label\">\n\t\t\t<span class=\"mkdf-tour-item-label-inner\">\n\t\t\t\t\t\t\t<\/span>\n\t\t<\/span>\n\n\t\t\t\t\t\t\t<\/span>\n\t\t\t\t\t\t\t<\/a>\n\t\t<\/div>\n\t\n\t<div class=\"mkdf-tours-standard-item-content-holder\">\n\t\t<div class=\"mkdf-tours-standard-item-title-price-holder\">\n\t\t\t<h5 class=\"mkdf-tour-title\" >\n\t\t\t\t<a href=\"https:\/\/experiencekrk.com\/it\/tour-item\/weekend-benessere\/\">Weekend benessere<\/a>\n\n\t\t\t\t<span class=\"mkdf-tours-standard-item-price-holder\">\n\t\t\t\t\t\n\t\t<span class=\"mkdf-tours-price-holder\">\n\t\t\t\t\t\t\t<span class=\"mkdf-tours-item-price\">$1<\/span>\n\t\t\t\t\t\t\t\t<\/span>\n\n\t\t\t\t\t\t<\/span>\n\n\t\t\t<\/h5>\n\t\t<\/div>\n\n\t\t<div class=\"mkdf-tours-standard-item-rating\">\n\t\t\t\n\t\t\n\t\t\t\t<\/div>\n\n\t\t\t\t\t<div class=\"mkdf-tours-standard-item-excerpt\">\n\t\t\t\t[vc_row][vc_column][vc_column_text] Hai avuto una settimana stressante e hai semplicemente bisogno di una breve pausa con l&#8217;altro significativo? Fai le valigie e concediti l&#8217;offerta benessere e spa che la citt\u00e0 di Krk ha da offrire. Il centro benessere del Krk Premium Camping Resort \u00e8 il luogo ideale per rilassarsi e concedersi una sauna finlandese e bio-sauna, trattamenti viso e corpo e massaggi come aroma, pietre calde e anti-stress. Dopo un meritato massaggio, fai una passeggiata nel centro storico di Krk, goditi lo spettacolare tramonto sulla spiaggia ed esplora i sapori della...\t\t\t<\/div>\n\t\t\n\t\t<div class=\"mkdf-tours-standard-item-bottom-content\">\n\t\t\t\t\t\t\t<div class=\"mkdf-tours-standard-item-bottom-item\">\n\t\t\t\t\t\n\t\t\n\t\t\t<div class=\"mkdf-tour-duration-holder\">\n\t\t\t    <span class=\"mkdf-tour-duration-icon mkdf-tour-info-icon\">\n\t\t\t\t\t<span class=\"lnr lnr-undo\"><\/span>\n\t\t\t    <\/span>\n\t\t\t\t<span class=\"mkdf-tour-info-label\">\n\t\t\t\t\t1\t\t\t\t<\/span>\n\t\t\t<\/div>\n\n\t\t\n\t\t\t\t\t\t<\/div>\n\t\t\t\n\t\t\t\t\t\t\t<div class=\"mkdf-tours-standard-item-bottom-item\">\n\t\t\t\t\t\n\t\t\n\t\t\t<div class=\"mkdf-tour-min-age-holder\">\n\t\t\t    <span class=\"mkdf-tour-min-age-icon mkdf-tour-info-icon\">\n\t\t\t\t    <span class=\"lnr lnr-user\"><\/span>\n\t\t\t    <\/span>\n\n\t\t\t\t<span class=\"mkdf-tour-info-label\">\n\t\t\t\t\t1+\n\t\t\t\t\t\t\t\t\t<\/span>\n\t\t\t<\/div>\n\n\t\t\n\t\t\t\t\t\t<\/div>\n\t\t\t\t\t<\/div>\n\t<\/div>\n<\/div>\t<\/div>\n\n\t\t\t<div class=\"mkdf-tours-list-grid-sizer\"><\/div>\n\t\t<\/div>\n\n\t\t\n\n\t\t<\/div>[\/vc_column][\/vc_row]<\/p>\n","protected":false},"excerpt":{"rendered":"<p>[vc_row][vc_column][vc_column_text]Alla ricerca di una breve pausa dallo stress della vita quotidiana? Visita la tranquilla isola di Krk e l&#8217;omonima citt\u00e0. Ha un clima mite mediterraneo, perfetto per un fine settimana soleggiato. Inoltre, si trova sul Golfo del Quarnero ed \u00e8 vicino alle strade principali, quindi \u00e8 ben collegato con la terraferma. Allora perch\u00e9 non allontanarsi dalla routine quotidiana stressante e concedersi un fine settimana benessere e spa in uno dei migliori hotel di Krk. Puoi assaggiare l&#8217;autentica cucina locale a base di delicatezze fatte in casa (pasta locale \u0161urlice, peka&#8230;<\/p>\n","protected":false},"author":1,"featured_media":0,"parent":0,"menu_order":0,"comment_status":"closed","ping_status":"closed","template":"","meta":[],"yoast_head":"<!-- This site is optimized with the Yoast SEO plugin v16.0.1 - https:\/\/yoast.com\/wordpress\/plugins\/seo\/ -->\n<title>Fuga nel fine settimana - Experience Krk<\/title>\n<link rel=\"canonical\" href=\"https:\/\/experiencekrk.com\/it\/fuga-nel-fine-settimana\/\" \/>\n<meta property=\"og:locale\" content=\"it_IT\" \/>\n<meta property=\"og:type\" content=\"article\" \/>\n<meta property=\"og:title\" content=\"Fuga nel fine settimana - Experience Krk\" \/>\n<meta property=\"og:description\" content=\"[vc_row][vc_column][vc_column_text]Alla ricerca di una breve pausa dallo stress della vita quotidiana? Visita la tranquilla isola di Krk e l&#8217;omonima citt\u00e0. Ha un clima mite mediterraneo, perfetto per un fine settimana soleggiato. Inoltre, si trova sul Golfo del Quarnero ed \u00e8 vicino alle strade principali, quindi \u00e8 ben collegato con la terraferma. Allora perch\u00e9 non allontanarsi dalla routine quotidiana stressante e concedersi un fine settimana benessere e spa in uno dei migliori hotel di Krk. Puoi assaggiare l&#8217;autentica cucina locale a base di delicatezze fatte in casa (pasta locale \u0161urlice, peka...\" \/>\n<meta property=\"og:url\" content=\"https:\/\/experiencekrk.com\/it\/fuga-nel-fine-settimana\/\" \/>\n<meta property=\"og:site_name\" content=\"Experience Krk\" \/>\n<meta property=\"article:modified_time\" content=\"2020-03-26T12:41:29+00:00\" \/>\n<meta name=\"twitter:card\" content=\"summary_large_image\" \/>\n<meta name=\"twitter:label1\" content=\"Tempo di lettura stimato\">\n\t<meta name=\"twitter:data1\" content=\"2 minuti\">\n<script type=\"application\/ld+json\" class=\"yoast-schema-graph\">{\"@context\":\"https:\/\/schema.org\",\"@graph\":[{\"@type\":\"WebSite\",\"@id\":\"https:\/\/experiencekrk.com\/#website\",\"url\":\"https:\/\/experiencekrk.com\/\",\"name\":\"Experience Krk\",\"description\":\"Cultural Tours, Food &amp; Wine and more\",\"potentialAction\":[{\"@type\":\"SearchAction\",\"target\":\"https:\/\/experiencekrk.com\/?s={search_term_string}\",\"query-input\":\"required name=search_term_string\"}],\"inLanguage\":\"it-IT\"},{\"@type\":\"WebPage\",\"@id\":\"https:\/\/experiencekrk.com\/it\/fuga-nel-fine-settimana\/#webpage\",\"url\":\"https:\/\/experiencekrk.com\/it\/fuga-nel-fine-settimana\/\",\"name\":\"Fuga nel fine settimana - Experience Krk\",\"isPartOf\":{\"@id\":\"https:\/\/experiencekrk.com\/#website\"},\"datePublished\":\"2019-04-16T09:41:40+00:00\",\"dateModified\":\"2020-03-26T12:41:29+00:00\",\"breadcrumb\":{\"@id\":\"https:\/\/experiencekrk.com\/it\/fuga-nel-fine-settimana\/#breadcrumb\"},\"inLanguage\":\"it-IT\",\"potentialAction\":[{\"@type\":\"ReadAction\",\"target\":[\"https:\/\/experiencekrk.com\/it\/fuga-nel-fine-settimana\/\"]}]},{\"@type\":\"BreadcrumbList\",\"@id\":\"https:\/\/experiencekrk.com\/it\/fuga-nel-fine-settimana\/#breadcrumb\",\"itemListElement\":[{\"@type\":\"ListItem\",\"position\":1,\"item\":{\"@type\":\"WebPage\",\"@id\":\"https:\/\/experiencekrk.com\/it\/\",\"url\":\"https:\/\/experiencekrk.com\/it\/\",\"name\":\"Home\"}},{\"@type\":\"ListItem\",\"position\":2,\"item\":{\"@type\":\"WebPage\",\"@id\":\"https:\/\/experiencekrk.com\/it\/fuga-nel-fine-settimana\/\",\"url\":\"https:\/\/experiencekrk.com\/it\/fuga-nel-fine-settimana\/\",\"name\":\"Fuga nel fine settimana\"}}]}]}<\/script>\n<!-- \/ Yoast SEO plugin. -->","_links":{"self":[{"href":"https:\/\/experiencekrk.com\/it\/wp-json\/wp\/v2\/pages\/10479"}],"collection":[{"href":"https:\/\/experiencekrk.com\/it\/wp-json\/wp\/v2\/pages"}],"about":[{"href":"https:\/\/experiencekrk.com\/it\/wp-json\/wp\/v2\/types\/page"}],"author":[{"embeddable":true,"href":"https:\/\/experiencekrk.com\/it\/wp-json\/wp\/v2\/users\/1"}],"replies":[{"embeddable":true,"href":"https:\/\/experiencekrk.com\/it\/wp-json\/wp\/v2\/comments?post=10479"}],"version-history":[{"count":2,"href":"https:\/\/experiencekrk.com\/it\/wp-json\/wp\/v2\/pages\/10479\/revisions"}],"predecessor-version":[{"id":10481,"href":"https:\/\/experiencekrk.com\/it\/wp-json\/wp\/v2\/pages\/10479\/revisions\/10481"}],"wp:attachment":[{"href":"https:\/\/experiencekrk.com\/it\/wp-json\/wp\/v2\/media?parent=10479"}],"curies":[{"name":"wp","href":"https:\/\/api.w.org\/{rel}","templated":true}]}}