{"id":32784,"date":"2021-03-01T14:10:34","date_gmt":"2021-03-01T14:10:34","guid":{"rendered":"https:\/\/experiencekrk.com\/?page_id=32784"},"modified":"2021-03-02T13:34:19","modified_gmt":"2021-03-02T13:34:19","slug":"camino-krk-poziv-za-ukljucenje-u-projekt","status":"publish","type":"page","link":"https:\/\/experiencekrk.com\/hr\/camino-krk-poziv-za-ukljucenje-u-projekt\/","title":{"rendered":"CAMINO KRK &#8211; POZIV ZA UKLJU\u010cENJE U PROJEKT"},"content":{"rendered":"<h2 style=\"text-align: center;\"><span style=\"color: #870237;\">CAMINO KRK &#8211; POZIV ZA UKLJU\u010cENJE U PROJEKT<\/span><\/h2>\n<p>Turisti\u010dke zajednice na otoku Krku pozivaju <strong>hotele, kampove i ostale ugostiteljske objekte za smje\u0161taje, pru\u017eatelje usluga smje\u0161taja u doma\u0107instvu ili na obiteljskom poljoprivrednom gospodarstvu, turisti\u010dke agencije te ugostiteljske objekte<\/strong> da se priklju\u010de projektu Camino Krk i promoviraju svoju turisti\u010dku ponudu i van ljetne sezone.<\/p>\n<p>Na inicijativu TZ Grada Krka i Bratov\u0161tine sv. Jakova, krajem 2019. godine obilje\u017eena je prva dionica kr\u010dke Camino rute, kao hrvatski doprinos europskoj mre\u017ei hodo\u010dasni\u010dkih puteva koji vode prema sveti\u0161tu sv. Jakova u Santiago de Compostela.<\/p>\n<p style=\"text-align: center;\"><strong>Saznajte vi\u0161e informacija o Camino Krk:<\/strong><br \/>\n<a href=\"https:\/\/caminocroatia.com\/camino-krk\/camino-krk-hr\/\" target=\"_blank\" rel=\"noopener\"><strong>caminocroatia.com\/camino-krk\/camino-krk-hr\/<\/strong><\/a><\/p>\n\n\t\t<style type=\"text\/css\">\n\t\t\t#gallery-1 {\n\t\t\t\tmargin: auto;\n\t\t\t}\n\t\t\t#gallery-1 .gallery-item {\n\t\t\t\tfloat: left;\n\t\t\t\tmargin-top: 10px;\n\t\t\t\ttext-align: center;\n\t\t\t\twidth: 50%;\n\t\t\t}\n\t\t\t#gallery-1 img {\n\t\t\t\tborder: 2px solid #cfcfcf;\n\t\t\t}\n\t\t\t#gallery-1 .gallery-caption {\n\t\t\t\tmargin-left: 0;\n\t\t\t}\n\t\t\t\/* see gallery_shortcode() in wp-includes\/media.php *\/\n\t\t<\/style>\n\t\t<div id='gallery-1' class='gallery galleryid-32784 gallery-columns-2 gallery-size-medium'><dl class='gallery-item'>\n\t\t\t<dt class='gallery-icon landscape'>\n\t\t\t\t<img width=\"300\" height=\"200\" src=\"https:\/\/experiencekrk.com\/wp-content\/uploads\/2021\/03\/unnamed-300x200.jpg\" class=\"attachment-medium size-medium\" alt=\"\" loading=\"lazy\" srcset=\"https:\/\/experiencekrk.com\/wp-content\/uploads\/2021\/03\/unnamed-300x200.jpg 300w, https:\/\/experiencekrk.com\/wp-content\/uploads\/2021\/03\/unnamed-1024x682.jpg 1024w, https:\/\/experiencekrk.com\/wp-content\/uploads\/2021\/03\/unnamed-768x511.jpg 768w, https:\/\/experiencekrk.com\/wp-content\/uploads\/2021\/03\/unnamed.jpg 1200w\" sizes=\"(max-width: 300px) 100vw, 300px\" \/>\n\t\t\t<\/dt><\/dl><dl class='gallery-item'>\n\t\t\t<dt class='gallery-icon landscape'>\n\t\t\t\t<img width=\"300\" height=\"200\" src=\"https:\/\/experiencekrk.com\/wp-content\/uploads\/2021\/03\/unnamed1-300x200.jpg\" class=\"attachment-medium size-medium\" alt=\"\" loading=\"lazy\" srcset=\"https:\/\/experiencekrk.com\/wp-content\/uploads\/2021\/03\/unnamed1-300x200.jpg 300w, https:\/\/experiencekrk.com\/wp-content\/uploads\/2021\/03\/unnamed1-1024x683.jpg 1024w, https:\/\/experiencekrk.com\/wp-content\/uploads\/2021\/03\/unnamed1-768x512.jpg 768w, https:\/\/experiencekrk.com\/wp-content\/uploads\/2021\/03\/unnamed1.jpg 1200w\" sizes=\"(max-width: 300px) 100vw, 300px\" \/>\n\t\t\t<\/dt><\/dl><br style=\"clear: both\" \/><dl class='gallery-item'>\n\t\t\t<dt class='gallery-icon landscape'>\n\t\t\t\t<img width=\"300\" height=\"200\" src=\"https:\/\/experiencekrk.com\/wp-content\/uploads\/2021\/03\/unnamed2-300x200.jpg\" class=\"attachment-medium size-medium\" alt=\"\" loading=\"lazy\" srcset=\"https:\/\/experiencekrk.com\/wp-content\/uploads\/2021\/03\/unnamed2-300x200.jpg 300w, https:\/\/experiencekrk.com\/wp-content\/uploads\/2021\/03\/unnamed2-1024x683.jpg 1024w, https:\/\/experiencekrk.com\/wp-content\/uploads\/2021\/03\/unnamed2-768x512.jpg 768w, https:\/\/experiencekrk.com\/wp-content\/uploads\/2021\/03\/unnamed2.jpg 1200w\" sizes=\"(max-width: 300px) 100vw, 300px\" \/>\n\t\t\t<\/dt><\/dl><dl class='gallery-item'>\n\t\t\t<dt class='gallery-icon landscape'>\n\t\t\t\t<img width=\"300\" height=\"200\" src=\"https:\/\/experiencekrk.com\/wp-content\/uploads\/2021\/03\/unnamed3-300x200.jpg\" class=\"attachment-medium size-medium\" alt=\"\" loading=\"lazy\" srcset=\"https:\/\/experiencekrk.com\/wp-content\/uploads\/2021\/03\/unnamed3-300x200.jpg 300w, https:\/\/experiencekrk.com\/wp-content\/uploads\/2021\/03\/unnamed3-1024x683.jpg 1024w, https:\/\/experiencekrk.com\/wp-content\/uploads\/2021\/03\/unnamed3-768x512.jpg 768w, https:\/\/experiencekrk.com\/wp-content\/uploads\/2021\/03\/unnamed3.jpg 1200w\" sizes=\"(max-width: 300px) 100vw, 300px\" \/>\n\t\t\t<\/dt><\/dl><br style=\"clear: both\" \/>\n\t\t<\/div>\n\n<p><span style=\"color: #870237;\">Camino Krk<\/span> novi je turisti\u010dki proizvod kao i dodatni motiv dolaska gostiju u pred i posezoni, a gosti su u prilici upoznati brojna mjesta te do\u017eivjeti posebno duhovno iskustvo u ljepoti kr\u010dkoga krajolika.<\/p>\n<p>O popularnosti Camino ruta govori i podatak o \u010dak <strong>2.500.000 pretra\u017eivanja mjese\u010dno na Google tra\u017eilici.<\/strong> Tijekom 2020. godine zabilje\u017een je poprili\u010dan interes gostiju i javnosti za Camino rutu na otoku Krku, osobito doma\u0107ih gostiju te gostiju s podru\u010dja Slovenije, Italije i Austrije.<\/p>\n<p><strong>Postanite dio Camino Krk projekta i iskoristite dodatne mogu\u0107nosti besplatne promocije.<\/strong> Ugostiteljski objekti promovirat \u0107e se putem web portala projekta, kao i kroz digitalne marketing kanale va\u0161e turisti\u010dke zajednice i Bratov\u0161tine sv. Jakova, partnera u projektu.<\/p>\n<p>&nbsp;<\/p>\n<p><img loading=\"lazy\" class=\"alignleft wp-image-32807\" src=\"https:\/\/experiencekrk.com\/wp-content\/uploads\/2021\/03\/unnamed-5-1024x768.jpg\" alt=\"\" width=\"600\" height=\"450\" srcset=\"https:\/\/experiencekrk.com\/wp-content\/uploads\/2021\/03\/unnamed-5-1024x768.jpg 1024w, https:\/\/experiencekrk.com\/wp-content\/uploads\/2021\/03\/unnamed-5-300x225.jpg 300w, https:\/\/experiencekrk.com\/wp-content\/uploads\/2021\/03\/unnamed-5-768x576.jpg 768w, https:\/\/experiencekrk.com\/wp-content\/uploads\/2021\/03\/unnamed-5-800x600.jpg 800w, https:\/\/experiencekrk.com\/wp-content\/uploads\/2021\/03\/unnamed-5.jpg 1200w\" sizes=\"(max-width: 600px) 100vw, 600px\" \/><\/p>\n<p><strong>Za dionike projekta odr\u017eat \u0107e se i <\/strong><strong>besplatna edukacija na temu: <\/strong><\/p>\n<p><em><strong>\u201cKako iskoristiti Camino Krk za <\/strong><strong>privla\u010denje gostiju tijekom cijele godine\u201d.<\/strong><\/em><\/p>\n<hr \/>\n<p><span style=\"text-decoration: underline;\"><strong>Kome je ovaj poziv namijenjen?<\/strong><\/span><\/p>\n<p>Svim <strong>hotelima, kampovima i ostalim ugostiteljskim objektima za smje\u0161taj, pru\u017eateljima usluge smje\u0161taja u doma\u0107instvu ili na obiteljskom poljoprivrednom gospodarstvu, turisti\u010dkim agencijama, ugostiteljskim objektima<\/strong> na podru\u010dju:<\/p>\n<ul>\n<li>Turisti\u010dke zajednice Grada Krka<\/li>\n<li>Turisti\u010dke zajednice op\u0107ine Malinska-Duba\u0161nica<\/li>\n<li>Turisti\u010dke zajednice op\u0107ine Omi\u0161alj-Njivice<\/li>\n<li>Turisti\u010dke zajednice op\u0107ine Punat<\/li>\n<li>Turisti\u010dke zajednice op\u0107ine Vrbnik<\/li>\n<li>Turisti\u010dke zajednice op\u0107ine Ba\u0161ka<\/li>\n<li>Turisti\u010dke zajednice op\u0107ine Dobrinj<\/li>\n<\/ul>\n<p>&nbsp;<\/p>\n<hr \/>\n<p><span style=\"text-decoration: underline;\"><strong>Koji su kriteriji za odabir?<\/strong><\/span><\/p>\n<p><strong>HOTELI, KAMPOVI I OSTALI UGOSTITELJSKI OBJEKTI ZA SMJE\u0160TAJ | PRU\u017dATELJI USLUGA SMJE\u0160TAJA U DOMA\u0106INSTVU I NA OBITELJSKOM POLJOPRIVREDNOM GOSPODARSTVU<\/strong><\/p>\n<p>&#8211; Podmirene obveze prema lokalnoj Turisti\u010dkoj zajednici te Gradu odnosno Op\u0107ini<br \/>\n&#8211; Poslovanje van ljetne sezone<br \/>\n&#8211; Mogu\u0107nost smje\u0161taja gostiju na jedno no\u0107enje<\/p>\n<p><strong>TURISTI\u010cKE AGENCIJE<\/strong><\/p>\n<p>&#8211; Podmirene obveze prema lokalnoj Turisti\u010dkoj zajednici te Gradu odnosno Op\u0107ini<br \/>\n&#8211; Poslovanje van ljetne sezone<br \/>\n&#8211; Mogu\u0107nost smje\u0161taja gostiju na jedno no\u0107enje<\/p>\n<p><strong>UGOSTITELJSKI OBJEKTI<\/strong><\/p>\n<p>\u00b7 Poslovanje van ljetne sezone<br \/>\n\u00b7 Ponuda oto\u010dkih specijaliteta<br \/>\n\u00b7 Ponuda vina vrbni\u010dke \u017elahtine<br \/>\n\u00b7 Suradnja s lokalnim obiteljskim poljoprivrednim gospodarstvima (minimalno tri proizvoda)<\/p>\n<p>&nbsp;<\/p>\n<hr \/>\n<p><span style=\"text-decoration: underline;\"><strong>Kako se uklju\u010diti u projekt?<\/strong><\/span><\/p>\n<p><strong>HOTELI, KAMPOVI I OSTALI UGOSTITELJSKI OBJEKTI ZA SMJE\u0160TAJ:<\/strong> ispunjavanjem obrasca na <span style=\"color: #870237;\"><a style=\"color: #870237;\" href=\"https:\/\/tz-krk.us10.list-manage.com\/track\/click?u=665ba3d654e6d8f3567462386&amp;id=16d332bb78&amp;e=9802025a14\">linku<\/a><\/span> ili se javite turisti\u010dkoj zajednici na svojem podru\u010dju.<\/p>\n<p><strong>PRU\u017dATELJI USLUGA SMJE\u0160TAJA U DOMA\u0106INSTVU I NA OBITELJSKOM POLJOPRIVREDNOM GOSPODARSTVU:<\/strong><br \/>\nako nemate web stranicu smje\u0161taja javite se svojoj turisti\u010dkoj agenciji, a ako ju imate prijavite svoj smje\u0161tajni objekt putem obrasca na <span style=\"color: #870237;\"><a style=\"color: #870237;\" href=\"https:\/\/tz-krk.us10.list-manage.com\/track\/click?u=665ba3d654e6d8f3567462386&amp;id=d3947d0970&amp;e=9802025a14\">linku<\/a><\/span> ili se javite turisti\u010dkoj zajednici na svojem podru\u010dju.<\/p>\n<p><strong>TURISTI\u010cKE AGENCIJE:<\/strong><br \/>\nispunjavanjem obrasca na <span style=\"color: #870237;\"><a style=\"color: #870237;\" href=\"https:\/\/tz-krk.us10.list-manage.com\/track\/click?u=665ba3d654e6d8f3567462386&amp;id=437d89796c&amp;e=9802025a14\">linku<\/a> <\/span>ili se javite turisti\u010dkoj zajednici na svojem podru\u010dju.<\/p>\n<p><strong>UGOSTITELJSKI OBJEKTI:<\/strong><br \/>\nispunjavanjem obrasca na <span style=\"color: #870237;\"><a style=\"color: #870237;\" href=\"https:\/\/tz-krk.us10.list-manage.com\/track\/click?u=665ba3d654e6d8f3567462386&amp;id=409ecfdb1b&amp;e=9802025a14\">linku<\/a> <\/span>ili se javite turisti\u010dkoj zajednici na svojem podru\u010dju.<\/p>\n<hr \/>\n<p><img loading=\"lazy\" class=\"size-full wp-image-32812 aligncenter\" src=\"https:\/\/experiencekrk.com\/wp-content\/uploads\/2021\/03\/unnamed-logo.jpg\" alt=\"\" width=\"728\" height=\"90\" srcset=\"https:\/\/experiencekrk.com\/wp-content\/uploads\/2021\/03\/unnamed-logo.jpg 728w, https:\/\/experiencekrk.com\/wp-content\/uploads\/2021\/03\/unnamed-logo-300x37.jpg 300w\" sizes=\"(max-width: 728px) 100vw, 728px\" \/><\/p>\n","protected":false},"excerpt":{"rendered":"<p>CAMINO KRK &#8211; POZIV ZA UKLJU\u010cENJE U PROJEKT Turisti\u010dke zajednice na otoku Krku pozivaju hotele, kampove i ostale ugostiteljske objekte za smje\u0161taje, pru\u017eatelje usluga smje\u0161taja u doma\u0107instvu ili na obiteljskom poljoprivrednom gospodarstvu, turisti\u010dke agencije te ugostiteljske objekte da se priklju\u010de projektu Camino Krk i promoviraju svoju turisti\u010dku ponudu i van ljetne sezone. Na inicijativu TZ Grada Krka i Bratov\u0161tine sv. Jakova, krajem 2019. godine obilje\u017eena je prva dionica kr\u010dke Camino rute, kao hrvatski doprinos europskoj mre\u017ei hodo\u010dasni\u010dkih puteva koji vode prema sveti\u0161tu sv. Jakova u Santiago de Compostela. Saznajte vi\u0161e&#8230;<\/p>\n","protected":false},"author":1,"featured_media":0,"parent":0,"menu_order":0,"comment_status":"closed","ping_status":"closed","template":"","meta":[],"yoast_head":"<!-- This site is optimized with the Yoast SEO plugin v16.0.1 - https:\/\/yoast.com\/wordpress\/plugins\/seo\/ -->\n<title>CAMINO KRK - POZIV ZA UKLJU\u010cENJE U PROJEKT - Experience Krk<\/title>\n<link rel=\"canonical\" href=\"https:\/\/experiencekrk.com\/hr\/camino-krk-poziv-za-ukljucenje-u-projekt\/\" \/>\n<meta property=\"og:locale\" content=\"hr_HR\" \/>\n<meta property=\"og:type\" content=\"article\" \/>\n<meta property=\"og:title\" content=\"CAMINO KRK - POZIV ZA UKLJU\u010cENJE U PROJEKT - Experience Krk\" \/>\n<meta property=\"og:description\" content=\"CAMINO KRK &#8211; POZIV ZA UKLJU\u010cENJE U PROJEKT Turisti\u010dke zajednice na otoku Krku pozivaju hotele, kampove i ostale ugostiteljske objekte za smje\u0161taje, pru\u017eatelje usluga smje\u0161taja u doma\u0107instvu ili na obiteljskom poljoprivrednom gospodarstvu, turisti\u010dke agencije te ugostiteljske objekte da se priklju\u010de projektu Camino Krk i promoviraju svoju turisti\u010dku ponudu i van ljetne sezone. Na inicijativu TZ Grada Krka i Bratov\u0161tine sv. Jakova, krajem 2019. godine obilje\u017eena je prva dionica kr\u010dke Camino rute, kao hrvatski doprinos europskoj mre\u017ei hodo\u010dasni\u010dkih puteva koji vode prema sveti\u0161tu sv. Jakova u Santiago de Compostela. Saznajte vi\u0161e...\" \/>\n<meta property=\"og:url\" content=\"https:\/\/experiencekrk.com\/hr\/camino-krk-poziv-za-ukljucenje-u-projekt\/\" \/>\n<meta property=\"og:site_name\" content=\"Experience Krk\" \/>\n<meta property=\"article:modified_time\" content=\"2021-03-02T13:34:19+00:00\" \/>\n<meta property=\"og:image\" content=\"https:\/\/experiencekrk.com\/wp-content\/uploads\/2021\/03\/unnamed-300x200.jpg\" \/>\n<meta name=\"twitter:card\" content=\"summary_large_image\" \/>\n<meta name=\"twitter:label1\" content=\"Procijenjeno vrijeme \u010ditanja\">\n\t<meta name=\"twitter:data1\" content=\"3 minute\">\n<script type=\"application\/ld+json\" class=\"yoast-schema-graph\">{\"@context\":\"https:\/\/schema.org\",\"@graph\":[{\"@type\":\"WebSite\",\"@id\":\"https:\/\/experiencekrk.com\/#website\",\"url\":\"https:\/\/experiencekrk.com\/\",\"name\":\"Experience Krk\",\"description\":\"Cultural Tours, Food &amp; Wine and more\",\"potentialAction\":[{\"@type\":\"SearchAction\",\"target\":\"https:\/\/experiencekrk.com\/?s={search_term_string}\",\"query-input\":\"required name=search_term_string\"}],\"inLanguage\":\"hr\"},{\"@type\":\"ImageObject\",\"@id\":\"https:\/\/experiencekrk.com\/hr\/camino-krk-poziv-za-ukljucenje-u-projekt\/#primaryimage\",\"inLanguage\":\"hr\",\"url\":\"https:\/\/experiencekrk.com\/wp-content\/uploads\/2021\/03\/unnamed-5.jpg\",\"width\":1200,\"height\":900},{\"@type\":\"WebPage\",\"@id\":\"https:\/\/experiencekrk.com\/hr\/camino-krk-poziv-za-ukljucenje-u-projekt\/#webpage\",\"url\":\"https:\/\/experiencekrk.com\/hr\/camino-krk-poziv-za-ukljucenje-u-projekt\/\",\"name\":\"CAMINO KRK - POZIV ZA UKLJU\\u010cENJE U PROJEKT - Experience Krk\",\"isPartOf\":{\"@id\":\"https:\/\/experiencekrk.com\/#website\"},\"primaryImageOfPage\":{\"@id\":\"https:\/\/experiencekrk.com\/hr\/camino-krk-poziv-za-ukljucenje-u-projekt\/#primaryimage\"},\"datePublished\":\"2021-03-01T14:10:34+00:00\",\"dateModified\":\"2021-03-02T13:34:19+00:00\",\"breadcrumb\":{\"@id\":\"https:\/\/experiencekrk.com\/hr\/camino-krk-poziv-za-ukljucenje-u-projekt\/#breadcrumb\"},\"inLanguage\":\"hr\",\"potentialAction\":[{\"@type\":\"ReadAction\",\"target\":[\"https:\/\/experiencekrk.com\/hr\/camino-krk-poziv-za-ukljucenje-u-projekt\/\"]}]},{\"@type\":\"BreadcrumbList\",\"@id\":\"https:\/\/experiencekrk.com\/hr\/camino-krk-poziv-za-ukljucenje-u-projekt\/#breadcrumb\",\"itemListElement\":[{\"@type\":\"ListItem\",\"position\":1,\"item\":{\"@type\":\"WebPage\",\"@id\":\"https:\/\/experiencekrk.com\/hr\/\",\"url\":\"https:\/\/experiencekrk.com\/hr\/\",\"name\":\"Home\"}},{\"@type\":\"ListItem\",\"position\":2,\"item\":{\"@type\":\"WebPage\",\"@id\":\"https:\/\/experiencekrk.com\/hr\/camino-krk-poziv-za-ukljucenje-u-projekt\/\",\"url\":\"https:\/\/experiencekrk.com\/hr\/camino-krk-poziv-za-ukljucenje-u-projekt\/\",\"name\":\"CAMINO KRK &#8211; POZIV ZA UKLJU\\u010cENJE U PROJEKT\"}}]}]}<\/script>\n<!-- \/ Yoast SEO plugin. -->","_links":{"self":[{"href":"https:\/\/experiencekrk.com\/hr\/wp-json\/wp\/v2\/pages\/32784"}],"collection":[{"href":"https:\/\/experiencekrk.com\/hr\/wp-json\/wp\/v2\/pages"}],"about":[{"href":"https:\/\/experiencekrk.com\/hr\/wp-json\/wp\/v2\/types\/page"}],"author":[{"embeddable":true,"href":"https:\/\/experiencekrk.com\/hr\/wp-json\/wp\/v2\/users\/1"}],"replies":[{"embeddable":true,"href":"https:\/\/experiencekrk.com\/hr\/wp-json\/wp\/v2\/comments?post=32784"}],"version-history":[{"count":25,"href":"https:\/\/experiencekrk.com\/hr\/wp-json\/wp\/v2\/pages\/32784\/revisions"}],"predecessor-version":[{"id":32845,"href":"https:\/\/experiencekrk.com\/hr\/wp-json\/wp\/v2\/pages\/32784\/revisions\/32845"}],"wp:attachment":[{"href":"https:\/\/experiencekrk.com\/hr\/wp-json\/wp\/v2\/media?parent=32784"}],"curies":[{"name":"wp","href":"https:\/\/api.w.org\/{rel}","templated":true}]}}