{"id":11562,"date":"2019-04-30T18:00:42","date_gmt":"2019-04-30T18:00:42","guid":{"rendered":"https:\/\/experiencekrk.com\/pustolovni-turizam\/karting-club-krk\/"},"modified":"2020-03-30T18:13:30","modified_gmt":"2020-03-30T18:13:30","slug":"karting-club-krk","status":"publish","type":"page","link":"https:\/\/experiencekrk.com\/hr\/pustolovni-turizam\/karting-club-krk\/","title":{"rendered":"Karting Club Krk"},"content":{"rendered":"<p>[vc_row][vc_column]<div class=\"mkdf-section-title-holder\">\n\t<h1 class=\"mkdf-section-title mkdf-section-title-medium\" >\n\tKarting Club Krk<\/h1>\n<\/div>[vc_column_text]Karting klub Krk smje\u0161ten je na ulazu u grad Krk, samo 2 km od centra grada. Karting arena ve\u0107inu vremena je otvorena, zatvara se samo u slu\u010daju lo\u0161eg vremena.[\/vc_column_text][vc_empty_space][vc_column_text][\/vc_column_text][\/vc_column][\/vc_row][vc_row][vc_column][vc_row_inner][vc_column_inner width=&#8221;1\/2&#8243;][vc_single_image image=&#8221;4708&#8243; img_size=&#8221;full&#8221;][\/vc_column_inner][vc_column_inner width=&#8221;1\/2&#8243;][vc_column_text]Vi\u0161e informacija o radnom vremenu potra\u017eite na slu\u017ebenom Facebook profilu\u2013 <a href=\"https:\/\/www.facebook.com\/kartingklubkrk\/\">Karting klub Krk<\/a><\/p>\n<p>Mob: <a href=\"tel:+38598449797\">+385 98 44 97 97<\/a><br \/>\nE-mail: <a href=\"mailto:zajednicki.obrt.pavlovic@ri.t-com.hr\">zajednicki.obrt.pavlovic@ri.t-com.hr<\/a>[\/vc_column_text][\/vc_column_inner][\/vc_row_inner][vc_empty_space]<div class=\"mkdf-separator-holder clearfix  mkdf-separator-center mkdf-separator-full-width\">\n\t<div class=\"mkdf-separator\" style=\"border-color: #ebebeb;border-style: solid;border-bottom-width: 1px;margin-top: 20px;margin-bottom: 45px\"><\/div>\n<\/div>\n<div class=\"mkdf-section-title-holder\">\n\t<h1 class=\"mkdf-section-title mkdf-section-title-small\" >\n\tLokacija<\/h1>\n<\/div>[vc_row_inner][vc_column_inner][vc_raw_html]JTNDaWZyYW1lJTIwc3JjJTNEJTIyaHR0cHMlM0ElMkYlMkZ3d3cuZ29vZ2xlLmNvbSUyRm1hcHMlMkZlbWJlZCUzRnBiJTNEJTIxMW0xNCUyMTFtOCUyMTFtMyUyMTFkMTEyNzguOTMxMDY3MDkzNjQ3JTIxMmQxNC41NzI0Nzc5NDMzMTEzODIlMjEzZDQ1LjAzMDM1MDA0NjY2MzcwNiUyMTNtMiUyMTFpMTAyNCUyMTJpNzY4JTIxNGYxMy4xJTIxM20zJTIxMW0yJTIxMXMweDAlMjUzQTB4NDE5NjVjMTc3NjUwYjY5NSUyMTJzS0FSVElORyUyQktMVUIlMkJLUkslMjE1ZTAlMjEzbTIlMjExc2VuJTIxMnNociUyMTR2MTU1NjY0Nzk0MzQzMSUyMTVtMiUyMTFzZW4lMjEyc2hyJTIyJTIwd2lkdGglM0QlMjI5MDAlMjIlMjBoZWlnaHQlM0QlMjIzMDAlMjIlMjBmcmFtZWJvcmRlciUzRCUyMjAlMjIlMjBzdHlsZSUzRCUyMmJvcmRlciUzQTAlMjIlMjBhbGxvd2Z1bGxzY3JlZW4lM0UlM0MlMkZpZnJhbWUlM0U=[\/vc_raw_html][\/vc_column_inner][\/vc_row_inner][\/vc_column][\/vc_row]<\/p>\n","protected":false},"excerpt":{"rendered":"<p>[vc_row][vc_column][vc_column_text]Karting klub Krk smje\u0161ten je na ulazu u grad Krk, samo 2 km od centra grada. Karting arena ve\u0107inu vremena je otvorena, zatvara se samo u slu\u010daju lo\u0161eg vremena.[\/vc_column_text][vc_empty_space][vc_column_text][\/vc_column_text][\/vc_column][\/vc_row][vc_row][vc_column][vc_row_inner][vc_column_inner width=&#8221;1\/2&#8243;][vc_single_image image=&#8221;4708&#8243; img_size=&#8221;full&#8221;][\/vc_column_inner][vc_column_inner width=&#8221;1\/2&#8243;][vc_column_text]Vi\u0161e informacija o radnom vremenu potra\u017eite na slu\u017ebenom Facebook profilu\u2013 Karting klub Krk Mob: +385 98 44 97 97 E-mail: zajednicki.obrt.pavlovic@ri.t-com.hr[\/vc_column_text][\/vc_column_inner][\/vc_row_inner][vc_empty_space][vc_row_inner][vc_column_inner][vc_raw_html]JTNDaWZyYW1lJTIwc3JjJTNEJTIyaHR0cHMlM0ElMkYlMkZ3d3cuZ29vZ2xlLmNvbSUyRm1hcHMlMkZlbWJlZCUzRnBiJTNEJTIxMW0xNCUyMTFtOCUyMTFtMyUyMTFkMTEyNzguOTMxMDY3MDkzNjQ3JTIxMmQxNC41NzI0Nzc5NDMzMTEzODIlMjEzZDQ1LjAzMDM1MDA0NjY2MzcwNiUyMTNtMiUyMTFpMTAyNCUyMTJpNzY4JTIxNGYxMy4xJTIxM20zJTIxMW0yJTIxMXMweDAlMjUzQTB4NDE5NjVjMTc3NjUwYjY5NSUyMTJzS0FSVElORyUyQktMVUIlMkJLUkslMjE1ZTAlMjEzbTIlMjExc2VuJTIxMnNociUyMTR2MTU1NjY0Nzk0MzQzMSUyMTVtMiUyMTFzZW4lMjEyc2hyJTIyJTIwd2lkdGglM0QlMjI5MDAlMjIlMjBoZWlnaHQlM0QlMjIzMDAlMjIlMjBmcmFtZWJvcmRlciUzRCUyMjAlMjIlMjBzdHlsZSUzRCUyMmJvcmRlciUzQTAlMjIlMjBhbGxvd2Z1bGxzY3JlZW4lM0UlM0MlMkZpZnJhbWUlM0U=[\/vc_raw_html][\/vc_column_inner][\/vc_row_inner][\/vc_column][\/vc_row]<\/p>\n","protected":false},"author":1,"featured_media":0,"parent":11481,"menu_order":0,"comment_status":"closed","ping_status":"closed","template":"","meta":[],"yoast_head":"<!-- This site is optimized with the Yoast SEO plugin v16.0.1 - https:\/\/yoast.com\/wordpress\/plugins\/seo\/ -->\n<title>Karting Club Krk - Experience Krk<\/title>\n<link rel=\"canonical\" href=\"https:\/\/experiencekrk.com\/hr\/pustolovni-turizam\/karting-club-krk\/\" \/>\n<meta property=\"og:locale\" content=\"hr_HR\" \/>\n<meta property=\"og:type\" content=\"article\" \/>\n<meta property=\"og:title\" content=\"Karting Club Krk - Experience Krk\" \/>\n<meta property=\"og:description\" content=\"[vc_row][vc_column][vc_column_text]Karting klub Krk smje\u0161ten je na ulazu u grad Krk, samo 2 km od centra grada. Karting arena ve\u0107inu vremena je otvorena, zatvara se samo u slu\u010daju lo\u0161eg vremena.[\/vc_column_text][vc_empty_space][vc_column_text][\/vc_column_text][\/vc_column][\/vc_row][vc_row][vc_column][vc_row_inner][vc_column_inner width=&#8221;1\/2&#8243;][vc_single_image image=&#8221;4708&#8243; img_size=&#8221;full&#8221;][\/vc_column_inner][vc_column_inner width=&#8221;1\/2&#8243;][vc_column_text]Vi\u0161e informacija o radnom vremenu potra\u017eite na slu\u017ebenom Facebook profilu\u2013 Karting klub Krk Mob: +385 98 44 97 97 E-mail: zajednicki.obrt.pavlovic@ri.t-com.hr[\/vc_column_text][\/vc_column_inner][\/vc_row_inner][vc_empty_space][vc_row_inner][vc_column_inner][vc_raw_html]JTNDaWZyYW1lJTIwc3JjJTNEJTIyaHR0cHMlM0ElMkYlMkZ3d3cuZ29vZ2xlLmNvbSUyRm1hcHMlMkZlbWJlZCUzRnBiJTNEJTIxMW0xNCUyMTFtOCUyMTFtMyUyMTFkMTEyNzguOTMxMDY3MDkzNjQ3JTIxMmQxNC41NzI0Nzc5NDMzMTEzODIlMjEzZDQ1LjAzMDM1MDA0NjY2MzcwNiUyMTNtMiUyMTFpMTAyNCUyMTJpNzY4JTIxNGYxMy4xJTIxM20zJTIxMW0yJTIxMXMweDAlMjUzQTB4NDE5NjVjMTc3NjUwYjY5NSUyMTJzS0FSVElORyUyQktMVUIlMkJLUkslMjE1ZTAlMjEzbTIlMjExc2VuJTIxMnNociUyMTR2MTU1NjY0Nzk0MzQzMSUyMTVtMiUyMTFzZW4lMjEyc2hyJTIyJTIwd2lkdGglM0QlMjI5MDAlMjIlMjBoZWlnaHQlM0QlMjIzMDAlMjIlMjBmcmFtZWJvcmRlciUzRCUyMjAlMjIlMjBzdHlsZSUzRCUyMmJvcmRlciUzQTAlMjIlMjBhbGxvd2Z1bGxzY3JlZW4lM0UlM0MlMkZpZnJhbWUlM0U=[\/vc_raw_html][\/vc_column_inner][\/vc_row_inner][\/vc_column][\/vc_row]\" \/>\n<meta property=\"og:url\" content=\"https:\/\/experiencekrk.com\/hr\/pustolovni-turizam\/karting-club-krk\/\" \/>\n<meta property=\"og:site_name\" content=\"Experience Krk\" \/>\n<meta property=\"article:modified_time\" content=\"2020-03-30T18:13:30+00:00\" \/>\n<meta name=\"twitter:card\" content=\"summary_large_image\" \/>\n<meta name=\"twitter:label1\" content=\"Procijenjeno vrijeme \u010ditanja\">\n\t<meta name=\"twitter:data1\" content=\"1 minuta\">\n<script type=\"application\/ld+json\" class=\"yoast-schema-graph\">{\"@context\":\"https:\/\/schema.org\",\"@graph\":[{\"@type\":\"WebSite\",\"@id\":\"https:\/\/experiencekrk.com\/#website\",\"url\":\"https:\/\/experiencekrk.com\/\",\"name\":\"Experience Krk\",\"description\":\"Cultural Tours, Food &amp; Wine and more\",\"potentialAction\":[{\"@type\":\"SearchAction\",\"target\":\"https:\/\/experiencekrk.com\/?s={search_term_string}\",\"query-input\":\"required name=search_term_string\"}],\"inLanguage\":\"hr\"},{\"@type\":\"WebPage\",\"@id\":\"https:\/\/experiencekrk.com\/hr\/pustolovni-turizam\/karting-club-krk\/#webpage\",\"url\":\"https:\/\/experiencekrk.com\/hr\/pustolovni-turizam\/karting-club-krk\/\",\"name\":\"Karting Club Krk - Experience Krk\",\"isPartOf\":{\"@id\":\"https:\/\/experiencekrk.com\/#website\"},\"datePublished\":\"2019-04-30T18:00:42+00:00\",\"dateModified\":\"2020-03-30T18:13:30+00:00\",\"breadcrumb\":{\"@id\":\"https:\/\/experiencekrk.com\/hr\/pustolovni-turizam\/karting-club-krk\/#breadcrumb\"},\"inLanguage\":\"hr\",\"potentialAction\":[{\"@type\":\"ReadAction\",\"target\":[\"https:\/\/experiencekrk.com\/hr\/pustolovni-turizam\/karting-club-krk\/\"]}]},{\"@type\":\"BreadcrumbList\",\"@id\":\"https:\/\/experiencekrk.com\/hr\/pustolovni-turizam\/karting-club-krk\/#breadcrumb\",\"itemListElement\":[{\"@type\":\"ListItem\",\"position\":1,\"item\":{\"@type\":\"WebPage\",\"@id\":\"https:\/\/experiencekrk.com\/hr\/\",\"url\":\"https:\/\/experiencekrk.com\/hr\/\",\"name\":\"Home\"}},{\"@type\":\"ListItem\",\"position\":2,\"item\":{\"@type\":\"WebPage\",\"@id\":\"https:\/\/experiencekrk.com\/hr\/pustolovni-turizam\/\",\"url\":\"https:\/\/experiencekrk.com\/hr\/pustolovni-turizam\/\",\"name\":\"Pustolovni turizam\"}},{\"@type\":\"ListItem\",\"position\":3,\"item\":{\"@type\":\"WebPage\",\"@id\":\"https:\/\/experiencekrk.com\/hr\/pustolovni-turizam\/karting-club-krk\/\",\"url\":\"https:\/\/experiencekrk.com\/hr\/pustolovni-turizam\/karting-club-krk\/\",\"name\":\"Karting Club Krk\"}}]}]}<\/script>\n<!-- \/ Yoast SEO plugin. -->","_links":{"self":[{"href":"https:\/\/experiencekrk.com\/hr\/wp-json\/wp\/v2\/pages\/11562"}],"collection":[{"href":"https:\/\/experiencekrk.com\/hr\/wp-json\/wp\/v2\/pages"}],"about":[{"href":"https:\/\/experiencekrk.com\/hr\/wp-json\/wp\/v2\/types\/page"}],"author":[{"embeddable":true,"href":"https:\/\/experiencekrk.com\/hr\/wp-json\/wp\/v2\/users\/1"}],"replies":[{"embeddable":true,"href":"https:\/\/experiencekrk.com\/hr\/wp-json\/wp\/v2\/comments?post=11562"}],"version-history":[{"count":2,"href":"https:\/\/experiencekrk.com\/hr\/wp-json\/wp\/v2\/pages\/11562\/revisions"}],"predecessor-version":[{"id":11568,"href":"https:\/\/experiencekrk.com\/hr\/wp-json\/wp\/v2\/pages\/11562\/revisions\/11568"}],"up":[{"embeddable":true,"href":"https:\/\/experiencekrk.com\/hr\/wp-json\/wp\/v2\/pages\/11481"}],"wp:attachment":[{"href":"https:\/\/experiencekrk.com\/hr\/wp-json\/wp\/v2\/media?parent=11562"}],"curies":[{"name":"wp","href":"https:\/\/api.w.org\/{rel}","templated":true}]}}