{"id":11555,"date":"2019-08-30T08:59:14","date_gmt":"2019-08-30T08:59:14","guid":{"rendered":"https:\/\/experiencekrk.com\/events-festivals\/krk-sails\/"},"modified":"2020-03-30T18:01:34","modified_gmt":"2020-03-30T18:01:34","slug":"krcka-jedra","status":"publish","type":"page","link":"https:\/\/experiencekrk.com\/hr\/dogadanja-festivali\/krcka-jedra\/","title":{"rendered":"Kr\u010dka jedra"},"content":{"rendered":"<p>[vc_row][vc_column]<div class=\"mkdf-section-title-holder\">\n\t<h1 class=\"mkdf-section-title mkdf-section-title-medium\" >\n\tKr\u010dka jedra - tradicionalna regata<\/h1>\n<\/div>[vc_row_inner][vc_column_inner width=&#8221;1\/2&#8243;][vc_column_text css=&#8221;.vc_custom_1585591254645{border-top-width: 0px !important;padding-top: 0px !important;}&#8221;]Od 1998., svake godine 15. kolovoza, u gradu Krku odr\u017eava se manifestacija Kr\u010dka jedra &#8211; regata tradicionalnih drvenih jedrilica. Ova jedrili\u010darska regata organizirana je s ciljem o\u010duvanja i predstavljanja bogate pomorske ba\u0161tine otoka Krka. Program tradicionalno zapo\u010dinje u podne, kada brodovi isplovljavaju s kr\u010dkog pristani\u0161ta.<\/p>\n<p>Nakon jedrili\u010darskog dijela regate, slijedi izlo\u017eba starih jedrilica, glazba u\u017eivo i pjesni\u010dki recitali. A kad padne no\u0107, zapo\u010dinje jedinstvena slikovita no\u0107na plovidba lukom.<\/p>\n<p>Da biste iskusili osje\u0107aj ove manifestacije, pogledajte kratki video u nastavku:[\/vc_column_text][\/vc_column_inner][vc_column_inner width=&#8221;1\/2&#8243;]<div class=\"mkdf-image-gallery\">\n\t<div class=\"mkdf-image-gallery-slider \" data-autoplay=\"5\" data-animation=\"slide\" data-navigation=\"yes\" data-pagination=\"yes\">\n\t\t\t\t\t\t\t\t\t<img width=\"600\" height=\"400\" src=\"https:\/\/experiencekrk.com\/wp-content\/uploads\/2019\/08\/TZKrk-Krk-Jedra.jpg\" class=\"attachment-full size-full\" alt=\"\" loading=\"lazy\" srcset=\"https:\/\/experiencekrk.com\/wp-content\/uploads\/2019\/08\/TZKrk-Krk-Jedra.jpg 600w, https:\/\/experiencekrk.com\/wp-content\/uploads\/2019\/08\/TZKrk-Krk-Jedra-300x200.jpg 300w\" sizes=\"(max-width: 600px) 100vw, 600px\" \/>\t\t\t\t\t\t\t\t\t\t\t\t\t<img width=\"600\" height=\"400\" src=\"https:\/\/experiencekrk.com\/wp-content\/uploads\/2019\/08\/TZKrk-Krk-Jedra-1.jpg\" class=\"attachment-full size-full\" alt=\"\" loading=\"lazy\" srcset=\"https:\/\/experiencekrk.com\/wp-content\/uploads\/2019\/08\/TZKrk-Krk-Jedra-1.jpg 600w, https:\/\/experiencekrk.com\/wp-content\/uploads\/2019\/08\/TZKrk-Krk-Jedra-1-300x200.jpg 300w\" sizes=\"(max-width: 600px) 100vw, 600px\" \/>\t\t\t\t\t\t\t\t\t\t\t\t\t<img width=\"600\" height=\"400\" src=\"https:\/\/experiencekrk.com\/wp-content\/uploads\/2019\/08\/TZKrk-Krk-Jedra-2.jpg\" class=\"attachment-full size-full\" alt=\"\" loading=\"lazy\" srcset=\"https:\/\/experiencekrk.com\/wp-content\/uploads\/2019\/08\/TZKrk-Krk-Jedra-2.jpg 600w, https:\/\/experiencekrk.com\/wp-content\/uploads\/2019\/08\/TZKrk-Krk-Jedra-2-300x200.jpg 300w\" sizes=\"(max-width: 600px) 100vw, 600px\" \/>\t\t\t\t\t\t\t\t\t\t\t\t\t<img width=\"600\" height=\"400\" src=\"https:\/\/experiencekrk.com\/wp-content\/uploads\/2019\/08\/TZKrk-Krk-Jedra-3.jpg\" class=\"attachment-full size-full\" alt=\"\" loading=\"lazy\" srcset=\"https:\/\/experiencekrk.com\/wp-content\/uploads\/2019\/08\/TZKrk-Krk-Jedra-3.jpg 600w, https:\/\/experiencekrk.com\/wp-content\/uploads\/2019\/08\/TZKrk-Krk-Jedra-3-300x200.jpg 300w\" sizes=\"(max-width: 600px) 100vw, 600px\" \/>\t\t\t\t\t\t\t\t\t\t\t\t\t<img width=\"600\" height=\"400\" src=\"https:\/\/experiencekrk.com\/wp-content\/uploads\/2019\/08\/TZKrk-Krk-Jedra-4.jpg\" class=\"attachment-full size-full\" alt=\"\" loading=\"lazy\" srcset=\"https:\/\/experiencekrk.com\/wp-content\/uploads\/2019\/08\/TZKrk-Krk-Jedra-4.jpg 600w, https:\/\/experiencekrk.com\/wp-content\/uploads\/2019\/08\/TZKrk-Krk-Jedra-4-300x200.jpg 300w\" sizes=\"(max-width: 600px) 100vw, 600px\" \/>\t\t\t\t\t\t\t\t\t\t\t\t\t<img width=\"600\" height=\"400\" src=\"https:\/\/experiencekrk.com\/wp-content\/uploads\/2019\/08\/TZKrk-Krk-Jedra-5.jpg\" class=\"attachment-full size-full\" alt=\"\" loading=\"lazy\" srcset=\"https:\/\/experiencekrk.com\/wp-content\/uploads\/2019\/08\/TZKrk-Krk-Jedra-5.jpg 600w, https:\/\/experiencekrk.com\/wp-content\/uploads\/2019\/08\/TZKrk-Krk-Jedra-5-300x200.jpg 300w\" sizes=\"(max-width: 600px) 100vw, 600px\" \/>\t\t\t\t\t\t\t\t\t\t\t\t\t<img width=\"600\" height=\"400\" src=\"https:\/\/experiencekrk.com\/wp-content\/uploads\/2019\/08\/TZKrk-Krk-Jedra-6.jpg\" class=\"attachment-full size-full\" alt=\"\" loading=\"lazy\" srcset=\"https:\/\/experiencekrk.com\/wp-content\/uploads\/2019\/08\/TZKrk-Krk-Jedra-6.jpg 600w, https:\/\/experiencekrk.com\/wp-content\/uploads\/2019\/08\/TZKrk-Krk-Jedra-6-300x200.jpg 300w\" sizes=\"(max-width: 600px) 100vw, 600px\" \/>\t\t\t\t\t\t\t\t\t\t\t\t\t<img width=\"600\" height=\"400\" src=\"https:\/\/experiencekrk.com\/wp-content\/uploads\/2019\/08\/TZKrk-Krk-Jedra-7.jpg\" class=\"attachment-full size-full\" alt=\"\" loading=\"lazy\" srcset=\"https:\/\/experiencekrk.com\/wp-content\/uploads\/2019\/08\/TZKrk-Krk-Jedra-7.jpg 600w, https:\/\/experiencekrk.com\/wp-content\/uploads\/2019\/08\/TZKrk-Krk-Jedra-7-300x200.jpg 300w\" sizes=\"(max-width: 600px) 100vw, 600px\" \/>\t\t\t\t\t\t\t<\/div>\n<\/div>[\/vc_column_inner][\/vc_row_inner][vc_row_inner][vc_column_inner][vc_video link=&#8221;https:\/\/youtu.be\/1m5aD7BlDIQ&#8221;][\/vc_column_inner][\/vc_row_inner][vc_empty_space][\/vc_column][\/vc_row]<\/p>\n","protected":false},"excerpt":{"rendered":"<p>[vc_row][vc_column][vc_row_inner][vc_column_inner width=&#8221;1\/2&#8243;][vc_column_text css=&#8221;.vc_custom_1585591254645{border-top-width: 0px !important;padding-top: 0px !important;}&#8221;]Od 1998., svake godine 15. kolovoza, u gradu Krku odr\u017eava se manifestacija Kr\u010dka jedra &#8211; regata tradicionalnih drvenih jedrilica. Ova jedrili\u010darska regata organizirana je s ciljem o\u010duvanja i predstavljanja bogate pomorske ba\u0161tine otoka Krka. Program tradicionalno zapo\u010dinje u podne, kada brodovi isplovljavaju s kr\u010dkog pristani\u0161ta. Nakon jedrili\u010darskog dijela regate, slijedi izlo\u017eba starih jedrilica, glazba u\u017eivo i pjesni\u010dki recitali. A kad padne no\u0107, zapo\u010dinje jedinstvena slikovita no\u0107na plovidba lukom. Da biste iskusili osje\u0107aj ove manifestacije, pogledajte kratki video u nastavku:[\/vc_column_text][\/vc_column_inner][vc_column_inner width=&#8221;1\/2&#8243;][\/vc_column_inner][\/vc_row_inner][vc_row_inner][vc_column_inner][vc_video link=&#8221;https:\/\/youtu.be\/1m5aD7BlDIQ&#8221;][\/vc_column_inner][\/vc_row_inner][vc_empty_space][\/vc_column][\/vc_row]<\/p>\n","protected":false},"author":1,"featured_media":0,"parent":10989,"menu_order":0,"comment_status":"closed","ping_status":"closed","template":"","meta":[],"yoast_head":"<!-- This site is optimized with the Yoast SEO plugin v16.0.1 - https:\/\/yoast.com\/wordpress\/plugins\/seo\/ -->\n<title>Kr\u010dka jedra - Experience Krk<\/title>\n<link rel=\"canonical\" href=\"https:\/\/experiencekrk.com\/hr\/dogadanja-festivali\/krcka-jedra\/\" \/>\n<meta property=\"og:locale\" content=\"hr_HR\" \/>\n<meta property=\"og:type\" content=\"article\" \/>\n<meta property=\"og:title\" content=\"Kr\u010dka jedra - Experience Krk\" \/>\n<meta property=\"og:description\" content=\"[vc_row][vc_column][vc_row_inner][vc_column_inner width=&#8221;1\/2&#8243;][vc_column_text css=&#8221;.vc_custom_1585591254645{border-top-width: 0px !important;padding-top: 0px !important;}&#8221;]Od 1998., svake godine 15. kolovoza, u gradu Krku odr\u017eava se manifestacija Kr\u010dka jedra &#8211; regata tradicionalnih drvenih jedrilica. Ova jedrili\u010darska regata organizirana je s ciljem o\u010duvanja i predstavljanja bogate pomorske ba\u0161tine otoka Krka. Program tradicionalno zapo\u010dinje u podne, kada brodovi isplovljavaju s kr\u010dkog pristani\u0161ta. Nakon jedrili\u010darskog dijela regate, slijedi izlo\u017eba starih jedrilica, glazba u\u017eivo i pjesni\u010dki recitali. A kad padne no\u0107, zapo\u010dinje jedinstvena slikovita no\u0107na plovidba lukom. Da biste iskusili osje\u0107aj ove manifestacije, pogledajte kratki video u nastavku:[\/vc_column_text][\/vc_column_inner][vc_column_inner width=&#8221;1\/2&#8243;][\/vc_column_inner][\/vc_row_inner][vc_row_inner][vc_column_inner][vc_video link=&#8221;https:\/\/youtu.be\/1m5aD7BlDIQ&#8221;][\/vc_column_inner][\/vc_row_inner][vc_empty_space][\/vc_column][\/vc_row]\" \/>\n<meta property=\"og:url\" content=\"https:\/\/experiencekrk.com\/hr\/dogadanja-festivali\/krcka-jedra\/\" \/>\n<meta property=\"og:site_name\" content=\"Experience Krk\" \/>\n<meta property=\"article:modified_time\" content=\"2020-03-30T18:01:34+00:00\" \/>\n<meta name=\"twitter:card\" content=\"summary_large_image\" \/>\n<meta name=\"twitter:label1\" content=\"Procijenjeno vrijeme \u010ditanja\">\n\t<meta name=\"twitter:data1\" content=\"1 minuta\">\n<script type=\"application\/ld+json\" class=\"yoast-schema-graph\">{\"@context\":\"https:\/\/schema.org\",\"@graph\":[{\"@type\":\"WebSite\",\"@id\":\"https:\/\/experiencekrk.com\/#website\",\"url\":\"https:\/\/experiencekrk.com\/\",\"name\":\"Experience Krk\",\"description\":\"Cultural Tours, Food &amp; Wine and more\",\"potentialAction\":[{\"@type\":\"SearchAction\",\"target\":\"https:\/\/experiencekrk.com\/?s={search_term_string}\",\"query-input\":\"required name=search_term_string\"}],\"inLanguage\":\"hr\"},{\"@type\":\"WebPage\",\"@id\":\"https:\/\/experiencekrk.com\/hr\/dogadanja-festivali\/krcka-jedra\/#webpage\",\"url\":\"https:\/\/experiencekrk.com\/hr\/dogadanja-festivali\/krcka-jedra\/\",\"name\":\"Kr\\u010dka jedra - Experience Krk\",\"isPartOf\":{\"@id\":\"https:\/\/experiencekrk.com\/#website\"},\"datePublished\":\"2019-08-30T08:59:14+00:00\",\"dateModified\":\"2020-03-30T18:01:34+00:00\",\"breadcrumb\":{\"@id\":\"https:\/\/experiencekrk.com\/hr\/dogadanja-festivali\/krcka-jedra\/#breadcrumb\"},\"inLanguage\":\"hr\",\"potentialAction\":[{\"@type\":\"ReadAction\",\"target\":[\"https:\/\/experiencekrk.com\/hr\/dogadanja-festivali\/krcka-jedra\/\"]}]},{\"@type\":\"BreadcrumbList\",\"@id\":\"https:\/\/experiencekrk.com\/hr\/dogadanja-festivali\/krcka-jedra\/#breadcrumb\",\"itemListElement\":[{\"@type\":\"ListItem\",\"position\":1,\"item\":{\"@type\":\"WebPage\",\"@id\":\"https:\/\/experiencekrk.com\/hr\/\",\"url\":\"https:\/\/experiencekrk.com\/hr\/\",\"name\":\"Home\"}},{\"@type\":\"ListItem\",\"position\":2,\"item\":{\"@type\":\"WebPage\",\"@id\":\"https:\/\/experiencekrk.com\/hr\/dogadanja-festivali\/\",\"url\":\"https:\/\/experiencekrk.com\/hr\/dogadanja-festivali\/\",\"name\":\"Doga\\u0111anja i festivali\"}},{\"@type\":\"ListItem\",\"position\":3,\"item\":{\"@type\":\"WebPage\",\"@id\":\"https:\/\/experiencekrk.com\/hr\/dogadanja-festivali\/krcka-jedra\/\",\"url\":\"https:\/\/experiencekrk.com\/hr\/dogadanja-festivali\/krcka-jedra\/\",\"name\":\"Kr\\u010dka jedra\"}}]}]}<\/script>\n<!-- \/ Yoast SEO plugin. -->","_links":{"self":[{"href":"https:\/\/experiencekrk.com\/hr\/wp-json\/wp\/v2\/pages\/11555"}],"collection":[{"href":"https:\/\/experiencekrk.com\/hr\/wp-json\/wp\/v2\/pages"}],"about":[{"href":"https:\/\/experiencekrk.com\/hr\/wp-json\/wp\/v2\/types\/page"}],"author":[{"embeddable":true,"href":"https:\/\/experiencekrk.com\/hr\/wp-json\/wp\/v2\/users\/1"}],"replies":[{"embeddable":true,"href":"https:\/\/experiencekrk.com\/hr\/wp-json\/wp\/v2\/comments?post=11555"}],"version-history":[{"count":2,"href":"https:\/\/experiencekrk.com\/hr\/wp-json\/wp\/v2\/pages\/11555\/revisions"}],"predecessor-version":[{"id":11558,"href":"https:\/\/experiencekrk.com\/hr\/wp-json\/wp\/v2\/pages\/11555\/revisions\/11558"}],"up":[{"embeddable":true,"href":"https:\/\/experiencekrk.com\/hr\/wp-json\/wp\/v2\/pages\/10989"}],"wp:attachment":[{"href":"https:\/\/experiencekrk.com\/hr\/wp-json\/wp\/v2\/media?parent=11555"}],"curies":[{"name":"wp","href":"https:\/\/api.w.org\/{rel}","templated":true}]}}