{"id":11554,"date":"2019-08-30T08:59:25","date_gmt":"2019-08-30T08:59:25","guid":{"rendered":"https:\/\/experiencekrk.com\/events-festivals\/krk-music-fest\/"},"modified":"2020-04-01T11:44:27","modified_gmt":"2020-04-01T11:44:27","slug":"krk-music-fest-hr","status":"publish","type":"page","link":"https:\/\/experiencekrk.com\/hr\/dogadanja-festivali\/krk-music-fest-hr\/","title":{"rendered":"Krk Music Fest"},"content":{"rendered":"<p>[vc_row][vc_column]<div class=\"mkdf-section-title-holder\">\n\t<h1 class=\"mkdf-section-title mkdf-section-title-medium\" >\n\tKrk Music Fest<\/h1>\n<\/div>[\/vc_column][\/vc_row][vc_row][vc_column width=&#8221;1\/2&#8243; css=&#8221;.vc_custom_1559125178706{padding-top: 0px !important;}&#8221;][vc_column_text css=&#8221;.vc_custom_1585591233834{border-top-width: 0px !important;padding-top: 0px !important;}&#8221;]Krk Music Fest, koji se odr\u017eava u lipnju, pretvara grad Krk u sredi\u0161te dobre glazbe, zabave i jedinstvene gastronomije. Festival slavi Svjetski dan glazbe, koji se \u0161irom svijeta obilje\u017eava 21. lipnja, ali isto tako obilje\u017eava i po\u010detak ljeta.<\/p>\n<p>U tri dana festivala gosti mogu u\u017eivati u specijalitetima uli\u010dne hrane iz raznih dijelova svijeta i u \u010ditavom nizu glazbenih i plesnih doga\u0111anja na nekoliko gradskih lokacija.<\/p>\n<p>Vrhunci festivala su glazbeni nastupi poznatih umjetnika. Prethodnih godina festivalska postava je uklju\u010divala poznatog splitskog glazbenika Gibonnija, svjetski poznatog gitaristi\u010dkog virtuoza Damira Halili\u0107a Hala, Matiju Dedi\u0107a, Leu Deklevu, Tedi Spalata &#8230;[\/vc_column_text][\/vc_column][vc_column width=&#8221;1\/2&#8243; css=&#8221;.vc_custom_1559125192021{border-top-width: 0px !important;padding-top: 10px !important;}&#8221;]<div class=\"mkdf-image-gallery\">\n\t<div class=\"mkdf-image-gallery-slider \" data-autoplay=\"5\" data-animation=\"slide\" data-navigation=\"yes\" data-pagination=\"yes\">\n\t\t\t\t\t\t\t\t\t<img width=\"1920\" height=\"1280\" src=\"https:\/\/experiencekrk.com\/wp-content\/uploads\/2019\/08\/20180624-001309-julienduval_Envy_1920x1280.jpg\" class=\"attachment-full size-full\" alt=\"\" loading=\"lazy\" srcset=\"https:\/\/experiencekrk.com\/wp-content\/uploads\/2019\/08\/20180624-001309-julienduval_Envy_1920x1280.jpg 1920w, https:\/\/experiencekrk.com\/wp-content\/uploads\/2019\/08\/20180624-001309-julienduval_Envy_1920x1280-300x200.jpg 300w, https:\/\/experiencekrk.com\/wp-content\/uploads\/2019\/08\/20180624-001309-julienduval_Envy_1920x1280-768x512.jpg 768w, https:\/\/experiencekrk.com\/wp-content\/uploads\/2019\/08\/20180624-001309-julienduval_Envy_1920x1280-1024x683.jpg 1024w\" sizes=\"(max-width: 1920px) 100vw, 1920px\" \/>\t\t\t\t\t\t\t\t\t\t\t\t\t<img width=\"1920\" height=\"1280\" src=\"https:\/\/experiencekrk.com\/wp-content\/uploads\/2019\/08\/20180624-004513-julienduval_Envy-2_1920x1280.jpg\" class=\"attachment-full size-full\" alt=\"\" loading=\"lazy\" srcset=\"https:\/\/experiencekrk.com\/wp-content\/uploads\/2019\/08\/20180624-004513-julienduval_Envy-2_1920x1280.jpg 1920w, https:\/\/experiencekrk.com\/wp-content\/uploads\/2019\/08\/20180624-004513-julienduval_Envy-2_1920x1280-300x200.jpg 300w, https:\/\/experiencekrk.com\/wp-content\/uploads\/2019\/08\/20180624-004513-julienduval_Envy-2_1920x1280-768x512.jpg 768w, https:\/\/experiencekrk.com\/wp-content\/uploads\/2019\/08\/20180624-004513-julienduval_Envy-2_1920x1280-1024x683.jpg 1024w\" sizes=\"(max-width: 1920px) 100vw, 1920px\" \/>\t\t\t\t\t\t\t\t\t\t\t\t\t<img width=\"1920\" height=\"1280\" src=\"https:\/\/experiencekrk.com\/wp-content\/uploads\/2019\/08\/20180622-201154-julienduval_Envy_1920x1280.jpg\" class=\"attachment-full size-full\" alt=\"\" loading=\"lazy\" srcset=\"https:\/\/experiencekrk.com\/wp-content\/uploads\/2019\/08\/20180622-201154-julienduval_Envy_1920x1280.jpg 1920w, https:\/\/experiencekrk.com\/wp-content\/uploads\/2019\/08\/20180622-201154-julienduval_Envy_1920x1280-300x200.jpg 300w, https:\/\/experiencekrk.com\/wp-content\/uploads\/2019\/08\/20180622-201154-julienduval_Envy_1920x1280-768x512.jpg 768w, https:\/\/experiencekrk.com\/wp-content\/uploads\/2019\/08\/20180622-201154-julienduval_Envy_1920x1280-1024x683.jpg 1024w\" sizes=\"(max-width: 1920px) 100vw, 1920px\" \/>\t\t\t\t\t\t\t\t\t\t\t\t\t<img width=\"1920\" height=\"1280\" src=\"https:\/\/experiencekrk.com\/wp-content\/uploads\/2019\/08\/20180622-215140-julienduval_Envy_1920x1280.jpg\" class=\"attachment-full size-full\" alt=\"\" loading=\"lazy\" srcset=\"https:\/\/experiencekrk.com\/wp-content\/uploads\/2019\/08\/20180622-215140-julienduval_Envy_1920x1280.jpg 1920w, https:\/\/experiencekrk.com\/wp-content\/uploads\/2019\/08\/20180622-215140-julienduval_Envy_1920x1280-300x200.jpg 300w, https:\/\/experiencekrk.com\/wp-content\/uploads\/2019\/08\/20180622-215140-julienduval_Envy_1920x1280-768x512.jpg 768w, https:\/\/experiencekrk.com\/wp-content\/uploads\/2019\/08\/20180622-215140-julienduval_Envy_1920x1280-1024x683.jpg 1024w\" sizes=\"(max-width: 1920px) 100vw, 1920px\" \/>\t\t\t\t\t\t\t\t\t\t\t\t\t<img width=\"1920\" height=\"1280\" src=\"https:\/\/experiencekrk.com\/wp-content\/uploads\/2019\/08\/20180622-225145-julienduval_Envy_1920x1280.jpg\" class=\"attachment-full size-full\" alt=\"\" loading=\"lazy\" srcset=\"https:\/\/experiencekrk.com\/wp-content\/uploads\/2019\/08\/20180622-225145-julienduval_Envy_1920x1280.jpg 1920w, https:\/\/experiencekrk.com\/wp-content\/uploads\/2019\/08\/20180622-225145-julienduval_Envy_1920x1280-300x200.jpg 300w, https:\/\/experiencekrk.com\/wp-content\/uploads\/2019\/08\/20180622-225145-julienduval_Envy_1920x1280-768x512.jpg 768w, https:\/\/experiencekrk.com\/wp-content\/uploads\/2019\/08\/20180622-225145-julienduval_Envy_1920x1280-1024x683.jpg 1024w\" sizes=\"(max-width: 1920px) 100vw, 1920px\" \/>\t\t\t\t\t\t\t\t\t\t\t\t\t<img width=\"1920\" height=\"1280\" src=\"https:\/\/experiencekrk.com\/wp-content\/uploads\/2019\/08\/20180622-230800-julienduval_Envy_1920x1280.jpg\" class=\"attachment-full size-full\" alt=\"\" loading=\"lazy\" srcset=\"https:\/\/experiencekrk.com\/wp-content\/uploads\/2019\/08\/20180622-230800-julienduval_Envy_1920x1280.jpg 1920w, https:\/\/experiencekrk.com\/wp-content\/uploads\/2019\/08\/20180622-230800-julienduval_Envy_1920x1280-300x200.jpg 300w, https:\/\/experiencekrk.com\/wp-content\/uploads\/2019\/08\/20180622-230800-julienduval_Envy_1920x1280-768x512.jpg 768w, https:\/\/experiencekrk.com\/wp-content\/uploads\/2019\/08\/20180622-230800-julienduval_Envy_1920x1280-1024x683.jpg 1024w\" sizes=\"(max-width: 1920px) 100vw, 1920px\" \/>\t\t\t\t\t\t\t\t\t\t\t\t\t<img width=\"1920\" height=\"1280\" src=\"https:\/\/experiencekrk.com\/wp-content\/uploads\/2019\/08\/20180621-143554-julienduval_Envy_1920x1280.jpg\" class=\"attachment-full size-full\" alt=\"\" loading=\"lazy\" srcset=\"https:\/\/experiencekrk.com\/wp-content\/uploads\/2019\/08\/20180621-143554-julienduval_Envy_1920x1280.jpg 1920w, https:\/\/experiencekrk.com\/wp-content\/uploads\/2019\/08\/20180621-143554-julienduval_Envy_1920x1280-300x200.jpg 300w, https:\/\/experiencekrk.com\/wp-content\/uploads\/2019\/08\/20180621-143554-julienduval_Envy_1920x1280-768x512.jpg 768w, https:\/\/experiencekrk.com\/wp-content\/uploads\/2019\/08\/20180621-143554-julienduval_Envy_1920x1280-1024x683.jpg 1024w\" sizes=\"(max-width: 1920px) 100vw, 1920px\" \/>\t\t\t\t\t\t\t\t\t\t\t\t\t<img width=\"1920\" height=\"1280\" src=\"https:\/\/experiencekrk.com\/wp-content\/uploads\/2019\/08\/20180621-145443-julienduval_Envy_1920x1280.jpg\" class=\"attachment-full size-full\" alt=\"\" loading=\"lazy\" srcset=\"https:\/\/experiencekrk.com\/wp-content\/uploads\/2019\/08\/20180621-145443-julienduval_Envy_1920x1280.jpg 1920w, https:\/\/experiencekrk.com\/wp-content\/uploads\/2019\/08\/20180621-145443-julienduval_Envy_1920x1280-300x200.jpg 300w, https:\/\/experiencekrk.com\/wp-content\/uploads\/2019\/08\/20180621-145443-julienduval_Envy_1920x1280-768x512.jpg 768w, https:\/\/experiencekrk.com\/wp-content\/uploads\/2019\/08\/20180621-145443-julienduval_Envy_1920x1280-1024x683.jpg 1024w\" sizes=\"(max-width: 1920px) 100vw, 1920px\" \/>\t\t\t\t\t\t\t\t\t\t\t\t\t<img width=\"1920\" height=\"1280\" src=\"https:\/\/experiencekrk.com\/wp-content\/uploads\/2019\/08\/20180621-194529-julienduval_Envy_1920x1280.jpg\" class=\"attachment-full size-full\" alt=\"\" loading=\"lazy\" srcset=\"https:\/\/experiencekrk.com\/wp-content\/uploads\/2019\/08\/20180621-194529-julienduval_Envy_1920x1280.jpg 1920w, https:\/\/experiencekrk.com\/wp-content\/uploads\/2019\/08\/20180621-194529-julienduval_Envy_1920x1280-300x200.jpg 300w, https:\/\/experiencekrk.com\/wp-content\/uploads\/2019\/08\/20180621-194529-julienduval_Envy_1920x1280-768x512.jpg 768w, https:\/\/experiencekrk.com\/wp-content\/uploads\/2019\/08\/20180621-194529-julienduval_Envy_1920x1280-1024x683.jpg 1024w\" sizes=\"(max-width: 1920px) 100vw, 1920px\" \/>\t\t\t\t\t\t\t\t\t\t\t\t\t<img width=\"1920\" height=\"1280\" src=\"https:\/\/experiencekrk.com\/wp-content\/uploads\/2019\/08\/20180623-183223-julienduval_Envy_1920x1280.jpg\" class=\"attachment-full size-full\" alt=\"\" loading=\"lazy\" srcset=\"https:\/\/experiencekrk.com\/wp-content\/uploads\/2019\/08\/20180623-183223-julienduval_Envy_1920x1280.jpg 1920w, https:\/\/experiencekrk.com\/wp-content\/uploads\/2019\/08\/20180623-183223-julienduval_Envy_1920x1280-300x200.jpg 300w, https:\/\/experiencekrk.com\/wp-content\/uploads\/2019\/08\/20180623-183223-julienduval_Envy_1920x1280-768x512.jpg 768w, https:\/\/experiencekrk.com\/wp-content\/uploads\/2019\/08\/20180623-183223-julienduval_Envy_1920x1280-1024x683.jpg 1024w\" sizes=\"(max-width: 1920px) 100vw, 1920px\" \/>\t\t\t\t\t\t\t\t\t\t\t\t\t<img width=\"1920\" height=\"1280\" src=\"https:\/\/experiencekrk.com\/wp-content\/uploads\/2019\/08\/20180621-194707-julienduval_Envy_1920x1280.jpg\" class=\"attachment-full size-full\" alt=\"\" loading=\"lazy\" srcset=\"https:\/\/experiencekrk.com\/wp-content\/uploads\/2019\/08\/20180621-194707-julienduval_Envy_1920x1280.jpg 1920w, https:\/\/experiencekrk.com\/wp-content\/uploads\/2019\/08\/20180621-194707-julienduval_Envy_1920x1280-300x200.jpg 300w, https:\/\/experiencekrk.com\/wp-content\/uploads\/2019\/08\/20180621-194707-julienduval_Envy_1920x1280-768x512.jpg 768w, https:\/\/experiencekrk.com\/wp-content\/uploads\/2019\/08\/20180621-194707-julienduval_Envy_1920x1280-1024x683.jpg 1024w\" sizes=\"(max-width: 1920px) 100vw, 1920px\" \/>\t\t\t\t\t\t\t<\/div>\n<\/div>[\/vc_column][\/vc_row]<\/p>\n","protected":false},"excerpt":{"rendered":"<p>[vc_row][vc_column][\/vc_column][\/vc_row][vc_row][vc_column width=&#8221;1\/2&#8243; css=&#8221;.vc_custom_1559125178706{padding-top: 0px !important;}&#8221;][vc_column_text css=&#8221;.vc_custom_1585591233834{border-top-width: 0px !important;padding-top: 0px !important;}&#8221;]Krk Music Fest, koji se odr\u017eava u lipnju, pretvara grad Krk u sredi\u0161te dobre glazbe, zabave i jedinstvene gastronomije. Festival slavi Svjetski dan glazbe, koji se \u0161irom svijeta obilje\u017eava 21. lipnja, ali isto tako obilje\u017eava i po\u010detak ljeta. U tri dana festivala gosti mogu u\u017eivati u specijalitetima uli\u010dne hrane iz raznih dijelova svijeta i u \u010ditavom nizu glazbenih i plesnih doga\u0111anja na nekoliko gradskih lokacija. Vrhunci festivala su glazbeni nastupi poznatih umjetnika. Prethodnih godina festivalska postava je uklju\u010divala poznatog splitskog glazbenika&#8230;<\/p>\n","protected":false},"author":1,"featured_media":0,"parent":10989,"menu_order":0,"comment_status":"closed","ping_status":"closed","template":"","meta":[],"yoast_head":"<!-- This site is optimized with the Yoast SEO plugin v16.0.1 - https:\/\/yoast.com\/wordpress\/plugins\/seo\/ -->\n<title>Krk Music Fest - Experience Krk<\/title>\n<link rel=\"canonical\" href=\"https:\/\/experiencekrk.com\/hr\/dogadanja-festivali\/krk-music-fest-hr\/\" \/>\n<meta property=\"og:locale\" content=\"hr_HR\" \/>\n<meta property=\"og:type\" content=\"article\" \/>\n<meta property=\"og:title\" content=\"Krk Music Fest - Experience Krk\" \/>\n<meta property=\"og:description\" content=\"[vc_row][vc_column][\/vc_column][\/vc_row][vc_row][vc_column width=&#8221;1\/2&#8243; css=&#8221;.vc_custom_1559125178706{padding-top: 0px !important;}&#8221;][vc_column_text css=&#8221;.vc_custom_1585591233834{border-top-width: 0px !important;padding-top: 0px !important;}&#8221;]Krk Music Fest, koji se odr\u017eava u lipnju, pretvara grad Krk u sredi\u0161te dobre glazbe, zabave i jedinstvene gastronomije. Festival slavi Svjetski dan glazbe, koji se \u0161irom svijeta obilje\u017eava 21. lipnja, ali isto tako obilje\u017eava i po\u010detak ljeta. U tri dana festivala gosti mogu u\u017eivati u specijalitetima uli\u010dne hrane iz raznih dijelova svijeta i u \u010ditavom nizu glazbenih i plesnih doga\u0111anja na nekoliko gradskih lokacija. Vrhunci festivala su glazbeni nastupi poznatih umjetnika. Prethodnih godina festivalska postava je uklju\u010divala poznatog splitskog glazbenika...\" \/>\n<meta property=\"og:url\" content=\"https:\/\/experiencekrk.com\/hr\/dogadanja-festivali\/krk-music-fest-hr\/\" \/>\n<meta property=\"og:site_name\" content=\"Experience Krk\" \/>\n<meta property=\"article:modified_time\" content=\"2020-04-01T11:44:27+00:00\" \/>\n<meta name=\"twitter:card\" content=\"summary_large_image\" \/>\n<meta name=\"twitter:label1\" content=\"Procijenjeno vrijeme \u010ditanja\">\n\t<meta name=\"twitter:data1\" content=\"1 minuta\">\n<script type=\"application\/ld+json\" class=\"yoast-schema-graph\">{\"@context\":\"https:\/\/schema.org\",\"@graph\":[{\"@type\":\"WebSite\",\"@id\":\"https:\/\/experiencekrk.com\/#website\",\"url\":\"https:\/\/experiencekrk.com\/\",\"name\":\"Experience Krk\",\"description\":\"Cultural Tours, Food &amp; Wine and more\",\"potentialAction\":[{\"@type\":\"SearchAction\",\"target\":\"https:\/\/experiencekrk.com\/?s={search_term_string}\",\"query-input\":\"required name=search_term_string\"}],\"inLanguage\":\"hr\"},{\"@type\":\"WebPage\",\"@id\":\"https:\/\/experiencekrk.com\/hr\/dogadanja-festivali\/krk-music-fest-hr\/#webpage\",\"url\":\"https:\/\/experiencekrk.com\/hr\/dogadanja-festivali\/krk-music-fest-hr\/\",\"name\":\"Krk Music Fest - Experience Krk\",\"isPartOf\":{\"@id\":\"https:\/\/experiencekrk.com\/#website\"},\"datePublished\":\"2019-08-30T08:59:25+00:00\",\"dateModified\":\"2020-04-01T11:44:27+00:00\",\"breadcrumb\":{\"@id\":\"https:\/\/experiencekrk.com\/hr\/dogadanja-festivali\/krk-music-fest-hr\/#breadcrumb\"},\"inLanguage\":\"hr\",\"potentialAction\":[{\"@type\":\"ReadAction\",\"target\":[\"https:\/\/experiencekrk.com\/hr\/dogadanja-festivali\/krk-music-fest-hr\/\"]}]},{\"@type\":\"BreadcrumbList\",\"@id\":\"https:\/\/experiencekrk.com\/hr\/dogadanja-festivali\/krk-music-fest-hr\/#breadcrumb\",\"itemListElement\":[{\"@type\":\"ListItem\",\"position\":1,\"item\":{\"@type\":\"WebPage\",\"@id\":\"https:\/\/experiencekrk.com\/hr\/\",\"url\":\"https:\/\/experiencekrk.com\/hr\/\",\"name\":\"Home\"}},{\"@type\":\"ListItem\",\"position\":2,\"item\":{\"@type\":\"WebPage\",\"@id\":\"https:\/\/experiencekrk.com\/hr\/dogadanja-festivali\/\",\"url\":\"https:\/\/experiencekrk.com\/hr\/dogadanja-festivali\/\",\"name\":\"Doga\\u0111anja i festivali\"}},{\"@type\":\"ListItem\",\"position\":3,\"item\":{\"@type\":\"WebPage\",\"@id\":\"https:\/\/experiencekrk.com\/hr\/dogadanja-festivali\/krk-music-fest-hr\/\",\"url\":\"https:\/\/experiencekrk.com\/hr\/dogadanja-festivali\/krk-music-fest-hr\/\",\"name\":\"Krk Music Fest\"}}]}]}<\/script>\n<!-- \/ Yoast SEO plugin. -->","_links":{"self":[{"href":"https:\/\/experiencekrk.com\/hr\/wp-json\/wp\/v2\/pages\/11554"}],"collection":[{"href":"https:\/\/experiencekrk.com\/hr\/wp-json\/wp\/v2\/pages"}],"about":[{"href":"https:\/\/experiencekrk.com\/hr\/wp-json\/wp\/v2\/types\/page"}],"author":[{"embeddable":true,"href":"https:\/\/experiencekrk.com\/hr\/wp-json\/wp\/v2\/users\/1"}],"replies":[{"embeddable":true,"href":"https:\/\/experiencekrk.com\/hr\/wp-json\/wp\/v2\/comments?post=11554"}],"version-history":[{"count":1,"href":"https:\/\/experiencekrk.com\/hr\/wp-json\/wp\/v2\/pages\/11554\/revisions"}],"predecessor-version":[{"id":11556,"href":"https:\/\/experiencekrk.com\/hr\/wp-json\/wp\/v2\/pages\/11554\/revisions\/11556"}],"up":[{"embeddable":true,"href":"https:\/\/experiencekrk.com\/hr\/wp-json\/wp\/v2\/pages\/10989"}],"wp:attachment":[{"href":"https:\/\/experiencekrk.com\/hr\/wp-json\/wp\/v2\/media?parent=11554"}],"curies":[{"name":"wp","href":"https:\/\/api.w.org\/{rel}","templated":true}]}}