{"id":11539,"date":"2019-08-30T08:59:23","date_gmt":"2019-08-30T08:59:23","guid":{"rendered":"https:\/\/experiencekrk.com\/events-festivals\/krk-fair\/"},"modified":"2020-03-30T17:56:18","modified_gmt":"2020-03-30T17:56:18","slug":"krcki-sajam","status":"publish","type":"page","link":"https:\/\/experiencekrk.com\/hr\/dogadanja-festivali\/krcki-sajam\/","title":{"rendered":"Kr\u010dki sajam"},"content":{"rendered":"<p>[vc_row][vc_column]<div class=\"mkdf-section-title-holder\">\n\t<h1 class=\"mkdf-section-title mkdf-section-title-medium\" >\n\tKr\u010dki sajam<\/h1>\n<\/div>[\/vc_column][\/vc_row][vc_row][vc_column width=&#8221;1\/2&#8243; css=&#8221;.vc_custom_1559125178706{padding-top: 0px !important;}&#8221;][vc_column_text css=&#8221;.vc_custom_1585590946009{border-top-width: 0px !important;padding-top: 0px !important;}&#8221;]Ne propustite Kr\u010dki sajam koji se obi\u010dno odr\u017eava u kolovozu.<\/p>\n<p>Do\u017eivjet \u0107ete misti\u010dno putovanje u srednji vijek koji\u00a0 na trgu Kamplin predvode kr\u010dke vojvode &#8211; Frankopani, kr\u010dki vitezovi, strijelci, trgovci, zabavlja\u010di i lakrdija\u0161i. Mo\u017eete i besplatno poha\u0111ati razne radionice.<\/p>\n<p>Na trgu Vela placa mo\u0107i \u0107ete u\u017eivati u nastupima Kr\u010dkog orkestra i folklornih skupina iz Korni\u0107a, Vrha i Poljice.<\/p>\n<p>Brojni izvo\u0111a\u010di pobrinut \u0107e se za dobro raspolo\u017eenje na kr\u010dkoj rivi, dok no\u0107 svetog Lovre sigurno ne\u0107e pro\u0107i bez glazbenog vatrometa u pono\u0107.[\/vc_column_text][\/vc_column][vc_column width=&#8221;1\/2&#8243; css=&#8221;.vc_custom_1559125192021{border-top-width: 0px !important;padding-top: 10px !important;}&#8221;]<div class=\"mkdf-image-gallery\">\n\t<div class=\"mkdf-image-gallery-slider \" data-autoplay=\"5\" data-animation=\"slide\" data-navigation=\"yes\" data-pagination=\"yes\">\n\t\t\t\t\t\t\t\t\t<img width=\"1920\" height=\"1280\" src=\"https:\/\/experiencekrk.com\/wp-content\/uploads\/2019\/08\/FK3A9879_1920x1280.jpg\" class=\"attachment-full size-full\" alt=\"\" loading=\"lazy\" srcset=\"https:\/\/experiencekrk.com\/wp-content\/uploads\/2019\/08\/FK3A9879_1920x1280.jpg 1920w, https:\/\/experiencekrk.com\/wp-content\/uploads\/2019\/08\/FK3A9879_1920x1280-300x200.jpg 300w, https:\/\/experiencekrk.com\/wp-content\/uploads\/2019\/08\/FK3A9879_1920x1280-768x512.jpg 768w, https:\/\/experiencekrk.com\/wp-content\/uploads\/2019\/08\/FK3A9879_1920x1280-1024x683.jpg 1024w\" sizes=\"(max-width: 1920px) 100vw, 1920px\" \/>\t\t\t\t\t\t\t\t\t\t\t\t\t<img width=\"1920\" height=\"1288\" src=\"https:\/\/experiencekrk.com\/wp-content\/uploads\/2019\/08\/IMG_4710_1920x1288.jpg\" class=\"attachment-full size-full\" alt=\"\" loading=\"lazy\" srcset=\"https:\/\/experiencekrk.com\/wp-content\/uploads\/2019\/08\/IMG_4710_1920x1288.jpg 1920w, https:\/\/experiencekrk.com\/wp-content\/uploads\/2019\/08\/IMG_4710_1920x1288-300x201.jpg 300w, https:\/\/experiencekrk.com\/wp-content\/uploads\/2019\/08\/IMG_4710_1920x1288-768x515.jpg 768w, https:\/\/experiencekrk.com\/wp-content\/uploads\/2019\/08\/IMG_4710_1920x1288-1024x687.jpg 1024w\" sizes=\"(max-width: 1920px) 100vw, 1920px\" \/>\t\t\t\t\t\t\t\t\t\t\t\t\t<img width=\"1920\" height=\"1256\" src=\"https:\/\/experiencekrk.com\/wp-content\/uploads\/2019\/08\/IMG_4798_1920x1256.jpg\" class=\"attachment-full size-full\" alt=\"\" loading=\"lazy\" srcset=\"https:\/\/experiencekrk.com\/wp-content\/uploads\/2019\/08\/IMG_4798_1920x1256.jpg 1920w, https:\/\/experiencekrk.com\/wp-content\/uploads\/2019\/08\/IMG_4798_1920x1256-300x196.jpg 300w, https:\/\/experiencekrk.com\/wp-content\/uploads\/2019\/08\/IMG_4798_1920x1256-768x502.jpg 768w, https:\/\/experiencekrk.com\/wp-content\/uploads\/2019\/08\/IMG_4798_1920x1256-1024x670.jpg 1024w\" sizes=\"(max-width: 1920px) 100vw, 1920px\" \/>\t\t\t\t\t\t\t\t\t\t\t\t\t<img width=\"1920\" height=\"1280\" src=\"https:\/\/experiencekrk.com\/wp-content\/uploads\/2019\/08\/IMG_4767_1920x1280.jpg\" class=\"attachment-full size-full\" alt=\"\" loading=\"lazy\" srcset=\"https:\/\/experiencekrk.com\/wp-content\/uploads\/2019\/08\/IMG_4767_1920x1280.jpg 1920w, https:\/\/experiencekrk.com\/wp-content\/uploads\/2019\/08\/IMG_4767_1920x1280-300x200.jpg 300w, https:\/\/experiencekrk.com\/wp-content\/uploads\/2019\/08\/IMG_4767_1920x1280-768x512.jpg 768w, https:\/\/experiencekrk.com\/wp-content\/uploads\/2019\/08\/IMG_4767_1920x1280-1024x683.jpg 1024w\" sizes=\"(max-width: 1920px) 100vw, 1920px\" \/>\t\t\t\t\t\t\t\t\t\t\t\t\t<img width=\"1920\" height=\"1247\" src=\"https:\/\/experiencekrk.com\/wp-content\/uploads\/2019\/08\/IMG_4873_1920x1247.jpg\" class=\"attachment-full size-full\" alt=\"\" loading=\"lazy\" srcset=\"https:\/\/experiencekrk.com\/wp-content\/uploads\/2019\/08\/IMG_4873_1920x1247.jpg 1920w, https:\/\/experiencekrk.com\/wp-content\/uploads\/2019\/08\/IMG_4873_1920x1247-300x195.jpg 300w, https:\/\/experiencekrk.com\/wp-content\/uploads\/2019\/08\/IMG_4873_1920x1247-768x499.jpg 768w, https:\/\/experiencekrk.com\/wp-content\/uploads\/2019\/08\/IMG_4873_1920x1247-1024x665.jpg 1024w\" sizes=\"(max-width: 1920px) 100vw, 1920px\" \/>\t\t\t\t\t\t\t\t\t\t\t\t\t<img width=\"1920\" height=\"1280\" src=\"https:\/\/experiencekrk.com\/wp-content\/uploads\/2019\/08\/IMG_4892_1920x1280.jpg\" class=\"attachment-full size-full\" alt=\"\" loading=\"lazy\" srcset=\"https:\/\/experiencekrk.com\/wp-content\/uploads\/2019\/08\/IMG_4892_1920x1280.jpg 1920w, https:\/\/experiencekrk.com\/wp-content\/uploads\/2019\/08\/IMG_4892_1920x1280-300x200.jpg 300w, https:\/\/experiencekrk.com\/wp-content\/uploads\/2019\/08\/IMG_4892_1920x1280-768x512.jpg 768w, https:\/\/experiencekrk.com\/wp-content\/uploads\/2019\/08\/IMG_4892_1920x1280-1024x683.jpg 1024w\" sizes=\"(max-width: 1920px) 100vw, 1920px\" \/>\t\t\t\t\t\t\t\t\t\t\t\t\t<img width=\"1920\" height=\"1280\" src=\"https:\/\/experiencekrk.com\/wp-content\/uploads\/2019\/08\/FK3A0507_1920x1280.jpg\" class=\"attachment-full size-full\" alt=\"\" loading=\"lazy\" srcset=\"https:\/\/experiencekrk.com\/wp-content\/uploads\/2019\/08\/FK3A0507_1920x1280.jpg 1920w, https:\/\/experiencekrk.com\/wp-content\/uploads\/2019\/08\/FK3A0507_1920x1280-300x200.jpg 300w, https:\/\/experiencekrk.com\/wp-content\/uploads\/2019\/08\/FK3A0507_1920x1280-768x512.jpg 768w, https:\/\/experiencekrk.com\/wp-content\/uploads\/2019\/08\/FK3A0507_1920x1280-1024x683.jpg 1024w\" sizes=\"(max-width: 1920px) 100vw, 1920px\" \/>\t\t\t\t\t\t\t\t\t\t\t\t\t<img width=\"1920\" height=\"1280\" src=\"https:\/\/experiencekrk.com\/wp-content\/uploads\/2019\/08\/IMG_4879_1920x1280.jpg\" class=\"attachment-full size-full\" alt=\"\" loading=\"lazy\" srcset=\"https:\/\/experiencekrk.com\/wp-content\/uploads\/2019\/08\/IMG_4879_1920x1280.jpg 1920w, https:\/\/experiencekrk.com\/wp-content\/uploads\/2019\/08\/IMG_4879_1920x1280-300x200.jpg 300w, https:\/\/experiencekrk.com\/wp-content\/uploads\/2019\/08\/IMG_4879_1920x1280-768x512.jpg 768w, https:\/\/experiencekrk.com\/wp-content\/uploads\/2019\/08\/IMG_4879_1920x1280-1024x683.jpg 1024w\" sizes=\"(max-width: 1920px) 100vw, 1920px\" \/>\t\t\t\t\t\t\t\t\t\t\t\t\t<img width=\"1920\" height=\"1281\" src=\"https:\/\/experiencekrk.com\/wp-content\/uploads\/2019\/08\/IMG_4895_1920x1281.jpg\" class=\"attachment-full size-full\" alt=\"\" loading=\"lazy\" srcset=\"https:\/\/experiencekrk.com\/wp-content\/uploads\/2019\/08\/IMG_4895_1920x1281.jpg 1920w, https:\/\/experiencekrk.com\/wp-content\/uploads\/2019\/08\/IMG_4895_1920x1281-300x200.jpg 300w, https:\/\/experiencekrk.com\/wp-content\/uploads\/2019\/08\/IMG_4895_1920x1281-768x512.jpg 768w, https:\/\/experiencekrk.com\/wp-content\/uploads\/2019\/08\/IMG_4895_1920x1281-1024x683.jpg 1024w\" sizes=\"(max-width: 1920px) 100vw, 1920px\" \/>\t\t\t\t\t\t\t<\/div>\n<\/div>[\/vc_column][\/vc_row][vc_row][vc_column][vc_empty_space height=&#8221;10px&#8221;][\/vc_column][\/vc_row]<\/p>\n","protected":false},"excerpt":{"rendered":"<p>[vc_row][vc_column][\/vc_column][\/vc_row][vc_row][vc_column width=&#8221;1\/2&#8243; css=&#8221;.vc_custom_1559125178706{padding-top: 0px !important;}&#8221;][vc_column_text css=&#8221;.vc_custom_1585590946009{border-top-width: 0px !important;padding-top: 0px !important;}&#8221;]Ne propustite Kr\u010dki sajam koji se obi\u010dno odr\u017eava u kolovozu. Do\u017eivjet \u0107ete misti\u010dno putovanje u srednji vijek koji\u00a0 na trgu Kamplin predvode kr\u010dke vojvode &#8211; Frankopani, kr\u010dki vitezovi, strijelci, trgovci, zabavlja\u010di i lakrdija\u0161i. Mo\u017eete i besplatno poha\u0111ati razne radionice. Na trgu Vela placa mo\u0107i \u0107ete u\u017eivati u nastupima Kr\u010dkog orkestra i folklornih skupina iz Korni\u0107a, Vrha i Poljice. Brojni izvo\u0111a\u010di pobrinut \u0107e se za dobro raspolo\u017eenje na kr\u010dkoj rivi, dok no\u0107 svetog Lovre sigurno ne\u0107e pro\u0107i bez glazbenog vatrometa u pono\u0107.[\/vc_column_text][\/vc_column][vc_column&#8230;<\/p>\n","protected":false},"author":1,"featured_media":0,"parent":10989,"menu_order":0,"comment_status":"closed","ping_status":"closed","template":"","meta":[],"yoast_head":"<!-- This site is optimized with the Yoast SEO plugin v16.0.1 - https:\/\/yoast.com\/wordpress\/plugins\/seo\/ -->\n<title>Kr\u010dki sajam - Experience Krk<\/title>\n<link rel=\"canonical\" href=\"https:\/\/experiencekrk.com\/hr\/dogadanja-festivali\/krcki-sajam\/\" \/>\n<meta property=\"og:locale\" content=\"hr_HR\" \/>\n<meta property=\"og:type\" content=\"article\" \/>\n<meta property=\"og:title\" content=\"Kr\u010dki sajam - Experience Krk\" \/>\n<meta property=\"og:description\" content=\"[vc_row][vc_column][\/vc_column][\/vc_row][vc_row][vc_column width=&#8221;1\/2&#8243; css=&#8221;.vc_custom_1559125178706{padding-top: 0px !important;}&#8221;][vc_column_text css=&#8221;.vc_custom_1585590946009{border-top-width: 0px !important;padding-top: 0px !important;}&#8221;]Ne propustite Kr\u010dki sajam koji se obi\u010dno odr\u017eava u kolovozu. Do\u017eivjet \u0107ete misti\u010dno putovanje u srednji vijek koji\u00a0 na trgu Kamplin predvode kr\u010dke vojvode &#8211; Frankopani, kr\u010dki vitezovi, strijelci, trgovci, zabavlja\u010di i lakrdija\u0161i. Mo\u017eete i besplatno poha\u0111ati razne radionice. Na trgu Vela placa mo\u0107i \u0107ete u\u017eivati u nastupima Kr\u010dkog orkestra i folklornih skupina iz Korni\u0107a, Vrha i Poljice. Brojni izvo\u0111a\u010di pobrinut \u0107e se za dobro raspolo\u017eenje na kr\u010dkoj rivi, dok no\u0107 svetog Lovre sigurno ne\u0107e pro\u0107i bez glazbenog vatrometa u pono\u0107.[\/vc_column_text][\/vc_column][vc_column...\" \/>\n<meta property=\"og:url\" content=\"https:\/\/experiencekrk.com\/hr\/dogadanja-festivali\/krcki-sajam\/\" \/>\n<meta property=\"og:site_name\" content=\"Experience Krk\" \/>\n<meta property=\"article:modified_time\" content=\"2020-03-30T17:56:18+00:00\" \/>\n<meta name=\"twitter:card\" content=\"summary_large_image\" \/>\n<meta name=\"twitter:label1\" content=\"Procijenjeno vrijeme \u010ditanja\">\n\t<meta name=\"twitter:data1\" content=\"1 minuta\">\n<script type=\"application\/ld+json\" class=\"yoast-schema-graph\">{\"@context\":\"https:\/\/schema.org\",\"@graph\":[{\"@type\":\"WebSite\",\"@id\":\"https:\/\/experiencekrk.com\/#website\",\"url\":\"https:\/\/experiencekrk.com\/\",\"name\":\"Experience Krk\",\"description\":\"Cultural Tours, Food &amp; Wine and more\",\"potentialAction\":[{\"@type\":\"SearchAction\",\"target\":\"https:\/\/experiencekrk.com\/?s={search_term_string}\",\"query-input\":\"required name=search_term_string\"}],\"inLanguage\":\"hr\"},{\"@type\":\"WebPage\",\"@id\":\"https:\/\/experiencekrk.com\/hr\/dogadanja-festivali\/krcki-sajam\/#webpage\",\"url\":\"https:\/\/experiencekrk.com\/hr\/dogadanja-festivali\/krcki-sajam\/\",\"name\":\"Kr\\u010dki sajam - Experience Krk\",\"isPartOf\":{\"@id\":\"https:\/\/experiencekrk.com\/#website\"},\"datePublished\":\"2019-08-30T08:59:23+00:00\",\"dateModified\":\"2020-03-30T17:56:18+00:00\",\"breadcrumb\":{\"@id\":\"https:\/\/experiencekrk.com\/hr\/dogadanja-festivali\/krcki-sajam\/#breadcrumb\"},\"inLanguage\":\"hr\",\"potentialAction\":[{\"@type\":\"ReadAction\",\"target\":[\"https:\/\/experiencekrk.com\/hr\/dogadanja-festivali\/krcki-sajam\/\"]}]},{\"@type\":\"BreadcrumbList\",\"@id\":\"https:\/\/experiencekrk.com\/hr\/dogadanja-festivali\/krcki-sajam\/#breadcrumb\",\"itemListElement\":[{\"@type\":\"ListItem\",\"position\":1,\"item\":{\"@type\":\"WebPage\",\"@id\":\"https:\/\/experiencekrk.com\/hr\/\",\"url\":\"https:\/\/experiencekrk.com\/hr\/\",\"name\":\"Home\"}},{\"@type\":\"ListItem\",\"position\":2,\"item\":{\"@type\":\"WebPage\",\"@id\":\"https:\/\/experiencekrk.com\/hr\/dogadanja-festivali\/\",\"url\":\"https:\/\/experiencekrk.com\/hr\/dogadanja-festivali\/\",\"name\":\"Doga\\u0111anja i festivali\"}},{\"@type\":\"ListItem\",\"position\":3,\"item\":{\"@type\":\"WebPage\",\"@id\":\"https:\/\/experiencekrk.com\/hr\/dogadanja-festivali\/krcki-sajam\/\",\"url\":\"https:\/\/experiencekrk.com\/hr\/dogadanja-festivali\/krcki-sajam\/\",\"name\":\"Kr\\u010dki sajam\"}}]}]}<\/script>\n<!-- \/ Yoast SEO plugin. -->","_links":{"self":[{"href":"https:\/\/experiencekrk.com\/hr\/wp-json\/wp\/v2\/pages\/11539"}],"collection":[{"href":"https:\/\/experiencekrk.com\/hr\/wp-json\/wp\/v2\/pages"}],"about":[{"href":"https:\/\/experiencekrk.com\/hr\/wp-json\/wp\/v2\/types\/page"}],"author":[{"embeddable":true,"href":"https:\/\/experiencekrk.com\/hr\/wp-json\/wp\/v2\/users\/1"}],"replies":[{"embeddable":true,"href":"https:\/\/experiencekrk.com\/hr\/wp-json\/wp\/v2\/comments?post=11539"}],"version-history":[{"count":2,"href":"https:\/\/experiencekrk.com\/hr\/wp-json\/wp\/v2\/pages\/11539\/revisions"}],"predecessor-version":[{"id":11546,"href":"https:\/\/experiencekrk.com\/hr\/wp-json\/wp\/v2\/pages\/11539\/revisions\/11546"}],"up":[{"embeddable":true,"href":"https:\/\/experiencekrk.com\/hr\/wp-json\/wp\/v2\/pages\/10989"}],"wp:attachment":[{"href":"https:\/\/experiencekrk.com\/hr\/wp-json\/wp\/v2\/media?parent=11539"}],"curies":[{"name":"wp","href":"https:\/\/api.w.org\/{rel}","templated":true}]}}