{"id":11520,"date":"2019-04-15T06:22:35","date_gmt":"2019-04-15T06:22:35","guid":{"rendered":"https:\/\/experiencekrk.com\/povijest-i-kultura\/roman-mosaic-showing-mythological-being-triton\/"},"modified":"2020-03-30T17:21:08","modified_gmt":"2020-03-30T17:21:08","slug":"rimski-mozaik-koji-prikazuju-mitologiju-tritona","status":"publish","type":"page","link":"https:\/\/experiencekrk.com\/hr\/povijest-i-kultura\/rimski-mozaik-koji-prikazuju-mitologiju-tritona\/","title":{"rendered":"Rimski mozaik koji prikazuju mitologiju Tritona"},"content":{"rendered":"<p>[vc_row][vc_column]<div class=\"mkdf-section-title-holder\">\n\t<h1 class=\"mkdf-section-title mkdf-section-title-medium\" >\n\tRimski mozaik koji prikazuju mitologiju Tritona<\/h1>\n<\/div>[vc_column_text]Ostaci rimskog mozaika koji prikazuju mitologiju Tritona mogu se na\u0107i u kafi\u0107u Mate, u neposrednoj blizini Trga Vela Placa. Ovaj podni mozaik prikazuje Tritona okru\u017eenog dupinima, ribama i drugim morskim stvorenjima. Mozaik je dobro o\u010duvan i vjeruje se da pokazuje neku vrstu morske gozbe. Prema drugim arheolo\u0161kim nalazima, lokacija dana\u0161njeg kafi\u0107a Mate nekada je bila dio rasko\u0161ne privatne zgrade.[\/vc_column_text][vc_empty_space height=&#8221;17px&#8221;][vc_row_inner][vc_column_inner width=&#8221;1\/2&#8243;][vc_single_image image=&#8221;3348&#8243; img_size=&#8221;full&#8221;][\/vc_column_inner][vc_column_inner width=&#8221;1\/2&#8243;][vc_column_text]<strong>Caffe bar Mate<br \/>\n<\/strong>(mjesto na kome se mogu vidjeti ostaci podnog mozaika)<\/p>\n<p>Tel: <a href=\"tel:+38551221670\">+385 51 221 670<\/a><br \/>\nAdresa: Ribarska bb, 51500 Krk[\/vc_column_text][\/vc_column_inner][\/vc_row_inner][\/vc_column][\/vc_row][vc_row][vc_column][vc_empty_space height=&#8221;40px&#8221;]<div class=\"mkdf-separator-holder clearfix  mkdf-separator-center mkdf-separator-full-width\">\n\t<div class=\"mkdf-separator\" style=\"border-color: #ebebeb;border-style: solid;border-bottom-width: 1px;margin-top: 20px;margin-bottom: 45px\"><\/div>\n<\/div>\n<div class=\"mkdf-section-title-holder\">\n\t<h1 class=\"mkdf-section-title mkdf-section-title-small\" >\n\tLokacija<\/h1>\n<\/div>[vc_row_inner][vc_column_inner][vc_raw_html]JTNDaWZyYW1lJTIwc3JjJTNEJTIyaHR0cHMlM0ElMkYlMkZ3d3cuZ29vZ2xlLmNvbSUyRm1hcHMlMkZlbWJlZCUzRnBiJTNEJTIxMW0xOCUyMTFtMTIlMjExbTMlMjExZDEwNTcwLjE5MzgwOTE4NjY3MiUyMTJkMTQuNTcxMDM3MjU4MDg5NDkzJTIxM2Q0NS4wMjU1MjQyMDg5OTQ1OSUyMTJtMyUyMTFmMCUyMTJmMCUyMTNmMCUyMTNtMiUyMTFpMTAyNCUyMTJpNzY4JTIxNGYxMy4xJTIxM20zJTIxMW0yJTIxMXMweDQ3NjM3MzRlOTY4OWIxNjElMjUzQTB4YmYzNjY1ZmMxMWZlZjBkMCUyMTJzVHJpdG9uJTJCTW9zYWljJTIxNWUwJTIxM20yJTIxMXNlbiUyMTJzaHIlMjE0djE1NTUzMDk1NjAwNTYlMjE1bTIlMjExc2VuJTIxMnNociUyMiUyMHdpZHRoJTNEJTIyOTgwJTIyJTIwaGVpZ2h0JTNEJTIyMzUwJTIyJTIwZnJhbWVib3JkZXIlM0QlMjIwJTIyJTIwc3R5bGUlM0QlMjJib3JkZXIlM0EwJTIyJTIwYWxsb3dmdWxsc2NyZWVuJTNFJTNDJTJGaWZyYW1lJTNF[\/vc_raw_html][\/vc_column_inner][\/vc_row_inner][\/vc_column][\/vc_row]<\/p>\n","protected":false},"excerpt":{"rendered":"<p>[vc_row][vc_column][vc_column_text]Ostaci rimskog mozaika koji prikazuju mitologiju Tritona mogu se na\u0107i u kafi\u0107u Mate, u neposrednoj blizini Trga Vela Placa. Ovaj podni mozaik prikazuje Tritona okru\u017eenog dupinima, ribama i drugim morskim stvorenjima. Mozaik je dobro o\u010duvan i vjeruje se da pokazuje neku vrstu morske gozbe. Prema drugim arheolo\u0161kim nalazima, lokacija dana\u0161njeg kafi\u0107a Mate nekada je bila dio rasko\u0161ne privatne zgrade.[\/vc_column_text][vc_empty_space height=&#8221;17px&#8221;][vc_row_inner][vc_column_inner width=&#8221;1\/2&#8243;][vc_single_image image=&#8221;3348&#8243; img_size=&#8221;full&#8221;][\/vc_column_inner][vc_column_inner width=&#8221;1\/2&#8243;][vc_column_text]Caffe bar Mate (mjesto na kome se mogu vidjeti ostaci podnog mozaika) Tel: +385 51 221 670 Adresa: Ribarska bb, 51500 Krk[\/vc_column_text][\/vc_column_inner][\/vc_row_inner][\/vc_column][\/vc_row][vc_row][vc_column][vc_empty_space height=&#8221;40px&#8221;][vc_row_inner][vc_column_inner][vc_raw_html]JTNDaWZyYW1lJTIwc3JjJTNEJTIyaHR0cHMlM0ElMkYlMkZ3d3cuZ29vZ2xlLmNvbSUyRm1hcHMlMkZlbWJlZCUzRnBiJTNEJTIxMW0xOCUyMTFtMTIlMjExbTMlMjExZDEwNTcwLjE5MzgwOTE4NjY3MiUyMTJkMTQuNTcxMDM3MjU4MDg5NDkzJTIxM2Q0NS4wMjU1MjQyMDg5OTQ1OSUyMTJtMyUyMTFmMCUyMTJmMCUyMTNmMCUyMTNtMiUyMTFpMTAyNCUyMTJpNzY4JTIxNGYxMy4xJTIxM20zJTIxMW0yJTIxMXMweDQ3NjM3MzRlOTY4OWIxNjElMjUzQTB4YmYzNjY1ZmMxMWZlZjBkMCUyMTJzVHJpdG9uJTJCTW9zYWljJTIxNWUwJTIxM20yJTIxMXNlbiUyMTJzaHIlMjE0djE1NTUzMDk1NjAwNTYlMjE1bTIlMjExc2VuJTIxMnNociUyMiUyMHdpZHRoJTNEJTIyOTgwJTIyJTIwaGVpZ2h0JTNEJTIyMzUwJTIyJTIwZnJhbWVib3JkZXIlM0QlMjIwJTIyJTIwc3R5bGUlM0QlMjJib3JkZXIlM0EwJTIyJTIwYWxsb3dmdWxsc2NyZWVuJTNFJTNDJTJGaWZyYW1lJTNF[\/vc_raw_html][\/vc_column_inner][\/vc_row_inner][\/vc_column][\/vc_row]<\/p>\n","protected":false},"author":1,"featured_media":0,"parent":10607,"menu_order":0,"comment_status":"closed","ping_status":"closed","template":"","meta":[],"yoast_head":"<!-- This site is optimized with the Yoast SEO plugin v16.0.1 - https:\/\/yoast.com\/wordpress\/plugins\/seo\/ -->\n<title>Rimski mozaik koji prikazuju mitologiju Tritona - Experience Krk<\/title>\n<link rel=\"canonical\" href=\"https:\/\/experiencekrk.com\/hr\/povijest-i-kultura\/rimski-mozaik-koji-prikazuju-mitologiju-tritona\/\" \/>\n<meta property=\"og:locale\" content=\"hr_HR\" \/>\n<meta property=\"og:type\" content=\"article\" \/>\n<meta property=\"og:title\" content=\"Rimski mozaik koji prikazuju mitologiju Tritona - Experience Krk\" \/>\n<meta property=\"og:description\" content=\"[vc_row][vc_column][vc_column_text]Ostaci rimskog mozaika koji prikazuju mitologiju Tritona mogu se na\u0107i u kafi\u0107u Mate, u neposrednoj blizini Trga Vela Placa. Ovaj podni mozaik prikazuje Tritona okru\u017eenog dupinima, ribama i drugim morskim stvorenjima. Mozaik je dobro o\u010duvan i vjeruje se da pokazuje neku vrstu morske gozbe. Prema drugim arheolo\u0161kim nalazima, lokacija dana\u0161njeg kafi\u0107a Mate nekada je bila dio rasko\u0161ne privatne zgrade.[\/vc_column_text][vc_empty_space height=&#8221;17px&#8221;][vc_row_inner][vc_column_inner width=&#8221;1\/2&#8243;][vc_single_image image=&#8221;3348&#8243; img_size=&#8221;full&#8221;][\/vc_column_inner][vc_column_inner width=&#8221;1\/2&#8243;][vc_column_text]Caffe bar Mate (mjesto na kome se mogu vidjeti ostaci podnog mozaika) Tel: +385 51 221 670 Adresa: Ribarska bb, 51500 Krk[\/vc_column_text][\/vc_column_inner][\/vc_row_inner][\/vc_column][\/vc_row][vc_row][vc_column][vc_empty_space height=&#8221;40px&#8221;][vc_row_inner][vc_column_inner][vc_raw_html]JTNDaWZyYW1lJTIwc3JjJTNEJTIyaHR0cHMlM0ElMkYlMkZ3d3cuZ29vZ2xlLmNvbSUyRm1hcHMlMkZlbWJlZCUzRnBiJTNEJTIxMW0xOCUyMTFtMTIlMjExbTMlMjExZDEwNTcwLjE5MzgwOTE4NjY3MiUyMTJkMTQuNTcxMDM3MjU4MDg5NDkzJTIxM2Q0NS4wMjU1MjQyMDg5OTQ1OSUyMTJtMyUyMTFmMCUyMTJmMCUyMTNmMCUyMTNtMiUyMTFpMTAyNCUyMTJpNzY4JTIxNGYxMy4xJTIxM20zJTIxMW0yJTIxMXMweDQ3NjM3MzRlOTY4OWIxNjElMjUzQTB4YmYzNjY1ZmMxMWZlZjBkMCUyMTJzVHJpdG9uJTJCTW9zYWljJTIxNWUwJTIxM20yJTIxMXNlbiUyMTJzaHIlMjE0djE1NTUzMDk1NjAwNTYlMjE1bTIlMjExc2VuJTIxMnNociUyMiUyMHdpZHRoJTNEJTIyOTgwJTIyJTIwaGVpZ2h0JTNEJTIyMzUwJTIyJTIwZnJhbWVib3JkZXIlM0QlMjIwJTIyJTIwc3R5bGUlM0QlMjJib3JkZXIlM0EwJTIyJTIwYWxsb3dmdWxsc2NyZWVuJTNFJTNDJTJGaWZyYW1lJTNF[\/vc_raw_html][\/vc_column_inner][\/vc_row_inner][\/vc_column][\/vc_row]\" \/>\n<meta property=\"og:url\" content=\"https:\/\/experiencekrk.com\/hr\/povijest-i-kultura\/rimski-mozaik-koji-prikazuju-mitologiju-tritona\/\" \/>\n<meta property=\"og:site_name\" content=\"Experience Krk\" \/>\n<meta property=\"article:modified_time\" content=\"2020-03-30T17:21:08+00:00\" \/>\n<meta name=\"twitter:card\" content=\"summary_large_image\" \/>\n<meta name=\"twitter:label1\" content=\"Procijenjeno vrijeme \u010ditanja\">\n\t<meta name=\"twitter:data1\" content=\"1 minuta\">\n<script type=\"application\/ld+json\" class=\"yoast-schema-graph\">{\"@context\":\"https:\/\/schema.org\",\"@graph\":[{\"@type\":\"WebSite\",\"@id\":\"https:\/\/experiencekrk.com\/#website\",\"url\":\"https:\/\/experiencekrk.com\/\",\"name\":\"Experience Krk\",\"description\":\"Cultural Tours, Food &amp; Wine and more\",\"potentialAction\":[{\"@type\":\"SearchAction\",\"target\":\"https:\/\/experiencekrk.com\/?s={search_term_string}\",\"query-input\":\"required name=search_term_string\"}],\"inLanguage\":\"hr\"},{\"@type\":\"WebPage\",\"@id\":\"https:\/\/experiencekrk.com\/hr\/povijest-i-kultura\/rimski-mozaik-koji-prikazuju-mitologiju-tritona\/#webpage\",\"url\":\"https:\/\/experiencekrk.com\/hr\/povijest-i-kultura\/rimski-mozaik-koji-prikazuju-mitologiju-tritona\/\",\"name\":\"Rimski mozaik koji prikazuju mitologiju Tritona - Experience Krk\",\"isPartOf\":{\"@id\":\"https:\/\/experiencekrk.com\/#website\"},\"datePublished\":\"2019-04-15T06:22:35+00:00\",\"dateModified\":\"2020-03-30T17:21:08+00:00\",\"breadcrumb\":{\"@id\":\"https:\/\/experiencekrk.com\/hr\/povijest-i-kultura\/rimski-mozaik-koji-prikazuju-mitologiju-tritona\/#breadcrumb\"},\"inLanguage\":\"hr\",\"potentialAction\":[{\"@type\":\"ReadAction\",\"target\":[\"https:\/\/experiencekrk.com\/hr\/povijest-i-kultura\/rimski-mozaik-koji-prikazuju-mitologiju-tritona\/\"]}]},{\"@type\":\"BreadcrumbList\",\"@id\":\"https:\/\/experiencekrk.com\/hr\/povijest-i-kultura\/rimski-mozaik-koji-prikazuju-mitologiju-tritona\/#breadcrumb\",\"itemListElement\":[{\"@type\":\"ListItem\",\"position\":1,\"item\":{\"@type\":\"WebPage\",\"@id\":\"https:\/\/experiencekrk.com\/hr\/\",\"url\":\"https:\/\/experiencekrk.com\/hr\/\",\"name\":\"Home\"}},{\"@type\":\"ListItem\",\"position\":2,\"item\":{\"@type\":\"WebPage\",\"@id\":\"https:\/\/experiencekrk.com\/hr\/povijest-i-kultura\/\",\"url\":\"https:\/\/experiencekrk.com\/hr\/povijest-i-kultura\/\",\"name\":\"Povijest i kultura\"}},{\"@type\":\"ListItem\",\"position\":3,\"item\":{\"@type\":\"WebPage\",\"@id\":\"https:\/\/experiencekrk.com\/hr\/povijest-i-kultura\/rimski-mozaik-koji-prikazuju-mitologiju-tritona\/\",\"url\":\"https:\/\/experiencekrk.com\/hr\/povijest-i-kultura\/rimski-mozaik-koji-prikazuju-mitologiju-tritona\/\",\"name\":\"Rimski mozaik koji prikazuju mitologiju Tritona\"}}]}]}<\/script>\n<!-- \/ Yoast SEO plugin. -->","_links":{"self":[{"href":"https:\/\/experiencekrk.com\/hr\/wp-json\/wp\/v2\/pages\/11520"}],"collection":[{"href":"https:\/\/experiencekrk.com\/hr\/wp-json\/wp\/v2\/pages"}],"about":[{"href":"https:\/\/experiencekrk.com\/hr\/wp-json\/wp\/v2\/types\/page"}],"author":[{"embeddable":true,"href":"https:\/\/experiencekrk.com\/hr\/wp-json\/wp\/v2\/users\/1"}],"replies":[{"embeddable":true,"href":"https:\/\/experiencekrk.com\/hr\/wp-json\/wp\/v2\/comments?post=11520"}],"version-history":[{"count":2,"href":"https:\/\/experiencekrk.com\/hr\/wp-json\/wp\/v2\/pages\/11520\/revisions"}],"predecessor-version":[{"id":11522,"href":"https:\/\/experiencekrk.com\/hr\/wp-json\/wp\/v2\/pages\/11520\/revisions\/11522"}],"up":[{"embeddable":true,"href":"https:\/\/experiencekrk.com\/hr\/wp-json\/wp\/v2\/pages\/10607"}],"wp:attachment":[{"href":"https:\/\/experiencekrk.com\/hr\/wp-json\/wp\/v2\/media?parent=11520"}],"curies":[{"name":"wp","href":"https:\/\/api.w.org\/{rel}","templated":true}]}}