{"id":11518,"date":"2019-04-15T17:30:08","date_gmt":"2019-04-15T17:30:08","guid":{"rendered":"https:\/\/experiencekrk.com\/povijest-i-kultura\/temple-of-venus\/"},"modified":"2020-03-30T17:22:57","modified_gmt":"2020-03-30T17:22:57","slug":"venerin-hram","status":"publish","type":"page","link":"https:\/\/experiencekrk.com\/hr\/povijest-i-kultura\/venerin-hram\/","title":{"rendered":"Venerin hram"},"content":{"rendered":"<p>[vc_row][vc_column]<div class=\"mkdf-section-title-holder\">\n\t<h1 class=\"mkdf-section-title mkdf-section-title-medium\" >\n\tVenerin hram<\/h1>\n<\/div>[vc_column_text]Ostaci drevnog Venerinog hrama mogu se vidjeti unutar trgovine Memento, u staroj gradskoj jezgri. Ostatke hrama mo\u017eete promatrati kroz stakleni pod unutar trgovine.<\/p>\n<p>Venera je bila rimska bo\u017eica ljubavi, ljepote i braka. U Rimskom carstvu broj hramova posve\u0107enih Veneri bio je znatno manji u usporedbi s hramovima izgra\u0111enim za druge rimske bogove. Stoga je ovaj hram koji potje\u010de iz 1. stolje\u0107a prije Krista jedini hram posve\u0107en bo\u017eici Veneri na isto\u010dnoj strani Jadrana (od Gr\u010dke do Italije), \u0161to ga \u010dini jo\u0161 spektakularnijim.[\/vc_column_text][vc_empty_space]<div class=\"mkdf-image-gallery\">\n    <div class=\"mkdf-image-gallery-grid mkdf-gallery-columns-2 \">\n                    <div class=\"mkdf-gallery-image\">\n                <div class=\"mkdf-hover-holder\">\n                \t\n                                                                        <img src=\"https:\/\/experiencekrk.com\/wp-content\/uploads\/2019\/04\/City-of-Krk-Temple-of-Venus-600x400.jpg\" alt=\"\" width=\"600\" height=\"400\" \/>                        \t\t\t\t\t                <\/div>\n            <\/div>\n                    <div class=\"mkdf-gallery-image\">\n                <div class=\"mkdf-hover-holder\">\n                \t\n                                                                        <img src=\"https:\/\/experiencekrk.com\/wp-content\/uploads\/2019\/04\/City-of-Krk-ancient-altar-at-caffe-bar-Volsonis-600x400.jpg\" alt=\"the historical tours of Krk and its rich historical heritage from the ancient Europe times\" width=\"600\" height=\"400\" \/>                        \t\t\t\t\t                <\/div>\n            <\/div>\n            <\/div>\n<\/div>[vc_column_text][\/vc_column_text][\/vc_column][\/vc_row][vc_row][vc_column][vc_empty_space]<div class=\"mkdf-separator-holder clearfix  mkdf-separator-center mkdf-separator-full-width\">\n\t<div class=\"mkdf-separator\" style=\"border-color: #ebebeb;border-style: solid;border-bottom-width: 1px;margin-top: 20px;margin-bottom: 45px\"><\/div>\n<\/div>\n<div class=\"mkdf-section-title-holder\">\n\t<h1 class=\"mkdf-section-title mkdf-section-title-small\" >\n\tKontakt<\/h1>\n<\/div>[vc_row_inner][vc_column_inner width=&#8221;1\/4&#8243;][vc_column_text]<strong>Hram Venere<br \/>\n<\/strong>(unutar trgovine Memento)<\/p>\n<p>Tel: <a href=\"tel:+38551520662\">+385 51 520 662<\/a><br \/>\nE-mail: <a href=\"mailto:info@memento-venerem.com\">info@memento-venerem.com<\/a><br \/>\nAdresa: A. Mahni\u0107a 3, 51500 Krk[\/vc_column_text][\/vc_column_inner][vc_column_inner width=&#8221;3\/4&#8243;][vc_raw_html]JTNDaWZyYW1lJTIwc3JjJTNEJTIyaHR0cHMlM0ElMkYlMkZ3d3cuZ29vZ2xlLmNvbSUyRm1hcHMlMkZlbWJlZCUzRnBiJTNEJTIxMW0xOCUyMTFtMTIlMjExbTMlMjExZDEwMzQzLjk3NDIzMTczMzQ3MSUyMTJkMTQuNTY5MTAwNzkzODMzMTc4JTIxM2Q0NS4wMjM5OTY5NzQ1NzYxJTIxMm0zJTIxMWYwJTIxMmYwJTIxM2YwJTIxM20yJTIxMWkxMDI0JTIxMmk3NjglMjE0ZjEzLjElMjEzbTMlMjExbTIlMjExczB4MCUyNTNBMHhlOGJhOGQ1MTdlMDRkYTcwJTIxMnNULk8uJTJCTWVtZW50byUyMTVlMCUyMTNtMiUyMTFzZW4lMjEyc2hyJTIxNHYxNTU1MzQ5NjE0ODQ0JTIxNW0yJTIxMXNlbiUyMTJzaHIlMjIlMjB3aWR0aCUzRCUyMjk4MCUyMiUyMGhlaWdodCUzRCUyMjM1MCUyMiUyMGZyYW1lYm9yZGVyJTNEJTIyMCUyMiUyMHN0eWxlJTNEJTIyYm9yZGVyJTNBMCUyMiUyMGFsbG93ZnVsbHNjcmVlbiUzRSUzQyUyRmlmcmFtZSUzRQ==[\/vc_raw_html][\/vc_column_inner][\/vc_row_inner][\/vc_column][\/vc_row]<\/p>\n","protected":false},"excerpt":{"rendered":"<p>[vc_row][vc_column][vc_column_text]Ostaci drevnog Venerinog hrama mogu se vidjeti unutar trgovine Memento, u staroj gradskoj jezgri. Ostatke hrama mo\u017eete promatrati kroz stakleni pod unutar trgovine. Venera je bila rimska bo\u017eica ljubavi, ljepote i braka. U Rimskom carstvu broj hramova posve\u0107enih Veneri bio je znatno manji u usporedbi s hramovima izgra\u0111enim za druge rimske bogove. Stoga je ovaj hram koji potje\u010de iz 1. stolje\u0107a prije Krista jedini hram posve\u0107en bo\u017eici Veneri na isto\u010dnoj strani Jadrana (od Gr\u010dke do Italije), \u0161to ga \u010dini jo\u0161 spektakularnijim.[\/vc_column_text][vc_empty_space][vc_column_text][\/vc_column_text][\/vc_column][\/vc_row][vc_row][vc_column][vc_empty_space][vc_row_inner][vc_column_inner width=&#8221;1\/4&#8243;][vc_column_text]Hram Venere (unutar trgovine Memento) Tel: +385 51 520&#8230;<\/p>\n","protected":false},"author":1,"featured_media":0,"parent":10607,"menu_order":0,"comment_status":"closed","ping_status":"closed","template":"","meta":[],"yoast_head":"<!-- This site is optimized with the Yoast SEO plugin v16.0.1 - https:\/\/yoast.com\/wordpress\/plugins\/seo\/ -->\n<title>Venerin hram - Experience Krk<\/title>\n<link rel=\"canonical\" href=\"https:\/\/experiencekrk.com\/hr\/povijest-i-kultura\/venerin-hram\/\" \/>\n<meta property=\"og:locale\" content=\"hr_HR\" \/>\n<meta property=\"og:type\" content=\"article\" \/>\n<meta property=\"og:title\" content=\"Venerin hram - Experience Krk\" \/>\n<meta property=\"og:description\" content=\"[vc_row][vc_column][vc_column_text]Ostaci drevnog Venerinog hrama mogu se vidjeti unutar trgovine Memento, u staroj gradskoj jezgri. Ostatke hrama mo\u017eete promatrati kroz stakleni pod unutar trgovine. Venera je bila rimska bo\u017eica ljubavi, ljepote i braka. U Rimskom carstvu broj hramova posve\u0107enih Veneri bio je znatno manji u usporedbi s hramovima izgra\u0111enim za druge rimske bogove. Stoga je ovaj hram koji potje\u010de iz 1. stolje\u0107a prije Krista jedini hram posve\u0107en bo\u017eici Veneri na isto\u010dnoj strani Jadrana (od Gr\u010dke do Italije), \u0161to ga \u010dini jo\u0161 spektakularnijim.[\/vc_column_text][vc_empty_space][vc_column_text][\/vc_column_text][\/vc_column][\/vc_row][vc_row][vc_column][vc_empty_space][vc_row_inner][vc_column_inner width=&#8221;1\/4&#8243;][vc_column_text]Hram Venere (unutar trgovine Memento) Tel: +385 51 520...\" \/>\n<meta property=\"og:url\" content=\"https:\/\/experiencekrk.com\/hr\/povijest-i-kultura\/venerin-hram\/\" \/>\n<meta property=\"og:site_name\" content=\"Experience Krk\" \/>\n<meta property=\"article:modified_time\" content=\"2020-03-30T17:22:57+00:00\" \/>\n<meta name=\"twitter:card\" content=\"summary_large_image\" \/>\n<meta name=\"twitter:label1\" content=\"Procijenjeno vrijeme \u010ditanja\">\n\t<meta name=\"twitter:data1\" content=\"1 minuta\">\n<script type=\"application\/ld+json\" class=\"yoast-schema-graph\">{\"@context\":\"https:\/\/schema.org\",\"@graph\":[{\"@type\":\"WebSite\",\"@id\":\"https:\/\/experiencekrk.com\/#website\",\"url\":\"https:\/\/experiencekrk.com\/\",\"name\":\"Experience Krk\",\"description\":\"Cultural Tours, Food &amp; Wine and more\",\"potentialAction\":[{\"@type\":\"SearchAction\",\"target\":\"https:\/\/experiencekrk.com\/?s={search_term_string}\",\"query-input\":\"required name=search_term_string\"}],\"inLanguage\":\"hr\"},{\"@type\":\"WebPage\",\"@id\":\"https:\/\/experiencekrk.com\/hr\/povijest-i-kultura\/venerin-hram\/#webpage\",\"url\":\"https:\/\/experiencekrk.com\/hr\/povijest-i-kultura\/venerin-hram\/\",\"name\":\"Venerin hram - Experience Krk\",\"isPartOf\":{\"@id\":\"https:\/\/experiencekrk.com\/#website\"},\"datePublished\":\"2019-04-15T17:30:08+00:00\",\"dateModified\":\"2020-03-30T17:22:57+00:00\",\"breadcrumb\":{\"@id\":\"https:\/\/experiencekrk.com\/hr\/povijest-i-kultura\/venerin-hram\/#breadcrumb\"},\"inLanguage\":\"hr\",\"potentialAction\":[{\"@type\":\"ReadAction\",\"target\":[\"https:\/\/experiencekrk.com\/hr\/povijest-i-kultura\/venerin-hram\/\"]}]},{\"@type\":\"BreadcrumbList\",\"@id\":\"https:\/\/experiencekrk.com\/hr\/povijest-i-kultura\/venerin-hram\/#breadcrumb\",\"itemListElement\":[{\"@type\":\"ListItem\",\"position\":1,\"item\":{\"@type\":\"WebPage\",\"@id\":\"https:\/\/experiencekrk.com\/hr\/\",\"url\":\"https:\/\/experiencekrk.com\/hr\/\",\"name\":\"Home\"}},{\"@type\":\"ListItem\",\"position\":2,\"item\":{\"@type\":\"WebPage\",\"@id\":\"https:\/\/experiencekrk.com\/hr\/povijest-i-kultura\/\",\"url\":\"https:\/\/experiencekrk.com\/hr\/povijest-i-kultura\/\",\"name\":\"Povijest i kultura\"}},{\"@type\":\"ListItem\",\"position\":3,\"item\":{\"@type\":\"WebPage\",\"@id\":\"https:\/\/experiencekrk.com\/hr\/povijest-i-kultura\/venerin-hram\/\",\"url\":\"https:\/\/experiencekrk.com\/hr\/povijest-i-kultura\/venerin-hram\/\",\"name\":\"Venerin hram\"}}]}]}<\/script>\n<!-- \/ Yoast SEO plugin. -->","_links":{"self":[{"href":"https:\/\/experiencekrk.com\/hr\/wp-json\/wp\/v2\/pages\/11518"}],"collection":[{"href":"https:\/\/experiencekrk.com\/hr\/wp-json\/wp\/v2\/pages"}],"about":[{"href":"https:\/\/experiencekrk.com\/hr\/wp-json\/wp\/v2\/types\/page"}],"author":[{"embeddable":true,"href":"https:\/\/experiencekrk.com\/hr\/wp-json\/wp\/v2\/users\/1"}],"replies":[{"embeddable":true,"href":"https:\/\/experiencekrk.com\/hr\/wp-json\/wp\/v2\/comments?post=11518"}],"version-history":[{"count":2,"href":"https:\/\/experiencekrk.com\/hr\/wp-json\/wp\/v2\/pages\/11518\/revisions"}],"predecessor-version":[{"id":11524,"href":"https:\/\/experiencekrk.com\/hr\/wp-json\/wp\/v2\/pages\/11518\/revisions\/11524"}],"up":[{"embeddable":true,"href":"https:\/\/experiencekrk.com\/hr\/wp-json\/wp\/v2\/pages\/10607"}],"wp:attachment":[{"href":"https:\/\/experiencekrk.com\/hr\/wp-json\/wp\/v2\/media?parent=11518"}],"curies":[{"name":"wp","href":"https:\/\/api.w.org\/{rel}","templated":true}]}}