{"id":11479,"date":"2019-04-29T11:17:27","date_gmt":"2019-04-29T11:17:27","guid":{"rendered":"https:\/\/experiencekrk.com\/dental-tourism\/"},"modified":"2020-03-30T16:43:22","modified_gmt":"2020-03-30T16:43:22","slug":"dentalni-turizam","status":"publish","type":"page","link":"https:\/\/experiencekrk.com\/hr\/dentalni-turizam\/","title":{"rendered":"Dentalni turizam"},"content":{"rendered":"<p>[vc_row][vc_column]<div class=\"mkdf-section-title-holder\">\n\t<h1 class=\"mkdf-section-title mkdf-section-title-medium\" >\n\tDentalni turizam<\/h1>\n<\/div>[vc_column_text]Budimo iskreni, ve\u0107ina ljudi ne ide stomatologu jer u\u017eivaju u iskustvu. Me\u0111utim, posjet stomatologu u Hrvatskoj mo\u017ee to iskustvo u\u010diniti ne\u0161to ugodnijim za vas i za va\u0161 nov\u010danik. Cijene su op\u0107enito ni\u017ee nego u ve\u0107ini europskih zemalja, a kvaliteta usluge je i dalje izuzetno visoka.<\/p>\n<p>Uz to, pru\u017eatelji stomatolo\u0161kih usluga u gradu Krku imaju jo\u0161 jednu prednost. Sama destinacija pru\u017ea umiruju\u0107u atmosferu koja smanjuje stres odlasku stomatologu i omogu\u0107ava vam u\u017eivanje u prekrasnom okru\u017eenju i svemu \u0161to grad nudi. Za vi\u0161e informacija obratite se jednoj od na\u0161ih stomatolo\u0161kih poliklinika u Krku i oni \u0107e vam pomo\u0107i.[\/vc_column_text][vc_empty_space height=&#8221;40px&#8221;][vc_row_inner css=&#8221;.vc_custom_1560349450376{padding-bottom: 20px !important;}&#8221;][vc_column_inner width=&#8221;1\/2&#8243;][vc_single_image image=&#8221;4151&#8243; img_size=&#8221;full&#8221;][\/vc_column_inner][vc_column_inner width=&#8221;1\/2&#8243;][vc_column_text]<strong>Koki\u0107 Bori\u0107 Dental klinika<\/strong><br \/>\nTel: <a href=\"tel:+38551221283\">+385 51 221 283<\/a><br \/>\nMob: <a href=\"tel:+385915118444\">+385 91 511 84 44<\/a><br \/>\nAdresa: Ivana Zajca 4, 51500 Krk<br \/>\nE-mail: <a href=\"mailto:info@ordinacija-kokic-boric.hr\">info@ordinacija-kokic-boric.hr<\/a><br \/>\nWeb: <a href=\"http:\/\/www.ordinacija-kokic-boric.hr\" target=\"_blank\" rel=\"noopener noreferrer\">www.ordinacija-kokic-boric.hr<\/a><\/p>\n<p><strong>Dental Centar Dr. Ton\u010di Babi\u0107<\/strong><br \/>\nTel: <a href=\"tel:+38551221032\">+385 51 221 032<\/a><br \/>\nAdresa: P.\u017dgalji\u0107a 12, 51500 Krk[\/vc_column_text][\/vc_column_inner][\/vc_row_inner][vc_row_inner css=&#8221;.vc_custom_1560349540799{padding-bottom: 20px !important;}&#8221;][vc_column_inner width=&#8221;1\/2&#8243; offset=&#8221;vc_hidden-lg&#8221;][vc_single_image image=&#8221;5552&#8243; img_size=&#8221;full&#8221;][\/vc_column_inner][vc_column_inner width=&#8221;1\/2&#8243; offset=&#8221;vc_hidden-lg&#8221;][vc_column_text]<strong>Krk Dent<\/strong><br \/>\nTel: <a href=\"tel:+38551401653\">+385 51 401 653<\/a><br \/>\nMob: <a href=\"tel:+385981709022\">+385 98 170 9022<\/a><br \/>\nAdresa: Slavka Nikoli\u0107a Street 34, 51500 Krk<br \/>\nE-mail: <a href=\"mailto:karolinapanjako@gmail.com\">karolinapanjako@gmail.com<\/a><br \/>\nWeb: <a href=\"http:\/\/www.krkdent.com\/index_eng.html\" target=\"_blank\" rel=\"noopener noreferrer\">www.krkdent.com<\/a>[\/vc_column_text][\/vc_column_inner][\/vc_row_inner][vc_row_inner css=&#8221;.vc_custom_1560349540799{padding-bottom: 20px !important;}&#8221;][vc_column_inner width=&#8221;1\/2&#8243;][vc_column_text]<strong>Krk Dent<\/strong><br \/>\nTel: <a href=\"tel:+38551401653\">+385 51 401 653<\/a><br \/>\nMob: <a href=\"tel:+385981709022\">+385 98 170 9022<\/a><br \/>\nAdresa: Slavka Nikoli\u0107a Street 34, 51500 Krk<br \/>\nE-mail: <a href=\"mailto:karolinapanjako@gmail.com\">karolinapanjako@gmail.com<\/a><br \/>\nWeb: <a href=\"http:\/\/www.krkdent.com\/index_eng.html\" target=\"_blank\" rel=\"noopener noreferrer\">www.krkdent.com<\/a>[\/vc_column_text][\/vc_column_inner][vc_column_inner width=&#8221;1\/2&#8243;][vc_single_image image=&#8221;5552&#8243; img_size=&#8221;full&#8221;][\/vc_column_inner][\/vc_row_inner][\/vc_column][\/vc_row]<\/p>\n","protected":false},"excerpt":{"rendered":"<p>[vc_row][vc_column][vc_column_text]Budimo iskreni, ve\u0107ina ljudi ne ide stomatologu jer u\u017eivaju u iskustvu. Me\u0111utim, posjet stomatologu u Hrvatskoj mo\u017ee to iskustvo u\u010diniti ne\u0161to ugodnijim za vas i za va\u0161 nov\u010danik. Cijene su op\u0107enito ni\u017ee nego u ve\u0107ini europskih zemalja, a kvaliteta usluge je i dalje izuzetno visoka. Uz to, pru\u017eatelji stomatolo\u0161kih usluga u gradu Krku imaju jo\u0161 jednu prednost. Sama destinacija pru\u017ea umiruju\u0107u atmosferu koja smanjuje stres odlasku stomatologu i omogu\u0107ava vam u\u017eivanje u prekrasnom okru\u017eenju i svemu \u0161to grad nudi. Za vi\u0161e informacija obratite se jednoj od na\u0161ih stomatolo\u0161kih poliklinika u&#8230;<\/p>\n","protected":false},"author":1,"featured_media":0,"parent":0,"menu_order":0,"comment_status":"closed","ping_status":"closed","template":"","meta":[],"yoast_head":"<!-- This site is optimized with the Yoast SEO plugin v16.0.1 - https:\/\/yoast.com\/wordpress\/plugins\/seo\/ -->\n<title>Dentalni turizam - Experience Krk<\/title>\n<link rel=\"canonical\" href=\"https:\/\/experiencekrk.com\/hr\/dentalni-turizam\/\" \/>\n<meta property=\"og:locale\" content=\"hr_HR\" \/>\n<meta property=\"og:type\" content=\"article\" \/>\n<meta property=\"og:title\" content=\"Dentalni turizam - Experience Krk\" \/>\n<meta property=\"og:description\" content=\"[vc_row][vc_column][vc_column_text]Budimo iskreni, ve\u0107ina ljudi ne ide stomatologu jer u\u017eivaju u iskustvu. Me\u0111utim, posjet stomatologu u Hrvatskoj mo\u017ee to iskustvo u\u010diniti ne\u0161to ugodnijim za vas i za va\u0161 nov\u010danik. Cijene su op\u0107enito ni\u017ee nego u ve\u0107ini europskih zemalja, a kvaliteta usluge je i dalje izuzetno visoka. Uz to, pru\u017eatelji stomatolo\u0161kih usluga u gradu Krku imaju jo\u0161 jednu prednost. Sama destinacija pru\u017ea umiruju\u0107u atmosferu koja smanjuje stres odlasku stomatologu i omogu\u0107ava vam u\u017eivanje u prekrasnom okru\u017eenju i svemu \u0161to grad nudi. Za vi\u0161e informacija obratite se jednoj od na\u0161ih stomatolo\u0161kih poliklinika u...\" \/>\n<meta property=\"og:url\" content=\"https:\/\/experiencekrk.com\/hr\/dentalni-turizam\/\" \/>\n<meta property=\"og:site_name\" content=\"Experience Krk\" \/>\n<meta property=\"article:modified_time\" content=\"2020-03-30T16:43:22+00:00\" \/>\n<meta name=\"twitter:card\" content=\"summary_large_image\" \/>\n<meta name=\"twitter:label1\" content=\"Procijenjeno vrijeme \u010ditanja\">\n\t<meta name=\"twitter:data1\" content=\"2 minute\">\n<script type=\"application\/ld+json\" class=\"yoast-schema-graph\">{\"@context\":\"https:\/\/schema.org\",\"@graph\":[{\"@type\":\"WebSite\",\"@id\":\"https:\/\/experiencekrk.com\/#website\",\"url\":\"https:\/\/experiencekrk.com\/\",\"name\":\"Experience Krk\",\"description\":\"Cultural Tours, Food &amp; Wine and more\",\"potentialAction\":[{\"@type\":\"SearchAction\",\"target\":\"https:\/\/experiencekrk.com\/?s={search_term_string}\",\"query-input\":\"required name=search_term_string\"}],\"inLanguage\":\"hr\"},{\"@type\":\"WebPage\",\"@id\":\"https:\/\/experiencekrk.com\/hr\/dentalni-turizam\/#webpage\",\"url\":\"https:\/\/experiencekrk.com\/hr\/dentalni-turizam\/\",\"name\":\"Dentalni turizam - Experience Krk\",\"isPartOf\":{\"@id\":\"https:\/\/experiencekrk.com\/#website\"},\"datePublished\":\"2019-04-29T11:17:27+00:00\",\"dateModified\":\"2020-03-30T16:43:22+00:00\",\"breadcrumb\":{\"@id\":\"https:\/\/experiencekrk.com\/hr\/dentalni-turizam\/#breadcrumb\"},\"inLanguage\":\"hr\",\"potentialAction\":[{\"@type\":\"ReadAction\",\"target\":[\"https:\/\/experiencekrk.com\/hr\/dentalni-turizam\/\"]}]},{\"@type\":\"BreadcrumbList\",\"@id\":\"https:\/\/experiencekrk.com\/hr\/dentalni-turizam\/#breadcrumb\",\"itemListElement\":[{\"@type\":\"ListItem\",\"position\":1,\"item\":{\"@type\":\"WebPage\",\"@id\":\"https:\/\/experiencekrk.com\/hr\/\",\"url\":\"https:\/\/experiencekrk.com\/hr\/\",\"name\":\"Home\"}},{\"@type\":\"ListItem\",\"position\":2,\"item\":{\"@type\":\"WebPage\",\"@id\":\"https:\/\/experiencekrk.com\/hr\/dentalni-turizam\/\",\"url\":\"https:\/\/experiencekrk.com\/hr\/dentalni-turizam\/\",\"name\":\"Dentalni turizam\"}}]}]}<\/script>\n<!-- \/ Yoast SEO plugin. -->","_links":{"self":[{"href":"https:\/\/experiencekrk.com\/hr\/wp-json\/wp\/v2\/pages\/11479"}],"collection":[{"href":"https:\/\/experiencekrk.com\/hr\/wp-json\/wp\/v2\/pages"}],"about":[{"href":"https:\/\/experiencekrk.com\/hr\/wp-json\/wp\/v2\/types\/page"}],"author":[{"embeddable":true,"href":"https:\/\/experiencekrk.com\/hr\/wp-json\/wp\/v2\/users\/1"}],"replies":[{"embeddable":true,"href":"https:\/\/experiencekrk.com\/hr\/wp-json\/wp\/v2\/comments?post=11479"}],"version-history":[{"count":2,"href":"https:\/\/experiencekrk.com\/hr\/wp-json\/wp\/v2\/pages\/11479\/revisions"}],"predecessor-version":[{"id":11484,"href":"https:\/\/experiencekrk.com\/hr\/wp-json\/wp\/v2\/pages\/11479\/revisions\/11484"}],"wp:attachment":[{"href":"https:\/\/experiencekrk.com\/hr\/wp-json\/wp\/v2\/media?parent=11479"}],"curies":[{"name":"wp","href":"https:\/\/api.w.org\/{rel}","templated":true}]}}