{"id":11208,"date":"2019-04-29T11:09:12","date_gmt":"2019-04-29T11:09:12","guid":{"rendered":"https:\/\/experiencekrk.com\/sailing-vacation\/"},"modified":"2020-03-30T12:55:06","modified_gmt":"2020-03-30T12:55:06","slug":"jedrenje","status":"publish","type":"page","link":"https:\/\/experiencekrk.com\/hr\/jedrenje\/","title":{"rendered":"Jedrenje"},"content":{"rendered":"<p>[vc_row][vc_column]<div class=\"mkdf-section-title-holder\">\n\t<h1 class=\"mkdf-section-title mkdf-section-title-medium\" >\n\tJedrenje<\/h1>\n<\/div>[vc_row_inner][vc_column_inner][vc_column_text]Otok Krk Rimljani su nazvali insula aurea &#8211; zlatni otok. Mnogo je razloga zbog kojih su mu dali tako slavno ime, a jedan od na\u010dina da i vi otkrijete za\u0161to, je da krenete u istra\u017eivanje na jedrilici. Savr\u0161ena baza za istra\u017eivanje otoka kvarnerskog arhipelaga, kao i samog juga Jadrana, upravo je luka u gradu Krku. Saznajte vi\u0161e o jedrili\u010darskoj tradiciji ovog podru\u010dja i istra\u017eite njegovo <a href=\"https:\/\/experiencekrk.com\/hr\/povijest-i-kultura\/pomorska-bastina\/\">pomorsko naslje\u0111e<\/a>.<\/p>\n<p>Kamo god krenete, zasigurno \u0107ete otkriti bogato povijesno blago i spektakularne skrivene uvale, a sve to tijekom nezaboravnog jedrili\u010darskog iskustva u Hrvatskoj.[\/vc_column_text][\/vc_column_inner][\/vc_row_inner][vc_empty_space]<div class=\"mkdf-separator-holder clearfix  mkdf-separator-center\">\n\t<div class=\"mkdf-separator\" style=\"border-color: #ebebeb;width: 100%;border-bottom-width: 1px\"><\/div>\n<\/div>\n[vc_empty_space]<div class=\"mkdf-section-title-holder\">\n\t<h1 class=\"mkdf-section-title mkdf-section-title-medium\" >\n\tLuka Krk<\/h1>\n<\/div>[vc_row_inner][vc_column_inner width=&#8221;1\/2&#8243;][vc_column_text]Nauti\u010dki dio Luke Krk kapaciteta je 50 vezova. Ima dvije benzinske postaje od kojih je jedna plutaju\u0107a, jednako tako ima osiguranu opskrbu strujom i pitkom vodom.<\/p>\n<p>Mob: <a href=\"tel:+385912563724\">+385 91 256 3724<\/a><br \/>\nTel: <a href=\"tel:+38551220165\">+385 51 220 165<\/a><br \/>\nE-mail: <a href=\"mailto:krk@zluk.hr\">krk@zluk.hr<\/a><br \/>\nAdresa: Trg bana Josipa Jela\u010di\u0107a 5, 51500 Krk<br \/>\nWeb: <a href=\"https:\/\/www.zluk.hr\/en\" target=\"_blank\" rel=\"noopener noreferrer\">www.zluk.hr\/en<\/a>[\/vc_column_text][\/vc_column_inner][vc_column_inner width=&#8221;1\/2&#8243;][vc_single_image image=&#8221;5759&#8243; img_size=&#8221;full&#8221; style=&#8221;vc_box_rounded&#8221;][\/vc_column_inner][\/vc_row_inner][vc_empty_space][\/vc_column][\/vc_row][vc_row][vc_column]<div class=\"mkdf-section-title-holder\">\n\t<h1 class=\"mkdf-section-title mkdf-section-title-small\" >\n\tLuka Krk Lokacija<\/h1>\n<\/div>[vc_row_inner][vc_column_inner][vc_raw_html]JTNDaWZyYW1lJTIwc3JjJTNEJTIyaHR0cHMlM0ElMkYlMkZ3d3cuZ29vZ2xlLmNvbSUyRm1hcHMlMkZlbWJlZCUzRnBiJTNEJTIxMW0xNCUyMTFtOCUyMTFtMyUyMTFkMTYxODIuODUyNjc4MjE3MjYlMjEyZDE0LjU2NTE2NTIxODM3NjA0MyUyMTNkNDUuMDMwMjU5Mzc0MTQyMjYlMjEzbTIlMjExaTEwMjQlMjEyaTc2OCUyMTRmMTMuMSUyMTNtMyUyMTFtMiUyMTFzMHg0NzYzNzI3MmI1N2MwYWMxJTI1M0EweGFiNTk1M2MwMTNiOWRjYiUyMTJzUG9ydCUyQktyayUyMTVlMCUyMTNtMiUyMTFzZW4lMjEyc2hyJTIxNHYxNTY0NTI3MjQzOTQ1JTIxNW0yJTIxMXNlbiUyMTJzaHIlMjIlMjB3aWR0aCUzRCUyMjEwMDAlMjIlMjBoZWlnaHQlM0QlMjIzMDAlMjIlMjBmcmFtZWJvcmRlciUzRCUyMjAlMjIlMjBzdHlsZSUzRCUyMmJvcmRlciUzQTAlMjIlMjBhbGxvd2Z1bGxzY3JlZW4lM0UlM0MlMkZpZnJhbWUlM0U=[\/vc_raw_html][\/vc_column_inner][\/vc_row_inner][vc_empty_space][\/vc_column][\/vc_row]<\/p>\n","protected":false},"excerpt":{"rendered":"<p>[vc_row][vc_column][vc_row_inner][vc_column_inner][vc_column_text]Otok Krk Rimljani su nazvali insula aurea &#8211; zlatni otok. Mnogo je razloga zbog kojih su mu dali tako slavno ime, a jedan od na\u010dina da i vi otkrijete za\u0161to, je da krenete u istra\u017eivanje na jedrilici. Savr\u0161ena baza za istra\u017eivanje otoka kvarnerskog arhipelaga, kao i samog juga Jadrana, upravo je luka u gradu Krku. Saznajte vi\u0161e o jedrili\u010darskoj tradiciji ovog podru\u010dja i istra\u017eite njegovo pomorsko naslje\u0111e. Kamo god krenete, zasigurno \u0107ete otkriti bogato povijesno blago i spektakularne skrivene uvale, a sve to tijekom nezaboravnog jedrili\u010darskog iskustva u Hrvatskoj.[\/vc_column_text][\/vc_column_inner][\/vc_row_inner][vc_empty_space][vc_empty_space][vc_row_inner][vc_column_inner width=&#8221;1\/2&#8243;][vc_column_text]Nauti\u010dki&#8230;<\/p>\n","protected":false},"author":1,"featured_media":0,"parent":0,"menu_order":0,"comment_status":"closed","ping_status":"closed","template":"","meta":[],"yoast_head":"<!-- This site is optimized with the Yoast SEO plugin v16.0.1 - https:\/\/yoast.com\/wordpress\/plugins\/seo\/ -->\n<title>Jedrenje - Experience Krk<\/title>\n<link rel=\"canonical\" href=\"https:\/\/experiencekrk.com\/hr\/jedrenje\/\" \/>\n<meta property=\"og:locale\" content=\"hr_HR\" \/>\n<meta property=\"og:type\" content=\"article\" \/>\n<meta property=\"og:title\" content=\"Jedrenje - Experience Krk\" \/>\n<meta property=\"og:description\" content=\"[vc_row][vc_column][vc_row_inner][vc_column_inner][vc_column_text]Otok Krk Rimljani su nazvali insula aurea &#8211; zlatni otok. Mnogo je razloga zbog kojih su mu dali tako slavno ime, a jedan od na\u010dina da i vi otkrijete za\u0161to, je da krenete u istra\u017eivanje na jedrilici. Savr\u0161ena baza za istra\u017eivanje otoka kvarnerskog arhipelaga, kao i samog juga Jadrana, upravo je luka u gradu Krku. Saznajte vi\u0161e o jedrili\u010darskoj tradiciji ovog podru\u010dja i istra\u017eite njegovo pomorsko naslje\u0111e. Kamo god krenete, zasigurno \u0107ete otkriti bogato povijesno blago i spektakularne skrivene uvale, a sve to tijekom nezaboravnog jedrili\u010darskog iskustva u Hrvatskoj.[\/vc_column_text][\/vc_column_inner][\/vc_row_inner][vc_empty_space][vc_empty_space][vc_row_inner][vc_column_inner width=&#8221;1\/2&#8243;][vc_column_text]Nauti\u010dki...\" \/>\n<meta property=\"og:url\" content=\"https:\/\/experiencekrk.com\/hr\/jedrenje\/\" \/>\n<meta property=\"og:site_name\" content=\"Experience Krk\" \/>\n<meta property=\"article:modified_time\" content=\"2020-03-30T12:55:06+00:00\" \/>\n<meta name=\"twitter:card\" content=\"summary_large_image\" \/>\n<meta name=\"twitter:label1\" content=\"Procijenjeno vrijeme \u010ditanja\">\n\t<meta name=\"twitter:data1\" content=\"2 minute\">\n<script type=\"application\/ld+json\" class=\"yoast-schema-graph\">{\"@context\":\"https:\/\/schema.org\",\"@graph\":[{\"@type\":\"WebSite\",\"@id\":\"https:\/\/experiencekrk.com\/#website\",\"url\":\"https:\/\/experiencekrk.com\/\",\"name\":\"Experience Krk\",\"description\":\"Cultural Tours, Food &amp; Wine and more\",\"potentialAction\":[{\"@type\":\"SearchAction\",\"target\":\"https:\/\/experiencekrk.com\/?s={search_term_string}\",\"query-input\":\"required name=search_term_string\"}],\"inLanguage\":\"hr\"},{\"@type\":\"WebPage\",\"@id\":\"https:\/\/experiencekrk.com\/hr\/jedrenje\/#webpage\",\"url\":\"https:\/\/experiencekrk.com\/hr\/jedrenje\/\",\"name\":\"Jedrenje - Experience Krk\",\"isPartOf\":{\"@id\":\"https:\/\/experiencekrk.com\/#website\"},\"datePublished\":\"2019-04-29T11:09:12+00:00\",\"dateModified\":\"2020-03-30T12:55:06+00:00\",\"breadcrumb\":{\"@id\":\"https:\/\/experiencekrk.com\/hr\/jedrenje\/#breadcrumb\"},\"inLanguage\":\"hr\",\"potentialAction\":[{\"@type\":\"ReadAction\",\"target\":[\"https:\/\/experiencekrk.com\/hr\/jedrenje\/\"]}]},{\"@type\":\"BreadcrumbList\",\"@id\":\"https:\/\/experiencekrk.com\/hr\/jedrenje\/#breadcrumb\",\"itemListElement\":[{\"@type\":\"ListItem\",\"position\":1,\"item\":{\"@type\":\"WebPage\",\"@id\":\"https:\/\/experiencekrk.com\/hr\/\",\"url\":\"https:\/\/experiencekrk.com\/hr\/\",\"name\":\"Home\"}},{\"@type\":\"ListItem\",\"position\":2,\"item\":{\"@type\":\"WebPage\",\"@id\":\"https:\/\/experiencekrk.com\/hr\/jedrenje\/\",\"url\":\"https:\/\/experiencekrk.com\/hr\/jedrenje\/\",\"name\":\"Jedrenje\"}}]}]}<\/script>\n<!-- \/ Yoast SEO plugin. -->","_links":{"self":[{"href":"https:\/\/experiencekrk.com\/hr\/wp-json\/wp\/v2\/pages\/11208"}],"collection":[{"href":"https:\/\/experiencekrk.com\/hr\/wp-json\/wp\/v2\/pages"}],"about":[{"href":"https:\/\/experiencekrk.com\/hr\/wp-json\/wp\/v2\/types\/page"}],"author":[{"embeddable":true,"href":"https:\/\/experiencekrk.com\/hr\/wp-json\/wp\/v2\/users\/1"}],"replies":[{"embeddable":true,"href":"https:\/\/experiencekrk.com\/hr\/wp-json\/wp\/v2\/comments?post=11208"}],"version-history":[{"count":2,"href":"https:\/\/experiencekrk.com\/hr\/wp-json\/wp\/v2\/pages\/11208\/revisions"}],"predecessor-version":[{"id":11253,"href":"https:\/\/experiencekrk.com\/hr\/wp-json\/wp\/v2\/pages\/11208\/revisions\/11253"}],"wp:attachment":[{"href":"https:\/\/experiencekrk.com\/hr\/wp-json\/wp\/v2\/media?parent=11208"}],"curies":[{"name":"wp","href":"https:\/\/api.w.org\/{rel}","templated":true}]}}