{"id":11078,"date":"2019-04-16T06:53:48","date_gmt":"2019-04-16T06:53:48","guid":{"rendered":"https:\/\/experiencekrk.com\/pilgrimage\/the-shrine-of-the-blessed-virgin-mary-in-trsat\/"},"modified":"2020-04-01T11:51:15","modified_gmt":"2020-04-01T11:51:15","slug":"svetiste-majke-bozje-trsatske","status":"publish","type":"page","link":"https:\/\/experiencekrk.com\/hr\/hodocasca\/svetiste-majke-bozje-trsatske\/","title":{"rendered":"Sveti\u0161te Majke Bo\u017eje Trsatske"},"content":{"rendered":"<p>[vc_row][vc_column]<div class=\"mkdf-section-title-holder\">\n\t<h1 class=\"mkdf-section-title mkdf-section-title-medium\" >\n\tSveti\u0161te Majke Bo\u017eje Trsatske<\/h1>\n<\/div>[vc_column_text]Samo 45 km od grada Krka nalazi se sveti\u0161te Majke Bo\u017eje Trsatske. Malenu ku\u0107u u kojoj se rodila bla\u017eena Djevica Marija an\u0111eli su prenijeli iz Nazareta u Loreto gdje se ona i danas nalazi. Nazaretska ku\u0107ica Svete obitelji, na svom putovanju, par no\u0107i zadr\u017eala se i na Trsatu. Trsat je jedno od najpoznatijih marjanskih sveti\u0161ta u Hrvatskoj.[\/vc_column_text][vc_empty_space]<div class=\"mkdf-image-gallery\">\n    <div class=\"mkdf-image-gallery-grid mkdf-gallery-columns-2 \">\n                    <div class=\"mkdf-gallery-image\">\n                <div class=\"mkdf-hover-holder\">\n                \t\n                                                                        <img src=\"https:\/\/experiencekrk.com\/wp-content\/uploads\/2019\/04\/City-of-Krk-Shrine-Of-The-Blessed-Virgin-Mary-In-Trsat-600x400.jpg\" alt=\"\" width=\"600\" height=\"400\" \/>                        \t\t\t\t\t                <\/div>\n            <\/div>\n                    <div class=\"mkdf-gallery-image\">\n                <div class=\"mkdf-hover-holder\">\n                \t\n                                                                        <img src=\"https:\/\/experiencekrk.com\/wp-content\/uploads\/2019\/04\/City-of-Krk-Church-and-Castle-in-Trsat-600x400.jpg\" alt=\"\" width=\"600\" height=\"400\" \/>                        \t\t\t\t\t                <\/div>\n            <\/div>\n            <\/div>\n<\/div>[vc_column_text][\/vc_column_text][\/vc_column][\/vc_row][vc_row][vc_column][vc_empty_space]<div class=\"mkdf-separator-holder clearfix  mkdf-separator-center mkdf-separator-full-width\">\n\t<div class=\"mkdf-separator\" style=\"border-color: #ebebeb;border-style: solid;border-bottom-width: 1px;margin-top: 20px;margin-bottom: 45px\"><\/div>\n<\/div>\n<div class=\"mkdf-section-title-holder\">\n\t<h1 class=\"mkdf-section-title mkdf-section-title-small\" >\n\tKontakt i lokacija<\/h1>\n<\/div>[vc_row_inner][vc_column_inner width=&#8221;1\/4&#8243;][vc_column_text]<strong>Sveti\u0161te na Trsatu<\/strong><\/p>\n<p><strong>Svete mise:<\/strong><\/p>\n<p>Pon-Sub: 7:00, 8:30 &amp; 18:30<br \/>\nNedjelja: 7:00, 8:00, 9:00, 10:00, 11:30 &amp; 18:30<br \/>\nSvetkovine: 7:00, 8:30, 10:00 &amp; 18:30<\/p>\n<p>Telefon: <a href=\"tel:+38551452900\">+385 51 452 900<\/a><br \/>\nAdresa: Ul. Frankopanski Trg 12, 51000 Rijeka[\/vc_column_text][\/vc_column_inner][vc_column_inner width=&#8221;3\/4&#8243;][vc_raw_html]JTNDaWZyYW1lJTIwc3JjJTNEJTIyaHR0cHMlM0ElMkYlMkZ3d3cuZ29vZ2xlLmNvbSUyRm1hcHMlMkZlbWJlZCUzRnBiJTNEJTIxMW0xOCUyMTFtMTIlMjExbTMlMjExZDQ0MDc4MC4yOTA5MzU1ODg1JTIxMmQxNC40Mzg1Mjk2NjY0MjI4MjclMjEzZDQ1LjE1Nzc1NzIzMDg1MDUxNCUyMTJtMyUyMTFmMCUyMTJmMCUyMTNmMCUyMTNtMiUyMTFpMTAyNCUyMTJpNzY4JTIxNGYxMy4xJTIxM20zJTIxMW0yJTIxMXMweDQ3NjRhMTA2YWRkM2Y0NGQlMjUzQTB4ZTQ3ODBhOTIyYTI1MWM4NyUyMTJzT3VyJTJCTGFkeSUyQm9mJTJCVHJzYXQlMjE1ZTAlMjEzbTIlMjExc2VuJTIxMnNociUyMTR2MTU1NTM5Nzk2MTgyMCUyMTVtMiUyMTFzZW4lMjEyc2hyJTIyJTIwd2lkdGglM0QlMjI5MDAlMjIlMjBoZWlnaHQlM0QlMjIzNTAlMjIlMjBmcmFtZWJvcmRlciUzRCUyMjAlMjIlMjBzdHlsZSUzRCUyMmJvcmRlciUzQTAlMjIlMjBhbGxvd2Z1bGxzY3JlZW4lM0UlM0MlMkZpZnJhbWUlM0U=[\/vc_raw_html][\/vc_column_inner][\/vc_row_inner][\/vc_column][\/vc_row]<\/p>\n","protected":false},"excerpt":{"rendered":"<p>[vc_row][vc_column][vc_column_text]Samo 45 km od grada Krka nalazi se sveti\u0161te Majke Bo\u017eje Trsatske. Malenu ku\u0107u u kojoj se rodila bla\u017eena Djevica Marija an\u0111eli su prenijeli iz Nazareta u Loreto gdje se ona i danas nalazi. Nazaretska ku\u0107ica Svete obitelji, na svom putovanju, par no\u0107i zadr\u017eala se i na Trsatu. Trsat je jedno od najpoznatijih marjanskih sveti\u0161ta u Hrvatskoj.[\/vc_column_text][vc_empty_space][vc_column_text][\/vc_column_text][\/vc_column][\/vc_row][vc_row][vc_column][vc_empty_space][vc_row_inner][vc_column_inner width=&#8221;1\/4&#8243;][vc_column_text]Sveti\u0161te na Trsatu Svete mise: Pon-Sub: 7:00, 8:30 &amp; 18:30 Nedjelja: 7:00, 8:00, 9:00, 10:00, 11:30 &amp; 18:30 Svetkovine: 7:00, 8:30, 10:00 &amp; 18:30 Telefon: +385 51 452 900 Adresa: Ul. Frankopanski Trg&#8230;<\/p>\n","protected":false},"author":1,"featured_media":0,"parent":11041,"menu_order":0,"comment_status":"closed","ping_status":"closed","template":"","meta":[],"yoast_head":"<!-- This site is optimized with the Yoast SEO plugin v16.0.1 - https:\/\/yoast.com\/wordpress\/plugins\/seo\/ -->\n<title>Sveti\u0161te Majke Bo\u017eje Trsatske - Experience Krk<\/title>\n<link rel=\"canonical\" href=\"https:\/\/experiencekrk.com\/hr\/hodocasca\/svetiste-majke-bozje-trsatske\/\" \/>\n<meta property=\"og:locale\" content=\"hr_HR\" \/>\n<meta property=\"og:type\" content=\"article\" \/>\n<meta property=\"og:title\" content=\"Sveti\u0161te Majke Bo\u017eje Trsatske - Experience Krk\" \/>\n<meta property=\"og:description\" content=\"[vc_row][vc_column][vc_column_text]Samo 45 km od grada Krka nalazi se sveti\u0161te Majke Bo\u017eje Trsatske. Malenu ku\u0107u u kojoj se rodila bla\u017eena Djevica Marija an\u0111eli su prenijeli iz Nazareta u Loreto gdje se ona i danas nalazi. Nazaretska ku\u0107ica Svete obitelji, na svom putovanju, par no\u0107i zadr\u017eala se i na Trsatu. Trsat je jedno od najpoznatijih marjanskih sveti\u0161ta u Hrvatskoj.[\/vc_column_text][vc_empty_space][vc_column_text][\/vc_column_text][\/vc_column][\/vc_row][vc_row][vc_column][vc_empty_space][vc_row_inner][vc_column_inner width=&#8221;1\/4&#8243;][vc_column_text]Sveti\u0161te na Trsatu Svete mise: Pon-Sub: 7:00, 8:30 &amp; 18:30 Nedjelja: 7:00, 8:00, 9:00, 10:00, 11:30 &amp; 18:30 Svetkovine: 7:00, 8:30, 10:00 &amp; 18:30 Telefon: +385 51 452 900 Adresa: Ul. Frankopanski Trg...\" \/>\n<meta property=\"og:url\" content=\"https:\/\/experiencekrk.com\/hr\/hodocasca\/svetiste-majke-bozje-trsatske\/\" \/>\n<meta property=\"og:site_name\" content=\"Experience Krk\" \/>\n<meta property=\"article:modified_time\" content=\"2020-04-01T11:51:15+00:00\" \/>\n<meta name=\"twitter:card\" content=\"summary_large_image\" \/>\n<meta name=\"twitter:label1\" content=\"Procijenjeno vrijeme \u010ditanja\">\n\t<meta name=\"twitter:data1\" content=\"1 minuta\">\n<script type=\"application\/ld+json\" class=\"yoast-schema-graph\">{\"@context\":\"https:\/\/schema.org\",\"@graph\":[{\"@type\":\"WebSite\",\"@id\":\"https:\/\/experiencekrk.com\/#website\",\"url\":\"https:\/\/experiencekrk.com\/\",\"name\":\"Experience Krk\",\"description\":\"Cultural Tours, Food &amp; Wine and more\",\"potentialAction\":[{\"@type\":\"SearchAction\",\"target\":\"https:\/\/experiencekrk.com\/?s={search_term_string}\",\"query-input\":\"required name=search_term_string\"}],\"inLanguage\":\"hr\"},{\"@type\":\"WebPage\",\"@id\":\"https:\/\/experiencekrk.com\/hr\/hodocasca\/svetiste-majke-bozje-trsatske\/#webpage\",\"url\":\"https:\/\/experiencekrk.com\/hr\/hodocasca\/svetiste-majke-bozje-trsatske\/\",\"name\":\"Sveti\\u0161te Majke Bo\\u017eje Trsatske - Experience Krk\",\"isPartOf\":{\"@id\":\"https:\/\/experiencekrk.com\/#website\"},\"datePublished\":\"2019-04-16T06:53:48+00:00\",\"dateModified\":\"2020-04-01T11:51:15+00:00\",\"breadcrumb\":{\"@id\":\"https:\/\/experiencekrk.com\/hr\/hodocasca\/svetiste-majke-bozje-trsatske\/#breadcrumb\"},\"inLanguage\":\"hr\",\"potentialAction\":[{\"@type\":\"ReadAction\",\"target\":[\"https:\/\/experiencekrk.com\/hr\/hodocasca\/svetiste-majke-bozje-trsatske\/\"]}]},{\"@type\":\"BreadcrumbList\",\"@id\":\"https:\/\/experiencekrk.com\/hr\/hodocasca\/svetiste-majke-bozje-trsatske\/#breadcrumb\",\"itemListElement\":[{\"@type\":\"ListItem\",\"position\":1,\"item\":{\"@type\":\"WebPage\",\"@id\":\"https:\/\/experiencekrk.com\/hr\/\",\"url\":\"https:\/\/experiencekrk.com\/hr\/\",\"name\":\"Home\"}},{\"@type\":\"ListItem\",\"position\":2,\"item\":{\"@type\":\"WebPage\",\"@id\":\"https:\/\/experiencekrk.com\/hr\/hodocasca\/\",\"url\":\"https:\/\/experiencekrk.com\/hr\/hodocasca\/\",\"name\":\"Hodo\\u010da\\u0161\\u0107a\"}},{\"@type\":\"ListItem\",\"position\":3,\"item\":{\"@type\":\"WebPage\",\"@id\":\"https:\/\/experiencekrk.com\/hr\/hodocasca\/svetiste-majke-bozje-trsatske\/\",\"url\":\"https:\/\/experiencekrk.com\/hr\/hodocasca\/svetiste-majke-bozje-trsatske\/\",\"name\":\"Sveti\\u0161te Majke Bo\\u017eje Trsatske\"}}]}]}<\/script>\n<!-- \/ Yoast SEO plugin. -->","_links":{"self":[{"href":"https:\/\/experiencekrk.com\/hr\/wp-json\/wp\/v2\/pages\/11078"}],"collection":[{"href":"https:\/\/experiencekrk.com\/hr\/wp-json\/wp\/v2\/pages"}],"about":[{"href":"https:\/\/experiencekrk.com\/hr\/wp-json\/wp\/v2\/types\/page"}],"author":[{"embeddable":true,"href":"https:\/\/experiencekrk.com\/hr\/wp-json\/wp\/v2\/users\/1"}],"replies":[{"embeddable":true,"href":"https:\/\/experiencekrk.com\/hr\/wp-json\/wp\/v2\/comments?post=11078"}],"version-history":[{"count":2,"href":"https:\/\/experiencekrk.com\/hr\/wp-json\/wp\/v2\/pages\/11078\/revisions"}],"predecessor-version":[{"id":11085,"href":"https:\/\/experiencekrk.com\/hr\/wp-json\/wp\/v2\/pages\/11078\/revisions\/11085"}],"up":[{"embeddable":true,"href":"https:\/\/experiencekrk.com\/hr\/wp-json\/wp\/v2\/pages\/11041"}],"wp:attachment":[{"href":"https:\/\/experiencekrk.com\/hr\/wp-json\/wp\/v2\/media?parent=11078"}],"curies":[{"name":"wp","href":"https:\/\/api.w.org\/{rel}","templated":true}]}}