{"id":11052,"date":"2019-04-16T06:23:07","date_gmt":"2019-04-16T06:23:07","guid":{"rendered":"https:\/\/experiencekrk.com\/pilgrimage\/cathedral-of-the-assumption-of-the-blessed-virgin-mary\/"},"modified":"2024-03-12T14:37:43","modified_gmt":"2024-03-12T14:37:43","slug":"katedrala-uznesenja-blazene-djevice-marije","status":"publish","type":"page","link":"https:\/\/experiencekrk.com\/hr\/hodocasca\/katedrala-uznesenja-blazene-djevice-marije\/","title":{"rendered":"Katedrala Uznesenja Bla\u017eene Djevice Marije"},"content":{"rendered":"<p>[vc_row][vc_column]<div class=\"mkdf-section-title-holder\">\n\t<h1 class=\"mkdf-section-title mkdf-section-title-medium\" >\n\tKatedrala Uznesenja Bla\u017eene Djevice Marije<\/h1>\n<\/div>[vc_column_text]Katedrala je sagra\u0111ena na ostacima rimskih kupelji, a u njezinim temeljima nalazi se krstionica. Na istoj lokaciji je sagra\u0111ena prva kr\u0161\u0107anska katedrala u 5. stolje\u0107u. Stolje\u0107ima kasnije katedrala je pretrpjela velike promjene. Zvonik katedrale jedan je od prepoznatljivih simbola grada, a na njenom vrhu ponosno sjedi an\u0111eo.[\/vc_column_text][vc_empty_space]<div class=\"mkdf-image-gallery\">\n    <div class=\"mkdf-image-gallery-grid mkdf-gallery-columns-2 \">\n                    <div class=\"mkdf-gallery-image\">\n                <div class=\"mkdf-hover-holder\">\n                \t\n                                                                        <img src=\"https:\/\/experiencekrk.com\/wp-content\/uploads\/2019\/04\/City-of-Krk-pilgrimage-home-image-600x400.jpg\" alt=\"\" width=\"600\" height=\"400\" \/>                        \t\t\t\t\t                <\/div>\n            <\/div>\n                    <div class=\"mkdf-gallery-image\">\n                <div class=\"mkdf-hover-holder\">\n                \t\n                                                                        <img src=\"https:\/\/experiencekrk.com\/wp-content\/uploads\/2019\/04\/City-of-Krk-columns-inside-the-Cathedral-600x400.jpg\" alt=\"\" width=\"600\" height=\"400\" \/>                        \t\t\t\t\t                <\/div>\n            <\/div>\n            <\/div>\n<\/div>[vc_column_text][\/vc_column_text][\/vc_column][\/vc_row][vc_row][vc_column][vc_empty_space]<div class=\"mkdf-separator-holder clearfix  mkdf-separator-center mkdf-separator-full-width\">\n\t<div class=\"mkdf-separator\" style=\"border-color: #ebebeb;border-style: solid;border-bottom-width: 1px;margin-top: 20px;margin-bottom: 45px\"><\/div>\n<\/div>\n<div class=\"mkdf-section-title-holder\">\n\t<h1 class=\"mkdf-section-title mkdf-section-title-small\" >\n\tKontakt i lokacija<\/h1>\n<\/div>[vc_row_inner][vc_column_inner width=&#8221;1\/4&#8243;][vc_column_text]Adresa: Ul. Antuna Mahni\u0107a 27, 51500 Krk[\/vc_column_text][\/vc_column_inner][vc_column_inner width=&#8221;3\/4&#8243;][vc_raw_html]JTNDaWZyYW1lJTIwc3JjJTNEJTIyaHR0cHMlM0ElMkYlMkZ3d3cuZ29vZ2xlLmNvbSUyRm1hcHMlMkZlbWJlZCUzRnBiJTNEJTIxMW0xOCUyMTFtMTIlMjExbTMlMjExZDE4MTc0LjYxNjkzNTIzMTA2JTIxMmQxNC41NzkxNTQxMTEwNDM1MiUyMTNkNDUuMDI2MzUwMjk4MDcyMTQlMjEybTMlMjExZjAlMjEyZjAlMjEzZjAlMjEzbTIlMjExaTEwMjQlMjEyaTc2OCUyMTRmMTMuMSUyMTNtMyUyMTFtMiUyMTFzMHg0NzYzNzM2ODczNTZiOWNmJTI1M0EweDc4YjNjZDc3MDRjODA0MzglMjEyc0thdGVkcmElMjE1ZTAlMjEzbTIlMjExc2VuJTIxMnNociUyMTR2MTU1NTM5NjAzMjUzNSUyMTVtMiUyMTFzZW4lMjEyc2hyJTIyJTIwd2lkdGglM0QlMjI5ODAlMjIlMjBoZWlnaHQlM0QlMjIzNTAlMjIlMjBmcmFtZWJvcmRlciUzRCUyMjAlMjIlMjBzdHlsZSUzRCUyMmJvcmRlciUzQTAlMjIlMjBhbGxvd2Z1bGxzY3JlZW4lM0UlM0MlMkZpZnJhbWUlM0U=[\/vc_raw_html][\/vc_column_inner][\/vc_row_inner][\/vc_column][\/vc_row]<\/p>\n","protected":false},"excerpt":{"rendered":"<p>[vc_row][vc_column][vc_column_text]Katedrala je sagra\u0111ena na ostacima rimskih kupelji, a u njezinim temeljima nalazi se krstionica. Na istoj lokaciji je sagra\u0111ena prva kr\u0161\u0107anska katedrala u 5. stolje\u0107u. Stolje\u0107ima kasnije katedrala je pretrpjela velike promjene. Zvonik katedrale jedan je od prepoznatljivih simbola grada, a na njenom vrhu ponosno sjedi an\u0111eo.[\/vc_column_text][vc_empty_space][vc_column_text][\/vc_column_text][\/vc_column][\/vc_row][vc_row][vc_column][vc_empty_space][vc_row_inner][vc_column_inner width=&#8221;1\/4&#8243;][vc_column_text]Adresa: Ul. Antuna Mahni\u0107a 27, 51500 Krk[\/vc_column_text][\/vc_column_inner][vc_column_inner width=&#8221;3\/4&#8243;][vc_raw_html]JTNDaWZyYW1lJTIwc3JjJTNEJTIyaHR0cHMlM0ElMkYlMkZ3d3cuZ29vZ2xlLmNvbSUyRm1hcHMlMkZlbWJlZCUzRnBiJTNEJTIxMW0xOCUyMTFtMTIlMjExbTMlMjExZDE4MTc0LjYxNjkzNTIzMTA2JTIxMmQxNC41NzkxNTQxMTEwNDM1MiUyMTNkNDUuMDI2MzUwMjk4MDcyMTQlMjEybTMlMjExZjAlMjEyZjAlMjEzZjAlMjEzbTIlMjExaTEwMjQlMjEyaTc2OCUyMTRmMTMuMSUyMTNtMyUyMTFtMiUyMTFzMHg0NzYzNzM2ODczNTZiOWNmJTI1M0EweDc4YjNjZDc3MDRjODA0MzglMjEyc0thdGVkcmElMjE1ZTAlMjEzbTIlMjExc2VuJTIxMnNociUyMTR2MTU1NTM5NjAzMjUzNSUyMTVtMiUyMTFzZW4lMjEyc2hyJTIyJTIwd2lkdGglM0QlMjI5ODAlMjIlMjBoZWlnaHQlM0QlMjIzNTAlMjIlMjBmcmFtZWJvcmRlciUzRCUyMjAlMjIlMjBzdHlsZSUzRCUyMmJvcmRlciUzQTAlMjIlMjBhbGxvd2Z1bGxzY3JlZW4lM0UlM0MlMkZpZnJhbWUlM0U=[\/vc_raw_html][\/vc_column_inner][\/vc_row_inner][\/vc_column][\/vc_row]<\/p>\n","protected":false},"author":1,"featured_media":0,"parent":11041,"menu_order":0,"comment_status":"closed","ping_status":"closed","template":"","meta":[],"yoast_head":"<!-- This site is optimized with the Yoast SEO plugin v16.0.1 - https:\/\/yoast.com\/wordpress\/plugins\/seo\/ -->\n<title>Katedrala Uznesenja Bla\u017eene Djevice Marije - Experience Krk<\/title>\n<link rel=\"canonical\" href=\"https:\/\/experiencekrk.com\/hr\/hodocasca\/katedrala-uznesenja-blazene-djevice-marije\/\" \/>\n<meta property=\"og:locale\" content=\"hr_HR\" \/>\n<meta property=\"og:type\" content=\"article\" \/>\n<meta property=\"og:title\" content=\"Katedrala Uznesenja Bla\u017eene Djevice Marije - Experience Krk\" \/>\n<meta property=\"og:description\" content=\"[vc_row][vc_column][vc_column_text]Katedrala je sagra\u0111ena na ostacima rimskih kupelji, a u njezinim temeljima nalazi se krstionica. Na istoj lokaciji je sagra\u0111ena prva kr\u0161\u0107anska katedrala u 5. stolje\u0107u. Stolje\u0107ima kasnije katedrala je pretrpjela velike promjene. Zvonik katedrale jedan je od prepoznatljivih simbola grada, a na njenom vrhu ponosno sjedi an\u0111eo.[\/vc_column_text][vc_empty_space][vc_column_text][\/vc_column_text][\/vc_column][\/vc_row][vc_row][vc_column][vc_empty_space][vc_row_inner][vc_column_inner width=&#8221;1\/4&#8243;][vc_column_text]Adresa: Ul. Antuna Mahni\u0107a 27, 51500 Krk[\/vc_column_text][\/vc_column_inner][vc_column_inner width=&#8221;3\/4&#8243;][vc_raw_html]JTNDaWZyYW1lJTIwc3JjJTNEJTIyaHR0cHMlM0ElMkYlMkZ3d3cuZ29vZ2xlLmNvbSUyRm1hcHMlMkZlbWJlZCUzRnBiJTNEJTIxMW0xOCUyMTFtMTIlMjExbTMlMjExZDE4MTc0LjYxNjkzNTIzMTA2JTIxMmQxNC41NzkxNTQxMTEwNDM1MiUyMTNkNDUuMDI2MzUwMjk4MDcyMTQlMjEybTMlMjExZjAlMjEyZjAlMjEzZjAlMjEzbTIlMjExaTEwMjQlMjEyaTc2OCUyMTRmMTMuMSUyMTNtMyUyMTFtMiUyMTFzMHg0NzYzNzM2ODczNTZiOWNmJTI1M0EweDc4YjNjZDc3MDRjODA0MzglMjEyc0thdGVkcmElMjE1ZTAlMjEzbTIlMjExc2VuJTIxMnNociUyMTR2MTU1NTM5NjAzMjUzNSUyMTVtMiUyMTFzZW4lMjEyc2hyJTIyJTIwd2lkdGglM0QlMjI5ODAlMjIlMjBoZWlnaHQlM0QlMjIzNTAlMjIlMjBmcmFtZWJvcmRlciUzRCUyMjAlMjIlMjBzdHlsZSUzRCUyMmJvcmRlciUzQTAlMjIlMjBhbGxvd2Z1bGxzY3JlZW4lM0UlM0MlMkZpZnJhbWUlM0U=[\/vc_raw_html][\/vc_column_inner][\/vc_row_inner][\/vc_column][\/vc_row]\" \/>\n<meta property=\"og:url\" content=\"https:\/\/experiencekrk.com\/hr\/hodocasca\/katedrala-uznesenja-blazene-djevice-marije\/\" \/>\n<meta property=\"og:site_name\" content=\"Experience Krk\" \/>\n<meta property=\"article:modified_time\" content=\"2024-03-12T14:37:43+00:00\" \/>\n<meta name=\"twitter:card\" content=\"summary_large_image\" \/>\n<meta name=\"twitter:label1\" content=\"Procijenjeno vrijeme \u010ditanja\">\n\t<meta name=\"twitter:data1\" content=\"1 minuta\">\n<script type=\"application\/ld+json\" class=\"yoast-schema-graph\">{\"@context\":\"https:\/\/schema.org\",\"@graph\":[{\"@type\":\"WebSite\",\"@id\":\"https:\/\/experiencekrk.com\/#website\",\"url\":\"https:\/\/experiencekrk.com\/\",\"name\":\"Experience Krk\",\"description\":\"Cultural Tours, Food &amp; Wine and more\",\"potentialAction\":[{\"@type\":\"SearchAction\",\"target\":\"https:\/\/experiencekrk.com\/?s={search_term_string}\",\"query-input\":\"required name=search_term_string\"}],\"inLanguage\":\"hr\"},{\"@type\":\"WebPage\",\"@id\":\"https:\/\/experiencekrk.com\/hr\/hodocasca\/katedrala-uznesenja-blazene-djevice-marije\/#webpage\",\"url\":\"https:\/\/experiencekrk.com\/hr\/hodocasca\/katedrala-uznesenja-blazene-djevice-marije\/\",\"name\":\"Katedrala Uznesenja Bla\\u017eene Djevice Marije - Experience Krk\",\"isPartOf\":{\"@id\":\"https:\/\/experiencekrk.com\/#website\"},\"datePublished\":\"2019-04-16T06:23:07+00:00\",\"dateModified\":\"2024-03-12T14:37:43+00:00\",\"breadcrumb\":{\"@id\":\"https:\/\/experiencekrk.com\/hr\/hodocasca\/katedrala-uznesenja-blazene-djevice-marije\/#breadcrumb\"},\"inLanguage\":\"hr\",\"potentialAction\":[{\"@type\":\"ReadAction\",\"target\":[\"https:\/\/experiencekrk.com\/hr\/hodocasca\/katedrala-uznesenja-blazene-djevice-marije\/\"]}]},{\"@type\":\"BreadcrumbList\",\"@id\":\"https:\/\/experiencekrk.com\/hr\/hodocasca\/katedrala-uznesenja-blazene-djevice-marije\/#breadcrumb\",\"itemListElement\":[{\"@type\":\"ListItem\",\"position\":1,\"item\":{\"@type\":\"WebPage\",\"@id\":\"https:\/\/experiencekrk.com\/hr\/\",\"url\":\"https:\/\/experiencekrk.com\/hr\/\",\"name\":\"Home\"}},{\"@type\":\"ListItem\",\"position\":2,\"item\":{\"@type\":\"WebPage\",\"@id\":\"https:\/\/experiencekrk.com\/hr\/hodocasca\/\",\"url\":\"https:\/\/experiencekrk.com\/hr\/hodocasca\/\",\"name\":\"Hodo\\u010da\\u0161\\u0107a\"}},{\"@type\":\"ListItem\",\"position\":3,\"item\":{\"@type\":\"WebPage\",\"@id\":\"https:\/\/experiencekrk.com\/hr\/hodocasca\/katedrala-uznesenja-blazene-djevice-marije\/\",\"url\":\"https:\/\/experiencekrk.com\/hr\/hodocasca\/katedrala-uznesenja-blazene-djevice-marije\/\",\"name\":\"Katedrala Uznesenja Bla\\u017eene Djevice Marije\"}}]}]}<\/script>\n<!-- \/ Yoast SEO plugin. -->","_links":{"self":[{"href":"https:\/\/experiencekrk.com\/hr\/wp-json\/wp\/v2\/pages\/11052"}],"collection":[{"href":"https:\/\/experiencekrk.com\/hr\/wp-json\/wp\/v2\/pages"}],"about":[{"href":"https:\/\/experiencekrk.com\/hr\/wp-json\/wp\/v2\/types\/page"}],"author":[{"embeddable":true,"href":"https:\/\/experiencekrk.com\/hr\/wp-json\/wp\/v2\/users\/1"}],"replies":[{"embeddable":true,"href":"https:\/\/experiencekrk.com\/hr\/wp-json\/wp\/v2\/comments?post=11052"}],"version-history":[{"count":3,"href":"https:\/\/experiencekrk.com\/hr\/wp-json\/wp\/v2\/pages\/11052\/revisions"}],"predecessor-version":[{"id":33356,"href":"https:\/\/experiencekrk.com\/hr\/wp-json\/wp\/v2\/pages\/11052\/revisions\/33356"}],"up":[{"embeddable":true,"href":"https:\/\/experiencekrk.com\/hr\/wp-json\/wp\/v2\/pages\/11041"}],"wp:attachment":[{"href":"https:\/\/experiencekrk.com\/hr\/wp-json\/wp\/v2\/media?parent=11052"}],"curies":[{"name":"wp","href":"https:\/\/api.w.org\/{rel}","templated":true}]}}