{"id":11041,"date":"2019-04-16T05:49:41","date_gmt":"2019-04-16T05:49:41","guid":{"rendered":"https:\/\/experiencekrk.com\/pilgrimage\/"},"modified":"2020-04-01T11:38:11","modified_gmt":"2020-04-01T11:38:11","slug":"hodocasca","status":"publish","type":"page","link":"https:\/\/experiencekrk.com\/hr\/hodocasca\/","title":{"rendered":"Hodo\u010da\u0161\u0107a"},"content":{"rendered":"<p>[vc_row][vc_column]<div class=\"mkdf-section-title-holder\">\n\t<h1 class=\"mkdf-section-title mkdf-section-title-medium\" >\n\tHodo\u010da\u0161\u0107a<\/h1>\n<\/div>[vc_column_text]Prvi znakovi kr\u0161\u0107anstva na otoku Krku potje\u010du iz 5. st. poslije Krista, kada je Krk bio pod rimskim carstvom. Katedrala Uznesenja Bla\u017eene Djevice Marije u Krku sagra\u0111ena je na ostacima rimskih kupelji. Katedrala sa zvonikom jedan je od najprepoznatljivijih simbola grada.<\/p>\n<p>Obitelj Frankopan bila je vrlo religiozna i unutar katedrale je njihova obiteljska kapela. \u0160tovi\u0161e, u blizini katedrale nalazi se crkva sv. Kvirina, za\u0161titnika grada, a Krk je oko 45 km udaljen od sveti\u0161ta Gospe od Trsata.[\/vc_column_text][\/vc_column][\/vc_row][vc_row][vc_column]<div class=\"mkdf-separator-holder clearfix  mkdf-separator-center mkdf-separator-full-width\">\n\t<div class=\"mkdf-separator\" style=\"border-color: #ebebeb;border-style: solid;border-bottom-width: 1px;margin-top: 20px;margin-bottom: 45px\"><\/div>\n<\/div>\n[vc_row_inner][vc_column_inner width=&#8221;1\/3&#8243;][vc_single_image image=&#8221;3307&#8243; img_size=&#8221;full&#8221; alignment=&#8221;center&#8221; style=&#8221;vc_box_rounded&#8221; onclick=&#8221;custom_link&#8221; link=&#8221;https:\/\/experiencekrk.com\/pilgrimage\/cathedral-of-the-assumption-of-the-blessed-virgin-mary\/&#8221;][vc_column_text el_class=&#8221;custom-tour-text&#8221;]<\/p>\n<p style=\"text-align: center;\"><a href=\"https:\/\/experiencekrk.com\/hr\/hodocasca\/katedrala-uznesenja-blazene-djevice-marije\/\"><span style=\"color: #870337;\"><strong>Katedrala i zvonik<\/strong><\/span><\/a><\/p>\n<p>[\/vc_column_text][\/vc_column_inner][vc_column_inner width=&#8221;1\/3&#8243;][vc_single_image image=&#8221;3475&#8243; img_size=&#8221;full&#8221; alignment=&#8221;center&#8221; style=&#8221;vc_box_rounded&#8221; onclick=&#8221;custom_link&#8221; link=&#8221;https:\/\/experiencekrk.com\/pilgrimage\/church-of-st-quirinus\/&#8221;][vc_column_text el_class=&#8221;custom-tour-text&#8221;]<\/p>\n<p style=\"text-align: center;\"><a href=\"https:\/\/experiencekrk.com\/hr\/hodocasca\/crkva-sv-kvirina\/\"><span style=\"color: #870337;\"><strong><b>Crkva sv. Kvirina<\/b><\/strong><\/span><\/a><\/p>\n<p>[\/vc_column_text][\/vc_column_inner][vc_column_inner width=&#8221;1\/3&#8243;][vc_single_image image=&#8221;3486&#8243; img_size=&#8221;full&#8221; alignment=&#8221;center&#8221; style=&#8221;vc_box_rounded&#8221; onclick=&#8221;custom_link&#8221; link=&#8221;https:\/\/experiencekrk.com\/pilgrimage\/church-of-the-mother-of-god-health\/&#8221;][vc_column_text el_class=&#8221;custom-tour-text&#8221; css=&#8221;.vc_custom_1585493741621{border-right-width: 0px !important;border-left-width: 0px !important;background-position: center !important;background-repeat: no-repeat !important;background-size: contain !important;}&#8221;]<\/p>\n<p style=\"text-align: center;\"><a href=\"https:\/\/experiencekrk.com\/hr\/hodocasca\/crkva-majke-bozje-od-zdravlja\/\"><span style=\"color: #870337;\"><strong>Crkva Majke Bo\u017eje od zdravlja<\/strong><\/span><\/a><\/p>\n<p>[\/vc_column_text][\/vc_column_inner][\/vc_row_inner][vc_empty_space][vc_row_inner][vc_column_inner width=&#8221;1\/3&#8243;][vc_single_image image=&#8221;3481&#8243; img_size=&#8221;full&#8221; alignment=&#8221;center&#8221; style=&#8221;vc_box_rounded&#8221; onclick=&#8221;custom_link&#8221; link=&#8221;https:\/\/experiencekrk.com\/pilgrimage\/the-shrine-of-the-blessed-virgin-mary-in-trsat\/&#8221;][vc_column_text el_class=&#8221;custom-tour-text&#8221;]<\/p>\n<p style=\"text-align: center;\"><a href=\"https:\/\/experiencekrk.com\/hr\/hodocasca\/svetiste-majke-bozje-trsatske\/\"><span style=\"color: #870337;\"><strong>Sveti\u0161te Majke Bo\u017eje Trsatske<\/strong><\/span><\/a><\/p>\n<p>[\/vc_column_text][\/vc_column_inner][vc_column_inner width=&#8221;1\/3&#8243;][vc_single_image image=&#8221;3471&#8243; img_size=&#8221;full&#8221; alignment=&#8221;center&#8221; style=&#8221;vc_box_rounded&#8221; onclick=&#8221;custom_link&#8221; link=&#8221;https:\/\/experiencekrk.com\/pilgrimage\/church-of-saint-francis-and-its-monastery\/&#8221;][vc_column_text el_class=&#8221;custom-tour-text&#8221;]<\/p>\n<p style=\"text-align: center;\"><a href=\"https:\/\/experiencekrk.com\/hr\/hodocasca\/crkva-i-samostan-sv-franje\/\"><span style=\"color: #870337;\"><strong>Crkva sv. Franje<\/strong><\/span><\/a><\/p>\n<p>[\/vc_column_text][\/vc_column_inner][vc_column_inner width=&#8221;1\/3&#8243;][vc_single_image image=&#8221;3479&#8243; img_size=&#8221;full&#8221; alignment=&#8221;center&#8221; style=&#8221;vc_box_rounded&#8221; onclick=&#8221;custom_link&#8221; link=&#8221;https:\/\/experiencekrk.com\/pilgrimage\/saint-donat-saint-grysogonus\/&#8221;][vc_column_text el_class=&#8221;custom-tour-text&#8221;]<\/p>\n<p style=\"text-align: center;\"><a href=\"https:\/\/experiencekrk.com\/hr\/hodocasca\/sv-dunat-i-sv-krsevan\/\"><span style=\"color: #870337;\"><strong>Sv. Dunat i Sv. Kr\u0161evan<\/strong><\/span><\/a><\/p>\n<p>[\/vc_column_text][\/vc_column_inner][\/vc_row_inner][\/vc_column][\/vc_row][vc_row][vc_column][vc_empty_space height=&#8221;40px&#8221;]<div class=\"mkdf-separator-holder clearfix  mkdf-separator-center mkdf-separator-full-width\">\n\t<div class=\"mkdf-separator\" style=\"border-color: #ebebeb;border-style: solid;border-bottom-width: 1px;margin-top: 20px;margin-bottom: 45px\"><\/div>\n<\/div>\n<div class=\"mkdf-section-title-holder\">\n\t<h1 class=\"mkdf-section-title mkdf-section-title-medium\" >\n\tRecommended tours<\/h1>\n<\/div><div class=\"mkdf-tours-list-holder mkdf-tours-gallery-with-hover\">\n\t\t\t\t\t\t<div class=\"mkdf-tours-list-pagination-data\">\n\t\t\t\t<input type=\"hidden\" name=\"order_by\" value=\"menu_order\">\n\t\t\t\t<input type=\"hidden\" name=\"order\" value=\"ASC\">\n\t\t\t\t<input type=\"hidden\" name=\"tour_category\" value=\"religious-tours\">\n\t\t\t\t<input type=\"hidden\" name=\"number\" value=\"2\">\n\t\t\t\t<input type=\"hidden\" name=\"thumb_size\" value=\"voyage_landscape\">\n\t\t\t\t<input type=\"hidden\" name=\"next_page\" value=\"2\">\n\t\t\t\t<input type=\"hidden\" name=\"tour_type\" value=\"standard\">\n\t\t\t\t<input type=\"hidden\" name=\"image_size\" value=\"landscape\">\n\t\t\t\t<input type=\"hidden\" name=\"text_length\" value=\"90\">\n\t\t\t<\/div>\n\t\t\n\t\t\n\t\t<div class=\"mkdf-tours-list-holder-inner mkdf-two-items\">\n\n\t\t\t\t\n\t<div class=\"mkdf-tour-list-item-inner post-6376 tour-item type-tour-item status-publish has-post-thumbnail hentry tour-category-pjesacenje tour-category-religijske-ture\">\n\t\t<div class=\"mkdf-tours-standard-item post-6376 tour-item type-tour-item status-publish has-post-thumbnail hentry tour-category-pjesacenje tour-category-religijske-ture\">\n\t\t\t<div class=\"mkdf-tours-standard-item-image-holder\">\n\t\t\t<a href=\"https:\/\/experiencekrk.com\/hr\/tour-item\/camino-krk\/\">\n\t\t\t\t<img width=\"800\" height=\"600\" src=\"https:\/\/experiencekrk.com\/wp-content\/uploads\/2016\/02\/2019-10-04-12.17.53-800x600.jpg\" class=\"attachment-voyage_landscape size-voyage_landscape wp-post-image\" alt=\"\" loading=\"lazy\" srcset=\"https:\/\/experiencekrk.com\/wp-content\/uploads\/2016\/02\/2019-10-04-12.17.53-800x600.jpg 800w, https:\/\/experiencekrk.com\/wp-content\/uploads\/2016\/02\/2019-10-04-12.17.53-300x225.jpg 300w, https:\/\/experiencekrk.com\/wp-content\/uploads\/2016\/02\/2019-10-04-12.17.53-768x576.jpg 768w, https:\/\/experiencekrk.com\/wp-content\/uploads\/2016\/02\/2019-10-04-12.17.53-1024x768.jpg 1024w\" sizes=\"(max-width: 800px) 100vw, 800px\" \/>\n\t\t\t\t\t\t\t\t\t<span class=\"mkdf-tours-standard-item-label-holder\">\n\t\t\t\t\t\t\n\t\t<span class=\"mkdf-tour-item-label\">\n\t\t\t<span class=\"mkdf-tour-item-label-inner\">\n\t\t\t\t\t\t\t<\/span>\n\t\t<\/span>\n\n\t\t\t\t\t\t\t<\/span>\n\t\t\t\t\t\t\t<\/a>\n\t\t<\/div>\n\t\n\t<div class=\"mkdf-tours-standard-item-content-holder\">\n\t\t<div class=\"mkdf-tours-standard-item-title-price-holder\">\n\t\t\t<h5 class=\"mkdf-tour-title\" >\n\t\t\t\t<a href=\"https:\/\/experiencekrk.com\/hr\/tour-item\/camino-krk\/\">Camino Krk<\/a>\n\n\t\t\t\t<span class=\"mkdf-tours-standard-item-price-holder\">\n\t\t\t\t\t\n\t\t<span class=\"mkdf-tours-price-holder\">\n\t\t\t\t\t\t\t<span class=\"mkdf-tours-item-price\">$1<\/span>\n\t\t\t\t\t\t\t\t<\/span>\n\n\t\t\t\t\t\t<\/span>\n\n\t\t\t<\/h5>\n\t\t<\/div>\n\n\t\t<div class=\"mkdf-tours-standard-item-rating\">\n\t\t\t\n\t\t\n\t\t\t\t<\/div>\n\n\t\t\t\t\t<div class=\"mkdf-tours-standard-item-excerpt\">\n\t\t\t\t[vc_row][vc_column][vc_column_text] ENGLISH &#8211; ITALIANO &#8211; DEUTSCH ** Za vi\u0161e informacija i najto\u010dniju kartu, posjetite slu\u017ebeni web: www.caminokrk.com CAMINO KRK &#8211; POZIV ZA UKLJU\u010cENJE U PROJEKT &gt;&gt; Slijedom tradicije hrvatskih bratov\u0161tina sv. Jakova koji poma\u017eu hodo\u010dasnicima na putu do Santiaga de Compostele od 1203. godine, Hrvatska bratov\u0161tina sv Jakova zapo\u010dela s revitalizacijom srednjovjekovnih hodo\u010dasni\u010dkih ruta koje vode do Santiago de Compostele. Otok Krk odabran je kao prva dionica hrvatske Camino rute koja je slu\u017ebeno ozna\u010dena \u017eutim strelicama (prilago\u0111ena hrvatskim tradicionalnim simbolima). Slu\u017ebena hrvatska vjerodajnica (putovnica za hodo\u010dasnike) s Camino pe\u010datima koji...\t\t\t<\/div>\n\t\t\n\t\t<div class=\"mkdf-tours-standard-item-bottom-content\">\n\t\t\t\t\t\t\t<div class=\"mkdf-tours-standard-item-bottom-item\">\n\t\t\t\t\t\n\t\t\n\t\t\t<div class=\"mkdf-tour-duration-holder\">\n\t\t\t    <span class=\"mkdf-tour-duration-icon mkdf-tour-info-icon\">\n\t\t\t\t\t<span class=\"lnr lnr-undo\"><\/span>\n\t\t\t    <\/span>\n\t\t\t\t<span class=\"mkdf-tour-info-label\">\n\t\t\t\t\t1\t\t\t\t<\/span>\n\t\t\t<\/div>\n\n\t\t\n\t\t\t\t\t\t<\/div>\n\t\t\t\n\t\t\t\t\t\t\t<div class=\"mkdf-tours-standard-item-bottom-item\">\n\t\t\t\t\t\n\t\t\n\t\t\t<div class=\"mkdf-tour-min-age-holder\">\n\t\t\t    <span class=\"mkdf-tour-min-age-icon mkdf-tour-info-icon\">\n\t\t\t\t    <span class=\"lnr lnr-user\"><\/span>\n\t\t\t    <\/span>\n\n\t\t\t\t<span class=\"mkdf-tour-info-label\">\n\t\t\t\t\t1+\n\t\t\t\t\t\t\t\t\t<\/span>\n\t\t\t<\/div>\n\n\t\t\n\t\t\t\t\t\t<\/div>\n\t\t\t\t\t<\/div>\n\t<\/div>\n<\/div>\t<\/div>\n\t\n\t<div class=\"mkdf-tour-list-item-inner post-11227 tour-item type-tour-item status-publish has-post-thumbnail hentry tour-category-religijske-ture\">\n\t\t<div class=\"mkdf-tours-standard-item post-11227 tour-item type-tour-item status-publish has-post-thumbnail hentry tour-category-religijske-ture\">\n\t\t\t<div class=\"mkdf-tours-standard-item-image-holder\">\n\t\t\t<a href=\"https:\/\/experiencekrk.com\/hr\/tour-item\/hodocasce-na-trsat\/\">\n\t\t\t\t<img width=\"600\" height=\"400\" src=\"https:\/\/experiencekrk.com\/wp-content\/uploads\/2019\/04\/City-of-Krk-Shrine-Of-The-Blessed-Virgin-Mary-In-Trsat.jpg\" class=\"attachment-voyage_landscape size-voyage_landscape wp-post-image\" alt=\"\" loading=\"lazy\" srcset=\"https:\/\/experiencekrk.com\/wp-content\/uploads\/2019\/04\/City-of-Krk-Shrine-Of-The-Blessed-Virgin-Mary-In-Trsat.jpg 600w, https:\/\/experiencekrk.com\/wp-content\/uploads\/2019\/04\/City-of-Krk-Shrine-Of-The-Blessed-Virgin-Mary-In-Trsat-300x200.jpg 300w\" sizes=\"(max-width: 600px) 100vw, 600px\" \/>\n\t\t\t\t\t\t\t\t\t<span class=\"mkdf-tours-standard-item-label-holder\">\n\t\t\t\t\t\t\n\t\t<span class=\"mkdf-tour-item-label\">\n\t\t\t<span class=\"mkdf-tour-item-label-inner\">\n\t\t\t\t\t\t\t<\/span>\n\t\t<\/span>\n\n\t\t\t\t\t\t\t<\/span>\n\t\t\t\t\t\t\t<\/a>\n\t\t<\/div>\n\t\n\t<div class=\"mkdf-tours-standard-item-content-holder\">\n\t\t<div class=\"mkdf-tours-standard-item-title-price-holder\">\n\t\t\t<h5 class=\"mkdf-tour-title\" >\n\t\t\t\t<a href=\"https:\/\/experiencekrk.com\/hr\/tour-item\/hodocasce-na-trsat\/\">Hodo\u010da\u0161\u0107e na Trsat<\/a>\n\n\t\t\t\t<span class=\"mkdf-tours-standard-item-price-holder\">\n\t\t\t\t\t\n\t\t<span class=\"mkdf-tours-price-holder\">\n\t\t\t\t\t\t\t<span class=\"mkdf-tours-item-price\">$1<\/span>\n\t\t\t\t\t\t\t\t<\/span>\n\n\t\t\t\t\t\t<\/span>\n\n\t\t\t<\/h5>\n\t\t<\/div>\n\n\t\t<div class=\"mkdf-tours-standard-item-rating\">\n\t\t\t\n\t\t\n\t\t\t\t<\/div>\n\n\t\t\t\t\t<div class=\"mkdf-tours-standard-item-excerpt\">\n\t\t\t\t[vc_row][vc_column][vc_column_text]Sveti\u0161te Bla\u017eene Djevice Marije na Trsatu najve\u0107e je hodo\u010dasni\u010dko sveti\u0161te u zapadnoj Hrvatskoj i udaljeno je samo 45 km od grada Krka, a ovaj mirni grad idealno je mjesto iz kojeg mo\u017eete posjetiti sveti\u0161te. Svake godine tisu\u0107e hodo\u010dasnika dolaze na Trsat da se mole Bla\u017eenoj Djevici Mariji i prona\u0111u utjehu i nadu. Nakon posjeta Trsatu, mo\u017eete posjetiti i moliti se unutar katedrale Uznesenja Bla\u017eene Djevice Marije\u00a0 u Krku. Unutar katedrale, na jednom njenom stupu, mo\u017eete vidjeti rijetke euharistijske simbole &#8211; dvije ptice koje jedu ribu. Katedrala je smje\u0161tena u neposrednoj...\t\t\t<\/div>\n\t\t\n\t\t<div class=\"mkdf-tours-standard-item-bottom-content\">\n\t\t\t\t\t\t\t<div class=\"mkdf-tours-standard-item-bottom-item\">\n\t\t\t\t\t\n\t\t\n\t\t\t<div class=\"mkdf-tour-duration-holder\">\n\t\t\t    <span class=\"mkdf-tour-duration-icon mkdf-tour-info-icon\">\n\t\t\t\t\t<span class=\"lnr lnr-undo\"><\/span>\n\t\t\t    <\/span>\n\t\t\t\t<span class=\"mkdf-tour-info-label\">\n\t\t\t\t\t1\t\t\t\t<\/span>\n\t\t\t<\/div>\n\n\t\t\n\t\t\t\t\t\t<\/div>\n\t\t\t\n\t\t\t\t\t\t\t<div class=\"mkdf-tours-standard-item-bottom-item\">\n\t\t\t\t\t\n\t\t\n\t\t\t<div class=\"mkdf-tour-min-age-holder\">\n\t\t\t    <span class=\"mkdf-tour-min-age-icon mkdf-tour-info-icon\">\n\t\t\t\t    <span class=\"lnr lnr-user\"><\/span>\n\t\t\t    <\/span>\n\n\t\t\t\t<span class=\"mkdf-tour-info-label\">\n\t\t\t\t\t1+\n\t\t\t\t\t\t\t\t\t<\/span>\n\t\t\t<\/div>\n\n\t\t\n\t\t\t\t\t\t<\/div>\n\t\t\t\t\t<\/div>\n\t<\/div>\n<\/div>\t<\/div>\n\n\t\t\t<div class=\"mkdf-tours-list-grid-sizer\"><\/div>\n\t\t<\/div>\n\n\t\t\n\n\t\t<\/div>[\/vc_column][\/vc_row]<\/p>\n","protected":false},"excerpt":{"rendered":"<p>[vc_row][vc_column][vc_column_text]Prvi znakovi kr\u0161\u0107anstva na otoku Krku potje\u010du iz 5. st. poslije Krista, kada je Krk bio pod rimskim carstvom. Katedrala Uznesenja Bla\u017eene Djevice Marije u Krku sagra\u0111ena je na ostacima rimskih kupelji. Katedrala sa zvonikom jedan je od najprepoznatljivijih simbola grada. Obitelj Frankopan bila je vrlo religiozna i unutar katedrale je njihova obiteljska kapela. \u0160tovi\u0161e, u blizini katedrale nalazi se crkva sv. Kvirina, za\u0161titnika grada, a Krk je oko 45 km udaljen od sveti\u0161ta Gospe od Trsata.[\/vc_column_text][\/vc_column][\/vc_row][vc_row][vc_column][vc_row_inner][vc_column_inner width=&#8221;1\/3&#8243;][vc_single_image image=&#8221;3307&#8243; img_size=&#8221;full&#8221; alignment=&#8221;center&#8221; style=&#8221;vc_box_rounded&#8221; onclick=&#8221;custom_link&#8221; link=&#8221;https:\/\/experiencekrk.com\/pilgrimage\/cathedral-of-the-assumption-of-the-blessed-virgin-mary\/&#8221;][vc_column_text el_class=&#8221;custom-tour-text&#8221;] Katedrala i zvonik [\/vc_column_text][\/vc_column_inner][vc_column_inner width=&#8221;1\/3&#8243;][vc_single_image&#8230;<\/p>\n","protected":false},"author":1,"featured_media":0,"parent":0,"menu_order":0,"comment_status":"closed","ping_status":"closed","template":"","meta":[],"yoast_head":"<!-- This site is optimized with the Yoast SEO plugin v16.0.1 - https:\/\/yoast.com\/wordpress\/plugins\/seo\/ -->\n<title>Hodo\u010da\u0161\u0107a - Experience Krk<\/title>\n<link rel=\"canonical\" href=\"https:\/\/experiencekrk.com\/hr\/hodocasca\/\" \/>\n<meta property=\"og:locale\" content=\"hr_HR\" \/>\n<meta property=\"og:type\" content=\"article\" \/>\n<meta property=\"og:title\" content=\"Hodo\u010da\u0161\u0107a - Experience Krk\" \/>\n<meta property=\"og:description\" content=\"[vc_row][vc_column][vc_column_text]Prvi znakovi kr\u0161\u0107anstva na otoku Krku potje\u010du iz 5. st. poslije Krista, kada je Krk bio pod rimskim carstvom. Katedrala Uznesenja Bla\u017eene Djevice Marije u Krku sagra\u0111ena je na ostacima rimskih kupelji. Katedrala sa zvonikom jedan je od najprepoznatljivijih simbola grada. Obitelj Frankopan bila je vrlo religiozna i unutar katedrale je njihova obiteljska kapela. \u0160tovi\u0161e, u blizini katedrale nalazi se crkva sv. Kvirina, za\u0161titnika grada, a Krk je oko 45 km udaljen od sveti\u0161ta Gospe od Trsata.[\/vc_column_text][\/vc_column][\/vc_row][vc_row][vc_column][vc_row_inner][vc_column_inner width=&#8221;1\/3&#8243;][vc_single_image image=&#8221;3307&#8243; img_size=&#8221;full&#8221; alignment=&#8221;center&#8221; style=&#8221;vc_box_rounded&#8221; onclick=&#8221;custom_link&#8221; link=&#8221;https:\/\/experiencekrk.com\/pilgrimage\/cathedral-of-the-assumption-of-the-blessed-virgin-mary\/&#8221;][vc_column_text el_class=&#8221;custom-tour-text&#8221;] Katedrala i zvonik [\/vc_column_text][\/vc_column_inner][vc_column_inner width=&#8221;1\/3&#8243;][vc_single_image...\" \/>\n<meta property=\"og:url\" content=\"https:\/\/experiencekrk.com\/hr\/hodocasca\/\" \/>\n<meta property=\"og:site_name\" content=\"Experience Krk\" \/>\n<meta property=\"article:modified_time\" content=\"2020-04-01T11:38:11+00:00\" \/>\n<meta name=\"twitter:card\" content=\"summary_large_image\" \/>\n<meta name=\"twitter:label1\" content=\"Procijenjeno vrijeme \u010ditanja\">\n\t<meta name=\"twitter:data1\" content=\"2 minute\">\n<script type=\"application\/ld+json\" class=\"yoast-schema-graph\">{\"@context\":\"https:\/\/schema.org\",\"@graph\":[{\"@type\":\"WebSite\",\"@id\":\"https:\/\/experiencekrk.com\/#website\",\"url\":\"https:\/\/experiencekrk.com\/\",\"name\":\"Experience Krk\",\"description\":\"Cultural Tours, Food &amp; Wine and more\",\"potentialAction\":[{\"@type\":\"SearchAction\",\"target\":\"https:\/\/experiencekrk.com\/?s={search_term_string}\",\"query-input\":\"required name=search_term_string\"}],\"inLanguage\":\"hr\"},{\"@type\":\"WebPage\",\"@id\":\"https:\/\/experiencekrk.com\/hr\/hodocasca\/#webpage\",\"url\":\"https:\/\/experiencekrk.com\/hr\/hodocasca\/\",\"name\":\"Hodo\\u010da\\u0161\\u0107a - Experience Krk\",\"isPartOf\":{\"@id\":\"https:\/\/experiencekrk.com\/#website\"},\"datePublished\":\"2019-04-16T05:49:41+00:00\",\"dateModified\":\"2020-04-01T11:38:11+00:00\",\"breadcrumb\":{\"@id\":\"https:\/\/experiencekrk.com\/hr\/hodocasca\/#breadcrumb\"},\"inLanguage\":\"hr\",\"potentialAction\":[{\"@type\":\"ReadAction\",\"target\":[\"https:\/\/experiencekrk.com\/hr\/hodocasca\/\"]}]},{\"@type\":\"BreadcrumbList\",\"@id\":\"https:\/\/experiencekrk.com\/hr\/hodocasca\/#breadcrumb\",\"itemListElement\":[{\"@type\":\"ListItem\",\"position\":1,\"item\":{\"@type\":\"WebPage\",\"@id\":\"https:\/\/experiencekrk.com\/hr\/\",\"url\":\"https:\/\/experiencekrk.com\/hr\/\",\"name\":\"Home\"}},{\"@type\":\"ListItem\",\"position\":2,\"item\":{\"@type\":\"WebPage\",\"@id\":\"https:\/\/experiencekrk.com\/hr\/hodocasca\/\",\"url\":\"https:\/\/experiencekrk.com\/hr\/hodocasca\/\",\"name\":\"Hodo\\u010da\\u0161\\u0107a\"}}]}]}<\/script>\n<!-- \/ Yoast SEO plugin. -->","_links":{"self":[{"href":"https:\/\/experiencekrk.com\/hr\/wp-json\/wp\/v2\/pages\/11041"}],"collection":[{"href":"https:\/\/experiencekrk.com\/hr\/wp-json\/wp\/v2\/pages"}],"about":[{"href":"https:\/\/experiencekrk.com\/hr\/wp-json\/wp\/v2\/types\/page"}],"author":[{"embeddable":true,"href":"https:\/\/experiencekrk.com\/hr\/wp-json\/wp\/v2\/users\/1"}],"replies":[{"embeddable":true,"href":"https:\/\/experiencekrk.com\/hr\/wp-json\/wp\/v2\/comments?post=11041"}],"version-history":[{"count":3,"href":"https:\/\/experiencekrk.com\/hr\/wp-json\/wp\/v2\/pages\/11041\/revisions"}],"predecessor-version":[{"id":11050,"href":"https:\/\/experiencekrk.com\/hr\/wp-json\/wp\/v2\/pages\/11041\/revisions\/11050"}],"wp:attachment":[{"href":"https:\/\/experiencekrk.com\/hr\/wp-json\/wp\/v2\/media?parent=11041"}],"curies":[{"name":"wp","href":"https:\/\/api.w.org\/{rel}","templated":true}]}}