{"id":11037,"date":"2019-04-16T09:41:40","date_gmt":"2019-04-16T09:41:40","guid":{"rendered":"https:\/\/experiencekrk.com\/weekend-getaway\/"},"modified":"2020-04-01T11:52:05","modified_gmt":"2020-04-01T11:52:05","slug":"vikend-odmor","status":"publish","type":"page","link":"https:\/\/experiencekrk.com\/hr\/vikend-odmor\/","title":{"rendered":"Vikend odmor"},"content":{"rendered":"<p>[vc_row][vc_column]<div class=\"mkdf-section-title-holder\">\n\t<h1 class=\"mkdf-section-title mkdf-section-title-medium\" >\n\tVikend odmor<\/h1>\n<\/div>[vc_column_text]Tra\u017eite li kratak predah od stresa svakodnevice? Posjetite mirni otok Krk i istoimeni grad. Njegova blaga mediteranska klima savr\u0161ena je za sun\u010dani vikend odmor. Osim toga, Krk se nalazi u Kvarnerskom zaljevu i blizu je glavnih prometnica pa je dobro povezan s kopnom.<\/p>\n<p>Odstupite od stresne dnevne rutine i prepustite se wellnessu i spa vikendu u jednom od najboljih hotela na Krku. Mo\u017eete ku\u0161ati izvornu doma\u0107u kuhinju koja se temelji na doma\u0107im delicijama (lokalna tjestenina \u0161urlice, peka &#8211; pe\u010deno jelo s mesom i povr\u0107em &#8230;) i ku\u0161ati doma\u0107e vino (\u017dlahtina). Krk je savr\u0161eno mjesto za opu\u0161tanje.[\/vc_column_text][\/vc_column][\/vc_row][vc_row][vc_column][vc_empty_space height=&#8221;40px&#8221;]<div class=\"mkdf-separator-holder clearfix  mkdf-separator-center mkdf-separator-full-width\">\n\t<div class=\"mkdf-separator\" style=\"border-color: #ebebeb;border-style: solid;border-bottom-width: 1px;margin-top: 20px;margin-bottom: 45px\"><\/div>\n<\/div>\n<div class=\"mkdf-section-title-holder\">\n\t<h1 class=\"mkdf-section-title mkdf-section-title-medium\" style=\"color: #870337\">\n\tBook Now Your Accommodation<\/h1>\n<\/div>[vc_row_inner][vc_column_inner width=&#8221;1\/2&#8243;][vc_single_image image=&#8221;6171&#8243; img_size=&#8221;full&#8221; onclick=&#8221;custom_link&#8221; link=&#8221;https:\/\/experiencekrk.com\/accomodation\/valamar-koralj-hotel-3\/&#8221;][vc_column_text]<\/p>\n<h5 style=\"text-align: left;\"><a href=\"https:\/\/experiencekrk.com\/hr\/smjestaj\/valamar-koralj-hotel-3\/\">Valamar Koralj Hotel 3*<\/a><\/h5>\n<p>[\/vc_column_text][\/vc_column_inner][vc_column_inner width=&#8221;1\/2&#8243;][vc_single_image image=&#8221;6152&#8243; img_size=&#8221;full&#8221; onclick=&#8221;custom_link&#8221; link=&#8221;https:\/\/experiencekrk.com\/accomodation\/krk-premium-camping-resort\/&#8221;][vc_column_text]<\/p>\n<h5 style=\"text-align: left;\"><a href=\"https:\/\/experiencekrk.com\/hr\/smjestaj\/krk-premium-camping-resort\/\">Krk Premium Camping Resort<\/a><\/h5>\n<p>[\/vc_column_text][\/vc_column_inner][\/vc_row_inner][\/vc_column][\/vc_row][vc_row][vc_column][vc_empty_space height=&#8221;40px&#8221;]<div class=\"mkdf-separator-holder clearfix  mkdf-separator-center mkdf-separator-full-width\">\n\t<div class=\"mkdf-separator\" style=\"border-color: #ebebeb;border-style: solid;border-bottom-width: 1px;margin-top: 20px;margin-bottom: 45px\"><\/div>\n<\/div>\n<div class=\"mkdf-section-title-holder\">\n\t<h1 class=\"mkdf-section-title mkdf-section-title-medium\" >\n\tRecommended tours<\/h1>\n<\/div><div class=\"mkdf-tours-list-holder mkdf-tours-gallery-with-hover\">\n\t\t\t\t\t\t<div class=\"mkdf-tours-list-pagination-data\">\n\t\t\t\t<input type=\"hidden\" name=\"order_by\" value=\"menu_order\">\n\t\t\t\t<input type=\"hidden\" name=\"order\" value=\"ASC\">\n\t\t\t\t<input type=\"hidden\" name=\"tour_category\" value=\"weekend-getaway\">\n\t\t\t\t<input type=\"hidden\" name=\"number\" value=\"2\">\n\t\t\t\t<input type=\"hidden\" name=\"thumb_size\" value=\"voyage_landscape\">\n\t\t\t\t<input type=\"hidden\" name=\"next_page\" value=\"2\">\n\t\t\t\t<input type=\"hidden\" name=\"tour_type\" value=\"standard\">\n\t\t\t\t<input type=\"hidden\" name=\"image_size\" value=\"landscape\">\n\t\t\t\t<input type=\"hidden\" name=\"text_length\" value=\"90\">\n\t\t\t<\/div>\n\t\t\n\t\t\n\t\t<div class=\"mkdf-tours-list-holder-inner mkdf-two-items\">\n\n\t\t\t\t\n\t<div class=\"mkdf-tour-list-item-inner post-11222 tour-item type-tour-item status-publish has-post-thumbnail hentry tour-category-odlazak-na-vikende tour-category-slikarski-izleti\">\n\t\t<div class=\"mkdf-tours-standard-item post-11222 tour-item type-tour-item status-publish has-post-thumbnail hentry tour-category-odlazak-na-vikende tour-category-slikarski-izleti\">\n\t\t\t<div class=\"mkdf-tours-standard-item-image-holder\">\n\t\t\t<a href=\"https:\/\/experiencekrk.com\/hr\/tour-item\/umjetnost-i-priroda\/\">\n\t\t\t\t<img width=\"600\" height=\"400\" src=\"https:\/\/experiencekrk.com\/wp-content\/uploads\/2019\/04\/City-of-Krk-painting-holiday-home-image.jpg\" class=\"attachment-voyage_landscape size-voyage_landscape wp-post-image\" alt=\"\" loading=\"lazy\" srcset=\"https:\/\/experiencekrk.com\/wp-content\/uploads\/2019\/04\/City-of-Krk-painting-holiday-home-image.jpg 600w, https:\/\/experiencekrk.com\/wp-content\/uploads\/2019\/04\/City-of-Krk-painting-holiday-home-image-300x200.jpg 300w\" sizes=\"(max-width: 600px) 100vw, 600px\" \/>\n\t\t\t\t\t\t\t\t\t<span class=\"mkdf-tours-standard-item-label-holder\">\n\t\t\t\t\t\t\n\t\t<span class=\"mkdf-tour-item-label\">\n\t\t\t<span class=\"mkdf-tour-item-label-inner\">\n\t\t\t\t\t\t\t<\/span>\n\t\t<\/span>\n\n\t\t\t\t\t\t\t<\/span>\n\t\t\t\t\t\t\t<\/a>\n\t\t<\/div>\n\t\n\t<div class=\"mkdf-tours-standard-item-content-holder\">\n\t\t<div class=\"mkdf-tours-standard-item-title-price-holder\">\n\t\t\t<h5 class=\"mkdf-tour-title\" >\n\t\t\t\t<a href=\"https:\/\/experiencekrk.com\/hr\/tour-item\/umjetnost-i-priroda\/\">Umjetnost i priroda<\/a>\n\n\t\t\t\t<span class=\"mkdf-tours-standard-item-price-holder\">\n\t\t\t\t\t\n\t\t<span class=\"mkdf-tours-price-holder\">\n\t\t\t\t\t\t\t<span class=\"mkdf-tours-item-price\">$1<\/span>\n\t\t\t\t\t\t\t\t<\/span>\n\n\t\t\t\t\t\t<\/span>\n\n\t\t\t<\/h5>\n\t\t<\/div>\n\n\t\t<div class=\"mkdf-tours-standard-item-rating\">\n\t\t\t\n\t\t\n\t\t\t\t<\/div>\n\n\t\t\t\t\t<div class=\"mkdf-tours-standard-item-excerpt\">\n\t\t\t\t[vc_row][vc_column][vc_column_text] Slikoviti obalni krajolik, drveni brodovi koji plove uz zalazak sunca i kristalno \u010disto more mogu vas inspirirati za stvaranje prekrasnih slika dok stojite u gradskoj luci ili u blizini Dra\u017eice ili Je\u017eevac pla\u017ee. Pro\u0161e\u0107ite se morskom obalom i snimite prelijepe krajolike s rta Punta di Galeto ili parka Kamplin. Pogledajte vi\u0161e preporu\u010denih lokacija za umjetni\u010dko slikanje i fotografiranje. Vinogradi na padinama iznad povijesnog grada Krka idealni su za ku\u0161anje vina i bilje\u017eenje ljepote vinograda na platnu. Preporu\u010dujemo vam da isprobate kvalitetno suho bijelo vino autenti\u010dno za ovo podru\u010dje zvano...\t\t\t<\/div>\n\t\t\n\t\t<div class=\"mkdf-tours-standard-item-bottom-content\">\n\t\t\t\t\t\t\t<div class=\"mkdf-tours-standard-item-bottom-item\">\n\t\t\t\t\t\n\t\t\n\t\t\t<div class=\"mkdf-tour-duration-holder\">\n\t\t\t    <span class=\"mkdf-tour-duration-icon mkdf-tour-info-icon\">\n\t\t\t\t\t<span class=\"lnr lnr-undo\"><\/span>\n\t\t\t    <\/span>\n\t\t\t\t<span class=\"mkdf-tour-info-label\">\n\t\t\t\t\t1\t\t\t\t<\/span>\n\t\t\t<\/div>\n\n\t\t\n\t\t\t\t\t\t<\/div>\n\t\t\t\n\t\t\t\t\t\t\t<div class=\"mkdf-tours-standard-item-bottom-item\">\n\t\t\t\t\t\n\t\t\n\t\t\t<div class=\"mkdf-tour-min-age-holder\">\n\t\t\t    <span class=\"mkdf-tour-min-age-icon mkdf-tour-info-icon\">\n\t\t\t\t    <span class=\"lnr lnr-user\"><\/span>\n\t\t\t    <\/span>\n\n\t\t\t\t<span class=\"mkdf-tour-info-label\">\n\t\t\t\t\t1+\n\t\t\t\t\t\t\t\t\t<\/span>\n\t\t\t<\/div>\n\n\t\t\n\t\t\t\t\t\t<\/div>\n\t\t\t\t\t<\/div>\n\t<\/div>\n<\/div>\t<\/div>\n\t\n\t<div class=\"mkdf-tour-list-item-inner post-11280 tour-item type-tour-item status-publish has-post-thumbnail hentry tour-category-odlazak-na-vikende tour-category-romanticne-ture\">\n\t\t<div class=\"mkdf-tours-standard-item post-11280 tour-item type-tour-item status-publish has-post-thumbnail hentry tour-category-odlazak-na-vikende tour-category-romanticne-ture\">\n\t\t\t<div class=\"mkdf-tours-standard-item-image-holder\">\n\t\t\t<a href=\"https:\/\/experiencekrk.com\/hr\/tour-item\/wellness-vikend\/\">\n\t\t\t\t<img width=\"600\" height=\"400\" src=\"https:\/\/experiencekrk.com\/wp-content\/uploads\/2018\/07\/valamar-koralj-romantic-hotel-jacuzzi_2.jpg\" class=\"attachment-voyage_landscape size-voyage_landscape wp-post-image\" alt=\"\" loading=\"lazy\" srcset=\"https:\/\/experiencekrk.com\/wp-content\/uploads\/2018\/07\/valamar-koralj-romantic-hotel-jacuzzi_2.jpg 600w, https:\/\/experiencekrk.com\/wp-content\/uploads\/2018\/07\/valamar-koralj-romantic-hotel-jacuzzi_2-300x200.jpg 300w\" sizes=\"(max-width: 600px) 100vw, 600px\" \/>\n\t\t\t\t\t\t\t\t\t<span class=\"mkdf-tours-standard-item-label-holder\">\n\t\t\t\t\t\t\n\t\t<span class=\"mkdf-tour-item-label\">\n\t\t\t<span class=\"mkdf-tour-item-label-inner\">\n\t\t\t\t\t\t\t<\/span>\n\t\t<\/span>\n\n\t\t\t\t\t\t\t<\/span>\n\t\t\t\t\t\t\t<\/a>\n\t\t<\/div>\n\t\n\t<div class=\"mkdf-tours-standard-item-content-holder\">\n\t\t<div class=\"mkdf-tours-standard-item-title-price-holder\">\n\t\t\t<h5 class=\"mkdf-tour-title\" >\n\t\t\t\t<a href=\"https:\/\/experiencekrk.com\/hr\/tour-item\/wellness-vikend\/\">Wellness vikend<\/a>\n\n\t\t\t\t<span class=\"mkdf-tours-standard-item-price-holder\">\n\t\t\t\t\t\n\t\t<span class=\"mkdf-tours-price-holder\">\n\t\t\t\t\t\t\t<span class=\"mkdf-tours-item-price\">$1<\/span>\n\t\t\t\t\t\t\t\t<\/span>\n\n\t\t\t\t\t\t<\/span>\n\n\t\t\t<\/h5>\n\t\t<\/div>\n\n\t\t<div class=\"mkdf-tours-standard-item-rating\">\n\t\t\t\n\t\t\n\t\t\t\t<\/div>\n\n\t\t\t\t\t<div class=\"mkdf-tours-standard-item-excerpt\">\n\t\t\t\t[vc_row][vc_column][vc_column_text]Jeste li imali stresan tjedan i jednostavno vam je potreban kratki predah s Va\u0161im partnerom? Spakirajte svoje torbe i prepustite se wellness i spa ponudi koju Vam pru\u017ea grad Krk. Spa centar u\u00a0Krk Premium Camping Resortu idealno je mjesto za opu\u0161tanje i u\u017eivanje u finskoj i bio sauni, tretmanima lica i tijela te masa\u017eama poput arome, vru\u0107eg kamena i antistresa. Nakon zaslu\u017eene masa\u017ee, pro\u0161etajte starom gradskom jezgrom Krka, u\u017eivajte u spektakularnom zalasku sunca na pla\u017ei i istra\u017eite okuse doma\u0107e kuhinje u nekoj od lokalnih konoba ili barova s hranom i...\t\t\t<\/div>\n\t\t\n\t\t<div class=\"mkdf-tours-standard-item-bottom-content\">\n\t\t\t\t\t\t\t<div class=\"mkdf-tours-standard-item-bottom-item\">\n\t\t\t\t\t\n\t\t\n\t\t\t<div class=\"mkdf-tour-duration-holder\">\n\t\t\t    <span class=\"mkdf-tour-duration-icon mkdf-tour-info-icon\">\n\t\t\t\t\t<span class=\"lnr lnr-undo\"><\/span>\n\t\t\t    <\/span>\n\t\t\t\t<span class=\"mkdf-tour-info-label\">\n\t\t\t\t\t1\t\t\t\t<\/span>\n\t\t\t<\/div>\n\n\t\t\n\t\t\t\t\t\t<\/div>\n\t\t\t\n\t\t\t\t\t\t\t<div class=\"mkdf-tours-standard-item-bottom-item\">\n\t\t\t\t\t\n\t\t\n\t\t\t<div class=\"mkdf-tour-min-age-holder\">\n\t\t\t    <span class=\"mkdf-tour-min-age-icon mkdf-tour-info-icon\">\n\t\t\t\t    <span class=\"lnr lnr-user\"><\/span>\n\t\t\t    <\/span>\n\n\t\t\t\t<span class=\"mkdf-tour-info-label\">\n\t\t\t\t\t1+\n\t\t\t\t\t\t\t\t\t<\/span>\n\t\t\t<\/div>\n\n\t\t\n\t\t\t\t\t\t<\/div>\n\t\t\t\t\t<\/div>\n\t<\/div>\n<\/div>\t<\/div>\n\n\t\t\t<div class=\"mkdf-tours-list-grid-sizer\"><\/div>\n\t\t<\/div>\n\n\t\t\n\n\t\t<\/div>[\/vc_column][\/vc_row]<\/p>\n","protected":false},"excerpt":{"rendered":"<p>[vc_row][vc_column][vc_column_text]Tra\u017eite li kratak predah od stresa svakodnevice? Posjetite mirni otok Krk i istoimeni grad. Njegova blaga mediteranska klima savr\u0161ena je za sun\u010dani vikend odmor. Osim toga, Krk se nalazi u Kvarnerskom zaljevu i blizu je glavnih prometnica pa je dobro povezan s kopnom. Odstupite od stresne dnevne rutine i prepustite se wellnessu i spa vikendu u jednom od najboljih hotela na Krku. Mo\u017eete ku\u0161ati izvornu doma\u0107u kuhinju koja se temelji na doma\u0107im delicijama (lokalna tjestenina \u0161urlice, peka &#8211; pe\u010deno jelo s mesom i povr\u0107em &#8230;) i ku\u0161ati doma\u0107e vino (\u017dlahtina)&#8230;.<\/p>\n","protected":false},"author":1,"featured_media":0,"parent":0,"menu_order":0,"comment_status":"closed","ping_status":"closed","template":"","meta":[],"yoast_head":"<!-- This site is optimized with the Yoast SEO plugin v16.0.1 - https:\/\/yoast.com\/wordpress\/plugins\/seo\/ -->\n<title>Vikend odmor - Experience Krk<\/title>\n<link rel=\"canonical\" href=\"https:\/\/experiencekrk.com\/hr\/vikend-odmor\/\" \/>\n<meta property=\"og:locale\" content=\"hr_HR\" \/>\n<meta property=\"og:type\" content=\"article\" \/>\n<meta property=\"og:title\" content=\"Vikend odmor - Experience Krk\" \/>\n<meta property=\"og:description\" content=\"[vc_row][vc_column][vc_column_text]Tra\u017eite li kratak predah od stresa svakodnevice? Posjetite mirni otok Krk i istoimeni grad. Njegova blaga mediteranska klima savr\u0161ena je za sun\u010dani vikend odmor. Osim toga, Krk se nalazi u Kvarnerskom zaljevu i blizu je glavnih prometnica pa je dobro povezan s kopnom. Odstupite od stresne dnevne rutine i prepustite se wellnessu i spa vikendu u jednom od najboljih hotela na Krku. Mo\u017eete ku\u0161ati izvornu doma\u0107u kuhinju koja se temelji na doma\u0107im delicijama (lokalna tjestenina \u0161urlice, peka &#8211; pe\u010deno jelo s mesom i povr\u0107em &#8230;) i ku\u0161ati doma\u0107e vino (\u017dlahtina)....\" \/>\n<meta property=\"og:url\" content=\"https:\/\/experiencekrk.com\/hr\/vikend-odmor\/\" \/>\n<meta property=\"og:site_name\" content=\"Experience Krk\" \/>\n<meta property=\"article:modified_time\" content=\"2020-04-01T11:52:05+00:00\" \/>\n<meta name=\"twitter:card\" content=\"summary_large_image\" \/>\n<meta name=\"twitter:label1\" content=\"Procijenjeno vrijeme \u010ditanja\">\n\t<meta name=\"twitter:data1\" content=\"2 minute\">\n<script type=\"application\/ld+json\" class=\"yoast-schema-graph\">{\"@context\":\"https:\/\/schema.org\",\"@graph\":[{\"@type\":\"WebSite\",\"@id\":\"https:\/\/experiencekrk.com\/#website\",\"url\":\"https:\/\/experiencekrk.com\/\",\"name\":\"Experience Krk\",\"description\":\"Cultural Tours, Food &amp; Wine and more\",\"potentialAction\":[{\"@type\":\"SearchAction\",\"target\":\"https:\/\/experiencekrk.com\/?s={search_term_string}\",\"query-input\":\"required name=search_term_string\"}],\"inLanguage\":\"hr\"},{\"@type\":\"WebPage\",\"@id\":\"https:\/\/experiencekrk.com\/hr\/vikend-odmor\/#webpage\",\"url\":\"https:\/\/experiencekrk.com\/hr\/vikend-odmor\/\",\"name\":\"Vikend odmor - Experience Krk\",\"isPartOf\":{\"@id\":\"https:\/\/experiencekrk.com\/#website\"},\"datePublished\":\"2019-04-16T09:41:40+00:00\",\"dateModified\":\"2020-04-01T11:52:05+00:00\",\"breadcrumb\":{\"@id\":\"https:\/\/experiencekrk.com\/hr\/vikend-odmor\/#breadcrumb\"},\"inLanguage\":\"hr\",\"potentialAction\":[{\"@type\":\"ReadAction\",\"target\":[\"https:\/\/experiencekrk.com\/hr\/vikend-odmor\/\"]}]},{\"@type\":\"BreadcrumbList\",\"@id\":\"https:\/\/experiencekrk.com\/hr\/vikend-odmor\/#breadcrumb\",\"itemListElement\":[{\"@type\":\"ListItem\",\"position\":1,\"item\":{\"@type\":\"WebPage\",\"@id\":\"https:\/\/experiencekrk.com\/hr\/\",\"url\":\"https:\/\/experiencekrk.com\/hr\/\",\"name\":\"Home\"}},{\"@type\":\"ListItem\",\"position\":2,\"item\":{\"@type\":\"WebPage\",\"@id\":\"https:\/\/experiencekrk.com\/hr\/vikend-odmor\/\",\"url\":\"https:\/\/experiencekrk.com\/hr\/vikend-odmor\/\",\"name\":\"Vikend odmor\"}}]}]}<\/script>\n<!-- \/ Yoast SEO plugin. -->","_links":{"self":[{"href":"https:\/\/experiencekrk.com\/hr\/wp-json\/wp\/v2\/pages\/11037"}],"collection":[{"href":"https:\/\/experiencekrk.com\/hr\/wp-json\/wp\/v2\/pages"}],"about":[{"href":"https:\/\/experiencekrk.com\/hr\/wp-json\/wp\/v2\/types\/page"}],"author":[{"embeddable":true,"href":"https:\/\/experiencekrk.com\/hr\/wp-json\/wp\/v2\/users\/1"}],"replies":[{"embeddable":true,"href":"https:\/\/experiencekrk.com\/hr\/wp-json\/wp\/v2\/comments?post=11037"}],"version-history":[{"count":2,"href":"https:\/\/experiencekrk.com\/hr\/wp-json\/wp\/v2\/pages\/11037\/revisions"}],"predecessor-version":[{"id":11039,"href":"https:\/\/experiencekrk.com\/hr\/wp-json\/wp\/v2\/pages\/11037\/revisions\/11039"}],"wp:attachment":[{"href":"https:\/\/experiencekrk.com\/hr\/wp-json\/wp\/v2\/media?parent=11037"}],"curies":[{"name":"wp","href":"https:\/\/api.w.org\/{rel}","templated":true}]}}